{"id":3431,"date":"2023-04-28T11:22:00","date_gmt":"2023-04-28T15:22:00","guid":{"rendered":"https:\/\/tecplan.com.gt\/?post_type=product&#038;p=3431"},"modified":"2024-02-21T18:03:52","modified_gmt":"2024-02-21T21:03:52","slug":"telefono-satelital-inmarsat-isatphone-2","status":"publish","type":"product","link":"https:\/\/tecplan.com.gt\/en\/product\/telefono-satelital-inmarsat-isatphone-2\/","title":{"rendered":"Inmarsat Isatphone 2 Satellite Phone"},"content":{"rendered":"<p>Inmarsat's IsatPhone 2 is the ultimate in mobile satellite telephony. Designed to withstand even the toughest conditions and packed with exciting new features. This phone is designed to work in all conditions: rainstorms, dust storms, sweltering heat, polar cold, tropical humidity or freezing fog.<br \/>\nYou won't have to worry about battery life when you're miles away from a conventional communications location, as it features the longest lasting battery in a mobile satellite phone with up to 8 hours of continuous talk time and up to 160 hours of standby time.<\/p>","protected":false},"excerpt":{"rendered":"<p>Modern and robust, the IsatPhone 2 is a mobile phone that operates on the Inmarsat satellite network, the world leader in satellite communications. It includes a long-lasting battery, GPS location transmission and a programmable emergency button.<\/p>","protected":false},"featured_media":6211,"comment_status":"open","ping_status":"closed","template":"","meta":{"site-sidebar-layout":"default","site-content-layout":"default","ast-site-content-layout":"normal-width-container","site-content-style":"default","site-sidebar-style":"default","ast-global-header-display":"","ast-banner-title-visibility":"","ast-main-header-display":"","ast-hfb-above-header-display":"","ast-hfb-below-header-display":"","ast-hfb-mobile-header-display":"disabled","site-post-title":"disabled","ast-breadcrumbs-content":"","ast-featured-img":"","footer-sml-layout":"","theme-transparent-header-meta":"disabled","adv-header-id-meta":"","stick-header-meta":"","header-above-stick-meta":"","header-main-stick-meta":"","header-below-stick-meta":"","astra-migrate-meta-layouts":"set","ast-page-background-enabled":"default","ast-page-background-meta":{"desktop":{"background-color":"var(--ast-global-color-4)","background-image":"","background-repeat":"repeat","background-position":"center center","background-size":"auto","background-attachment":"scroll","background-type":"","background-media":"","overlay-type":"","overlay-color":"","overlay-opacity":"","overlay-gradient":""},"tablet":{"background-color":"","background-image":"","background-repeat":"repeat","background-position":"center center","background-size":"auto","background-attachment":"scroll","background-type":"","background-media":"","overlay-type":"","overlay-color":"","overlay-opacity":"","overlay-gradient":""},"mobile":{"background-color":"","background-image":"","background-repeat":"repeat","background-position":"center center","background-size":"auto","background-attachment":"scroll","background-type":"","background-media":"","overlay-type":"","overlay-color":"","overlay-opacity":"","overlay-gradient":""}},"ast-content-background-meta":{"desktop":{"background-color":"var(--ast-global-color-5)","background-image":"","background-repeat":"repeat","background-position":"center center","background-size":"auto","background-attachment":"scroll","background-type":"","background-media":"","overlay-type":"","overlay-color":"","overlay-opacity":"","overlay-gradient":""},"tablet":{"background-color":"var(--ast-global-color-5)","background-image":"","background-repeat":"repeat","background-position":"center center","background-size":"auto","background-attachment":"scroll","background-type":"","background-media":"","overlay-type":"","overlay-color":"","overlay-opacity":"","overlay-gradient":""},"mobile":{"background-color":"var(--ast-global-color-5)","background-image":"","background-repeat":"repeat","background-position":"center center","background-size":"auto","background-attachment":"scroll","background-type":"","background-media":"","overlay-type":"","overlay-color":"","overlay-opacity":"","overlay-gradient":""}}},"product_brand":[],"product_cat":[43],"product_tag":[],"class_list":{"0":"post-3431","1":"product","2":"type-product","3":"status-publish","4":"has-post-thumbnail","6":"product_cat-comunicacion-satelital","7":"desktop-align-left","8":"tablet-align-left","9":"mobile-align-left","11":"first","12":"instock","13":"shipping-taxable","14":"product-type-simple"},"yoast_head":"<!-- This site is optimized with the Yoast SEO plugin v24.6 - https:\/\/yoast.com\/wordpress\/plugins\/seo\/ -->\n<title>Tel\u00e9fono Satelital Inmarsat Isatphone 2 -<\/title>\n<meta name=\"robots\" content=\"index, follow, max-snippet:-1, max-image-preview:large, max-video-preview:-1\" \/>\n<link rel=\"canonical\" href=\"https:\/\/tecplan.com.gt\/en\/product\/telefono-satelital-inmarsat-isatphone-2\/\" \/>\n<meta property=\"og:locale\" content=\"en_US\" \/>\n<meta property=\"og:type\" content=\"article\" \/>\n<meta property=\"og:title\" content=\"Tel\u00e9fono Satelital Inmarsat Isatphone 2 -\" \/>\n<meta property=\"og:description\" content=\"Moderno y robusto, el IsatPhone 2 es un tel\u00e9fono m\u00f3vil que opera sobre la red satelital de Inmarsat, l\u00edder mundial en comunicaciones v\u00eda sat\u00e9lite. Incluye una bater\u00eda de larga duraci\u00f3n, env\u00edo de localizaci\u00f3n por GPS y bot\u00f3n programable de emergencia.\" \/>\n<meta property=\"og:url\" content=\"https:\/\/tecplan.com.gt\/en\/product\/telefono-satelital-inmarsat-isatphone-2\/\" \/>\n<meta property=\"article:modified_time\" content=\"2024-02-21T21:03:52+00:00\" \/>\n<meta property=\"og:image\" content=\"https:\/\/tecplan.com.gt\/wp-content\/uploads\/2023\/04\/Inmarsat-Isatphone-2-02.jpg\" \/>\n\t<meta property=\"og:image:width\" content=\"2000\" \/>\n\t<meta property=\"og:image:height\" content=\"2000\" \/>\n\t<meta property=\"og:image:type\" content=\"image\/jpeg\" \/>\n<meta name=\"twitter:card\" content=\"summary_large_image\" \/>\n<meta name=\"twitter:label1\" content=\"Est. reading time\" \/>\n\t<meta name=\"twitter:data1\" content=\"1 minute\" \/>\n<script type=\"application\/ld+json\" class=\"yoast-schema-graph\">{\"@context\":\"https:\/\/schema.org\",\"@graph\":[{\"@type\":\"WebPage\",\"@id\":\"https:\/\/tecplan.com.gt\/producto\/telefono-satelital-inmarsat-isatphone-2\/\",\"url\":\"https:\/\/tecplan.com.gt\/producto\/telefono-satelital-inmarsat-isatphone-2\/\",\"name\":\"Tel\u00e9fono Satelital Inmarsat Isatphone 2 -\",\"isPartOf\":{\"@id\":\"https:\/\/tecplan.com.gt\/#website\"},\"primaryImageOfPage\":{\"@id\":\"https:\/\/tecplan.com.gt\/producto\/telefono-satelital-inmarsat-isatphone-2\/#primaryimage\"},\"image\":{\"@id\":\"https:\/\/tecplan.com.gt\/producto\/telefono-satelital-inmarsat-isatphone-2\/#primaryimage\"},\"thumbnailUrl\":\"\/wp-content\/uploads\/2023\/04\/Inmarsat-Isatphone-2-02.jpg\",\"datePublished\":\"2023-04-28T15:22:00+00:00\",\"dateModified\":\"2024-02-21T21:03:52+00:00\",\"breadcrumb\":{\"@id\":\"https:\/\/tecplan.com.gt\/producto\/telefono-satelital-inmarsat-isatphone-2\/#breadcrumb\"},\"inLanguage\":\"en-US\",\"potentialAction\":[{\"@type\":\"ReadAction\",\"target\":[\"https:\/\/tecplan.com.gt\/producto\/telefono-satelital-inmarsat-isatphone-2\/\"]}]},{\"@type\":\"ImageObject\",\"inLanguage\":\"en-US\",\"@id\":\"https:\/\/tecplan.com.gt\/producto\/telefono-satelital-inmarsat-isatphone-2\/#primaryimage\",\"url\":\"\/wp-content\/uploads\/2023\/04\/Inmarsat-Isatphone-2-02.jpg\",\"contentUrl\":\"\/wp-content\/uploads\/2023\/04\/Inmarsat-Isatphone-2-02.jpg\",\"width\":2000,\"height\":2000},{\"@type\":\"BreadcrumbList\",\"@id\":\"https:\/\/tecplan.com.gt\/producto\/telefono-satelital-inmarsat-isatphone-2\/#breadcrumb\",\"itemListElement\":[{\"@type\":\"ListItem\",\"position\":1,\"name\":\"Portada\",\"item\":\"https:\/\/tecplan.com.gt\/\"},{\"@type\":\"ListItem\",\"position\":2,\"name\":\"Productos\",\"item\":\"https:\/\/tecplan.com.gt\/shop\/\"},{\"@type\":\"ListItem\",\"position\":3,\"name\":\"Tel\u00e9fono Satelital Inmarsat Isatphone 2\"}]},{\"@type\":\"WebSite\",\"@id\":\"https:\/\/tecplan.com.gt\/#website\",\"url\":\"https:\/\/tecplan.com.gt\/\",\"name\":\"Tecplan Argentina\",\"description\":\"Tecnolog\u00edas y equipos de telecomunicaciones\",\"publisher\":{\"@id\":\"https:\/\/tecplan.com.gt\/#organization\"},\"potentialAction\":[{\"@type\":\"SearchAction\",\"target\":{\"@type\":\"EntryPoint\",\"urlTemplate\":\"https:\/\/tecplan.com.gt\/?s={search_term_string}\"},\"query-input\":{\"@type\":\"PropertyValueSpecification\",\"valueRequired\":true,\"valueName\":\"search_term_string\"}}],\"inLanguage\":\"en-US\"},{\"@type\":\"Organization\",\"@id\":\"https:\/\/tecplan.com.gt\/#organization\",\"name\":\"Tecplan Argentina\",\"url\":\"https:\/\/tecplan.com.gt\/\",\"logo\":{\"@type\":\"ImageObject\",\"inLanguage\":\"en-US\",\"@id\":\"https:\/\/tecplan.com.gt\/#\/schema\/logo\/image\/\",\"url\":\"\/wp-content\/uploads\/2023\/03\/logo-tecplan.gif\",\"contentUrl\":\"\/wp-content\/uploads\/2023\/03\/logo-tecplan.gif\",\"width\":1920,\"height\":486,\"caption\":\"Tecplan Argentina\"},\"image\":{\"@id\":\"https:\/\/tecplan.com.gt\/#\/schema\/logo\/image\/\"}}]}<\/script>\n<!-- \/ Yoast SEO plugin. -->","yoast_head_json":{"title":"Tel\u00e9fono Satelital Inmarsat Isatphone 2 -","robots":{"index":"index","follow":"follow","max-snippet":"max-snippet:-1","max-image-preview":"max-image-preview:large","max-video-preview":"max-video-preview:-1"},"canonical":"https:\/\/tecplan.com.gt\/en\/product\/telefono-satelital-inmarsat-isatphone-2\/","og_locale":"en_US","og_type":"article","og_title":"Tel\u00e9fono Satelital Inmarsat Isatphone 2 -","og_description":"Moderno y robusto, el IsatPhone 2 es un tel\u00e9fono m\u00f3vil que opera sobre la red satelital de Inmarsat, l\u00edder mundial en comunicaciones v\u00eda sat\u00e9lite. Incluye una bater\u00eda de larga duraci\u00f3n, env\u00edo de localizaci\u00f3n por GPS y bot\u00f3n programable de emergencia.","og_url":"https:\/\/tecplan.com.gt\/en\/product\/telefono-satelital-inmarsat-isatphone-2\/","article_modified_time":"2024-02-21T21:03:52+00:00","og_image":[{"width":2000,"height":2000,"url":"https:\/\/tecplan.com.gt\/wp-content\/uploads\/2023\/04\/Inmarsat-Isatphone-2-02.jpg","type":"image\/jpeg"}],"twitter_card":"summary_large_image","twitter_misc":{"Est. reading time":"1 minute"},"schema":{"@context":"https:\/\/schema.org","@graph":[{"@type":"WebPage","@id":"https:\/\/tecplan.com.gt\/producto\/telefono-satelital-inmarsat-isatphone-2\/","url":"https:\/\/tecplan.com.gt\/producto\/telefono-satelital-inmarsat-isatphone-2\/","name":"Tel\u00e9fono Satelital Inmarsat Isatphone 2 -","isPartOf":{"@id":"https:\/\/tecplan.com.gt\/#website"},"primaryImageOfPage":{"@id":"https:\/\/tecplan.com.gt\/producto\/telefono-satelital-inmarsat-isatphone-2\/#primaryimage"},"image":{"@id":"https:\/\/tecplan.com.gt\/producto\/telefono-satelital-inmarsat-isatphone-2\/#primaryimage"},"thumbnailUrl":"\/wp-content\/uploads\/2023\/04\/Inmarsat-Isatphone-2-02.jpg","datePublished":"2023-04-28T15:22:00+00:00","dateModified":"2024-02-21T21:03:52+00:00","breadcrumb":{"@id":"https:\/\/tecplan.com.gt\/producto\/telefono-satelital-inmarsat-isatphone-2\/#breadcrumb"},"inLanguage":"en-US","potentialAction":[{"@type":"ReadAction","target":["https:\/\/tecplan.com.gt\/producto\/telefono-satelital-inmarsat-isatphone-2\/"]}]},{"@type":"ImageObject","inLanguage":"en-US","@id":"https:\/\/tecplan.com.gt\/producto\/telefono-satelital-inmarsat-isatphone-2\/#primaryimage","url":"\/wp-content\/uploads\/2023\/04\/Inmarsat-Isatphone-2-02.jpg","contentUrl":"\/wp-content\/uploads\/2023\/04\/Inmarsat-Isatphone-2-02.jpg","width":2000,"height":2000},{"@type":"BreadcrumbList","@id":"https:\/\/tecplan.com.gt\/producto\/telefono-satelital-inmarsat-isatphone-2\/#breadcrumb","itemListElement":[{"@type":"ListItem","position":1,"name":"Portada","item":"https:\/\/tecplan.com.gt\/"},{"@type":"ListItem","position":2,"name":"Productos","item":"https:\/\/tecplan.com.gt\/shop\/"},{"@type":"ListItem","position":3,"name":"Tel\u00e9fono Satelital Inmarsat Isatphone 2"}]},{"@type":"WebSite","@id":"https:\/\/tecplan.com.gt\/#website","url":"https:\/\/tecplan.com.gt\/","name":"Tecplan Argentina","description":"Tecnolog\u00edas y equipos de telecomunicaciones","publisher":{"@id":"https:\/\/tecplan.com.gt\/#organization"},"potentialAction":[{"@type":"SearchAction","target":{"@type":"EntryPoint","urlTemplate":"https:\/\/tecplan.com.gt\/?s={search_term_string}"},"query-input":{"@type":"PropertyValueSpecification","valueRequired":true,"valueName":"search_term_string"}}],"inLanguage":"en-US"},{"@type":"Organization","@id":"https:\/\/tecplan.com.gt\/#organization","name":"Tecplan Argentina","url":"https:\/\/tecplan.com.gt\/","logo":{"@type":"ImageObject","inLanguage":"en-US","@id":"https:\/\/tecplan.com.gt\/#\/schema\/logo\/image\/","url":"\/wp-content\/uploads\/2023\/03\/logo-tecplan.gif","contentUrl":"\/wp-content\/uploads\/2023\/03\/logo-tecplan.gif","width":1920,"height":486,"caption":"Tecplan Argentina"},"image":{"@id":"https:\/\/tecplan.com.gt\/#\/schema\/logo\/image\/"}}]}},"_links":{"self":[{"href":"https:\/\/tecplan.com.gt\/en\/wp-json\/wp\/v2\/product\/3431"}],"collection":[{"href":"https:\/\/tecplan.com.gt\/en\/wp-json\/wp\/v2\/product"}],"about":[{"href":"https:\/\/tecplan.com.gt\/en\/wp-json\/wp\/v2\/types\/product"}],"replies":[{"embeddable":true,"href":"https:\/\/tecplan.com.gt\/en\/wp-json\/wp\/v2\/comments?post=3431"}],"version-history":[{"count":2,"href":"https:\/\/tecplan.com.gt\/en\/wp-json\/wp\/v2\/product\/3431\/revisions"}],"predecessor-version":[{"id":7024,"href":"https:\/\/tecplan.com.gt\/en\/wp-json\/wp\/v2\/product\/3431\/revisions\/7024"}],"wp:featuredmedia":[{"embeddable":true,"href":"https:\/\/tecplan.com.gt\/en\/wp-json\/wp\/v2\/media\/6211"}],"wp:attachment":[{"href":"https:\/\/tecplan.com.gt\/en\/wp-json\/wp\/v2\/media?parent=3431"}],"wp:term":[{"taxonomy":"product_brand","embeddable":true,"href":"https:\/\/tecplan.com.gt\/en\/wp-json\/wp\/v2\/product_brand?post=3431"},{"taxonomy":"product_cat","embeddable":true,"href":"https:\/\/tecplan.com.gt\/en\/wp-json\/wp\/v2\/product_cat?post=3431"},{"taxonomy":"product_tag","embeddable":true,"href":"https:\/\/tecplan.com.gt\/en\/wp-json\/wp\/v2\/product_tag?post=3431"}],"curies":[{"name":"wp","href":"https:\/\/api.w.org\/{rel}","templated":true}]}}