{"id":3452,"date":"2023-04-28T12:32:39","date_gmt":"2023-04-28T16:32:39","guid":{"rendered":"https:\/\/tecplan.com.gt\/?post_type=product&#038;p=3452"},"modified":"2023-06-25T09:30:27","modified_gmt":"2023-06-25T13:30:27","slug":"rockair","status":"publish","type":"product","link":"https:\/\/tecplan.com.gt\/en\/product\/rockair\/","title":{"rendered":"RockAIR"},"content":{"rendered":"<p><strong>Key Features of the RockAIR<\/strong><\/p>\n<p>Dual Satellite\/Cellular Tracking for Enhanced Situational Awareness With built-in LTE-M, NB-IoT, and 2G, the RockAIR seamlessly switches between cellular and the Iridium satellite network, keeping you covered wherever you are, but also keeping costs down.<\/p>\n<p><strong>Autonomous tracking<\/strong><\/p>\n<p>Tracking cadence is customizable \u2013 as fast as 15 seconds on cellular or up to 24 hours. Alternative tracking profiles can be set up to suit your usage.<\/p>\n<p><strong>Reliable two-way messaging for enhanced communication<\/strong><\/p>\n<p>Regardless of location, you can stay in touch with two-way messaging via SMS or short email messages paired through the RockCONNECT app.<\/p>\n<p><strong>Emergency response<\/strong><\/p>\n<p>The easy-access red alert button and Watch Me feature give you peace of mind knowing you're being monitored if a crisis occurs.<\/p>\n<p><strong>Backup battery<\/strong><\/p>\n<p>The RockAIR runs on an external 9-30V supply, but also has a backup battery that provides up to 2 weeks of power. Again giving peace of mind in a crisis situation.<\/p>\n<p><strong>Compact, strong and adaptable.<\/strong><\/p>\n<p>The RockAIR is designed to be compact and portable with several easy mounting options. This allows you to use the device between different vehicles or aircraft.<\/p>","protected":false},"excerpt":{"rendered":"<p>RockAIR is the most complete handheld device providing global aircraft tracking and communications. Fully tested to DO160G standards, RockAIR offers high-resolution tracking, two-way messaging, and user-defined forms over satellite and cellular networks among other features.<\/p>","protected":false},"featured_media":3453,"comment_status":"open","ping_status":"closed","template":"","meta":{"site-sidebar-layout":"default","site-content-layout":"default","ast-site-content-layout":"","site-content-style":"default","site-sidebar-style":"default","ast-global-header-display":"","ast-banner-title-visibility":"","ast-main-header-display":"","ast-hfb-above-header-display":"","ast-hfb-below-header-display":"","ast-hfb-mobile-header-display":"","site-post-title":"","ast-breadcrumbs-content":"","ast-featured-img":"","footer-sml-layout":"","theme-transparent-header-meta":"default","adv-header-id-meta":"","stick-header-meta":"","header-above-stick-meta":"","header-main-stick-meta":"","header-below-stick-meta":"","astra-migrate-meta-layouts":"default","ast-page-background-enabled":"default","ast-page-background-meta":{"desktop":{"background-color":"var(--ast-global-color-4)","background-image":"","background-repeat":"repeat","background-position":"center center","background-size":"auto","background-attachment":"scroll","background-type":"","background-media":"","overlay-type":"","overlay-color":"","overlay-opacity":"","overlay-gradient":""},"tablet":{"background-color":"","background-image":"","background-repeat":"repeat","background-position":"center center","background-size":"auto","background-attachment":"scroll","background-type":"","background-media":"","overlay-type":"","overlay-color":"","overlay-opacity":"","overlay-gradient":""},"mobile":{"background-color":"","background-image":"","background-repeat":"repeat","background-position":"center center","background-size":"auto","background-attachment":"scroll","background-type":"","background-media":"","overlay-type":"","overlay-color":"","overlay-opacity":"","overlay-gradient":""}},"ast-content-background-meta":{"desktop":{"background-color":"var(--ast-global-color-5)","background-image":"","background-repeat":"repeat","background-position":"center center","background-size":"auto","background-attachment":"scroll","background-type":"","background-media":"","overlay-type":"","overlay-color":"","overlay-opacity":"","overlay-gradient":""},"tablet":{"background-color":"var(--ast-global-color-5)","background-image":"","background-repeat":"repeat","background-position":"center center","background-size":"auto","background-attachment":"scroll","background-type":"","background-media":"","overlay-type":"","overlay-color":"","overlay-opacity":"","overlay-gradient":""},"mobile":{"background-color":"var(--ast-global-color-5)","background-image":"","background-repeat":"repeat","background-position":"center center","background-size":"auto","background-attachment":"scroll","background-type":"","background-media":"","overlay-type":"","overlay-color":"","overlay-opacity":"","overlay-gradient":""}}},"product_brand":[],"product_cat":[44],"product_tag":[66],"class_list":{"0":"post-3452","1":"product","2":"type-product","3":"status-publish","4":"has-post-thumbnail","6":"product_cat-iridium","7":"product_tag-iridium","8":"desktop-align-left","9":"tablet-align-left","10":"mobile-align-left","12":"first","13":"instock","14":"shipping-taxable","15":"product-type-simple"},"yoast_head":"<!-- This site is optimized with the Yoast SEO plugin v24.6 - https:\/\/yoast.com\/wordpress\/plugins\/seo\/ -->\n<title>RockAIR -<\/title>\n<meta name=\"robots\" content=\"index, follow, max-snippet:-1, max-image-preview:large, max-video-preview:-1\" \/>\n<link rel=\"canonical\" href=\"https:\/\/tecplan.com.gt\/en\/product\/rockair\/\" \/>\n<meta property=\"og:locale\" content=\"en_US\" \/>\n<meta property=\"og:type\" content=\"article\" \/>\n<meta property=\"og:title\" content=\"RockAIR -\" \/>\n<meta property=\"og:description\" content=\"RockAIR es el dispositivo m\u00e1s completo de categor\u00eda port\u00e1til que proporciona rasytreamiento y comunicaci\u00f3n global para aeronaves. Totalmente probado para los est\u00e1ndares DO160G, el RockAIR ofrece rastreo de alta resoluci\u00f3n, mensajes bidireccionales y formularios definidos por el usuario a trav\u00e9s de redes satelitales y celulares entre otras caracater\u00edsticas.\" \/>\n<meta property=\"og:url\" content=\"https:\/\/tecplan.com.gt\/en\/product\/rockair\/\" \/>\n<meta property=\"article:modified_time\" content=\"2023-06-25T13:30:27+00:00\" \/>\n<meta property=\"og:image\" content=\"https:\/\/tecplan.com.gt\/wp-content\/uploads\/2023\/04\/rockair-device__ScaleWidthWzEyMDBd.jpg\" \/>\n\t<meta property=\"og:image:width\" content=\"1200\" \/>\n\t<meta property=\"og:image:height\" content=\"1200\" \/>\n\t<meta property=\"og:image:type\" content=\"image\/jpeg\" \/>\n<meta name=\"twitter:card\" content=\"summary_large_image\" \/>\n<meta name=\"twitter:label1\" content=\"Est. reading time\" \/>\n\t<meta name=\"twitter:data1\" content=\"1 minute\" \/>\n<script type=\"application\/ld+json\" class=\"yoast-schema-graph\">{\"@context\":\"https:\/\/schema.org\",\"@graph\":[{\"@type\":\"WebPage\",\"@id\":\"https:\/\/tecplan.com.gt\/producto\/rockair\/\",\"url\":\"https:\/\/tecplan.com.gt\/producto\/rockair\/\",\"name\":\"RockAIR -\",\"isPartOf\":{\"@id\":\"https:\/\/tecplan.com.gt\/#website\"},\"primaryImageOfPage\":{\"@id\":\"https:\/\/tecplan.com.gt\/producto\/rockair\/#primaryimage\"},\"image\":{\"@id\":\"https:\/\/tecplan.com.gt\/producto\/rockair\/#primaryimage\"},\"thumbnailUrl\":\"\/wp-content\/uploads\/2023\/04\/rockair-device__ScaleWidthWzEyMDBd.jpg\",\"datePublished\":\"2023-04-28T16:32:39+00:00\",\"dateModified\":\"2023-06-25T13:30:27+00:00\",\"breadcrumb\":{\"@id\":\"https:\/\/tecplan.com.gt\/producto\/rockair\/#breadcrumb\"},\"inLanguage\":\"en-US\",\"potentialAction\":[{\"@type\":\"ReadAction\",\"target\":[\"https:\/\/tecplan.com.gt\/producto\/rockair\/\"]}]},{\"@type\":\"ImageObject\",\"inLanguage\":\"en-US\",\"@id\":\"https:\/\/tecplan.com.gt\/producto\/rockair\/#primaryimage\",\"url\":\"\/wp-content\/uploads\/2023\/04\/rockair-device__ScaleWidthWzEyMDBd.jpg\",\"contentUrl\":\"\/wp-content\/uploads\/2023\/04\/rockair-device__ScaleWidthWzEyMDBd.jpg\",\"width\":1200,\"height\":1200},{\"@type\":\"BreadcrumbList\",\"@id\":\"https:\/\/tecplan.com.gt\/producto\/rockair\/#breadcrumb\",\"itemListElement\":[{\"@type\":\"ListItem\",\"position\":1,\"name\":\"Portada\",\"item\":\"https:\/\/tecplan.com.gt\/\"},{\"@type\":\"ListItem\",\"position\":2,\"name\":\"Productos\",\"item\":\"https:\/\/tecplan.com.gt\/shop\/\"},{\"@type\":\"ListItem\",\"position\":3,\"name\":\"RockAIR\"}]},{\"@type\":\"WebSite\",\"@id\":\"https:\/\/tecplan.com.gt\/#website\",\"url\":\"https:\/\/tecplan.com.gt\/\",\"name\":\"Tecplan Argentina\",\"description\":\"Tecnolog\u00edas y equipos de telecomunicaciones\",\"publisher\":{\"@id\":\"https:\/\/tecplan.com.gt\/#organization\"},\"potentialAction\":[{\"@type\":\"SearchAction\",\"target\":{\"@type\":\"EntryPoint\",\"urlTemplate\":\"https:\/\/tecplan.com.gt\/?s={search_term_string}\"},\"query-input\":{\"@type\":\"PropertyValueSpecification\",\"valueRequired\":true,\"valueName\":\"search_term_string\"}}],\"inLanguage\":\"en-US\"},{\"@type\":\"Organization\",\"@id\":\"https:\/\/tecplan.com.gt\/#organization\",\"name\":\"Tecplan Argentina\",\"url\":\"https:\/\/tecplan.com.gt\/\",\"logo\":{\"@type\":\"ImageObject\",\"inLanguage\":\"en-US\",\"@id\":\"https:\/\/tecplan.com.gt\/#\/schema\/logo\/image\/\",\"url\":\"\/wp-content\/uploads\/2023\/03\/logo-tecplan.gif\",\"contentUrl\":\"\/wp-content\/uploads\/2023\/03\/logo-tecplan.gif\",\"width\":1920,\"height\":486,\"caption\":\"Tecplan Argentina\"},\"image\":{\"@id\":\"https:\/\/tecplan.com.gt\/#\/schema\/logo\/image\/\"}}]}<\/script>\n<!-- \/ Yoast SEO plugin. -->","yoast_head_json":{"title":"RockAIR -","robots":{"index":"index","follow":"follow","max-snippet":"max-snippet:-1","max-image-preview":"max-image-preview:large","max-video-preview":"max-video-preview:-1"},"canonical":"https:\/\/tecplan.com.gt\/en\/product\/rockair\/","og_locale":"en_US","og_type":"article","og_title":"RockAIR -","og_description":"RockAIR es el dispositivo m\u00e1s completo de categor\u00eda port\u00e1til que proporciona rasytreamiento y comunicaci\u00f3n global para aeronaves. Totalmente probado para los est\u00e1ndares DO160G, el RockAIR ofrece rastreo de alta resoluci\u00f3n, mensajes bidireccionales y formularios definidos por el usuario a trav\u00e9s de redes satelitales y celulares entre otras caracater\u00edsticas.","og_url":"https:\/\/tecplan.com.gt\/en\/product\/rockair\/","article_modified_time":"2023-06-25T13:30:27+00:00","og_image":[{"width":1200,"height":1200,"url":"https:\/\/tecplan.com.gt\/wp-content\/uploads\/2023\/04\/rockair-device__ScaleWidthWzEyMDBd.jpg","type":"image\/jpeg"}],"twitter_card":"summary_large_image","twitter_misc":{"Est. reading time":"1 minute"},"schema":{"@context":"https:\/\/schema.org","@graph":[{"@type":"WebPage","@id":"https:\/\/tecplan.com.gt\/producto\/rockair\/","url":"https:\/\/tecplan.com.gt\/producto\/rockair\/","name":"RockAIR -","isPartOf":{"@id":"https:\/\/tecplan.com.gt\/#website"},"primaryImageOfPage":{"@id":"https:\/\/tecplan.com.gt\/producto\/rockair\/#primaryimage"},"image":{"@id":"https:\/\/tecplan.com.gt\/producto\/rockair\/#primaryimage"},"thumbnailUrl":"\/wp-content\/uploads\/2023\/04\/rockair-device__ScaleWidthWzEyMDBd.jpg","datePublished":"2023-04-28T16:32:39+00:00","dateModified":"2023-06-25T13:30:27+00:00","breadcrumb":{"@id":"https:\/\/tecplan.com.gt\/producto\/rockair\/#breadcrumb"},"inLanguage":"en-US","potentialAction":[{"@type":"ReadAction","target":["https:\/\/tecplan.com.gt\/producto\/rockair\/"]}]},{"@type":"ImageObject","inLanguage":"en-US","@id":"https:\/\/tecplan.com.gt\/producto\/rockair\/#primaryimage","url":"\/wp-content\/uploads\/2023\/04\/rockair-device__ScaleWidthWzEyMDBd.jpg","contentUrl":"\/wp-content\/uploads\/2023\/04\/rockair-device__ScaleWidthWzEyMDBd.jpg","width":1200,"height":1200},{"@type":"BreadcrumbList","@id":"https:\/\/tecplan.com.gt\/producto\/rockair\/#breadcrumb","itemListElement":[{"@type":"ListItem","position":1,"name":"Portada","item":"https:\/\/tecplan.com.gt\/"},{"@type":"ListItem","position":2,"name":"Productos","item":"https:\/\/tecplan.com.gt\/shop\/"},{"@type":"ListItem","position":3,"name":"RockAIR"}]},{"@type":"WebSite","@id":"https:\/\/tecplan.com.gt\/#website","url":"https:\/\/tecplan.com.gt\/","name":"Tecplan Argentina","description":"Tecnolog\u00edas y equipos de telecomunicaciones","publisher":{"@id":"https:\/\/tecplan.com.gt\/#organization"},"potentialAction":[{"@type":"SearchAction","target":{"@type":"EntryPoint","urlTemplate":"https:\/\/tecplan.com.gt\/?s={search_term_string}"},"query-input":{"@type":"PropertyValueSpecification","valueRequired":true,"valueName":"search_term_string"}}],"inLanguage":"en-US"},{"@type":"Organization","@id":"https:\/\/tecplan.com.gt\/#organization","name":"Tecplan Argentina","url":"https:\/\/tecplan.com.gt\/","logo":{"@type":"ImageObject","inLanguage":"en-US","@id":"https:\/\/tecplan.com.gt\/#\/schema\/logo\/image\/","url":"\/wp-content\/uploads\/2023\/03\/logo-tecplan.gif","contentUrl":"\/wp-content\/uploads\/2023\/03\/logo-tecplan.gif","width":1920,"height":486,"caption":"Tecplan Argentina"},"image":{"@id":"https:\/\/tecplan.com.gt\/#\/schema\/logo\/image\/"}}]}},"_links":{"self":[{"href":"https:\/\/tecplan.com.gt\/en\/wp-json\/wp\/v2\/product\/3452"}],"collection":[{"href":"https:\/\/tecplan.com.gt\/en\/wp-json\/wp\/v2\/product"}],"about":[{"href":"https:\/\/tecplan.com.gt\/en\/wp-json\/wp\/v2\/types\/product"}],"replies":[{"embeddable":true,"href":"https:\/\/tecplan.com.gt\/en\/wp-json\/wp\/v2\/comments?post=3452"}],"version-history":[{"count":0,"href":"https:\/\/tecplan.com.gt\/en\/wp-json\/wp\/v2\/product\/3452\/revisions"}],"wp:featuredmedia":[{"embeddable":true,"href":"https:\/\/tecplan.com.gt\/en\/wp-json\/wp\/v2\/media\/3453"}],"wp:attachment":[{"href":"https:\/\/tecplan.com.gt\/en\/wp-json\/wp\/v2\/media?parent=3452"}],"wp:term":[{"taxonomy":"product_brand","embeddable":true,"href":"https:\/\/tecplan.com.gt\/en\/wp-json\/wp\/v2\/product_brand?post=3452"},{"taxonomy":"product_cat","embeddable":true,"href":"https:\/\/tecplan.com.gt\/en\/wp-json\/wp\/v2\/product_cat?post=3452"},{"taxonomy":"product_tag","embeddable":true,"href":"https:\/\/tecplan.com.gt\/en\/wp-json\/wp\/v2\/product_tag?post=3452"}],"curies":[{"name":"wp","href":"https:\/\/api.w.org\/{rel}","templated":true}]}}