{"id":3571,"date":"2023-05-16T22:15:49","date_gmt":"2023-05-17T02:15:49","guid":{"rendered":"https:\/\/tecplan.com.gt\/?post_type=product&#038;p=3571"},"modified":"2024-01-25T16:21:23","modified_gmt":"2024-01-25T19:21:23","slug":"crs354-48p-4s2qrm","status":"publish","type":"product","link":"https:\/\/tecplan.com.gt\/en\/product\/crs354-48p-4s2qrm\/","title":{"rendered":"CRS354-48P-4S+2Q+RM"},"content":{"rendered":"<p>If you\u2019re looking for a single switch that will put your network configuration ahead of the curve and power all the necessary devices, look no further! The new CRS354-48P-4S+2Q+RM is an efficient and adaptable rack-mount solution for managing networks in the most demanding environments. Unlike many other switches, our products are made with the system administrator in mind.<\/p>\n<p>Este potente conmutador tiene 48 puertos 1G RJ45 y 4 puertos 10G SFP+.\u00a0Tambi\u00e9n hay puertos 2 x 40G QSFP+ para conexiones de fibra extremadamente r\u00e1pidas o enlaces con otros dispositivos de 40 Gbps.\u00a0Los 48 puertos Ethernet ofrecen diferentes opciones de salida de alimentaci\u00f3n: PoE pasivo, PoE de bajo voltaje, 802.3af\/at (Tipo 1 \u00abPoE\u00bb \/ Tipo 2 \u00abPoE+\u00bb) con detecci\u00f3n autom\u00e1tica, lo que convierte a este conmutador en la soluci\u00f3n m\u00e1s f\u00e1cil para alimentar incluso a los m\u00e1s grandes. configuraciones\u00a0Hemos incluido una potente fuente de alimentaci\u00f3n que puede proporcionar 750 W de potencia: este interruptor puede manejar mucho.\u00a0Y hay un soporte especial para facilitar la gesti\u00f3n de cables.<\/p>\n<p>CRS354-48P-4S+2Q+RM is extremely functional and has the best price on the market: it will be the perfect complement to a professional setup.<\/p>\n<p>The total non-blocking throughput is 168Gbps, the switching capacity is 336Gbps, and the forwarding rate reaches 235Mpps.<\/p>\n<h2>Specs<\/h2>\n<table class=\"table product-table\">\n<thead>\n<tr>\n<th colspan=\"2\">Details<\/th>\n<\/tr>\n<\/thead>\n<tbody>\n<tr>\n<td>Product code<\/td>\n<td>CRS354-48P-4S+2Q+RM<\/td>\n<\/tr>\n<tr>\n<td>Architecture<\/td>\n<td>MIPSBE<\/td>\n<\/tr>\n<tr>\n<td>UPC<\/td>\n<td>QCA9531<\/td>\n<\/tr>\n<tr>\n<td>CPU Core Count<\/td>\n<td>1<\/td>\n<\/tr>\n<tr>\n<td>Nominal CPU frequency<\/td>\n<td>650 MHz<\/td>\n<\/tr>\n<tr>\n<td>Change chip model<\/td>\n<td>98DX3257<\/td>\n<\/tr>\n<tr>\n<td>Dimensions<\/td>\n<td>443x382x44mm<\/td>\n<\/tr>\n<tr>\n<td>Router OS License<\/td>\n<td>5<\/td>\n<\/tr>\n<tr>\n<td>Operating system<\/td>\n<td>Enrutador OS \/ Switch OS<\/td>\n<\/tr>\n<tr>\n<td>RAM Size<\/td>\n<td>64 MB<\/td>\n<\/tr>\n<tr>\n<td>Storage size<\/td>\n<td>16 MB<\/td>\n<\/tr>\n<tr>\n<td>Storage type<\/td>\n<td>FLASH<\/td>\n<\/tr>\n<tr>\n<td>MTBF<\/td>\n<td>Approximately 200,000 hours at 25C<\/td>\n<\/tr>\n<tr>\n<td>Room temperature tested<\/td>\n<td>-20\u00b0C a 60\u00b0C<\/td>\n<\/tr>\n<\/tbody>\n<\/table>","protected":false},"excerpt":{"rendered":"<p>The 48-port champion you've been waiting for, now with PoE-out!<\/p>\n<p><a href=\"http:\/\/tecplan.com.gt\/wp-content\/uploads\/2023\/05\/CRS354-48P-4S-2Q-RM-1.pdf\" target=\"_blank\" rel=\"noopener\">See technical sheet<\/a><\/p>\n<p>&nbsp;<\/p>","protected":false},"featured_media":6344,"comment_status":"open","ping_status":"closed","template":"","meta":{"site-sidebar-layout":"default","site-content-layout":"default","ast-site-content-layout":"default","site-content-style":"default","site-sidebar-style":"default","ast-global-header-display":"","ast-banner-title-visibility":"","ast-main-header-display":"","ast-hfb-above-header-display":"","ast-hfb-below-header-display":"","ast-hfb-mobile-header-display":"","site-post-title":"","ast-breadcrumbs-content":"","ast-featured-img":"","footer-sml-layout":"","theme-transparent-header-meta":"default","adv-header-id-meta":"","stick-header-meta":"","header-above-stick-meta":"","header-main-stick-meta":"","header-below-stick-meta":"","astra-migrate-meta-layouts":"set","ast-page-background-enabled":"default","ast-page-background-meta":{"desktop":{"background-color":"var(--ast-global-color-4)","background-image":"","background-repeat":"repeat","background-position":"center center","background-size":"auto","background-attachment":"scroll","background-type":"","background-media":"","overlay-type":"","overlay-color":"","overlay-opacity":"","overlay-gradient":""},"tablet":{"background-color":"","background-image":"","background-repeat":"repeat","background-position":"center center","background-size":"auto","background-attachment":"scroll","background-type":"","background-media":"","overlay-type":"","overlay-color":"","overlay-opacity":"","overlay-gradient":""},"mobile":{"background-color":"","background-image":"","background-repeat":"repeat","background-position":"center center","background-size":"auto","background-attachment":"scroll","background-type":"","background-media":"","overlay-type":"","overlay-color":"","overlay-opacity":"","overlay-gradient":""}},"ast-content-background-meta":{"desktop":{"background-color":"var(--ast-global-color-5)","background-image":"","background-repeat":"repeat","background-position":"center center","background-size":"auto","background-attachment":"scroll","background-type":"","background-media":"","overlay-type":"","overlay-color":"","overlay-opacity":"","overlay-gradient":""},"tablet":{"background-color":"var(--ast-global-color-5)","background-image":"","background-repeat":"repeat","background-position":"center center","background-size":"auto","background-attachment":"scroll","background-type":"","background-media":"","overlay-type":"","overlay-color":"","overlay-opacity":"","overlay-gradient":""},"mobile":{"background-color":"var(--ast-global-color-5)","background-image":"","background-repeat":"repeat","background-position":"center center","background-size":"auto","background-attachment":"scroll","background-type":"","background-media":"","overlay-type":"","overlay-color":"","overlay-opacity":"","overlay-gradient":""}}},"product_brand":[],"product_cat":[35],"product_tag":[63],"class_list":{"0":"post-3571","1":"product","2":"type-product","3":"status-publish","4":"has-post-thumbnail","6":"product_cat-mikrotik","7":"product_tag-mikrotik","8":"desktop-align-left","9":"tablet-align-left","10":"mobile-align-left","12":"first","13":"instock","14":"shipping-taxable","15":"product-type-simple"},"yoast_head":"<!-- This site is optimized with the Yoast SEO plugin v24.6 - https:\/\/yoast.com\/wordpress\/plugins\/seo\/ -->\n<title>CRS354-48P-4S+2Q+RM -<\/title>\n<meta name=\"robots\" content=\"index, follow, max-snippet:-1, max-image-preview:large, max-video-preview:-1\" \/>\n<link rel=\"canonical\" href=\"https:\/\/tecplan.com.gt\/en\/product\/crs354-48p-4s2qrm\/\" \/>\n<meta property=\"og:locale\" content=\"en_US\" \/>\n<meta property=\"og:type\" content=\"article\" \/>\n<meta property=\"og:title\" content=\"CRS354-48P-4S+2Q+RM -\" \/>\n<meta property=\"og:description\" content=\"El campe\u00f3n de 48 puertos que ha estado esperando, \u00a1ahora con PoE-out!  Ver ficha t\u00e9cnica  &nbsp;\" \/>\n<meta property=\"og:url\" content=\"https:\/\/tecplan.com.gt\/en\/product\/crs354-48p-4s2qrm\/\" \/>\n<meta property=\"article:modified_time\" content=\"2024-01-25T19:21:23+00:00\" \/>\n<meta property=\"og:image\" content=\"https:\/\/tecplan.com.gt\/wp-content\/uploads\/2023\/05\/CRS354-48P-4S2QRM-01.jpg\" \/>\n\t<meta property=\"og:image:width\" content=\"2000\" \/>\n\t<meta property=\"og:image:height\" content=\"2000\" \/>\n\t<meta property=\"og:image:type\" content=\"image\/jpeg\" \/>\n<meta name=\"twitter:card\" content=\"summary_large_image\" \/>\n<meta name=\"twitter:label1\" content=\"Est. reading time\" \/>\n\t<meta name=\"twitter:data1\" content=\"2 minutes\" \/>\n<script type=\"application\/ld+json\" class=\"yoast-schema-graph\">{\"@context\":\"https:\/\/schema.org\",\"@graph\":[{\"@type\":\"WebPage\",\"@id\":\"https:\/\/tecplan.com.gt\/producto\/crs354-48p-4s2qrm\/\",\"url\":\"https:\/\/tecplan.com.gt\/producto\/crs354-48p-4s2qrm\/\",\"name\":\"CRS354-48P-4S+2Q+RM -\",\"isPartOf\":{\"@id\":\"https:\/\/tecplan.com.gt\/#website\"},\"primaryImageOfPage\":{\"@id\":\"https:\/\/tecplan.com.gt\/producto\/crs354-48p-4s2qrm\/#primaryimage\"},\"image\":{\"@id\":\"https:\/\/tecplan.com.gt\/producto\/crs354-48p-4s2qrm\/#primaryimage\"},\"thumbnailUrl\":\"\/wp-content\/uploads\/2023\/05\/CRS354-48P-4S2QRM-01.jpg\",\"datePublished\":\"2023-05-17T02:15:49+00:00\",\"dateModified\":\"2024-01-25T19:21:23+00:00\",\"breadcrumb\":{\"@id\":\"https:\/\/tecplan.com.gt\/producto\/crs354-48p-4s2qrm\/#breadcrumb\"},\"inLanguage\":\"en-US\",\"potentialAction\":[{\"@type\":\"ReadAction\",\"target\":[\"https:\/\/tecplan.com.gt\/producto\/crs354-48p-4s2qrm\/\"]}]},{\"@type\":\"ImageObject\",\"inLanguage\":\"en-US\",\"@id\":\"https:\/\/tecplan.com.gt\/producto\/crs354-48p-4s2qrm\/#primaryimage\",\"url\":\"\/wp-content\/uploads\/2023\/05\/CRS354-48P-4S2QRM-01.jpg\",\"contentUrl\":\"\/wp-content\/uploads\/2023\/05\/CRS354-48P-4S2QRM-01.jpg\",\"width\":2000,\"height\":2000},{\"@type\":\"BreadcrumbList\",\"@id\":\"https:\/\/tecplan.com.gt\/producto\/crs354-48p-4s2qrm\/#breadcrumb\",\"itemListElement\":[{\"@type\":\"ListItem\",\"position\":1,\"name\":\"Portada\",\"item\":\"https:\/\/tecplan.com.gt\/\"},{\"@type\":\"ListItem\",\"position\":2,\"name\":\"Productos\",\"item\":\"https:\/\/tecplan.com.gt\/shop\/\"},{\"@type\":\"ListItem\",\"position\":3,\"name\":\"CRS354-48P-4S+2Q+RM\"}]},{\"@type\":\"WebSite\",\"@id\":\"https:\/\/tecplan.com.gt\/#website\",\"url\":\"https:\/\/tecplan.com.gt\/\",\"name\":\"Tecplan Argentina\",\"description\":\"Tecnolog\u00edas y equipos de telecomunicaciones\",\"publisher\":{\"@id\":\"https:\/\/tecplan.com.gt\/#organization\"},\"potentialAction\":[{\"@type\":\"SearchAction\",\"target\":{\"@type\":\"EntryPoint\",\"urlTemplate\":\"https:\/\/tecplan.com.gt\/?s={search_term_string}\"},\"query-input\":{\"@type\":\"PropertyValueSpecification\",\"valueRequired\":true,\"valueName\":\"search_term_string\"}}],\"inLanguage\":\"en-US\"},{\"@type\":\"Organization\",\"@id\":\"https:\/\/tecplan.com.gt\/#organization\",\"name\":\"Tecplan Argentina\",\"url\":\"https:\/\/tecplan.com.gt\/\",\"logo\":{\"@type\":\"ImageObject\",\"inLanguage\":\"en-US\",\"@id\":\"https:\/\/tecplan.com.gt\/#\/schema\/logo\/image\/\",\"url\":\"\/wp-content\/uploads\/2023\/03\/logo-tecplan.gif\",\"contentUrl\":\"\/wp-content\/uploads\/2023\/03\/logo-tecplan.gif\",\"width\":1920,\"height\":486,\"caption\":\"Tecplan Argentina\"},\"image\":{\"@id\":\"https:\/\/tecplan.com.gt\/#\/schema\/logo\/image\/\"}}]}<\/script>\n<!-- \/ Yoast SEO plugin. -->","yoast_head_json":{"title":"CRS354-48P-4S+2Q+RM -","robots":{"index":"index","follow":"follow","max-snippet":"max-snippet:-1","max-image-preview":"max-image-preview:large","max-video-preview":"max-video-preview:-1"},"canonical":"https:\/\/tecplan.com.gt\/en\/product\/crs354-48p-4s2qrm\/","og_locale":"en_US","og_type":"article","og_title":"CRS354-48P-4S+2Q+RM -","og_description":"El campe\u00f3n de 48 puertos que ha estado esperando, \u00a1ahora con PoE-out!  Ver ficha t\u00e9cnica  &nbsp;","og_url":"https:\/\/tecplan.com.gt\/en\/product\/crs354-48p-4s2qrm\/","article_modified_time":"2024-01-25T19:21:23+00:00","og_image":[{"width":2000,"height":2000,"url":"https:\/\/tecplan.com.gt\/wp-content\/uploads\/2023\/05\/CRS354-48P-4S2QRM-01.jpg","type":"image\/jpeg"}],"twitter_card":"summary_large_image","twitter_misc":{"Est. reading time":"2 minutes"},"schema":{"@context":"https:\/\/schema.org","@graph":[{"@type":"WebPage","@id":"https:\/\/tecplan.com.gt\/producto\/crs354-48p-4s2qrm\/","url":"https:\/\/tecplan.com.gt\/producto\/crs354-48p-4s2qrm\/","name":"CRS354-48P-4S+2Q+RM -","isPartOf":{"@id":"https:\/\/tecplan.com.gt\/#website"},"primaryImageOfPage":{"@id":"https:\/\/tecplan.com.gt\/producto\/crs354-48p-4s2qrm\/#primaryimage"},"image":{"@id":"https:\/\/tecplan.com.gt\/producto\/crs354-48p-4s2qrm\/#primaryimage"},"thumbnailUrl":"\/wp-content\/uploads\/2023\/05\/CRS354-48P-4S2QRM-01.jpg","datePublished":"2023-05-17T02:15:49+00:00","dateModified":"2024-01-25T19:21:23+00:00","breadcrumb":{"@id":"https:\/\/tecplan.com.gt\/producto\/crs354-48p-4s2qrm\/#breadcrumb"},"inLanguage":"en-US","potentialAction":[{"@type":"ReadAction","target":["https:\/\/tecplan.com.gt\/producto\/crs354-48p-4s2qrm\/"]}]},{"@type":"ImageObject","inLanguage":"en-US","@id":"https:\/\/tecplan.com.gt\/producto\/crs354-48p-4s2qrm\/#primaryimage","url":"\/wp-content\/uploads\/2023\/05\/CRS354-48P-4S2QRM-01.jpg","contentUrl":"\/wp-content\/uploads\/2023\/05\/CRS354-48P-4S2QRM-01.jpg","width":2000,"height":2000},{"@type":"BreadcrumbList","@id":"https:\/\/tecplan.com.gt\/producto\/crs354-48p-4s2qrm\/#breadcrumb","itemListElement":[{"@type":"ListItem","position":1,"name":"Portada","item":"https:\/\/tecplan.com.gt\/"},{"@type":"ListItem","position":2,"name":"Productos","item":"https:\/\/tecplan.com.gt\/shop\/"},{"@type":"ListItem","position":3,"name":"CRS354-48P-4S+2Q+RM"}]},{"@type":"WebSite","@id":"https:\/\/tecplan.com.gt\/#website","url":"https:\/\/tecplan.com.gt\/","name":"Tecplan Argentina","description":"Tecnolog\u00edas y equipos de telecomunicaciones","publisher":{"@id":"https:\/\/tecplan.com.gt\/#organization"},"potentialAction":[{"@type":"SearchAction","target":{"@type":"EntryPoint","urlTemplate":"https:\/\/tecplan.com.gt\/?s={search_term_string}"},"query-input":{"@type":"PropertyValueSpecification","valueRequired":true,"valueName":"search_term_string"}}],"inLanguage":"en-US"},{"@type":"Organization","@id":"https:\/\/tecplan.com.gt\/#organization","name":"Tecplan Argentina","url":"https:\/\/tecplan.com.gt\/","logo":{"@type":"ImageObject","inLanguage":"en-US","@id":"https:\/\/tecplan.com.gt\/#\/schema\/logo\/image\/","url":"\/wp-content\/uploads\/2023\/03\/logo-tecplan.gif","contentUrl":"\/wp-content\/uploads\/2023\/03\/logo-tecplan.gif","width":1920,"height":486,"caption":"Tecplan Argentina"},"image":{"@id":"https:\/\/tecplan.com.gt\/#\/schema\/logo\/image\/"}}]}},"_links":{"self":[{"href":"https:\/\/tecplan.com.gt\/en\/wp-json\/wp\/v2\/product\/3571"}],"collection":[{"href":"https:\/\/tecplan.com.gt\/en\/wp-json\/wp\/v2\/product"}],"about":[{"href":"https:\/\/tecplan.com.gt\/en\/wp-json\/wp\/v2\/types\/product"}],"replies":[{"embeddable":true,"href":"https:\/\/tecplan.com.gt\/en\/wp-json\/wp\/v2\/comments?post=3571"}],"version-history":[{"count":0,"href":"https:\/\/tecplan.com.gt\/en\/wp-json\/wp\/v2\/product\/3571\/revisions"}],"wp:featuredmedia":[{"embeddable":true,"href":"https:\/\/tecplan.com.gt\/en\/wp-json\/wp\/v2\/media\/6344"}],"wp:attachment":[{"href":"https:\/\/tecplan.com.gt\/en\/wp-json\/wp\/v2\/media?parent=3571"}],"wp:term":[{"taxonomy":"product_brand","embeddable":true,"href":"https:\/\/tecplan.com.gt\/en\/wp-json\/wp\/v2\/product_brand?post=3571"},{"taxonomy":"product_cat","embeddable":true,"href":"https:\/\/tecplan.com.gt\/en\/wp-json\/wp\/v2\/product_cat?post=3571"},{"taxonomy":"product_tag","embeddable":true,"href":"https:\/\/tecplan.com.gt\/en\/wp-json\/wp\/v2\/product_tag?post=3571"}],"curies":[{"name":"wp","href":"https:\/\/api.w.org\/{rel}","templated":true}]}}