{"id":3577,"date":"2023-05-16T22:22:51","date_gmt":"2023-05-17T02:22:51","guid":{"rendered":"https:\/\/tecplan.com.gt\/?post_type=product&#038;p=3577"},"modified":"2024-01-25T13:00:58","modified_gmt":"2024-01-25T16:00:58","slug":"ccr1009-7g-1c-1s","status":"publish","type":"product","link":"https:\/\/tecplan.com.gt\/en\/product\/ccr1009-7g-1c-1s\/","title":{"rendered":"CCR1009-7G-1C-1S+"},"content":{"rendered":"<p>The new updated revision of CCR1009 is here. We tried to combine all the customer feedback and best practices in CCR device manufacturing that we learned over the past three years since the first CCR1009 devices were released.<\/p>\n<p>Major changes<\/p>\n<p>No switching chip: The device now features only completely independent Ethernet ports, each with a direct connection to the CPU, allowing the previous 1 Gbit shared limitation of switching chip ports to be overcome and the full potential of CPU processing power to be utilized on those ports.<\/p>\n<p>Combo Port \u2013 A single 1Gbit software interface that has two hardware interfaces \u2013 an SFP cage and a Gigabit Ethernet port \u2013 allowing you to use either type of connection available to you. Switching between both physical interfaces is also possible in RouterOS. In the event of a disconnection, the combo port provides a hardware failover feature.<\/p>\n<p>100Mbps SFP Support \u2013 This is our first device to support 100BASE-LX\/100BASE-SX\/100BASE-BX fiber modules as well as standard 1.25G SFP modules.<\/p>\n<p>More performance: Because the ports are now connected directly to the CPU, the new CCR1009 can achieve even higher performance<\/p>\n<h2>Specs<\/h2>\n<table class=\"table product-table\">\n<thead>\n<tr>\n<th colspan=\"2\">Details<\/th>\n<\/tr>\n<\/thead>\n<tbody>\n<tr>\n<td>Product code<\/td>\n<td>CCR1009-7G-1C-1S+<\/td>\n<\/tr>\n<tr>\n<td>Architecture<\/td>\n<td>TILE<\/td>\n<\/tr>\n<tr>\n<td>UPC<\/td>\n<td>TLR4-00980<\/td>\n<\/tr>\n<tr>\n<td>CPU Core Count<\/td>\n<td>9<\/td>\n<\/tr>\n<tr>\n<td>Nominal CPU frequency<\/td>\n<td>1,2 GHz<\/td>\n<\/tr>\n<tr>\n<td>Dimensions<\/td>\n<td>443 x 175 x 44 mm<\/td>\n<\/tr>\n<tr>\n<td>Router OS License<\/td>\n<td>6<\/td>\n<\/tr>\n<tr>\n<td>Operating system<\/td>\n<td><a href=\"https:\/\/help.mikrotik.com\/docs\/display\/ROS\/RouterOS\" target=\"_blank\" rel=\"noopener\">router OS<\/a><\/td>\n<\/tr>\n<tr>\n<td>RAM Size<\/td>\n<td>2 GB<\/td>\n<\/tr>\n<tr>\n<td>Storage size<\/td>\n<td>128 MB<\/td>\n<\/tr>\n<tr>\n<td>Storage type<\/td>\n<td>NAND<\/td>\n<\/tr>\n<tr>\n<td>MTBF<\/td>\n<td>Approximately 200,000 hours at 25C<\/td>\n<\/tr>\n<tr>\n<td>Room temperature tested<\/td>\n<td>-20\u00b0C a 60\u00b0C<\/td>\n<\/tr>\n<tr>\n<td>IPsec hardware acceleration<\/td>\n<td>Yes<\/td>\n<\/tr>\n<\/tbody>\n<\/table>","protected":false},"excerpt":{"rendered":"<p>1U rack mount, 7 Gigabit Ethernet, 1 combo port (SFP or Gigabit Ethernet), 1 SFP+ cage, 9-core x 1.2 GHz CPU, 2 GB RAM, LCD panel, dual power supplies, smart card slot, RouterOS L6.<\/p>\n<p><a href=\"http:\/\/tecplan.com.gt\/wp-content\/uploads\/2023\/05\/CCR1009_7G_1C_1Splus-1.pdf\" target=\"_blank\" rel=\"noopener\">See technical sheet<\/a><\/p>\n<p>&nbsp;<\/p>","protected":false},"featured_media":6312,"comment_status":"open","ping_status":"closed","template":"","meta":{"site-sidebar-layout":"default","site-content-layout":"default","ast-site-content-layout":"default","site-content-style":"default","site-sidebar-style":"default","ast-global-header-display":"","ast-banner-title-visibility":"","ast-main-header-display":"","ast-hfb-above-header-display":"","ast-hfb-below-header-display":"","ast-hfb-mobile-header-display":"","site-post-title":"","ast-breadcrumbs-content":"","ast-featured-img":"","footer-sml-layout":"","theme-transparent-header-meta":"default","adv-header-id-meta":"","stick-header-meta":"","header-above-stick-meta":"","header-main-stick-meta":"","header-below-stick-meta":"","astra-migrate-meta-layouts":"set","ast-page-background-enabled":"default","ast-page-background-meta":{"desktop":{"background-color":"var(--ast-global-color-4)","background-image":"","background-repeat":"repeat","background-position":"center center","background-size":"auto","background-attachment":"scroll","background-type":"","background-media":"","overlay-type":"","overlay-color":"","overlay-opacity":"","overlay-gradient":""},"tablet":{"background-color":"","background-image":"","background-repeat":"repeat","background-position":"center center","background-size":"auto","background-attachment":"scroll","background-type":"","background-media":"","overlay-type":"","overlay-color":"","overlay-opacity":"","overlay-gradient":""},"mobile":{"background-color":"","background-image":"","background-repeat":"repeat","background-position":"center center","background-size":"auto","background-attachment":"scroll","background-type":"","background-media":"","overlay-type":"","overlay-color":"","overlay-opacity":"","overlay-gradient":""}},"ast-content-background-meta":{"desktop":{"background-color":"var(--ast-global-color-5)","background-image":"","background-repeat":"repeat","background-position":"center center","background-size":"auto","background-attachment":"scroll","background-type":"","background-media":"","overlay-type":"","overlay-color":"","overlay-opacity":"","overlay-gradient":""},"tablet":{"background-color":"var(--ast-global-color-5)","background-image":"","background-repeat":"repeat","background-position":"center center","background-size":"auto","background-attachment":"scroll","background-type":"","background-media":"","overlay-type":"","overlay-color":"","overlay-opacity":"","overlay-gradient":""},"mobile":{"background-color":"var(--ast-global-color-5)","background-image":"","background-repeat":"repeat","background-position":"center center","background-size":"auto","background-attachment":"scroll","background-type":"","background-media":"","overlay-type":"","overlay-color":"","overlay-opacity":"","overlay-gradient":""}}},"product_brand":[],"product_cat":[35],"product_tag":[63],"class_list":{"0":"post-3577","1":"product","2":"type-product","3":"status-publish","4":"has-post-thumbnail","6":"product_cat-mikrotik","7":"product_tag-mikrotik","8":"desktop-align-left","9":"tablet-align-left","10":"mobile-align-left","12":"first","13":"instock","14":"shipping-taxable","15":"product-type-simple"},"yoast_head":"<!-- This site is optimized with the Yoast SEO plugin v24.6 - https:\/\/yoast.com\/wordpress\/plugins\/seo\/ -->\n<title>CCR1009-7G-1C-1S+ -<\/title>\n<meta name=\"robots\" content=\"index, follow, max-snippet:-1, max-image-preview:large, max-video-preview:-1\" \/>\n<link rel=\"canonical\" href=\"https:\/\/tecplan.com.gt\/en\/product\/ccr1009-7g-1c-1s\/\" \/>\n<meta property=\"og:locale\" content=\"en_US\" \/>\n<meta property=\"og:type\" content=\"article\" \/>\n<meta property=\"og:title\" content=\"CCR1009-7G-1C-1S+ -\" \/>\n<meta property=\"og:description\" content=\"Montaje en rack 1U, 7 Gigabit Ethernet, 1 puerto combinado (SFP o Gigabit Ethernet), 1 caja SFP+, CPU de 9 n\u00facleos x 1,2 GHz, 2 GB de RAM, panel LCD, fuentes de alimentaci\u00f3n duales, ranura para tarjeta inteligente, RouterOS L6.  Ver ficha t\u00e9cnica  &nbsp;\" \/>\n<meta property=\"og:url\" content=\"https:\/\/tecplan.com.gt\/en\/product\/ccr1009-7g-1c-1s\/\" \/>\n<meta property=\"article:modified_time\" content=\"2024-01-25T16:00:58+00:00\" \/>\n<meta property=\"og:image\" content=\"https:\/\/tecplan.com.gt\/wp-content\/uploads\/2023\/05\/CCR1009-7G-1C-1S-01.jpg\" \/>\n\t<meta property=\"og:image:width\" content=\"2000\" \/>\n\t<meta property=\"og:image:height\" content=\"2000\" \/>\n\t<meta property=\"og:image:type\" content=\"image\/jpeg\" \/>\n<meta name=\"twitter:card\" content=\"summary_large_image\" \/>\n<meta name=\"twitter:label1\" content=\"Est. reading time\" \/>\n\t<meta name=\"twitter:data1\" content=\"2 minutes\" \/>\n<script type=\"application\/ld+json\" class=\"yoast-schema-graph\">{\"@context\":\"https:\/\/schema.org\",\"@graph\":[{\"@type\":\"WebPage\",\"@id\":\"https:\/\/tecplan.com.gt\/producto\/ccr1009-7g-1c-1s\/\",\"url\":\"https:\/\/tecplan.com.gt\/producto\/ccr1009-7g-1c-1s\/\",\"name\":\"CCR1009-7G-1C-1S+ -\",\"isPartOf\":{\"@id\":\"https:\/\/tecplan.com.gt\/#website\"},\"primaryImageOfPage\":{\"@id\":\"https:\/\/tecplan.com.gt\/producto\/ccr1009-7g-1c-1s\/#primaryimage\"},\"image\":{\"@id\":\"https:\/\/tecplan.com.gt\/producto\/ccr1009-7g-1c-1s\/#primaryimage\"},\"thumbnailUrl\":\"\/wp-content\/uploads\/2023\/05\/CCR1009-7G-1C-1S-01.jpg\",\"datePublished\":\"2023-05-17T02:22:51+00:00\",\"dateModified\":\"2024-01-25T16:00:58+00:00\",\"breadcrumb\":{\"@id\":\"https:\/\/tecplan.com.gt\/producto\/ccr1009-7g-1c-1s\/#breadcrumb\"},\"inLanguage\":\"en-US\",\"potentialAction\":[{\"@type\":\"ReadAction\",\"target\":[\"https:\/\/tecplan.com.gt\/producto\/ccr1009-7g-1c-1s\/\"]}]},{\"@type\":\"ImageObject\",\"inLanguage\":\"en-US\",\"@id\":\"https:\/\/tecplan.com.gt\/producto\/ccr1009-7g-1c-1s\/#primaryimage\",\"url\":\"\/wp-content\/uploads\/2023\/05\/CCR1009-7G-1C-1S-01.jpg\",\"contentUrl\":\"\/wp-content\/uploads\/2023\/05\/CCR1009-7G-1C-1S-01.jpg\",\"width\":2000,\"height\":2000},{\"@type\":\"BreadcrumbList\",\"@id\":\"https:\/\/tecplan.com.gt\/producto\/ccr1009-7g-1c-1s\/#breadcrumb\",\"itemListElement\":[{\"@type\":\"ListItem\",\"position\":1,\"name\":\"Portada\",\"item\":\"https:\/\/tecplan.com.gt\/\"},{\"@type\":\"ListItem\",\"position\":2,\"name\":\"Productos\",\"item\":\"https:\/\/tecplan.com.gt\/shop\/\"},{\"@type\":\"ListItem\",\"position\":3,\"name\":\"CCR1009-7G-1C-1S+\"}]},{\"@type\":\"WebSite\",\"@id\":\"https:\/\/tecplan.com.gt\/#website\",\"url\":\"https:\/\/tecplan.com.gt\/\",\"name\":\"Tecplan Argentina\",\"description\":\"Tecnolog\u00edas y equipos de telecomunicaciones\",\"publisher\":{\"@id\":\"https:\/\/tecplan.com.gt\/#organization\"},\"potentialAction\":[{\"@type\":\"SearchAction\",\"target\":{\"@type\":\"EntryPoint\",\"urlTemplate\":\"https:\/\/tecplan.com.gt\/?s={search_term_string}\"},\"query-input\":{\"@type\":\"PropertyValueSpecification\",\"valueRequired\":true,\"valueName\":\"search_term_string\"}}],\"inLanguage\":\"en-US\"},{\"@type\":\"Organization\",\"@id\":\"https:\/\/tecplan.com.gt\/#organization\",\"name\":\"Tecplan Argentina\",\"url\":\"https:\/\/tecplan.com.gt\/\",\"logo\":{\"@type\":\"ImageObject\",\"inLanguage\":\"en-US\",\"@id\":\"https:\/\/tecplan.com.gt\/#\/schema\/logo\/image\/\",\"url\":\"\/wp-content\/uploads\/2023\/03\/logo-tecplan.gif\",\"contentUrl\":\"\/wp-content\/uploads\/2023\/03\/logo-tecplan.gif\",\"width\":1920,\"height\":486,\"caption\":\"Tecplan Argentina\"},\"image\":{\"@id\":\"https:\/\/tecplan.com.gt\/#\/schema\/logo\/image\/\"}}]}<\/script>\n<!-- \/ Yoast SEO plugin. -->","yoast_head_json":{"title":"CCR1009-7G-1C-1S+ -","robots":{"index":"index","follow":"follow","max-snippet":"max-snippet:-1","max-image-preview":"max-image-preview:large","max-video-preview":"max-video-preview:-1"},"canonical":"https:\/\/tecplan.com.gt\/en\/product\/ccr1009-7g-1c-1s\/","og_locale":"en_US","og_type":"article","og_title":"CCR1009-7G-1C-1S+ -","og_description":"Montaje en rack 1U, 7 Gigabit Ethernet, 1 puerto combinado (SFP o Gigabit Ethernet), 1 caja SFP+, CPU de 9 n\u00facleos x 1,2 GHz, 2 GB de RAM, panel LCD, fuentes de alimentaci\u00f3n duales, ranura para tarjeta inteligente, RouterOS L6.  Ver ficha t\u00e9cnica  &nbsp;","og_url":"https:\/\/tecplan.com.gt\/en\/product\/ccr1009-7g-1c-1s\/","article_modified_time":"2024-01-25T16:00:58+00:00","og_image":[{"width":2000,"height":2000,"url":"https:\/\/tecplan.com.gt\/wp-content\/uploads\/2023\/05\/CCR1009-7G-1C-1S-01.jpg","type":"image\/jpeg"}],"twitter_card":"summary_large_image","twitter_misc":{"Est. reading time":"2 minutes"},"schema":{"@context":"https:\/\/schema.org","@graph":[{"@type":"WebPage","@id":"https:\/\/tecplan.com.gt\/producto\/ccr1009-7g-1c-1s\/","url":"https:\/\/tecplan.com.gt\/producto\/ccr1009-7g-1c-1s\/","name":"CCR1009-7G-1C-1S+ -","isPartOf":{"@id":"https:\/\/tecplan.com.gt\/#website"},"primaryImageOfPage":{"@id":"https:\/\/tecplan.com.gt\/producto\/ccr1009-7g-1c-1s\/#primaryimage"},"image":{"@id":"https:\/\/tecplan.com.gt\/producto\/ccr1009-7g-1c-1s\/#primaryimage"},"thumbnailUrl":"\/wp-content\/uploads\/2023\/05\/CCR1009-7G-1C-1S-01.jpg","datePublished":"2023-05-17T02:22:51+00:00","dateModified":"2024-01-25T16:00:58+00:00","breadcrumb":{"@id":"https:\/\/tecplan.com.gt\/producto\/ccr1009-7g-1c-1s\/#breadcrumb"},"inLanguage":"en-US","potentialAction":[{"@type":"ReadAction","target":["https:\/\/tecplan.com.gt\/producto\/ccr1009-7g-1c-1s\/"]}]},{"@type":"ImageObject","inLanguage":"en-US","@id":"https:\/\/tecplan.com.gt\/producto\/ccr1009-7g-1c-1s\/#primaryimage","url":"\/wp-content\/uploads\/2023\/05\/CCR1009-7G-1C-1S-01.jpg","contentUrl":"\/wp-content\/uploads\/2023\/05\/CCR1009-7G-1C-1S-01.jpg","width":2000,"height":2000},{"@type":"BreadcrumbList","@id":"https:\/\/tecplan.com.gt\/producto\/ccr1009-7g-1c-1s\/#breadcrumb","itemListElement":[{"@type":"ListItem","position":1,"name":"Portada","item":"https:\/\/tecplan.com.gt\/"},{"@type":"ListItem","position":2,"name":"Productos","item":"https:\/\/tecplan.com.gt\/shop\/"},{"@type":"ListItem","position":3,"name":"CCR1009-7G-1C-1S+"}]},{"@type":"WebSite","@id":"https:\/\/tecplan.com.gt\/#website","url":"https:\/\/tecplan.com.gt\/","name":"Tecplan Argentina","description":"Tecnolog\u00edas y equipos de telecomunicaciones","publisher":{"@id":"https:\/\/tecplan.com.gt\/#organization"},"potentialAction":[{"@type":"SearchAction","target":{"@type":"EntryPoint","urlTemplate":"https:\/\/tecplan.com.gt\/?s={search_term_string}"},"query-input":{"@type":"PropertyValueSpecification","valueRequired":true,"valueName":"search_term_string"}}],"inLanguage":"en-US"},{"@type":"Organization","@id":"https:\/\/tecplan.com.gt\/#organization","name":"Tecplan Argentina","url":"https:\/\/tecplan.com.gt\/","logo":{"@type":"ImageObject","inLanguage":"en-US","@id":"https:\/\/tecplan.com.gt\/#\/schema\/logo\/image\/","url":"\/wp-content\/uploads\/2023\/03\/logo-tecplan.gif","contentUrl":"\/wp-content\/uploads\/2023\/03\/logo-tecplan.gif","width":1920,"height":486,"caption":"Tecplan Argentina"},"image":{"@id":"https:\/\/tecplan.com.gt\/#\/schema\/logo\/image\/"}}]}},"_links":{"self":[{"href":"https:\/\/tecplan.com.gt\/en\/wp-json\/wp\/v2\/product\/3577"}],"collection":[{"href":"https:\/\/tecplan.com.gt\/en\/wp-json\/wp\/v2\/product"}],"about":[{"href":"https:\/\/tecplan.com.gt\/en\/wp-json\/wp\/v2\/types\/product"}],"replies":[{"embeddable":true,"href":"https:\/\/tecplan.com.gt\/en\/wp-json\/wp\/v2\/comments?post=3577"}],"version-history":[{"count":0,"href":"https:\/\/tecplan.com.gt\/en\/wp-json\/wp\/v2\/product\/3577\/revisions"}],"wp:featuredmedia":[{"embeddable":true,"href":"https:\/\/tecplan.com.gt\/en\/wp-json\/wp\/v2\/media\/6312"}],"wp:attachment":[{"href":"https:\/\/tecplan.com.gt\/en\/wp-json\/wp\/v2\/media?parent=3577"}],"wp:term":[{"taxonomy":"product_brand","embeddable":true,"href":"https:\/\/tecplan.com.gt\/en\/wp-json\/wp\/v2\/product_brand?post=3577"},{"taxonomy":"product_cat","embeddable":true,"href":"https:\/\/tecplan.com.gt\/en\/wp-json\/wp\/v2\/product_cat?post=3577"},{"taxonomy":"product_tag","embeddable":true,"href":"https:\/\/tecplan.com.gt\/en\/wp-json\/wp\/v2\/product_tag?post=3577"}],"curies":[{"name":"wp","href":"https:\/\/api.w.org\/{rel}","templated":true}]}}