{"id":3589,"date":"2023-05-16T22:38:18","date_gmt":"2023-05-17T02:38:18","guid":{"rendered":"https:\/\/tecplan.com.gt\/?post_type=product&#038;p=3589"},"modified":"2024-01-25T14:06:54","modified_gmt":"2024-01-25T17:06:54","slug":"ccr2216-1g-12xs-2xq","status":"publish","type":"product","link":"https:\/\/tecplan.com.gt\/en\/product\/ccr2216-1g-12xs-2xq\/","title":{"rendered":"CCR2216-1G-12XS-2XQ"},"content":{"rendered":"<p>Start your 100 Gigabit journey with our new flagship product: Cloud Core Router 2216!\u00a0<b>Powerful 16-core CPU<\/b>\u00a0can trade blows with the powerful 72-core Tile CPU from our previous flagship \u2013 the CCR1072.<\/p>\n<p>But the exceptional\u00a0<b>switch-chip Marvell Prestera Aldrin2<\/b>\u00a0really takes it to the next level with\u00a0<b>L3 hardware offload<\/b>\u00a0! Our previous CCR2116 featured a switching chip with four 10G CPU connection lines, but this time there are four 25G lines!<\/p>\n<p>There is\u00a0<b>2 QSFP28 cages<\/b>\u00a0for ultra-fast 100 Gigabit connectivity,\u00a0<b>12 SFP28 cages<\/b>\u00a0for 25 Gigabit networks and one port\u00a0<b>Gigabit Ethernet .\u00a0<\/b>The device comes with\u00a0<b>16 GB RAM<\/b>\u00a0, decent NAND storage and\u00a0<b>Two M.2 SATA slots<\/b>\u00a0for additional storage. There are four hot-swappable fans, as well as dual-redundant hot-swappable power supplies. And these power supplies may look familiar if you\u2019ve used our CCR1072 before \u2013 you can continue to use your previous hot-swappable power supplies and SFP modules.<\/p>\n<p>You are saving time and money on accessories, while getting better performance with lower power consumption.\u00a0<b>This is the perfect upgrade for existing CCR1072 setups!<\/b><\/p>\n<h2>Specs<\/h2>\n<table class=\"table product-table\">\n<thead>\n<tr>\n<th colspan=\"2\">Details<\/th>\n<\/tr>\n<\/thead>\n<tbody>\n<tr>\n<td>Product code<\/td>\n<td>CCR2216-1G-12XS-2XQ<\/td>\n<\/tr>\n<tr>\n<td>Architecture<\/td>\n<td>64-bit arm<\/td>\n<\/tr>\n<tr>\n<td>UPC<\/td>\n<td>AL73400<\/td>\n<\/tr>\n<tr>\n<td>CPU Core Count<\/td>\n<td>sixteen<\/td>\n<\/tr>\n<tr>\n<td>Nominal CPU frequency<\/td>\n<td>2000 MHz<\/td>\n<\/tr>\n<tr>\n<td>Change chip model<\/td>\n<td>98DX8525<\/td>\n<\/tr>\n<tr>\n<td>Dimensions<\/td>\n<td>443x367x44mm<\/td>\n<\/tr>\n<tr>\n<td>Router OS License<\/td>\n<td>6<\/td>\n<\/tr>\n<tr>\n<td>Operating system<\/td>\n<td>RouterOS (solo v7)<\/td>\n<\/tr>\n<tr>\n<td>RAM Size<\/td>\n<td>16 GB<\/td>\n<\/tr>\n<tr>\n<td>Storage size<\/td>\n<td>128 MB<\/td>\n<\/tr>\n<tr>\n<td>Storage type<\/td>\n<td>NAND<\/td>\n<\/tr>\n<tr>\n<td>MTBF<\/td>\n<td>Approximately 200,000 hours at 25C<\/td>\n<\/tr>\n<tr>\n<td>Room temperature tested<\/td>\n<td>-20\u00b0C a 60\u00b0C<\/td>\n<\/tr>\n<tr>\n<td>IPsec hardware acceleration<\/td>\n<td>Yes<\/td>\n<\/tr>\n<\/tbody>\n<\/table>","protected":false},"excerpt":{"rendered":"<p>MikroTik\u2019s new flagship with the power of an entire fleet. Unleash the power of 100 Gigabit networks with L3 hardware offload! This router can be a handy upgrade for existing CCR1072 setups.<\/p>\n<p><a href=\"http:\/\/tecplan.com.gt\/wp-content\/uploads\/2023\/05\/CCR2216-1G-12XS-2XQ-3.pdf\" target=\"_blank\" rel=\"noopener\">See technical sheet<\/a><\/p>\n<p>&nbsp;<\/p>","protected":false},"featured_media":6328,"comment_status":"open","ping_status":"closed","template":"","meta":{"site-sidebar-layout":"default","site-content-layout":"default","ast-site-content-layout":"default","site-content-style":"default","site-sidebar-style":"default","ast-global-header-display":"","ast-banner-title-visibility":"","ast-main-header-display":"","ast-hfb-above-header-display":"","ast-hfb-below-header-display":"","ast-hfb-mobile-header-display":"","site-post-title":"","ast-breadcrumbs-content":"","ast-featured-img":"","footer-sml-layout":"","theme-transparent-header-meta":"default","adv-header-id-meta":"","stick-header-meta":"","header-above-stick-meta":"","header-main-stick-meta":"","header-below-stick-meta":"","astra-migrate-meta-layouts":"set","ast-page-background-enabled":"default","ast-page-background-meta":{"desktop":{"background-color":"var(--ast-global-color-4)","background-image":"","background-repeat":"repeat","background-position":"center center","background-size":"auto","background-attachment":"scroll","background-type":"","background-media":"","overlay-type":"","overlay-color":"","overlay-opacity":"","overlay-gradient":""},"tablet":{"background-color":"","background-image":"","background-repeat":"repeat","background-position":"center center","background-size":"auto","background-attachment":"scroll","background-type":"","background-media":"","overlay-type":"","overlay-color":"","overlay-opacity":"","overlay-gradient":""},"mobile":{"background-color":"","background-image":"","background-repeat":"repeat","background-position":"center center","background-size":"auto","background-attachment":"scroll","background-type":"","background-media":"","overlay-type":"","overlay-color":"","overlay-opacity":"","overlay-gradient":""}},"ast-content-background-meta":{"desktop":{"background-color":"var(--ast-global-color-5)","background-image":"","background-repeat":"repeat","background-position":"center center","background-size":"auto","background-attachment":"scroll","background-type":"","background-media":"","overlay-type":"","overlay-color":"","overlay-opacity":"","overlay-gradient":""},"tablet":{"background-color":"var(--ast-global-color-5)","background-image":"","background-repeat":"repeat","background-position":"center center","background-size":"auto","background-attachment":"scroll","background-type":"","background-media":"","overlay-type":"","overlay-color":"","overlay-opacity":"","overlay-gradient":""},"mobile":{"background-color":"var(--ast-global-color-5)","background-image":"","background-repeat":"repeat","background-position":"center center","background-size":"auto","background-attachment":"scroll","background-type":"","background-media":"","overlay-type":"","overlay-color":"","overlay-opacity":"","overlay-gradient":""}}},"product_brand":[],"product_cat":[35],"product_tag":[63],"class_list":{"0":"post-3589","1":"product","2":"type-product","3":"status-publish","4":"has-post-thumbnail","6":"product_cat-mikrotik","7":"product_tag-mikrotik","8":"desktop-align-left","9":"tablet-align-left","10":"mobile-align-left","12":"first","13":"instock","14":"shipping-taxable","15":"product-type-simple"},"yoast_head":"<!-- This site is optimized with the Yoast SEO plugin v24.6 - https:\/\/yoast.com\/wordpress\/plugins\/seo\/ -->\n<title>CCR2216-1G-12XS-2XQ -<\/title>\n<meta name=\"robots\" content=\"index, follow, max-snippet:-1, max-image-preview:large, max-video-preview:-1\" \/>\n<link rel=\"canonical\" href=\"https:\/\/tecplan.com.gt\/en\/product\/ccr2216-1g-12xs-2xq\/\" \/>\n<meta property=\"og:locale\" content=\"en_US\" \/>\n<meta property=\"og:type\" content=\"article\" \/>\n<meta property=\"og:title\" content=\"CCR2216-1G-12XS-2XQ -\" \/>\n<meta property=\"og:description\" content=\"El nuevo buque insignia de MikroTik con la potencia de toda una flota.\u00a0\u00a1Libere el poder de las redes de 100 Gigabits con la descarga de hardware L3!\u00a0Este enrutador puede ser una pr\u00e1ctica actualizaci\u00f3n para las configuraciones CCR1072 existentes.  Ver ficha t\u00e9cnica  &nbsp;\" \/>\n<meta property=\"og:url\" content=\"https:\/\/tecplan.com.gt\/en\/product\/ccr2216-1g-12xs-2xq\/\" \/>\n<meta property=\"article:modified_time\" content=\"2024-01-25T17:06:54+00:00\" \/>\n<meta property=\"og:image\" content=\"https:\/\/tecplan.com.gt\/wp-content\/uploads\/2023\/05\/CCR2216-1G-12XS-2XQ-01.jpg\" \/>\n\t<meta property=\"og:image:width\" content=\"2000\" \/>\n\t<meta property=\"og:image:height\" content=\"2000\" \/>\n\t<meta property=\"og:image:type\" content=\"image\/jpeg\" \/>\n<meta name=\"twitter:card\" content=\"summary_large_image\" \/>\n<meta name=\"twitter:label1\" content=\"Est. reading time\" \/>\n\t<meta name=\"twitter:data1\" content=\"2 minutes\" \/>\n<script type=\"application\/ld+json\" class=\"yoast-schema-graph\">{\"@context\":\"https:\/\/schema.org\",\"@graph\":[{\"@type\":\"WebPage\",\"@id\":\"https:\/\/tecplan.com.gt\/producto\/ccr2216-1g-12xs-2xq\/\",\"url\":\"https:\/\/tecplan.com.gt\/producto\/ccr2216-1g-12xs-2xq\/\",\"name\":\"CCR2216-1G-12XS-2XQ -\",\"isPartOf\":{\"@id\":\"https:\/\/tecplan.com.gt\/#website\"},\"primaryImageOfPage\":{\"@id\":\"https:\/\/tecplan.com.gt\/producto\/ccr2216-1g-12xs-2xq\/#primaryimage\"},\"image\":{\"@id\":\"https:\/\/tecplan.com.gt\/producto\/ccr2216-1g-12xs-2xq\/#primaryimage\"},\"thumbnailUrl\":\"\/wp-content\/uploads\/2023\/05\/CCR2216-1G-12XS-2XQ-01.jpg\",\"datePublished\":\"2023-05-17T02:38:18+00:00\",\"dateModified\":\"2024-01-25T17:06:54+00:00\",\"breadcrumb\":{\"@id\":\"https:\/\/tecplan.com.gt\/producto\/ccr2216-1g-12xs-2xq\/#breadcrumb\"},\"inLanguage\":\"en-US\",\"potentialAction\":[{\"@type\":\"ReadAction\",\"target\":[\"https:\/\/tecplan.com.gt\/producto\/ccr2216-1g-12xs-2xq\/\"]}]},{\"@type\":\"ImageObject\",\"inLanguage\":\"en-US\",\"@id\":\"https:\/\/tecplan.com.gt\/producto\/ccr2216-1g-12xs-2xq\/#primaryimage\",\"url\":\"\/wp-content\/uploads\/2023\/05\/CCR2216-1G-12XS-2XQ-01.jpg\",\"contentUrl\":\"\/wp-content\/uploads\/2023\/05\/CCR2216-1G-12XS-2XQ-01.jpg\",\"width\":2000,\"height\":2000},{\"@type\":\"BreadcrumbList\",\"@id\":\"https:\/\/tecplan.com.gt\/producto\/ccr2216-1g-12xs-2xq\/#breadcrumb\",\"itemListElement\":[{\"@type\":\"ListItem\",\"position\":1,\"name\":\"Portada\",\"item\":\"https:\/\/tecplan.com.gt\/\"},{\"@type\":\"ListItem\",\"position\":2,\"name\":\"Productos\",\"item\":\"https:\/\/tecplan.com.gt\/shop\/\"},{\"@type\":\"ListItem\",\"position\":3,\"name\":\"CCR2216-1G-12XS-2XQ\"}]},{\"@type\":\"WebSite\",\"@id\":\"https:\/\/tecplan.com.gt\/#website\",\"url\":\"https:\/\/tecplan.com.gt\/\",\"name\":\"Tecplan Argentina\",\"description\":\"Tecnolog\u00edas y equipos de telecomunicaciones\",\"publisher\":{\"@id\":\"https:\/\/tecplan.com.gt\/#organization\"},\"potentialAction\":[{\"@type\":\"SearchAction\",\"target\":{\"@type\":\"EntryPoint\",\"urlTemplate\":\"https:\/\/tecplan.com.gt\/?s={search_term_string}\"},\"query-input\":{\"@type\":\"PropertyValueSpecification\",\"valueRequired\":true,\"valueName\":\"search_term_string\"}}],\"inLanguage\":\"en-US\"},{\"@type\":\"Organization\",\"@id\":\"https:\/\/tecplan.com.gt\/#organization\",\"name\":\"Tecplan Argentina\",\"url\":\"https:\/\/tecplan.com.gt\/\",\"logo\":{\"@type\":\"ImageObject\",\"inLanguage\":\"en-US\",\"@id\":\"https:\/\/tecplan.com.gt\/#\/schema\/logo\/image\/\",\"url\":\"\/wp-content\/uploads\/2023\/03\/logo-tecplan.gif\",\"contentUrl\":\"\/wp-content\/uploads\/2023\/03\/logo-tecplan.gif\",\"width\":1920,\"height\":486,\"caption\":\"Tecplan Argentina\"},\"image\":{\"@id\":\"https:\/\/tecplan.com.gt\/#\/schema\/logo\/image\/\"}}]}<\/script>\n<!-- \/ Yoast SEO plugin. -->","yoast_head_json":{"title":"CCR2216-1G-12XS-2XQ -","robots":{"index":"index","follow":"follow","max-snippet":"max-snippet:-1","max-image-preview":"max-image-preview:large","max-video-preview":"max-video-preview:-1"},"canonical":"https:\/\/tecplan.com.gt\/en\/product\/ccr2216-1g-12xs-2xq\/","og_locale":"en_US","og_type":"article","og_title":"CCR2216-1G-12XS-2XQ -","og_description":"El nuevo buque insignia de MikroTik con la potencia de toda una flota.\u00a0\u00a1Libere el poder de las redes de 100 Gigabits con la descarga de hardware L3!\u00a0Este enrutador puede ser una pr\u00e1ctica actualizaci\u00f3n para las configuraciones CCR1072 existentes.  Ver ficha t\u00e9cnica  &nbsp;","og_url":"https:\/\/tecplan.com.gt\/en\/product\/ccr2216-1g-12xs-2xq\/","article_modified_time":"2024-01-25T17:06:54+00:00","og_image":[{"width":2000,"height":2000,"url":"https:\/\/tecplan.com.gt\/wp-content\/uploads\/2023\/05\/CCR2216-1G-12XS-2XQ-01.jpg","type":"image\/jpeg"}],"twitter_card":"summary_large_image","twitter_misc":{"Est. reading time":"2 minutes"},"schema":{"@context":"https:\/\/schema.org","@graph":[{"@type":"WebPage","@id":"https:\/\/tecplan.com.gt\/producto\/ccr2216-1g-12xs-2xq\/","url":"https:\/\/tecplan.com.gt\/producto\/ccr2216-1g-12xs-2xq\/","name":"CCR2216-1G-12XS-2XQ -","isPartOf":{"@id":"https:\/\/tecplan.com.gt\/#website"},"primaryImageOfPage":{"@id":"https:\/\/tecplan.com.gt\/producto\/ccr2216-1g-12xs-2xq\/#primaryimage"},"image":{"@id":"https:\/\/tecplan.com.gt\/producto\/ccr2216-1g-12xs-2xq\/#primaryimage"},"thumbnailUrl":"\/wp-content\/uploads\/2023\/05\/CCR2216-1G-12XS-2XQ-01.jpg","datePublished":"2023-05-17T02:38:18+00:00","dateModified":"2024-01-25T17:06:54+00:00","breadcrumb":{"@id":"https:\/\/tecplan.com.gt\/producto\/ccr2216-1g-12xs-2xq\/#breadcrumb"},"inLanguage":"en-US","potentialAction":[{"@type":"ReadAction","target":["https:\/\/tecplan.com.gt\/producto\/ccr2216-1g-12xs-2xq\/"]}]},{"@type":"ImageObject","inLanguage":"en-US","@id":"https:\/\/tecplan.com.gt\/producto\/ccr2216-1g-12xs-2xq\/#primaryimage","url":"\/wp-content\/uploads\/2023\/05\/CCR2216-1G-12XS-2XQ-01.jpg","contentUrl":"\/wp-content\/uploads\/2023\/05\/CCR2216-1G-12XS-2XQ-01.jpg","width":2000,"height":2000},{"@type":"BreadcrumbList","@id":"https:\/\/tecplan.com.gt\/producto\/ccr2216-1g-12xs-2xq\/#breadcrumb","itemListElement":[{"@type":"ListItem","position":1,"name":"Portada","item":"https:\/\/tecplan.com.gt\/"},{"@type":"ListItem","position":2,"name":"Productos","item":"https:\/\/tecplan.com.gt\/shop\/"},{"@type":"ListItem","position":3,"name":"CCR2216-1G-12XS-2XQ"}]},{"@type":"WebSite","@id":"https:\/\/tecplan.com.gt\/#website","url":"https:\/\/tecplan.com.gt\/","name":"Tecplan Argentina","description":"Tecnolog\u00edas y equipos de telecomunicaciones","publisher":{"@id":"https:\/\/tecplan.com.gt\/#organization"},"potentialAction":[{"@type":"SearchAction","target":{"@type":"EntryPoint","urlTemplate":"https:\/\/tecplan.com.gt\/?s={search_term_string}"},"query-input":{"@type":"PropertyValueSpecification","valueRequired":true,"valueName":"search_term_string"}}],"inLanguage":"en-US"},{"@type":"Organization","@id":"https:\/\/tecplan.com.gt\/#organization","name":"Tecplan Argentina","url":"https:\/\/tecplan.com.gt\/","logo":{"@type":"ImageObject","inLanguage":"en-US","@id":"https:\/\/tecplan.com.gt\/#\/schema\/logo\/image\/","url":"\/wp-content\/uploads\/2023\/03\/logo-tecplan.gif","contentUrl":"\/wp-content\/uploads\/2023\/03\/logo-tecplan.gif","width":1920,"height":486,"caption":"Tecplan Argentina"},"image":{"@id":"https:\/\/tecplan.com.gt\/#\/schema\/logo\/image\/"}}]}},"_links":{"self":[{"href":"https:\/\/tecplan.com.gt\/en\/wp-json\/wp\/v2\/product\/3589"}],"collection":[{"href":"https:\/\/tecplan.com.gt\/en\/wp-json\/wp\/v2\/product"}],"about":[{"href":"https:\/\/tecplan.com.gt\/en\/wp-json\/wp\/v2\/types\/product"}],"replies":[{"embeddable":true,"href":"https:\/\/tecplan.com.gt\/en\/wp-json\/wp\/v2\/comments?post=3589"}],"version-history":[{"count":0,"href":"https:\/\/tecplan.com.gt\/en\/wp-json\/wp\/v2\/product\/3589\/revisions"}],"wp:featuredmedia":[{"embeddable":true,"href":"https:\/\/tecplan.com.gt\/en\/wp-json\/wp\/v2\/media\/6328"}],"wp:attachment":[{"href":"https:\/\/tecplan.com.gt\/en\/wp-json\/wp\/v2\/media?parent=3589"}],"wp:term":[{"taxonomy":"product_brand","embeddable":true,"href":"https:\/\/tecplan.com.gt\/en\/wp-json\/wp\/v2\/product_brand?post=3589"},{"taxonomy":"product_cat","embeddable":true,"href":"https:\/\/tecplan.com.gt\/en\/wp-json\/wp\/v2\/product_cat?post=3589"},{"taxonomy":"product_tag","embeddable":true,"href":"https:\/\/tecplan.com.gt\/en\/wp-json\/wp\/v2\/product_tag?post=3589"}],"curies":[{"name":"wp","href":"https:\/\/api.w.org\/{rel}","templated":true}]}}