{"id":3592,"date":"2023-05-16T22:41:34","date_gmt":"2023-05-17T02:41:34","guid":{"rendered":"https:\/\/tecplan.com.gt\/?post_type=product&#038;p=3592"},"modified":"2024-01-25T13:54:31","modified_gmt":"2024-01-25T16:54:31","slug":"ccr2116-12g-4s","status":"publish","type":"product","link":"https:\/\/tecplan.com.gt\/en\/product\/ccr2116-12g-4s\/","title":{"rendered":"CCR2116-12G-4S+"},"content":{"rendered":"<p>We wanted to see the full potential of good, old, reliable 10G networking combined with a modern CPU. The CCR2116-12G-4S+ lets you forget about CPU limitations in your setup. Like its little brother, the amazing CCR2004, this router features Amazon Annapurna Labs\u2019 powerful Alpine CPU.<\/p>\n<p>But with 16 cores running at 2GHz, this CCR eats the other one for breakfast. For example, we see at least a 15% increase in single-core performance. And that's the most important aspect when it comes to heavy, per-connection processing-based operations. Like queuing, for example. CCR2116-12G-4S+ sets the bar for\u00a0<b>a new standard of single-core performance across the entire CCR product family!\u00a0<\/b>And it supports Layer 3 hardware offload!<\/p>\n<p>Obviously, you need the right connectivity to harness this power. There are\u00a0<b>four 10G SFP+ ports.\u00a0<\/b>They have a separate full-duplex line connected to the Marvell Aldrin family switch chip. Then we have Gigabit Ethernet ports. 12 of them are running through the Marvel chip. And there\u2019s another Gigabit port connected directly to the CPU. For management purposes.<\/p>\n<p>Each group of 4 ports has an independent full duplex connection to the switch chip. No bottlenecks here. You can expect switch-like performance in most configurations. The new generation of processors delivers mind-blowing performance.\u00a0<b>If you look at the CCR1036, the powerhouse with a 36-core CPU, the new CCR2116 can easily double the performance. 16 cores versus 36 cores. Double the performance. Or even more.<\/b><\/p>\n<p>If you are a fairly large ISP, dealing with dynamic routing, massive BGP, complex firewall rules, and intricate QoS configurations\u2026 This is the device for you. Combining raw power and utility with the reliable 10G network. And yes, as with any ISP-grade device, we have included a\u00a0<b>dual redundant power supply.\u00a0<\/b>So you have one less thing to worry about.<\/p>\n<p>CCR2116-12G-4S+: Time-tested technology, built for the future.<\/p>\n<h2>Specs<\/h2>\n<table class=\"table product-table\">\n<thead>\n<tr>\n<th colspan=\"2\">Details<\/th>\n<\/tr>\n<\/thead>\n<tbody>\n<tr>\n<td>Product code<\/td>\n<td>CCR2116-12G-4S+<\/td>\n<\/tr>\n<tr>\n<td>Architecture<\/td>\n<td>64-bit arm<\/td>\n<\/tr>\n<tr>\n<td>UPC<\/td>\n<td>AL73400<\/td>\n<\/tr>\n<tr>\n<td>CPU Core Count<\/td>\n<td>sixteen<\/td>\n<\/tr>\n<tr>\n<td>Nominal CPU frequency<\/td>\n<td>2000 MHz<\/td>\n<\/tr>\n<tr>\n<td>Change chip model<\/td>\n<td>98DX3255<\/td>\n<\/tr>\n<tr>\n<td>Dimensions<\/td>\n<td>443x199x44mm<\/td>\n<\/tr>\n<tr>\n<td>Router OS License<\/td>\n<td>6<\/td>\n<\/tr>\n<tr>\n<td>Operating system<\/td>\n<td>RouterOS (solo v7)<\/td>\n<\/tr>\n<tr>\n<td>RAM Size<\/td>\n<td>16 GB<\/td>\n<\/tr>\n<tr>\n<td>Storage size<\/td>\n<td>128 MB<\/td>\n<\/tr>\n<tr>\n<td>Storage type<\/td>\n<td>NAND<\/td>\n<\/tr>\n<tr>\n<td>MTBF<\/td>\n<td>Approximately 200,000 hours at 25C<\/td>\n<\/tr>\n<tr>\n<td>Room temperature tested<\/td>\n<td>-20\u00b0C a 60\u00b0C<\/td>\n<\/tr>\n<tr>\n<td>IPsec hardware acceleration<\/td>\n<td>Yes<\/td>\n<\/tr>\n<\/tbody>\n<\/table>","protected":false},"excerpt":{"rendered":"<p>Forget CPU limitations in 10G configurations with this powerful 16-core ARM CPU-based CCR. Double the performance of our previous 36-core CCR, 6x faster BGP throughput. Includes an M.2 PCIe slot.<\/p>\n<p><a href=\"http:\/\/tecplan.com.gt\/wp-content\/uploads\/2023\/05\/CCR2116-12G-4S7_211200-1.pdf\" target=\"_blank\" rel=\"noopener\">See technical sheet<\/a><\/p>\n<p>&nbsp;<\/p>","protected":false},"featured_media":6325,"comment_status":"open","ping_status":"closed","template":"","meta":{"site-sidebar-layout":"default","site-content-layout":"default","ast-site-content-layout":"default","site-content-style":"default","site-sidebar-style":"default","ast-global-header-display":"","ast-banner-title-visibility":"","ast-main-header-display":"","ast-hfb-above-header-display":"","ast-hfb-below-header-display":"","ast-hfb-mobile-header-display":"","site-post-title":"","ast-breadcrumbs-content":"","ast-featured-img":"","footer-sml-layout":"","theme-transparent-header-meta":"default","adv-header-id-meta":"","stick-header-meta":"","header-above-stick-meta":"","header-main-stick-meta":"","header-below-stick-meta":"","astra-migrate-meta-layouts":"set","ast-page-background-enabled":"default","ast-page-background-meta":{"desktop":{"background-color":"var(--ast-global-color-4)","background-image":"","background-repeat":"repeat","background-position":"center center","background-size":"auto","background-attachment":"scroll","background-type":"","background-media":"","overlay-type":"","overlay-color":"","overlay-opacity":"","overlay-gradient":""},"tablet":{"background-color":"","background-image":"","background-repeat":"repeat","background-position":"center center","background-size":"auto","background-attachment":"scroll","background-type":"","background-media":"","overlay-type":"","overlay-color":"","overlay-opacity":"","overlay-gradient":""},"mobile":{"background-color":"","background-image":"","background-repeat":"repeat","background-position":"center center","background-size":"auto","background-attachment":"scroll","background-type":"","background-media":"","overlay-type":"","overlay-color":"","overlay-opacity":"","overlay-gradient":""}},"ast-content-background-meta":{"desktop":{"background-color":"var(--ast-global-color-5)","background-image":"","background-repeat":"repeat","background-position":"center center","background-size":"auto","background-attachment":"scroll","background-type":"","background-media":"","overlay-type":"","overlay-color":"","overlay-opacity":"","overlay-gradient":""},"tablet":{"background-color":"var(--ast-global-color-5)","background-image":"","background-repeat":"repeat","background-position":"center center","background-size":"auto","background-attachment":"scroll","background-type":"","background-media":"","overlay-type":"","overlay-color":"","overlay-opacity":"","overlay-gradient":""},"mobile":{"background-color":"var(--ast-global-color-5)","background-image":"","background-repeat":"repeat","background-position":"center center","background-size":"auto","background-attachment":"scroll","background-type":"","background-media":"","overlay-type":"","overlay-color":"","overlay-opacity":"","overlay-gradient":""}}},"product_brand":[],"product_cat":[35],"product_tag":[63],"class_list":{"0":"post-3592","1":"product","2":"type-product","3":"status-publish","4":"has-post-thumbnail","6":"product_cat-mikrotik","7":"product_tag-mikrotik","8":"desktop-align-left","9":"tablet-align-left","10":"mobile-align-left","12":"first","13":"instock","14":"shipping-taxable","15":"product-type-simple"},"yoast_head":"<!-- This site is optimized with the Yoast SEO plugin v24.6 - https:\/\/yoast.com\/wordpress\/plugins\/seo\/ -->\n<title>CCR2116-12G-4S+ -<\/title>\n<meta name=\"robots\" content=\"index, follow, max-snippet:-1, max-image-preview:large, max-video-preview:-1\" \/>\n<link rel=\"canonical\" href=\"https:\/\/tecplan.com.gt\/en\/product\/ccr2116-12g-4s\/\" \/>\n<meta property=\"og:locale\" content=\"en_US\" \/>\n<meta property=\"og:type\" content=\"article\" \/>\n<meta property=\"og:title\" content=\"CCR2116-12G-4S+ -\" \/>\n<meta property=\"og:description\" content=\"Olv\u00eddese de las limitaciones de la CPU en configuraciones 10G con este potente CCR basado en CPU ARM de 16 n\u00facleos.\u00a0Duplique el rendimiento de nuestro anterior CCR de 36 n\u00facleos, rendimiento BGP 6 veces m\u00e1s r\u00e1pido.\u00a0Incluye una ranura M.2 PCIe.  Ver ficha t\u00e9cnica  &nbsp;\" \/>\n<meta property=\"og:url\" content=\"https:\/\/tecplan.com.gt\/en\/product\/ccr2116-12g-4s\/\" \/>\n<meta property=\"article:modified_time\" content=\"2024-01-25T16:54:31+00:00\" \/>\n<meta property=\"og:image\" content=\"https:\/\/tecplan.com.gt\/wp-content\/uploads\/2023\/05\/CCR2116-12G-4S-01.jpg\" \/>\n\t<meta property=\"og:image:width\" content=\"2000\" \/>\n\t<meta property=\"og:image:height\" content=\"2000\" \/>\n\t<meta property=\"og:image:type\" content=\"image\/jpeg\" \/>\n<meta name=\"twitter:card\" content=\"summary_large_image\" \/>\n<meta name=\"twitter:label1\" content=\"Est. reading time\" \/>\n\t<meta name=\"twitter:data1\" content=\"3 minutes\" \/>\n<script type=\"application\/ld+json\" class=\"yoast-schema-graph\">{\"@context\":\"https:\/\/schema.org\",\"@graph\":[{\"@type\":\"WebPage\",\"@id\":\"https:\/\/tecplan.com.gt\/producto\/ccr2116-12g-4s\/\",\"url\":\"https:\/\/tecplan.com.gt\/producto\/ccr2116-12g-4s\/\",\"name\":\"CCR2116-12G-4S+ -\",\"isPartOf\":{\"@id\":\"https:\/\/tecplan.com.gt\/#website\"},\"primaryImageOfPage\":{\"@id\":\"https:\/\/tecplan.com.gt\/producto\/ccr2116-12g-4s\/#primaryimage\"},\"image\":{\"@id\":\"https:\/\/tecplan.com.gt\/producto\/ccr2116-12g-4s\/#primaryimage\"},\"thumbnailUrl\":\"\/wp-content\/uploads\/2023\/05\/CCR2116-12G-4S-01.jpg\",\"datePublished\":\"2023-05-17T02:41:34+00:00\",\"dateModified\":\"2024-01-25T16:54:31+00:00\",\"breadcrumb\":{\"@id\":\"https:\/\/tecplan.com.gt\/producto\/ccr2116-12g-4s\/#breadcrumb\"},\"inLanguage\":\"en-US\",\"potentialAction\":[{\"@type\":\"ReadAction\",\"target\":[\"https:\/\/tecplan.com.gt\/producto\/ccr2116-12g-4s\/\"]}]},{\"@type\":\"ImageObject\",\"inLanguage\":\"en-US\",\"@id\":\"https:\/\/tecplan.com.gt\/producto\/ccr2116-12g-4s\/#primaryimage\",\"url\":\"\/wp-content\/uploads\/2023\/05\/CCR2116-12G-4S-01.jpg\",\"contentUrl\":\"\/wp-content\/uploads\/2023\/05\/CCR2116-12G-4S-01.jpg\",\"width\":2000,\"height\":2000},{\"@type\":\"BreadcrumbList\",\"@id\":\"https:\/\/tecplan.com.gt\/producto\/ccr2116-12g-4s\/#breadcrumb\",\"itemListElement\":[{\"@type\":\"ListItem\",\"position\":1,\"name\":\"Portada\",\"item\":\"https:\/\/tecplan.com.gt\/\"},{\"@type\":\"ListItem\",\"position\":2,\"name\":\"Productos\",\"item\":\"https:\/\/tecplan.com.gt\/shop\/\"},{\"@type\":\"ListItem\",\"position\":3,\"name\":\"CCR2116-12G-4S+\"}]},{\"@type\":\"WebSite\",\"@id\":\"https:\/\/tecplan.com.gt\/#website\",\"url\":\"https:\/\/tecplan.com.gt\/\",\"name\":\"Tecplan Argentina\",\"description\":\"Tecnolog\u00edas y equipos de telecomunicaciones\",\"publisher\":{\"@id\":\"https:\/\/tecplan.com.gt\/#organization\"},\"potentialAction\":[{\"@type\":\"SearchAction\",\"target\":{\"@type\":\"EntryPoint\",\"urlTemplate\":\"https:\/\/tecplan.com.gt\/?s={search_term_string}\"},\"query-input\":{\"@type\":\"PropertyValueSpecification\",\"valueRequired\":true,\"valueName\":\"search_term_string\"}}],\"inLanguage\":\"en-US\"},{\"@type\":\"Organization\",\"@id\":\"https:\/\/tecplan.com.gt\/#organization\",\"name\":\"Tecplan Argentina\",\"url\":\"https:\/\/tecplan.com.gt\/\",\"logo\":{\"@type\":\"ImageObject\",\"inLanguage\":\"en-US\",\"@id\":\"https:\/\/tecplan.com.gt\/#\/schema\/logo\/image\/\",\"url\":\"\/wp-content\/uploads\/2023\/03\/logo-tecplan.gif\",\"contentUrl\":\"\/wp-content\/uploads\/2023\/03\/logo-tecplan.gif\",\"width\":1920,\"height\":486,\"caption\":\"Tecplan Argentina\"},\"image\":{\"@id\":\"https:\/\/tecplan.com.gt\/#\/schema\/logo\/image\/\"}}]}<\/script>\n<!-- \/ Yoast SEO plugin. -->","yoast_head_json":{"title":"CCR2116-12G-4S+ -","robots":{"index":"index","follow":"follow","max-snippet":"max-snippet:-1","max-image-preview":"max-image-preview:large","max-video-preview":"max-video-preview:-1"},"canonical":"https:\/\/tecplan.com.gt\/en\/product\/ccr2116-12g-4s\/","og_locale":"en_US","og_type":"article","og_title":"CCR2116-12G-4S+ -","og_description":"Olv\u00eddese de las limitaciones de la CPU en configuraciones 10G con este potente CCR basado en CPU ARM de 16 n\u00facleos.\u00a0Duplique el rendimiento de nuestro anterior CCR de 36 n\u00facleos, rendimiento BGP 6 veces m\u00e1s r\u00e1pido.\u00a0Incluye una ranura M.2 PCIe.  Ver ficha t\u00e9cnica  &nbsp;","og_url":"https:\/\/tecplan.com.gt\/en\/product\/ccr2116-12g-4s\/","article_modified_time":"2024-01-25T16:54:31+00:00","og_image":[{"width":2000,"height":2000,"url":"https:\/\/tecplan.com.gt\/wp-content\/uploads\/2023\/05\/CCR2116-12G-4S-01.jpg","type":"image\/jpeg"}],"twitter_card":"summary_large_image","twitter_misc":{"Est. reading time":"3 minutes"},"schema":{"@context":"https:\/\/schema.org","@graph":[{"@type":"WebPage","@id":"https:\/\/tecplan.com.gt\/producto\/ccr2116-12g-4s\/","url":"https:\/\/tecplan.com.gt\/producto\/ccr2116-12g-4s\/","name":"CCR2116-12G-4S+ -","isPartOf":{"@id":"https:\/\/tecplan.com.gt\/#website"},"primaryImageOfPage":{"@id":"https:\/\/tecplan.com.gt\/producto\/ccr2116-12g-4s\/#primaryimage"},"image":{"@id":"https:\/\/tecplan.com.gt\/producto\/ccr2116-12g-4s\/#primaryimage"},"thumbnailUrl":"\/wp-content\/uploads\/2023\/05\/CCR2116-12G-4S-01.jpg","datePublished":"2023-05-17T02:41:34+00:00","dateModified":"2024-01-25T16:54:31+00:00","breadcrumb":{"@id":"https:\/\/tecplan.com.gt\/producto\/ccr2116-12g-4s\/#breadcrumb"},"inLanguage":"en-US","potentialAction":[{"@type":"ReadAction","target":["https:\/\/tecplan.com.gt\/producto\/ccr2116-12g-4s\/"]}]},{"@type":"ImageObject","inLanguage":"en-US","@id":"https:\/\/tecplan.com.gt\/producto\/ccr2116-12g-4s\/#primaryimage","url":"\/wp-content\/uploads\/2023\/05\/CCR2116-12G-4S-01.jpg","contentUrl":"\/wp-content\/uploads\/2023\/05\/CCR2116-12G-4S-01.jpg","width":2000,"height":2000},{"@type":"BreadcrumbList","@id":"https:\/\/tecplan.com.gt\/producto\/ccr2116-12g-4s\/#breadcrumb","itemListElement":[{"@type":"ListItem","position":1,"name":"Portada","item":"https:\/\/tecplan.com.gt\/"},{"@type":"ListItem","position":2,"name":"Productos","item":"https:\/\/tecplan.com.gt\/shop\/"},{"@type":"ListItem","position":3,"name":"CCR2116-12G-4S+"}]},{"@type":"WebSite","@id":"https:\/\/tecplan.com.gt\/#website","url":"https:\/\/tecplan.com.gt\/","name":"Tecplan Argentina","description":"Tecnolog\u00edas y equipos de telecomunicaciones","publisher":{"@id":"https:\/\/tecplan.com.gt\/#organization"},"potentialAction":[{"@type":"SearchAction","target":{"@type":"EntryPoint","urlTemplate":"https:\/\/tecplan.com.gt\/?s={search_term_string}"},"query-input":{"@type":"PropertyValueSpecification","valueRequired":true,"valueName":"search_term_string"}}],"inLanguage":"en-US"},{"@type":"Organization","@id":"https:\/\/tecplan.com.gt\/#organization","name":"Tecplan Argentina","url":"https:\/\/tecplan.com.gt\/","logo":{"@type":"ImageObject","inLanguage":"en-US","@id":"https:\/\/tecplan.com.gt\/#\/schema\/logo\/image\/","url":"\/wp-content\/uploads\/2023\/03\/logo-tecplan.gif","contentUrl":"\/wp-content\/uploads\/2023\/03\/logo-tecplan.gif","width":1920,"height":486,"caption":"Tecplan Argentina"},"image":{"@id":"https:\/\/tecplan.com.gt\/#\/schema\/logo\/image\/"}}]}},"_links":{"self":[{"href":"https:\/\/tecplan.com.gt\/en\/wp-json\/wp\/v2\/product\/3592"}],"collection":[{"href":"https:\/\/tecplan.com.gt\/en\/wp-json\/wp\/v2\/product"}],"about":[{"href":"https:\/\/tecplan.com.gt\/en\/wp-json\/wp\/v2\/types\/product"}],"replies":[{"embeddable":true,"href":"https:\/\/tecplan.com.gt\/en\/wp-json\/wp\/v2\/comments?post=3592"}],"version-history":[{"count":0,"href":"https:\/\/tecplan.com.gt\/en\/wp-json\/wp\/v2\/product\/3592\/revisions"}],"wp:featuredmedia":[{"embeddable":true,"href":"https:\/\/tecplan.com.gt\/en\/wp-json\/wp\/v2\/media\/6325"}],"wp:attachment":[{"href":"https:\/\/tecplan.com.gt\/en\/wp-json\/wp\/v2\/media?parent=3592"}],"wp:term":[{"taxonomy":"product_brand","embeddable":true,"href":"https:\/\/tecplan.com.gt\/en\/wp-json\/wp\/v2\/product_brand?post=3592"},{"taxonomy":"product_cat","embeddable":true,"href":"https:\/\/tecplan.com.gt\/en\/wp-json\/wp\/v2\/product_cat?post=3592"},{"taxonomy":"product_tag","embeddable":true,"href":"https:\/\/tecplan.com.gt\/en\/wp-json\/wp\/v2\/product_tag?post=3592"}],"curies":[{"name":"wp","href":"https:\/\/api.w.org\/{rel}","templated":true}]}}