{"id":3611,"date":"2023-05-17T11:58:52","date_gmt":"2023-05-17T15:58:52","guid":{"rendered":"https:\/\/tecplan.com.gt\/?post_type=product&#038;p=3611"},"modified":"2024-07-22T11:24:57","modified_gmt":"2024-07-22T17:24:57","slug":"next-generation-gateway-pro","status":"publish","type":"product","link":"https:\/\/tecplan.com.gt\/en\/product\/next-generation-gateway-pro\/","title":{"rendered":"Next-generation Gateway Pro"},"content":{"rendered":"<div>\n<div class=\"productDescription_UbV5SNP5Eo\" data-selenium=\"overviewLongDescription\">\n<div class=\"js-injected-html text_UbV5SNP5Eo\">\n<p>UniFi\u00a0<b>Next-Generation Gateway Pro<\/b>\u00a0(UXG Pro) by\u00a0<b>Ubiquiti Networks<\/b>UniFi Pro UXG Pro is a powerful security gateway that offers a versatile network interface and enterprise-class threat management functionality for mid- to large-sized networks. The UXG Pro is equipped with two WAN ports\u2014one Gigabit Ethernet RJ45 and one 10G SFP+\u2014providing failover support, as well as two LAN ports (GbE RJ45 and 10G SFP+) to deliver the high-speed connectivity needed to support the most bandwidth-intensive applications. It also excels as a complete network security solution, offering a full suite of threat mitigation features including deep packet inspection (DPI), intrusion detection and prevention systems (IDS\/IPS), and layered firewall configuration. The UXG Pro can be paired with a separately purchased Cloud Key Plus to create a highly powerful, secure deployment that can be fully managed with the UniFi Network app.<\/p>\n<\/div>\n<\/div>\n<\/div>\n<div class=\"feature_UbV5SNP5Eo\">\n<div class=\"feature_UbV5SNP5Eo\">\n<div class=\"feature_UbV5SNP5Eo\">\n<div class=\"featureHeader_UbV5SNP5Eo\">\n<div class=\"text_TAw0W35QK_ comfy_TAw0W35QK_ sizeTitle2_TAw0W35QK_ weightNormal_TAw0W35QK_ primary_i3MsQsqoe0\"><strong>UniFi Network Application<\/strong><\/div>\n<\/div>\n<div>\n<div class=\"js-injected-html text_UbV5SNP5Eo\">\n<ul>\n<li>Centrally manage multiple networks from one intuitive interface<\/li>\n<li>Enjoy real-time device information and deep configuration options<\/li>\n<li>Update device firmware remotely<\/li>\n<li>Managing network users and guests<\/li>\n<li>Customize the layout, architecture, and privacy of guest access points<\/li>\n<li>Quickly set up devices and manage them on the go with a powerful mobile app<\/li>\n<\/ul>\n<div class=\"title_OMS5rN7R1Z\">\n<div class=\"text_TAw0W35QK_ comfy_TAw0W35QK_ sizeTitle4_TAw0W35QK_ weightBold_TAw0W35QK_ primary_i3MsQsqoe0\" data-selenium=\"sellingPointsTitle\"><strong>Main features<\/strong><\/div>\n<\/div>\n<ul class=\"list_OMS5rN7R1Z\">\n<li class=\"listItem_OMS5rN7R1Z\" data-selenium=\"sellingPointsListItem\">Ethernet Gigabit |\u00a0Puertos WAN 10G SFP+<\/li>\n<li class=\"listItem_OMS5rN7R1Z\" data-selenium=\"sellingPointsListItem\">Ethernet Gigabit |\u00a0Puertos WAN 10G SFP+<\/li>\n<li class=\"listItem_OMS5rN7R1Z\" data-selenium=\"sellingPointsListItem\">WAN Failover Support<\/li>\n<li class=\"listItem_OMS5rN7R1Z\" data-selenium=\"sellingPointsListItem\">DPI, IPS\/IDS and Layered Firewalls<\/li>\n<li class=\"listItem_OMS5rN7R1Z\" data-selenium=\"sellingPointsListItem\">1.3\u2033 touch screen<\/li>\n<li class=\"listItem_OMS5rN7R1Z\" data-selenium=\"sellingPointsListItem\">Rack mount design<\/li>\n<li class=\"listItem_OMS5rN7R1Z\" data-selenium=\"sellingPointsListItem\">Supports Cloud Key Plus<\/li>\n<li class=\"listItem_OMS5rN7R1Z\" data-selenium=\"sellingPointsListItem\">Works with the UniFi Network App<\/li>\n<\/ul>\n<\/div>\n<\/div>\n<\/div>\n<\/div>\n<\/div>","protected":false},"excerpt":{"rendered":"<p>UniFi\u00a0<b>Next-Generation Gateway Pro<\/b>\u00a0(UXG Pro) by\u00a0<b>Ubiquiti Networks <\/b>is a powerful security gateway that offers a versatile network interface and enterprise-class threat management functionality for medium and large networks.<\/p>\n<p><a href=\"http:\/\/tecplan.com.gt\/wp-content\/uploads\/2023\/05\/uxg-pro_ds.pdf\" target=\"_blank\" rel=\"noopener\">See technical sheet<\/a><\/p>\n<p>&nbsp;<\/p>","protected":false},"featured_media":3613,"comment_status":"open","ping_status":"closed","template":"","meta":{"site-sidebar-layout":"default","site-content-layout":"default","ast-site-content-layout":"","site-content-style":"default","site-sidebar-style":"default","ast-global-header-display":"","ast-banner-title-visibility":"","ast-main-header-display":"","ast-hfb-above-header-display":"","ast-hfb-below-header-display":"","ast-hfb-mobile-header-display":"","site-post-title":"","ast-breadcrumbs-content":"","ast-featured-img":"","footer-sml-layout":"","theme-transparent-header-meta":"default","adv-header-id-meta":"","stick-header-meta":"","header-above-stick-meta":"","header-main-stick-meta":"","header-below-stick-meta":"","astra-migrate-meta-layouts":"default","ast-page-background-enabled":"default","ast-page-background-meta":{"desktop":{"background-color":"var(--ast-global-color-4)","background-image":"","background-repeat":"repeat","background-position":"center center","background-size":"auto","background-attachment":"scroll","background-type":"","background-media":"","overlay-type":"","overlay-color":"","overlay-opacity":"","overlay-gradient":""},"tablet":{"background-color":"","background-image":"","background-repeat":"repeat","background-position":"center center","background-size":"auto","background-attachment":"scroll","background-type":"","background-media":"","overlay-type":"","overlay-color":"","overlay-opacity":"","overlay-gradient":""},"mobile":{"background-color":"","background-image":"","background-repeat":"repeat","background-position":"center center","background-size":"auto","background-attachment":"scroll","background-type":"","background-media":"","overlay-type":"","overlay-color":"","overlay-opacity":"","overlay-gradient":""}},"ast-content-background-meta":{"desktop":{"background-color":"var(--ast-global-color-5)","background-image":"","background-repeat":"repeat","background-position":"center center","background-size":"auto","background-attachment":"scroll","background-type":"","background-media":"","overlay-type":"","overlay-color":"","overlay-opacity":"","overlay-gradient":""},"tablet":{"background-color":"var(--ast-global-color-5)","background-image":"","background-repeat":"repeat","background-position":"center center","background-size":"auto","background-attachment":"scroll","background-type":"","background-media":"","overlay-type":"","overlay-color":"","overlay-opacity":"","overlay-gradient":""},"mobile":{"background-color":"var(--ast-global-color-5)","background-image":"","background-repeat":"repeat","background-position":"center center","background-size":"auto","background-attachment":"scroll","background-type":"","background-media":"","overlay-type":"","overlay-color":"","overlay-opacity":"","overlay-gradient":""}}},"product_brand":[],"product_cat":[86,38],"product_tag":[62],"class_list":{"0":"post-3611","1":"product","2":"type-product","3":"status-publish","4":"has-post-thumbnail","6":"product_cat-sin-categoria","7":"product_cat-ubiquiti","8":"product_tag-ubiquiti","9":"desktop-align-left","10":"tablet-align-left","11":"mobile-align-left","13":"first","14":"instock","15":"shipping-taxable","16":"product-type-simple"},"yoast_head":"<!-- This site is optimized with the Yoast SEO plugin v24.6 - https:\/\/yoast.com\/wordpress\/plugins\/seo\/ -->\n<title>Next-generation Gateway Pro -<\/title>\n<meta name=\"robots\" content=\"index, follow, max-snippet:-1, max-image-preview:large, max-video-preview:-1\" \/>\n<link rel=\"canonical\" href=\"https:\/\/tecplan.com.gt\/en\/product\/next-generation-gateway-pro\/\" \/>\n<meta property=\"og:locale\" content=\"en_US\" \/>\n<meta property=\"og:type\" content=\"article\" \/>\n<meta property=\"og:title\" content=\"Next-generation Gateway Pro -\" \/>\n<meta property=\"og:description\" content=\"UniFi\u00a0Next-Generation Gateway Pro\u00a0(UXG Pro) de\u00a0Ubiquiti Networks es una poderosa puerta de enlace de seguridad que ofrece una interfaz de red vers\u00e1til y funcionalidad de administraci\u00f3n de amenazas de clase empresarial para redes medianas y grandes.  Ver ficha t\u00e9cnica  &nbsp;\" \/>\n<meta property=\"og:url\" content=\"https:\/\/tecplan.com.gt\/en\/product\/next-generation-gateway-pro\/\" \/>\n<meta property=\"article:modified_time\" content=\"2024-07-22T17:24:57+00:00\" \/>\n<meta property=\"og:image\" content=\"https:\/\/tecplan.com.gt\/wp-content\/uploads\/2023\/05\/1654095250_IMG_1765505.png\" \/>\n\t<meta property=\"og:image:width\" content=\"500\" \/>\n\t<meta property=\"og:image:height\" content=\"500\" \/>\n\t<meta property=\"og:image:type\" content=\"image\/png\" \/>\n<meta name=\"twitter:card\" content=\"summary_large_image\" \/>\n<meta name=\"twitter:label1\" content=\"Est. reading time\" \/>\n\t<meta name=\"twitter:data1\" content=\"2 minutes\" \/>\n<script type=\"application\/ld+json\" class=\"yoast-schema-graph\">{\"@context\":\"https:\/\/schema.org\",\"@graph\":[{\"@type\":\"WebPage\",\"@id\":\"https:\/\/tecplan.com.gt\/producto\/next-generation-gateway-pro\/\",\"url\":\"https:\/\/tecplan.com.gt\/producto\/next-generation-gateway-pro\/\",\"name\":\"Next-generation Gateway Pro -\",\"isPartOf\":{\"@id\":\"https:\/\/tecplan.com.gt\/#website\"},\"primaryImageOfPage\":{\"@id\":\"https:\/\/tecplan.com.gt\/producto\/next-generation-gateway-pro\/#primaryimage\"},\"image\":{\"@id\":\"https:\/\/tecplan.com.gt\/producto\/next-generation-gateway-pro\/#primaryimage\"},\"thumbnailUrl\":\"\/wp-content\/uploads\/2023\/05\/1654095250_IMG_1765505.png\",\"datePublished\":\"2023-05-17T15:58:52+00:00\",\"dateModified\":\"2024-07-22T17:24:57+00:00\",\"breadcrumb\":{\"@id\":\"https:\/\/tecplan.com.gt\/producto\/next-generation-gateway-pro\/#breadcrumb\"},\"inLanguage\":\"en-US\",\"potentialAction\":[{\"@type\":\"ReadAction\",\"target\":[\"https:\/\/tecplan.com.gt\/producto\/next-generation-gateway-pro\/\"]}]},{\"@type\":\"ImageObject\",\"inLanguage\":\"en-US\",\"@id\":\"https:\/\/tecplan.com.gt\/producto\/next-generation-gateway-pro\/#primaryimage\",\"url\":\"\/wp-content\/uploads\/2023\/05\/1654095250_IMG_1765505.png\",\"contentUrl\":\"\/wp-content\/uploads\/2023\/05\/1654095250_IMG_1765505.png\",\"width\":500,\"height\":500},{\"@type\":\"BreadcrumbList\",\"@id\":\"https:\/\/tecplan.com.gt\/producto\/next-generation-gateway-pro\/#breadcrumb\",\"itemListElement\":[{\"@type\":\"ListItem\",\"position\":1,\"name\":\"Portada\",\"item\":\"https:\/\/tecplan.com.gt\/\"},{\"@type\":\"ListItem\",\"position\":2,\"name\":\"Productos\",\"item\":\"https:\/\/tecplan.com.gt\/shop\/\"},{\"@type\":\"ListItem\",\"position\":3,\"name\":\"Next-generation Gateway Pro\"}]},{\"@type\":\"WebSite\",\"@id\":\"https:\/\/tecplan.com.gt\/#website\",\"url\":\"https:\/\/tecplan.com.gt\/\",\"name\":\"Tecplan Argentina\",\"description\":\"Tecnolog\u00edas y equipos de telecomunicaciones\",\"publisher\":{\"@id\":\"https:\/\/tecplan.com.gt\/#organization\"},\"potentialAction\":[{\"@type\":\"SearchAction\",\"target\":{\"@type\":\"EntryPoint\",\"urlTemplate\":\"https:\/\/tecplan.com.gt\/?s={search_term_string}\"},\"query-input\":{\"@type\":\"PropertyValueSpecification\",\"valueRequired\":true,\"valueName\":\"search_term_string\"}}],\"inLanguage\":\"en-US\"},{\"@type\":\"Organization\",\"@id\":\"https:\/\/tecplan.com.gt\/#organization\",\"name\":\"Tecplan Argentina\",\"url\":\"https:\/\/tecplan.com.gt\/\",\"logo\":{\"@type\":\"ImageObject\",\"inLanguage\":\"en-US\",\"@id\":\"https:\/\/tecplan.com.gt\/#\/schema\/logo\/image\/\",\"url\":\"\/wp-content\/uploads\/2023\/03\/logo-tecplan.gif\",\"contentUrl\":\"\/wp-content\/uploads\/2023\/03\/logo-tecplan.gif\",\"width\":1920,\"height\":486,\"caption\":\"Tecplan Argentina\"},\"image\":{\"@id\":\"https:\/\/tecplan.com.gt\/#\/schema\/logo\/image\/\"}}]}<\/script>\n<!-- \/ Yoast SEO plugin. -->","yoast_head_json":{"title":"Next-generation Gateway Pro -","robots":{"index":"index","follow":"follow","max-snippet":"max-snippet:-1","max-image-preview":"max-image-preview:large","max-video-preview":"max-video-preview:-1"},"canonical":"https:\/\/tecplan.com.gt\/en\/product\/next-generation-gateway-pro\/","og_locale":"en_US","og_type":"article","og_title":"Next-generation Gateway Pro -","og_description":"UniFi\u00a0Next-Generation Gateway Pro\u00a0(UXG Pro) de\u00a0Ubiquiti Networks es una poderosa puerta de enlace de seguridad que ofrece una interfaz de red vers\u00e1til y funcionalidad de administraci\u00f3n de amenazas de clase empresarial para redes medianas y grandes.  Ver ficha t\u00e9cnica  &nbsp;","og_url":"https:\/\/tecplan.com.gt\/en\/product\/next-generation-gateway-pro\/","article_modified_time":"2024-07-22T17:24:57+00:00","og_image":[{"width":500,"height":500,"url":"https:\/\/tecplan.com.gt\/wp-content\/uploads\/2023\/05\/1654095250_IMG_1765505.png","type":"image\/png"}],"twitter_card":"summary_large_image","twitter_misc":{"Est. reading time":"2 minutes"},"schema":{"@context":"https:\/\/schema.org","@graph":[{"@type":"WebPage","@id":"https:\/\/tecplan.com.gt\/producto\/next-generation-gateway-pro\/","url":"https:\/\/tecplan.com.gt\/producto\/next-generation-gateway-pro\/","name":"Next-generation Gateway Pro -","isPartOf":{"@id":"https:\/\/tecplan.com.gt\/#website"},"primaryImageOfPage":{"@id":"https:\/\/tecplan.com.gt\/producto\/next-generation-gateway-pro\/#primaryimage"},"image":{"@id":"https:\/\/tecplan.com.gt\/producto\/next-generation-gateway-pro\/#primaryimage"},"thumbnailUrl":"\/wp-content\/uploads\/2023\/05\/1654095250_IMG_1765505.png","datePublished":"2023-05-17T15:58:52+00:00","dateModified":"2024-07-22T17:24:57+00:00","breadcrumb":{"@id":"https:\/\/tecplan.com.gt\/producto\/next-generation-gateway-pro\/#breadcrumb"},"inLanguage":"en-US","potentialAction":[{"@type":"ReadAction","target":["https:\/\/tecplan.com.gt\/producto\/next-generation-gateway-pro\/"]}]},{"@type":"ImageObject","inLanguage":"en-US","@id":"https:\/\/tecplan.com.gt\/producto\/next-generation-gateway-pro\/#primaryimage","url":"\/wp-content\/uploads\/2023\/05\/1654095250_IMG_1765505.png","contentUrl":"\/wp-content\/uploads\/2023\/05\/1654095250_IMG_1765505.png","width":500,"height":500},{"@type":"BreadcrumbList","@id":"https:\/\/tecplan.com.gt\/producto\/next-generation-gateway-pro\/#breadcrumb","itemListElement":[{"@type":"ListItem","position":1,"name":"Portada","item":"https:\/\/tecplan.com.gt\/"},{"@type":"ListItem","position":2,"name":"Productos","item":"https:\/\/tecplan.com.gt\/shop\/"},{"@type":"ListItem","position":3,"name":"Next-generation Gateway Pro"}]},{"@type":"WebSite","@id":"https:\/\/tecplan.com.gt\/#website","url":"https:\/\/tecplan.com.gt\/","name":"Tecplan Argentina","description":"Tecnolog\u00edas y equipos de telecomunicaciones","publisher":{"@id":"https:\/\/tecplan.com.gt\/#organization"},"potentialAction":[{"@type":"SearchAction","target":{"@type":"EntryPoint","urlTemplate":"https:\/\/tecplan.com.gt\/?s={search_term_string}"},"query-input":{"@type":"PropertyValueSpecification","valueRequired":true,"valueName":"search_term_string"}}],"inLanguage":"en-US"},{"@type":"Organization","@id":"https:\/\/tecplan.com.gt\/#organization","name":"Tecplan Argentina","url":"https:\/\/tecplan.com.gt\/","logo":{"@type":"ImageObject","inLanguage":"en-US","@id":"https:\/\/tecplan.com.gt\/#\/schema\/logo\/image\/","url":"\/wp-content\/uploads\/2023\/03\/logo-tecplan.gif","contentUrl":"\/wp-content\/uploads\/2023\/03\/logo-tecplan.gif","width":1920,"height":486,"caption":"Tecplan Argentina"},"image":{"@id":"https:\/\/tecplan.com.gt\/#\/schema\/logo\/image\/"}}]}},"_links":{"self":[{"href":"https:\/\/tecplan.com.gt\/en\/wp-json\/wp\/v2\/product\/3611"}],"collection":[{"href":"https:\/\/tecplan.com.gt\/en\/wp-json\/wp\/v2\/product"}],"about":[{"href":"https:\/\/tecplan.com.gt\/en\/wp-json\/wp\/v2\/types\/product"}],"replies":[{"embeddable":true,"href":"https:\/\/tecplan.com.gt\/en\/wp-json\/wp\/v2\/comments?post=3611"}],"version-history":[{"count":1,"href":"https:\/\/tecplan.com.gt\/en\/wp-json\/wp\/v2\/product\/3611\/revisions"}],"predecessor-version":[{"id":8632,"href":"https:\/\/tecplan.com.gt\/en\/wp-json\/wp\/v2\/product\/3611\/revisions\/8632"}],"wp:featuredmedia":[{"embeddable":true,"href":"https:\/\/tecplan.com.gt\/en\/wp-json\/wp\/v2\/media\/3613"}],"wp:attachment":[{"href":"https:\/\/tecplan.com.gt\/en\/wp-json\/wp\/v2\/media?parent=3611"}],"wp:term":[{"taxonomy":"product_brand","embeddable":true,"href":"https:\/\/tecplan.com.gt\/en\/wp-json\/wp\/v2\/product_brand?post=3611"},{"taxonomy":"product_cat","embeddable":true,"href":"https:\/\/tecplan.com.gt\/en\/wp-json\/wp\/v2\/product_cat?post=3611"},{"taxonomy":"product_tag","embeddable":true,"href":"https:\/\/tecplan.com.gt\/en\/wp-json\/wp\/v2\/product_tag?post=3611"}],"curies":[{"name":"wp","href":"https:\/\/api.w.org\/{rel}","templated":true}]}}