{"id":3617,"date":"2023-05-17T12:09:38","date_gmt":"2023-05-17T16:09:38","guid":{"rendered":"https:\/\/tecplan.com.gt\/?post_type=product&#038;p=3617"},"modified":"2024-01-25T18:47:18","modified_gmt":"2024-01-25T21:47:18","slug":"b24-point-to-point-backhaul","status":"publish","type":"product","link":"https:\/\/tecplan.com.gt\/en\/product\/b24-point-to-point-backhaul\/","title":{"rendered":"B24 Point-to-Point Backhaul"},"content":{"rendered":"<p>To meet modern Internet traffic needs, where nearly 90% of peak nighttime traffic demand can be in the downstream direction, the B24 dynamically adapts to changing demands using Auto-TDMA technology. Low-latency Gigabit throughput can be steered up or down as needed to maximize spectrum utilization around the clock. Legacy FDD radios are limited to using symmetrical traffic, leaving large amounts of spectrum consistently underutilized.<\/p>\n<p>Don\u2019t be limited by distance with high-frequency microwave technology. Use the B24 to bypass the congested 5 GHz spectrum and deliver superior reliability, even in the rain, at practical distances of up to 3 km (2 mi).<\/p>\n<p>Weighing just 2.7kg (6lbs), the Mimosa B24 is incredibly easy to transport and set up.<\/p>\n<p>At a fraction of the weight, size and power of alternative solutions, the B24 is incredibly easy to install and its compact design fits discreetly into any visually sensitive area.<\/p>","protected":false},"excerpt":{"rendered":"<p>Delivering nearly a Gigabit of low-latency IP traffic in a single direction, the Mimosa B24 is the industry\u2019s price-performance leader in unlicensed 24 GHz backhaul. Engineered from the ground up with reliable, high-volume components, the B24 achieves incredible performance at a disruptive price point that fits the economics of broadband providers and enterprises in suburban and urban markets.<\/p>\n<p><a href=\"http:\/\/tecplan.com.gt\/wp-content\/uploads\/2023\/05\/Mimosa-by-Airspan-B24-Datasheet-DS-0002-38.pdf\" target=\"_blank\" rel=\"noopener\">See technical sheet<\/a><\/p>\n<p>&nbsp;<\/p>","protected":false},"featured_media":6374,"comment_status":"open","ping_status":"closed","template":"","meta":{"site-sidebar-layout":"default","site-content-layout":"default","ast-site-content-layout":"default","site-content-style":"default","site-sidebar-style":"default","ast-global-header-display":"","ast-banner-title-visibility":"","ast-main-header-display":"","ast-hfb-above-header-display":"","ast-hfb-below-header-display":"","ast-hfb-mobile-header-display":"","site-post-title":"","ast-breadcrumbs-content":"","ast-featured-img":"","footer-sml-layout":"","theme-transparent-header-meta":"default","adv-header-id-meta":"","stick-header-meta":"","header-above-stick-meta":"","header-main-stick-meta":"","header-below-stick-meta":"","astra-migrate-meta-layouts":"set","ast-page-background-enabled":"default","ast-page-background-meta":{"desktop":{"background-color":"var(--ast-global-color-4)","background-image":"","background-repeat":"repeat","background-position":"center center","background-size":"auto","background-attachment":"scroll","background-type":"","background-media":"","overlay-type":"","overlay-color":"","overlay-opacity":"","overlay-gradient":""},"tablet":{"background-color":"","background-image":"","background-repeat":"repeat","background-position":"center center","background-size":"auto","background-attachment":"scroll","background-type":"","background-media":"","overlay-type":"","overlay-color":"","overlay-opacity":"","overlay-gradient":""},"mobile":{"background-color":"","background-image":"","background-repeat":"repeat","background-position":"center center","background-size":"auto","background-attachment":"scroll","background-type":"","background-media":"","overlay-type":"","overlay-color":"","overlay-opacity":"","overlay-gradient":""}},"ast-content-background-meta":{"desktop":{"background-color":"var(--ast-global-color-5)","background-image":"","background-repeat":"repeat","background-position":"center center","background-size":"auto","background-attachment":"scroll","background-type":"","background-media":"","overlay-type":"","overlay-color":"","overlay-opacity":"","overlay-gradient":""},"tablet":{"background-color":"var(--ast-global-color-5)","background-image":"","background-repeat":"repeat","background-position":"center center","background-size":"auto","background-attachment":"scroll","background-type":"","background-media":"","overlay-type":"","overlay-color":"","overlay-opacity":"","overlay-gradient":""},"mobile":{"background-color":"var(--ast-global-color-5)","background-image":"","background-repeat":"repeat","background-position":"center center","background-size":"auto","background-attachment":"scroll","background-type":"","background-media":"","overlay-type":"","overlay-color":"","overlay-opacity":"","overlay-gradient":""}}},"product_brand":[],"product_cat":[37],"product_tag":[],"class_list":{"0":"post-3617","1":"product","2":"type-product","3":"status-publish","4":"has-post-thumbnail","6":"product_cat-access-point","7":"desktop-align-left","8":"tablet-align-left","9":"mobile-align-left","11":"first","12":"instock","13":"shipping-taxable","14":"product-type-simple"},"yoast_head":"<!-- This site is optimized with the Yoast SEO plugin v24.6 - https:\/\/yoast.com\/wordpress\/plugins\/seo\/ -->\n<title>B24 Point-to-Point Backhaul -<\/title>\n<meta name=\"robots\" content=\"index, follow, max-snippet:-1, max-image-preview:large, max-video-preview:-1\" \/>\n<link rel=\"canonical\" href=\"https:\/\/tecplan.com.gt\/en\/product\/b24-point-to-point-backhaul\/\" \/>\n<meta property=\"og:locale\" content=\"en_US\" \/>\n<meta property=\"og:type\" content=\"article\" \/>\n<meta property=\"og:title\" content=\"B24 Point-to-Point Backhaul -\" \/>\n<meta property=\"og:description\" content=\"Al ofrecer casi un Gigabit de tr\u00e1fico IP de baja latencia en una sola direcci\u00f3n, el Mimosa B24 es el l\u00edder en rendimiento de precio de la industria en backhaul de 24 GHz sin licencia.\u00a0Dise\u00f1ado desde cero con componentes confiables de gran volumen, el B24 logra un rendimiento incre\u00edble a un precio disruptivo que se ajusta a la econom\u00eda de los proveedores de banda ancha y las empresas en los mercados suburbanos y urbanos.  Ver ficha t\u00e9cnica  &nbsp;\" \/>\n<meta property=\"og:url\" content=\"https:\/\/tecplan.com.gt\/en\/product\/b24-point-to-point-backhaul\/\" \/>\n<meta property=\"article:modified_time\" content=\"2024-01-25T21:47:18+00:00\" \/>\n<meta property=\"og:image\" content=\"https:\/\/tecplan.com.gt\/wp-content\/uploads\/2023\/05\/B24-Point-to-Point-Backhaul-01.jpg\" \/>\n\t<meta property=\"og:image:width\" content=\"2000\" \/>\n\t<meta property=\"og:image:height\" content=\"2000\" \/>\n\t<meta property=\"og:image:type\" content=\"image\/jpeg\" \/>\n<meta name=\"twitter:card\" content=\"summary_large_image\" \/>\n<meta name=\"twitter:label1\" content=\"Est. reading time\" \/>\n\t<meta name=\"twitter:data1\" content=\"2 minutes\" \/>\n<script type=\"application\/ld+json\" class=\"yoast-schema-graph\">{\"@context\":\"https:\/\/schema.org\",\"@graph\":[{\"@type\":\"WebPage\",\"@id\":\"https:\/\/tecplan.com.gt\/producto\/b24-point-to-point-backhaul\/\",\"url\":\"https:\/\/tecplan.com.gt\/producto\/b24-point-to-point-backhaul\/\",\"name\":\"B24 Point-to-Point Backhaul -\",\"isPartOf\":{\"@id\":\"https:\/\/tecplan.com.gt\/#website\"},\"primaryImageOfPage\":{\"@id\":\"https:\/\/tecplan.com.gt\/producto\/b24-point-to-point-backhaul\/#primaryimage\"},\"image\":{\"@id\":\"https:\/\/tecplan.com.gt\/producto\/b24-point-to-point-backhaul\/#primaryimage\"},\"thumbnailUrl\":\"\/wp-content\/uploads\/2023\/05\/B24-Point-to-Point-Backhaul-01.jpg\",\"datePublished\":\"2023-05-17T16:09:38+00:00\",\"dateModified\":\"2024-01-25T21:47:18+00:00\",\"breadcrumb\":{\"@id\":\"https:\/\/tecplan.com.gt\/producto\/b24-point-to-point-backhaul\/#breadcrumb\"},\"inLanguage\":\"en-US\",\"potentialAction\":[{\"@type\":\"ReadAction\",\"target\":[\"https:\/\/tecplan.com.gt\/producto\/b24-point-to-point-backhaul\/\"]}]},{\"@type\":\"ImageObject\",\"inLanguage\":\"en-US\",\"@id\":\"https:\/\/tecplan.com.gt\/producto\/b24-point-to-point-backhaul\/#primaryimage\",\"url\":\"\/wp-content\/uploads\/2023\/05\/B24-Point-to-Point-Backhaul-01.jpg\",\"contentUrl\":\"\/wp-content\/uploads\/2023\/05\/B24-Point-to-Point-Backhaul-01.jpg\",\"width\":2000,\"height\":2000},{\"@type\":\"BreadcrumbList\",\"@id\":\"https:\/\/tecplan.com.gt\/producto\/b24-point-to-point-backhaul\/#breadcrumb\",\"itemListElement\":[{\"@type\":\"ListItem\",\"position\":1,\"name\":\"Portada\",\"item\":\"https:\/\/tecplan.com.gt\/\"},{\"@type\":\"ListItem\",\"position\":2,\"name\":\"Productos\",\"item\":\"https:\/\/tecplan.com.gt\/shop\/\"},{\"@type\":\"ListItem\",\"position\":3,\"name\":\"B24 Point-to-Point Backhaul\"}]},{\"@type\":\"WebSite\",\"@id\":\"https:\/\/tecplan.com.gt\/#website\",\"url\":\"https:\/\/tecplan.com.gt\/\",\"name\":\"Tecplan Argentina\",\"description\":\"Tecnolog\u00edas y equipos de telecomunicaciones\",\"publisher\":{\"@id\":\"https:\/\/tecplan.com.gt\/#organization\"},\"potentialAction\":[{\"@type\":\"SearchAction\",\"target\":{\"@type\":\"EntryPoint\",\"urlTemplate\":\"https:\/\/tecplan.com.gt\/?s={search_term_string}\"},\"query-input\":{\"@type\":\"PropertyValueSpecification\",\"valueRequired\":true,\"valueName\":\"search_term_string\"}}],\"inLanguage\":\"en-US\"},{\"@type\":\"Organization\",\"@id\":\"https:\/\/tecplan.com.gt\/#organization\",\"name\":\"Tecplan Argentina\",\"url\":\"https:\/\/tecplan.com.gt\/\",\"logo\":{\"@type\":\"ImageObject\",\"inLanguage\":\"en-US\",\"@id\":\"https:\/\/tecplan.com.gt\/#\/schema\/logo\/image\/\",\"url\":\"\/wp-content\/uploads\/2023\/03\/logo-tecplan.gif\",\"contentUrl\":\"\/wp-content\/uploads\/2023\/03\/logo-tecplan.gif\",\"width\":1920,\"height\":486,\"caption\":\"Tecplan Argentina\"},\"image\":{\"@id\":\"https:\/\/tecplan.com.gt\/#\/schema\/logo\/image\/\"}}]}<\/script>\n<!-- \/ Yoast SEO plugin. -->","yoast_head_json":{"title":"B24 Point-to-Point Backhaul -","robots":{"index":"index","follow":"follow","max-snippet":"max-snippet:-1","max-image-preview":"max-image-preview:large","max-video-preview":"max-video-preview:-1"},"canonical":"https:\/\/tecplan.com.gt\/en\/product\/b24-point-to-point-backhaul\/","og_locale":"en_US","og_type":"article","og_title":"B24 Point-to-Point Backhaul -","og_description":"Al ofrecer casi un Gigabit de tr\u00e1fico IP de baja latencia en una sola direcci\u00f3n, el Mimosa B24 es el l\u00edder en rendimiento de precio de la industria en backhaul de 24 GHz sin licencia.\u00a0Dise\u00f1ado desde cero con componentes confiables de gran volumen, el B24 logra un rendimiento incre\u00edble a un precio disruptivo que se ajusta a la econom\u00eda de los proveedores de banda ancha y las empresas en los mercados suburbanos y urbanos.  Ver ficha t\u00e9cnica  &nbsp;","og_url":"https:\/\/tecplan.com.gt\/en\/product\/b24-point-to-point-backhaul\/","article_modified_time":"2024-01-25T21:47:18+00:00","og_image":[{"width":2000,"height":2000,"url":"https:\/\/tecplan.com.gt\/wp-content\/uploads\/2023\/05\/B24-Point-to-Point-Backhaul-01.jpg","type":"image\/jpeg"}],"twitter_card":"summary_large_image","twitter_misc":{"Est. reading time":"2 minutes"},"schema":{"@context":"https:\/\/schema.org","@graph":[{"@type":"WebPage","@id":"https:\/\/tecplan.com.gt\/producto\/b24-point-to-point-backhaul\/","url":"https:\/\/tecplan.com.gt\/producto\/b24-point-to-point-backhaul\/","name":"B24 Point-to-Point Backhaul -","isPartOf":{"@id":"https:\/\/tecplan.com.gt\/#website"},"primaryImageOfPage":{"@id":"https:\/\/tecplan.com.gt\/producto\/b24-point-to-point-backhaul\/#primaryimage"},"image":{"@id":"https:\/\/tecplan.com.gt\/producto\/b24-point-to-point-backhaul\/#primaryimage"},"thumbnailUrl":"\/wp-content\/uploads\/2023\/05\/B24-Point-to-Point-Backhaul-01.jpg","datePublished":"2023-05-17T16:09:38+00:00","dateModified":"2024-01-25T21:47:18+00:00","breadcrumb":{"@id":"https:\/\/tecplan.com.gt\/producto\/b24-point-to-point-backhaul\/#breadcrumb"},"inLanguage":"en-US","potentialAction":[{"@type":"ReadAction","target":["https:\/\/tecplan.com.gt\/producto\/b24-point-to-point-backhaul\/"]}]},{"@type":"ImageObject","inLanguage":"en-US","@id":"https:\/\/tecplan.com.gt\/producto\/b24-point-to-point-backhaul\/#primaryimage","url":"\/wp-content\/uploads\/2023\/05\/B24-Point-to-Point-Backhaul-01.jpg","contentUrl":"\/wp-content\/uploads\/2023\/05\/B24-Point-to-Point-Backhaul-01.jpg","width":2000,"height":2000},{"@type":"BreadcrumbList","@id":"https:\/\/tecplan.com.gt\/producto\/b24-point-to-point-backhaul\/#breadcrumb","itemListElement":[{"@type":"ListItem","position":1,"name":"Portada","item":"https:\/\/tecplan.com.gt\/"},{"@type":"ListItem","position":2,"name":"Productos","item":"https:\/\/tecplan.com.gt\/shop\/"},{"@type":"ListItem","position":3,"name":"B24 Point-to-Point Backhaul"}]},{"@type":"WebSite","@id":"https:\/\/tecplan.com.gt\/#website","url":"https:\/\/tecplan.com.gt\/","name":"Tecplan Argentina","description":"Tecnolog\u00edas y equipos de telecomunicaciones","publisher":{"@id":"https:\/\/tecplan.com.gt\/#organization"},"potentialAction":[{"@type":"SearchAction","target":{"@type":"EntryPoint","urlTemplate":"https:\/\/tecplan.com.gt\/?s={search_term_string}"},"query-input":{"@type":"PropertyValueSpecification","valueRequired":true,"valueName":"search_term_string"}}],"inLanguage":"en-US"},{"@type":"Organization","@id":"https:\/\/tecplan.com.gt\/#organization","name":"Tecplan Argentina","url":"https:\/\/tecplan.com.gt\/","logo":{"@type":"ImageObject","inLanguage":"en-US","@id":"https:\/\/tecplan.com.gt\/#\/schema\/logo\/image\/","url":"\/wp-content\/uploads\/2023\/03\/logo-tecplan.gif","contentUrl":"\/wp-content\/uploads\/2023\/03\/logo-tecplan.gif","width":1920,"height":486,"caption":"Tecplan Argentina"},"image":{"@id":"https:\/\/tecplan.com.gt\/#\/schema\/logo\/image\/"}}]}},"_links":{"self":[{"href":"https:\/\/tecplan.com.gt\/en\/wp-json\/wp\/v2\/product\/3617"}],"collection":[{"href":"https:\/\/tecplan.com.gt\/en\/wp-json\/wp\/v2\/product"}],"about":[{"href":"https:\/\/tecplan.com.gt\/en\/wp-json\/wp\/v2\/types\/product"}],"replies":[{"embeddable":true,"href":"https:\/\/tecplan.com.gt\/en\/wp-json\/wp\/v2\/comments?post=3617"}],"version-history":[{"count":0,"href":"https:\/\/tecplan.com.gt\/en\/wp-json\/wp\/v2\/product\/3617\/revisions"}],"wp:featuredmedia":[{"embeddable":true,"href":"https:\/\/tecplan.com.gt\/en\/wp-json\/wp\/v2\/media\/6374"}],"wp:attachment":[{"href":"https:\/\/tecplan.com.gt\/en\/wp-json\/wp\/v2\/media?parent=3617"}],"wp:term":[{"taxonomy":"product_brand","embeddable":true,"href":"https:\/\/tecplan.com.gt\/en\/wp-json\/wp\/v2\/product_brand?post=3617"},{"taxonomy":"product_cat","embeddable":true,"href":"https:\/\/tecplan.com.gt\/en\/wp-json\/wp\/v2\/product_cat?post=3617"},{"taxonomy":"product_tag","embeddable":true,"href":"https:\/\/tecplan.com.gt\/en\/wp-json\/wp\/v2\/product_tag?post=3617"}],"curies":[{"name":"wp","href":"https:\/\/api.w.org\/{rel}","templated":true}]}}