{"id":3620,"date":"2023-05-17T12:16:10","date_gmt":"2023-05-17T16:16:10","guid":{"rendered":"https:\/\/tecplan.com.gt\/?post_type=product&#038;p=3620"},"modified":"2023-05-17T12:16:11","modified_gmt":"2023-05-17T16:16:11","slug":"b5-integrated-backhaul","status":"publish","type":"product","link":"https:\/\/tecplan.com.gt\/en\/product\/b5-integrated-backhaul\/","title":{"rendered":"B5 Integrated Backhaul"},"content":{"rendered":"<p><span>The carrier-grade IP67 design allows the B5 and B5c to withstand the harshest environmental conditions.<\/span><\/p>\n<p><span>The integrated high gain antenna and super easy quick mount allow you to set up the B5 in minutes and point it precisely with your smartphone via Wi-Fi.<\/span><\/p>\n<p><span>Typical backhaul solutions waste spectrum with each installed link and impact network capacity.\u00a0<\/span><span>Exclusive high-precision GPS synchronization technology allows Mimosa B5 and B5c products to reuse the same channel across the network, and up to 4 links can be automatically coordinated.<\/span><\/p>\n<p><span>Unlicensed spectrum can be unpredictable.\u00a0<\/span><span>Therefore, Mimosa custom-designed a unique, automatic multi-channel technology to protect its links when it encounters interference.\u00a0<\/span><span>The B5 and B5c automatically maintain their links with two independent operating channels and adapt using our auto-everything technology to proactively resolve issues to deliver optimal link speed and reliability.\u00a0<\/span><span>It's like 2 smart links in one radio!<\/span><\/p>\n<p><span>Awarded the industry's fastest unlicensed backhaul, the B5 and B5c also provide extensive bandwidth control options.\u00a0<\/span><span>Dynamic modes automatically adapt to traffic demand and provide ultra-low link latency of ~1 ms for sensitive voice and video communications services.\u00a0<\/span><span>While reserved bandwidth and GPS synchronization modes allow for symmetrical or 75\/25 traffic steering reservation.<\/span><\/p>\n<p><span>Immediately after installation, your links are ready to be monitored via the free Mimosa Cloud service.\u00a0<\/span><span>With massive data collection and analysis, assessing link health and identifying potential issues has never been easier.<\/span><\/p>\n<p>&nbsp;<\/p>","protected":false},"excerpt":{"rendered":"<p>Mimosa B5 backhaul is the easiest to deploy, highest capacity unlicensed 5 GHz backhaul solution for short and medium range backhaul applications*.<\/p>\n<p><a href=\"https:\/\/tecplan.com.gt\/wp-content\/uploads\/2023\/05\/DS-B5-new-FINAL.pdf\" target=\"_blank\" rel=\"noopener\">See technical sheet<\/a><\/p>\n<p>&nbsp;<\/p>","protected":false},"featured_media":3622,"comment_status":"open","ping_status":"closed","template":"","meta":{"site-sidebar-layout":"default","site-content-layout":"default","ast-site-content-layout":"","site-content-style":"default","site-sidebar-style":"default","ast-global-header-display":"","ast-banner-title-visibility":"","ast-main-header-display":"","ast-hfb-above-header-display":"","ast-hfb-below-header-display":"","ast-hfb-mobile-header-display":"","site-post-title":"","ast-breadcrumbs-content":"","ast-featured-img":"","footer-sml-layout":"","theme-transparent-header-meta":"default","adv-header-id-meta":"","stick-header-meta":"","header-above-stick-meta":"","header-main-stick-meta":"","header-below-stick-meta":"","astra-migrate-meta-layouts":"default","ast-page-background-enabled":"default","ast-page-background-meta":{"desktop":{"background-color":"var(--ast-global-color-4)","background-image":"","background-repeat":"repeat","background-position":"center center","background-size":"auto","background-attachment":"scroll","background-type":"","background-media":"","overlay-type":"","overlay-color":"","overlay-opacity":"","overlay-gradient":""},"tablet":{"background-color":"","background-image":"","background-repeat":"repeat","background-position":"center center","background-size":"auto","background-attachment":"scroll","background-type":"","background-media":"","overlay-type":"","overlay-color":"","overlay-opacity":"","overlay-gradient":""},"mobile":{"background-color":"","background-image":"","background-repeat":"repeat","background-position":"center center","background-size":"auto","background-attachment":"scroll","background-type":"","background-media":"","overlay-type":"","overlay-color":"","overlay-opacity":"","overlay-gradient":""}},"ast-content-background-meta":{"desktop":{"background-color":"var(--ast-global-color-5)","background-image":"","background-repeat":"repeat","background-position":"center center","background-size":"auto","background-attachment":"scroll","background-type":"","background-media":"","overlay-type":"","overlay-color":"","overlay-opacity":"","overlay-gradient":""},"tablet":{"background-color":"var(--ast-global-color-5)","background-image":"","background-repeat":"repeat","background-position":"center center","background-size":"auto","background-attachment":"scroll","background-type":"","background-media":"","overlay-type":"","overlay-color":"","overlay-opacity":"","overlay-gradient":""},"mobile":{"background-color":"var(--ast-global-color-5)","background-image":"","background-repeat":"repeat","background-position":"center center","background-size":"auto","background-attachment":"scroll","background-type":"","background-media":"","overlay-type":"","overlay-color":"","overlay-opacity":"","overlay-gradient":""}}},"product_brand":[],"product_cat":[37],"product_tag":[],"class_list":{"0":"post-3620","1":"product","2":"type-product","3":"status-publish","4":"has-post-thumbnail","6":"product_cat-access-point","7":"desktop-align-left","8":"tablet-align-left","9":"mobile-align-left","11":"first","12":"instock","13":"shipping-taxable","14":"product-type-simple"},"yoast_head":"<!-- This site is optimized with the Yoast SEO plugin v24.6 - https:\/\/yoast.com\/wordpress\/plugins\/seo\/ -->\n<title>B5 Integrated Backhaul -<\/title>\n<meta name=\"robots\" content=\"index, follow, max-snippet:-1, max-image-preview:large, max-video-preview:-1\" \/>\n<link rel=\"canonical\" href=\"https:\/\/tecplan.com.gt\/en\/product\/b5-integrated-backhaul\/\" \/>\n<meta property=\"og:locale\" content=\"en_US\" \/>\n<meta property=\"og:type\" content=\"article\" \/>\n<meta property=\"og:title\" content=\"B5 Integrated Backhaul -\" \/>\n<meta property=\"og:description\" content=\"El backhaul de Mimosa B5 es la soluci\u00f3n de backhaul de 5 GHz sin licencia m\u00e1s f\u00e1cil de implementar y de mayor capacidad para aplicaciones de enlace de rango corto y medio*.  Ver ficha t\u00e9cnica  &nbsp;\" \/>\n<meta property=\"og:url\" content=\"https:\/\/tecplan.com.gt\/en\/product\/b5-integrated-backhaul\/\" \/>\n<meta property=\"article:modified_time\" content=\"2023-05-17T16:16:11+00:00\" \/>\n<meta property=\"og:image\" content=\"https:\/\/tecplan.com.gt\/wp-content\/uploads\/2023\/05\/b5_main.png\" \/>\n\t<meta property=\"og:image:width\" content=\"1226\" \/>\n\t<meta property=\"og:image:height\" content=\"1232\" \/>\n\t<meta property=\"og:image:type\" content=\"image\/png\" \/>\n<meta name=\"twitter:card\" content=\"summary_large_image\" \/>\n<meta name=\"twitter:label1\" content=\"Est. reading time\" \/>\n\t<meta name=\"twitter:data1\" content=\"2 minutes\" \/>\n<script type=\"application\/ld+json\" class=\"yoast-schema-graph\">{\"@context\":\"https:\/\/schema.org\",\"@graph\":[{\"@type\":\"WebPage\",\"@id\":\"https:\/\/tecplan.com.gt\/producto\/b5-integrated-backhaul\/\",\"url\":\"https:\/\/tecplan.com.gt\/producto\/b5-integrated-backhaul\/\",\"name\":\"B5 Integrated Backhaul -\",\"isPartOf\":{\"@id\":\"https:\/\/tecplan.com.gt\/#website\"},\"primaryImageOfPage\":{\"@id\":\"https:\/\/tecplan.com.gt\/producto\/b5-integrated-backhaul\/#primaryimage\"},\"image\":{\"@id\":\"https:\/\/tecplan.com.gt\/producto\/b5-integrated-backhaul\/#primaryimage\"},\"thumbnailUrl\":\"\/wp-content\/uploads\/2023\/05\/b5_main.png\",\"datePublished\":\"2023-05-17T16:16:10+00:00\",\"dateModified\":\"2023-05-17T16:16:11+00:00\",\"breadcrumb\":{\"@id\":\"https:\/\/tecplan.com.gt\/producto\/b5-integrated-backhaul\/#breadcrumb\"},\"inLanguage\":\"en-US\",\"potentialAction\":[{\"@type\":\"ReadAction\",\"target\":[\"https:\/\/tecplan.com.gt\/producto\/b5-integrated-backhaul\/\"]}]},{\"@type\":\"ImageObject\",\"inLanguage\":\"en-US\",\"@id\":\"https:\/\/tecplan.com.gt\/producto\/b5-integrated-backhaul\/#primaryimage\",\"url\":\"\/wp-content\/uploads\/2023\/05\/b5_main.png\",\"contentUrl\":\"\/wp-content\/uploads\/2023\/05\/b5_main.png\",\"width\":1226,\"height\":1232},{\"@type\":\"BreadcrumbList\",\"@id\":\"https:\/\/tecplan.com.gt\/producto\/b5-integrated-backhaul\/#breadcrumb\",\"itemListElement\":[{\"@type\":\"ListItem\",\"position\":1,\"name\":\"Portada\",\"item\":\"https:\/\/tecplan.com.gt\/\"},{\"@type\":\"ListItem\",\"position\":2,\"name\":\"Productos\",\"item\":\"https:\/\/tecplan.com.gt\/shop\/\"},{\"@type\":\"ListItem\",\"position\":3,\"name\":\"B5 Integrated Backhaul\"}]},{\"@type\":\"WebSite\",\"@id\":\"https:\/\/tecplan.com.gt\/#website\",\"url\":\"https:\/\/tecplan.com.gt\/\",\"name\":\"Tecplan Argentina\",\"description\":\"Tecnolog\u00edas y equipos de telecomunicaciones\",\"publisher\":{\"@id\":\"https:\/\/tecplan.com.gt\/#organization\"},\"potentialAction\":[{\"@type\":\"SearchAction\",\"target\":{\"@type\":\"EntryPoint\",\"urlTemplate\":\"https:\/\/tecplan.com.gt\/?s={search_term_string}\"},\"query-input\":{\"@type\":\"PropertyValueSpecification\",\"valueRequired\":true,\"valueName\":\"search_term_string\"}}],\"inLanguage\":\"en-US\"},{\"@type\":\"Organization\",\"@id\":\"https:\/\/tecplan.com.gt\/#organization\",\"name\":\"Tecplan Argentina\",\"url\":\"https:\/\/tecplan.com.gt\/\",\"logo\":{\"@type\":\"ImageObject\",\"inLanguage\":\"en-US\",\"@id\":\"https:\/\/tecplan.com.gt\/#\/schema\/logo\/image\/\",\"url\":\"\/wp-content\/uploads\/2023\/03\/logo-tecplan.gif\",\"contentUrl\":\"\/wp-content\/uploads\/2023\/03\/logo-tecplan.gif\",\"width\":1920,\"height\":486,\"caption\":\"Tecplan Argentina\"},\"image\":{\"@id\":\"https:\/\/tecplan.com.gt\/#\/schema\/logo\/image\/\"}}]}<\/script>\n<!-- \/ Yoast SEO plugin. -->","yoast_head_json":{"title":"B5 Integrated Backhaul -","robots":{"index":"index","follow":"follow","max-snippet":"max-snippet:-1","max-image-preview":"max-image-preview:large","max-video-preview":"max-video-preview:-1"},"canonical":"https:\/\/tecplan.com.gt\/en\/product\/b5-integrated-backhaul\/","og_locale":"en_US","og_type":"article","og_title":"B5 Integrated Backhaul -","og_description":"El backhaul de Mimosa B5 es la soluci\u00f3n de backhaul de 5 GHz sin licencia m\u00e1s f\u00e1cil de implementar y de mayor capacidad para aplicaciones de enlace de rango corto y medio*.  Ver ficha t\u00e9cnica  &nbsp;","og_url":"https:\/\/tecplan.com.gt\/en\/product\/b5-integrated-backhaul\/","article_modified_time":"2023-05-17T16:16:11+00:00","og_image":[{"width":1226,"height":1232,"url":"https:\/\/tecplan.com.gt\/wp-content\/uploads\/2023\/05\/b5_main.png","type":"image\/png"}],"twitter_card":"summary_large_image","twitter_misc":{"Est. reading time":"2 minutes"},"schema":{"@context":"https:\/\/schema.org","@graph":[{"@type":"WebPage","@id":"https:\/\/tecplan.com.gt\/producto\/b5-integrated-backhaul\/","url":"https:\/\/tecplan.com.gt\/producto\/b5-integrated-backhaul\/","name":"B5 Integrated Backhaul -","isPartOf":{"@id":"https:\/\/tecplan.com.gt\/#website"},"primaryImageOfPage":{"@id":"https:\/\/tecplan.com.gt\/producto\/b5-integrated-backhaul\/#primaryimage"},"image":{"@id":"https:\/\/tecplan.com.gt\/producto\/b5-integrated-backhaul\/#primaryimage"},"thumbnailUrl":"\/wp-content\/uploads\/2023\/05\/b5_main.png","datePublished":"2023-05-17T16:16:10+00:00","dateModified":"2023-05-17T16:16:11+00:00","breadcrumb":{"@id":"https:\/\/tecplan.com.gt\/producto\/b5-integrated-backhaul\/#breadcrumb"},"inLanguage":"en-US","potentialAction":[{"@type":"ReadAction","target":["https:\/\/tecplan.com.gt\/producto\/b5-integrated-backhaul\/"]}]},{"@type":"ImageObject","inLanguage":"en-US","@id":"https:\/\/tecplan.com.gt\/producto\/b5-integrated-backhaul\/#primaryimage","url":"\/wp-content\/uploads\/2023\/05\/b5_main.png","contentUrl":"\/wp-content\/uploads\/2023\/05\/b5_main.png","width":1226,"height":1232},{"@type":"BreadcrumbList","@id":"https:\/\/tecplan.com.gt\/producto\/b5-integrated-backhaul\/#breadcrumb","itemListElement":[{"@type":"ListItem","position":1,"name":"Portada","item":"https:\/\/tecplan.com.gt\/"},{"@type":"ListItem","position":2,"name":"Productos","item":"https:\/\/tecplan.com.gt\/shop\/"},{"@type":"ListItem","position":3,"name":"B5 Integrated Backhaul"}]},{"@type":"WebSite","@id":"https:\/\/tecplan.com.gt\/#website","url":"https:\/\/tecplan.com.gt\/","name":"Tecplan Argentina","description":"Tecnolog\u00edas y equipos de telecomunicaciones","publisher":{"@id":"https:\/\/tecplan.com.gt\/#organization"},"potentialAction":[{"@type":"SearchAction","target":{"@type":"EntryPoint","urlTemplate":"https:\/\/tecplan.com.gt\/?s={search_term_string}"},"query-input":{"@type":"PropertyValueSpecification","valueRequired":true,"valueName":"search_term_string"}}],"inLanguage":"en-US"},{"@type":"Organization","@id":"https:\/\/tecplan.com.gt\/#organization","name":"Tecplan Argentina","url":"https:\/\/tecplan.com.gt\/","logo":{"@type":"ImageObject","inLanguage":"en-US","@id":"https:\/\/tecplan.com.gt\/#\/schema\/logo\/image\/","url":"\/wp-content\/uploads\/2023\/03\/logo-tecplan.gif","contentUrl":"\/wp-content\/uploads\/2023\/03\/logo-tecplan.gif","width":1920,"height":486,"caption":"Tecplan Argentina"},"image":{"@id":"https:\/\/tecplan.com.gt\/#\/schema\/logo\/image\/"}}]}},"_links":{"self":[{"href":"https:\/\/tecplan.com.gt\/en\/wp-json\/wp\/v2\/product\/3620"}],"collection":[{"href":"https:\/\/tecplan.com.gt\/en\/wp-json\/wp\/v2\/product"}],"about":[{"href":"https:\/\/tecplan.com.gt\/en\/wp-json\/wp\/v2\/types\/product"}],"replies":[{"embeddable":true,"href":"https:\/\/tecplan.com.gt\/en\/wp-json\/wp\/v2\/comments?post=3620"}],"version-history":[{"count":0,"href":"https:\/\/tecplan.com.gt\/en\/wp-json\/wp\/v2\/product\/3620\/revisions"}],"wp:featuredmedia":[{"embeddable":true,"href":"https:\/\/tecplan.com.gt\/en\/wp-json\/wp\/v2\/media\/3622"}],"wp:attachment":[{"href":"https:\/\/tecplan.com.gt\/en\/wp-json\/wp\/v2\/media?parent=3620"}],"wp:term":[{"taxonomy":"product_brand","embeddable":true,"href":"https:\/\/tecplan.com.gt\/en\/wp-json\/wp\/v2\/product_brand?post=3620"},{"taxonomy":"product_cat","embeddable":true,"href":"https:\/\/tecplan.com.gt\/en\/wp-json\/wp\/v2\/product_cat?post=3620"},{"taxonomy":"product_tag","embeddable":true,"href":"https:\/\/tecplan.com.gt\/en\/wp-json\/wp\/v2\/product_tag?post=3620"}],"curies":[{"name":"wp","href":"https:\/\/api.w.org\/{rel}","templated":true}]}}