{"id":3626,"date":"2023-05-17T12:55:39","date_gmt":"2023-05-17T16:55:39","guid":{"rendered":"https:\/\/tecplan.com.gt\/?post_type=product&#038;p=3626"},"modified":"2024-01-25T18:27:41","modified_gmt":"2024-01-25T21:27:41","slug":"a5c-point-to-multipoint-access-point","status":"publish","type":"product","link":"https:\/\/tecplan.com.gt\/en\/product\/a5c-point-to-multipoint-access-point\/","title":{"rendered":"A5c Point-to-Multipoint Access Point"},"content":{"rendered":"<p>With client speeds capable of over 500Mbps and access point capacity of up to 1.5Gbps, it delivers the speeds consumers and business users demand at a fraction of the cost of delivering fiber to the premises.<\/p>\n<p>The Mimosa N5-360 antenna is designed to pair exclusively with the Mimosa A5c access point and features quad-panel 180-degree overlapping vertical and horizontal antenna polarizations. The innovative antenna design increases performance by providing balanced dual-stream coverage across 360 degrees of azimuth, leveraging beamforming gain, and extends the range of MicroPoP deployments by up to 60% compared to Mimosa\u2019s integrated A5 solution. In response to customer demand for an extended frequency range, the N5-360 operates from 4.9 GHz to 6.4 GHz without compromising performance.<\/p>\n<p>Auto-provisioning together with the Mimosa installation application now dramatically reduces subscriber installation time, automates device provisioning, and enables seamless device integration into an ISP network.<\/p>\n<p>Con la tecnolog\u00eda integrada de sincronizaci\u00f3n GPS de alta precisi\u00f3n, se pueden agregar f\u00e1cilmente nuevos sectores A5c en el sitio Mimosa A5 y B5 implementado existente y reutilizar el mismo canal.\u00a0Esto ahorra valiosos y escasos recursos de espectro sin licencia cuando los nuevos dispositivos A5c deben instalarse \u00abespalda con espalda\u00bb en la misma torre o poste.<\/p>\n<p>The unique, high-precision GPS synchronization technology built into every Mimosa A5c allows all deployed devices to collaboratively synchronize across the network. This enables easy channel reuse to save valuable spectrum across the network, and together with Mimosa Cloud, it\u2019s incredibly easy to deploy and optimize network spectrum usage and performance across all of your deployed devices.<\/p>\n<p>Time Division Multiplexing (TDMA) access techniques have been shown to provide significant improvements when scaling the number of clients, compared to carrier sensing approaches used in Wi-Fi technologies. When further optimized by dynamic timeslot allocation and multi-user MIMO support in the downstream direction, and upstream timeslot allocation on client request, network scale, spectrum efficiency, and access point utilization are optimized to the maximum extent possible.<\/p>","protected":false},"excerpt":{"rendered":"<p>With the fastest client speeds and large access point capacity, along with local and network-wide spectrum reuse, Mimosa A5c delivers the highest scale possible for any unlicensed fixed wireless network.<\/p>\n<p><a href=\"http:\/\/tecplan.com.gt\/wp-content\/uploads\/2023\/05\/A5c_Datasheet_DS_0003_21.pdf\" target=\"_blank\" rel=\"noopener\">See technical sheet<\/a><\/p>\n<p>&nbsp;<\/p>","protected":false},"featured_media":6367,"comment_status":"open","ping_status":"closed","template":"","meta":{"site-sidebar-layout":"default","site-content-layout":"default","ast-site-content-layout":"default","site-content-style":"default","site-sidebar-style":"default","ast-global-header-display":"","ast-banner-title-visibility":"","ast-main-header-display":"","ast-hfb-above-header-display":"","ast-hfb-below-header-display":"","ast-hfb-mobile-header-display":"","site-post-title":"","ast-breadcrumbs-content":"","ast-featured-img":"","footer-sml-layout":"","theme-transparent-header-meta":"default","adv-header-id-meta":"","stick-header-meta":"","header-above-stick-meta":"","header-main-stick-meta":"","header-below-stick-meta":"","astra-migrate-meta-layouts":"set","ast-page-background-enabled":"default","ast-page-background-meta":{"desktop":{"background-color":"var(--ast-global-color-4)","background-image":"","background-repeat":"repeat","background-position":"center center","background-size":"auto","background-attachment":"scroll","background-type":"","background-media":"","overlay-type":"","overlay-color":"","overlay-opacity":"","overlay-gradient":""},"tablet":{"background-color":"","background-image":"","background-repeat":"repeat","background-position":"center center","background-size":"auto","background-attachment":"scroll","background-type":"","background-media":"","overlay-type":"","overlay-color":"","overlay-opacity":"","overlay-gradient":""},"mobile":{"background-color":"","background-image":"","background-repeat":"repeat","background-position":"center center","background-size":"auto","background-attachment":"scroll","background-type":"","background-media":"","overlay-type":"","overlay-color":"","overlay-opacity":"","overlay-gradient":""}},"ast-content-background-meta":{"desktop":{"background-color":"var(--ast-global-color-5)","background-image":"","background-repeat":"repeat","background-position":"center center","background-size":"auto","background-attachment":"scroll","background-type":"","background-media":"","overlay-type":"","overlay-color":"","overlay-opacity":"","overlay-gradient":""},"tablet":{"background-color":"var(--ast-global-color-5)","background-image":"","background-repeat":"repeat","background-position":"center center","background-size":"auto","background-attachment":"scroll","background-type":"","background-media":"","overlay-type":"","overlay-color":"","overlay-opacity":"","overlay-gradient":""},"mobile":{"background-color":"var(--ast-global-color-5)","background-image":"","background-repeat":"repeat","background-position":"center center","background-size":"auto","background-attachment":"scroll","background-type":"","background-media":"","overlay-type":"","overlay-color":"","overlay-opacity":"","overlay-gradient":""}}},"product_brand":[],"product_cat":[37],"product_tag":[],"class_list":{"0":"post-3626","1":"product","2":"type-product","3":"status-publish","4":"has-post-thumbnail","6":"product_cat-access-point","7":"desktop-align-left","8":"tablet-align-left","9":"mobile-align-left","11":"first","12":"instock","13":"shipping-taxable","14":"product-type-simple"},"yoast_head":"<!-- This site is optimized with the Yoast SEO plugin v24.6 - https:\/\/yoast.com\/wordpress\/plugins\/seo\/ -->\n<title>A5c Point-to-Multipoint Access Point -<\/title>\n<meta name=\"robots\" content=\"index, follow, max-snippet:-1, max-image-preview:large, max-video-preview:-1\" \/>\n<link rel=\"canonical\" href=\"https:\/\/tecplan.com.gt\/en\/product\/a5c-point-to-multipoint-access-point\/\" \/>\n<meta property=\"og:locale\" content=\"en_US\" \/>\n<meta property=\"og:type\" content=\"article\" \/>\n<meta property=\"og:title\" content=\"A5c Point-to-Multipoint Access Point -\" \/>\n<meta property=\"og:description\" content=\"Con las velocidades de cliente m\u00e1s r\u00e1pidas y una gran capacidad de punto de acceso, junto con la reutilizaci\u00f3n del espectro local y de toda la red, Mimosa A5c ofrece la escala m\u00e1s alta posible para cualquier red inal\u00e1mbrica fija sin licencia.  Ver ficha t\u00e9cnica  &nbsp;\" \/>\n<meta property=\"og:url\" content=\"https:\/\/tecplan.com.gt\/en\/product\/a5c-point-to-multipoint-access-point\/\" \/>\n<meta property=\"article:modified_time\" content=\"2024-01-25T21:27:41+00:00\" \/>\n<meta property=\"og:image\" content=\"https:\/\/tecplan.com.gt\/wp-content\/uploads\/2023\/05\/A5c-Point-to-Multipoint-Access-Point-01.jpg\" \/>\n\t<meta property=\"og:image:width\" content=\"2000\" \/>\n\t<meta property=\"og:image:height\" content=\"2000\" \/>\n\t<meta property=\"og:image:type\" content=\"image\/jpeg\" \/>\n<meta name=\"twitter:card\" content=\"summary_large_image\" \/>\n<meta name=\"twitter:label1\" content=\"Est. reading time\" \/>\n\t<meta name=\"twitter:data1\" content=\"3 minutes\" \/>\n<script type=\"application\/ld+json\" class=\"yoast-schema-graph\">{\"@context\":\"https:\/\/schema.org\",\"@graph\":[{\"@type\":\"WebPage\",\"@id\":\"https:\/\/tecplan.com.gt\/producto\/a5c-point-to-multipoint-access-point\/\",\"url\":\"https:\/\/tecplan.com.gt\/producto\/a5c-point-to-multipoint-access-point\/\",\"name\":\"A5c Point-to-Multipoint Access Point -\",\"isPartOf\":{\"@id\":\"https:\/\/tecplan.com.gt\/#website\"},\"primaryImageOfPage\":{\"@id\":\"https:\/\/tecplan.com.gt\/producto\/a5c-point-to-multipoint-access-point\/#primaryimage\"},\"image\":{\"@id\":\"https:\/\/tecplan.com.gt\/producto\/a5c-point-to-multipoint-access-point\/#primaryimage\"},\"thumbnailUrl\":\"\/wp-content\/uploads\/2023\/05\/A5c-Point-to-Multipoint-Access-Point-01.jpg\",\"datePublished\":\"2023-05-17T16:55:39+00:00\",\"dateModified\":\"2024-01-25T21:27:41+00:00\",\"breadcrumb\":{\"@id\":\"https:\/\/tecplan.com.gt\/producto\/a5c-point-to-multipoint-access-point\/#breadcrumb\"},\"inLanguage\":\"en-US\",\"potentialAction\":[{\"@type\":\"ReadAction\",\"target\":[\"https:\/\/tecplan.com.gt\/producto\/a5c-point-to-multipoint-access-point\/\"]}]},{\"@type\":\"ImageObject\",\"inLanguage\":\"en-US\",\"@id\":\"https:\/\/tecplan.com.gt\/producto\/a5c-point-to-multipoint-access-point\/#primaryimage\",\"url\":\"\/wp-content\/uploads\/2023\/05\/A5c-Point-to-Multipoint-Access-Point-01.jpg\",\"contentUrl\":\"\/wp-content\/uploads\/2023\/05\/A5c-Point-to-Multipoint-Access-Point-01.jpg\",\"width\":2000,\"height\":2000},{\"@type\":\"BreadcrumbList\",\"@id\":\"https:\/\/tecplan.com.gt\/producto\/a5c-point-to-multipoint-access-point\/#breadcrumb\",\"itemListElement\":[{\"@type\":\"ListItem\",\"position\":1,\"name\":\"Portada\",\"item\":\"https:\/\/tecplan.com.gt\/\"},{\"@type\":\"ListItem\",\"position\":2,\"name\":\"Productos\",\"item\":\"https:\/\/tecplan.com.gt\/shop\/\"},{\"@type\":\"ListItem\",\"position\":3,\"name\":\"A5c Point-to-Multipoint Access Point\"}]},{\"@type\":\"WebSite\",\"@id\":\"https:\/\/tecplan.com.gt\/#website\",\"url\":\"https:\/\/tecplan.com.gt\/\",\"name\":\"Tecplan Argentina\",\"description\":\"Tecnolog\u00edas y equipos de telecomunicaciones\",\"publisher\":{\"@id\":\"https:\/\/tecplan.com.gt\/#organization\"},\"potentialAction\":[{\"@type\":\"SearchAction\",\"target\":{\"@type\":\"EntryPoint\",\"urlTemplate\":\"https:\/\/tecplan.com.gt\/?s={search_term_string}\"},\"query-input\":{\"@type\":\"PropertyValueSpecification\",\"valueRequired\":true,\"valueName\":\"search_term_string\"}}],\"inLanguage\":\"en-US\"},{\"@type\":\"Organization\",\"@id\":\"https:\/\/tecplan.com.gt\/#organization\",\"name\":\"Tecplan Argentina\",\"url\":\"https:\/\/tecplan.com.gt\/\",\"logo\":{\"@type\":\"ImageObject\",\"inLanguage\":\"en-US\",\"@id\":\"https:\/\/tecplan.com.gt\/#\/schema\/logo\/image\/\",\"url\":\"\/wp-content\/uploads\/2023\/03\/logo-tecplan.gif\",\"contentUrl\":\"\/wp-content\/uploads\/2023\/03\/logo-tecplan.gif\",\"width\":1920,\"height\":486,\"caption\":\"Tecplan Argentina\"},\"image\":{\"@id\":\"https:\/\/tecplan.com.gt\/#\/schema\/logo\/image\/\"}}]}<\/script>\n<!-- \/ Yoast SEO plugin. -->","yoast_head_json":{"title":"A5c Point-to-Multipoint Access Point -","robots":{"index":"index","follow":"follow","max-snippet":"max-snippet:-1","max-image-preview":"max-image-preview:large","max-video-preview":"max-video-preview:-1"},"canonical":"https:\/\/tecplan.com.gt\/en\/product\/a5c-point-to-multipoint-access-point\/","og_locale":"en_US","og_type":"article","og_title":"A5c Point-to-Multipoint Access Point -","og_description":"Con las velocidades de cliente m\u00e1s r\u00e1pidas y una gran capacidad de punto de acceso, junto con la reutilizaci\u00f3n del espectro local y de toda la red, Mimosa A5c ofrece la escala m\u00e1s alta posible para cualquier red inal\u00e1mbrica fija sin licencia.  Ver ficha t\u00e9cnica  &nbsp;","og_url":"https:\/\/tecplan.com.gt\/en\/product\/a5c-point-to-multipoint-access-point\/","article_modified_time":"2024-01-25T21:27:41+00:00","og_image":[{"width":2000,"height":2000,"url":"https:\/\/tecplan.com.gt\/wp-content\/uploads\/2023\/05\/A5c-Point-to-Multipoint-Access-Point-01.jpg","type":"image\/jpeg"}],"twitter_card":"summary_large_image","twitter_misc":{"Est. reading time":"3 minutes"},"schema":{"@context":"https:\/\/schema.org","@graph":[{"@type":"WebPage","@id":"https:\/\/tecplan.com.gt\/producto\/a5c-point-to-multipoint-access-point\/","url":"https:\/\/tecplan.com.gt\/producto\/a5c-point-to-multipoint-access-point\/","name":"A5c Point-to-Multipoint Access Point -","isPartOf":{"@id":"https:\/\/tecplan.com.gt\/#website"},"primaryImageOfPage":{"@id":"https:\/\/tecplan.com.gt\/producto\/a5c-point-to-multipoint-access-point\/#primaryimage"},"image":{"@id":"https:\/\/tecplan.com.gt\/producto\/a5c-point-to-multipoint-access-point\/#primaryimage"},"thumbnailUrl":"\/wp-content\/uploads\/2023\/05\/A5c-Point-to-Multipoint-Access-Point-01.jpg","datePublished":"2023-05-17T16:55:39+00:00","dateModified":"2024-01-25T21:27:41+00:00","breadcrumb":{"@id":"https:\/\/tecplan.com.gt\/producto\/a5c-point-to-multipoint-access-point\/#breadcrumb"},"inLanguage":"en-US","potentialAction":[{"@type":"ReadAction","target":["https:\/\/tecplan.com.gt\/producto\/a5c-point-to-multipoint-access-point\/"]}]},{"@type":"ImageObject","inLanguage":"en-US","@id":"https:\/\/tecplan.com.gt\/producto\/a5c-point-to-multipoint-access-point\/#primaryimage","url":"\/wp-content\/uploads\/2023\/05\/A5c-Point-to-Multipoint-Access-Point-01.jpg","contentUrl":"\/wp-content\/uploads\/2023\/05\/A5c-Point-to-Multipoint-Access-Point-01.jpg","width":2000,"height":2000},{"@type":"BreadcrumbList","@id":"https:\/\/tecplan.com.gt\/producto\/a5c-point-to-multipoint-access-point\/#breadcrumb","itemListElement":[{"@type":"ListItem","position":1,"name":"Portada","item":"https:\/\/tecplan.com.gt\/"},{"@type":"ListItem","position":2,"name":"Productos","item":"https:\/\/tecplan.com.gt\/shop\/"},{"@type":"ListItem","position":3,"name":"A5c Point-to-Multipoint Access Point"}]},{"@type":"WebSite","@id":"https:\/\/tecplan.com.gt\/#website","url":"https:\/\/tecplan.com.gt\/","name":"Tecplan Argentina","description":"Tecnolog\u00edas y equipos de telecomunicaciones","publisher":{"@id":"https:\/\/tecplan.com.gt\/#organization"},"potentialAction":[{"@type":"SearchAction","target":{"@type":"EntryPoint","urlTemplate":"https:\/\/tecplan.com.gt\/?s={search_term_string}"},"query-input":{"@type":"PropertyValueSpecification","valueRequired":true,"valueName":"search_term_string"}}],"inLanguage":"en-US"},{"@type":"Organization","@id":"https:\/\/tecplan.com.gt\/#organization","name":"Tecplan Argentina","url":"https:\/\/tecplan.com.gt\/","logo":{"@type":"ImageObject","inLanguage":"en-US","@id":"https:\/\/tecplan.com.gt\/#\/schema\/logo\/image\/","url":"\/wp-content\/uploads\/2023\/03\/logo-tecplan.gif","contentUrl":"\/wp-content\/uploads\/2023\/03\/logo-tecplan.gif","width":1920,"height":486,"caption":"Tecplan Argentina"},"image":{"@id":"https:\/\/tecplan.com.gt\/#\/schema\/logo\/image\/"}}]}},"_links":{"self":[{"href":"https:\/\/tecplan.com.gt\/en\/wp-json\/wp\/v2\/product\/3626"}],"collection":[{"href":"https:\/\/tecplan.com.gt\/en\/wp-json\/wp\/v2\/product"}],"about":[{"href":"https:\/\/tecplan.com.gt\/en\/wp-json\/wp\/v2\/types\/product"}],"replies":[{"embeddable":true,"href":"https:\/\/tecplan.com.gt\/en\/wp-json\/wp\/v2\/comments?post=3626"}],"version-history":[{"count":0,"href":"https:\/\/tecplan.com.gt\/en\/wp-json\/wp\/v2\/product\/3626\/revisions"}],"wp:featuredmedia":[{"embeddable":true,"href":"https:\/\/tecplan.com.gt\/en\/wp-json\/wp\/v2\/media\/6367"}],"wp:attachment":[{"href":"https:\/\/tecplan.com.gt\/en\/wp-json\/wp\/v2\/media?parent=3626"}],"wp:term":[{"taxonomy":"product_brand","embeddable":true,"href":"https:\/\/tecplan.com.gt\/en\/wp-json\/wp\/v2\/product_brand?post=3626"},{"taxonomy":"product_cat","embeddable":true,"href":"https:\/\/tecplan.com.gt\/en\/wp-json\/wp\/v2\/product_cat?post=3626"},{"taxonomy":"product_tag","embeddable":true,"href":"https:\/\/tecplan.com.gt\/en\/wp-json\/wp\/v2\/product_tag?post=3626"}],"curies":[{"name":"wp","href":"https:\/\/api.w.org\/{rel}","templated":true}]}}