{"id":3629,"date":"2023-05-17T13:04:27","date_gmt":"2023-05-17T17:04:27","guid":{"rendered":"https:\/\/tecplan.com.gt\/?post_type=product&#038;p=3629"},"modified":"2024-01-25T18:37:14","modified_gmt":"2024-01-25T21:37:14","slug":"b11-point-to-point-backhaul-radio","status":"publish","type":"product","link":"https:\/\/tecplan.com.gt\/en\/product\/b11-point-to-point-backhaul-radio\/","title":{"rendered":"B11 Point-to-Point Backhaul Radio"},"content":{"rendered":"<p>Fiber to wireless is the future of connectivity, and the B11 is ready for it. Simply add your preferred SFP module and you\u2019ll be lit up with gigabit fiber speeds. If you\u2019re not ready for fiber yet, the B11 also offers a standard Gigabit Power-over-Ethernet connection.<\/p>\n<div class=\"container top140\">\n<div class=\"row\">\n<div class=\"col-xs-12 col-sm-8 col-sm-offset-2 text-center\">\n<p>During peak evening hours, downloads and video streaming now account for nearly 90% of traffic, while daytime symmetrical services and priority upstream traffic are more important than ever for businesses. Legacy FDD radios are limited to using symmetrical traffic, leaving large amounts of spectrum consistently underutilized. However, the B11 can dynamically adapt to bandwidth demand using Auto-TDMA technology, maximizing spectrum utilization throughout the day.<\/p>\n<\/div>\n<\/div>\n<\/div>\n<div class=\"container top140\">\n<div class=\"row\">Licensed spectrum has always been preferred for its superior link reliability. Now, with the B11\u2019s precision engineering, you can enjoy spectrum efficiency, incredible industry-leading stability, and, for the first time, groundbreaking dynamic bandwidth control.<\/div>\n<div>The B11 is ready to withstand the elements right out of the box. It comes with an IP67 Ethernet and SFP cage sealing gland*, specifically designed to seal pre-terminated cables.<\/div>\n<\/div>","protected":false},"excerpt":{"rendered":"<p>Mimosa's B11 backhaul radio is designed for the modern Internet era, instantly adapting to varying upstream and downstream bandwidth requirements at the industry's lowest cost per Mbps.<\/p>\n<p><a href=\"http:\/\/tecplan.com.gt\/wp-content\/uploads\/2023\/05\/Mimosa-by-Airspan-B11-Datasheet_DS-0007-04.pdf\" target=\"_blank\" rel=\"noopener\">See technical sheet<\/a><\/p>\n<p>&nbsp;<\/p>","protected":false},"featured_media":6371,"comment_status":"open","ping_status":"closed","template":"","meta":{"site-sidebar-layout":"default","site-content-layout":"default","ast-site-content-layout":"default","site-content-style":"default","site-sidebar-style":"default","ast-global-header-display":"","ast-banner-title-visibility":"","ast-main-header-display":"","ast-hfb-above-header-display":"","ast-hfb-below-header-display":"","ast-hfb-mobile-header-display":"","site-post-title":"","ast-breadcrumbs-content":"","ast-featured-img":"","footer-sml-layout":"","theme-transparent-header-meta":"default","adv-header-id-meta":"","stick-header-meta":"","header-above-stick-meta":"","header-main-stick-meta":"","header-below-stick-meta":"","astra-migrate-meta-layouts":"set","ast-page-background-enabled":"default","ast-page-background-meta":{"desktop":{"background-color":"var(--ast-global-color-4)","background-image":"","background-repeat":"repeat","background-position":"center center","background-size":"auto","background-attachment":"scroll","background-type":"","background-media":"","overlay-type":"","overlay-color":"","overlay-opacity":"","overlay-gradient":""},"tablet":{"background-color":"","background-image":"","background-repeat":"repeat","background-position":"center center","background-size":"auto","background-attachment":"scroll","background-type":"","background-media":"","overlay-type":"","overlay-color":"","overlay-opacity":"","overlay-gradient":""},"mobile":{"background-color":"","background-image":"","background-repeat":"repeat","background-position":"center center","background-size":"auto","background-attachment":"scroll","background-type":"","background-media":"","overlay-type":"","overlay-color":"","overlay-opacity":"","overlay-gradient":""}},"ast-content-background-meta":{"desktop":{"background-color":"var(--ast-global-color-5)","background-image":"","background-repeat":"repeat","background-position":"center center","background-size":"auto","background-attachment":"scroll","background-type":"","background-media":"","overlay-type":"","overlay-color":"","overlay-opacity":"","overlay-gradient":""},"tablet":{"background-color":"var(--ast-global-color-5)","background-image":"","background-repeat":"repeat","background-position":"center center","background-size":"auto","background-attachment":"scroll","background-type":"","background-media":"","overlay-type":"","overlay-color":"","overlay-opacity":"","overlay-gradient":""},"mobile":{"background-color":"var(--ast-global-color-5)","background-image":"","background-repeat":"repeat","background-position":"center center","background-size":"auto","background-attachment":"scroll","background-type":"","background-media":"","overlay-type":"","overlay-color":"","overlay-opacity":"","overlay-gradient":""}}},"product_brand":[],"product_cat":[37],"product_tag":[],"class_list":{"0":"post-3629","1":"product","2":"type-product","3":"status-publish","4":"has-post-thumbnail","6":"product_cat-access-point","7":"desktop-align-left","8":"tablet-align-left","9":"mobile-align-left","11":"first","12":"instock","13":"shipping-taxable","14":"product-type-simple"},"yoast_head":"<!-- This site is optimized with the Yoast SEO plugin v24.6 - https:\/\/yoast.com\/wordpress\/plugins\/seo\/ -->\n<title>B11 Point-to-Point Backhaul Radio -<\/title>\n<meta name=\"robots\" content=\"index, follow, max-snippet:-1, max-image-preview:large, max-video-preview:-1\" \/>\n<link rel=\"canonical\" href=\"https:\/\/tecplan.com.gt\/en\/product\/b11-point-to-point-backhaul-radio\/\" \/>\n<meta property=\"og:locale\" content=\"en_US\" \/>\n<meta property=\"og:type\" content=\"article\" \/>\n<meta property=\"og:title\" content=\"B11 Point-to-Point Backhaul Radio -\" \/>\n<meta property=\"og:description\" content=\"La radio backhaul B11 de Mimosa est\u00e1 dise\u00f1ada para la era moderna de Internet y se adapta instant\u00e1neamente a los requisitos variables de ancho de banda ascendente y descendente al costo por Mbps m\u00e1s bajo de la industria.  Ver ficha t\u00e9cnica  &nbsp;\" \/>\n<meta property=\"og:url\" content=\"https:\/\/tecplan.com.gt\/en\/product\/b11-point-to-point-backhaul-radio\/\" \/>\n<meta property=\"article:modified_time\" content=\"2024-01-25T21:37:14+00:00\" \/>\n<meta property=\"og:image\" content=\"https:\/\/tecplan.com.gt\/wp-content\/uploads\/2023\/05\/B11-Point-to-Point-Backhaul-Radio-02.jpg\" \/>\n\t<meta property=\"og:image:width\" content=\"2000\" \/>\n\t<meta property=\"og:image:height\" content=\"2000\" \/>\n\t<meta property=\"og:image:type\" content=\"image\/jpeg\" \/>\n<meta name=\"twitter:card\" content=\"summary_large_image\" \/>\n<meta name=\"twitter:label1\" content=\"Est. reading time\" \/>\n\t<meta name=\"twitter:data1\" content=\"2 minutes\" \/>\n<script type=\"application\/ld+json\" class=\"yoast-schema-graph\">{\"@context\":\"https:\/\/schema.org\",\"@graph\":[{\"@type\":\"WebPage\",\"@id\":\"https:\/\/tecplan.com.gt\/producto\/b11-point-to-point-backhaul-radio\/\",\"url\":\"https:\/\/tecplan.com.gt\/producto\/b11-point-to-point-backhaul-radio\/\",\"name\":\"B11 Point-to-Point Backhaul Radio -\",\"isPartOf\":{\"@id\":\"https:\/\/tecplan.com.gt\/#website\"},\"primaryImageOfPage\":{\"@id\":\"https:\/\/tecplan.com.gt\/producto\/b11-point-to-point-backhaul-radio\/#primaryimage\"},\"image\":{\"@id\":\"https:\/\/tecplan.com.gt\/producto\/b11-point-to-point-backhaul-radio\/#primaryimage\"},\"thumbnailUrl\":\"\/wp-content\/uploads\/2023\/05\/B11-Point-to-Point-Backhaul-Radio-02.jpg\",\"datePublished\":\"2023-05-17T17:04:27+00:00\",\"dateModified\":\"2024-01-25T21:37:14+00:00\",\"breadcrumb\":{\"@id\":\"https:\/\/tecplan.com.gt\/producto\/b11-point-to-point-backhaul-radio\/#breadcrumb\"},\"inLanguage\":\"en-US\",\"potentialAction\":[{\"@type\":\"ReadAction\",\"target\":[\"https:\/\/tecplan.com.gt\/producto\/b11-point-to-point-backhaul-radio\/\"]}]},{\"@type\":\"ImageObject\",\"inLanguage\":\"en-US\",\"@id\":\"https:\/\/tecplan.com.gt\/producto\/b11-point-to-point-backhaul-radio\/#primaryimage\",\"url\":\"\/wp-content\/uploads\/2023\/05\/B11-Point-to-Point-Backhaul-Radio-02.jpg\",\"contentUrl\":\"\/wp-content\/uploads\/2023\/05\/B11-Point-to-Point-Backhaul-Radio-02.jpg\",\"width\":2000,\"height\":2000},{\"@type\":\"BreadcrumbList\",\"@id\":\"https:\/\/tecplan.com.gt\/producto\/b11-point-to-point-backhaul-radio\/#breadcrumb\",\"itemListElement\":[{\"@type\":\"ListItem\",\"position\":1,\"name\":\"Portada\",\"item\":\"https:\/\/tecplan.com.gt\/\"},{\"@type\":\"ListItem\",\"position\":2,\"name\":\"Productos\",\"item\":\"https:\/\/tecplan.com.gt\/shop\/\"},{\"@type\":\"ListItem\",\"position\":3,\"name\":\"B11 Point-to-Point Backhaul Radio\"}]},{\"@type\":\"WebSite\",\"@id\":\"https:\/\/tecplan.com.gt\/#website\",\"url\":\"https:\/\/tecplan.com.gt\/\",\"name\":\"Tecplan Argentina\",\"description\":\"Tecnolog\u00edas y equipos de telecomunicaciones\",\"publisher\":{\"@id\":\"https:\/\/tecplan.com.gt\/#organization\"},\"potentialAction\":[{\"@type\":\"SearchAction\",\"target\":{\"@type\":\"EntryPoint\",\"urlTemplate\":\"https:\/\/tecplan.com.gt\/?s={search_term_string}\"},\"query-input\":{\"@type\":\"PropertyValueSpecification\",\"valueRequired\":true,\"valueName\":\"search_term_string\"}}],\"inLanguage\":\"en-US\"},{\"@type\":\"Organization\",\"@id\":\"https:\/\/tecplan.com.gt\/#organization\",\"name\":\"Tecplan Argentina\",\"url\":\"https:\/\/tecplan.com.gt\/\",\"logo\":{\"@type\":\"ImageObject\",\"inLanguage\":\"en-US\",\"@id\":\"https:\/\/tecplan.com.gt\/#\/schema\/logo\/image\/\",\"url\":\"\/wp-content\/uploads\/2023\/03\/logo-tecplan.gif\",\"contentUrl\":\"\/wp-content\/uploads\/2023\/03\/logo-tecplan.gif\",\"width\":1920,\"height\":486,\"caption\":\"Tecplan Argentina\"},\"image\":{\"@id\":\"https:\/\/tecplan.com.gt\/#\/schema\/logo\/image\/\"}}]}<\/script>\n<!-- \/ Yoast SEO plugin. -->","yoast_head_json":{"title":"B11 Point-to-Point Backhaul Radio -","robots":{"index":"index","follow":"follow","max-snippet":"max-snippet:-1","max-image-preview":"max-image-preview:large","max-video-preview":"max-video-preview:-1"},"canonical":"https:\/\/tecplan.com.gt\/en\/product\/b11-point-to-point-backhaul-radio\/","og_locale":"en_US","og_type":"article","og_title":"B11 Point-to-Point Backhaul Radio -","og_description":"La radio backhaul B11 de Mimosa est\u00e1 dise\u00f1ada para la era moderna de Internet y se adapta instant\u00e1neamente a los requisitos variables de ancho de banda ascendente y descendente al costo por Mbps m\u00e1s bajo de la industria.  Ver ficha t\u00e9cnica  &nbsp;","og_url":"https:\/\/tecplan.com.gt\/en\/product\/b11-point-to-point-backhaul-radio\/","article_modified_time":"2024-01-25T21:37:14+00:00","og_image":[{"width":2000,"height":2000,"url":"https:\/\/tecplan.com.gt\/wp-content\/uploads\/2023\/05\/B11-Point-to-Point-Backhaul-Radio-02.jpg","type":"image\/jpeg"}],"twitter_card":"summary_large_image","twitter_misc":{"Est. reading time":"2 minutes"},"schema":{"@context":"https:\/\/schema.org","@graph":[{"@type":"WebPage","@id":"https:\/\/tecplan.com.gt\/producto\/b11-point-to-point-backhaul-radio\/","url":"https:\/\/tecplan.com.gt\/producto\/b11-point-to-point-backhaul-radio\/","name":"B11 Point-to-Point Backhaul Radio -","isPartOf":{"@id":"https:\/\/tecplan.com.gt\/#website"},"primaryImageOfPage":{"@id":"https:\/\/tecplan.com.gt\/producto\/b11-point-to-point-backhaul-radio\/#primaryimage"},"image":{"@id":"https:\/\/tecplan.com.gt\/producto\/b11-point-to-point-backhaul-radio\/#primaryimage"},"thumbnailUrl":"\/wp-content\/uploads\/2023\/05\/B11-Point-to-Point-Backhaul-Radio-02.jpg","datePublished":"2023-05-17T17:04:27+00:00","dateModified":"2024-01-25T21:37:14+00:00","breadcrumb":{"@id":"https:\/\/tecplan.com.gt\/producto\/b11-point-to-point-backhaul-radio\/#breadcrumb"},"inLanguage":"en-US","potentialAction":[{"@type":"ReadAction","target":["https:\/\/tecplan.com.gt\/producto\/b11-point-to-point-backhaul-radio\/"]}]},{"@type":"ImageObject","inLanguage":"en-US","@id":"https:\/\/tecplan.com.gt\/producto\/b11-point-to-point-backhaul-radio\/#primaryimage","url":"\/wp-content\/uploads\/2023\/05\/B11-Point-to-Point-Backhaul-Radio-02.jpg","contentUrl":"\/wp-content\/uploads\/2023\/05\/B11-Point-to-Point-Backhaul-Radio-02.jpg","width":2000,"height":2000},{"@type":"BreadcrumbList","@id":"https:\/\/tecplan.com.gt\/producto\/b11-point-to-point-backhaul-radio\/#breadcrumb","itemListElement":[{"@type":"ListItem","position":1,"name":"Portada","item":"https:\/\/tecplan.com.gt\/"},{"@type":"ListItem","position":2,"name":"Productos","item":"https:\/\/tecplan.com.gt\/shop\/"},{"@type":"ListItem","position":3,"name":"B11 Point-to-Point Backhaul Radio"}]},{"@type":"WebSite","@id":"https:\/\/tecplan.com.gt\/#website","url":"https:\/\/tecplan.com.gt\/","name":"Tecplan Argentina","description":"Tecnolog\u00edas y equipos de telecomunicaciones","publisher":{"@id":"https:\/\/tecplan.com.gt\/#organization"},"potentialAction":[{"@type":"SearchAction","target":{"@type":"EntryPoint","urlTemplate":"https:\/\/tecplan.com.gt\/?s={search_term_string}"},"query-input":{"@type":"PropertyValueSpecification","valueRequired":true,"valueName":"search_term_string"}}],"inLanguage":"en-US"},{"@type":"Organization","@id":"https:\/\/tecplan.com.gt\/#organization","name":"Tecplan Argentina","url":"https:\/\/tecplan.com.gt\/","logo":{"@type":"ImageObject","inLanguage":"en-US","@id":"https:\/\/tecplan.com.gt\/#\/schema\/logo\/image\/","url":"\/wp-content\/uploads\/2023\/03\/logo-tecplan.gif","contentUrl":"\/wp-content\/uploads\/2023\/03\/logo-tecplan.gif","width":1920,"height":486,"caption":"Tecplan Argentina"},"image":{"@id":"https:\/\/tecplan.com.gt\/#\/schema\/logo\/image\/"}}]}},"_links":{"self":[{"href":"https:\/\/tecplan.com.gt\/en\/wp-json\/wp\/v2\/product\/3629"}],"collection":[{"href":"https:\/\/tecplan.com.gt\/en\/wp-json\/wp\/v2\/product"}],"about":[{"href":"https:\/\/tecplan.com.gt\/en\/wp-json\/wp\/v2\/types\/product"}],"replies":[{"embeddable":true,"href":"https:\/\/tecplan.com.gt\/en\/wp-json\/wp\/v2\/comments?post=3629"}],"version-history":[{"count":0,"href":"https:\/\/tecplan.com.gt\/en\/wp-json\/wp\/v2\/product\/3629\/revisions"}],"wp:featuredmedia":[{"embeddable":true,"href":"https:\/\/tecplan.com.gt\/en\/wp-json\/wp\/v2\/media\/6371"}],"wp:attachment":[{"href":"https:\/\/tecplan.com.gt\/en\/wp-json\/wp\/v2\/media?parent=3629"}],"wp:term":[{"taxonomy":"product_brand","embeddable":true,"href":"https:\/\/tecplan.com.gt\/en\/wp-json\/wp\/v2\/product_brand?post=3629"},{"taxonomy":"product_cat","embeddable":true,"href":"https:\/\/tecplan.com.gt\/en\/wp-json\/wp\/v2\/product_cat?post=3629"},{"taxonomy":"product_tag","embeddable":true,"href":"https:\/\/tecplan.com.gt\/en\/wp-json\/wp\/v2\/product_tag?post=3629"}],"curies":[{"name":"wp","href":"https:\/\/api.w.org\/{rel}","templated":true}]}}