{"id":3635,"date":"2023-05-17T13:36:12","date_gmt":"2023-05-17T17:36:12","guid":{"rendered":"https:\/\/tecplan.com.gt\/?post_type=product&#038;p=3635"},"modified":"2024-07-22T11:23:46","modified_gmt":"2024-07-22T17:23:46","slug":"dream-machine-pro","status":"publish","type":"product","link":"https:\/\/tecplan.com.gt\/en\/product\/dream-machine-pro\/","title":{"rendered":"Dream Machine Pro"},"content":{"rendered":"<p>&nbsp;<\/p>\n<table id=\"product-attribute-specs-table\" class=\"data-table\">\n<tbody>\n<tr>\n<th colspan=\"100%\">Hardware<\/th>\n<\/tr>\n<tr>\n<td class=\"\u201ckey\u201c\">Processor<\/td>\n<td class=\"\u201cvalue\u201c\">1.7GHz quad-core ARM\u00ae Cortex\u00ae-A57<\/td>\n<\/tr>\n<tr>\n<td class=\"\u201ckey\u201c\">System memory<\/td>\n<td class=\"\u201cvalue\u201c\">DDR4 de 4GB<\/td>\n<\/tr>\n<tr>\n<td class=\"\u201ckey\u201c\">Onboard storage<\/td>\n<td class=\"\u201cvalue\u201c\">eMMC de 16 GB<\/td>\n<\/tr>\n<tr>\n<td class=\"\u201ckey\u201c\">Management interface<\/td>\n<td class=\"\u201cvalue\u201c\">EthernetBluetooth<br \/>\n_<\/td>\n<\/tr>\n<tr>\n<td class=\"\u201ckey\u201c\">network interface<\/td>\n<td class=\"\u201cvalue\u201c\">(8) LAN: GbE RJ45 ports<br \/>\n(1) WAN: GbE RJ45 port<\/td>\n<\/tr>\n<tr>\n<td class=\"\u201ckey\u201c\">SFP+ interface<\/td>\n<td class=\"\u201cvalue\u201c\">(1) LAN: 10G SFP+<br \/>\n(1) WAN: 10G SFP+<\/td>\n<\/tr>\n<tr>\n<td class=\"\u201ckey\u201c\">Rendimiento IDS\/IPS<\/td>\n<td class=\"\u201cvalue\u201c\">3,5 Gbps *<br \/>\n<sub>* Medido con iPerf3.<\/sub><\/td>\n<\/tr>\n<tr>\n<td class=\"\u201ckey\u201c\">Power method<\/td>\n<td class=\"\u201cvalue\u201c\">(1) Universal AC input, 100\u2014240 VAC, 50\/60 Hz<br \/>\n(1) USP-RPS DC input<\/td>\n<\/tr>\n<tr>\n<td class=\"\u201ckey\u201c\">Power supply<\/td>\n<td class=\"\u201cvalue\u201c\">AC\/DC, internal, 50W<\/td>\n<\/tr>\n<tr>\n<td class=\"\u201ckey\u201c\">Supported voltage range<\/td>\n<td class=\"\u201cvalue\u201c\">100\u2014240 V CA<\/td>\n<\/tr>\n<tr>\n<td class=\"\u201ckey\u201c\">max. power consumption<\/td>\n<td class=\"\u201cvalue\u201c\">33W<\/td>\n<\/tr>\n<tr>\n<td class=\"\u201ckey\u201c\">ESD\/EMP Protection<\/td>\n<td class=\"\u201cvalue\u201c\">Air: \u00b1 15kV, contact: \u00b1 8kV<\/td>\n<\/tr>\n<tr>\n<td class=\"\u201ckey\u201c\">LCM display<\/td>\n<td class=\"\u201cvalue\u201c\">(1) 1.3\u2033 touch screen<\/td>\n<\/tr>\n<tr>\n<td class=\"\u201ckey\u201c\">Button<\/td>\n<td class=\"\u201cvalue\u201c\">Factory reset<\/td>\n<\/tr>\n<tr>\n<td class=\"\u201ckey\u201c\">Operating temperature<\/td>\n<td class=\"\u201cvalue\u201c\">-10\u00b0 a 40\u00b0 C (14\u00b0 a 104\u00b0 F)<\/td>\n<\/tr>\n<tr>\n<td class=\"\u201ckey\u201c\">Operating humidity<\/td>\n<td class=\"\u201cvalue\u201c\">5 to 95% non-condensing<\/td>\n<\/tr>\n<tr>\n<td class=\"\u201ckey\u201c\">Certifications<\/td>\n<td class=\"\u201cvalue\u201c\">CE, FCC, CI<\/td>\n<\/tr>\n<\/tbody>\n<\/table>","protected":false},"excerpt":{"rendered":"<p>UniFi\u00ae Dream Machine Pro is an all-in-one network appliance for a scalable network in an office, retail, or hospitality environment.<br \/>\nPowered by a fast 1.7GHz quad-core processor, the UDM Pro combines multiple functions into one device:<br \/>\n\u2022 Advanced security gateway with built-in switch<br \/>\n\u2022 Dual WAN ports: one 10G SFP+ and one Gigabit RJ45<br \/>\n\u2022 One 10G SFP+ LAN port<br \/>\n\u2022 Integrated enterprise software: UniFi Network<br \/>\n\u2022 3.5\u2033 HDD bay for NVR storage (2.5\u2033 HDD also supported)<\/p>\n<p><a href=\"http:\/\/tecplan.com.gt\/wp-content\/uploads\/2023\/05\/udm-pro.pdf\" target=\"_blank\" rel=\"noopener\">See technical sheet<\/a><\/p>","protected":false},"featured_media":6354,"comment_status":"open","ping_status":"closed","template":"","meta":{"site-sidebar-layout":"default","site-content-layout":"default","ast-site-content-layout":"default","site-content-style":"default","site-sidebar-style":"default","ast-global-header-display":"","ast-banner-title-visibility":"","ast-main-header-display":"","ast-hfb-above-header-display":"","ast-hfb-below-header-display":"","ast-hfb-mobile-header-display":"","site-post-title":"","ast-breadcrumbs-content":"","ast-featured-img":"","footer-sml-layout":"","theme-transparent-header-meta":"default","adv-header-id-meta":"","stick-header-meta":"","header-above-stick-meta":"","header-main-stick-meta":"","header-below-stick-meta":"","astra-migrate-meta-layouts":"set","ast-page-background-enabled":"default","ast-page-background-meta":{"desktop":{"background-color":"var(--ast-global-color-4)","background-image":"","background-repeat":"repeat","background-position":"center center","background-size":"auto","background-attachment":"scroll","background-type":"","background-media":"","overlay-type":"","overlay-color":"","overlay-opacity":"","overlay-gradient":""},"tablet":{"background-color":"","background-image":"","background-repeat":"repeat","background-position":"center center","background-size":"auto","background-attachment":"scroll","background-type":"","background-media":"","overlay-type":"","overlay-color":"","overlay-opacity":"","overlay-gradient":""},"mobile":{"background-color":"","background-image":"","background-repeat":"repeat","background-position":"center center","background-size":"auto","background-attachment":"scroll","background-type":"","background-media":"","overlay-type":"","overlay-color":"","overlay-opacity":"","overlay-gradient":""}},"ast-content-background-meta":{"desktop":{"background-color":"var(--ast-global-color-5)","background-image":"","background-repeat":"repeat","background-position":"center center","background-size":"auto","background-attachment":"scroll","background-type":"","background-media":"","overlay-type":"","overlay-color":"","overlay-opacity":"","overlay-gradient":""},"tablet":{"background-color":"var(--ast-global-color-5)","background-image":"","background-repeat":"repeat","background-position":"center center","background-size":"auto","background-attachment":"scroll","background-type":"","background-media":"","overlay-type":"","overlay-color":"","overlay-opacity":"","overlay-gradient":""},"mobile":{"background-color":"var(--ast-global-color-5)","background-image":"","background-repeat":"repeat","background-position":"center center","background-size":"auto","background-attachment":"scroll","background-type":"","background-media":"","overlay-type":"","overlay-color":"","overlay-opacity":"","overlay-gradient":""}}},"product_brand":[],"product_cat":[38],"product_tag":[62],"class_list":{"0":"post-3635","1":"product","2":"type-product","3":"status-publish","4":"has-post-thumbnail","6":"product_cat-ubiquiti","7":"product_tag-ubiquiti","8":"desktop-align-left","9":"tablet-align-left","10":"mobile-align-left","12":"first","13":"instock","14":"shipping-taxable","15":"product-type-simple"},"yoast_head":"<!-- This site is optimized with the Yoast SEO plugin v24.6 - https:\/\/yoast.com\/wordpress\/plugins\/seo\/ -->\n<title>Dream Machine Pro -<\/title>\n<meta name=\"robots\" content=\"index, follow, max-snippet:-1, max-image-preview:large, max-video-preview:-1\" \/>\n<link rel=\"canonical\" href=\"https:\/\/tecplan.com.gt\/en\/product\/dream-machine-pro\/\" \/>\n<meta property=\"og:locale\" content=\"en_US\" \/>\n<meta property=\"og:type\" content=\"article\" \/>\n<meta property=\"og:title\" content=\"Dream Machine Pro -\" \/>\n<meta property=\"og:description\" content=\"UniFi\u00ae Dream Machine Pro es un dispositivo de red todo en uno para una red escalable en un entorno de oficina, comercio minorista u hospitalidad. Impulsado por un r\u00e1pido procesador quad-core de 1,7 GHz, el UDM Pro combina m\u00faltiples funciones en un solo dispositivo: \u2022 Puerta de enlace de seguridad avanzada con interruptor incorporado \u2022 Puertos WAN duales: uno 10G SFP+ y un Gigabit RJ45 \u2022 Un puerto LAN 10G SFP+ \u2022 Software empresarial integrado: Red UniFi \u2022 Bah\u00eda de HDD de 3,5&quot; para almacenamiento NVR (HDD de 2,5&quot; tambi\u00e9n compatible)  Ver ficha t\u00e9cnica\" \/>\n<meta property=\"og:url\" content=\"https:\/\/tecplan.com.gt\/en\/product\/dream-machine-pro\/\" \/>\n<meta property=\"article:modified_time\" content=\"2024-07-22T17:23:46+00:00\" \/>\n<meta property=\"og:image\" content=\"https:\/\/tecplan.com.gt\/wp-content\/uploads\/2023\/05\/Dream-Machine-Pro-03.jpg\" \/>\n\t<meta property=\"og:image:width\" content=\"2000\" \/>\n\t<meta property=\"og:image:height\" content=\"2000\" \/>\n\t<meta property=\"og:image:type\" content=\"image\/jpeg\" \/>\n<meta name=\"twitter:card\" content=\"summary_large_image\" \/>\n<meta name=\"twitter:label1\" content=\"Est. reading time\" \/>\n\t<meta name=\"twitter:data1\" content=\"1 minute\" \/>\n<script type=\"application\/ld+json\" class=\"yoast-schema-graph\">{\"@context\":\"https:\/\/schema.org\",\"@graph\":[{\"@type\":\"WebPage\",\"@id\":\"https:\/\/tecplan.com.gt\/producto\/dream-machine-pro\/\",\"url\":\"https:\/\/tecplan.com.gt\/producto\/dream-machine-pro\/\",\"name\":\"Dream Machine Pro -\",\"isPartOf\":{\"@id\":\"https:\/\/tecplan.com.gt\/#website\"},\"primaryImageOfPage\":{\"@id\":\"https:\/\/tecplan.com.gt\/producto\/dream-machine-pro\/#primaryimage\"},\"image\":{\"@id\":\"https:\/\/tecplan.com.gt\/producto\/dream-machine-pro\/#primaryimage\"},\"thumbnailUrl\":\"\/wp-content\/uploads\/2023\/05\/Dream-Machine-Pro-03.jpg\",\"datePublished\":\"2023-05-17T17:36:12+00:00\",\"dateModified\":\"2024-07-22T17:23:46+00:00\",\"breadcrumb\":{\"@id\":\"https:\/\/tecplan.com.gt\/producto\/dream-machine-pro\/#breadcrumb\"},\"inLanguage\":\"en-US\",\"potentialAction\":[{\"@type\":\"ReadAction\",\"target\":[\"https:\/\/tecplan.com.gt\/producto\/dream-machine-pro\/\"]}]},{\"@type\":\"ImageObject\",\"inLanguage\":\"en-US\",\"@id\":\"https:\/\/tecplan.com.gt\/producto\/dream-machine-pro\/#primaryimage\",\"url\":\"\/wp-content\/uploads\/2023\/05\/Dream-Machine-Pro-03.jpg\",\"contentUrl\":\"\/wp-content\/uploads\/2023\/05\/Dream-Machine-Pro-03.jpg\",\"width\":2000,\"height\":2000},{\"@type\":\"BreadcrumbList\",\"@id\":\"https:\/\/tecplan.com.gt\/producto\/dream-machine-pro\/#breadcrumb\",\"itemListElement\":[{\"@type\":\"ListItem\",\"position\":1,\"name\":\"Portada\",\"item\":\"https:\/\/tecplan.com.gt\/\"},{\"@type\":\"ListItem\",\"position\":2,\"name\":\"Productos\",\"item\":\"https:\/\/tecplan.com.gt\/shop\/\"},{\"@type\":\"ListItem\",\"position\":3,\"name\":\"Dream Machine Pro\"}]},{\"@type\":\"WebSite\",\"@id\":\"https:\/\/tecplan.com.gt\/#website\",\"url\":\"https:\/\/tecplan.com.gt\/\",\"name\":\"Tecplan Argentina\",\"description\":\"Tecnolog\u00edas y equipos de telecomunicaciones\",\"publisher\":{\"@id\":\"https:\/\/tecplan.com.gt\/#organization\"},\"potentialAction\":[{\"@type\":\"SearchAction\",\"target\":{\"@type\":\"EntryPoint\",\"urlTemplate\":\"https:\/\/tecplan.com.gt\/?s={search_term_string}\"},\"query-input\":{\"@type\":\"PropertyValueSpecification\",\"valueRequired\":true,\"valueName\":\"search_term_string\"}}],\"inLanguage\":\"en-US\"},{\"@type\":\"Organization\",\"@id\":\"https:\/\/tecplan.com.gt\/#organization\",\"name\":\"Tecplan Argentina\",\"url\":\"https:\/\/tecplan.com.gt\/\",\"logo\":{\"@type\":\"ImageObject\",\"inLanguage\":\"en-US\",\"@id\":\"https:\/\/tecplan.com.gt\/#\/schema\/logo\/image\/\",\"url\":\"\/wp-content\/uploads\/2023\/03\/logo-tecplan.gif\",\"contentUrl\":\"\/wp-content\/uploads\/2023\/03\/logo-tecplan.gif\",\"width\":1920,\"height\":486,\"caption\":\"Tecplan Argentina\"},\"image\":{\"@id\":\"https:\/\/tecplan.com.gt\/#\/schema\/logo\/image\/\"}}]}<\/script>\n<!-- \/ Yoast SEO plugin. -->","yoast_head_json":{"title":"Dream Machine Pro -","robots":{"index":"index","follow":"follow","max-snippet":"max-snippet:-1","max-image-preview":"max-image-preview:large","max-video-preview":"max-video-preview:-1"},"canonical":"https:\/\/tecplan.com.gt\/en\/product\/dream-machine-pro\/","og_locale":"en_US","og_type":"article","og_title":"Dream Machine Pro -","og_description":"UniFi\u00ae Dream Machine Pro es un dispositivo de red todo en uno para una red escalable en un entorno de oficina, comercio minorista u hospitalidad. Impulsado por un r\u00e1pido procesador quad-core de 1,7 GHz, el UDM Pro combina m\u00faltiples funciones en un solo dispositivo: \u2022 Puerta de enlace de seguridad avanzada con interruptor incorporado \u2022 Puertos WAN duales: uno 10G SFP+ y un Gigabit RJ45 \u2022 Un puerto LAN 10G SFP+ \u2022 Software empresarial integrado: Red UniFi \u2022 Bah\u00eda de HDD de 3,5\" para almacenamiento NVR (HDD de 2,5\" tambi\u00e9n compatible)  Ver ficha t\u00e9cnica","og_url":"https:\/\/tecplan.com.gt\/en\/product\/dream-machine-pro\/","article_modified_time":"2024-07-22T17:23:46+00:00","og_image":[{"width":2000,"height":2000,"url":"https:\/\/tecplan.com.gt\/wp-content\/uploads\/2023\/05\/Dream-Machine-Pro-03.jpg","type":"image\/jpeg"}],"twitter_card":"summary_large_image","twitter_misc":{"Est. reading time":"1 minute"},"schema":{"@context":"https:\/\/schema.org","@graph":[{"@type":"WebPage","@id":"https:\/\/tecplan.com.gt\/producto\/dream-machine-pro\/","url":"https:\/\/tecplan.com.gt\/producto\/dream-machine-pro\/","name":"Dream Machine Pro -","isPartOf":{"@id":"https:\/\/tecplan.com.gt\/#website"},"primaryImageOfPage":{"@id":"https:\/\/tecplan.com.gt\/producto\/dream-machine-pro\/#primaryimage"},"image":{"@id":"https:\/\/tecplan.com.gt\/producto\/dream-machine-pro\/#primaryimage"},"thumbnailUrl":"\/wp-content\/uploads\/2023\/05\/Dream-Machine-Pro-03.jpg","datePublished":"2023-05-17T17:36:12+00:00","dateModified":"2024-07-22T17:23:46+00:00","breadcrumb":{"@id":"https:\/\/tecplan.com.gt\/producto\/dream-machine-pro\/#breadcrumb"},"inLanguage":"en-US","potentialAction":[{"@type":"ReadAction","target":["https:\/\/tecplan.com.gt\/producto\/dream-machine-pro\/"]}]},{"@type":"ImageObject","inLanguage":"en-US","@id":"https:\/\/tecplan.com.gt\/producto\/dream-machine-pro\/#primaryimage","url":"\/wp-content\/uploads\/2023\/05\/Dream-Machine-Pro-03.jpg","contentUrl":"\/wp-content\/uploads\/2023\/05\/Dream-Machine-Pro-03.jpg","width":2000,"height":2000},{"@type":"BreadcrumbList","@id":"https:\/\/tecplan.com.gt\/producto\/dream-machine-pro\/#breadcrumb","itemListElement":[{"@type":"ListItem","position":1,"name":"Portada","item":"https:\/\/tecplan.com.gt\/"},{"@type":"ListItem","position":2,"name":"Productos","item":"https:\/\/tecplan.com.gt\/shop\/"},{"@type":"ListItem","position":3,"name":"Dream Machine Pro"}]},{"@type":"WebSite","@id":"https:\/\/tecplan.com.gt\/#website","url":"https:\/\/tecplan.com.gt\/","name":"Tecplan Argentina","description":"Tecnolog\u00edas y equipos de telecomunicaciones","publisher":{"@id":"https:\/\/tecplan.com.gt\/#organization"},"potentialAction":[{"@type":"SearchAction","target":{"@type":"EntryPoint","urlTemplate":"https:\/\/tecplan.com.gt\/?s={search_term_string}"},"query-input":{"@type":"PropertyValueSpecification","valueRequired":true,"valueName":"search_term_string"}}],"inLanguage":"en-US"},{"@type":"Organization","@id":"https:\/\/tecplan.com.gt\/#organization","name":"Tecplan Argentina","url":"https:\/\/tecplan.com.gt\/","logo":{"@type":"ImageObject","inLanguage":"en-US","@id":"https:\/\/tecplan.com.gt\/#\/schema\/logo\/image\/","url":"\/wp-content\/uploads\/2023\/03\/logo-tecplan.gif","contentUrl":"\/wp-content\/uploads\/2023\/03\/logo-tecplan.gif","width":1920,"height":486,"caption":"Tecplan Argentina"},"image":{"@id":"https:\/\/tecplan.com.gt\/#\/schema\/logo\/image\/"}}]}},"_links":{"self":[{"href":"https:\/\/tecplan.com.gt\/en\/wp-json\/wp\/v2\/product\/3635"}],"collection":[{"href":"https:\/\/tecplan.com.gt\/en\/wp-json\/wp\/v2\/product"}],"about":[{"href":"https:\/\/tecplan.com.gt\/en\/wp-json\/wp\/v2\/types\/product"}],"replies":[{"embeddable":true,"href":"https:\/\/tecplan.com.gt\/en\/wp-json\/wp\/v2\/comments?post=3635"}],"version-history":[{"count":2,"href":"https:\/\/tecplan.com.gt\/en\/wp-json\/wp\/v2\/product\/3635\/revisions"}],"predecessor-version":[{"id":8631,"href":"https:\/\/tecplan.com.gt\/en\/wp-json\/wp\/v2\/product\/3635\/revisions\/8631"}],"wp:featuredmedia":[{"embeddable":true,"href":"https:\/\/tecplan.com.gt\/en\/wp-json\/wp\/v2\/media\/6354"}],"wp:attachment":[{"href":"https:\/\/tecplan.com.gt\/en\/wp-json\/wp\/v2\/media?parent=3635"}],"wp:term":[{"taxonomy":"product_brand","embeddable":true,"href":"https:\/\/tecplan.com.gt\/en\/wp-json\/wp\/v2\/product_brand?post=3635"},{"taxonomy":"product_cat","embeddable":true,"href":"https:\/\/tecplan.com.gt\/en\/wp-json\/wp\/v2\/product_cat?post=3635"},{"taxonomy":"product_tag","embeddable":true,"href":"https:\/\/tecplan.com.gt\/en\/wp-json\/wp\/v2\/product_tag?post=3635"}],"curies":[{"name":"wp","href":"https:\/\/api.w.org\/{rel}","templated":true}]}}