{"id":3638,"date":"2023-05-17T13:41:51","date_gmt":"2023-05-17T17:41:51","guid":{"rendered":"https:\/\/tecplan.com.gt\/?post_type=product&#038;p=3638"},"modified":"2024-02-21T15:55:45","modified_gmt":"2024-02-21T18:55:45","slug":"iridium-push-to-talk","status":"publish","type":"product","link":"https:\/\/tecplan.com.gt\/en\/product\/iridium-push-to-talk\/","title":{"rendered":"Iridium Push-to-Talk"},"content":{"rendered":"<p>Iridium offers fast, simple and secure communications anywhere in the world, at the touch of a button.<\/p>\n<div class=\"col-lg-6 col-md-12 azlf-third-section-ul\">\n<p><strong>AES-256 encryption<\/strong><\/p>\n<p>This unique mission-critical system is designed for speed and security, with LMR performance and uncompromising AES-256 encryption.<\/p>\n<\/div>\n<div class=\"col-lg-6 col-md-12 azlf-third-section-ul\">\n<p><strong>Global conversation groups<\/strong><\/p>\n<p>Connect with your team from anywhere in the world through defined coverage areas ranging in size from 100,000 to 2.25 million square kilometers.<\/p>\n<\/div>\n<div class=\"col-lg-6 col-md-12 azlf-third-section-ul\">\n<p><strong>Interoperable<\/strong><\/p>\n<p>Allow other organizations or agencies to share channels and talkgroups through the Iridium PTT Command Center.<\/p>\n<\/div>\n<div class=\"col-lg-6 col-md-12 azlf-third-section-ul\">\n<p><strong>Discounted Voice Line Add-On<\/strong><\/p>\n<p>Add a voice line to your Iridium PTT service with an Iridium Extreme PTT phone and you could qualify for a discounted access plan.<\/p>\n<\/div>\n<div class=\"col-lg-6 col-md-12 azlf-third-section-ul\">\n<p><strong>Iridium PTT Command Center<\/strong><\/p>\n<p>Drag and drop to set up users, talk groups, and coverage areas in seconds.<\/p>\n<\/div>","protected":false},"excerpt":{"rendered":"<p>With Iridium Push-To-Talk (PTT), group communications are enhanced globally with Iridium\u2019s truly global, low-latency network. Interoperate with your traditional Land Mobile Radios (LMRs) and enable rapid coordination with your team like never before. Choose from a variety of Iridium and Iridium Connected\u00ae solutions to deliver fast, global PTT solutions for your team, whether you\u2019re indoors, outdoors, underground, or on the move.<\/p>\n<p><a href=\"http:\/\/tecplan.com.gt\/wp-content\/uploads\/2023\/05\/BR_Iridium-Push-to-Talk_Brochure_ENG_JUN151.pdf\" target=\"_blank\" rel=\"noopener\">See technical sheet<\/a><\/p>\n<p>&nbsp;<\/p>","protected":false},"featured_media":6206,"comment_status":"open","ping_status":"closed","template":"","meta":{"site-sidebar-layout":"default","site-content-layout":"default","ast-site-content-layout":"default","site-content-style":"default","site-sidebar-style":"default","ast-global-header-display":"","ast-banner-title-visibility":"","ast-main-header-display":"disabled","ast-hfb-above-header-display":"","ast-hfb-below-header-display":"","ast-hfb-mobile-header-display":"disabled","site-post-title":"","ast-breadcrumbs-content":"","ast-featured-img":"","footer-sml-layout":"","theme-transparent-header-meta":"default","adv-header-id-meta":"","stick-header-meta":"","header-above-stick-meta":"","header-main-stick-meta":"","header-below-stick-meta":"","astra-migrate-meta-layouts":"set","ast-page-background-enabled":"default","ast-page-background-meta":{"desktop":{"background-color":"var(--ast-global-color-4)","background-image":"","background-repeat":"repeat","background-position":"center center","background-size":"auto","background-attachment":"scroll","background-type":"","background-media":"","overlay-type":"","overlay-color":"","overlay-opacity":"","overlay-gradient":""},"tablet":{"background-color":"","background-image":"","background-repeat":"repeat","background-position":"center center","background-size":"auto","background-attachment":"scroll","background-type":"","background-media":"","overlay-type":"","overlay-color":"","overlay-opacity":"","overlay-gradient":""},"mobile":{"background-color":"","background-image":"","background-repeat":"repeat","background-position":"center center","background-size":"auto","background-attachment":"scroll","background-type":"","background-media":"","overlay-type":"","overlay-color":"","overlay-opacity":"","overlay-gradient":""}},"ast-content-background-meta":{"desktop":{"background-color":"var(--ast-global-color-5)","background-image":"","background-repeat":"repeat","background-position":"center center","background-size":"auto","background-attachment":"scroll","background-type":"","background-media":"","overlay-type":"","overlay-color":"","overlay-opacity":"","overlay-gradient":""},"tablet":{"background-color":"var(--ast-global-color-5)","background-image":"","background-repeat":"repeat","background-position":"center center","background-size":"auto","background-attachment":"scroll","background-type":"","background-media":"","overlay-type":"","overlay-color":"","overlay-opacity":"","overlay-gradient":""},"mobile":{"background-color":"var(--ast-global-color-5)","background-image":"","background-repeat":"repeat","background-position":"center center","background-size":"auto","background-attachment":"scroll","background-type":"","background-media":"","overlay-type":"","overlay-color":"","overlay-opacity":"","overlay-gradient":""}}},"product_brand":[],"product_cat":[44],"product_tag":[66],"class_list":{"0":"post-3638","1":"product","2":"type-product","3":"status-publish","4":"has-post-thumbnail","6":"product_cat-iridium","7":"product_tag-iridium","8":"desktop-align-left","9":"tablet-align-left","10":"mobile-align-left","12":"first","13":"instock","14":"shipping-taxable","15":"product-type-simple"},"yoast_head":"<!-- This site is optimized with the Yoast SEO plugin v24.6 - https:\/\/yoast.com\/wordpress\/plugins\/seo\/ -->\n<title>Iridium Push-to-Talk -<\/title>\n<meta name=\"robots\" content=\"index, follow, max-snippet:-1, max-image-preview:large, max-video-preview:-1\" \/>\n<link rel=\"canonical\" href=\"https:\/\/tecplan.com.gt\/en\/product\/iridium-push-to-talk\/\" \/>\n<meta property=\"og:locale\" content=\"en_US\" \/>\n<meta property=\"og:type\" content=\"article\" \/>\n<meta property=\"og:title\" content=\"Iridium Push-to-Talk -\" \/>\n<meta property=\"og:description\" content=\"Con Iridium Push-To-Talk (PTT), las comunicaciones grupales se mejoran globalmente con la red verdaderamente global y de baja latencia de Iridium.\u00a0Interopere con sus radios m\u00f3viles terrestres (LMR) tradicionales y permita una coordinaci\u00f3n r\u00e1pida con su equipo como nunca antes.\u00a0Elija entre una variedad de soluciones Iridium e Iridium Connected\u00ae para brindar soluciones PTT globales r\u00e1pidas para su equipo, ya sea que est\u00e9 en interiores, exteriores, subterr\u00e1neos o en movimiento.  Ver ficha t\u00e9cnica  &nbsp;\" \/>\n<meta property=\"og:url\" content=\"https:\/\/tecplan.com.gt\/en\/product\/iridium-push-to-talk\/\" \/>\n<meta property=\"article:modified_time\" content=\"2024-02-21T18:55:45+00:00\" \/>\n<meta property=\"og:image\" content=\"https:\/\/tecplan.com.gt\/wp-content\/uploads\/2023\/05\/Iridium-Push-To-Talk-01.jpg\" \/>\n\t<meta property=\"og:image:width\" content=\"2000\" \/>\n\t<meta property=\"og:image:height\" content=\"2000\" \/>\n\t<meta property=\"og:image:type\" content=\"image\/jpeg\" \/>\n<meta name=\"twitter:card\" content=\"summary_large_image\" \/>\n<meta name=\"twitter:label1\" content=\"Est. reading time\" \/>\n\t<meta name=\"twitter:data1\" content=\"1 minute\" \/>\n<script type=\"application\/ld+json\" class=\"yoast-schema-graph\">{\"@context\":\"https:\/\/schema.org\",\"@graph\":[{\"@type\":\"WebPage\",\"@id\":\"https:\/\/tecplan.com.gt\/producto\/iridium-push-to-talk\/\",\"url\":\"https:\/\/tecplan.com.gt\/producto\/iridium-push-to-talk\/\",\"name\":\"Iridium Push-to-Talk -\",\"isPartOf\":{\"@id\":\"https:\/\/tecplan.com.gt\/#website\"},\"primaryImageOfPage\":{\"@id\":\"https:\/\/tecplan.com.gt\/producto\/iridium-push-to-talk\/#primaryimage\"},\"image\":{\"@id\":\"https:\/\/tecplan.com.gt\/producto\/iridium-push-to-talk\/#primaryimage\"},\"thumbnailUrl\":\"\/wp-content\/uploads\/2023\/05\/Iridium-Push-To-Talk-01.jpg\",\"datePublished\":\"2023-05-17T17:41:51+00:00\",\"dateModified\":\"2024-02-21T18:55:45+00:00\",\"breadcrumb\":{\"@id\":\"https:\/\/tecplan.com.gt\/producto\/iridium-push-to-talk\/#breadcrumb\"},\"inLanguage\":\"en-US\",\"potentialAction\":[{\"@type\":\"ReadAction\",\"target\":[\"https:\/\/tecplan.com.gt\/producto\/iridium-push-to-talk\/\"]}]},{\"@type\":\"ImageObject\",\"inLanguage\":\"en-US\",\"@id\":\"https:\/\/tecplan.com.gt\/producto\/iridium-push-to-talk\/#primaryimage\",\"url\":\"\/wp-content\/uploads\/2023\/05\/Iridium-Push-To-Talk-01.jpg\",\"contentUrl\":\"\/wp-content\/uploads\/2023\/05\/Iridium-Push-To-Talk-01.jpg\",\"width\":2000,\"height\":2000},{\"@type\":\"BreadcrumbList\",\"@id\":\"https:\/\/tecplan.com.gt\/producto\/iridium-push-to-talk\/#breadcrumb\",\"itemListElement\":[{\"@type\":\"ListItem\",\"position\":1,\"name\":\"Portada\",\"item\":\"https:\/\/tecplan.com.gt\/\"},{\"@type\":\"ListItem\",\"position\":2,\"name\":\"Productos\",\"item\":\"https:\/\/tecplan.com.gt\/shop\/\"},{\"@type\":\"ListItem\",\"position\":3,\"name\":\"Iridium Push-to-Talk\"}]},{\"@type\":\"WebSite\",\"@id\":\"https:\/\/tecplan.com.gt\/#website\",\"url\":\"https:\/\/tecplan.com.gt\/\",\"name\":\"Tecplan Argentina\",\"description\":\"Tecnolog\u00edas y equipos de telecomunicaciones\",\"publisher\":{\"@id\":\"https:\/\/tecplan.com.gt\/#organization\"},\"potentialAction\":[{\"@type\":\"SearchAction\",\"target\":{\"@type\":\"EntryPoint\",\"urlTemplate\":\"https:\/\/tecplan.com.gt\/?s={search_term_string}\"},\"query-input\":{\"@type\":\"PropertyValueSpecification\",\"valueRequired\":true,\"valueName\":\"search_term_string\"}}],\"inLanguage\":\"en-US\"},{\"@type\":\"Organization\",\"@id\":\"https:\/\/tecplan.com.gt\/#organization\",\"name\":\"Tecplan Argentina\",\"url\":\"https:\/\/tecplan.com.gt\/\",\"logo\":{\"@type\":\"ImageObject\",\"inLanguage\":\"en-US\",\"@id\":\"https:\/\/tecplan.com.gt\/#\/schema\/logo\/image\/\",\"url\":\"\/wp-content\/uploads\/2023\/03\/logo-tecplan.gif\",\"contentUrl\":\"\/wp-content\/uploads\/2023\/03\/logo-tecplan.gif\",\"width\":1920,\"height\":486,\"caption\":\"Tecplan Argentina\"},\"image\":{\"@id\":\"https:\/\/tecplan.com.gt\/#\/schema\/logo\/image\/\"}}]}<\/script>\n<!-- \/ Yoast SEO plugin. -->","yoast_head_json":{"title":"Iridium Push-to-Talk -","robots":{"index":"index","follow":"follow","max-snippet":"max-snippet:-1","max-image-preview":"max-image-preview:large","max-video-preview":"max-video-preview:-1"},"canonical":"https:\/\/tecplan.com.gt\/en\/product\/iridium-push-to-talk\/","og_locale":"en_US","og_type":"article","og_title":"Iridium Push-to-Talk -","og_description":"Con Iridium Push-To-Talk (PTT), las comunicaciones grupales se mejoran globalmente con la red verdaderamente global y de baja latencia de Iridium.\u00a0Interopere con sus radios m\u00f3viles terrestres (LMR) tradicionales y permita una coordinaci\u00f3n r\u00e1pida con su equipo como nunca antes.\u00a0Elija entre una variedad de soluciones Iridium e Iridium Connected\u00ae para brindar soluciones PTT globales r\u00e1pidas para su equipo, ya sea que est\u00e9 en interiores, exteriores, subterr\u00e1neos o en movimiento.  Ver ficha t\u00e9cnica  &nbsp;","og_url":"https:\/\/tecplan.com.gt\/en\/product\/iridium-push-to-talk\/","article_modified_time":"2024-02-21T18:55:45+00:00","og_image":[{"width":2000,"height":2000,"url":"https:\/\/tecplan.com.gt\/wp-content\/uploads\/2023\/05\/Iridium-Push-To-Talk-01.jpg","type":"image\/jpeg"}],"twitter_card":"summary_large_image","twitter_misc":{"Est. reading time":"1 minute"},"schema":{"@context":"https:\/\/schema.org","@graph":[{"@type":"WebPage","@id":"https:\/\/tecplan.com.gt\/producto\/iridium-push-to-talk\/","url":"https:\/\/tecplan.com.gt\/producto\/iridium-push-to-talk\/","name":"Iridium Push-to-Talk -","isPartOf":{"@id":"https:\/\/tecplan.com.gt\/#website"},"primaryImageOfPage":{"@id":"https:\/\/tecplan.com.gt\/producto\/iridium-push-to-talk\/#primaryimage"},"image":{"@id":"https:\/\/tecplan.com.gt\/producto\/iridium-push-to-talk\/#primaryimage"},"thumbnailUrl":"\/wp-content\/uploads\/2023\/05\/Iridium-Push-To-Talk-01.jpg","datePublished":"2023-05-17T17:41:51+00:00","dateModified":"2024-02-21T18:55:45+00:00","breadcrumb":{"@id":"https:\/\/tecplan.com.gt\/producto\/iridium-push-to-talk\/#breadcrumb"},"inLanguage":"en-US","potentialAction":[{"@type":"ReadAction","target":["https:\/\/tecplan.com.gt\/producto\/iridium-push-to-talk\/"]}]},{"@type":"ImageObject","inLanguage":"en-US","@id":"https:\/\/tecplan.com.gt\/producto\/iridium-push-to-talk\/#primaryimage","url":"\/wp-content\/uploads\/2023\/05\/Iridium-Push-To-Talk-01.jpg","contentUrl":"\/wp-content\/uploads\/2023\/05\/Iridium-Push-To-Talk-01.jpg","width":2000,"height":2000},{"@type":"BreadcrumbList","@id":"https:\/\/tecplan.com.gt\/producto\/iridium-push-to-talk\/#breadcrumb","itemListElement":[{"@type":"ListItem","position":1,"name":"Portada","item":"https:\/\/tecplan.com.gt\/"},{"@type":"ListItem","position":2,"name":"Productos","item":"https:\/\/tecplan.com.gt\/shop\/"},{"@type":"ListItem","position":3,"name":"Iridium Push-to-Talk"}]},{"@type":"WebSite","@id":"https:\/\/tecplan.com.gt\/#website","url":"https:\/\/tecplan.com.gt\/","name":"Tecplan Argentina","description":"Tecnolog\u00edas y equipos de telecomunicaciones","publisher":{"@id":"https:\/\/tecplan.com.gt\/#organization"},"potentialAction":[{"@type":"SearchAction","target":{"@type":"EntryPoint","urlTemplate":"https:\/\/tecplan.com.gt\/?s={search_term_string}"},"query-input":{"@type":"PropertyValueSpecification","valueRequired":true,"valueName":"search_term_string"}}],"inLanguage":"en-US"},{"@type":"Organization","@id":"https:\/\/tecplan.com.gt\/#organization","name":"Tecplan Argentina","url":"https:\/\/tecplan.com.gt\/","logo":{"@type":"ImageObject","inLanguage":"en-US","@id":"https:\/\/tecplan.com.gt\/#\/schema\/logo\/image\/","url":"\/wp-content\/uploads\/2023\/03\/logo-tecplan.gif","contentUrl":"\/wp-content\/uploads\/2023\/03\/logo-tecplan.gif","width":1920,"height":486,"caption":"Tecplan Argentina"},"image":{"@id":"https:\/\/tecplan.com.gt\/#\/schema\/logo\/image\/"}}]}},"_links":{"self":[{"href":"https:\/\/tecplan.com.gt\/en\/wp-json\/wp\/v2\/product\/3638"}],"collection":[{"href":"https:\/\/tecplan.com.gt\/en\/wp-json\/wp\/v2\/product"}],"about":[{"href":"https:\/\/tecplan.com.gt\/en\/wp-json\/wp\/v2\/types\/product"}],"replies":[{"embeddable":true,"href":"https:\/\/tecplan.com.gt\/en\/wp-json\/wp\/v2\/comments?post=3638"}],"version-history":[{"count":1,"href":"https:\/\/tecplan.com.gt\/en\/wp-json\/wp\/v2\/product\/3638\/revisions"}],"predecessor-version":[{"id":6993,"href":"https:\/\/tecplan.com.gt\/en\/wp-json\/wp\/v2\/product\/3638\/revisions\/6993"}],"wp:featuredmedia":[{"embeddable":true,"href":"https:\/\/tecplan.com.gt\/en\/wp-json\/wp\/v2\/media\/6206"}],"wp:attachment":[{"href":"https:\/\/tecplan.com.gt\/en\/wp-json\/wp\/v2\/media?parent=3638"}],"wp:term":[{"taxonomy":"product_brand","embeddable":true,"href":"https:\/\/tecplan.com.gt\/en\/wp-json\/wp\/v2\/product_brand?post=3638"},{"taxonomy":"product_cat","embeddable":true,"href":"https:\/\/tecplan.com.gt\/en\/wp-json\/wp\/v2\/product_cat?post=3638"},{"taxonomy":"product_tag","embeddable":true,"href":"https:\/\/tecplan.com.gt\/en\/wp-json\/wp\/v2\/product_tag?post=3638"}],"curies":[{"name":"wp","href":"https:\/\/api.w.org\/{rel}","templated":true}]}}