{"id":3661,"date":"2023-06-13T20:04:49","date_gmt":"2023-06-14T00:04:49","guid":{"rendered":"https:\/\/tecplan.com.gt\/?post_type=product&#038;p=3661"},"modified":"2024-01-25T19:09:53","modified_gmt":"2024-01-25T22:09:53","slug":"cnpilot-e505-e510-e700-outdoor-wi-fi-access-points","status":"publish","type":"product","link":"https:\/\/tecplan.com.gt\/en\/product\/cnpilot-e505-e510-e700-outdoor-wi-fi-access-points\/","title":{"rendered":"cnPilot\u2122 e505, e510, e700 Outdoor Wi-Fi Access Points"},"content":{"rendered":"","protected":false},"excerpt":{"rendered":"<p>Ideal for outdoor communities, public Wi-Fi, or enterprise Wi-Fi, these omnidirectional access points are suited for low-, medium-, and high-density applications. Each is designed with an integrated mounting bracket and antennas to make installation fast and repeatable from one site to the next.<\/p>\n<p><a href=\"http:\/\/tecplan.com.gt\/wp-content\/uploads\/2023\/06\/Cambium_Networks_data_sheet_cnPilot_e505_e510_e700_family.pdf\" target=\"_blank\" rel=\"noopener\">See technical sheet<\/a><\/p>","protected":false},"featured_media":6381,"comment_status":"open","ping_status":"closed","template":"","meta":{"site-sidebar-layout":"default","site-content-layout":"default","ast-site-content-layout":"default","site-content-style":"default","site-sidebar-style":"default","ast-global-header-display":"","ast-banner-title-visibility":"","ast-main-header-display":"","ast-hfb-above-header-display":"","ast-hfb-below-header-display":"","ast-hfb-mobile-header-display":"","site-post-title":"","ast-breadcrumbs-content":"","ast-featured-img":"","footer-sml-layout":"","theme-transparent-header-meta":"default","adv-header-id-meta":"","stick-header-meta":"","header-above-stick-meta":"","header-main-stick-meta":"","header-below-stick-meta":"","astra-migrate-meta-layouts":"set","ast-page-background-enabled":"default","ast-page-background-meta":{"desktop":{"background-color":"var(--ast-global-color-4)","background-image":"","background-repeat":"repeat","background-position":"center center","background-size":"auto","background-attachment":"scroll","background-type":"","background-media":"","overlay-type":"","overlay-color":"","overlay-opacity":"","overlay-gradient":""},"tablet":{"background-color":"","background-image":"","background-repeat":"repeat","background-position":"center center","background-size":"auto","background-attachment":"scroll","background-type":"","background-media":"","overlay-type":"","overlay-color":"","overlay-opacity":"","overlay-gradient":""},"mobile":{"background-color":"","background-image":"","background-repeat":"repeat","background-position":"center center","background-size":"auto","background-attachment":"scroll","background-type":"","background-media":"","overlay-type":"","overlay-color":"","overlay-opacity":"","overlay-gradient":""}},"ast-content-background-meta":{"desktop":{"background-color":"var(--ast-global-color-5)","background-image":"","background-repeat":"repeat","background-position":"center center","background-size":"auto","background-attachment":"scroll","background-type":"","background-media":"","overlay-type":"","overlay-color":"","overlay-opacity":"","overlay-gradient":""},"tablet":{"background-color":"var(--ast-global-color-5)","background-image":"","background-repeat":"repeat","background-position":"center center","background-size":"auto","background-attachment":"scroll","background-type":"","background-media":"","overlay-type":"","overlay-color":"","overlay-opacity":"","overlay-gradient":""},"mobile":{"background-color":"var(--ast-global-color-5)","background-image":"","background-repeat":"repeat","background-position":"center center","background-size":"auto","background-attachment":"scroll","background-type":"","background-media":"","overlay-type":"","overlay-color":"","overlay-opacity":"","overlay-gradient":""}}},"product_brand":[],"product_cat":[55],"product_tag":[61],"class_list":{"0":"post-3661","1":"product","2":"type-product","3":"status-publish","4":"has-post-thumbnail","6":"product_cat-cambium-networks","7":"product_tag-cambium-networks","8":"desktop-align-left","9":"tablet-align-left","10":"mobile-align-left","12":"first","13":"instock","14":"shipping-taxable","15":"product-type-simple"},"yoast_head":"<!-- This site is optimized with the Yoast SEO plugin v24.6 - https:\/\/yoast.com\/wordpress\/plugins\/seo\/ -->\n<title>cnPilot\u2122 e505, e510, e700 Outdoor Wi-Fi Access Points -<\/title>\n<meta name=\"robots\" content=\"index, follow, max-snippet:-1, max-image-preview:large, max-video-preview:-1\" \/>\n<link rel=\"canonical\" href=\"https:\/\/tecplan.com.gt\/en\/product\/cnpilot-e505-e510-e700-outdoor-wi-fi-access-points\/\" \/>\n<meta property=\"og:locale\" content=\"en_US\" \/>\n<meta property=\"og:type\" content=\"article\" \/>\n<meta property=\"og:title\" content=\"cnPilot\u2122 e505, e510, e700 Outdoor Wi-Fi Access Points -\" \/>\n<meta property=\"og:description\" content=\"Ideal para comunidades al aire libre, Wi-Fi p\u00fablico o empresarial Wi-Fi, estos puntos de acceso omnidireccionales se adaptan para aplicaciones de baja, media y alta densidad. cada uno es dise\u00f1ado con un soporte de montaje integrado y antenas para que la instalaci\u00f3n sea r\u00e1pida y repetible desde un sitio al siguiente.  Ver ficha t\u00e9cnica\" \/>\n<meta property=\"og:url\" content=\"https:\/\/tecplan.com.gt\/en\/product\/cnpilot-e505-e510-e700-outdoor-wi-fi-access-points\/\" \/>\n<meta property=\"article:modified_time\" content=\"2024-01-25T22:09:53+00:00\" \/>\n<meta property=\"og:image\" content=\"https:\/\/tecplan.com.gt\/wp-content\/uploads\/2023\/06\/cnPilot\u2122-e505-01.jpg\" \/>\n\t<meta property=\"og:image:width\" content=\"2000\" \/>\n\t<meta property=\"og:image:height\" content=\"2000\" \/>\n\t<meta property=\"og:image:type\" content=\"image\/jpeg\" \/>\n<meta name=\"twitter:card\" content=\"summary_large_image\" \/>\n<meta name=\"twitter:label1\" content=\"Est. reading time\" \/>\n\t<meta name=\"twitter:data1\" content=\"1 minute\" \/>\n<script type=\"application\/ld+json\" class=\"yoast-schema-graph\">{\"@context\":\"https:\/\/schema.org\",\"@graph\":[{\"@type\":\"WebPage\",\"@id\":\"https:\/\/tecplan.com.gt\/producto\/cnpilot-e505-e510-e700-outdoor-wi-fi-access-points\/\",\"url\":\"https:\/\/tecplan.com.gt\/producto\/cnpilot-e505-e510-e700-outdoor-wi-fi-access-points\/\",\"name\":\"cnPilot\u2122 e505, e510, e700 Outdoor Wi-Fi Access Points -\",\"isPartOf\":{\"@id\":\"https:\/\/tecplan.com.gt\/#website\"},\"primaryImageOfPage\":{\"@id\":\"https:\/\/tecplan.com.gt\/producto\/cnpilot-e505-e510-e700-outdoor-wi-fi-access-points\/#primaryimage\"},\"image\":{\"@id\":\"https:\/\/tecplan.com.gt\/producto\/cnpilot-e505-e510-e700-outdoor-wi-fi-access-points\/#primaryimage\"},\"thumbnailUrl\":\"\/wp-content\/uploads\/2023\/06\/cnPilot\u2122-e505-01.jpg\",\"datePublished\":\"2023-06-14T00:04:49+00:00\",\"dateModified\":\"2024-01-25T22:09:53+00:00\",\"breadcrumb\":{\"@id\":\"https:\/\/tecplan.com.gt\/producto\/cnpilot-e505-e510-e700-outdoor-wi-fi-access-points\/#breadcrumb\"},\"inLanguage\":\"en-US\",\"potentialAction\":[{\"@type\":\"ReadAction\",\"target\":[\"https:\/\/tecplan.com.gt\/producto\/cnpilot-e505-e510-e700-outdoor-wi-fi-access-points\/\"]}]},{\"@type\":\"ImageObject\",\"inLanguage\":\"en-US\",\"@id\":\"https:\/\/tecplan.com.gt\/producto\/cnpilot-e505-e510-e700-outdoor-wi-fi-access-points\/#primaryimage\",\"url\":\"\/wp-content\/uploads\/2023\/06\/cnPilot\u2122-e505-01.jpg\",\"contentUrl\":\"\/wp-content\/uploads\/2023\/06\/cnPilot\u2122-e505-01.jpg\",\"width\":2000,\"height\":2000},{\"@type\":\"BreadcrumbList\",\"@id\":\"https:\/\/tecplan.com.gt\/producto\/cnpilot-e505-e510-e700-outdoor-wi-fi-access-points\/#breadcrumb\",\"itemListElement\":[{\"@type\":\"ListItem\",\"position\":1,\"name\":\"Portada\",\"item\":\"https:\/\/tecplan.com.gt\/\"},{\"@type\":\"ListItem\",\"position\":2,\"name\":\"Productos\",\"item\":\"https:\/\/tecplan.com.gt\/shop\/\"},{\"@type\":\"ListItem\",\"position\":3,\"name\":\"cnPilot\u2122 e505, e510, e700 Outdoor Wi-Fi Access Points\"}]},{\"@type\":\"WebSite\",\"@id\":\"https:\/\/tecplan.com.gt\/#website\",\"url\":\"https:\/\/tecplan.com.gt\/\",\"name\":\"Tecplan Argentina\",\"description\":\"Tecnolog\u00edas y equipos de telecomunicaciones\",\"publisher\":{\"@id\":\"https:\/\/tecplan.com.gt\/#organization\"},\"potentialAction\":[{\"@type\":\"SearchAction\",\"target\":{\"@type\":\"EntryPoint\",\"urlTemplate\":\"https:\/\/tecplan.com.gt\/?s={search_term_string}\"},\"query-input\":{\"@type\":\"PropertyValueSpecification\",\"valueRequired\":true,\"valueName\":\"search_term_string\"}}],\"inLanguage\":\"en-US\"},{\"@type\":\"Organization\",\"@id\":\"https:\/\/tecplan.com.gt\/#organization\",\"name\":\"Tecplan Argentina\",\"url\":\"https:\/\/tecplan.com.gt\/\",\"logo\":{\"@type\":\"ImageObject\",\"inLanguage\":\"en-US\",\"@id\":\"https:\/\/tecplan.com.gt\/#\/schema\/logo\/image\/\",\"url\":\"\/wp-content\/uploads\/2023\/03\/logo-tecplan.gif\",\"contentUrl\":\"\/wp-content\/uploads\/2023\/03\/logo-tecplan.gif\",\"width\":1920,\"height\":486,\"caption\":\"Tecplan Argentina\"},\"image\":{\"@id\":\"https:\/\/tecplan.com.gt\/#\/schema\/logo\/image\/\"}}]}<\/script>\n<!-- \/ Yoast SEO plugin. -->","yoast_head_json":{"title":"cnPilot\u2122 e505, e510, e700 Outdoor Wi-Fi Access Points -","robots":{"index":"index","follow":"follow","max-snippet":"max-snippet:-1","max-image-preview":"max-image-preview:large","max-video-preview":"max-video-preview:-1"},"canonical":"https:\/\/tecplan.com.gt\/en\/product\/cnpilot-e505-e510-e700-outdoor-wi-fi-access-points\/","og_locale":"en_US","og_type":"article","og_title":"cnPilot\u2122 e505, e510, e700 Outdoor Wi-Fi Access Points -","og_description":"Ideal para comunidades al aire libre, Wi-Fi p\u00fablico o empresarial Wi-Fi, estos puntos de acceso omnidireccionales se adaptan para aplicaciones de baja, media y alta densidad. cada uno es dise\u00f1ado con un soporte de montaje integrado y antenas para que la instalaci\u00f3n sea r\u00e1pida y repetible desde un sitio al siguiente.  Ver ficha t\u00e9cnica","og_url":"https:\/\/tecplan.com.gt\/en\/product\/cnpilot-e505-e510-e700-outdoor-wi-fi-access-points\/","article_modified_time":"2024-01-25T22:09:53+00:00","og_image":[{"width":2000,"height":2000,"url":"https:\/\/tecplan.com.gt\/wp-content\/uploads\/2023\/06\/cnPilot\u2122-e505-01.jpg","type":"image\/jpeg"}],"twitter_card":"summary_large_image","twitter_misc":{"Est. reading time":"1 minute"},"schema":{"@context":"https:\/\/schema.org","@graph":[{"@type":"WebPage","@id":"https:\/\/tecplan.com.gt\/producto\/cnpilot-e505-e510-e700-outdoor-wi-fi-access-points\/","url":"https:\/\/tecplan.com.gt\/producto\/cnpilot-e505-e510-e700-outdoor-wi-fi-access-points\/","name":"cnPilot\u2122 e505, e510, e700 Outdoor Wi-Fi Access Points -","isPartOf":{"@id":"https:\/\/tecplan.com.gt\/#website"},"primaryImageOfPage":{"@id":"https:\/\/tecplan.com.gt\/producto\/cnpilot-e505-e510-e700-outdoor-wi-fi-access-points\/#primaryimage"},"image":{"@id":"https:\/\/tecplan.com.gt\/producto\/cnpilot-e505-e510-e700-outdoor-wi-fi-access-points\/#primaryimage"},"thumbnailUrl":"\/wp-content\/uploads\/2023\/06\/cnPilot\u2122-e505-01.jpg","datePublished":"2023-06-14T00:04:49+00:00","dateModified":"2024-01-25T22:09:53+00:00","breadcrumb":{"@id":"https:\/\/tecplan.com.gt\/producto\/cnpilot-e505-e510-e700-outdoor-wi-fi-access-points\/#breadcrumb"},"inLanguage":"en-US","potentialAction":[{"@type":"ReadAction","target":["https:\/\/tecplan.com.gt\/producto\/cnpilot-e505-e510-e700-outdoor-wi-fi-access-points\/"]}]},{"@type":"ImageObject","inLanguage":"en-US","@id":"https:\/\/tecplan.com.gt\/producto\/cnpilot-e505-e510-e700-outdoor-wi-fi-access-points\/#primaryimage","url":"\/wp-content\/uploads\/2023\/06\/cnPilot\u2122-e505-01.jpg","contentUrl":"\/wp-content\/uploads\/2023\/06\/cnPilot\u2122-e505-01.jpg","width":2000,"height":2000},{"@type":"BreadcrumbList","@id":"https:\/\/tecplan.com.gt\/producto\/cnpilot-e505-e510-e700-outdoor-wi-fi-access-points\/#breadcrumb","itemListElement":[{"@type":"ListItem","position":1,"name":"Portada","item":"https:\/\/tecplan.com.gt\/"},{"@type":"ListItem","position":2,"name":"Productos","item":"https:\/\/tecplan.com.gt\/shop\/"},{"@type":"ListItem","position":3,"name":"cnPilot\u2122 e505, e510, e700 Outdoor Wi-Fi Access Points"}]},{"@type":"WebSite","@id":"https:\/\/tecplan.com.gt\/#website","url":"https:\/\/tecplan.com.gt\/","name":"Tecplan Argentina","description":"Tecnolog\u00edas y equipos de telecomunicaciones","publisher":{"@id":"https:\/\/tecplan.com.gt\/#organization"},"potentialAction":[{"@type":"SearchAction","target":{"@type":"EntryPoint","urlTemplate":"https:\/\/tecplan.com.gt\/?s={search_term_string}"},"query-input":{"@type":"PropertyValueSpecification","valueRequired":true,"valueName":"search_term_string"}}],"inLanguage":"en-US"},{"@type":"Organization","@id":"https:\/\/tecplan.com.gt\/#organization","name":"Tecplan Argentina","url":"https:\/\/tecplan.com.gt\/","logo":{"@type":"ImageObject","inLanguage":"en-US","@id":"https:\/\/tecplan.com.gt\/#\/schema\/logo\/image\/","url":"\/wp-content\/uploads\/2023\/03\/logo-tecplan.gif","contentUrl":"\/wp-content\/uploads\/2023\/03\/logo-tecplan.gif","width":1920,"height":486,"caption":"Tecplan Argentina"},"image":{"@id":"https:\/\/tecplan.com.gt\/#\/schema\/logo\/image\/"}}]}},"_links":{"self":[{"href":"https:\/\/tecplan.com.gt\/en\/wp-json\/wp\/v2\/product\/3661"}],"collection":[{"href":"https:\/\/tecplan.com.gt\/en\/wp-json\/wp\/v2\/product"}],"about":[{"href":"https:\/\/tecplan.com.gt\/en\/wp-json\/wp\/v2\/types\/product"}],"replies":[{"embeddable":true,"href":"https:\/\/tecplan.com.gt\/en\/wp-json\/wp\/v2\/comments?post=3661"}],"version-history":[{"count":0,"href":"https:\/\/tecplan.com.gt\/en\/wp-json\/wp\/v2\/product\/3661\/revisions"}],"wp:featuredmedia":[{"embeddable":true,"href":"https:\/\/tecplan.com.gt\/en\/wp-json\/wp\/v2\/media\/6381"}],"wp:attachment":[{"href":"https:\/\/tecplan.com.gt\/en\/wp-json\/wp\/v2\/media?parent=3661"}],"wp:term":[{"taxonomy":"product_brand","embeddable":true,"href":"https:\/\/tecplan.com.gt\/en\/wp-json\/wp\/v2\/product_brand?post=3661"},{"taxonomy":"product_cat","embeddable":true,"href":"https:\/\/tecplan.com.gt\/en\/wp-json\/wp\/v2\/product_cat?post=3661"},{"taxonomy":"product_tag","embeddable":true,"href":"https:\/\/tecplan.com.gt\/en\/wp-json\/wp\/v2\/product_tag?post=3661"}],"curies":[{"name":"wp","href":"https:\/\/api.w.org\/{rel}","templated":true}]}}