{"id":3667,"date":"2023-06-13T20:18:13","date_gmt":"2023-06-14T00:18:13","guid":{"rendered":"https:\/\/tecplan.com.gt\/?post_type=product&#038;p=3667"},"modified":"2024-01-25T19:19:54","modified_gmt":"2024-01-25T22:19:54","slug":"epmp-force-180-integrated-radio","status":"publish","type":"product","link":"https:\/\/tecplan.com.gt\/en\/product\/epmp-force-180-integrated-radio\/","title":{"rendered":"ePMP\u2122 Force 180 Integrated Radio"},"content":{"rendered":"<table class=\"table table-bordered table-hover table-responsive\">\n<tbody>\n<tr>\n<th colspan=\"2\">ePMP Force 180 Specifications<\/th>\n<\/tr>\n<tr class=\"row-header\">\n<td colspan=\"2\">Spectrum<\/td>\n<\/tr>\n<tr>\n<td><strong>Channel spacing<\/strong><\/td>\n<td>Configurable in 5 MHz increments<\/td>\n<\/tr>\n<tr>\n<td><strong>Frequency range<\/strong><\/td>\n<td>5 GHz 4910 \u2013 5970 MHz (exact frequencies allowed by local regulations)<\/td>\n<\/tr>\n<tr>\n<td><strong>Bandwidth<\/strong><\/td>\n<td>5 |\u00a010 |\u00a020 |\u00a040 MHz<\/td>\n<\/tr>\n<tr class=\"row-header\">\n<td colspan=\"2\">Interface<\/td>\n<\/tr>\n<tr>\n<td><strong>MAC (Media Access Control) layer<\/strong><\/td>\n<td>Owner of Cambium<\/td>\n<\/tr>\n<tr>\n<td><strong>Physical layer<\/strong><\/td>\n<td>2&#215;2 MIMO\/OFDM<\/td>\n<\/tr>\n<tr>\n<td><strong>Ethernet interface<\/strong><\/td>\n<td>10\/100\/1000BaseT, supports Cambium PoE pins (V+ = 7 and 8, Return = 4 and 5) and standard PoE pins (V+ = 4 and 5, Return = 7 and 8)<\/td>\n<\/tr>\n<tr>\n<td><strong>Protocols used<\/strong><\/td>\n<td>IPv4, UDP, TCP, IP, ICMP, SNMPv2c, HTTPs, STP, SSH, IGMP Snooping<\/td>\n<\/tr>\n<tr>\n<td><strong>Network Administration<\/strong><\/td>\n<td>HTTP, SNMPv2c, SSH<\/td>\n<\/tr>\n<tr>\n<td><strong>VLAN<\/strong><\/td>\n<td>802.1Q with 802.1p priority<\/td>\n<\/tr>\n<tr class=\"row-header\">\n<td colspan=\"2\">Performance<\/td>\n<\/tr>\n<tr>\n<td><strong>ARQ<\/strong><\/td>\n<td>Yes<\/td>\n<\/tr>\n<tr>\n<td><strong>Nominal reception sensitivity (with FEC) at 20 MHz channel<\/strong><\/td>\n<td>MCS0 = -93 dBm to MCS15 = -72 dBm (per branch)<\/td>\n<\/tr>\n<tr>\n<td><strong>Nominal reception sensitivity (with FEC) at 40 MHz channel<\/strong><\/td>\n<td>MCS0 = -90 dBm to MCS15 = -69 dBm (per branch)<\/td>\n<\/tr>\n<tr>\n<td><strong>Modulation levels (adaptable)<\/strong><\/td>\n<td>MCS0 (BPSK) a MCS15 (64QAM 5\/6)<\/td>\n<\/tr>\n<tr>\n<td><strong>Quality of service<\/strong><\/td>\n<td>Three-level priority (voice, high, low) with packet classification by DSCP, COS, VLAN ID, IP and MAC addresses, broadcast, multicast, and station priority<\/td>\n<\/tr>\n<tr class=\"row-header\">\n<td colspan=\"2\">Presupuesto de enlace<\/td>\n<\/tr>\n<tr>\n<td><strong>Rango de potencia de transmisi\u00f3n<\/strong><\/td>\n<td>-17 a +30 dBm (combinado, hasta el l\u00edmite EIRP regional) (intervalo de 1 dB)<\/td>\n<\/tr>\n<tr>\n<td><strong>Ganancia m\u00e1xima de antena integrada<\/strong><\/td>\n<td>16 dBi<\/td>\n<\/tr>\n<tr>\n<td><strong>Potencia m\u00e1xima de transmisi\u00f3n<\/strong><\/td>\n<td>Combinaci\u00f3n de 30 dBm (sujeto a las restricciones de los reguladores regionales)<\/td>\n<\/tr>\n<tr class=\"row-header\">\n<td colspan=\"2\">Physical<\/td>\n<\/tr>\n<tr>\n<td><strong>Antenna connection<\/strong><\/td>\n<td>Integrated antenna<\/td>\n<\/tr>\n<tr>\n<td><strong>Surge suppression<\/strong><\/td>\n<td>2 integrated joules<\/td>\n<\/tr>\n<tr>\n<td><strong>Environmental<\/strong><\/td>\n<td>IP55<\/td>\n<\/tr>\n<tr>\n<td><strong>Temperature<\/strong><\/td>\n<td>-30 \u00b0C a +60 \u00b0C (-22 \u00b0F a +140 \u00b0F)<\/td>\n<\/tr>\n<tr>\n<td><strong>Survival in the wind<\/strong><\/td>\n<td>145 km\/hora (90 mi\/hora) con antena<\/td>\n<\/tr>\n<tr>\n<td><strong>Weight<\/strong><\/td>\n<td>0.50kg (1.1lbs) (including mounting bracket)<\/td>\n<\/tr>\n<tr>\n<td><strong>Dimensions (H x W x D)<\/strong><\/td>\n<td>12.4 x 25.1 x 11.9 cm (4.9 x 9.9 x 4.7 in), with mounting bracket attached<\/td>\n<\/tr>\n<tr>\n<td><strong>Pole diameter range<\/strong><\/td>\n<td>1 \u2013 1.6 in (2.5 \u2013 4.1 cm) with included clamp; up to 2.25 in (5.7 cm) with larger clamp<\/td>\n<\/tr>\n<tr>\n<td><strong>Energy consumption<\/strong><\/td>\n<td>10W maximum, 5W typical<\/td>\n<\/tr>\n<tr>\n<td><strong>Input voltage<\/strong><\/td>\n<td>10 a 30 V<\/td>\n<\/tr>\n<tr class=\"row-header\">\n<td colspan=\"2\">Security<\/td>\n<\/tr>\n<tr>\n<td><strong>Encryption<\/strong><\/td>\n<td>128-bit AES (CCMP mode)<\/td>\n<\/tr>\n<tr class=\"row-header\">\n<td colspan=\"2\">Certifications<\/td>\n<\/tr>\n<tr>\n<td><strong>FCC ID<\/strong><\/td>\n<td>Z8H89FT0015<\/td>\n<\/tr>\n<tr>\n<td><strong>Industry Canada Certificate<\/strong><\/td>\n<td>109W-0015<\/td>\n<\/tr>\n<tr>\n<td><strong>CE<\/strong><\/td>\n<td>5 GHz EN 302 502 v1.2.1<br \/>\n5 GHz: EN 301 893 v1.7.1<\/td>\n<\/tr>\n<\/tbody>\n<\/table>","protected":false},"excerpt":{"rendered":"<p>Installation and alignment are easy with the adjustable mounting bracket, and the Force 180 is small, sleek, and equipped with a Gigabit Ethernet port for maximum performance.<\/p>\n<p><a href=\"http:\/\/tecplan.com.gt\/wp-content\/uploads\/2023\/06\/PMP-Force-180.pdf\" target=\"_blank\" rel=\"noopener\">See technical sheet<\/a><\/p>","protected":false},"featured_media":6385,"comment_status":"open","ping_status":"closed","template":"","meta":{"site-sidebar-layout":"default","site-content-layout":"default","ast-site-content-layout":"default","site-content-style":"default","site-sidebar-style":"default","ast-global-header-display":"","ast-banner-title-visibility":"","ast-main-header-display":"","ast-hfb-above-header-display":"","ast-hfb-below-header-display":"","ast-hfb-mobile-header-display":"","site-post-title":"","ast-breadcrumbs-content":"","ast-featured-img":"","footer-sml-layout":"","theme-transparent-header-meta":"default","adv-header-id-meta":"","stick-header-meta":"","header-above-stick-meta":"","header-main-stick-meta":"","header-below-stick-meta":"","astra-migrate-meta-layouts":"set","ast-page-background-enabled":"default","ast-page-background-meta":{"desktop":{"background-color":"var(--ast-global-color-4)","background-image":"","background-repeat":"repeat","background-position":"center center","background-size":"auto","background-attachment":"scroll","background-type":"","background-media":"","overlay-type":"","overlay-color":"","overlay-opacity":"","overlay-gradient":""},"tablet":{"background-color":"","background-image":"","background-repeat":"repeat","background-position":"center center","background-size":"auto","background-attachment":"scroll","background-type":"","background-media":"","overlay-type":"","overlay-color":"","overlay-opacity":"","overlay-gradient":""},"mobile":{"background-color":"","background-image":"","background-repeat":"repeat","background-position":"center center","background-size":"auto","background-attachment":"scroll","background-type":"","background-media":"","overlay-type":"","overlay-color":"","overlay-opacity":"","overlay-gradient":""}},"ast-content-background-meta":{"desktop":{"background-color":"var(--ast-global-color-5)","background-image":"","background-repeat":"repeat","background-position":"center center","background-size":"auto","background-attachment":"scroll","background-type":"","background-media":"","overlay-type":"","overlay-color":"","overlay-opacity":"","overlay-gradient":""},"tablet":{"background-color":"var(--ast-global-color-5)","background-image":"","background-repeat":"repeat","background-position":"center center","background-size":"auto","background-attachment":"scroll","background-type":"","background-media":"","overlay-type":"","overlay-color":"","overlay-opacity":"","overlay-gradient":""},"mobile":{"background-color":"var(--ast-global-color-5)","background-image":"","background-repeat":"repeat","background-position":"center center","background-size":"auto","background-attachment":"scroll","background-type":"","background-media":"","overlay-type":"","overlay-color":"","overlay-opacity":"","overlay-gradient":""}}},"product_brand":[],"product_cat":[55],"product_tag":[61],"class_list":{"0":"post-3667","1":"product","2":"type-product","3":"status-publish","4":"has-post-thumbnail","6":"product_cat-cambium-networks","7":"product_tag-cambium-networks","8":"desktop-align-left","9":"tablet-align-left","10":"mobile-align-left","12":"first","13":"instock","14":"shipping-taxable","15":"product-type-simple"},"yoast_head":"<!-- This site is optimized with the Yoast SEO plugin v24.6 - https:\/\/yoast.com\/wordpress\/plugins\/seo\/ -->\n<title>ePMP\u2122 Force 180 Integrated Radio -<\/title>\n<meta name=\"robots\" content=\"index, follow, max-snippet:-1, max-image-preview:large, max-video-preview:-1\" \/>\n<link rel=\"canonical\" href=\"https:\/\/tecplan.com.gt\/en\/product\/epmp-force-180-integrated-radio\/\" \/>\n<meta property=\"og:locale\" content=\"en_US\" \/>\n<meta property=\"og:type\" content=\"article\" \/>\n<meta property=\"og:title\" content=\"ePMP\u2122 Force 180 Integrated Radio -\" \/>\n<meta property=\"og:description\" content=\"La instalaci\u00f3n y la alineaci\u00f3n son f\u00e1ciles con el soporte de montaje ajustable, y la Force 180 es peque\u00f1a, elegante y est\u00e1 equipada con un puerto Gigabit Ethernet para brindar el m\u00e1ximo rendimiento.  Ver ficha t\u00e9cnica\" \/>\n<meta property=\"og:url\" content=\"https:\/\/tecplan.com.gt\/en\/product\/epmp-force-180-integrated-radio\/\" \/>\n<meta property=\"article:modified_time\" content=\"2024-01-25T22:19:54+00:00\" \/>\n<meta property=\"og:image\" content=\"https:\/\/tecplan.com.gt\/wp-content\/uploads\/2023\/06\/ePMP\u2122-Force-180-01.jpg\" \/>\n\t<meta property=\"og:image:width\" content=\"2000\" \/>\n\t<meta property=\"og:image:height\" content=\"2000\" \/>\n\t<meta property=\"og:image:type\" content=\"image\/jpeg\" \/>\n<meta name=\"twitter:card\" content=\"summary_large_image\" \/>\n<meta name=\"twitter:label1\" content=\"Est. reading time\" \/>\n\t<meta name=\"twitter:data1\" content=\"2 minutes\" \/>\n<script type=\"application\/ld+json\" class=\"yoast-schema-graph\">{\"@context\":\"https:\/\/schema.org\",\"@graph\":[{\"@type\":\"WebPage\",\"@id\":\"https:\/\/tecplan.com.gt\/producto\/epmp-force-180-integrated-radio\/\",\"url\":\"https:\/\/tecplan.com.gt\/producto\/epmp-force-180-integrated-radio\/\",\"name\":\"ePMP\u2122 Force 180 Integrated Radio -\",\"isPartOf\":{\"@id\":\"https:\/\/tecplan.com.gt\/#website\"},\"primaryImageOfPage\":{\"@id\":\"https:\/\/tecplan.com.gt\/producto\/epmp-force-180-integrated-radio\/#primaryimage\"},\"image\":{\"@id\":\"https:\/\/tecplan.com.gt\/producto\/epmp-force-180-integrated-radio\/#primaryimage\"},\"thumbnailUrl\":\"\/wp-content\/uploads\/2023\/06\/ePMP\u2122-Force-180-01.jpg\",\"datePublished\":\"2023-06-14T00:18:13+00:00\",\"dateModified\":\"2024-01-25T22:19:54+00:00\",\"breadcrumb\":{\"@id\":\"https:\/\/tecplan.com.gt\/producto\/epmp-force-180-integrated-radio\/#breadcrumb\"},\"inLanguage\":\"en-US\",\"potentialAction\":[{\"@type\":\"ReadAction\",\"target\":[\"https:\/\/tecplan.com.gt\/producto\/epmp-force-180-integrated-radio\/\"]}]},{\"@type\":\"ImageObject\",\"inLanguage\":\"en-US\",\"@id\":\"https:\/\/tecplan.com.gt\/producto\/epmp-force-180-integrated-radio\/#primaryimage\",\"url\":\"\/wp-content\/uploads\/2023\/06\/ePMP\u2122-Force-180-01.jpg\",\"contentUrl\":\"\/wp-content\/uploads\/2023\/06\/ePMP\u2122-Force-180-01.jpg\",\"width\":2000,\"height\":2000},{\"@type\":\"BreadcrumbList\",\"@id\":\"https:\/\/tecplan.com.gt\/producto\/epmp-force-180-integrated-radio\/#breadcrumb\",\"itemListElement\":[{\"@type\":\"ListItem\",\"position\":1,\"name\":\"Portada\",\"item\":\"https:\/\/tecplan.com.gt\/\"},{\"@type\":\"ListItem\",\"position\":2,\"name\":\"Productos\",\"item\":\"https:\/\/tecplan.com.gt\/shop\/\"},{\"@type\":\"ListItem\",\"position\":3,\"name\":\"ePMP\u2122 Force 180 Integrated Radio\"}]},{\"@type\":\"WebSite\",\"@id\":\"https:\/\/tecplan.com.gt\/#website\",\"url\":\"https:\/\/tecplan.com.gt\/\",\"name\":\"Tecplan Argentina\",\"description\":\"Tecnolog\u00edas y equipos de telecomunicaciones\",\"publisher\":{\"@id\":\"https:\/\/tecplan.com.gt\/#organization\"},\"potentialAction\":[{\"@type\":\"SearchAction\",\"target\":{\"@type\":\"EntryPoint\",\"urlTemplate\":\"https:\/\/tecplan.com.gt\/?s={search_term_string}\"},\"query-input\":{\"@type\":\"PropertyValueSpecification\",\"valueRequired\":true,\"valueName\":\"search_term_string\"}}],\"inLanguage\":\"en-US\"},{\"@type\":\"Organization\",\"@id\":\"https:\/\/tecplan.com.gt\/#organization\",\"name\":\"Tecplan Argentina\",\"url\":\"https:\/\/tecplan.com.gt\/\",\"logo\":{\"@type\":\"ImageObject\",\"inLanguage\":\"en-US\",\"@id\":\"https:\/\/tecplan.com.gt\/#\/schema\/logo\/image\/\",\"url\":\"\/wp-content\/uploads\/2023\/03\/logo-tecplan.gif\",\"contentUrl\":\"\/wp-content\/uploads\/2023\/03\/logo-tecplan.gif\",\"width\":1920,\"height\":486,\"caption\":\"Tecplan Argentina\"},\"image\":{\"@id\":\"https:\/\/tecplan.com.gt\/#\/schema\/logo\/image\/\"}}]}<\/script>\n<!-- \/ Yoast SEO plugin. -->","yoast_head_json":{"title":"ePMP\u2122 Force 180 Integrated Radio -","robots":{"index":"index","follow":"follow","max-snippet":"max-snippet:-1","max-image-preview":"max-image-preview:large","max-video-preview":"max-video-preview:-1"},"canonical":"https:\/\/tecplan.com.gt\/en\/product\/epmp-force-180-integrated-radio\/","og_locale":"en_US","og_type":"article","og_title":"ePMP\u2122 Force 180 Integrated Radio -","og_description":"La instalaci\u00f3n y la alineaci\u00f3n son f\u00e1ciles con el soporte de montaje ajustable, y la Force 180 es peque\u00f1a, elegante y est\u00e1 equipada con un puerto Gigabit Ethernet para brindar el m\u00e1ximo rendimiento.  Ver ficha t\u00e9cnica","og_url":"https:\/\/tecplan.com.gt\/en\/product\/epmp-force-180-integrated-radio\/","article_modified_time":"2024-01-25T22:19:54+00:00","og_image":[{"width":2000,"height":2000,"url":"https:\/\/tecplan.com.gt\/wp-content\/uploads\/2023\/06\/ePMP\u2122-Force-180-01.jpg","type":"image\/jpeg"}],"twitter_card":"summary_large_image","twitter_misc":{"Est. reading time":"2 minutes"},"schema":{"@context":"https:\/\/schema.org","@graph":[{"@type":"WebPage","@id":"https:\/\/tecplan.com.gt\/producto\/epmp-force-180-integrated-radio\/","url":"https:\/\/tecplan.com.gt\/producto\/epmp-force-180-integrated-radio\/","name":"ePMP\u2122 Force 180 Integrated Radio -","isPartOf":{"@id":"https:\/\/tecplan.com.gt\/#website"},"primaryImageOfPage":{"@id":"https:\/\/tecplan.com.gt\/producto\/epmp-force-180-integrated-radio\/#primaryimage"},"image":{"@id":"https:\/\/tecplan.com.gt\/producto\/epmp-force-180-integrated-radio\/#primaryimage"},"thumbnailUrl":"\/wp-content\/uploads\/2023\/06\/ePMP\u2122-Force-180-01.jpg","datePublished":"2023-06-14T00:18:13+00:00","dateModified":"2024-01-25T22:19:54+00:00","breadcrumb":{"@id":"https:\/\/tecplan.com.gt\/producto\/epmp-force-180-integrated-radio\/#breadcrumb"},"inLanguage":"en-US","potentialAction":[{"@type":"ReadAction","target":["https:\/\/tecplan.com.gt\/producto\/epmp-force-180-integrated-radio\/"]}]},{"@type":"ImageObject","inLanguage":"en-US","@id":"https:\/\/tecplan.com.gt\/producto\/epmp-force-180-integrated-radio\/#primaryimage","url":"\/wp-content\/uploads\/2023\/06\/ePMP\u2122-Force-180-01.jpg","contentUrl":"\/wp-content\/uploads\/2023\/06\/ePMP\u2122-Force-180-01.jpg","width":2000,"height":2000},{"@type":"BreadcrumbList","@id":"https:\/\/tecplan.com.gt\/producto\/epmp-force-180-integrated-radio\/#breadcrumb","itemListElement":[{"@type":"ListItem","position":1,"name":"Portada","item":"https:\/\/tecplan.com.gt\/"},{"@type":"ListItem","position":2,"name":"Productos","item":"https:\/\/tecplan.com.gt\/shop\/"},{"@type":"ListItem","position":3,"name":"ePMP\u2122 Force 180 Integrated Radio"}]},{"@type":"WebSite","@id":"https:\/\/tecplan.com.gt\/#website","url":"https:\/\/tecplan.com.gt\/","name":"Tecplan Argentina","description":"Tecnolog\u00edas y equipos de telecomunicaciones","publisher":{"@id":"https:\/\/tecplan.com.gt\/#organization"},"potentialAction":[{"@type":"SearchAction","target":{"@type":"EntryPoint","urlTemplate":"https:\/\/tecplan.com.gt\/?s={search_term_string}"},"query-input":{"@type":"PropertyValueSpecification","valueRequired":true,"valueName":"search_term_string"}}],"inLanguage":"en-US"},{"@type":"Organization","@id":"https:\/\/tecplan.com.gt\/#organization","name":"Tecplan Argentina","url":"https:\/\/tecplan.com.gt\/","logo":{"@type":"ImageObject","inLanguage":"en-US","@id":"https:\/\/tecplan.com.gt\/#\/schema\/logo\/image\/","url":"\/wp-content\/uploads\/2023\/03\/logo-tecplan.gif","contentUrl":"\/wp-content\/uploads\/2023\/03\/logo-tecplan.gif","width":1920,"height":486,"caption":"Tecplan Argentina"},"image":{"@id":"https:\/\/tecplan.com.gt\/#\/schema\/logo\/image\/"}}]}},"_links":{"self":[{"href":"https:\/\/tecplan.com.gt\/en\/wp-json\/wp\/v2\/product\/3667"}],"collection":[{"href":"https:\/\/tecplan.com.gt\/en\/wp-json\/wp\/v2\/product"}],"about":[{"href":"https:\/\/tecplan.com.gt\/en\/wp-json\/wp\/v2\/types\/product"}],"replies":[{"embeddable":true,"href":"https:\/\/tecplan.com.gt\/en\/wp-json\/wp\/v2\/comments?post=3667"}],"version-history":[{"count":0,"href":"https:\/\/tecplan.com.gt\/en\/wp-json\/wp\/v2\/product\/3667\/revisions"}],"wp:featuredmedia":[{"embeddable":true,"href":"https:\/\/tecplan.com.gt\/en\/wp-json\/wp\/v2\/media\/6385"}],"wp:attachment":[{"href":"https:\/\/tecplan.com.gt\/en\/wp-json\/wp\/v2\/media?parent=3667"}],"wp:term":[{"taxonomy":"product_brand","embeddable":true,"href":"https:\/\/tecplan.com.gt\/en\/wp-json\/wp\/v2\/product_brand?post=3667"},{"taxonomy":"product_cat","embeddable":true,"href":"https:\/\/tecplan.com.gt\/en\/wp-json\/wp\/v2\/product_cat?post=3667"},{"taxonomy":"product_tag","embeddable":true,"href":"https:\/\/tecplan.com.gt\/en\/wp-json\/wp\/v2\/product_tag?post=3667"}],"curies":[{"name":"wp","href":"https:\/\/api.w.org\/{rel}","templated":true}]}}