{"id":3689,"date":"2023-06-13T22:34:30","date_gmt":"2023-06-14T02:34:30","guid":{"rendered":"https:\/\/tecplan.com.gt\/?post_type=product&#038;p=3689"},"modified":"2023-06-25T10:51:17","modified_gmt":"2023-06-25T14:51:17","slug":"pt-7710-series","status":"publish","type":"product","link":"https:\/\/tecplan.com.gt\/en\/product\/pt-7710-series\/","title":{"rendered":"PT-7710 Series"},"content":{"rendered":"<div class=\"module-block module-block--white\">\n<h4 class=\"module-block__subheading\"><span>Additional Features and Benefits<\/span><\/h4>\n<ul class=\"bullet-list\">\n<li class=\"bullet-list__item\">\n<p class=\"module-block__paragraph\"><span>Command line interface (CLI) to quickly configure key managed features<\/span><\/p>\n<\/li>\n<li class=\"bullet-list__item\">\n<p class=\"module-block__paragraph\"><span>VLAN Unaware: Supports priority tagged frames to be received by specific IEDs<\/span><\/p>\n<\/li>\n<li class=\"bullet-list__item\">\n<p class=\"module-block__paragraph\"><span>DHCP Option 82 for assigning IP addresses with different policies<\/span><\/p>\n<\/li>\n<li class=\"bullet-list__item\">\n<p class=\"module-block__paragraph\"><span>Supports industrial Ethernet protocols EtherNet\/IP and Modbus TCP<\/span><\/p>\n<\/li>\n<li class=\"bullet-list__item\">\n<p class=\"module-block__paragraph\"><span>Automatic retrieval of IP addresses of connected devices<\/span><\/p>\n<\/li>\n<li class=\"bullet-list__item\">\n<p class=\"module-block__paragraph\"><span>Fast line change recovery<\/span><\/p>\n<\/li>\n<li class=\"bullet-list__item\">\n<p class=\"module-block__paragraph\"><span>IGMP snooping and GMRP for filtering multicast traffic of industrial Ethernet protocols<\/span><\/p>\n<\/li>\n<\/ul>\n<ul class=\"bullet-list\">\n<li class=\"bullet-list__item\">\n<p class=\"module-block__paragraph\"><span>IEEE 802.3ad, LACP for optimal bandwidth utilization<\/span><\/p>\n<\/li>\n<li class=\"bullet-list__item\">\n<p class=\"module-block__paragraph\"><span>Bandwidth management to avoid unpredictable network states<\/span><\/p>\n<\/li>\n<li class=\"bullet-list__item\">\n<p class=\"module-block__paragraph\"><span>Multiport mirroring for online debugging<\/span><\/p>\n<\/li>\n<li class=\"bullet-list__item\">\n<p class=\"module-block__paragraph\"><span>Automatic notification by exception via email and relay output<\/span><\/p>\n<\/li>\n<li class=\"bullet-list__item\">\n<p class=\"module-block__paragraph\"><span>RMON for proactive and efficient network monitoring<\/span><\/p>\n<\/li>\n<li class=\"bullet-list__item\">\n<p class=\"module-block__paragraph\"><span>Configurable by web browser, Telnet\/Serial console, CLI, Windows utility and ABC-01 auto-backup configurator<\/span><\/p>\n<\/li>\n<li class=\"bullet-list__item\">\n<p class=\"module-block__paragraph\"><span>Turbo Ring and Turbo Chain (recovery time &lt; 20 ms @ 250 switches),\u00a0<\/span><i class=\"icon-info\"><\/i><span>\u00a0RSTP\/STP and MSTP for network redundancy<\/span><\/p>\n<\/li>\n<\/ul>\n<p class=\"module-block__note\">\n<\/div>\n<div class=\"module-block module-block--white\">\n<h4 class=\"module-block__subheading\"><span>Cybersecurity Features<\/span><\/h4>\n<ul class=\"bullet-list\">\n<li class=\"bullet-list__item\">\n<p class=\"module-block__paragraph\"><span>User passwords with multiple security levels protect against unauthorized configuration<\/span><\/p>\n<\/li>\n<li class=\"bullet-list__item\">\n<p class=\"module-block__paragraph\"><span>SSH\/HTTPS is used to encrypt passwords and data<\/span><\/p>\n<\/li>\n<li class=\"bullet-list__item\">\n<p class=\"module-block__paragraph\"><span>Lock down switch ports with 802.1X port-based network access control so that only authorized clients can access the port<\/span><\/p>\n<\/li>\n<li class=\"bullet-list__item\">\n<p class=\"module-block__paragraph\"><span>RADIUS\/TACACS+ allows you to manage passwords from a central location<\/span><\/p>\n<\/li>\n<\/ul>\n<ul class=\"bullet-list\">\n<li class=\"bullet-list__item\">\n<p class=\"module-block__paragraph\"><span>802.1Q VLAN allows you to logically partition traffic transmitted between selected switch ports<\/span><\/p>\n<\/li>\n<li class=\"bullet-list__item\">\n<p class=\"module-block__paragraph\"><span>Secure switch ports so that only specific devices and\/or MAC addresses can access the ports<\/span><\/p>\n<\/li>\n<li class=\"bullet-list__item\">\n<p class=\"module-block__paragraph\"><span>Disable one or more ports to block network traffic<\/span><\/p>\n<\/li>\n<li class=\"bullet-list__item\">\n<p class=\"module-block__paragraph\"><span>SNMPv3 provides encrypted authentication and access security<\/span><\/p>\n<\/li>\n<\/ul>\n<\/div>","protected":false},"excerpt":{"rendered":"<p><span>The PT-7710 is designed to meet the demands of electrical substation automation systems (IEC 61850-3, IEEE 1613) and railway applications (EN 50121-4).\u00a0<\/span><span>The PT-7710's Gigabit and Fast Ethernet backbone, redundant ring, and redundant 12\/24\/48 V DC power inputs increase communications reliability and reduce cabling costs.\u00a0<\/span><span>The PT-7710's modular design makes network planning easy and allows for greater flexibility by allowing you to install up to 2 Gigabit ports and 8 Fast Ethernet ports or 10 Fast Ethernet ports.<\/span><\/p>\n<p><a href=\"http:\/\/tecplan.com.gt\/wp-content\/uploads\/2023\/06\/moxa-pt-7710-series-datasheet-v1.3-1.pdf\" target=\"_blank\" rel=\"noopener\">See technical sheet<\/a><\/p>","protected":false},"featured_media":3690,"comment_status":"open","ping_status":"closed","template":"","meta":{"site-sidebar-layout":"default","site-content-layout":"default","ast-site-content-layout":"","site-content-style":"default","site-sidebar-style":"default","ast-global-header-display":"","ast-banner-title-visibility":"","ast-main-header-display":"","ast-hfb-above-header-display":"","ast-hfb-below-header-display":"","ast-hfb-mobile-header-display":"","site-post-title":"","ast-breadcrumbs-content":"","ast-featured-img":"","footer-sml-layout":"","theme-transparent-header-meta":"default","adv-header-id-meta":"","stick-header-meta":"","header-above-stick-meta":"","header-main-stick-meta":"","header-below-stick-meta":"","astra-migrate-meta-layouts":"default","ast-page-background-enabled":"default","ast-page-background-meta":{"desktop":{"background-color":"var(--ast-global-color-4)","background-image":"","background-repeat":"repeat","background-position":"center center","background-size":"auto","background-attachment":"scroll","background-type":"","background-media":"","overlay-type":"","overlay-color":"","overlay-opacity":"","overlay-gradient":""},"tablet":{"background-color":"","background-image":"","background-repeat":"repeat","background-position":"center center","background-size":"auto","background-attachment":"scroll","background-type":"","background-media":"","overlay-type":"","overlay-color":"","overlay-opacity":"","overlay-gradient":""},"mobile":{"background-color":"","background-image":"","background-repeat":"repeat","background-position":"center center","background-size":"auto","background-attachment":"scroll","background-type":"","background-media":"","overlay-type":"","overlay-color":"","overlay-opacity":"","overlay-gradient":""}},"ast-content-background-meta":{"desktop":{"background-color":"var(--ast-global-color-5)","background-image":"","background-repeat":"repeat","background-position":"center center","background-size":"auto","background-attachment":"scroll","background-type":"","background-media":"","overlay-type":"","overlay-color":"","overlay-opacity":"","overlay-gradient":""},"tablet":{"background-color":"var(--ast-global-color-5)","background-image":"","background-repeat":"repeat","background-position":"center center","background-size":"auto","background-attachment":"scroll","background-type":"","background-media":"","overlay-type":"","overlay-color":"","overlay-opacity":"","overlay-gradient":""},"mobile":{"background-color":"var(--ast-global-color-5)","background-image":"","background-repeat":"repeat","background-position":"center center","background-size":"auto","background-attachment":"scroll","background-type":"","background-media":"","overlay-type":"","overlay-color":"","overlay-opacity":"","overlay-gradient":""}}},"product_brand":[],"product_cat":[57],"product_tag":[64],"class_list":{"0":"post-3689","1":"product","2":"type-product","3":"status-publish","4":"has-post-thumbnail","6":"product_cat-moxa","7":"product_tag-moxa","8":"desktop-align-left","9":"tablet-align-left","10":"mobile-align-left","12":"first","13":"instock","14":"shipping-taxable","15":"product-type-simple"},"yoast_head":"<!-- This site is optimized with the Yoast SEO plugin v24.6 - https:\/\/yoast.com\/wordpress\/plugins\/seo\/ -->\n<title>PT-7710 Series -<\/title>\n<meta name=\"robots\" content=\"index, follow, max-snippet:-1, max-image-preview:large, max-video-preview:-1\" \/>\n<link rel=\"canonical\" href=\"https:\/\/tecplan.com.gt\/en\/product\/pt-7710-series\/\" \/>\n<meta property=\"og:locale\" content=\"en_US\" \/>\n<meta property=\"og:type\" content=\"article\" \/>\n<meta property=\"og:title\" content=\"PT-7710 Series -\" \/>\n<meta property=\"og:description\" content=\"El PT-7710 est\u00e1 dise\u00f1ado para satisfacer las demandas de los sistemas de automatizaci\u00f3n de subestaciones el\u00e9ctricas (IEC 61850-3, IEEE 1613) y aplicaciones ferroviarias (EN 50121-4).\u00a0La red troncal Gigabit y Fast Ethernet, el anillo redundante y las entradas de alimentaci\u00f3n redundantes de 12\/24\/48 V CC del PT-7710 aumentan la confiabilidad de las comunicaciones y reducen los costos de cableado.\u00a0El dise\u00f1o modular del PT-7710 facilita la planificaci\u00f3n de la red y permite una mayor flexibilidad al permitirle instalar hasta 2 puertos Gigabit y 8 puertos Fast Ethernet o 10 puertos Fast Ethernet.  Ver ficha t\u00e9cnica\" \/>\n<meta property=\"og:url\" content=\"https:\/\/tecplan.com.gt\/en\/product\/pt-7710-series\/\" \/>\n<meta property=\"article:modified_time\" content=\"2023-06-25T14:51:17+00:00\" \/>\n<meta property=\"og:image\" content=\"https:\/\/tecplan.com.gt\/wp-content\/uploads\/2023\/06\/moxa-pt-7710-series-image-1-2-1.jpg\" \/>\n\t<meta property=\"og:image:width\" content=\"2000\" \/>\n\t<meta property=\"og:image:height\" content=\"2000\" \/>\n\t<meta property=\"og:image:type\" content=\"image\/jpeg\" \/>\n<meta name=\"twitter:card\" content=\"summary_large_image\" \/>\n<meta name=\"twitter:label1\" content=\"Est. reading time\" \/>\n\t<meta name=\"twitter:data1\" content=\"2 minutes\" \/>\n<script type=\"application\/ld+json\" class=\"yoast-schema-graph\">{\"@context\":\"https:\/\/schema.org\",\"@graph\":[{\"@type\":\"WebPage\",\"@id\":\"https:\/\/tecplan.com.gt\/producto\/pt-7710-series\/\",\"url\":\"https:\/\/tecplan.com.gt\/producto\/pt-7710-series\/\",\"name\":\"PT-7710 Series -\",\"isPartOf\":{\"@id\":\"https:\/\/tecplan.com.gt\/#website\"},\"primaryImageOfPage\":{\"@id\":\"https:\/\/tecplan.com.gt\/producto\/pt-7710-series\/#primaryimage\"},\"image\":{\"@id\":\"https:\/\/tecplan.com.gt\/producto\/pt-7710-series\/#primaryimage\"},\"thumbnailUrl\":\"\/wp-content\/uploads\/2023\/06\/moxa-pt-7710-series-image-1-2-1.jpg\",\"datePublished\":\"2023-06-14T02:34:30+00:00\",\"dateModified\":\"2023-06-25T14:51:17+00:00\",\"breadcrumb\":{\"@id\":\"https:\/\/tecplan.com.gt\/producto\/pt-7710-series\/#breadcrumb\"},\"inLanguage\":\"en-US\",\"potentialAction\":[{\"@type\":\"ReadAction\",\"target\":[\"https:\/\/tecplan.com.gt\/producto\/pt-7710-series\/\"]}]},{\"@type\":\"ImageObject\",\"inLanguage\":\"en-US\",\"@id\":\"https:\/\/tecplan.com.gt\/producto\/pt-7710-series\/#primaryimage\",\"url\":\"\/wp-content\/uploads\/2023\/06\/moxa-pt-7710-series-image-1-2-1.jpg\",\"contentUrl\":\"\/wp-content\/uploads\/2023\/06\/moxa-pt-7710-series-image-1-2-1.jpg\",\"width\":2000,\"height\":2000},{\"@type\":\"BreadcrumbList\",\"@id\":\"https:\/\/tecplan.com.gt\/producto\/pt-7710-series\/#breadcrumb\",\"itemListElement\":[{\"@type\":\"ListItem\",\"position\":1,\"name\":\"Portada\",\"item\":\"https:\/\/tecplan.com.gt\/\"},{\"@type\":\"ListItem\",\"position\":2,\"name\":\"Productos\",\"item\":\"https:\/\/tecplan.com.gt\/shop\/\"},{\"@type\":\"ListItem\",\"position\":3,\"name\":\"PT-7710 Series\"}]},{\"@type\":\"WebSite\",\"@id\":\"https:\/\/tecplan.com.gt\/#website\",\"url\":\"https:\/\/tecplan.com.gt\/\",\"name\":\"Tecplan Argentina\",\"description\":\"Tecnolog\u00edas y equipos de telecomunicaciones\",\"publisher\":{\"@id\":\"https:\/\/tecplan.com.gt\/#organization\"},\"potentialAction\":[{\"@type\":\"SearchAction\",\"target\":{\"@type\":\"EntryPoint\",\"urlTemplate\":\"https:\/\/tecplan.com.gt\/?s={search_term_string}\"},\"query-input\":{\"@type\":\"PropertyValueSpecification\",\"valueRequired\":true,\"valueName\":\"search_term_string\"}}],\"inLanguage\":\"en-US\"},{\"@type\":\"Organization\",\"@id\":\"https:\/\/tecplan.com.gt\/#organization\",\"name\":\"Tecplan Argentina\",\"url\":\"https:\/\/tecplan.com.gt\/\",\"logo\":{\"@type\":\"ImageObject\",\"inLanguage\":\"en-US\",\"@id\":\"https:\/\/tecplan.com.gt\/#\/schema\/logo\/image\/\",\"url\":\"\/wp-content\/uploads\/2023\/03\/logo-tecplan.gif\",\"contentUrl\":\"\/wp-content\/uploads\/2023\/03\/logo-tecplan.gif\",\"width\":1920,\"height\":486,\"caption\":\"Tecplan Argentina\"},\"image\":{\"@id\":\"https:\/\/tecplan.com.gt\/#\/schema\/logo\/image\/\"}}]}<\/script>\n<!-- \/ Yoast SEO plugin. -->","yoast_head_json":{"title":"PT-7710 Series -","robots":{"index":"index","follow":"follow","max-snippet":"max-snippet:-1","max-image-preview":"max-image-preview:large","max-video-preview":"max-video-preview:-1"},"canonical":"https:\/\/tecplan.com.gt\/en\/product\/pt-7710-series\/","og_locale":"en_US","og_type":"article","og_title":"PT-7710 Series -","og_description":"El PT-7710 est\u00e1 dise\u00f1ado para satisfacer las demandas de los sistemas de automatizaci\u00f3n de subestaciones el\u00e9ctricas (IEC 61850-3, IEEE 1613) y aplicaciones ferroviarias (EN 50121-4).\u00a0La red troncal Gigabit y Fast Ethernet, el anillo redundante y las entradas de alimentaci\u00f3n redundantes de 12\/24\/48 V CC del PT-7710 aumentan la confiabilidad de las comunicaciones y reducen los costos de cableado.\u00a0El dise\u00f1o modular del PT-7710 facilita la planificaci\u00f3n de la red y permite una mayor flexibilidad al permitirle instalar hasta 2 puertos Gigabit y 8 puertos Fast Ethernet o 10 puertos Fast Ethernet.  Ver ficha t\u00e9cnica","og_url":"https:\/\/tecplan.com.gt\/en\/product\/pt-7710-series\/","article_modified_time":"2023-06-25T14:51:17+00:00","og_image":[{"width":2000,"height":2000,"url":"https:\/\/tecplan.com.gt\/wp-content\/uploads\/2023\/06\/moxa-pt-7710-series-image-1-2-1.jpg","type":"image\/jpeg"}],"twitter_card":"summary_large_image","twitter_misc":{"Est. reading time":"2 minutes"},"schema":{"@context":"https:\/\/schema.org","@graph":[{"@type":"WebPage","@id":"https:\/\/tecplan.com.gt\/producto\/pt-7710-series\/","url":"https:\/\/tecplan.com.gt\/producto\/pt-7710-series\/","name":"PT-7710 Series -","isPartOf":{"@id":"https:\/\/tecplan.com.gt\/#website"},"primaryImageOfPage":{"@id":"https:\/\/tecplan.com.gt\/producto\/pt-7710-series\/#primaryimage"},"image":{"@id":"https:\/\/tecplan.com.gt\/producto\/pt-7710-series\/#primaryimage"},"thumbnailUrl":"\/wp-content\/uploads\/2023\/06\/moxa-pt-7710-series-image-1-2-1.jpg","datePublished":"2023-06-14T02:34:30+00:00","dateModified":"2023-06-25T14:51:17+00:00","breadcrumb":{"@id":"https:\/\/tecplan.com.gt\/producto\/pt-7710-series\/#breadcrumb"},"inLanguage":"en-US","potentialAction":[{"@type":"ReadAction","target":["https:\/\/tecplan.com.gt\/producto\/pt-7710-series\/"]}]},{"@type":"ImageObject","inLanguage":"en-US","@id":"https:\/\/tecplan.com.gt\/producto\/pt-7710-series\/#primaryimage","url":"\/wp-content\/uploads\/2023\/06\/moxa-pt-7710-series-image-1-2-1.jpg","contentUrl":"\/wp-content\/uploads\/2023\/06\/moxa-pt-7710-series-image-1-2-1.jpg","width":2000,"height":2000},{"@type":"BreadcrumbList","@id":"https:\/\/tecplan.com.gt\/producto\/pt-7710-series\/#breadcrumb","itemListElement":[{"@type":"ListItem","position":1,"name":"Portada","item":"https:\/\/tecplan.com.gt\/"},{"@type":"ListItem","position":2,"name":"Productos","item":"https:\/\/tecplan.com.gt\/shop\/"},{"@type":"ListItem","position":3,"name":"PT-7710 Series"}]},{"@type":"WebSite","@id":"https:\/\/tecplan.com.gt\/#website","url":"https:\/\/tecplan.com.gt\/","name":"Tecplan Argentina","description":"Tecnolog\u00edas y equipos de telecomunicaciones","publisher":{"@id":"https:\/\/tecplan.com.gt\/#organization"},"potentialAction":[{"@type":"SearchAction","target":{"@type":"EntryPoint","urlTemplate":"https:\/\/tecplan.com.gt\/?s={search_term_string}"},"query-input":{"@type":"PropertyValueSpecification","valueRequired":true,"valueName":"search_term_string"}}],"inLanguage":"en-US"},{"@type":"Organization","@id":"https:\/\/tecplan.com.gt\/#organization","name":"Tecplan Argentina","url":"https:\/\/tecplan.com.gt\/","logo":{"@type":"ImageObject","inLanguage":"en-US","@id":"https:\/\/tecplan.com.gt\/#\/schema\/logo\/image\/","url":"\/wp-content\/uploads\/2023\/03\/logo-tecplan.gif","contentUrl":"\/wp-content\/uploads\/2023\/03\/logo-tecplan.gif","width":1920,"height":486,"caption":"Tecplan Argentina"},"image":{"@id":"https:\/\/tecplan.com.gt\/#\/schema\/logo\/image\/"}}]}},"_links":{"self":[{"href":"https:\/\/tecplan.com.gt\/en\/wp-json\/wp\/v2\/product\/3689"}],"collection":[{"href":"https:\/\/tecplan.com.gt\/en\/wp-json\/wp\/v2\/product"}],"about":[{"href":"https:\/\/tecplan.com.gt\/en\/wp-json\/wp\/v2\/types\/product"}],"replies":[{"embeddable":true,"href":"https:\/\/tecplan.com.gt\/en\/wp-json\/wp\/v2\/comments?post=3689"}],"version-history":[{"count":0,"href":"https:\/\/tecplan.com.gt\/en\/wp-json\/wp\/v2\/product\/3689\/revisions"}],"wp:featuredmedia":[{"embeddable":true,"href":"https:\/\/tecplan.com.gt\/en\/wp-json\/wp\/v2\/media\/3690"}],"wp:attachment":[{"href":"https:\/\/tecplan.com.gt\/en\/wp-json\/wp\/v2\/media?parent=3689"}],"wp:term":[{"taxonomy":"product_brand","embeddable":true,"href":"https:\/\/tecplan.com.gt\/en\/wp-json\/wp\/v2\/product_brand?post=3689"},{"taxonomy":"product_cat","embeddable":true,"href":"https:\/\/tecplan.com.gt\/en\/wp-json\/wp\/v2\/product_cat?post=3689"},{"taxonomy":"product_tag","embeddable":true,"href":"https:\/\/tecplan.com.gt\/en\/wp-json\/wp\/v2\/product_tag?post=3689"}],"curies":[{"name":"wp","href":"https:\/\/api.w.org\/{rel}","templated":true}]}}