{"id":3692,"date":"2023-06-13T22:37:45","date_gmt":"2023-06-14T02:37:45","guid":{"rendered":"https:\/\/tecplan.com.gt\/?post_type=product&#038;p=3692"},"modified":"2023-06-25T10:51:16","modified_gmt":"2023-06-25T14:51:16","slug":"eds-528e-series","status":"publish","type":"product","link":"https:\/\/tecplan.com.gt\/en\/product\/eds-528e-series\/","title":{"rendered":"EDS-528E Series"},"content":{"rendered":"<div class=\"module-block module-block--white\">\n<p class=\"module-block__paragraph\"><span>Ethernet redundancy technologies, Turbo Ring, Turbo Chain, RSTP\/STP, and MSTP, increase the reliability and availability of your network backbone system. The EDS-528E also supports advanced management and security features.<\/span><\/p>\n<p class=\"module-block__paragraph\"><span>In addition, the EDS-528E series is specifically designed for harsh industrial environments with limited installation space and high protection level requirements, such as maritime, railway, oil and gas, factory and process automation.<\/span><\/p>\n<p class=\"module-block__note\">\n<\/div>\n<div class=\"module-block module-block--white\">\n<h4 class=\"module-block__subheading\"><span>Additional Features and Benefits<\/span><\/h4>\n<ul class=\"bullet-list\">\n<li class=\"bullet-list__item\">\n<p class=\"module-block__paragraph\"><span>DHCP Option 82 for assigning IP addresses with different policies<\/span><\/p>\n<\/li>\n<li class=\"bullet-list__item\">\n<p class=\"module-block__paragraph\"><span>Supports EtherNet\/IP, PROFINET and Modbus TCP protocols for device management and monitoring<\/span><\/p>\n<\/li>\n<li class=\"bullet-list__item\">\n<p class=\"module-block__paragraph\"><span>IGMP snooping and GMRP to filter multicast traffic<\/span><\/p>\n<\/li>\n<li class=\"bullet-list__item\">\n<p class=\"module-block__paragraph\"><span>VLAN basada en puerto, VLAN IEEE 802.1Q y GVRP para facilitar la planificaci\u00f3n de la red<\/span><\/p>\n<\/li>\n<li class=\"bullet-list__item\">\n<p class=\"module-block__paragraph\"><span>QoS (IEEE 802.1p\/1Q and TOS\/DiffServ) to increase determinism<\/span><\/p>\n<\/li>\n<li class=\"bullet-list__item\">\n<p class=\"module-block__paragraph\"><span>Port Trunking for optimal bandwidth utilization<\/span><\/p>\n<\/li>\n<\/ul>\n<ul class=\"bullet-list\">\n<li class=\"bullet-list__item\">\n<p class=\"module-block__paragraph\"><span>SNMPv1\/v2c\/v3 for different levels of network management<\/span><\/p>\n<\/li>\n<li class=\"bullet-list__item\">\n<p class=\"module-block__paragraph\"><span>RMON for proactive and efficient network monitoring<\/span><\/p>\n<\/li>\n<li class=\"bullet-list__item\">\n<p class=\"module-block__paragraph\"><span>Bandwidth management to avoid unpredictable network states<\/span><\/p>\n<\/li>\n<li class=\"bullet-list__item\">\n<p class=\"module-block__paragraph\"><span>Port blocking function to block unauthorized access based on MAC address<\/span><\/p>\n<\/li>\n<li class=\"bullet-list__item\">\n<p class=\"module-block__paragraph\"><span>Automatic notification by exception via email and relay output<\/span><\/p>\n<\/li>\n<li class=\"bullet-list__item\">\n<p class=\"module-block__paragraph\"><span>Supports ABC-02-USB (Auto Backup Configurator) for system configuration backup\/restore and firmware upgrade<\/span><\/p>\n<\/li>\n<\/ul>\n<\/div>","protected":false},"excerpt":{"rendered":"<p>The EDS-528E compact 28-port Ethernet managed standalone switches have 4 Gigabit ports combined with built-in RJ45 or SFP slots for Gigabit fiber optic communication. The 24 Fast Ethernet ports have a variety of copper and fiber port combinations giving the EDS-528E series greater flexibility to design your network and application.<\/p>\n<p><a href=\"http:\/\/tecplan.com.gt\/wp-content\/uploads\/2023\/06\/Switch-24-Puertos-MOXA-industrial.pdf\" target=\"_blank\" rel=\"noopener\">See technical sheet<\/a><\/p>","protected":false},"featured_media":3693,"comment_status":"open","ping_status":"closed","template":"","meta":{"site-sidebar-layout":"default","site-content-layout":"default","ast-site-content-layout":"","site-content-style":"default","site-sidebar-style":"default","ast-global-header-display":"","ast-banner-title-visibility":"","ast-main-header-display":"","ast-hfb-above-header-display":"","ast-hfb-below-header-display":"","ast-hfb-mobile-header-display":"","site-post-title":"","ast-breadcrumbs-content":"","ast-featured-img":"","footer-sml-layout":"","theme-transparent-header-meta":"default","adv-header-id-meta":"","stick-header-meta":"","header-above-stick-meta":"","header-main-stick-meta":"","header-below-stick-meta":"","astra-migrate-meta-layouts":"default","ast-page-background-enabled":"default","ast-page-background-meta":{"desktop":{"background-color":"var(--ast-global-color-4)","background-image":"","background-repeat":"repeat","background-position":"center center","background-size":"auto","background-attachment":"scroll","background-type":"","background-media":"","overlay-type":"","overlay-color":"","overlay-opacity":"","overlay-gradient":""},"tablet":{"background-color":"","background-image":"","background-repeat":"repeat","background-position":"center center","background-size":"auto","background-attachment":"scroll","background-type":"","background-media":"","overlay-type":"","overlay-color":"","overlay-opacity":"","overlay-gradient":""},"mobile":{"background-color":"","background-image":"","background-repeat":"repeat","background-position":"center center","background-size":"auto","background-attachment":"scroll","background-type":"","background-media":"","overlay-type":"","overlay-color":"","overlay-opacity":"","overlay-gradient":""}},"ast-content-background-meta":{"desktop":{"background-color":"var(--ast-global-color-5)","background-image":"","background-repeat":"repeat","background-position":"center center","background-size":"auto","background-attachment":"scroll","background-type":"","background-media":"","overlay-type":"","overlay-color":"","overlay-opacity":"","overlay-gradient":""},"tablet":{"background-color":"var(--ast-global-color-5)","background-image":"","background-repeat":"repeat","background-position":"center center","background-size":"auto","background-attachment":"scroll","background-type":"","background-media":"","overlay-type":"","overlay-color":"","overlay-opacity":"","overlay-gradient":""},"mobile":{"background-color":"var(--ast-global-color-5)","background-image":"","background-repeat":"repeat","background-position":"center center","background-size":"auto","background-attachment":"scroll","background-type":"","background-media":"","overlay-type":"","overlay-color":"","overlay-opacity":"","overlay-gradient":""}}},"product_brand":[],"product_cat":[57],"product_tag":[64],"class_list":{"0":"post-3692","1":"product","2":"type-product","3":"status-publish","4":"has-post-thumbnail","6":"product_cat-moxa","7":"product_tag-moxa","8":"desktop-align-left","9":"tablet-align-left","10":"mobile-align-left","12":"first","13":"instock","14":"shipping-taxable","15":"product-type-simple"},"yoast_head":"<!-- This site is optimized with the Yoast SEO plugin v24.6 - https:\/\/yoast.com\/wordpress\/plugins\/seo\/ -->\n<title>EDS-528E Series -<\/title>\n<meta name=\"robots\" content=\"index, follow, max-snippet:-1, max-image-preview:large, max-video-preview:-1\" \/>\n<link rel=\"canonical\" href=\"https:\/\/tecplan.com.gt\/en\/product\/eds-528e-series\/\" \/>\n<meta property=\"og:locale\" content=\"en_US\" \/>\n<meta property=\"og:type\" content=\"article\" \/>\n<meta property=\"og:title\" content=\"EDS-528E Series -\" \/>\n<meta property=\"og:description\" content=\"Los switches EDS-528E independientes y compactos de 28 puertos Ethernet administrados tienen 4 puertos Gigabit combinados con ranuras integradas RJ45 o SFP para comunicaci\u00f3n de fibra \u00f3ptica Gigabit. Los 24 puertos Fast Ethernet tienen una variedad de combinaciones de puertos de cobre y fibra que le dan a la serie EDS-528E una mayor flexibilidad para dise\u00f1ar su red y aplicaci\u00f3n.  Ver ficha t\u00e9cnica\" \/>\n<meta property=\"og:url\" content=\"https:\/\/tecplan.com.gt\/en\/product\/eds-528e-series\/\" \/>\n<meta property=\"article:modified_time\" content=\"2023-06-25T14:51:16+00:00\" \/>\n<meta property=\"og:image\" content=\"https:\/\/tecplan.com.gt\/wp-content\/uploads\/2023\/06\/moxa-eds-528e-series-image-1-2.jpg\" \/>\n\t<meta property=\"og:image:width\" content=\"2000\" \/>\n\t<meta property=\"og:image:height\" content=\"2000\" \/>\n\t<meta property=\"og:image:type\" content=\"image\/jpeg\" \/>\n<meta name=\"twitter:card\" content=\"summary_large_image\" \/>\n<meta name=\"twitter:label1\" content=\"Est. reading time\" \/>\n\t<meta name=\"twitter:data1\" content=\"2 minutes\" \/>\n<script type=\"application\/ld+json\" class=\"yoast-schema-graph\">{\"@context\":\"https:\/\/schema.org\",\"@graph\":[{\"@type\":\"WebPage\",\"@id\":\"https:\/\/tecplan.com.gt\/producto\/eds-528e-series\/\",\"url\":\"https:\/\/tecplan.com.gt\/producto\/eds-528e-series\/\",\"name\":\"EDS-528E Series -\",\"isPartOf\":{\"@id\":\"https:\/\/tecplan.com.gt\/#website\"},\"primaryImageOfPage\":{\"@id\":\"https:\/\/tecplan.com.gt\/producto\/eds-528e-series\/#primaryimage\"},\"image\":{\"@id\":\"https:\/\/tecplan.com.gt\/producto\/eds-528e-series\/#primaryimage\"},\"thumbnailUrl\":\"\/wp-content\/uploads\/2023\/06\/moxa-eds-528e-series-image-1-2.jpg\",\"datePublished\":\"2023-06-14T02:37:45+00:00\",\"dateModified\":\"2023-06-25T14:51:16+00:00\",\"breadcrumb\":{\"@id\":\"https:\/\/tecplan.com.gt\/producto\/eds-528e-series\/#breadcrumb\"},\"inLanguage\":\"en-US\",\"potentialAction\":[{\"@type\":\"ReadAction\",\"target\":[\"https:\/\/tecplan.com.gt\/producto\/eds-528e-series\/\"]}]},{\"@type\":\"ImageObject\",\"inLanguage\":\"en-US\",\"@id\":\"https:\/\/tecplan.com.gt\/producto\/eds-528e-series\/#primaryimage\",\"url\":\"\/wp-content\/uploads\/2023\/06\/moxa-eds-528e-series-image-1-2.jpg\",\"contentUrl\":\"\/wp-content\/uploads\/2023\/06\/moxa-eds-528e-series-image-1-2.jpg\",\"width\":2000,\"height\":2000},{\"@type\":\"BreadcrumbList\",\"@id\":\"https:\/\/tecplan.com.gt\/producto\/eds-528e-series\/#breadcrumb\",\"itemListElement\":[{\"@type\":\"ListItem\",\"position\":1,\"name\":\"Portada\",\"item\":\"https:\/\/tecplan.com.gt\/\"},{\"@type\":\"ListItem\",\"position\":2,\"name\":\"Productos\",\"item\":\"https:\/\/tecplan.com.gt\/shop\/\"},{\"@type\":\"ListItem\",\"position\":3,\"name\":\"EDS-528E Series\"}]},{\"@type\":\"WebSite\",\"@id\":\"https:\/\/tecplan.com.gt\/#website\",\"url\":\"https:\/\/tecplan.com.gt\/\",\"name\":\"Tecplan Argentina\",\"description\":\"Tecnolog\u00edas y equipos de telecomunicaciones\",\"publisher\":{\"@id\":\"https:\/\/tecplan.com.gt\/#organization\"},\"potentialAction\":[{\"@type\":\"SearchAction\",\"target\":{\"@type\":\"EntryPoint\",\"urlTemplate\":\"https:\/\/tecplan.com.gt\/?s={search_term_string}\"},\"query-input\":{\"@type\":\"PropertyValueSpecification\",\"valueRequired\":true,\"valueName\":\"search_term_string\"}}],\"inLanguage\":\"en-US\"},{\"@type\":\"Organization\",\"@id\":\"https:\/\/tecplan.com.gt\/#organization\",\"name\":\"Tecplan Argentina\",\"url\":\"https:\/\/tecplan.com.gt\/\",\"logo\":{\"@type\":\"ImageObject\",\"inLanguage\":\"en-US\",\"@id\":\"https:\/\/tecplan.com.gt\/#\/schema\/logo\/image\/\",\"url\":\"\/wp-content\/uploads\/2023\/03\/logo-tecplan.gif\",\"contentUrl\":\"\/wp-content\/uploads\/2023\/03\/logo-tecplan.gif\",\"width\":1920,\"height\":486,\"caption\":\"Tecplan Argentina\"},\"image\":{\"@id\":\"https:\/\/tecplan.com.gt\/#\/schema\/logo\/image\/\"}}]}<\/script>\n<!-- \/ Yoast SEO plugin. -->","yoast_head_json":{"title":"EDS-528E Series -","robots":{"index":"index","follow":"follow","max-snippet":"max-snippet:-1","max-image-preview":"max-image-preview:large","max-video-preview":"max-video-preview:-1"},"canonical":"https:\/\/tecplan.com.gt\/en\/product\/eds-528e-series\/","og_locale":"en_US","og_type":"article","og_title":"EDS-528E Series -","og_description":"Los switches EDS-528E independientes y compactos de 28 puertos Ethernet administrados tienen 4 puertos Gigabit combinados con ranuras integradas RJ45 o SFP para comunicaci\u00f3n de fibra \u00f3ptica Gigabit. Los 24 puertos Fast Ethernet tienen una variedad de combinaciones de puertos de cobre y fibra que le dan a la serie EDS-528E una mayor flexibilidad para dise\u00f1ar su red y aplicaci\u00f3n.  Ver ficha t\u00e9cnica","og_url":"https:\/\/tecplan.com.gt\/en\/product\/eds-528e-series\/","article_modified_time":"2023-06-25T14:51:16+00:00","og_image":[{"width":2000,"height":2000,"url":"https:\/\/tecplan.com.gt\/wp-content\/uploads\/2023\/06\/moxa-eds-528e-series-image-1-2.jpg","type":"image\/jpeg"}],"twitter_card":"summary_large_image","twitter_misc":{"Est. reading time":"2 minutes"},"schema":{"@context":"https:\/\/schema.org","@graph":[{"@type":"WebPage","@id":"https:\/\/tecplan.com.gt\/producto\/eds-528e-series\/","url":"https:\/\/tecplan.com.gt\/producto\/eds-528e-series\/","name":"EDS-528E Series -","isPartOf":{"@id":"https:\/\/tecplan.com.gt\/#website"},"primaryImageOfPage":{"@id":"https:\/\/tecplan.com.gt\/producto\/eds-528e-series\/#primaryimage"},"image":{"@id":"https:\/\/tecplan.com.gt\/producto\/eds-528e-series\/#primaryimage"},"thumbnailUrl":"\/wp-content\/uploads\/2023\/06\/moxa-eds-528e-series-image-1-2.jpg","datePublished":"2023-06-14T02:37:45+00:00","dateModified":"2023-06-25T14:51:16+00:00","breadcrumb":{"@id":"https:\/\/tecplan.com.gt\/producto\/eds-528e-series\/#breadcrumb"},"inLanguage":"en-US","potentialAction":[{"@type":"ReadAction","target":["https:\/\/tecplan.com.gt\/producto\/eds-528e-series\/"]}]},{"@type":"ImageObject","inLanguage":"en-US","@id":"https:\/\/tecplan.com.gt\/producto\/eds-528e-series\/#primaryimage","url":"\/wp-content\/uploads\/2023\/06\/moxa-eds-528e-series-image-1-2.jpg","contentUrl":"\/wp-content\/uploads\/2023\/06\/moxa-eds-528e-series-image-1-2.jpg","width":2000,"height":2000},{"@type":"BreadcrumbList","@id":"https:\/\/tecplan.com.gt\/producto\/eds-528e-series\/#breadcrumb","itemListElement":[{"@type":"ListItem","position":1,"name":"Portada","item":"https:\/\/tecplan.com.gt\/"},{"@type":"ListItem","position":2,"name":"Productos","item":"https:\/\/tecplan.com.gt\/shop\/"},{"@type":"ListItem","position":3,"name":"EDS-528E Series"}]},{"@type":"WebSite","@id":"https:\/\/tecplan.com.gt\/#website","url":"https:\/\/tecplan.com.gt\/","name":"Tecplan Argentina","description":"Tecnolog\u00edas y equipos de telecomunicaciones","publisher":{"@id":"https:\/\/tecplan.com.gt\/#organization"},"potentialAction":[{"@type":"SearchAction","target":{"@type":"EntryPoint","urlTemplate":"https:\/\/tecplan.com.gt\/?s={search_term_string}"},"query-input":{"@type":"PropertyValueSpecification","valueRequired":true,"valueName":"search_term_string"}}],"inLanguage":"en-US"},{"@type":"Organization","@id":"https:\/\/tecplan.com.gt\/#organization","name":"Tecplan Argentina","url":"https:\/\/tecplan.com.gt\/","logo":{"@type":"ImageObject","inLanguage":"en-US","@id":"https:\/\/tecplan.com.gt\/#\/schema\/logo\/image\/","url":"\/wp-content\/uploads\/2023\/03\/logo-tecplan.gif","contentUrl":"\/wp-content\/uploads\/2023\/03\/logo-tecplan.gif","width":1920,"height":486,"caption":"Tecplan Argentina"},"image":{"@id":"https:\/\/tecplan.com.gt\/#\/schema\/logo\/image\/"}}]}},"_links":{"self":[{"href":"https:\/\/tecplan.com.gt\/en\/wp-json\/wp\/v2\/product\/3692"}],"collection":[{"href":"https:\/\/tecplan.com.gt\/en\/wp-json\/wp\/v2\/product"}],"about":[{"href":"https:\/\/tecplan.com.gt\/en\/wp-json\/wp\/v2\/types\/product"}],"replies":[{"embeddable":true,"href":"https:\/\/tecplan.com.gt\/en\/wp-json\/wp\/v2\/comments?post=3692"}],"version-history":[{"count":0,"href":"https:\/\/tecplan.com.gt\/en\/wp-json\/wp\/v2\/product\/3692\/revisions"}],"wp:featuredmedia":[{"embeddable":true,"href":"https:\/\/tecplan.com.gt\/en\/wp-json\/wp\/v2\/media\/3693"}],"wp:attachment":[{"href":"https:\/\/tecplan.com.gt\/en\/wp-json\/wp\/v2\/media?parent=3692"}],"wp:term":[{"taxonomy":"product_brand","embeddable":true,"href":"https:\/\/tecplan.com.gt\/en\/wp-json\/wp\/v2\/product_brand?post=3692"},{"taxonomy":"product_cat","embeddable":true,"href":"https:\/\/tecplan.com.gt\/en\/wp-json\/wp\/v2\/product_cat?post=3692"},{"taxonomy":"product_tag","embeddable":true,"href":"https:\/\/tecplan.com.gt\/en\/wp-json\/wp\/v2\/product_tag?post=3692"}],"curies":[{"name":"wp","href":"https:\/\/api.w.org\/{rel}","templated":true}]}}