{"id":3922,"date":"2023-08-20T12:22:05","date_gmt":"2023-08-20T16:22:05","guid":{"rendered":"https:\/\/tecplan.com.gt\/?post_type=product&#038;p=3922"},"modified":"2023-08-20T12:22:06","modified_gmt":"2023-08-20T16:22:06","slug":"inreach-messenger","status":"publish","type":"product","link":"https:\/\/tecplan.com.gt\/en\/product\/inreach-messenger\/","title":{"rendered":"inReach\u00ae Messenger"},"content":{"rendered":"<h3>ROUND TRIP MESSAGES<\/h3>\n<p class=\"app__feature__card__description app__feature__card__description--left\">The simple user interface of the\u00a0<a href=\"https:\/\/www.garmin.com\/es-CL\/p\/893837\">Garmin Messenger app<\/a>\u00a0Your smartphone's text messaging feature allows you to easily send and receive text messages with your loved ones using cellular or satellite networks.<\/p>\n<h3>PERFECT CONNECTION<\/h3>\n<p class=\"app__feature__card__description app__feature__card__description--left\">InReach's optimized messaging uses your smartphone's cellular connection when available, and seamlessly switches to an Iridium satellite network<sup>\u00ae<\/sup>\u00a0100% global when you venture beyond the confines of mobile coverage.<\/p>\n<h3>GROUP MESSAGES<\/h3>\n<p class=\"app__feature__card__description app__feature__card__description--left\">With the Garmin Messenger app, your inReach connection can broadcast and distribute group messages. This means you can share your adventures with multiple contacts at the same time and chat in a group with your friends and family.<\/p>\n<h3>INTERACTIVE SOS ALERTS<\/h3>\n<p class=\"app__feature__card__description app__feature__card__description--left\">In case of emergency, send an interactive SOS message to Garmin Response<sup>SM<\/sup>, a 24-hour emergency rescue coordination center.<\/p>\n<h3>SHARE YOUR LOCATION<\/h3>\n<p class=\"app__feature__card__description app__feature__card__description--left\">Share your location at any time with loved ones waiting for you at home through the MapShare page<sup>\u2122<\/sup>\u00a0or add your GPS coordinates to messages.<\/p>\n<h3>FLEXIBLE SATELLITE PLANS<\/h3>\n<p class=\"app__feature__card__description app__feature__card__description--left\">To access the Iridium global network and communicate with your inReach Messenger device, a\u00a0<a href=\"https:\/\/discover.garmin.com\/es-CL\/inreach\/personal\/#subscriptions\">subscription<\/a>\u00a0activate satellite services. You can opt for an annual package or a flexible monthly plan.<\/p>\n<h3>COMPACT AND RESISTANT<\/h3>\n<p class=\"app__feature__card__description app__feature__card__description--left\">Don't be fooled by its 7.8 x 6.4 cm (3.1\u2033 x 2.5\u2033) size and 114 g weight \u2013 the inReach Messenger is rugged, durable and impact resistant, and\u00a0<a href=\"https:\/\/www.garmin.com\/es-CL\/legal\/waterrating\">It has an IPX7 water resistance rating.<\/a><\/p>\n<h3>BACKUP POWER<\/h3>\n<p class=\"app__feature__card__description app__feature__card__description--left\">Need a backup in case your compatible smartphone runs out of battery? Simply connect the inReach Messenger to your phone and you'll get enough power to send a custom text message from the inReach Messenger device using the phone's touchscreen.<\/p>\n<h3>LONG-LASTING BATTERY<\/h3>\n<p class=\"app__feature__card__description app__feature__card__description--left\">The internal rechargeable lithium battery gives you up to 28 days of battery life in 10-minute tracking mode, so you can do what you love for longer between charges.<\/p>","protected":false},"excerpt":{"rendered":"<p>When your adventures take you to remote places, this small, rugged satellite communications device goes beyond the boundaries of cellular networks to let you stay in touch with family and friends through global two-way text messaging.<\/p>","protected":false},"featured_media":3923,"comment_status":"open","ping_status":"closed","template":"","meta":{"site-sidebar-layout":"default","site-content-layout":"","ast-site-content-layout":"default","site-content-style":"default","site-sidebar-style":"default","ast-global-header-display":"","ast-banner-title-visibility":"","ast-main-header-display":"","ast-hfb-above-header-display":"","ast-hfb-below-header-display":"","ast-hfb-mobile-header-display":"","site-post-title":"","ast-breadcrumbs-content":"","ast-featured-img":"","footer-sml-layout":"","theme-transparent-header-meta":"default","adv-header-id-meta":"","stick-header-meta":"","header-above-stick-meta":"","header-main-stick-meta":"","header-below-stick-meta":"","astra-migrate-meta-layouts":"set","ast-page-background-enabled":"default","ast-page-background-meta":{"desktop":{"background-color":"var(--ast-global-color-4)","background-image":"","background-repeat":"repeat","background-position":"center center","background-size":"auto","background-attachment":"scroll","background-type":"","background-media":"","overlay-type":"","overlay-color":"","overlay-opacity":"","overlay-gradient":""},"tablet":{"background-color":"","background-image":"","background-repeat":"repeat","background-position":"center center","background-size":"auto","background-attachment":"scroll","background-type":"","background-media":"","overlay-type":"","overlay-color":"","overlay-opacity":"","overlay-gradient":""},"mobile":{"background-color":"","background-image":"","background-repeat":"repeat","background-position":"center center","background-size":"auto","background-attachment":"scroll","background-type":"","background-media":"","overlay-type":"","overlay-color":"","overlay-opacity":"","overlay-gradient":""}},"ast-content-background-meta":{"desktop":{"background-color":"var(--ast-global-color-5)","background-image":"","background-repeat":"repeat","background-position":"center center","background-size":"auto","background-attachment":"scroll","background-type":"","background-media":"","overlay-type":"","overlay-color":"","overlay-opacity":"","overlay-gradient":""},"tablet":{"background-color":"var(--ast-global-color-5)","background-image":"","background-repeat":"repeat","background-position":"center center","background-size":"auto","background-attachment":"scroll","background-type":"","background-media":"","overlay-type":"","overlay-color":"","overlay-opacity":"","overlay-gradient":""},"mobile":{"background-color":"var(--ast-global-color-5)","background-image":"","background-repeat":"repeat","background-position":"center center","background-size":"auto","background-attachment":"scroll","background-type":"","background-media":"","overlay-type":"","overlay-color":"","overlay-opacity":"","overlay-gradient":""}}},"product_brand":[],"product_cat":[43],"product_tag":[69],"class_list":{"0":"post-3922","1":"product","2":"type-product","3":"status-publish","4":"has-post-thumbnail","6":"product_cat-comunicacion-satelital","7":"product_tag-garmin","8":"desktop-align-left","9":"tablet-align-left","10":"mobile-align-left","12":"first","13":"instock","14":"shipping-taxable","15":"product-type-simple"},"yoast_head":"<!-- This site is optimized with the Yoast SEO plugin v24.6 - https:\/\/yoast.com\/wordpress\/plugins\/seo\/ -->\n<title>inReach\u00ae Messenger -<\/title>\n<meta name=\"robots\" content=\"index, follow, max-snippet:-1, max-image-preview:large, max-video-preview:-1\" \/>\n<link rel=\"canonical\" href=\"https:\/\/tecplan.com.gt\/en\/product\/inreach-messenger\/\" \/>\n<meta property=\"og:locale\" content=\"en_US\" \/>\n<meta property=\"og:type\" content=\"article\" \/>\n<meta property=\"og:title\" content=\"inReach\u00ae Messenger -\" \/>\n<meta property=\"og:description\" content=\"Cuando tus aventuras te llevan a lugares remotos, este dispositivo de comunicaci\u00f3n por sat\u00e9lite\u00a0peque\u00f1o y robusto va m\u00e1s all\u00e1 de los l\u00edmites de las redes m\u00f3viles para permitirte mantener el contacto con tus familiares y amigos a trav\u00e9s de la mensajer\u00eda global de texto bidireccional.\" \/>\n<meta property=\"og:url\" content=\"https:\/\/tecplan.com.gt\/en\/product\/inreach-messenger\/\" \/>\n<meta property=\"article:modified_time\" content=\"2023-08-20T16:22:06+00:00\" \/>\n<meta property=\"og:image\" content=\"https:\/\/tecplan.com.gt\/wp-content\/uploads\/2023\/08\/cf-xl-1.png\" \/>\n\t<meta property=\"og:image:width\" content=\"500\" \/>\n\t<meta property=\"og:image:height\" content=\"500\" \/>\n\t<meta property=\"og:image:type\" content=\"image\/png\" \/>\n<meta name=\"twitter:card\" content=\"summary_large_image\" \/>\n<meta name=\"twitter:label1\" content=\"Est. reading time\" \/>\n\t<meta name=\"twitter:data1\" content=\"2 minutes\" \/>\n<script type=\"application\/ld+json\" class=\"yoast-schema-graph\">{\"@context\":\"https:\/\/schema.org\",\"@graph\":[{\"@type\":\"WebPage\",\"@id\":\"https:\/\/tecplan.com.gt\/producto\/inreach-messenger\/\",\"url\":\"https:\/\/tecplan.com.gt\/producto\/inreach-messenger\/\",\"name\":\"inReach\u00ae Messenger -\",\"isPartOf\":{\"@id\":\"https:\/\/tecplan.com.gt\/#website\"},\"primaryImageOfPage\":{\"@id\":\"https:\/\/tecplan.com.gt\/producto\/inreach-messenger\/#primaryimage\"},\"image\":{\"@id\":\"https:\/\/tecplan.com.gt\/producto\/inreach-messenger\/#primaryimage\"},\"thumbnailUrl\":\"\/wp-content\/uploads\/2023\/08\/cf-xl-1.png\",\"datePublished\":\"2023-08-20T16:22:05+00:00\",\"dateModified\":\"2023-08-20T16:22:06+00:00\",\"breadcrumb\":{\"@id\":\"https:\/\/tecplan.com.gt\/producto\/inreach-messenger\/#breadcrumb\"},\"inLanguage\":\"en-US\",\"potentialAction\":[{\"@type\":\"ReadAction\",\"target\":[\"https:\/\/tecplan.com.gt\/producto\/inreach-messenger\/\"]}]},{\"@type\":\"ImageObject\",\"inLanguage\":\"en-US\",\"@id\":\"https:\/\/tecplan.com.gt\/producto\/inreach-messenger\/#primaryimage\",\"url\":\"\/wp-content\/uploads\/2023\/08\/cf-xl-1.png\",\"contentUrl\":\"\/wp-content\/uploads\/2023\/08\/cf-xl-1.png\",\"width\":500,\"height\":500},{\"@type\":\"BreadcrumbList\",\"@id\":\"https:\/\/tecplan.com.gt\/producto\/inreach-messenger\/#breadcrumb\",\"itemListElement\":[{\"@type\":\"ListItem\",\"position\":1,\"name\":\"Portada\",\"item\":\"https:\/\/tecplan.com.gt\/\"},{\"@type\":\"ListItem\",\"position\":2,\"name\":\"Productos\",\"item\":\"https:\/\/tecplan.com.gt\/shop\/\"},{\"@type\":\"ListItem\",\"position\":3,\"name\":\"inReach\u00ae Messenger\"}]},{\"@type\":\"WebSite\",\"@id\":\"https:\/\/tecplan.com.gt\/#website\",\"url\":\"https:\/\/tecplan.com.gt\/\",\"name\":\"Tecplan Argentina\",\"description\":\"Tecnolog\u00edas y equipos de telecomunicaciones\",\"publisher\":{\"@id\":\"https:\/\/tecplan.com.gt\/#organization\"},\"potentialAction\":[{\"@type\":\"SearchAction\",\"target\":{\"@type\":\"EntryPoint\",\"urlTemplate\":\"https:\/\/tecplan.com.gt\/?s={search_term_string}\"},\"query-input\":{\"@type\":\"PropertyValueSpecification\",\"valueRequired\":true,\"valueName\":\"search_term_string\"}}],\"inLanguage\":\"en-US\"},{\"@type\":\"Organization\",\"@id\":\"https:\/\/tecplan.com.gt\/#organization\",\"name\":\"Tecplan Argentina\",\"url\":\"https:\/\/tecplan.com.gt\/\",\"logo\":{\"@type\":\"ImageObject\",\"inLanguage\":\"en-US\",\"@id\":\"https:\/\/tecplan.com.gt\/#\/schema\/logo\/image\/\",\"url\":\"\/wp-content\/uploads\/2023\/03\/logo-tecplan.gif\",\"contentUrl\":\"\/wp-content\/uploads\/2023\/03\/logo-tecplan.gif\",\"width\":1920,\"height\":486,\"caption\":\"Tecplan Argentina\"},\"image\":{\"@id\":\"https:\/\/tecplan.com.gt\/#\/schema\/logo\/image\/\"}}]}<\/script>\n<!-- \/ Yoast SEO plugin. -->","yoast_head_json":{"title":"inReach\u00ae Messenger -","robots":{"index":"index","follow":"follow","max-snippet":"max-snippet:-1","max-image-preview":"max-image-preview:large","max-video-preview":"max-video-preview:-1"},"canonical":"https:\/\/tecplan.com.gt\/en\/product\/inreach-messenger\/","og_locale":"en_US","og_type":"article","og_title":"inReach\u00ae Messenger -","og_description":"Cuando tus aventuras te llevan a lugares remotos, este dispositivo de comunicaci\u00f3n por sat\u00e9lite\u00a0peque\u00f1o y robusto va m\u00e1s all\u00e1 de los l\u00edmites de las redes m\u00f3viles para permitirte mantener el contacto con tus familiares y amigos a trav\u00e9s de la mensajer\u00eda global de texto bidireccional.","og_url":"https:\/\/tecplan.com.gt\/en\/product\/inreach-messenger\/","article_modified_time":"2023-08-20T16:22:06+00:00","og_image":[{"width":500,"height":500,"url":"https:\/\/tecplan.com.gt\/wp-content\/uploads\/2023\/08\/cf-xl-1.png","type":"image\/png"}],"twitter_card":"summary_large_image","twitter_misc":{"Est. reading time":"2 minutes"},"schema":{"@context":"https:\/\/schema.org","@graph":[{"@type":"WebPage","@id":"https:\/\/tecplan.com.gt\/producto\/inreach-messenger\/","url":"https:\/\/tecplan.com.gt\/producto\/inreach-messenger\/","name":"inReach\u00ae Messenger -","isPartOf":{"@id":"https:\/\/tecplan.com.gt\/#website"},"primaryImageOfPage":{"@id":"https:\/\/tecplan.com.gt\/producto\/inreach-messenger\/#primaryimage"},"image":{"@id":"https:\/\/tecplan.com.gt\/producto\/inreach-messenger\/#primaryimage"},"thumbnailUrl":"\/wp-content\/uploads\/2023\/08\/cf-xl-1.png","datePublished":"2023-08-20T16:22:05+00:00","dateModified":"2023-08-20T16:22:06+00:00","breadcrumb":{"@id":"https:\/\/tecplan.com.gt\/producto\/inreach-messenger\/#breadcrumb"},"inLanguage":"en-US","potentialAction":[{"@type":"ReadAction","target":["https:\/\/tecplan.com.gt\/producto\/inreach-messenger\/"]}]},{"@type":"ImageObject","inLanguage":"en-US","@id":"https:\/\/tecplan.com.gt\/producto\/inreach-messenger\/#primaryimage","url":"\/wp-content\/uploads\/2023\/08\/cf-xl-1.png","contentUrl":"\/wp-content\/uploads\/2023\/08\/cf-xl-1.png","width":500,"height":500},{"@type":"BreadcrumbList","@id":"https:\/\/tecplan.com.gt\/producto\/inreach-messenger\/#breadcrumb","itemListElement":[{"@type":"ListItem","position":1,"name":"Portada","item":"https:\/\/tecplan.com.gt\/"},{"@type":"ListItem","position":2,"name":"Productos","item":"https:\/\/tecplan.com.gt\/shop\/"},{"@type":"ListItem","position":3,"name":"inReach\u00ae Messenger"}]},{"@type":"WebSite","@id":"https:\/\/tecplan.com.gt\/#website","url":"https:\/\/tecplan.com.gt\/","name":"Tecplan Argentina","description":"Tecnolog\u00edas y equipos de telecomunicaciones","publisher":{"@id":"https:\/\/tecplan.com.gt\/#organization"},"potentialAction":[{"@type":"SearchAction","target":{"@type":"EntryPoint","urlTemplate":"https:\/\/tecplan.com.gt\/?s={search_term_string}"},"query-input":{"@type":"PropertyValueSpecification","valueRequired":true,"valueName":"search_term_string"}}],"inLanguage":"en-US"},{"@type":"Organization","@id":"https:\/\/tecplan.com.gt\/#organization","name":"Tecplan Argentina","url":"https:\/\/tecplan.com.gt\/","logo":{"@type":"ImageObject","inLanguage":"en-US","@id":"https:\/\/tecplan.com.gt\/#\/schema\/logo\/image\/","url":"\/wp-content\/uploads\/2023\/03\/logo-tecplan.gif","contentUrl":"\/wp-content\/uploads\/2023\/03\/logo-tecplan.gif","width":1920,"height":486,"caption":"Tecplan Argentina"},"image":{"@id":"https:\/\/tecplan.com.gt\/#\/schema\/logo\/image\/"}}]}},"_links":{"self":[{"href":"https:\/\/tecplan.com.gt\/en\/wp-json\/wp\/v2\/product\/3922"}],"collection":[{"href":"https:\/\/tecplan.com.gt\/en\/wp-json\/wp\/v2\/product"}],"about":[{"href":"https:\/\/tecplan.com.gt\/en\/wp-json\/wp\/v2\/types\/product"}],"replies":[{"embeddable":true,"href":"https:\/\/tecplan.com.gt\/en\/wp-json\/wp\/v2\/comments?post=3922"}],"version-history":[{"count":0,"href":"https:\/\/tecplan.com.gt\/en\/wp-json\/wp\/v2\/product\/3922\/revisions"}],"wp:featuredmedia":[{"embeddable":true,"href":"https:\/\/tecplan.com.gt\/en\/wp-json\/wp\/v2\/media\/3923"}],"wp:attachment":[{"href":"https:\/\/tecplan.com.gt\/en\/wp-json\/wp\/v2\/media?parent=3922"}],"wp:term":[{"taxonomy":"product_brand","embeddable":true,"href":"https:\/\/tecplan.com.gt\/en\/wp-json\/wp\/v2\/product_brand?post=3922"},{"taxonomy":"product_cat","embeddable":true,"href":"https:\/\/tecplan.com.gt\/en\/wp-json\/wp\/v2\/product_cat?post=3922"},{"taxonomy":"product_tag","embeddable":true,"href":"https:\/\/tecplan.com.gt\/en\/wp-json\/wp\/v2\/product_tag?post=3922"}],"curies":[{"name":"wp","href":"https:\/\/api.w.org\/{rel}","templated":true}]}}