{"id":3926,"date":"2023-08-20T18:33:52","date_gmt":"2023-08-20T22:33:52","guid":{"rendered":"https:\/\/tecplan.com.gt\/?post_type=product&#038;p=3926"},"modified":"2023-08-20T18:33:53","modified_gmt":"2023-08-20T22:33:53","slug":"montana-700i","status":"publish","type":"product","link":"https:\/\/tecplan.com.gt\/en\/product\/montana-700i\/","title":{"rendered":"Montana\u00ae 700i"},"content":{"rendered":"<h3>ROUND TRIP MESSAGES<\/h3>\n<p class=\"app__feature__card__description app__feature__card__description--left\">Exchange SMS messages with your loved ones, share on social networks or communicate with another inReach in the same area\u00a0<a href=\"https:\/\/explore.garmin.com\/es-CL\/inreach\/#subscriptions\">(requires an active subscription to a satellite service).<\/a><\/p>\n<h3>SOS INTERACTIVE<\/h3>\n<p class=\"app__feature__card__description app__feature__card__description--left\">In case of emergency, send an interactive SOS message to Garmin Response<sup>\u2120<\/sup>, a professional emergency rescue coordination center with 24-hour staff available\u00a0<a href=\"https:\/\/explore.garmin.com\/es-CL\/inreach\/#subscriptions\">(satellite service subscription required).<\/a><\/p>\n<h3>GLOBAL CONNECTIVITY<\/h3>\n<p class=\"app__feature__card__description app__feature__card__description--left\">You will no longer depend on your cell phone, now your messages, SOS alerts and tracking options are transferred through the Iridium satellite network.<sup>\u00ae<\/sup>\u00a0with global coverage\u00a0<a href=\"https:\/\/explore.garmin.com\/es-CL\/inreach\/#subscriptions\">(requires an active subscription to a satellite service).<\/a><\/p>\n<h3>CLIMATE WITH INREACH<\/h3>\n<p class=\"app__feature__card__description app__feature__card__description--left\">The inReach subscription service delivers detailed weather updates live on your Montana, and on linked equipment, so you know what to expect on the trail.<\/p>","protected":false},"excerpt":{"rendered":"<p>To keep adventurers connected and well-located, the Montana 700i portable combines the flexibility of on- or off-road navigation with global messaging and interactive SOS alerts via inReach satellite communications technology.<\/p>","protected":false},"featured_media":3927,"comment_status":"open","ping_status":"closed","template":"","meta":{"site-sidebar-layout":"default","site-content-layout":"","ast-site-content-layout":"default","site-content-style":"default","site-sidebar-style":"default","ast-global-header-display":"","ast-banner-title-visibility":"","ast-main-header-display":"","ast-hfb-above-header-display":"","ast-hfb-below-header-display":"","ast-hfb-mobile-header-display":"","site-post-title":"","ast-breadcrumbs-content":"","ast-featured-img":"","footer-sml-layout":"","theme-transparent-header-meta":"default","adv-header-id-meta":"","stick-header-meta":"","header-above-stick-meta":"","header-main-stick-meta":"","header-below-stick-meta":"","astra-migrate-meta-layouts":"set","ast-page-background-enabled":"default","ast-page-background-meta":{"desktop":{"background-color":"var(--ast-global-color-4)","background-image":"","background-repeat":"repeat","background-position":"center center","background-size":"auto","background-attachment":"scroll","background-type":"","background-media":"","overlay-type":"","overlay-color":"","overlay-opacity":"","overlay-gradient":""},"tablet":{"background-color":"","background-image":"","background-repeat":"repeat","background-position":"center center","background-size":"auto","background-attachment":"scroll","background-type":"","background-media":"","overlay-type":"","overlay-color":"","overlay-opacity":"","overlay-gradient":""},"mobile":{"background-color":"","background-image":"","background-repeat":"repeat","background-position":"center center","background-size":"auto","background-attachment":"scroll","background-type":"","background-media":"","overlay-type":"","overlay-color":"","overlay-opacity":"","overlay-gradient":""}},"ast-content-background-meta":{"desktop":{"background-color":"var(--ast-global-color-5)","background-image":"","background-repeat":"repeat","background-position":"center center","background-size":"auto","background-attachment":"scroll","background-type":"","background-media":"","overlay-type":"","overlay-color":"","overlay-opacity":"","overlay-gradient":""},"tablet":{"background-color":"var(--ast-global-color-5)","background-image":"","background-repeat":"repeat","background-position":"center center","background-size":"auto","background-attachment":"scroll","background-type":"","background-media":"","overlay-type":"","overlay-color":"","overlay-opacity":"","overlay-gradient":""},"mobile":{"background-color":"var(--ast-global-color-5)","background-image":"","background-repeat":"repeat","background-position":"center center","background-size":"auto","background-attachment":"scroll","background-type":"","background-media":"","overlay-type":"","overlay-color":"","overlay-opacity":"","overlay-gradient":""}}},"product_brand":[],"product_cat":[28],"product_tag":[69],"class_list":{"0":"post-3926","1":"product","2":"type-product","3":"status-publish","4":"has-post-thumbnail","6":"product_cat-instrumentos","7":"product_tag-garmin","8":"desktop-align-left","9":"tablet-align-left","10":"mobile-align-left","12":"first","13":"instock","14":"shipping-taxable","15":"product-type-simple"},"yoast_head":"<!-- This site is optimized with the Yoast SEO plugin v24.6 - https:\/\/yoast.com\/wordpress\/plugins\/seo\/ -->\n<title>Montana\u00ae 700i -<\/title>\n<meta name=\"robots\" content=\"index, follow, max-snippet:-1, max-image-preview:large, max-video-preview:-1\" \/>\n<link rel=\"canonical\" href=\"https:\/\/tecplan.com.gt\/en\/product\/montana-700i\/\" \/>\n<meta property=\"og:locale\" content=\"en_US\" \/>\n<meta property=\"og:type\" content=\"article\" \/>\n<meta property=\"og:title\" content=\"Montana\u00ae 700i -\" \/>\n<meta property=\"og:description\" content=\"Para mantener a los aventureros conectados y bien ubicados, el port\u00e1til Montana\u00a0700i combina la flexibilidad de la navegaci\u00f3n, en carretera o fuera de ella, con mensajer\u00eda global y alertas SOS interactivas a trav\u00e9s de la tecnolog\u00eda de comunicaci\u00f3n satelital inReach.\" \/>\n<meta property=\"og:url\" content=\"https:\/\/tecplan.com.gt\/en\/product\/montana-700i\/\" \/>\n<meta property=\"article:modified_time\" content=\"2023-08-20T22:33:53+00:00\" \/>\n<meta property=\"og:image\" content=\"https:\/\/tecplan.com.gt\/wp-content\/uploads\/2023\/08\/cf-xl-e49ca799-a631-43c3-afe1-bccd7be3b3a9.png\" \/>\n\t<meta property=\"og:image:width\" content=\"500\" \/>\n\t<meta property=\"og:image:height\" content=\"500\" \/>\n\t<meta property=\"og:image:type\" content=\"image\/png\" \/>\n<meta name=\"twitter:card\" content=\"summary_large_image\" \/>\n<meta name=\"twitter:label1\" content=\"Est. reading time\" \/>\n\t<meta name=\"twitter:data1\" content=\"1 minute\" \/>\n<script type=\"application\/ld+json\" class=\"yoast-schema-graph\">{\"@context\":\"https:\/\/schema.org\",\"@graph\":[{\"@type\":\"WebPage\",\"@id\":\"https:\/\/tecplan.com.gt\/producto\/montana-700i\/\",\"url\":\"https:\/\/tecplan.com.gt\/producto\/montana-700i\/\",\"name\":\"Montana\u00ae 700i -\",\"isPartOf\":{\"@id\":\"https:\/\/tecplan.com.gt\/#website\"},\"primaryImageOfPage\":{\"@id\":\"https:\/\/tecplan.com.gt\/producto\/montana-700i\/#primaryimage\"},\"image\":{\"@id\":\"https:\/\/tecplan.com.gt\/producto\/montana-700i\/#primaryimage\"},\"thumbnailUrl\":\"\/wp-content\/uploads\/2023\/08\/cf-xl-e49ca799-a631-43c3-afe1-bccd7be3b3a9.png\",\"datePublished\":\"2023-08-20T22:33:52+00:00\",\"dateModified\":\"2023-08-20T22:33:53+00:00\",\"breadcrumb\":{\"@id\":\"https:\/\/tecplan.com.gt\/producto\/montana-700i\/#breadcrumb\"},\"inLanguage\":\"en-US\",\"potentialAction\":[{\"@type\":\"ReadAction\",\"target\":[\"https:\/\/tecplan.com.gt\/producto\/montana-700i\/\"]}]},{\"@type\":\"ImageObject\",\"inLanguage\":\"en-US\",\"@id\":\"https:\/\/tecplan.com.gt\/producto\/montana-700i\/#primaryimage\",\"url\":\"\/wp-content\/uploads\/2023\/08\/cf-xl-e49ca799-a631-43c3-afe1-bccd7be3b3a9.png\",\"contentUrl\":\"\/wp-content\/uploads\/2023\/08\/cf-xl-e49ca799-a631-43c3-afe1-bccd7be3b3a9.png\",\"width\":500,\"height\":500},{\"@type\":\"BreadcrumbList\",\"@id\":\"https:\/\/tecplan.com.gt\/producto\/montana-700i\/#breadcrumb\",\"itemListElement\":[{\"@type\":\"ListItem\",\"position\":1,\"name\":\"Portada\",\"item\":\"https:\/\/tecplan.com.gt\/\"},{\"@type\":\"ListItem\",\"position\":2,\"name\":\"Productos\",\"item\":\"https:\/\/tecplan.com.gt\/shop\/\"},{\"@type\":\"ListItem\",\"position\":3,\"name\":\"Montana\u00ae 700i\"}]},{\"@type\":\"WebSite\",\"@id\":\"https:\/\/tecplan.com.gt\/#website\",\"url\":\"https:\/\/tecplan.com.gt\/\",\"name\":\"Tecplan Argentina\",\"description\":\"Tecnolog\u00edas y equipos de telecomunicaciones\",\"publisher\":{\"@id\":\"https:\/\/tecplan.com.gt\/#organization\"},\"potentialAction\":[{\"@type\":\"SearchAction\",\"target\":{\"@type\":\"EntryPoint\",\"urlTemplate\":\"https:\/\/tecplan.com.gt\/?s={search_term_string}\"},\"query-input\":{\"@type\":\"PropertyValueSpecification\",\"valueRequired\":true,\"valueName\":\"search_term_string\"}}],\"inLanguage\":\"en-US\"},{\"@type\":\"Organization\",\"@id\":\"https:\/\/tecplan.com.gt\/#organization\",\"name\":\"Tecplan Argentina\",\"url\":\"https:\/\/tecplan.com.gt\/\",\"logo\":{\"@type\":\"ImageObject\",\"inLanguage\":\"en-US\",\"@id\":\"https:\/\/tecplan.com.gt\/#\/schema\/logo\/image\/\",\"url\":\"\/wp-content\/uploads\/2023\/03\/logo-tecplan.gif\",\"contentUrl\":\"\/wp-content\/uploads\/2023\/03\/logo-tecplan.gif\",\"width\":1920,\"height\":486,\"caption\":\"Tecplan Argentina\"},\"image\":{\"@id\":\"https:\/\/tecplan.com.gt\/#\/schema\/logo\/image\/\"}}]}<\/script>\n<!-- \/ Yoast SEO plugin. -->","yoast_head_json":{"title":"Montana\u00ae 700i -","robots":{"index":"index","follow":"follow","max-snippet":"max-snippet:-1","max-image-preview":"max-image-preview:large","max-video-preview":"max-video-preview:-1"},"canonical":"https:\/\/tecplan.com.gt\/en\/product\/montana-700i\/","og_locale":"en_US","og_type":"article","og_title":"Montana\u00ae 700i -","og_description":"Para mantener a los aventureros conectados y bien ubicados, el port\u00e1til Montana\u00a0700i combina la flexibilidad de la navegaci\u00f3n, en carretera o fuera de ella, con mensajer\u00eda global y alertas SOS interactivas a trav\u00e9s de la tecnolog\u00eda de comunicaci\u00f3n satelital inReach.","og_url":"https:\/\/tecplan.com.gt\/en\/product\/montana-700i\/","article_modified_time":"2023-08-20T22:33:53+00:00","og_image":[{"width":500,"height":500,"url":"https:\/\/tecplan.com.gt\/wp-content\/uploads\/2023\/08\/cf-xl-e49ca799-a631-43c3-afe1-bccd7be3b3a9.png","type":"image\/png"}],"twitter_card":"summary_large_image","twitter_misc":{"Est. reading time":"1 minute"},"schema":{"@context":"https:\/\/schema.org","@graph":[{"@type":"WebPage","@id":"https:\/\/tecplan.com.gt\/producto\/montana-700i\/","url":"https:\/\/tecplan.com.gt\/producto\/montana-700i\/","name":"Montana\u00ae 700i -","isPartOf":{"@id":"https:\/\/tecplan.com.gt\/#website"},"primaryImageOfPage":{"@id":"https:\/\/tecplan.com.gt\/producto\/montana-700i\/#primaryimage"},"image":{"@id":"https:\/\/tecplan.com.gt\/producto\/montana-700i\/#primaryimage"},"thumbnailUrl":"\/wp-content\/uploads\/2023\/08\/cf-xl-e49ca799-a631-43c3-afe1-bccd7be3b3a9.png","datePublished":"2023-08-20T22:33:52+00:00","dateModified":"2023-08-20T22:33:53+00:00","breadcrumb":{"@id":"https:\/\/tecplan.com.gt\/producto\/montana-700i\/#breadcrumb"},"inLanguage":"en-US","potentialAction":[{"@type":"ReadAction","target":["https:\/\/tecplan.com.gt\/producto\/montana-700i\/"]}]},{"@type":"ImageObject","inLanguage":"en-US","@id":"https:\/\/tecplan.com.gt\/producto\/montana-700i\/#primaryimage","url":"\/wp-content\/uploads\/2023\/08\/cf-xl-e49ca799-a631-43c3-afe1-bccd7be3b3a9.png","contentUrl":"\/wp-content\/uploads\/2023\/08\/cf-xl-e49ca799-a631-43c3-afe1-bccd7be3b3a9.png","width":500,"height":500},{"@type":"BreadcrumbList","@id":"https:\/\/tecplan.com.gt\/producto\/montana-700i\/#breadcrumb","itemListElement":[{"@type":"ListItem","position":1,"name":"Portada","item":"https:\/\/tecplan.com.gt\/"},{"@type":"ListItem","position":2,"name":"Productos","item":"https:\/\/tecplan.com.gt\/shop\/"},{"@type":"ListItem","position":3,"name":"Montana\u00ae 700i"}]},{"@type":"WebSite","@id":"https:\/\/tecplan.com.gt\/#website","url":"https:\/\/tecplan.com.gt\/","name":"Tecplan Argentina","description":"Tecnolog\u00edas y equipos de telecomunicaciones","publisher":{"@id":"https:\/\/tecplan.com.gt\/#organization"},"potentialAction":[{"@type":"SearchAction","target":{"@type":"EntryPoint","urlTemplate":"https:\/\/tecplan.com.gt\/?s={search_term_string}"},"query-input":{"@type":"PropertyValueSpecification","valueRequired":true,"valueName":"search_term_string"}}],"inLanguage":"en-US"},{"@type":"Organization","@id":"https:\/\/tecplan.com.gt\/#organization","name":"Tecplan Argentina","url":"https:\/\/tecplan.com.gt\/","logo":{"@type":"ImageObject","inLanguage":"en-US","@id":"https:\/\/tecplan.com.gt\/#\/schema\/logo\/image\/","url":"\/wp-content\/uploads\/2023\/03\/logo-tecplan.gif","contentUrl":"\/wp-content\/uploads\/2023\/03\/logo-tecplan.gif","width":1920,"height":486,"caption":"Tecplan Argentina"},"image":{"@id":"https:\/\/tecplan.com.gt\/#\/schema\/logo\/image\/"}}]}},"_links":{"self":[{"href":"https:\/\/tecplan.com.gt\/en\/wp-json\/wp\/v2\/product\/3926"}],"collection":[{"href":"https:\/\/tecplan.com.gt\/en\/wp-json\/wp\/v2\/product"}],"about":[{"href":"https:\/\/tecplan.com.gt\/en\/wp-json\/wp\/v2\/types\/product"}],"replies":[{"embeddable":true,"href":"https:\/\/tecplan.com.gt\/en\/wp-json\/wp\/v2\/comments?post=3926"}],"version-history":[{"count":0,"href":"https:\/\/tecplan.com.gt\/en\/wp-json\/wp\/v2\/product\/3926\/revisions"}],"wp:featuredmedia":[{"embeddable":true,"href":"https:\/\/tecplan.com.gt\/en\/wp-json\/wp\/v2\/media\/3927"}],"wp:attachment":[{"href":"https:\/\/tecplan.com.gt\/en\/wp-json\/wp\/v2\/media?parent=3926"}],"wp:term":[{"taxonomy":"product_brand","embeddable":true,"href":"https:\/\/tecplan.com.gt\/en\/wp-json\/wp\/v2\/product_brand?post=3926"},{"taxonomy":"product_cat","embeddable":true,"href":"https:\/\/tecplan.com.gt\/en\/wp-json\/wp\/v2\/product_cat?post=3926"},{"taxonomy":"product_tag","embeddable":true,"href":"https:\/\/tecplan.com.gt\/en\/wp-json\/wp\/v2\/product_tag?post=3926"}],"curies":[{"name":"wp","href":"https:\/\/api.w.org\/{rel}","templated":true}]}}