{"id":3932,"date":"2023-08-20T18:44:41","date_gmt":"2023-08-20T22:44:41","guid":{"rendered":"https:\/\/tecplan.com.gt\/?post_type=product&#038;p=3932"},"modified":"2023-08-20T18:44:42","modified_gmt":"2023-08-20T22:44:42","slug":"radio-nautica-vhf-315","status":"publish","type":"product","link":"https:\/\/tecplan.com.gt\/en\/product\/radio-nautica-vhf-315\/","title":{"rendered":"VHF 315 Nautical Radio"},"content":{"rendered":"<p>It is easy to use and integrates seamlessly into the Garmin onboard system. It has a built-in GPS receiver with a connector for the mandatory external antenna. The VHF 315 includes a\u00a0<a href=\"https:\/\/buy.garmin.com\/en-US\/US\/p\/568161\">GHS 11 device<\/a>\u00a0and a new active speaker for use as an intercom between up to 3 stations. It also features a 30-watt two-way radio communication system for establishing communications with other vessels or sailors on the deck. NMEA 2000 connectivity allows for easy integration of chartplotters, compatible multifunction displays and convenient software updates. Simplified device connectors and a simple, straightforward interface allow you to set up your radio quickly so you can get back on the water and start communicating.<\/p>\n<h3>Enjoy reliable communication<\/h3>\n<ul>\n<li>Reliable 25 Watt VHF Marine Radio with Class D DSC<\/li>\n<li>Includes the GHS\u2122 11 handheld device and a new active speaker for use as an intercom between up to 3 stations<\/li>\n<li>Built-in GPS receiver (requires external antenna)<\/li>\n<li>NMEA 2000\u00ae connectivity for easy integration into compatible multifunction displays and plotters<\/li>\n<li>Preprogrammed with Canadian and US international marine channels, plus 10 NOAA weather channels<\/li>\n<\/ul>\n<p>&nbsp;<\/p>","protected":false},"excerpt":{"rendered":"<p>The 25-watt VHF 315 marine radio with Class D DSC is a modular communication solution. It provides the security of reliable communication and NOAA weather alerts on the water by meeting the latest industry standards.<\/p>","protected":false},"featured_media":3933,"comment_status":"open","ping_status":"closed","template":"","meta":{"site-sidebar-layout":"default","site-content-layout":"","ast-site-content-layout":"default","site-content-style":"default","site-sidebar-style":"default","ast-global-header-display":"","ast-banner-title-visibility":"","ast-main-header-display":"","ast-hfb-above-header-display":"","ast-hfb-below-header-display":"","ast-hfb-mobile-header-display":"","site-post-title":"","ast-breadcrumbs-content":"","ast-featured-img":"","footer-sml-layout":"","theme-transparent-header-meta":"default","adv-header-id-meta":"","stick-header-meta":"","header-above-stick-meta":"","header-main-stick-meta":"","header-below-stick-meta":"","astra-migrate-meta-layouts":"set","ast-page-background-enabled":"default","ast-page-background-meta":{"desktop":{"background-color":"var(--ast-global-color-4)","background-image":"","background-repeat":"repeat","background-position":"center center","background-size":"auto","background-attachment":"scroll","background-type":"","background-media":"","overlay-type":"","overlay-color":"","overlay-opacity":"","overlay-gradient":""},"tablet":{"background-color":"","background-image":"","background-repeat":"repeat","background-position":"center center","background-size":"auto","background-attachment":"scroll","background-type":"","background-media":"","overlay-type":"","overlay-color":"","overlay-opacity":"","overlay-gradient":""},"mobile":{"background-color":"","background-image":"","background-repeat":"repeat","background-position":"center center","background-size":"auto","background-attachment":"scroll","background-type":"","background-media":"","overlay-type":"","overlay-color":"","overlay-opacity":"","overlay-gradient":""}},"ast-content-background-meta":{"desktop":{"background-color":"var(--ast-global-color-5)","background-image":"","background-repeat":"repeat","background-position":"center center","background-size":"auto","background-attachment":"scroll","background-type":"","background-media":"","overlay-type":"","overlay-color":"","overlay-opacity":"","overlay-gradient":""},"tablet":{"background-color":"var(--ast-global-color-5)","background-image":"","background-repeat":"repeat","background-position":"center center","background-size":"auto","background-attachment":"scroll","background-type":"","background-media":"","overlay-type":"","overlay-color":"","overlay-opacity":"","overlay-gradient":""},"mobile":{"background-color":"var(--ast-global-color-5)","background-image":"","background-repeat":"repeat","background-position":"center center","background-size":"auto","background-attachment":"scroll","background-type":"","background-media":"","overlay-type":"","overlay-color":"","overlay-opacity":"","overlay-gradient":""}}},"product_brand":[],"product_cat":[31],"product_tag":[69],"class_list":{"0":"post-3932","1":"product","2":"type-product","3":"status-publish","4":"has-post-thumbnail","6":"product_cat-radiocomunicacion","7":"product_tag-garmin","8":"desktop-align-left","9":"tablet-align-left","10":"mobile-align-left","12":"first","13":"instock","14":"shipping-taxable","15":"product-type-simple"},"yoast_head":"<!-- This site is optimized with the Yoast SEO plugin v24.6 - https:\/\/yoast.com\/wordpress\/plugins\/seo\/ -->\n<title>Radio n\u00e1utica VHF 315 -<\/title>\n<meta name=\"robots\" content=\"index, follow, max-snippet:-1, max-image-preview:large, max-video-preview:-1\" \/>\n<link rel=\"canonical\" href=\"https:\/\/tecplan.com.gt\/en\/product\/radio-nautica-vhf-315\/\" \/>\n<meta property=\"og:locale\" content=\"en_US\" \/>\n<meta property=\"og:type\" content=\"article\" \/>\n<meta property=\"og:title\" content=\"Radio n\u00e1utica VHF 315 -\" \/>\n<meta property=\"og:description\" content=\"La radio n\u00e1utica VHF 315 de 25\u00a0vatios con DSC clase D es una soluci\u00f3n de comunicaci\u00f3n modular. Proporciona la seguridad de una comunicaci\u00f3n confiable y de las alertas meteorol\u00f3gicas NOAA en el agua mediante el cumplimiento de los \u00faltimos est\u00e1ndares de la industria.\" \/>\n<meta property=\"og:url\" content=\"https:\/\/tecplan.com.gt\/en\/product\/radio-nautica-vhf-315\/\" \/>\n<meta property=\"article:modified_time\" content=\"2023-08-20T22:44:42+00:00\" \/>\n<meta property=\"og:image\" content=\"https:\/\/tecplan.com.gt\/wp-content\/uploads\/2023\/08\/cf-lg-b162fe5f-e60f-4622-bfbf-2e953a36c75a.png\" \/>\n\t<meta property=\"og:image:width\" content=\"500\" \/>\n\t<meta property=\"og:image:height\" content=\"500\" \/>\n\t<meta property=\"og:image:type\" content=\"image\/png\" \/>\n<meta name=\"twitter:card\" content=\"summary_large_image\" \/>\n<meta name=\"twitter:label1\" content=\"Est. reading time\" \/>\n\t<meta name=\"twitter:data1\" content=\"1 minute\" \/>\n<script type=\"application\/ld+json\" class=\"yoast-schema-graph\">{\"@context\":\"https:\/\/schema.org\",\"@graph\":[{\"@type\":\"WebPage\",\"@id\":\"https:\/\/tecplan.com.gt\/producto\/radio-nautica-vhf-315\/\",\"url\":\"https:\/\/tecplan.com.gt\/producto\/radio-nautica-vhf-315\/\",\"name\":\"Radio n\u00e1utica VHF 315 -\",\"isPartOf\":{\"@id\":\"https:\/\/tecplan.com.gt\/#website\"},\"primaryImageOfPage\":{\"@id\":\"https:\/\/tecplan.com.gt\/producto\/radio-nautica-vhf-315\/#primaryimage\"},\"image\":{\"@id\":\"https:\/\/tecplan.com.gt\/producto\/radio-nautica-vhf-315\/#primaryimage\"},\"thumbnailUrl\":\"\/wp-content\/uploads\/2023\/08\/cf-lg-b162fe5f-e60f-4622-bfbf-2e953a36c75a.png\",\"datePublished\":\"2023-08-20T22:44:41+00:00\",\"dateModified\":\"2023-08-20T22:44:42+00:00\",\"breadcrumb\":{\"@id\":\"https:\/\/tecplan.com.gt\/producto\/radio-nautica-vhf-315\/#breadcrumb\"},\"inLanguage\":\"en-US\",\"potentialAction\":[{\"@type\":\"ReadAction\",\"target\":[\"https:\/\/tecplan.com.gt\/producto\/radio-nautica-vhf-315\/\"]}]},{\"@type\":\"ImageObject\",\"inLanguage\":\"en-US\",\"@id\":\"https:\/\/tecplan.com.gt\/producto\/radio-nautica-vhf-315\/#primaryimage\",\"url\":\"\/wp-content\/uploads\/2023\/08\/cf-lg-b162fe5f-e60f-4622-bfbf-2e953a36c75a.png\",\"contentUrl\":\"\/wp-content\/uploads\/2023\/08\/cf-lg-b162fe5f-e60f-4622-bfbf-2e953a36c75a.png\",\"width\":500,\"height\":500},{\"@type\":\"BreadcrumbList\",\"@id\":\"https:\/\/tecplan.com.gt\/producto\/radio-nautica-vhf-315\/#breadcrumb\",\"itemListElement\":[{\"@type\":\"ListItem\",\"position\":1,\"name\":\"Portada\",\"item\":\"https:\/\/tecplan.com.gt\/\"},{\"@type\":\"ListItem\",\"position\":2,\"name\":\"Productos\",\"item\":\"https:\/\/tecplan.com.gt\/shop\/\"},{\"@type\":\"ListItem\",\"position\":3,\"name\":\"Radio n\u00e1utica VHF 315\"}]},{\"@type\":\"WebSite\",\"@id\":\"https:\/\/tecplan.com.gt\/#website\",\"url\":\"https:\/\/tecplan.com.gt\/\",\"name\":\"Tecplan Argentina\",\"description\":\"Tecnolog\u00edas y equipos de telecomunicaciones\",\"publisher\":{\"@id\":\"https:\/\/tecplan.com.gt\/#organization\"},\"potentialAction\":[{\"@type\":\"SearchAction\",\"target\":{\"@type\":\"EntryPoint\",\"urlTemplate\":\"https:\/\/tecplan.com.gt\/?s={search_term_string}\"},\"query-input\":{\"@type\":\"PropertyValueSpecification\",\"valueRequired\":true,\"valueName\":\"search_term_string\"}}],\"inLanguage\":\"en-US\"},{\"@type\":\"Organization\",\"@id\":\"https:\/\/tecplan.com.gt\/#organization\",\"name\":\"Tecplan Argentina\",\"url\":\"https:\/\/tecplan.com.gt\/\",\"logo\":{\"@type\":\"ImageObject\",\"inLanguage\":\"en-US\",\"@id\":\"https:\/\/tecplan.com.gt\/#\/schema\/logo\/image\/\",\"url\":\"\/wp-content\/uploads\/2023\/03\/logo-tecplan.gif\",\"contentUrl\":\"\/wp-content\/uploads\/2023\/03\/logo-tecplan.gif\",\"width\":1920,\"height\":486,\"caption\":\"Tecplan Argentina\"},\"image\":{\"@id\":\"https:\/\/tecplan.com.gt\/#\/schema\/logo\/image\/\"}}]}<\/script>\n<!-- \/ Yoast SEO plugin. -->","yoast_head_json":{"title":"Radio n\u00e1utica VHF 315 -","robots":{"index":"index","follow":"follow","max-snippet":"max-snippet:-1","max-image-preview":"max-image-preview:large","max-video-preview":"max-video-preview:-1"},"canonical":"https:\/\/tecplan.com.gt\/en\/product\/radio-nautica-vhf-315\/","og_locale":"en_US","og_type":"article","og_title":"Radio n\u00e1utica VHF 315 -","og_description":"La radio n\u00e1utica VHF 315 de 25\u00a0vatios con DSC clase D es una soluci\u00f3n de comunicaci\u00f3n modular. Proporciona la seguridad de una comunicaci\u00f3n confiable y de las alertas meteorol\u00f3gicas NOAA en el agua mediante el cumplimiento de los \u00faltimos est\u00e1ndares de la industria.","og_url":"https:\/\/tecplan.com.gt\/en\/product\/radio-nautica-vhf-315\/","article_modified_time":"2023-08-20T22:44:42+00:00","og_image":[{"width":500,"height":500,"url":"https:\/\/tecplan.com.gt\/wp-content\/uploads\/2023\/08\/cf-lg-b162fe5f-e60f-4622-bfbf-2e953a36c75a.png","type":"image\/png"}],"twitter_card":"summary_large_image","twitter_misc":{"Est. reading time":"1 minute"},"schema":{"@context":"https:\/\/schema.org","@graph":[{"@type":"WebPage","@id":"https:\/\/tecplan.com.gt\/producto\/radio-nautica-vhf-315\/","url":"https:\/\/tecplan.com.gt\/producto\/radio-nautica-vhf-315\/","name":"Radio n\u00e1utica VHF 315 -","isPartOf":{"@id":"https:\/\/tecplan.com.gt\/#website"},"primaryImageOfPage":{"@id":"https:\/\/tecplan.com.gt\/producto\/radio-nautica-vhf-315\/#primaryimage"},"image":{"@id":"https:\/\/tecplan.com.gt\/producto\/radio-nautica-vhf-315\/#primaryimage"},"thumbnailUrl":"\/wp-content\/uploads\/2023\/08\/cf-lg-b162fe5f-e60f-4622-bfbf-2e953a36c75a.png","datePublished":"2023-08-20T22:44:41+00:00","dateModified":"2023-08-20T22:44:42+00:00","breadcrumb":{"@id":"https:\/\/tecplan.com.gt\/producto\/radio-nautica-vhf-315\/#breadcrumb"},"inLanguage":"en-US","potentialAction":[{"@type":"ReadAction","target":["https:\/\/tecplan.com.gt\/producto\/radio-nautica-vhf-315\/"]}]},{"@type":"ImageObject","inLanguage":"en-US","@id":"https:\/\/tecplan.com.gt\/producto\/radio-nautica-vhf-315\/#primaryimage","url":"\/wp-content\/uploads\/2023\/08\/cf-lg-b162fe5f-e60f-4622-bfbf-2e953a36c75a.png","contentUrl":"\/wp-content\/uploads\/2023\/08\/cf-lg-b162fe5f-e60f-4622-bfbf-2e953a36c75a.png","width":500,"height":500},{"@type":"BreadcrumbList","@id":"https:\/\/tecplan.com.gt\/producto\/radio-nautica-vhf-315\/#breadcrumb","itemListElement":[{"@type":"ListItem","position":1,"name":"Portada","item":"https:\/\/tecplan.com.gt\/"},{"@type":"ListItem","position":2,"name":"Productos","item":"https:\/\/tecplan.com.gt\/shop\/"},{"@type":"ListItem","position":3,"name":"Radio n\u00e1utica VHF 315"}]},{"@type":"WebSite","@id":"https:\/\/tecplan.com.gt\/#website","url":"https:\/\/tecplan.com.gt\/","name":"Tecplan Argentina","description":"Tecnolog\u00edas y equipos de telecomunicaciones","publisher":{"@id":"https:\/\/tecplan.com.gt\/#organization"},"potentialAction":[{"@type":"SearchAction","target":{"@type":"EntryPoint","urlTemplate":"https:\/\/tecplan.com.gt\/?s={search_term_string}"},"query-input":{"@type":"PropertyValueSpecification","valueRequired":true,"valueName":"search_term_string"}}],"inLanguage":"en-US"},{"@type":"Organization","@id":"https:\/\/tecplan.com.gt\/#organization","name":"Tecplan Argentina","url":"https:\/\/tecplan.com.gt\/","logo":{"@type":"ImageObject","inLanguage":"en-US","@id":"https:\/\/tecplan.com.gt\/#\/schema\/logo\/image\/","url":"\/wp-content\/uploads\/2023\/03\/logo-tecplan.gif","contentUrl":"\/wp-content\/uploads\/2023\/03\/logo-tecplan.gif","width":1920,"height":486,"caption":"Tecplan Argentina"},"image":{"@id":"https:\/\/tecplan.com.gt\/#\/schema\/logo\/image\/"}}]}},"_links":{"self":[{"href":"https:\/\/tecplan.com.gt\/en\/wp-json\/wp\/v2\/product\/3932"}],"collection":[{"href":"https:\/\/tecplan.com.gt\/en\/wp-json\/wp\/v2\/product"}],"about":[{"href":"https:\/\/tecplan.com.gt\/en\/wp-json\/wp\/v2\/types\/product"}],"replies":[{"embeddable":true,"href":"https:\/\/tecplan.com.gt\/en\/wp-json\/wp\/v2\/comments?post=3932"}],"version-history":[{"count":0,"href":"https:\/\/tecplan.com.gt\/en\/wp-json\/wp\/v2\/product\/3932\/revisions"}],"wp:featuredmedia":[{"embeddable":true,"href":"https:\/\/tecplan.com.gt\/en\/wp-json\/wp\/v2\/media\/3933"}],"wp:attachment":[{"href":"https:\/\/tecplan.com.gt\/en\/wp-json\/wp\/v2\/media?parent=3932"}],"wp:term":[{"taxonomy":"product_brand","embeddable":true,"href":"https:\/\/tecplan.com.gt\/en\/wp-json\/wp\/v2\/product_brand?post=3932"},{"taxonomy":"product_cat","embeddable":true,"href":"https:\/\/tecplan.com.gt\/en\/wp-json\/wp\/v2\/product_cat?post=3932"},{"taxonomy":"product_tag","embeddable":true,"href":"https:\/\/tecplan.com.gt\/en\/wp-json\/wp\/v2\/product_tag?post=3932"}],"curies":[{"name":"wp","href":"https:\/\/api.w.org\/{rel}","templated":true}]}}