{"id":3935,"date":"2023-08-20T18:50:08","date_gmt":"2023-08-20T22:50:08","guid":{"rendered":"https:\/\/tecplan.com.gt\/?post_type=product&#038;p=3935"},"modified":"2023-08-20T18:50:09","modified_gmt":"2023-08-20T22:50:09","slug":"gmr-434-436-xhd3","status":"publish","type":"product","link":"https:\/\/tecplan.com.gt\/en\/product\/gmr-434-436-xhd3\/","title":{"rendered":"GMR\u2122 434\/436 xHD3"},"content":{"rendered":"<h3>NEW MEDIA SCANNING TECHNOLOGY<\/h3>\n<p class=\"app__feature__card__description app__feature__card__description--left\">Scanning Average, a first for Garmin magnetron radars, helps reduce sea clutter and interference for improved detection and consistent target viewing.<\/p>\n<h3>ANGULAR ADJUSTMENT OF LENS SIZE<\/h3>\n<p class=\"app__feature__card__description app__feature__card__description--left\">Expanded pulse and target size angle processing techniques optimize on-screen object shapes for improved rendering at all range scales.<\/p>\n<h3>HIGH PERFORMANCE ANTENNAS<\/h3>\n<p class=\"app__feature__card__description app__feature__card__description--left\">Open antennas with 100 knot wind rating<sup>1<\/sup>\u00a0They feature rotation speeds of 24 and 48 RPM to increase retrace speed, with a maximum range of up to 96 nautical miles on the 25 kW versions (up to 72 nautical miles on the 4 and 12 kW versions).<\/p>\n<h3>REAL ECHO TRACKING<\/h3>\n<p class=\"app__feature__card__description app__feature__card__description--left\">En la pantalla se muestra un \u00abrastro\u00bb hist\u00f3rico de las embarcaciones en el agua, lo que elimina la influencia del movimiento relativo para ayudarte a identificar r\u00e1pidamente los objetivos en movimiento y las posibles amenazas de colisi\u00f3n.<\/p>\n<h3>DUAL SCALE WITH RADAR OVERLAY<\/h3>\n<p class=\"app__feature__card__description app__feature__card__description--left\">The single radar antenna has the ability to provide split-screen images on your compatible chartplotter in parallel, with independent range controls and settings for both short and long range. You can overlay one or both ranges on one chart.<\/p>\n<h3>DYNAMIC AUTOMATIC GAIN<\/h3>\n<p class=\"app__feature__card__description app__feature__card__description--left\">Gain levels are automatically adjusted to optimal settings for ports, near-shore areas and offshore areas.<\/p>\n<p>&nbsp;<\/p>","protected":false},"excerpt":{"rendered":"<p>Combining high-definition imaging with the latest Garmin platform technology, these rugged 4\u2019 and 6\u2019 open-array radars deliver superior weather, obstacle and traffic detection for boaters fishing or sailing offshore.<\/p>","protected":false},"featured_media":3936,"comment_status":"open","ping_status":"closed","template":"","meta":{"site-sidebar-layout":"default","site-content-layout":"","ast-site-content-layout":"default","site-content-style":"default","site-sidebar-style":"default","ast-global-header-display":"","ast-banner-title-visibility":"","ast-main-header-display":"","ast-hfb-above-header-display":"","ast-hfb-below-header-display":"","ast-hfb-mobile-header-display":"","site-post-title":"","ast-breadcrumbs-content":"","ast-featured-img":"","footer-sml-layout":"","theme-transparent-header-meta":"default","adv-header-id-meta":"","stick-header-meta":"","header-above-stick-meta":"","header-main-stick-meta":"","header-below-stick-meta":"","astra-migrate-meta-layouts":"set","ast-page-background-enabled":"default","ast-page-background-meta":{"desktop":{"background-color":"var(--ast-global-color-4)","background-image":"","background-repeat":"repeat","background-position":"center center","background-size":"auto","background-attachment":"scroll","background-type":"","background-media":"","overlay-type":"","overlay-color":"","overlay-opacity":"","overlay-gradient":""},"tablet":{"background-color":"","background-image":"","background-repeat":"repeat","background-position":"center center","background-size":"auto","background-attachment":"scroll","background-type":"","background-media":"","overlay-type":"","overlay-color":"","overlay-opacity":"","overlay-gradient":""},"mobile":{"background-color":"","background-image":"","background-repeat":"repeat","background-position":"center center","background-size":"auto","background-attachment":"scroll","background-type":"","background-media":"","overlay-type":"","overlay-color":"","overlay-opacity":"","overlay-gradient":""}},"ast-content-background-meta":{"desktop":{"background-color":"var(--ast-global-color-5)","background-image":"","background-repeat":"repeat","background-position":"center center","background-size":"auto","background-attachment":"scroll","background-type":"","background-media":"","overlay-type":"","overlay-color":"","overlay-opacity":"","overlay-gradient":""},"tablet":{"background-color":"var(--ast-global-color-5)","background-image":"","background-repeat":"repeat","background-position":"center center","background-size":"auto","background-attachment":"scroll","background-type":"","background-media":"","overlay-type":"","overlay-color":"","overlay-opacity":"","overlay-gradient":""},"mobile":{"background-color":"var(--ast-global-color-5)","background-image":"","background-repeat":"repeat","background-position":"center center","background-size":"auto","background-attachment":"scroll","background-type":"","background-media":"","overlay-type":"","overlay-color":"","overlay-opacity":"","overlay-gradient":""}}},"product_brand":[],"product_cat":[28],"product_tag":[69],"class_list":{"0":"post-3935","1":"product","2":"type-product","3":"status-publish","4":"has-post-thumbnail","6":"product_cat-instrumentos","7":"product_tag-garmin","8":"desktop-align-left","9":"tablet-align-left","10":"mobile-align-left","12":"first","13":"instock","14":"shipping-taxable","15":"product-type-simple"},"yoast_head":"<!-- This site is optimized with the Yoast SEO plugin v24.6 - https:\/\/yoast.com\/wordpress\/plugins\/seo\/ -->\n<title>GMR\u2122 434\/436 xHD3 -<\/title>\n<meta name=\"robots\" content=\"index, follow, max-snippet:-1, max-image-preview:large, max-video-preview:-1\" \/>\n<link rel=\"canonical\" href=\"https:\/\/tecplan.com.gt\/en\/product\/gmr-434-436-xhd3\/\" \/>\n<meta property=\"og:locale\" content=\"en_US\" \/>\n<meta property=\"og:type\" content=\"article\" \/>\n<meta property=\"og:title\" content=\"GMR\u2122 434\/436 xHD3 -\" \/>\n<meta property=\"og:description\" content=\"Estos resistentes radares de antena abierta de 4\u2019 y 6\u2019, que combinan im\u00e1genes de alta definici\u00f3n con la \u00faltima tecnolog\u00eda de plataforma de Garmin, ofrecen una detecci\u00f3n superior de las condiciones meteorol\u00f3gicas, los obst\u00e1culos y el tr\u00e1fico para los navegantes que pescan o navegan en alta mar.\" \/>\n<meta property=\"og:url\" content=\"https:\/\/tecplan.com.gt\/en\/product\/gmr-434-436-xhd3\/\" \/>\n<meta property=\"article:modified_time\" content=\"2023-08-20T22:50:09+00:00\" \/>\n<meta property=\"og:image\" content=\"https:\/\/tecplan.com.gt\/wp-content\/uploads\/2023\/08\/cf-xl-2.png\" \/>\n\t<meta property=\"og:image:width\" content=\"500\" \/>\n\t<meta property=\"og:image:height\" content=\"500\" \/>\n\t<meta property=\"og:image:type\" content=\"image\/png\" \/>\n<meta name=\"twitter:card\" content=\"summary_large_image\" \/>\n<meta name=\"twitter:label1\" content=\"Est. reading time\" \/>\n\t<meta name=\"twitter:data1\" content=\"2 minutes\" \/>\n<script type=\"application\/ld+json\" class=\"yoast-schema-graph\">{\"@context\":\"https:\/\/schema.org\",\"@graph\":[{\"@type\":\"WebPage\",\"@id\":\"https:\/\/tecplan.com.gt\/producto\/gmr-434-436-xhd3\/\",\"url\":\"https:\/\/tecplan.com.gt\/producto\/gmr-434-436-xhd3\/\",\"name\":\"GMR\u2122 434\/436 xHD3 -\",\"isPartOf\":{\"@id\":\"https:\/\/tecplan.com.gt\/#website\"},\"primaryImageOfPage\":{\"@id\":\"https:\/\/tecplan.com.gt\/producto\/gmr-434-436-xhd3\/#primaryimage\"},\"image\":{\"@id\":\"https:\/\/tecplan.com.gt\/producto\/gmr-434-436-xhd3\/#primaryimage\"},\"thumbnailUrl\":\"\/wp-content\/uploads\/2023\/08\/cf-xl-2.png\",\"datePublished\":\"2023-08-20T22:50:08+00:00\",\"dateModified\":\"2023-08-20T22:50:09+00:00\",\"breadcrumb\":{\"@id\":\"https:\/\/tecplan.com.gt\/producto\/gmr-434-436-xhd3\/#breadcrumb\"},\"inLanguage\":\"en-US\",\"potentialAction\":[{\"@type\":\"ReadAction\",\"target\":[\"https:\/\/tecplan.com.gt\/producto\/gmr-434-436-xhd3\/\"]}]},{\"@type\":\"ImageObject\",\"inLanguage\":\"en-US\",\"@id\":\"https:\/\/tecplan.com.gt\/producto\/gmr-434-436-xhd3\/#primaryimage\",\"url\":\"\/wp-content\/uploads\/2023\/08\/cf-xl-2.png\",\"contentUrl\":\"\/wp-content\/uploads\/2023\/08\/cf-xl-2.png\",\"width\":500,\"height\":500},{\"@type\":\"BreadcrumbList\",\"@id\":\"https:\/\/tecplan.com.gt\/producto\/gmr-434-436-xhd3\/#breadcrumb\",\"itemListElement\":[{\"@type\":\"ListItem\",\"position\":1,\"name\":\"Portada\",\"item\":\"https:\/\/tecplan.com.gt\/\"},{\"@type\":\"ListItem\",\"position\":2,\"name\":\"Productos\",\"item\":\"https:\/\/tecplan.com.gt\/shop\/\"},{\"@type\":\"ListItem\",\"position\":3,\"name\":\"GMR\u2122 434\/436 xHD3\"}]},{\"@type\":\"WebSite\",\"@id\":\"https:\/\/tecplan.com.gt\/#website\",\"url\":\"https:\/\/tecplan.com.gt\/\",\"name\":\"Tecplan Argentina\",\"description\":\"Tecnolog\u00edas y equipos de telecomunicaciones\",\"publisher\":{\"@id\":\"https:\/\/tecplan.com.gt\/#organization\"},\"potentialAction\":[{\"@type\":\"SearchAction\",\"target\":{\"@type\":\"EntryPoint\",\"urlTemplate\":\"https:\/\/tecplan.com.gt\/?s={search_term_string}\"},\"query-input\":{\"@type\":\"PropertyValueSpecification\",\"valueRequired\":true,\"valueName\":\"search_term_string\"}}],\"inLanguage\":\"en-US\"},{\"@type\":\"Organization\",\"@id\":\"https:\/\/tecplan.com.gt\/#organization\",\"name\":\"Tecplan Argentina\",\"url\":\"https:\/\/tecplan.com.gt\/\",\"logo\":{\"@type\":\"ImageObject\",\"inLanguage\":\"en-US\",\"@id\":\"https:\/\/tecplan.com.gt\/#\/schema\/logo\/image\/\",\"url\":\"\/wp-content\/uploads\/2023\/03\/logo-tecplan.gif\",\"contentUrl\":\"\/wp-content\/uploads\/2023\/03\/logo-tecplan.gif\",\"width\":1920,\"height\":486,\"caption\":\"Tecplan Argentina\"},\"image\":{\"@id\":\"https:\/\/tecplan.com.gt\/#\/schema\/logo\/image\/\"}}]}<\/script>\n<!-- \/ Yoast SEO plugin. -->","yoast_head_json":{"title":"GMR\u2122 434\/436 xHD3 -","robots":{"index":"index","follow":"follow","max-snippet":"max-snippet:-1","max-image-preview":"max-image-preview:large","max-video-preview":"max-video-preview:-1"},"canonical":"https:\/\/tecplan.com.gt\/en\/product\/gmr-434-436-xhd3\/","og_locale":"en_US","og_type":"article","og_title":"GMR\u2122 434\/436 xHD3 -","og_description":"Estos resistentes radares de antena abierta de 4\u2019 y 6\u2019, que combinan im\u00e1genes de alta definici\u00f3n con la \u00faltima tecnolog\u00eda de plataforma de Garmin, ofrecen una detecci\u00f3n superior de las condiciones meteorol\u00f3gicas, los obst\u00e1culos y el tr\u00e1fico para los navegantes que pescan o navegan en alta mar.","og_url":"https:\/\/tecplan.com.gt\/en\/product\/gmr-434-436-xhd3\/","article_modified_time":"2023-08-20T22:50:09+00:00","og_image":[{"width":500,"height":500,"url":"https:\/\/tecplan.com.gt\/wp-content\/uploads\/2023\/08\/cf-xl-2.png","type":"image\/png"}],"twitter_card":"summary_large_image","twitter_misc":{"Est. reading time":"2 minutes"},"schema":{"@context":"https:\/\/schema.org","@graph":[{"@type":"WebPage","@id":"https:\/\/tecplan.com.gt\/producto\/gmr-434-436-xhd3\/","url":"https:\/\/tecplan.com.gt\/producto\/gmr-434-436-xhd3\/","name":"GMR\u2122 434\/436 xHD3 -","isPartOf":{"@id":"https:\/\/tecplan.com.gt\/#website"},"primaryImageOfPage":{"@id":"https:\/\/tecplan.com.gt\/producto\/gmr-434-436-xhd3\/#primaryimage"},"image":{"@id":"https:\/\/tecplan.com.gt\/producto\/gmr-434-436-xhd3\/#primaryimage"},"thumbnailUrl":"\/wp-content\/uploads\/2023\/08\/cf-xl-2.png","datePublished":"2023-08-20T22:50:08+00:00","dateModified":"2023-08-20T22:50:09+00:00","breadcrumb":{"@id":"https:\/\/tecplan.com.gt\/producto\/gmr-434-436-xhd3\/#breadcrumb"},"inLanguage":"en-US","potentialAction":[{"@type":"ReadAction","target":["https:\/\/tecplan.com.gt\/producto\/gmr-434-436-xhd3\/"]}]},{"@type":"ImageObject","inLanguage":"en-US","@id":"https:\/\/tecplan.com.gt\/producto\/gmr-434-436-xhd3\/#primaryimage","url":"\/wp-content\/uploads\/2023\/08\/cf-xl-2.png","contentUrl":"\/wp-content\/uploads\/2023\/08\/cf-xl-2.png","width":500,"height":500},{"@type":"BreadcrumbList","@id":"https:\/\/tecplan.com.gt\/producto\/gmr-434-436-xhd3\/#breadcrumb","itemListElement":[{"@type":"ListItem","position":1,"name":"Portada","item":"https:\/\/tecplan.com.gt\/"},{"@type":"ListItem","position":2,"name":"Productos","item":"https:\/\/tecplan.com.gt\/shop\/"},{"@type":"ListItem","position":3,"name":"GMR\u2122 434\/436 xHD3"}]},{"@type":"WebSite","@id":"https:\/\/tecplan.com.gt\/#website","url":"https:\/\/tecplan.com.gt\/","name":"Tecplan Argentina","description":"Tecnolog\u00edas y equipos de telecomunicaciones","publisher":{"@id":"https:\/\/tecplan.com.gt\/#organization"},"potentialAction":[{"@type":"SearchAction","target":{"@type":"EntryPoint","urlTemplate":"https:\/\/tecplan.com.gt\/?s={search_term_string}"},"query-input":{"@type":"PropertyValueSpecification","valueRequired":true,"valueName":"search_term_string"}}],"inLanguage":"en-US"},{"@type":"Organization","@id":"https:\/\/tecplan.com.gt\/#organization","name":"Tecplan Argentina","url":"https:\/\/tecplan.com.gt\/","logo":{"@type":"ImageObject","inLanguage":"en-US","@id":"https:\/\/tecplan.com.gt\/#\/schema\/logo\/image\/","url":"\/wp-content\/uploads\/2023\/03\/logo-tecplan.gif","contentUrl":"\/wp-content\/uploads\/2023\/03\/logo-tecplan.gif","width":1920,"height":486,"caption":"Tecplan Argentina"},"image":{"@id":"https:\/\/tecplan.com.gt\/#\/schema\/logo\/image\/"}}]}},"_links":{"self":[{"href":"https:\/\/tecplan.com.gt\/en\/wp-json\/wp\/v2\/product\/3935"}],"collection":[{"href":"https:\/\/tecplan.com.gt\/en\/wp-json\/wp\/v2\/product"}],"about":[{"href":"https:\/\/tecplan.com.gt\/en\/wp-json\/wp\/v2\/types\/product"}],"replies":[{"embeddable":true,"href":"https:\/\/tecplan.com.gt\/en\/wp-json\/wp\/v2\/comments?post=3935"}],"version-history":[{"count":0,"href":"https:\/\/tecplan.com.gt\/en\/wp-json\/wp\/v2\/product\/3935\/revisions"}],"wp:featuredmedia":[{"embeddable":true,"href":"https:\/\/tecplan.com.gt\/en\/wp-json\/wp\/v2\/media\/3936"}],"wp:attachment":[{"href":"https:\/\/tecplan.com.gt\/en\/wp-json\/wp\/v2\/media?parent=3935"}],"wp:term":[{"taxonomy":"product_brand","embeddable":true,"href":"https:\/\/tecplan.com.gt\/en\/wp-json\/wp\/v2\/product_brand?post=3935"},{"taxonomy":"product_cat","embeddable":true,"href":"https:\/\/tecplan.com.gt\/en\/wp-json\/wp\/v2\/product_cat?post=3935"},{"taxonomy":"product_tag","embeddable":true,"href":"https:\/\/tecplan.com.gt\/en\/wp-json\/wp\/v2\/product_tag?post=3935"}],"curies":[{"name":"wp","href":"https:\/\/api.w.org\/{rel}","templated":true}]}}