{"id":3940,"date":"2023-08-20T18:54:24","date_gmt":"2023-08-20T22:54:24","guid":{"rendered":"https:\/\/tecplan.com.gt\/?post_type=product&#038;p=3940"},"modified":"2023-08-20T18:54:24","modified_gmt":"2023-08-20T22:54:24","slug":"gmr-18-hd","status":"publish","type":"product","link":"https:\/\/tecplan.com.gt\/en\/product\/gmr-18-hd\/","title":{"rendered":"GMR\u2122 18 HD+"},"content":{"rendered":"<h3>COMPACT AND POWERFUL<\/h3>\n<p class=\"app__feature__card__description app__feature__card__description--left\">This 18-inch dome radar delivers 4kW of transmitting power and crystal-clear echo definition at any distance. It features a maximum range of 66km (36nm) and a minimum range of 20m, as well as a rotation speed of 24RPM.<\/p>\n<h3>CLEAR VIEWING<\/h3>\n<p class=\"app__feature__card__description app__feature__card__description--left\">GMR 18 HD+ offers true 8-bit color resolution for a crisp presentation on your chartplotter screen.<\/p>\n<h3>INTUITIVE OPERATION<\/h3>\n<p class=\"app__feature__card__description app__feature__card__description--left\">This radar doesn't have any complex user settings to deal with, so it's easy to install and start using.<\/p>\n<h3>DYNAMIC AUTOMATIC GAIN<\/h3>\n<p class=\"app__feature__card__description app__feature__card__description--left\">Gain levels are automatically adjusted to optimal settings for ports, near-shore areas and offshore areas.<\/p>\n<h3>DYNAMIC SEA FILTER<\/h3>\n<p class=\"app__feature__card__description app__feature__card__description--left\">The gain automatically adjusts the sea filter to calm, medium or choppy sea conditions.<\/p>\n<h3>RADAR OVERLAY<\/h3>\n<p class=\"app__feature__card__description app__feature__card__description--left\">Overlay radar images on your chartplotter's map page. You can add an optional autopilot or heading sensor for best results (each sold separately).<\/p>\n<h3>REGISTER MARPA OBJECTIVES<\/h3>\n<p class=\"app__feature__card__description app__feature__card__description--left\">GMR<sup>\u2122<\/sup>\u00a018 HD+ offers MARPA target tracking when combined with a multifunction display and heading sensor (sold separately).<\/p>","protected":false},"excerpt":{"rendered":"<p>This 18-inch dome radar provides enhanced situational awareness with 4kW transmit power and crystal-clear echo definition at any distance, helping you avoid traffic on the water.<\/p>","protected":false},"featured_media":3941,"comment_status":"open","ping_status":"closed","template":"","meta":{"site-sidebar-layout":"default","site-content-layout":"","ast-site-content-layout":"default","site-content-style":"default","site-sidebar-style":"default","ast-global-header-display":"","ast-banner-title-visibility":"","ast-main-header-display":"","ast-hfb-above-header-display":"","ast-hfb-below-header-display":"","ast-hfb-mobile-header-display":"","site-post-title":"","ast-breadcrumbs-content":"","ast-featured-img":"","footer-sml-layout":"","theme-transparent-header-meta":"default","adv-header-id-meta":"","stick-header-meta":"","header-above-stick-meta":"","header-main-stick-meta":"","header-below-stick-meta":"","astra-migrate-meta-layouts":"set","ast-page-background-enabled":"default","ast-page-background-meta":{"desktop":{"background-color":"var(--ast-global-color-4)","background-image":"","background-repeat":"repeat","background-position":"center center","background-size":"auto","background-attachment":"scroll","background-type":"","background-media":"","overlay-type":"","overlay-color":"","overlay-opacity":"","overlay-gradient":""},"tablet":{"background-color":"","background-image":"","background-repeat":"repeat","background-position":"center center","background-size":"auto","background-attachment":"scroll","background-type":"","background-media":"","overlay-type":"","overlay-color":"","overlay-opacity":"","overlay-gradient":""},"mobile":{"background-color":"","background-image":"","background-repeat":"repeat","background-position":"center center","background-size":"auto","background-attachment":"scroll","background-type":"","background-media":"","overlay-type":"","overlay-color":"","overlay-opacity":"","overlay-gradient":""}},"ast-content-background-meta":{"desktop":{"background-color":"var(--ast-global-color-5)","background-image":"","background-repeat":"repeat","background-position":"center center","background-size":"auto","background-attachment":"scroll","background-type":"","background-media":"","overlay-type":"","overlay-color":"","overlay-opacity":"","overlay-gradient":""},"tablet":{"background-color":"var(--ast-global-color-5)","background-image":"","background-repeat":"repeat","background-position":"center center","background-size":"auto","background-attachment":"scroll","background-type":"","background-media":"","overlay-type":"","overlay-color":"","overlay-opacity":"","overlay-gradient":""},"mobile":{"background-color":"var(--ast-global-color-5)","background-image":"","background-repeat":"repeat","background-position":"center center","background-size":"auto","background-attachment":"scroll","background-type":"","background-media":"","overlay-type":"","overlay-color":"","overlay-opacity":"","overlay-gradient":""}}},"product_brand":[],"product_cat":[28],"product_tag":[69],"class_list":{"0":"post-3940","1":"product","2":"type-product","3":"status-publish","4":"has-post-thumbnail","6":"product_cat-instrumentos","7":"product_tag-garmin","8":"desktop-align-left","9":"tablet-align-left","10":"mobile-align-left","12":"first","13":"instock","14":"shipping-taxable","15":"product-type-simple"},"yoast_head":"<!-- This site is optimized with the Yoast SEO plugin v24.6 - https:\/\/yoast.com\/wordpress\/plugins\/seo\/ -->\n<title>GMR\u2122 18 HD+ -<\/title>\n<meta name=\"robots\" content=\"index, follow, max-snippet:-1, max-image-preview:large, max-video-preview:-1\" \/>\n<link rel=\"canonical\" href=\"https:\/\/tecplan.com.gt\/en\/product\/gmr-18-hd\/\" \/>\n<meta property=\"og:locale\" content=\"en_US\" \/>\n<meta property=\"og:type\" content=\"article\" \/>\n<meta property=\"og:title\" content=\"GMR\u2122 18 HD+ -\" \/>\n<meta property=\"og:description\" content=\"Este radar de antena cerrada de 18\u00a0pulgadas proporciona un mejor conocimiento de la situaci\u00f3n con una potencia de transmisi\u00f3n de 4\u00a0kW y una definici\u00f3n del eco n\u00edtida a cualquier distancia, y te ayuda a evitar el tr\u00e1fico en el agua.\" \/>\n<meta property=\"og:url\" content=\"https:\/\/tecplan.com.gt\/en\/product\/gmr-18-hd\/\" \/>\n<meta property=\"og:image\" content=\"https:\/\/tecplan.com.gt\/wp-content\/uploads\/2023\/08\/cf-lg.png\" \/>\n\t<meta property=\"og:image:width\" content=\"500\" \/>\n\t<meta property=\"og:image:height\" content=\"500\" \/>\n\t<meta property=\"og:image:type\" content=\"image\/png\" \/>\n<meta name=\"twitter:card\" content=\"summary_large_image\" \/>\n<meta name=\"twitter:label1\" content=\"Est. reading time\" \/>\n\t<meta name=\"twitter:data1\" content=\"1 minute\" \/>\n<script type=\"application\/ld+json\" class=\"yoast-schema-graph\">{\"@context\":\"https:\/\/schema.org\",\"@graph\":[{\"@type\":\"WebPage\",\"@id\":\"https:\/\/tecplan.com.gt\/producto\/gmr-18-hd\/\",\"url\":\"https:\/\/tecplan.com.gt\/producto\/gmr-18-hd\/\",\"name\":\"GMR\u2122 18 HD+ -\",\"isPartOf\":{\"@id\":\"https:\/\/tecplan.com.gt\/#website\"},\"primaryImageOfPage\":{\"@id\":\"https:\/\/tecplan.com.gt\/producto\/gmr-18-hd\/#primaryimage\"},\"image\":{\"@id\":\"https:\/\/tecplan.com.gt\/producto\/gmr-18-hd\/#primaryimage\"},\"thumbnailUrl\":\"\/wp-content\/uploads\/2023\/08\/cf-lg.png\",\"datePublished\":\"2023-08-20T22:54:24+00:00\",\"breadcrumb\":{\"@id\":\"https:\/\/tecplan.com.gt\/producto\/gmr-18-hd\/#breadcrumb\"},\"inLanguage\":\"en-US\",\"potentialAction\":[{\"@type\":\"ReadAction\",\"target\":[\"https:\/\/tecplan.com.gt\/producto\/gmr-18-hd\/\"]}]},{\"@type\":\"ImageObject\",\"inLanguage\":\"en-US\",\"@id\":\"https:\/\/tecplan.com.gt\/producto\/gmr-18-hd\/#primaryimage\",\"url\":\"\/wp-content\/uploads\/2023\/08\/cf-lg.png\",\"contentUrl\":\"\/wp-content\/uploads\/2023\/08\/cf-lg.png\",\"width\":500,\"height\":500},{\"@type\":\"BreadcrumbList\",\"@id\":\"https:\/\/tecplan.com.gt\/producto\/gmr-18-hd\/#breadcrumb\",\"itemListElement\":[{\"@type\":\"ListItem\",\"position\":1,\"name\":\"Portada\",\"item\":\"https:\/\/tecplan.com.gt\/\"},{\"@type\":\"ListItem\",\"position\":2,\"name\":\"Productos\",\"item\":\"https:\/\/tecplan.com.gt\/shop\/\"},{\"@type\":\"ListItem\",\"position\":3,\"name\":\"GMR\u2122 18 HD+\"}]},{\"@type\":\"WebSite\",\"@id\":\"https:\/\/tecplan.com.gt\/#website\",\"url\":\"https:\/\/tecplan.com.gt\/\",\"name\":\"Tecplan Argentina\",\"description\":\"Tecnolog\u00edas y equipos de telecomunicaciones\",\"publisher\":{\"@id\":\"https:\/\/tecplan.com.gt\/#organization\"},\"potentialAction\":[{\"@type\":\"SearchAction\",\"target\":{\"@type\":\"EntryPoint\",\"urlTemplate\":\"https:\/\/tecplan.com.gt\/?s={search_term_string}\"},\"query-input\":{\"@type\":\"PropertyValueSpecification\",\"valueRequired\":true,\"valueName\":\"search_term_string\"}}],\"inLanguage\":\"en-US\"},{\"@type\":\"Organization\",\"@id\":\"https:\/\/tecplan.com.gt\/#organization\",\"name\":\"Tecplan Argentina\",\"url\":\"https:\/\/tecplan.com.gt\/\",\"logo\":{\"@type\":\"ImageObject\",\"inLanguage\":\"en-US\",\"@id\":\"https:\/\/tecplan.com.gt\/#\/schema\/logo\/image\/\",\"url\":\"\/wp-content\/uploads\/2023\/03\/logo-tecplan.gif\",\"contentUrl\":\"\/wp-content\/uploads\/2023\/03\/logo-tecplan.gif\",\"width\":1920,\"height\":486,\"caption\":\"Tecplan Argentina\"},\"image\":{\"@id\":\"https:\/\/tecplan.com.gt\/#\/schema\/logo\/image\/\"}}]}<\/script>\n<!-- \/ Yoast SEO plugin. -->","yoast_head_json":{"title":"GMR\u2122 18 HD+ -","robots":{"index":"index","follow":"follow","max-snippet":"max-snippet:-1","max-image-preview":"max-image-preview:large","max-video-preview":"max-video-preview:-1"},"canonical":"https:\/\/tecplan.com.gt\/en\/product\/gmr-18-hd\/","og_locale":"en_US","og_type":"article","og_title":"GMR\u2122 18 HD+ -","og_description":"Este radar de antena cerrada de 18\u00a0pulgadas proporciona un mejor conocimiento de la situaci\u00f3n con una potencia de transmisi\u00f3n de 4\u00a0kW y una definici\u00f3n del eco n\u00edtida a cualquier distancia, y te ayuda a evitar el tr\u00e1fico en el agua.","og_url":"https:\/\/tecplan.com.gt\/en\/product\/gmr-18-hd\/","og_image":[{"width":500,"height":500,"url":"https:\/\/tecplan.com.gt\/wp-content\/uploads\/2023\/08\/cf-lg.png","type":"image\/png"}],"twitter_card":"summary_large_image","twitter_misc":{"Est. reading time":"1 minute"},"schema":{"@context":"https:\/\/schema.org","@graph":[{"@type":"WebPage","@id":"https:\/\/tecplan.com.gt\/producto\/gmr-18-hd\/","url":"https:\/\/tecplan.com.gt\/producto\/gmr-18-hd\/","name":"GMR\u2122 18 HD+ -","isPartOf":{"@id":"https:\/\/tecplan.com.gt\/#website"},"primaryImageOfPage":{"@id":"https:\/\/tecplan.com.gt\/producto\/gmr-18-hd\/#primaryimage"},"image":{"@id":"https:\/\/tecplan.com.gt\/producto\/gmr-18-hd\/#primaryimage"},"thumbnailUrl":"\/wp-content\/uploads\/2023\/08\/cf-lg.png","datePublished":"2023-08-20T22:54:24+00:00","breadcrumb":{"@id":"https:\/\/tecplan.com.gt\/producto\/gmr-18-hd\/#breadcrumb"},"inLanguage":"en-US","potentialAction":[{"@type":"ReadAction","target":["https:\/\/tecplan.com.gt\/producto\/gmr-18-hd\/"]}]},{"@type":"ImageObject","inLanguage":"en-US","@id":"https:\/\/tecplan.com.gt\/producto\/gmr-18-hd\/#primaryimage","url":"\/wp-content\/uploads\/2023\/08\/cf-lg.png","contentUrl":"\/wp-content\/uploads\/2023\/08\/cf-lg.png","width":500,"height":500},{"@type":"BreadcrumbList","@id":"https:\/\/tecplan.com.gt\/producto\/gmr-18-hd\/#breadcrumb","itemListElement":[{"@type":"ListItem","position":1,"name":"Portada","item":"https:\/\/tecplan.com.gt\/"},{"@type":"ListItem","position":2,"name":"Productos","item":"https:\/\/tecplan.com.gt\/shop\/"},{"@type":"ListItem","position":3,"name":"GMR\u2122 18 HD+"}]},{"@type":"WebSite","@id":"https:\/\/tecplan.com.gt\/#website","url":"https:\/\/tecplan.com.gt\/","name":"Tecplan Argentina","description":"Tecnolog\u00edas y equipos de telecomunicaciones","publisher":{"@id":"https:\/\/tecplan.com.gt\/#organization"},"potentialAction":[{"@type":"SearchAction","target":{"@type":"EntryPoint","urlTemplate":"https:\/\/tecplan.com.gt\/?s={search_term_string}"},"query-input":{"@type":"PropertyValueSpecification","valueRequired":true,"valueName":"search_term_string"}}],"inLanguage":"en-US"},{"@type":"Organization","@id":"https:\/\/tecplan.com.gt\/#organization","name":"Tecplan Argentina","url":"https:\/\/tecplan.com.gt\/","logo":{"@type":"ImageObject","inLanguage":"en-US","@id":"https:\/\/tecplan.com.gt\/#\/schema\/logo\/image\/","url":"\/wp-content\/uploads\/2023\/03\/logo-tecplan.gif","contentUrl":"\/wp-content\/uploads\/2023\/03\/logo-tecplan.gif","width":1920,"height":486,"caption":"Tecplan Argentina"},"image":{"@id":"https:\/\/tecplan.com.gt\/#\/schema\/logo\/image\/"}}]}},"_links":{"self":[{"href":"https:\/\/tecplan.com.gt\/en\/wp-json\/wp\/v2\/product\/3940"}],"collection":[{"href":"https:\/\/tecplan.com.gt\/en\/wp-json\/wp\/v2\/product"}],"about":[{"href":"https:\/\/tecplan.com.gt\/en\/wp-json\/wp\/v2\/types\/product"}],"replies":[{"embeddable":true,"href":"https:\/\/tecplan.com.gt\/en\/wp-json\/wp\/v2\/comments?post=3940"}],"version-history":[{"count":0,"href":"https:\/\/tecplan.com.gt\/en\/wp-json\/wp\/v2\/product\/3940\/revisions"}],"wp:featuredmedia":[{"embeddable":true,"href":"https:\/\/tecplan.com.gt\/en\/wp-json\/wp\/v2\/media\/3941"}],"wp:attachment":[{"href":"https:\/\/tecplan.com.gt\/en\/wp-json\/wp\/v2\/media?parent=3940"}],"wp:term":[{"taxonomy":"product_brand","embeddable":true,"href":"https:\/\/tecplan.com.gt\/en\/wp-json\/wp\/v2\/product_brand?post=3940"},{"taxonomy":"product_cat","embeddable":true,"href":"https:\/\/tecplan.com.gt\/en\/wp-json\/wp\/v2\/product_cat?post=3940"},{"taxonomy":"product_tag","embeddable":true,"href":"https:\/\/tecplan.com.gt\/en\/wp-json\/wp\/v2\/product_tag?post=3940"}],"curies":[{"name":"wp","href":"https:\/\/api.w.org\/{rel}","templated":true}]}}