{"id":3944,"date":"2023-08-20T18:59:52","date_gmt":"2023-08-20T22:59:52","guid":{"rendered":"https:\/\/tecplan.com.gt\/?post_type=product&#038;p=3944"},"modified":"2023-08-20T18:59:53","modified_gmt":"2023-08-20T22:59:53","slug":"garmin-dash-cam-mini-2","status":"publish","type":"product","link":"https:\/\/tecplan.com.gt\/en\/product\/garmin-dash-cam-mini-2\/","title":{"rendered":"Garmin Dash Cam\u2122 Mini 2"},"content":{"rendered":"<h3>SMALL AND DISCREET<\/h3>\n<p class=\"app__feature__card__description app__feature__card__description--left\">Enjoy a camera the size of a car key that is incredibly compact. The discreet design also includes two power cable options, with upstream or downstream routing, for a neat and discreet installation.<\/p>\n<h3>HIGHLY CLARITY HD VIDEOS<\/h3>\n<p class=\"app__feature__card__description app__feature__card__description--left\">With 1080p HD video, 140-degree lens and HDR Clarity optics<sup>\u2122<\/sup>\u00a0from Garmin, you can record crisp, clear video with important details, day or night.<\/p>\n<h3>AUTOMATIC VIDEO RECORDING<\/h3>\n<p class=\"app__feature__card__description app__feature__card__description--left\">Once connected to the vehicle's power supply, the camera records continuously, so you just have to configure it.<\/p>\n<h3>INCIDENT DETECTION<\/h3>\n<p class=\"app__feature__card__description app__feature__card__description--left\">When an incident is detected, this camera automatically saves video just before, during and after it occurs to help capture the full recording of the event.<\/p>\n<h3>VOICE CONTROL<\/h3>\n<p class=\"app__feature__card__description app__feature__card__description--left\">Keep your hands on the wheel and use voice commands to tell your camera to save video, start or stop audio recording, take photos and more. Available in English, German, French, Spanish, Italian and Swedish.<\/p>\n<h3>VAULT STORAGE<\/h3>\n<p class=\"app__feature__card__description app__feature__card__description--left\">Saved videos are stored securely online in Vault and can be accessed via the app.\u00a0<a href=\"https:\/\/buy.garmin.com\/es-CL\/CL\/p\/666925\">Garmin Drive<sup>\u2122<\/sup><\/a>\u00a0on your compatible smartphone. With a Wi-Fi connection<sup>\u00ae<\/sup>\u00a0active, share videos with other people by sending a link and password.<\/p>\n<h3>STORAGE PLANS<\/h3>\n<p class=\"app__feature__card__description app__feature__card__description--left\">Each video clip is stored in the online Vault for 24 hours from the time of upload. Garmin also offers extended storage plans through paid subscriptions.\u00a0<a href=\"https:\/\/buy.garmin.com\/es-CL\/CL\/p\/834481\/\">View storage plans.<\/a><\/p>\n<div class=\"app__column-layout app__column-layout__column--3 app__column-layout__column__mobile--1\">\n<div class=\"app__feature__card\" data-translate=\"\">\n<h3>LIVE VIEW<\/h3>\n<p class=\"app__feature__card__description app__feature__card__description--left\">Use the Garmin Drive app on your\u00a0<a href=\"https:\/\/support.garmin.com\/es-CL\/?faq=pvL8aWsaLU2iKyvF8VrpP9\">compatible smartphone<\/a>\u00a0to access the camera remotely and monitor in Live View from anywhere when you are away from the parked vehicle. This requires an active Wi-Fi connection and constant power. Some vehicles will require the use of a\u00a0<a href=\"https:\/\/buy.garmin.com\/es-CL\/CL\/p\/735279\/pn\/010-12530-23\">Constant power cable<\/a> (sold separately).<\/p>\n<\/div>\n<div class=\"app__feature__card\" data-translate=\"\">\n<h3>PARKING GUARD<\/h3>\n<p class=\"app__feature__card__description app__feature__card__description--left\">This feature monitors activity around your parked vehicle and automatically alerts you via video clip notifications to the Garmin Drive app on your\u00a0<a href=\"https:\/\/support.garmin.com\/es-CL\/?faq=pvL8aWsaLU2iKyvF8VrpP9\">compatible smartphone<\/a> if an incident is detected. Requires an active Wi-Fi connection and constant power via the Constant Power Cable (sold separately).<\/p>\n<\/div>\n<div class=\"app__feature__card\" data-translate=\"\">\n<h3>DURABLE DESIGN<\/h3>\n<p class=\"app__feature__card__description app__feature__card__description--left\">This dash cam is designed to withstand harsh vehicle environments, including high temperatures and direct sunlight.<\/p>\n<h3>ADDITIONAL USB PORT<\/h3>\n<p class=\"app__feature__card__description app__feature__card__description--left\">You won't have to choose between using your dash cam or charging your phone, as the included charger has an additional USB charging port, so you can do both.<\/p>\n<div class=\"app__feature__card\" data-translate=\"\">\n<h3>MEMORY CARD IS REQUIRED<\/h3>\n<p class=\"app__feature__card__description app__feature__card__description--left\">The dash cam requires a microSD card<sup>\u2122<\/sup>\u00a0at least 8GB and Class 10 or higher (not included). Learn more about\u00a0<a href=\"https:\/\/support.garmin.com\/es-CL\/?faq=OF98RhazrR4CS6lAzssmi9\">memory card specifications.<\/a><\/p>\n<\/div>\n<\/div>\n<\/div>","protected":false},"excerpt":{"rendered":"<p>With a panoramic 140-degree field of view that captures and saves important details in 1080p HD video, the voice-controlled, car-key-sized Garmin Dash Cam Mini 2 has what you need.<\/p>","protected":false},"featured_media":3945,"comment_status":"open","ping_status":"closed","template":"","meta":{"site-sidebar-layout":"default","site-content-layout":"","ast-site-content-layout":"default","site-content-style":"default","site-sidebar-style":"default","ast-global-header-display":"","ast-banner-title-visibility":"","ast-main-header-display":"","ast-hfb-above-header-display":"","ast-hfb-below-header-display":"","ast-hfb-mobile-header-display":"","site-post-title":"","ast-breadcrumbs-content":"","ast-featured-img":"","footer-sml-layout":"","theme-transparent-header-meta":"default","adv-header-id-meta":"","stick-header-meta":"","header-above-stick-meta":"","header-main-stick-meta":"","header-below-stick-meta":"","astra-migrate-meta-layouts":"set","ast-page-background-enabled":"default","ast-page-background-meta":{"desktop":{"background-color":"var(--ast-global-color-4)","background-image":"","background-repeat":"repeat","background-position":"center center","background-size":"auto","background-attachment":"scroll","background-type":"","background-media":"","overlay-type":"","overlay-color":"","overlay-opacity":"","overlay-gradient":""},"tablet":{"background-color":"","background-image":"","background-repeat":"repeat","background-position":"center center","background-size":"auto","background-attachment":"scroll","background-type":"","background-media":"","overlay-type":"","overlay-color":"","overlay-opacity":"","overlay-gradient":""},"mobile":{"background-color":"","background-image":"","background-repeat":"repeat","background-position":"center center","background-size":"auto","background-attachment":"scroll","background-type":"","background-media":"","overlay-type":"","overlay-color":"","overlay-opacity":"","overlay-gradient":""}},"ast-content-background-meta":{"desktop":{"background-color":"var(--ast-global-color-5)","background-image":"","background-repeat":"repeat","background-position":"center center","background-size":"auto","background-attachment":"scroll","background-type":"","background-media":"","overlay-type":"","overlay-color":"","overlay-opacity":"","overlay-gradient":""},"tablet":{"background-color":"var(--ast-global-color-5)","background-image":"","background-repeat":"repeat","background-position":"center center","background-size":"auto","background-attachment":"scroll","background-type":"","background-media":"","overlay-type":"","overlay-color":"","overlay-opacity":"","overlay-gradient":""},"mobile":{"background-color":"var(--ast-global-color-5)","background-image":"","background-repeat":"repeat","background-position":"center center","background-size":"auto","background-attachment":"scroll","background-type":"","background-media":"","overlay-type":"","overlay-color":"","overlay-opacity":"","overlay-gradient":""}}},"product_brand":[],"product_cat":[28],"product_tag":[69],"class_list":{"0":"post-3944","1":"product","2":"type-product","3":"status-publish","4":"has-post-thumbnail","6":"product_cat-instrumentos","7":"product_tag-garmin","8":"desktop-align-left","9":"tablet-align-left","10":"mobile-align-left","12":"first","13":"instock","14":"shipping-taxable","15":"product-type-simple"},"yoast_head":"<!-- This site is optimized with the Yoast SEO plugin v24.6 - https:\/\/yoast.com\/wordpress\/plugins\/seo\/ -->\n<title>Garmin Dash Cam\u2122 Mini 2 -<\/title>\n<meta name=\"robots\" content=\"index, follow, max-snippet:-1, max-image-preview:large, max-video-preview:-1\" \/>\n<link rel=\"canonical\" href=\"https:\/\/tecplan.com.gt\/en\/product\/garmin-dash-cam-mini-2\/\" \/>\n<meta property=\"og:locale\" content=\"en_US\" \/>\n<meta property=\"og:type\" content=\"article\" \/>\n<meta property=\"og:title\" content=\"Garmin Dash Cam\u2122 Mini 2 -\" \/>\n<meta property=\"og:description\" content=\"Con un campo de visi\u00f3n panor\u00e1mico de 140 grados que captura y guarda detalles importantes en v\u00eddeo en HD a 1080p, la Dash Cam Mini 2 de Garmin, con el tama\u00f1o de una llave de coche y controlada por voz, te ofrece lo que necesitas.\" \/>\n<meta property=\"og:url\" content=\"https:\/\/tecplan.com.gt\/en\/product\/garmin-dash-cam-mini-2\/\" \/>\n<meta property=\"article:modified_time\" content=\"2023-08-20T22:59:53+00:00\" \/>\n<meta property=\"og:image\" content=\"https:\/\/tecplan.com.gt\/wp-content\/uploads\/2023\/08\/cf-xl-af4da326-f06c-42af-bf4e-4c190b85d749.png\" \/>\n\t<meta property=\"og:image:width\" content=\"500\" \/>\n\t<meta property=\"og:image:height\" content=\"500\" \/>\n\t<meta property=\"og:image:type\" content=\"image\/png\" \/>\n<meta name=\"twitter:card\" content=\"summary_large_image\" \/>\n<meta name=\"twitter:label1\" content=\"Est. reading time\" \/>\n\t<meta name=\"twitter:data1\" content=\"3 minutes\" \/>\n<script type=\"application\/ld+json\" class=\"yoast-schema-graph\">{\"@context\":\"https:\/\/schema.org\",\"@graph\":[{\"@type\":\"WebPage\",\"@id\":\"https:\/\/tecplan.com.gt\/producto\/garmin-dash-cam-mini-2\/\",\"url\":\"https:\/\/tecplan.com.gt\/producto\/garmin-dash-cam-mini-2\/\",\"name\":\"Garmin Dash Cam\u2122 Mini 2 -\",\"isPartOf\":{\"@id\":\"https:\/\/tecplan.com.gt\/#website\"},\"primaryImageOfPage\":{\"@id\":\"https:\/\/tecplan.com.gt\/producto\/garmin-dash-cam-mini-2\/#primaryimage\"},\"image\":{\"@id\":\"https:\/\/tecplan.com.gt\/producto\/garmin-dash-cam-mini-2\/#primaryimage\"},\"thumbnailUrl\":\"\/wp-content\/uploads\/2023\/08\/cf-xl-af4da326-f06c-42af-bf4e-4c190b85d749.png\",\"datePublished\":\"2023-08-20T22:59:52+00:00\",\"dateModified\":\"2023-08-20T22:59:53+00:00\",\"breadcrumb\":{\"@id\":\"https:\/\/tecplan.com.gt\/producto\/garmin-dash-cam-mini-2\/#breadcrumb\"},\"inLanguage\":\"en-US\",\"potentialAction\":[{\"@type\":\"ReadAction\",\"target\":[\"https:\/\/tecplan.com.gt\/producto\/garmin-dash-cam-mini-2\/\"]}]},{\"@type\":\"ImageObject\",\"inLanguage\":\"en-US\",\"@id\":\"https:\/\/tecplan.com.gt\/producto\/garmin-dash-cam-mini-2\/#primaryimage\",\"url\":\"\/wp-content\/uploads\/2023\/08\/cf-xl-af4da326-f06c-42af-bf4e-4c190b85d749.png\",\"contentUrl\":\"\/wp-content\/uploads\/2023\/08\/cf-xl-af4da326-f06c-42af-bf4e-4c190b85d749.png\",\"width\":500,\"height\":500},{\"@type\":\"BreadcrumbList\",\"@id\":\"https:\/\/tecplan.com.gt\/producto\/garmin-dash-cam-mini-2\/#breadcrumb\",\"itemListElement\":[{\"@type\":\"ListItem\",\"position\":1,\"name\":\"Portada\",\"item\":\"https:\/\/tecplan.com.gt\/\"},{\"@type\":\"ListItem\",\"position\":2,\"name\":\"Productos\",\"item\":\"https:\/\/tecplan.com.gt\/shop\/\"},{\"@type\":\"ListItem\",\"position\":3,\"name\":\"Garmin Dash Cam\u2122 Mini 2\"}]},{\"@type\":\"WebSite\",\"@id\":\"https:\/\/tecplan.com.gt\/#website\",\"url\":\"https:\/\/tecplan.com.gt\/\",\"name\":\"Tecplan Argentina\",\"description\":\"Tecnolog\u00edas y equipos de telecomunicaciones\",\"publisher\":{\"@id\":\"https:\/\/tecplan.com.gt\/#organization\"},\"potentialAction\":[{\"@type\":\"SearchAction\",\"target\":{\"@type\":\"EntryPoint\",\"urlTemplate\":\"https:\/\/tecplan.com.gt\/?s={search_term_string}\"},\"query-input\":{\"@type\":\"PropertyValueSpecification\",\"valueRequired\":true,\"valueName\":\"search_term_string\"}}],\"inLanguage\":\"en-US\"},{\"@type\":\"Organization\",\"@id\":\"https:\/\/tecplan.com.gt\/#organization\",\"name\":\"Tecplan Argentina\",\"url\":\"https:\/\/tecplan.com.gt\/\",\"logo\":{\"@type\":\"ImageObject\",\"inLanguage\":\"en-US\",\"@id\":\"https:\/\/tecplan.com.gt\/#\/schema\/logo\/image\/\",\"url\":\"\/wp-content\/uploads\/2023\/03\/logo-tecplan.gif\",\"contentUrl\":\"\/wp-content\/uploads\/2023\/03\/logo-tecplan.gif\",\"width\":1920,\"height\":486,\"caption\":\"Tecplan Argentina\"},\"image\":{\"@id\":\"https:\/\/tecplan.com.gt\/#\/schema\/logo\/image\/\"}}]}<\/script>\n<!-- \/ Yoast SEO plugin. -->","yoast_head_json":{"title":"Garmin Dash Cam\u2122 Mini 2 -","robots":{"index":"index","follow":"follow","max-snippet":"max-snippet:-1","max-image-preview":"max-image-preview:large","max-video-preview":"max-video-preview:-1"},"canonical":"https:\/\/tecplan.com.gt\/en\/product\/garmin-dash-cam-mini-2\/","og_locale":"en_US","og_type":"article","og_title":"Garmin Dash Cam\u2122 Mini 2 -","og_description":"Con un campo de visi\u00f3n panor\u00e1mico de 140 grados que captura y guarda detalles importantes en v\u00eddeo en HD a 1080p, la Dash Cam Mini 2 de Garmin, con el tama\u00f1o de una llave de coche y controlada por voz, te ofrece lo que necesitas.","og_url":"https:\/\/tecplan.com.gt\/en\/product\/garmin-dash-cam-mini-2\/","article_modified_time":"2023-08-20T22:59:53+00:00","og_image":[{"width":500,"height":500,"url":"https:\/\/tecplan.com.gt\/wp-content\/uploads\/2023\/08\/cf-xl-af4da326-f06c-42af-bf4e-4c190b85d749.png","type":"image\/png"}],"twitter_card":"summary_large_image","twitter_misc":{"Est. reading time":"3 minutes"},"schema":{"@context":"https:\/\/schema.org","@graph":[{"@type":"WebPage","@id":"https:\/\/tecplan.com.gt\/producto\/garmin-dash-cam-mini-2\/","url":"https:\/\/tecplan.com.gt\/producto\/garmin-dash-cam-mini-2\/","name":"Garmin Dash Cam\u2122 Mini 2 -","isPartOf":{"@id":"https:\/\/tecplan.com.gt\/#website"},"primaryImageOfPage":{"@id":"https:\/\/tecplan.com.gt\/producto\/garmin-dash-cam-mini-2\/#primaryimage"},"image":{"@id":"https:\/\/tecplan.com.gt\/producto\/garmin-dash-cam-mini-2\/#primaryimage"},"thumbnailUrl":"\/wp-content\/uploads\/2023\/08\/cf-xl-af4da326-f06c-42af-bf4e-4c190b85d749.png","datePublished":"2023-08-20T22:59:52+00:00","dateModified":"2023-08-20T22:59:53+00:00","breadcrumb":{"@id":"https:\/\/tecplan.com.gt\/producto\/garmin-dash-cam-mini-2\/#breadcrumb"},"inLanguage":"en-US","potentialAction":[{"@type":"ReadAction","target":["https:\/\/tecplan.com.gt\/producto\/garmin-dash-cam-mini-2\/"]}]},{"@type":"ImageObject","inLanguage":"en-US","@id":"https:\/\/tecplan.com.gt\/producto\/garmin-dash-cam-mini-2\/#primaryimage","url":"\/wp-content\/uploads\/2023\/08\/cf-xl-af4da326-f06c-42af-bf4e-4c190b85d749.png","contentUrl":"\/wp-content\/uploads\/2023\/08\/cf-xl-af4da326-f06c-42af-bf4e-4c190b85d749.png","width":500,"height":500},{"@type":"BreadcrumbList","@id":"https:\/\/tecplan.com.gt\/producto\/garmin-dash-cam-mini-2\/#breadcrumb","itemListElement":[{"@type":"ListItem","position":1,"name":"Portada","item":"https:\/\/tecplan.com.gt\/"},{"@type":"ListItem","position":2,"name":"Productos","item":"https:\/\/tecplan.com.gt\/shop\/"},{"@type":"ListItem","position":3,"name":"Garmin Dash Cam\u2122 Mini 2"}]},{"@type":"WebSite","@id":"https:\/\/tecplan.com.gt\/#website","url":"https:\/\/tecplan.com.gt\/","name":"Tecplan Argentina","description":"Tecnolog\u00edas y equipos de telecomunicaciones","publisher":{"@id":"https:\/\/tecplan.com.gt\/#organization"},"potentialAction":[{"@type":"SearchAction","target":{"@type":"EntryPoint","urlTemplate":"https:\/\/tecplan.com.gt\/?s={search_term_string}"},"query-input":{"@type":"PropertyValueSpecification","valueRequired":true,"valueName":"search_term_string"}}],"inLanguage":"en-US"},{"@type":"Organization","@id":"https:\/\/tecplan.com.gt\/#organization","name":"Tecplan Argentina","url":"https:\/\/tecplan.com.gt\/","logo":{"@type":"ImageObject","inLanguage":"en-US","@id":"https:\/\/tecplan.com.gt\/#\/schema\/logo\/image\/","url":"\/wp-content\/uploads\/2023\/03\/logo-tecplan.gif","contentUrl":"\/wp-content\/uploads\/2023\/03\/logo-tecplan.gif","width":1920,"height":486,"caption":"Tecplan Argentina"},"image":{"@id":"https:\/\/tecplan.com.gt\/#\/schema\/logo\/image\/"}}]}},"_links":{"self":[{"href":"https:\/\/tecplan.com.gt\/en\/wp-json\/wp\/v2\/product\/3944"}],"collection":[{"href":"https:\/\/tecplan.com.gt\/en\/wp-json\/wp\/v2\/product"}],"about":[{"href":"https:\/\/tecplan.com.gt\/en\/wp-json\/wp\/v2\/types\/product"}],"replies":[{"embeddable":true,"href":"https:\/\/tecplan.com.gt\/en\/wp-json\/wp\/v2\/comments?post=3944"}],"version-history":[{"count":0,"href":"https:\/\/tecplan.com.gt\/en\/wp-json\/wp\/v2\/product\/3944\/revisions"}],"wp:featuredmedia":[{"embeddable":true,"href":"https:\/\/tecplan.com.gt\/en\/wp-json\/wp\/v2\/media\/3945"}],"wp:attachment":[{"href":"https:\/\/tecplan.com.gt\/en\/wp-json\/wp\/v2\/media?parent=3944"}],"wp:term":[{"taxonomy":"product_brand","embeddable":true,"href":"https:\/\/tecplan.com.gt\/en\/wp-json\/wp\/v2\/product_brand?post=3944"},{"taxonomy":"product_cat","embeddable":true,"href":"https:\/\/tecplan.com.gt\/en\/wp-json\/wp\/v2\/product_cat?post=3944"},{"taxonomy":"product_tag","embeddable":true,"href":"https:\/\/tecplan.com.gt\/en\/wp-json\/wp\/v2\/product_tag?post=3944"}],"curies":[{"name":"wp","href":"https:\/\/api.w.org\/{rel}","templated":true}]}}