{"id":3948,"date":"2023-08-20T19:04:37","date_gmt":"2023-08-20T23:04:37","guid":{"rendered":"https:\/\/tecplan.com.gt\/?post_type=product&#038;p=3948"},"modified":"2023-08-20T19:04:38","modified_gmt":"2023-08-20T23:04:38","slug":"gpsmap-86sci","status":"publish","type":"product","link":"https:\/\/tecplan.com.gt\/en\/product\/gpsmap-86sci\/","title":{"rendered":"GPSMAP\u00ae 86sci"},"content":{"rendered":"<h3>BOAT DATA<\/h3>\n<p class=\"app__feature__card__description app__feature__card__description--left\">Sync with compatible Garmin chartplotters and instruments to view real-time boat data right on your handheld device.<\/p>\n<h3>FUSION-LINK AUDIO<\/h3>\n<p class=\"app__feature__card__description app__feature__card__description--left\">Take advantage of convenient remote operation of select Fusion marine products on board.<\/p>\n<h3>PRECISE TRACKING<\/h3>\n<p class=\"app__feature__card__description app__feature__card__description--left\">When you're moving, the adjustable GPS filter reduces speed and heading errors in rough seas for more accurate tracking.<\/p>\n<h3>BLUECHART COVERAGE<\/h3>\n<p class=\"app__feature__card__description app__feature__card__description--left\"><a href=\"https:\/\/www.garmin.com\/es-CL\/MarineChart-MapPurchase\/\">BlueChart g3<\/a>\u00a0Add optional marine charts, offering industry-leading coverage, clarity and detail with integrated Garmin and Navionics data.<\/p>\n<h3>AUTOPILOT REMOTE CONTROL<\/h3>\n<p class=\"app__feature__card__description app__feature__card__description--left\">Even when you're not on the bridge, you can still control the boat. Access the autopilot app to change course, enable the navigation pattern and follow a GPS route.<\/p>\n<h3>SECONDARY NAVIGATION<\/h3>\n<p class=\"app__feature__card__description app__feature__card__description--left\">Whether you're spending the day fishing or on a sailboat or motorboat, you'll have the peace of mind of having a backup navigator with you.<\/p>\n<h3>ABC SENSORS<\/h3>\n<p class=\"app__feature__card__description app__feature__card__description--left\">Use ABC sensors on every ride, including an altimeter for elevation data, a barometer to monitor weather changes, and a three-axis electronic compass.<\/p>\n<h3>TWO-WAY MESSAGING<\/h3>\n<p class=\"app__feature__card__description app__feature__card__description--left\">The Iridium satellite network<sup>\u00ae<\/sup><sup>1<\/sup> allows you to send and receive both predefined and custom text messages or emails and get delivery confirmation.<\/p>\n<h3>ROUTE TRACKING<\/h3>\n<p class=\"app__feature__card__description app__feature__card__description--left\">Share your adventures with MapShare's ride-sharing page<sup>\u2122<\/sup> web-based, so your loved ones can follow your progress or find the GPS location of your device.<\/p>\n<h3>SOS INTERACTIVE<\/h3>\n<p class=\"app__feature__card__description app__feature__card__description--left\">In case of emergency, trigger an interactive SOS message to Garmin IERCC, a professional emergency rescue coordination center staffed 24 hours a day using the Iridium satellite network with full global coverage.<\/p>\n<h3>NAUTICAL METEOROLOGY<\/h3>\n<p class=\"app__feature__card__description app__feature__card__description--left\">Receive weather forecasts directly on your device, so you can make informed decisions based on local or destination conditions.<\/p>","protected":false},"excerpt":{"rendered":"<p>Stay on course with the GPSMAP 86sci handheld. It provides all the outdoor features and global communications of the GPSMAP series.<sup>\u00ae<\/sup>\u00a066 , plus navigation features like BlueChart g3 charts and wireless connectivity to your onboard marine system.<\/p>","protected":false},"featured_media":3949,"comment_status":"open","ping_status":"closed","template":"","meta":{"site-sidebar-layout":"default","site-content-layout":"","ast-site-content-layout":"default","site-content-style":"default","site-sidebar-style":"default","ast-global-header-display":"","ast-banner-title-visibility":"","ast-main-header-display":"","ast-hfb-above-header-display":"","ast-hfb-below-header-display":"","ast-hfb-mobile-header-display":"","site-post-title":"","ast-breadcrumbs-content":"","ast-featured-img":"","footer-sml-layout":"","theme-transparent-header-meta":"default","adv-header-id-meta":"","stick-header-meta":"","header-above-stick-meta":"","header-main-stick-meta":"","header-below-stick-meta":"","astra-migrate-meta-layouts":"set","ast-page-background-enabled":"default","ast-page-background-meta":{"desktop":{"background-color":"var(--ast-global-color-4)","background-image":"","background-repeat":"repeat","background-position":"center center","background-size":"auto","background-attachment":"scroll","background-type":"","background-media":"","overlay-type":"","overlay-color":"","overlay-opacity":"","overlay-gradient":""},"tablet":{"background-color":"","background-image":"","background-repeat":"repeat","background-position":"center center","background-size":"auto","background-attachment":"scroll","background-type":"","background-media":"","overlay-type":"","overlay-color":"","overlay-opacity":"","overlay-gradient":""},"mobile":{"background-color":"","background-image":"","background-repeat":"repeat","background-position":"center center","background-size":"auto","background-attachment":"scroll","background-type":"","background-media":"","overlay-type":"","overlay-color":"","overlay-opacity":"","overlay-gradient":""}},"ast-content-background-meta":{"desktop":{"background-color":"var(--ast-global-color-5)","background-image":"","background-repeat":"repeat","background-position":"center center","background-size":"auto","background-attachment":"scroll","background-type":"","background-media":"","overlay-type":"","overlay-color":"","overlay-opacity":"","overlay-gradient":""},"tablet":{"background-color":"var(--ast-global-color-5)","background-image":"","background-repeat":"repeat","background-position":"center center","background-size":"auto","background-attachment":"scroll","background-type":"","background-media":"","overlay-type":"","overlay-color":"","overlay-opacity":"","overlay-gradient":""},"mobile":{"background-color":"var(--ast-global-color-5)","background-image":"","background-repeat":"repeat","background-position":"center center","background-size":"auto","background-attachment":"scroll","background-type":"","background-media":"","overlay-type":"","overlay-color":"","overlay-opacity":"","overlay-gradient":""}}},"product_brand":[],"product_cat":[28],"product_tag":[69],"class_list":{"0":"post-3948","1":"product","2":"type-product","3":"status-publish","4":"has-post-thumbnail","6":"product_cat-instrumentos","7":"product_tag-garmin","8":"desktop-align-left","9":"tablet-align-left","10":"mobile-align-left","12":"first","13":"instock","14":"shipping-taxable","15":"product-type-simple"},"yoast_head":"<!-- This site is optimized with the Yoast SEO plugin v24.6 - https:\/\/yoast.com\/wordpress\/plugins\/seo\/ -->\n<title>GPSMAP\u00ae 86sci -<\/title>\n<meta name=\"robots\" content=\"index, follow, max-snippet:-1, max-image-preview:large, max-video-preview:-1\" \/>\n<link rel=\"canonical\" href=\"https:\/\/tecplan.com.gt\/en\/product\/gpsmap-86sci\/\" \/>\n<meta property=\"og:locale\" content=\"en_US\" \/>\n<meta property=\"og:type\" content=\"article\" \/>\n<meta property=\"og:title\" content=\"GPSMAP\u00ae 86sci -\" \/>\n<meta property=\"og:description\" content=\"Mant\u00e9n el rumbo con el dispositivo de mano GPSMAP 86sci. Proporciona todas las funciones de exteriores y comunicaciones globales de la serie GPSMAP\u00ae\u00a066 , adem\u00e1s de funciones para navegaci\u00f3n, como cartas BlueChart g3 y conectividad inal\u00e1mbrica en tu sistema n\u00e1utico incorporado.\" \/>\n<meta property=\"og:url\" content=\"https:\/\/tecplan.com.gt\/en\/product\/gpsmap-86sci\/\" \/>\n<meta property=\"article:modified_time\" content=\"2023-08-20T23:04:38+00:00\" \/>\n<meta property=\"og:image\" content=\"https:\/\/tecplan.com.gt\/wp-content\/uploads\/2023\/08\/cf-lg-688ee784-cce8-4266-b428-3f0c43abc2bd.png\" \/>\n\t<meta property=\"og:image:width\" content=\"500\" \/>\n\t<meta property=\"og:image:height\" content=\"500\" \/>\n\t<meta property=\"og:image:type\" content=\"image\/png\" \/>\n<meta name=\"twitter:card\" content=\"summary_large_image\" \/>\n<meta name=\"twitter:label1\" content=\"Est. reading time\" \/>\n\t<meta name=\"twitter:data1\" content=\"2 minutes\" \/>\n<script type=\"application\/ld+json\" class=\"yoast-schema-graph\">{\"@context\":\"https:\/\/schema.org\",\"@graph\":[{\"@type\":\"WebPage\",\"@id\":\"https:\/\/tecplan.com.gt\/producto\/gpsmap-86sci\/\",\"url\":\"https:\/\/tecplan.com.gt\/producto\/gpsmap-86sci\/\",\"name\":\"GPSMAP\u00ae 86sci -\",\"isPartOf\":{\"@id\":\"https:\/\/tecplan.com.gt\/#website\"},\"primaryImageOfPage\":{\"@id\":\"https:\/\/tecplan.com.gt\/producto\/gpsmap-86sci\/#primaryimage\"},\"image\":{\"@id\":\"https:\/\/tecplan.com.gt\/producto\/gpsmap-86sci\/#primaryimage\"},\"thumbnailUrl\":\"\/wp-content\/uploads\/2023\/08\/cf-lg-688ee784-cce8-4266-b428-3f0c43abc2bd.png\",\"datePublished\":\"2023-08-20T23:04:37+00:00\",\"dateModified\":\"2023-08-20T23:04:38+00:00\",\"breadcrumb\":{\"@id\":\"https:\/\/tecplan.com.gt\/producto\/gpsmap-86sci\/#breadcrumb\"},\"inLanguage\":\"en-US\",\"potentialAction\":[{\"@type\":\"ReadAction\",\"target\":[\"https:\/\/tecplan.com.gt\/producto\/gpsmap-86sci\/\"]}]},{\"@type\":\"ImageObject\",\"inLanguage\":\"en-US\",\"@id\":\"https:\/\/tecplan.com.gt\/producto\/gpsmap-86sci\/#primaryimage\",\"url\":\"\/wp-content\/uploads\/2023\/08\/cf-lg-688ee784-cce8-4266-b428-3f0c43abc2bd.png\",\"contentUrl\":\"\/wp-content\/uploads\/2023\/08\/cf-lg-688ee784-cce8-4266-b428-3f0c43abc2bd.png\",\"width\":500,\"height\":500},{\"@type\":\"BreadcrumbList\",\"@id\":\"https:\/\/tecplan.com.gt\/producto\/gpsmap-86sci\/#breadcrumb\",\"itemListElement\":[{\"@type\":\"ListItem\",\"position\":1,\"name\":\"Portada\",\"item\":\"https:\/\/tecplan.com.gt\/\"},{\"@type\":\"ListItem\",\"position\":2,\"name\":\"Productos\",\"item\":\"https:\/\/tecplan.com.gt\/shop\/\"},{\"@type\":\"ListItem\",\"position\":3,\"name\":\"GPSMAP\u00ae 86sci\"}]},{\"@type\":\"WebSite\",\"@id\":\"https:\/\/tecplan.com.gt\/#website\",\"url\":\"https:\/\/tecplan.com.gt\/\",\"name\":\"Tecplan Argentina\",\"description\":\"Tecnolog\u00edas y equipos de telecomunicaciones\",\"publisher\":{\"@id\":\"https:\/\/tecplan.com.gt\/#organization\"},\"potentialAction\":[{\"@type\":\"SearchAction\",\"target\":{\"@type\":\"EntryPoint\",\"urlTemplate\":\"https:\/\/tecplan.com.gt\/?s={search_term_string}\"},\"query-input\":{\"@type\":\"PropertyValueSpecification\",\"valueRequired\":true,\"valueName\":\"search_term_string\"}}],\"inLanguage\":\"en-US\"},{\"@type\":\"Organization\",\"@id\":\"https:\/\/tecplan.com.gt\/#organization\",\"name\":\"Tecplan Argentina\",\"url\":\"https:\/\/tecplan.com.gt\/\",\"logo\":{\"@type\":\"ImageObject\",\"inLanguage\":\"en-US\",\"@id\":\"https:\/\/tecplan.com.gt\/#\/schema\/logo\/image\/\",\"url\":\"\/wp-content\/uploads\/2023\/03\/logo-tecplan.gif\",\"contentUrl\":\"\/wp-content\/uploads\/2023\/03\/logo-tecplan.gif\",\"width\":1920,\"height\":486,\"caption\":\"Tecplan Argentina\"},\"image\":{\"@id\":\"https:\/\/tecplan.com.gt\/#\/schema\/logo\/image\/\"}}]}<\/script>\n<!-- \/ Yoast SEO plugin. -->","yoast_head_json":{"title":"GPSMAP\u00ae 86sci -","robots":{"index":"index","follow":"follow","max-snippet":"max-snippet:-1","max-image-preview":"max-image-preview:large","max-video-preview":"max-video-preview:-1"},"canonical":"https:\/\/tecplan.com.gt\/en\/product\/gpsmap-86sci\/","og_locale":"en_US","og_type":"article","og_title":"GPSMAP\u00ae 86sci -","og_description":"Mant\u00e9n el rumbo con el dispositivo de mano GPSMAP 86sci. Proporciona todas las funciones de exteriores y comunicaciones globales de la serie GPSMAP\u00ae\u00a066 , adem\u00e1s de funciones para navegaci\u00f3n, como cartas BlueChart g3 y conectividad inal\u00e1mbrica en tu sistema n\u00e1utico incorporado.","og_url":"https:\/\/tecplan.com.gt\/en\/product\/gpsmap-86sci\/","article_modified_time":"2023-08-20T23:04:38+00:00","og_image":[{"width":500,"height":500,"url":"https:\/\/tecplan.com.gt\/wp-content\/uploads\/2023\/08\/cf-lg-688ee784-cce8-4266-b428-3f0c43abc2bd.png","type":"image\/png"}],"twitter_card":"summary_large_image","twitter_misc":{"Est. reading time":"2 minutes"},"schema":{"@context":"https:\/\/schema.org","@graph":[{"@type":"WebPage","@id":"https:\/\/tecplan.com.gt\/producto\/gpsmap-86sci\/","url":"https:\/\/tecplan.com.gt\/producto\/gpsmap-86sci\/","name":"GPSMAP\u00ae 86sci -","isPartOf":{"@id":"https:\/\/tecplan.com.gt\/#website"},"primaryImageOfPage":{"@id":"https:\/\/tecplan.com.gt\/producto\/gpsmap-86sci\/#primaryimage"},"image":{"@id":"https:\/\/tecplan.com.gt\/producto\/gpsmap-86sci\/#primaryimage"},"thumbnailUrl":"\/wp-content\/uploads\/2023\/08\/cf-lg-688ee784-cce8-4266-b428-3f0c43abc2bd.png","datePublished":"2023-08-20T23:04:37+00:00","dateModified":"2023-08-20T23:04:38+00:00","breadcrumb":{"@id":"https:\/\/tecplan.com.gt\/producto\/gpsmap-86sci\/#breadcrumb"},"inLanguage":"en-US","potentialAction":[{"@type":"ReadAction","target":["https:\/\/tecplan.com.gt\/producto\/gpsmap-86sci\/"]}]},{"@type":"ImageObject","inLanguage":"en-US","@id":"https:\/\/tecplan.com.gt\/producto\/gpsmap-86sci\/#primaryimage","url":"\/wp-content\/uploads\/2023\/08\/cf-lg-688ee784-cce8-4266-b428-3f0c43abc2bd.png","contentUrl":"\/wp-content\/uploads\/2023\/08\/cf-lg-688ee784-cce8-4266-b428-3f0c43abc2bd.png","width":500,"height":500},{"@type":"BreadcrumbList","@id":"https:\/\/tecplan.com.gt\/producto\/gpsmap-86sci\/#breadcrumb","itemListElement":[{"@type":"ListItem","position":1,"name":"Portada","item":"https:\/\/tecplan.com.gt\/"},{"@type":"ListItem","position":2,"name":"Productos","item":"https:\/\/tecplan.com.gt\/shop\/"},{"@type":"ListItem","position":3,"name":"GPSMAP\u00ae 86sci"}]},{"@type":"WebSite","@id":"https:\/\/tecplan.com.gt\/#website","url":"https:\/\/tecplan.com.gt\/","name":"Tecplan Argentina","description":"Tecnolog\u00edas y equipos de telecomunicaciones","publisher":{"@id":"https:\/\/tecplan.com.gt\/#organization"},"potentialAction":[{"@type":"SearchAction","target":{"@type":"EntryPoint","urlTemplate":"https:\/\/tecplan.com.gt\/?s={search_term_string}"},"query-input":{"@type":"PropertyValueSpecification","valueRequired":true,"valueName":"search_term_string"}}],"inLanguage":"en-US"},{"@type":"Organization","@id":"https:\/\/tecplan.com.gt\/#organization","name":"Tecplan Argentina","url":"https:\/\/tecplan.com.gt\/","logo":{"@type":"ImageObject","inLanguage":"en-US","@id":"https:\/\/tecplan.com.gt\/#\/schema\/logo\/image\/","url":"\/wp-content\/uploads\/2023\/03\/logo-tecplan.gif","contentUrl":"\/wp-content\/uploads\/2023\/03\/logo-tecplan.gif","width":1920,"height":486,"caption":"Tecplan Argentina"},"image":{"@id":"https:\/\/tecplan.com.gt\/#\/schema\/logo\/image\/"}}]}},"_links":{"self":[{"href":"https:\/\/tecplan.com.gt\/en\/wp-json\/wp\/v2\/product\/3948"}],"collection":[{"href":"https:\/\/tecplan.com.gt\/en\/wp-json\/wp\/v2\/product"}],"about":[{"href":"https:\/\/tecplan.com.gt\/en\/wp-json\/wp\/v2\/types\/product"}],"replies":[{"embeddable":true,"href":"https:\/\/tecplan.com.gt\/en\/wp-json\/wp\/v2\/comments?post=3948"}],"version-history":[{"count":0,"href":"https:\/\/tecplan.com.gt\/en\/wp-json\/wp\/v2\/product\/3948\/revisions"}],"wp:featuredmedia":[{"embeddable":true,"href":"https:\/\/tecplan.com.gt\/en\/wp-json\/wp\/v2\/media\/3949"}],"wp:attachment":[{"href":"https:\/\/tecplan.com.gt\/en\/wp-json\/wp\/v2\/media?parent=3948"}],"wp:term":[{"taxonomy":"product_brand","embeddable":true,"href":"https:\/\/tecplan.com.gt\/en\/wp-json\/wp\/v2\/product_brand?post=3948"},{"taxonomy":"product_cat","embeddable":true,"href":"https:\/\/tecplan.com.gt\/en\/wp-json\/wp\/v2\/product_cat?post=3948"},{"taxonomy":"product_tag","embeddable":true,"href":"https:\/\/tecplan.com.gt\/en\/wp-json\/wp\/v2\/product_tag?post=3948"}],"curies":[{"name":"wp","href":"https:\/\/api.w.org\/{rel}","templated":true}]}}