{"id":3956,"date":"2023-08-29T12:50:59","date_gmt":"2023-08-29T16:50:59","guid":{"rendered":"https:\/\/tecplan.com.gt\/?post_type=product&#038;p=3956"},"modified":"2023-08-29T12:51:00","modified_gmt":"2023-08-29T16:51:00","slug":"conmutador-de-matriz-hdmi-4x4-4k-con-rs232-y-multivisor-cuadruple","status":"publish","type":"product","link":"https:\/\/tecplan.com.gt\/en\/product\/conmutador-de-matriz-hdmi-4x4-4k-con-rs232-y-multivisor-cuadruple\/","title":{"rendered":"4x4 4K HDMI Matrix Switcher with RS232 and Quad Multiviewer"},"content":{"rendered":"<p><span>You can choose which output device to display which input device you want, and you can also display one input device on multiple output devices at the same time, eliminating the hassle of unplugging cables and switching devices, and greatly simplifying device management. You can switch input ports with the front panel buttons, IR signals and RS232 port.<\/span><\/p>\n<p><span>Este producto tambi\u00e9n admite el modo Quad Multi-Viewer, que se puede aplicar a ingenier\u00eda, seguridad, medios y otros escenarios.<\/span><\/p>\n<ul>\n<li><span>Each HDMI output can share the same input or select an independent input.<\/span><\/li>\n<li><span>Supports resolution up to 3840\u00d72160@30Hz.<\/span><\/li>\n<li><span>Supports HDCP1.4.<\/span><\/li>\n<li><span>Each HDMI output supports Quad Multi-Viewer mode.<\/span><\/li>\n<li><span>Supports two different resolutions in Quad Multi-Viewer mode: 720P60Hz or 1080P60Hz.<\/span><\/li>\n<li><span>Supports PCM, Dolby AC3, DTS5.1 and DSD audio format.<\/span><\/li>\n<li><span>The state of the array can be memorized after power off and automatically restore the previous state of the array after the next power on.<\/span><\/li>\n<li><span>Intelligent EDID management, make it compatible with most display devices.<\/span><\/li>\n<li><span>Supports 4 user-configurable preset connections.<\/span><\/li>\n<li><span>Easy to control matrix by IR receiver, front panel key and PC (via RS232 port).<\/span><\/li>\n<\/ul>","protected":false},"excerpt":{"rendered":"<p><span>HDMI Matrix can greatly facilitate the management of audio and video devices.\u00a0<\/span><span>If you have multiple sources and display devices such as game consoles, streaming boxes, projectors and monitors, our HDMI Matrix can help you combine your devices at will.<\/span><\/p>","protected":false},"featured_media":3957,"comment_status":"open","ping_status":"closed","template":"","meta":{"site-sidebar-layout":"default","site-content-layout":"","ast-site-content-layout":"default","site-content-style":"default","site-sidebar-style":"default","ast-global-header-display":"","ast-banner-title-visibility":"","ast-main-header-display":"","ast-hfb-above-header-display":"","ast-hfb-below-header-display":"","ast-hfb-mobile-header-display":"","site-post-title":"","ast-breadcrumbs-content":"","ast-featured-img":"","footer-sml-layout":"","theme-transparent-header-meta":"default","adv-header-id-meta":"","stick-header-meta":"","header-above-stick-meta":"","header-main-stick-meta":"","header-below-stick-meta":"","astra-migrate-meta-layouts":"set","ast-page-background-enabled":"default","ast-page-background-meta":{"desktop":{"background-color":"var(--ast-global-color-4)","background-image":"","background-repeat":"repeat","background-position":"center center","background-size":"auto","background-attachment":"scroll","background-type":"","background-media":"","overlay-type":"","overlay-color":"","overlay-opacity":"","overlay-gradient":""},"tablet":{"background-color":"","background-image":"","background-repeat":"repeat","background-position":"center center","background-size":"auto","background-attachment":"scroll","background-type":"","background-media":"","overlay-type":"","overlay-color":"","overlay-opacity":"","overlay-gradient":""},"mobile":{"background-color":"","background-image":"","background-repeat":"repeat","background-position":"center center","background-size":"auto","background-attachment":"scroll","background-type":"","background-media":"","overlay-type":"","overlay-color":"","overlay-opacity":"","overlay-gradient":""}},"ast-content-background-meta":{"desktop":{"background-color":"var(--ast-global-color-5)","background-image":"","background-repeat":"repeat","background-position":"center center","background-size":"auto","background-attachment":"scroll","background-type":"","background-media":"","overlay-type":"","overlay-color":"","overlay-opacity":"","overlay-gradient":""},"tablet":{"background-color":"var(--ast-global-color-5)","background-image":"","background-repeat":"repeat","background-position":"center center","background-size":"auto","background-attachment":"scroll","background-type":"","background-media":"","overlay-type":"","overlay-color":"","overlay-opacity":"","overlay-gradient":""},"mobile":{"background-color":"var(--ast-global-color-5)","background-image":"","background-repeat":"repeat","background-position":"center center","background-size":"auto","background-attachment":"scroll","background-type":"","background-media":"","overlay-type":"","overlay-color":"","overlay-opacity":"","overlay-gradient":""}}},"product_brand":[],"product_cat":[34],"product_tag":[70],"class_list":{"0":"post-3956","1":"product","2":"type-product","3":"status-publish","4":"has-post-thumbnail","6":"product_cat-routers","7":"product_tag-tesmart","8":"desktop-align-left","9":"tablet-align-left","10":"mobile-align-left","12":"first","13":"instock","14":"shipping-taxable","15":"product-type-simple"},"yoast_head":"<!-- This site is optimized with the Yoast SEO plugin v24.6 - https:\/\/yoast.com\/wordpress\/plugins\/seo\/ -->\n<title>Conmutador de matriz HDMI 4x4 4K con RS232 y multivisor cu\u00e1druple -<\/title>\n<meta name=\"robots\" content=\"index, follow, max-snippet:-1, max-image-preview:large, max-video-preview:-1\" \/>\n<link rel=\"canonical\" href=\"https:\/\/tecplan.com.gt\/en\/product\/conmutador-de-matriz-hdmi-4x4-4k-con-rs232-y-multivisor-cuadruple\/\" \/>\n<meta property=\"og:locale\" content=\"en_US\" \/>\n<meta property=\"og:type\" content=\"article\" \/>\n<meta property=\"og:title\" content=\"Conmutador de matriz HDMI 4x4 4K con RS232 y multivisor cu\u00e1druple -\" \/>\n<meta property=\"og:description\" content=\"HDMI Matrix puede facilitar enormemente la gesti\u00f3n de dispositivos de audio y v\u00eddeo.\u00a0Si tiene m\u00faltiples fuentes y dispositivos de visualizaci\u00f3n como consolas de juegos, cajas de transmisi\u00f3n, proyectores y monitores, nuestra Matriz HDMI puede ayudarlo a combinar sus dispositivos a voluntad.\" \/>\n<meta property=\"og:url\" content=\"https:\/\/tecplan.com.gt\/en\/product\/conmutador-de-matriz-hdmi-4x4-4k-con-rs232-y-multivisor-cuadruple\/\" \/>\n<meta property=\"article:modified_time\" content=\"2023-08-29T16:51:00+00:00\" \/>\n<meta property=\"og:image\" content=\"https:\/\/tecplan.com.gt\/wp-content\/uploads\/2023\/08\/tesmart-hdmi-matrix-us-plug-black-4k-hdmi-matrix-switcher-4x4-30hz-quad-multi-viewer-hdcp1-4-tesmart.png\" \/>\n\t<meta property=\"og:image:width\" content=\"1000\" \/>\n\t<meta property=\"og:image:height\" content=\"1000\" \/>\n\t<meta property=\"og:image:type\" content=\"image\/png\" \/>\n<meta name=\"twitter:card\" content=\"summary_large_image\" \/>\n<meta name=\"twitter:label1\" content=\"Est. reading time\" \/>\n\t<meta name=\"twitter:data1\" content=\"1 minute\" \/>\n<script type=\"application\/ld+json\" class=\"yoast-schema-graph\">{\"@context\":\"https:\/\/schema.org\",\"@graph\":[{\"@type\":\"WebPage\",\"@id\":\"https:\/\/tecplan.com.gt\/producto\/conmutador-de-matriz-hdmi-4x4-4k-con-rs232-y-multivisor-cuadruple\/\",\"url\":\"https:\/\/tecplan.com.gt\/producto\/conmutador-de-matriz-hdmi-4x4-4k-con-rs232-y-multivisor-cuadruple\/\",\"name\":\"Conmutador de matriz HDMI 4x4 4K con RS232 y multivisor cu\u00e1druple -\",\"isPartOf\":{\"@id\":\"https:\/\/tecplan.com.gt\/#website\"},\"primaryImageOfPage\":{\"@id\":\"https:\/\/tecplan.com.gt\/producto\/conmutador-de-matriz-hdmi-4x4-4k-con-rs232-y-multivisor-cuadruple\/#primaryimage\"},\"image\":{\"@id\":\"https:\/\/tecplan.com.gt\/producto\/conmutador-de-matriz-hdmi-4x4-4k-con-rs232-y-multivisor-cuadruple\/#primaryimage\"},\"thumbnailUrl\":\"\/wp-content\/uploads\/2023\/08\/tesmart-hdmi-matrix-us-plug-black-4k-hdmi-matrix-switcher-4x4-30hz-quad-multi-viewer-hdcp1-4-tesmart.png\",\"datePublished\":\"2023-08-29T16:50:59+00:00\",\"dateModified\":\"2023-08-29T16:51:00+00:00\",\"breadcrumb\":{\"@id\":\"https:\/\/tecplan.com.gt\/producto\/conmutador-de-matriz-hdmi-4x4-4k-con-rs232-y-multivisor-cuadruple\/#breadcrumb\"},\"inLanguage\":\"en-US\",\"potentialAction\":[{\"@type\":\"ReadAction\",\"target\":[\"https:\/\/tecplan.com.gt\/producto\/conmutador-de-matriz-hdmi-4x4-4k-con-rs232-y-multivisor-cuadruple\/\"]}]},{\"@type\":\"ImageObject\",\"inLanguage\":\"en-US\",\"@id\":\"https:\/\/tecplan.com.gt\/producto\/conmutador-de-matriz-hdmi-4x4-4k-con-rs232-y-multivisor-cuadruple\/#primaryimage\",\"url\":\"\/wp-content\/uploads\/2023\/08\/tesmart-hdmi-matrix-us-plug-black-4k-hdmi-matrix-switcher-4x4-30hz-quad-multi-viewer-hdcp1-4-tesmart.png\",\"contentUrl\":\"\/wp-content\/uploads\/2023\/08\/tesmart-hdmi-matrix-us-plug-black-4k-hdmi-matrix-switcher-4x4-30hz-quad-multi-viewer-hdcp1-4-tesmart.png\",\"width\":1000,\"height\":1000},{\"@type\":\"BreadcrumbList\",\"@id\":\"https:\/\/tecplan.com.gt\/producto\/conmutador-de-matriz-hdmi-4x4-4k-con-rs232-y-multivisor-cuadruple\/#breadcrumb\",\"itemListElement\":[{\"@type\":\"ListItem\",\"position\":1,\"name\":\"Portada\",\"item\":\"https:\/\/tecplan.com.gt\/\"},{\"@type\":\"ListItem\",\"position\":2,\"name\":\"Productos\",\"item\":\"https:\/\/tecplan.com.gt\/shop\/\"},{\"@type\":\"ListItem\",\"position\":3,\"name\":\"Conmutador de matriz HDMI 4&#215;4 4K con RS232 y multivisor cu\u00e1druple\"}]},{\"@type\":\"WebSite\",\"@id\":\"https:\/\/tecplan.com.gt\/#website\",\"url\":\"https:\/\/tecplan.com.gt\/\",\"name\":\"Tecplan Argentina\",\"description\":\"Tecnolog\u00edas y equipos de telecomunicaciones\",\"publisher\":{\"@id\":\"https:\/\/tecplan.com.gt\/#organization\"},\"potentialAction\":[{\"@type\":\"SearchAction\",\"target\":{\"@type\":\"EntryPoint\",\"urlTemplate\":\"https:\/\/tecplan.com.gt\/?s={search_term_string}\"},\"query-input\":{\"@type\":\"PropertyValueSpecification\",\"valueRequired\":true,\"valueName\":\"search_term_string\"}}],\"inLanguage\":\"en-US\"},{\"@type\":\"Organization\",\"@id\":\"https:\/\/tecplan.com.gt\/#organization\",\"name\":\"Tecplan Argentina\",\"url\":\"https:\/\/tecplan.com.gt\/\",\"logo\":{\"@type\":\"ImageObject\",\"inLanguage\":\"en-US\",\"@id\":\"https:\/\/tecplan.com.gt\/#\/schema\/logo\/image\/\",\"url\":\"\/wp-content\/uploads\/2023\/03\/logo-tecplan.gif\",\"contentUrl\":\"\/wp-content\/uploads\/2023\/03\/logo-tecplan.gif\",\"width\":1920,\"height\":486,\"caption\":\"Tecplan Argentina\"},\"image\":{\"@id\":\"https:\/\/tecplan.com.gt\/#\/schema\/logo\/image\/\"}}]}<\/script>\n<!-- \/ Yoast SEO plugin. -->","yoast_head_json":{"title":"Conmutador de matriz HDMI 4x4 4K con RS232 y multivisor cu\u00e1druple -","robots":{"index":"index","follow":"follow","max-snippet":"max-snippet:-1","max-image-preview":"max-image-preview:large","max-video-preview":"max-video-preview:-1"},"canonical":"https:\/\/tecplan.com.gt\/en\/product\/conmutador-de-matriz-hdmi-4x4-4k-con-rs232-y-multivisor-cuadruple\/","og_locale":"en_US","og_type":"article","og_title":"Conmutador de matriz HDMI 4x4 4K con RS232 y multivisor cu\u00e1druple -","og_description":"HDMI Matrix puede facilitar enormemente la gesti\u00f3n de dispositivos de audio y v\u00eddeo.\u00a0Si tiene m\u00faltiples fuentes y dispositivos de visualizaci\u00f3n como consolas de juegos, cajas de transmisi\u00f3n, proyectores y monitores, nuestra Matriz HDMI puede ayudarlo a combinar sus dispositivos a voluntad.","og_url":"https:\/\/tecplan.com.gt\/en\/product\/conmutador-de-matriz-hdmi-4x4-4k-con-rs232-y-multivisor-cuadruple\/","article_modified_time":"2023-08-29T16:51:00+00:00","og_image":[{"width":1000,"height":1000,"url":"https:\/\/tecplan.com.gt\/wp-content\/uploads\/2023\/08\/tesmart-hdmi-matrix-us-plug-black-4k-hdmi-matrix-switcher-4x4-30hz-quad-multi-viewer-hdcp1-4-tesmart.png","type":"image\/png"}],"twitter_card":"summary_large_image","twitter_misc":{"Est. reading time":"1 minute"},"schema":{"@context":"https:\/\/schema.org","@graph":[{"@type":"WebPage","@id":"https:\/\/tecplan.com.gt\/producto\/conmutador-de-matriz-hdmi-4x4-4k-con-rs232-y-multivisor-cuadruple\/","url":"https:\/\/tecplan.com.gt\/producto\/conmutador-de-matriz-hdmi-4x4-4k-con-rs232-y-multivisor-cuadruple\/","name":"Conmutador de matriz HDMI 4x4 4K con RS232 y multivisor cu\u00e1druple -","isPartOf":{"@id":"https:\/\/tecplan.com.gt\/#website"},"primaryImageOfPage":{"@id":"https:\/\/tecplan.com.gt\/producto\/conmutador-de-matriz-hdmi-4x4-4k-con-rs232-y-multivisor-cuadruple\/#primaryimage"},"image":{"@id":"https:\/\/tecplan.com.gt\/producto\/conmutador-de-matriz-hdmi-4x4-4k-con-rs232-y-multivisor-cuadruple\/#primaryimage"},"thumbnailUrl":"\/wp-content\/uploads\/2023\/08\/tesmart-hdmi-matrix-us-plug-black-4k-hdmi-matrix-switcher-4x4-30hz-quad-multi-viewer-hdcp1-4-tesmart.png","datePublished":"2023-08-29T16:50:59+00:00","dateModified":"2023-08-29T16:51:00+00:00","breadcrumb":{"@id":"https:\/\/tecplan.com.gt\/producto\/conmutador-de-matriz-hdmi-4x4-4k-con-rs232-y-multivisor-cuadruple\/#breadcrumb"},"inLanguage":"en-US","potentialAction":[{"@type":"ReadAction","target":["https:\/\/tecplan.com.gt\/producto\/conmutador-de-matriz-hdmi-4x4-4k-con-rs232-y-multivisor-cuadruple\/"]}]},{"@type":"ImageObject","inLanguage":"en-US","@id":"https:\/\/tecplan.com.gt\/producto\/conmutador-de-matriz-hdmi-4x4-4k-con-rs232-y-multivisor-cuadruple\/#primaryimage","url":"\/wp-content\/uploads\/2023\/08\/tesmart-hdmi-matrix-us-plug-black-4k-hdmi-matrix-switcher-4x4-30hz-quad-multi-viewer-hdcp1-4-tesmart.png","contentUrl":"\/wp-content\/uploads\/2023\/08\/tesmart-hdmi-matrix-us-plug-black-4k-hdmi-matrix-switcher-4x4-30hz-quad-multi-viewer-hdcp1-4-tesmart.png","width":1000,"height":1000},{"@type":"BreadcrumbList","@id":"https:\/\/tecplan.com.gt\/producto\/conmutador-de-matriz-hdmi-4x4-4k-con-rs232-y-multivisor-cuadruple\/#breadcrumb","itemListElement":[{"@type":"ListItem","position":1,"name":"Portada","item":"https:\/\/tecplan.com.gt\/"},{"@type":"ListItem","position":2,"name":"Productos","item":"https:\/\/tecplan.com.gt\/shop\/"},{"@type":"ListItem","position":3,"name":"Conmutador de matriz HDMI 4&#215;4 4K con RS232 y multivisor cu\u00e1druple"}]},{"@type":"WebSite","@id":"https:\/\/tecplan.com.gt\/#website","url":"https:\/\/tecplan.com.gt\/","name":"Tecplan Argentina","description":"Tecnolog\u00edas y equipos de telecomunicaciones","publisher":{"@id":"https:\/\/tecplan.com.gt\/#organization"},"potentialAction":[{"@type":"SearchAction","target":{"@type":"EntryPoint","urlTemplate":"https:\/\/tecplan.com.gt\/?s={search_term_string}"},"query-input":{"@type":"PropertyValueSpecification","valueRequired":true,"valueName":"search_term_string"}}],"inLanguage":"en-US"},{"@type":"Organization","@id":"https:\/\/tecplan.com.gt\/#organization","name":"Tecplan Argentina","url":"https:\/\/tecplan.com.gt\/","logo":{"@type":"ImageObject","inLanguage":"en-US","@id":"https:\/\/tecplan.com.gt\/#\/schema\/logo\/image\/","url":"\/wp-content\/uploads\/2023\/03\/logo-tecplan.gif","contentUrl":"\/wp-content\/uploads\/2023\/03\/logo-tecplan.gif","width":1920,"height":486,"caption":"Tecplan Argentina"},"image":{"@id":"https:\/\/tecplan.com.gt\/#\/schema\/logo\/image\/"}}]}},"_links":{"self":[{"href":"https:\/\/tecplan.com.gt\/en\/wp-json\/wp\/v2\/product\/3956"}],"collection":[{"href":"https:\/\/tecplan.com.gt\/en\/wp-json\/wp\/v2\/product"}],"about":[{"href":"https:\/\/tecplan.com.gt\/en\/wp-json\/wp\/v2\/types\/product"}],"replies":[{"embeddable":true,"href":"https:\/\/tecplan.com.gt\/en\/wp-json\/wp\/v2\/comments?post=3956"}],"version-history":[{"count":0,"href":"https:\/\/tecplan.com.gt\/en\/wp-json\/wp\/v2\/product\/3956\/revisions"}],"wp:featuredmedia":[{"embeddable":true,"href":"https:\/\/tecplan.com.gt\/en\/wp-json\/wp\/v2\/media\/3957"}],"wp:attachment":[{"href":"https:\/\/tecplan.com.gt\/en\/wp-json\/wp\/v2\/media?parent=3956"}],"wp:term":[{"taxonomy":"product_brand","embeddable":true,"href":"https:\/\/tecplan.com.gt\/en\/wp-json\/wp\/v2\/product_brand?post=3956"},{"taxonomy":"product_cat","embeddable":true,"href":"https:\/\/tecplan.com.gt\/en\/wp-json\/wp\/v2\/product_cat?post=3956"},{"taxonomy":"product_tag","embeddable":true,"href":"https:\/\/tecplan.com.gt\/en\/wp-json\/wp\/v2\/product_tag?post=3956"}],"curies":[{"name":"wp","href":"https:\/\/api.w.org\/{rel}","templated":true}]}}