{"id":3965,"date":"2023-08-29T13:19:47","date_gmt":"2023-08-29T17:19:47","guid":{"rendered":"https:\/\/tecplan.com.gt\/?post_type=product&#038;p=3965"},"modified":"2023-08-29T13:20:51","modified_gmt":"2023-08-29T17:20:51","slug":"conmutador-kvm-de-monitor-triple-de-4-puertos-hdmi-4k60hz-con-concentrador-usb-3-0-auriculares-audio-y-microfono","status":"publish","type":"product","link":"https:\/\/tecplan.com.gt\/en\/product\/conmutador-kvm-de-monitor-triple-de-4-puertos-hdmi-4k60hz-con-concentrador-usb-3-0-auriculares-audio-y-microfono\/","title":{"rendered":"4 Port HDMI 4K60Hz Triple Monitor KVM Switch with USB 3.0 Hub, Headphone, Audio and Mic"},"content":{"rendered":"<p><strong>KEY FEATURES<\/strong><\/p>\n<ul>\n<li>Efficiently manage 4 PCs with one set of keyboard, mouse, and triple 4K60Hz displays.<\/li>\n<li>3 USB 3.0 (including 1 USB C), 2 of which can be charged. USB 3.0 sharing for printers, boot drives, USB headsets, and webcams for teleconferencing.<\/li>\n<li>Recently added a built-in microphone and L\/R audio output.<\/li>\n<li>Newly added LAN port for stable network connectivity. Please make sure all 4 computers are connected to the network via RJ45 with speed up to 100Mbps.<\/li>\n<li>2 working modes: Mode 1 for extended desktop and Mode 2 for split desktop (each computer displays on 1 monitor simultaneously).<\/li>\n<li>K&amp;M transfer for compatibility with multiple keyboard types: wired, wireless, mechanical and gaming.<\/li>\n<li>Easy plug &amp; play setup with no drivers required.<\/li>\n<li>Compatible with Unix\/Windows\/Debian\/Ubuntu\/Fedora\/MacOS X\/Raspbian\/Ubuntu for Raspberry Pi and other Linux based systems, ideal for home, office or educational scenarios.<\/li>\n<\/ul>\n<p><strong>OTHER FEATURES<\/strong><\/p>\n<ul>\n<li>3 ways to switch inputs: keyboard hotkeys, front buttons or remote control.<\/li>\n<li>Assignable hotkey triggers from Scroll Lock to Right CTRL.<\/li>\n<li>Supports front panel function settings that can switch ports, enable\/disable auto scan, change hotkey trigger, lock audio and USB 3.0, and other functions.<\/li>\n<li>Supports locking L\/R audio and USB 3.0 devices to a fixed PC.<\/li>\n<li>One-touch locking KVM to protect private information, with audio output pause and LCD brightness reduction.<\/li>\n<li>Automatic scanning with adjustable time interval from 1 to 250 seconds.<\/li>\n<\/ul>\n<p><strong>TECHNICAL SPECIFICATIONS<\/strong><\/p>\n<ul>\n<li>HDMI 2.0 supports 3840\u00d72160(4K)@60hz, 3440\u00d71440@100Hz, 2560\u00d71440@144Hz, QHD@144hz, FHD@144hz.<\/li>\n<li>HDCP 2.2 compliant<\/li>\n<li>HDR 10 and Dolby Vision.<\/li>\n<li>EDID emulation to avoid resolution and icon rearrangement.<\/li>\n<li>Lag-free, zero-latency keyboard and mouse switching.<\/li>\n<li>Infrared remote control (battery not included). Requires 2 AAA batteries.<\/li>\n<\/ul>","protected":false},"excerpt":{"rendered":"<p>The KVM switch comes with\u00a0<strong>cables de PC completos<\/strong>\u00a0. 4* HDMI\/USB + 8* HDMI (for 2nd &amp; 3rd monitor) cables are included to computers. Share up to 4 desktop or laptop computers with one set of keyboards, mice, and triple monitors.<\/p>","protected":false},"featured_media":3966,"comment_status":"open","ping_status":"closed","template":"","meta":{"site-sidebar-layout":"default","site-content-layout":"","ast-site-content-layout":"default","site-content-style":"default","site-sidebar-style":"default","ast-global-header-display":"","ast-banner-title-visibility":"","ast-main-header-display":"","ast-hfb-above-header-display":"","ast-hfb-below-header-display":"","ast-hfb-mobile-header-display":"","site-post-title":"","ast-breadcrumbs-content":"","ast-featured-img":"","footer-sml-layout":"","theme-transparent-header-meta":"default","adv-header-id-meta":"","stick-header-meta":"","header-above-stick-meta":"","header-main-stick-meta":"","header-below-stick-meta":"","astra-migrate-meta-layouts":"set","ast-page-background-enabled":"default","ast-page-background-meta":{"desktop":{"background-color":"var(--ast-global-color-4)","background-image":"","background-repeat":"repeat","background-position":"center center","background-size":"auto","background-attachment":"scroll","background-type":"","background-media":"","overlay-type":"","overlay-color":"","overlay-opacity":"","overlay-gradient":""},"tablet":{"background-color":"","background-image":"","background-repeat":"repeat","background-position":"center center","background-size":"auto","background-attachment":"scroll","background-type":"","background-media":"","overlay-type":"","overlay-color":"","overlay-opacity":"","overlay-gradient":""},"mobile":{"background-color":"","background-image":"","background-repeat":"repeat","background-position":"center center","background-size":"auto","background-attachment":"scroll","background-type":"","background-media":"","overlay-type":"","overlay-color":"","overlay-opacity":"","overlay-gradient":""}},"ast-content-background-meta":{"desktop":{"background-color":"var(--ast-global-color-5)","background-image":"","background-repeat":"repeat","background-position":"center center","background-size":"auto","background-attachment":"scroll","background-type":"","background-media":"","overlay-type":"","overlay-color":"","overlay-opacity":"","overlay-gradient":""},"tablet":{"background-color":"var(--ast-global-color-5)","background-image":"","background-repeat":"repeat","background-position":"center center","background-size":"auto","background-attachment":"scroll","background-type":"","background-media":"","overlay-type":"","overlay-color":"","overlay-opacity":"","overlay-gradient":""},"mobile":{"background-color":"var(--ast-global-color-5)","background-image":"","background-repeat":"repeat","background-position":"center center","background-size":"auto","background-attachment":"scroll","background-type":"","background-media":"","overlay-type":"","overlay-color":"","overlay-opacity":"","overlay-gradient":""}}},"product_brand":[],"product_cat":[34],"product_tag":[70],"class_list":{"0":"post-3965","1":"product","2":"type-product","3":"status-publish","4":"has-post-thumbnail","6":"product_cat-routers","7":"product_tag-tesmart","8":"desktop-align-left","9":"tablet-align-left","10":"mobile-align-left","12":"first","13":"instock","14":"shipping-taxable","15":"product-type-simple"},"yoast_head":"<!-- This site is optimized with the Yoast SEO plugin v24.6 - https:\/\/yoast.com\/wordpress\/plugins\/seo\/ -->\n<title>Conmutador KVM de monitor triple de 4 puertos HDMI 4K60Hz con concentrador USB 3.0, auriculares, audio y micr\u00f3fono -<\/title>\n<meta name=\"robots\" content=\"index, follow, max-snippet:-1, max-image-preview:large, max-video-preview:-1\" \/>\n<link rel=\"canonical\" href=\"https:\/\/tecplan.com.gt\/en\/product\/conmutador-kvm-de-monitor-triple-de-4-puertos-hdmi-4k60hz-con-concentrador-usb-3-0-auriculares-audio-y-microfono\/\" \/>\n<meta property=\"og:locale\" content=\"en_US\" \/>\n<meta property=\"og:type\" content=\"article\" \/>\n<meta property=\"og:title\" content=\"Conmutador KVM de monitor triple de 4 puertos HDMI 4K60Hz con concentrador USB 3.0, auriculares, audio y micr\u00f3fono -\" \/>\n<meta property=\"og:description\" content=\"El conmutador KVM viene con\u00a0cables de PC completos\u00a0.\u00a0Se incluyen 4* cables HDMI\/USB + 8* HDMI (para el segundo y tercer monitor) a las computadoras. Comparta hasta 4 computadoras de escritorio o port\u00e1tiles con un juego de teclados, ratones y monitores triples.\" \/>\n<meta property=\"og:url\" content=\"https:\/\/tecplan.com.gt\/en\/product\/conmutador-kvm-de-monitor-triple-de-4-puertos-hdmi-4k60hz-con-concentrador-usb-3-0-auriculares-audio-y-microfono\/\" \/>\n<meta property=\"article:modified_time\" content=\"2023-08-29T17:20:51+00:00\" \/>\n<meta property=\"og:image\" content=\"https:\/\/tecplan.com.gt\/wp-content\/uploads\/2023\/08\/tesmart-triple-monitor-kvm-switch-4-port-triple-monitor-kvm-switch-hdmi-4k60hz-with-usb-3-0-hub-head-1.png\" \/>\n\t<meta property=\"og:image:width\" content=\"1000\" \/>\n\t<meta property=\"og:image:height\" content=\"1000\" \/>\n\t<meta property=\"og:image:type\" content=\"image\/png\" \/>\n<meta name=\"twitter:card\" content=\"summary_large_image\" \/>\n<meta name=\"twitter:label1\" content=\"Est. reading time\" \/>\n\t<meta name=\"twitter:data1\" content=\"2 minutes\" \/>\n<script type=\"application\/ld+json\" class=\"yoast-schema-graph\">{\"@context\":\"https:\/\/schema.org\",\"@graph\":[{\"@type\":\"WebPage\",\"@id\":\"https:\/\/tecplan.com.gt\/producto\/conmutador-kvm-de-monitor-triple-de-4-puertos-hdmi-4k60hz-con-concentrador-usb-3-0-auriculares-audio-y-microfono\/\",\"url\":\"https:\/\/tecplan.com.gt\/producto\/conmutador-kvm-de-monitor-triple-de-4-puertos-hdmi-4k60hz-con-concentrador-usb-3-0-auriculares-audio-y-microfono\/\",\"name\":\"Conmutador KVM de monitor triple de 4 puertos HDMI 4K60Hz con concentrador USB 3.0, auriculares, audio y micr\u00f3fono -\",\"isPartOf\":{\"@id\":\"https:\/\/tecplan.com.gt\/#website\"},\"primaryImageOfPage\":{\"@id\":\"https:\/\/tecplan.com.gt\/producto\/conmutador-kvm-de-monitor-triple-de-4-puertos-hdmi-4k60hz-con-concentrador-usb-3-0-auriculares-audio-y-microfono\/#primaryimage\"},\"image\":{\"@id\":\"https:\/\/tecplan.com.gt\/producto\/conmutador-kvm-de-monitor-triple-de-4-puertos-hdmi-4k60hz-con-concentrador-usb-3-0-auriculares-audio-y-microfono\/#primaryimage\"},\"thumbnailUrl\":\"\/wp-content\/uploads\/2023\/08\/tesmart-triple-monitor-kvm-switch-4-port-triple-monitor-kvm-switch-hdmi-4k60hz-with-usb-3-0-hub-head-1.png\",\"datePublished\":\"2023-08-29T17:19:47+00:00\",\"dateModified\":\"2023-08-29T17:20:51+00:00\",\"breadcrumb\":{\"@id\":\"https:\/\/tecplan.com.gt\/producto\/conmutador-kvm-de-monitor-triple-de-4-puertos-hdmi-4k60hz-con-concentrador-usb-3-0-auriculares-audio-y-microfono\/#breadcrumb\"},\"inLanguage\":\"en-US\",\"potentialAction\":[{\"@type\":\"ReadAction\",\"target\":[\"https:\/\/tecplan.com.gt\/producto\/conmutador-kvm-de-monitor-triple-de-4-puertos-hdmi-4k60hz-con-concentrador-usb-3-0-auriculares-audio-y-microfono\/\"]}]},{\"@type\":\"ImageObject\",\"inLanguage\":\"en-US\",\"@id\":\"https:\/\/tecplan.com.gt\/producto\/conmutador-kvm-de-monitor-triple-de-4-puertos-hdmi-4k60hz-con-concentrador-usb-3-0-auriculares-audio-y-microfono\/#primaryimage\",\"url\":\"\/wp-content\/uploads\/2023\/08\/tesmart-triple-monitor-kvm-switch-4-port-triple-monitor-kvm-switch-hdmi-4k60hz-with-usb-3-0-hub-head-1.png\",\"contentUrl\":\"\/wp-content\/uploads\/2023\/08\/tesmart-triple-monitor-kvm-switch-4-port-triple-monitor-kvm-switch-hdmi-4k60hz-with-usb-3-0-hub-head-1.png\",\"width\":1000,\"height\":1000},{\"@type\":\"BreadcrumbList\",\"@id\":\"https:\/\/tecplan.com.gt\/producto\/conmutador-kvm-de-monitor-triple-de-4-puertos-hdmi-4k60hz-con-concentrador-usb-3-0-auriculares-audio-y-microfono\/#breadcrumb\",\"itemListElement\":[{\"@type\":\"ListItem\",\"position\":1,\"name\":\"Portada\",\"item\":\"https:\/\/tecplan.com.gt\/\"},{\"@type\":\"ListItem\",\"position\":2,\"name\":\"Productos\",\"item\":\"https:\/\/tecplan.com.gt\/shop\/\"},{\"@type\":\"ListItem\",\"position\":3,\"name\":\"Conmutador KVM de monitor triple de 4 puertos HDMI 4K60Hz con concentrador USB 3.0, auriculares, audio y micr\u00f3fono\"}]},{\"@type\":\"WebSite\",\"@id\":\"https:\/\/tecplan.com.gt\/#website\",\"url\":\"https:\/\/tecplan.com.gt\/\",\"name\":\"Tecplan Argentina\",\"description\":\"Tecnolog\u00edas y equipos de telecomunicaciones\",\"publisher\":{\"@id\":\"https:\/\/tecplan.com.gt\/#organization\"},\"potentialAction\":[{\"@type\":\"SearchAction\",\"target\":{\"@type\":\"EntryPoint\",\"urlTemplate\":\"https:\/\/tecplan.com.gt\/?s={search_term_string}\"},\"query-input\":{\"@type\":\"PropertyValueSpecification\",\"valueRequired\":true,\"valueName\":\"search_term_string\"}}],\"inLanguage\":\"en-US\"},{\"@type\":\"Organization\",\"@id\":\"https:\/\/tecplan.com.gt\/#organization\",\"name\":\"Tecplan Argentina\",\"url\":\"https:\/\/tecplan.com.gt\/\",\"logo\":{\"@type\":\"ImageObject\",\"inLanguage\":\"en-US\",\"@id\":\"https:\/\/tecplan.com.gt\/#\/schema\/logo\/image\/\",\"url\":\"\/wp-content\/uploads\/2023\/03\/logo-tecplan.gif\",\"contentUrl\":\"\/wp-content\/uploads\/2023\/03\/logo-tecplan.gif\",\"width\":1920,\"height\":486,\"caption\":\"Tecplan Argentina\"},\"image\":{\"@id\":\"https:\/\/tecplan.com.gt\/#\/schema\/logo\/image\/\"}}]}<\/script>\n<!-- \/ Yoast SEO plugin. -->","yoast_head_json":{"title":"Conmutador KVM de monitor triple de 4 puertos HDMI 4K60Hz con concentrador USB 3.0, auriculares, audio y micr\u00f3fono -","robots":{"index":"index","follow":"follow","max-snippet":"max-snippet:-1","max-image-preview":"max-image-preview:large","max-video-preview":"max-video-preview:-1"},"canonical":"https:\/\/tecplan.com.gt\/en\/product\/conmutador-kvm-de-monitor-triple-de-4-puertos-hdmi-4k60hz-con-concentrador-usb-3-0-auriculares-audio-y-microfono\/","og_locale":"en_US","og_type":"article","og_title":"Conmutador KVM de monitor triple de 4 puertos HDMI 4K60Hz con concentrador USB 3.0, auriculares, audio y micr\u00f3fono -","og_description":"El conmutador KVM viene con\u00a0cables de PC completos\u00a0.\u00a0Se incluyen 4* cables HDMI\/USB + 8* HDMI (para el segundo y tercer monitor) a las computadoras. Comparta hasta 4 computadoras de escritorio o port\u00e1tiles con un juego de teclados, ratones y monitores triples.","og_url":"https:\/\/tecplan.com.gt\/en\/product\/conmutador-kvm-de-monitor-triple-de-4-puertos-hdmi-4k60hz-con-concentrador-usb-3-0-auriculares-audio-y-microfono\/","article_modified_time":"2023-08-29T17:20:51+00:00","og_image":[{"width":1000,"height":1000,"url":"https:\/\/tecplan.com.gt\/wp-content\/uploads\/2023\/08\/tesmart-triple-monitor-kvm-switch-4-port-triple-monitor-kvm-switch-hdmi-4k60hz-with-usb-3-0-hub-head-1.png","type":"image\/png"}],"twitter_card":"summary_large_image","twitter_misc":{"Est. reading time":"2 minutes"},"schema":{"@context":"https:\/\/schema.org","@graph":[{"@type":"WebPage","@id":"https:\/\/tecplan.com.gt\/producto\/conmutador-kvm-de-monitor-triple-de-4-puertos-hdmi-4k60hz-con-concentrador-usb-3-0-auriculares-audio-y-microfono\/","url":"https:\/\/tecplan.com.gt\/producto\/conmutador-kvm-de-monitor-triple-de-4-puertos-hdmi-4k60hz-con-concentrador-usb-3-0-auriculares-audio-y-microfono\/","name":"Conmutador KVM de monitor triple de 4 puertos HDMI 4K60Hz con concentrador USB 3.0, auriculares, audio y micr\u00f3fono -","isPartOf":{"@id":"https:\/\/tecplan.com.gt\/#website"},"primaryImageOfPage":{"@id":"https:\/\/tecplan.com.gt\/producto\/conmutador-kvm-de-monitor-triple-de-4-puertos-hdmi-4k60hz-con-concentrador-usb-3-0-auriculares-audio-y-microfono\/#primaryimage"},"image":{"@id":"https:\/\/tecplan.com.gt\/producto\/conmutador-kvm-de-monitor-triple-de-4-puertos-hdmi-4k60hz-con-concentrador-usb-3-0-auriculares-audio-y-microfono\/#primaryimage"},"thumbnailUrl":"\/wp-content\/uploads\/2023\/08\/tesmart-triple-monitor-kvm-switch-4-port-triple-monitor-kvm-switch-hdmi-4k60hz-with-usb-3-0-hub-head-1.png","datePublished":"2023-08-29T17:19:47+00:00","dateModified":"2023-08-29T17:20:51+00:00","breadcrumb":{"@id":"https:\/\/tecplan.com.gt\/producto\/conmutador-kvm-de-monitor-triple-de-4-puertos-hdmi-4k60hz-con-concentrador-usb-3-0-auriculares-audio-y-microfono\/#breadcrumb"},"inLanguage":"en-US","potentialAction":[{"@type":"ReadAction","target":["https:\/\/tecplan.com.gt\/producto\/conmutador-kvm-de-monitor-triple-de-4-puertos-hdmi-4k60hz-con-concentrador-usb-3-0-auriculares-audio-y-microfono\/"]}]},{"@type":"ImageObject","inLanguage":"en-US","@id":"https:\/\/tecplan.com.gt\/producto\/conmutador-kvm-de-monitor-triple-de-4-puertos-hdmi-4k60hz-con-concentrador-usb-3-0-auriculares-audio-y-microfono\/#primaryimage","url":"\/wp-content\/uploads\/2023\/08\/tesmart-triple-monitor-kvm-switch-4-port-triple-monitor-kvm-switch-hdmi-4k60hz-with-usb-3-0-hub-head-1.png","contentUrl":"\/wp-content\/uploads\/2023\/08\/tesmart-triple-monitor-kvm-switch-4-port-triple-monitor-kvm-switch-hdmi-4k60hz-with-usb-3-0-hub-head-1.png","width":1000,"height":1000},{"@type":"BreadcrumbList","@id":"https:\/\/tecplan.com.gt\/producto\/conmutador-kvm-de-monitor-triple-de-4-puertos-hdmi-4k60hz-con-concentrador-usb-3-0-auriculares-audio-y-microfono\/#breadcrumb","itemListElement":[{"@type":"ListItem","position":1,"name":"Portada","item":"https:\/\/tecplan.com.gt\/"},{"@type":"ListItem","position":2,"name":"Productos","item":"https:\/\/tecplan.com.gt\/shop\/"},{"@type":"ListItem","position":3,"name":"Conmutador KVM de monitor triple de 4 puertos HDMI 4K60Hz con concentrador USB 3.0, auriculares, audio y micr\u00f3fono"}]},{"@type":"WebSite","@id":"https:\/\/tecplan.com.gt\/#website","url":"https:\/\/tecplan.com.gt\/","name":"Tecplan Argentina","description":"Tecnolog\u00edas y equipos de telecomunicaciones","publisher":{"@id":"https:\/\/tecplan.com.gt\/#organization"},"potentialAction":[{"@type":"SearchAction","target":{"@type":"EntryPoint","urlTemplate":"https:\/\/tecplan.com.gt\/?s={search_term_string}"},"query-input":{"@type":"PropertyValueSpecification","valueRequired":true,"valueName":"search_term_string"}}],"inLanguage":"en-US"},{"@type":"Organization","@id":"https:\/\/tecplan.com.gt\/#organization","name":"Tecplan Argentina","url":"https:\/\/tecplan.com.gt\/","logo":{"@type":"ImageObject","inLanguage":"en-US","@id":"https:\/\/tecplan.com.gt\/#\/schema\/logo\/image\/","url":"\/wp-content\/uploads\/2023\/03\/logo-tecplan.gif","contentUrl":"\/wp-content\/uploads\/2023\/03\/logo-tecplan.gif","width":1920,"height":486,"caption":"Tecplan Argentina"},"image":{"@id":"https:\/\/tecplan.com.gt\/#\/schema\/logo\/image\/"}}]}},"_links":{"self":[{"href":"https:\/\/tecplan.com.gt\/en\/wp-json\/wp\/v2\/product\/3965"}],"collection":[{"href":"https:\/\/tecplan.com.gt\/en\/wp-json\/wp\/v2\/product"}],"about":[{"href":"https:\/\/tecplan.com.gt\/en\/wp-json\/wp\/v2\/types\/product"}],"replies":[{"embeddable":true,"href":"https:\/\/tecplan.com.gt\/en\/wp-json\/wp\/v2\/comments?post=3965"}],"version-history":[{"count":0,"href":"https:\/\/tecplan.com.gt\/en\/wp-json\/wp\/v2\/product\/3965\/revisions"}],"wp:featuredmedia":[{"embeddable":true,"href":"https:\/\/tecplan.com.gt\/en\/wp-json\/wp\/v2\/media\/3966"}],"wp:attachment":[{"href":"https:\/\/tecplan.com.gt\/en\/wp-json\/wp\/v2\/media?parent=3965"}],"wp:term":[{"taxonomy":"product_brand","embeddable":true,"href":"https:\/\/tecplan.com.gt\/en\/wp-json\/wp\/v2\/product_brand?post=3965"},{"taxonomy":"product_cat","embeddable":true,"href":"https:\/\/tecplan.com.gt\/en\/wp-json\/wp\/v2\/product_cat?post=3965"},{"taxonomy":"product_tag","embeddable":true,"href":"https:\/\/tecplan.com.gt\/en\/wp-json\/wp\/v2\/product_tag?post=3965"}],"curies":[{"name":"wp","href":"https:\/\/api.w.org\/{rel}","templated":true}]}}