{"id":3992,"date":"2023-08-29T16:12:26","date_gmt":"2023-08-29T20:12:26","guid":{"rendered":"https:\/\/tecplan.com.gt\/?post_type=product&#038;p=3992"},"modified":"2024-01-23T17:14:49","modified_gmt":"2024-01-23T20:14:49","slug":"ghp610-ghp611","status":"publish","type":"product","link":"https:\/\/tecplan.com.gt\/en\/product\/ghp610-ghp611\/","title":{"rendered":"GHP610\/GHP611"},"content":{"rendered":"<div class=\"row-fluid-wrapper row-depth-1 row-number-5 dnd-row\">\n<div class=\"row-fluid\">\n<div class=\"span12 widget-span widget-type-custom_widget dnd-module\" data-widget-type=\"custom_widget\" data-x=\"0\" data-w=\"12\">\n<div id=\"hs_cos_wrapper_widget_1615131194182\" class=\"hs_cos_wrapper hs_cos_wrapper_widget hs_cos_wrapper_type_module widget-type-header\" data-hs-cos-general-type=\"widget\" data-hs-cos-type=\"module\">\n<h3>Characteristics<\/h3>\n<\/div>\n<\/div>\n<\/div>\n<\/div>\n<div class=\"row-fluid-wrapper row-depth-1 row-number-6 cell_16151310628832-row-1-vertical-alignment dnd-row\">\n<div class=\"row-fluid\">\n<div class=\"span8 widget-span widget-type-cell cell_1615131176725-vertical-alignment dnd-column\" data-widget-type=\"cell\" data-x=\"0\" data-w=\"8\">\n<div class=\"row-fluid-wrapper row-depth-1 row-number-7 dnd-row\">\n<div class=\"row-fluid\">\n<div class=\"span12 widget-span widget-type-custom_widget dnd-module\" data-widget-type=\"custom_widget\" data-x=\"0\" data-w=\"12\">\n<div id=\"hs_cos_wrapper_widget_1615131062373\" class=\"hs_cos_wrapper hs_cos_wrapper_widget hs_cos_wrapper_type_module widget-type-rich_text\" data-hs-cos-general-type=\"widget\" data-hs-cos-type=\"module\">\n<ul>\n<li>2 SIP accounts, 2 lines<\/li>\n<li>GDMS Online Device Management and Provisioning<\/li>\n<li>3-way audio conferencing for easy conference calls.<\/li>\n<li>Integrated dual band 2.4 GHz and 5 GHz 802.11 a\/b\/g\/n\/ac (GHP610W and GHP611W only).<\/li>\n<li>Includes a 100Mbps network port with PoE (GHP610 and GHP611 only).<\/li>\n<li>Quick-dial label and interchangeable faceplate to allow easy customization.<\/li>\n<li>Hearing Aid Compatibility (HAC).<\/li>\n<li>Enterprise-grade protection including secure boot.<\/li>\n<\/ul>\n<\/div>\n<\/div>\n<\/div>\n<\/div>\n<\/div>\n<\/div>\n<\/div>","protected":false},"excerpt":{"rendered":"<p>The GHP610\/GHP610W and GHP611\/GHP611W are compact IP phones that provide an HD speakerphone on the handset, 2 SIP accounts\/lines, 10 speed dial keys, and 3 programmable keys, ideal for deployments in hotels and many other similar environments.<\/p>\n<p><a href=\"http:\/\/tecplan.com.gt\/wp-content\/uploads\/2023\/08\/Datasheet_GHP610_GHP611_Spanish.pdf\" target=\"_blank\" rel=\"noopener\">See technical sheet<\/a><\/p>","protected":false},"featured_media":6241,"comment_status":"open","ping_status":"closed","template":"","meta":{"site-sidebar-layout":"default","site-content-layout":"","ast-site-content-layout":"default","site-content-style":"default","site-sidebar-style":"default","ast-global-header-display":"","ast-banner-title-visibility":"","ast-main-header-display":"","ast-hfb-above-header-display":"","ast-hfb-below-header-display":"","ast-hfb-mobile-header-display":"","site-post-title":"","ast-breadcrumbs-content":"","ast-featured-img":"","footer-sml-layout":"","theme-transparent-header-meta":"default","adv-header-id-meta":"","stick-header-meta":"","header-above-stick-meta":"","header-main-stick-meta":"","header-below-stick-meta":"","astra-migrate-meta-layouts":"set","ast-page-background-enabled":"default","ast-page-background-meta":{"desktop":{"background-color":"var(--ast-global-color-4)","background-image":"","background-repeat":"repeat","background-position":"center center","background-size":"auto","background-attachment":"scroll","background-type":"","background-media":"","overlay-type":"","overlay-color":"","overlay-opacity":"","overlay-gradient":""},"tablet":{"background-color":"","background-image":"","background-repeat":"repeat","background-position":"center center","background-size":"auto","background-attachment":"scroll","background-type":"","background-media":"","overlay-type":"","overlay-color":"","overlay-opacity":"","overlay-gradient":""},"mobile":{"background-color":"","background-image":"","background-repeat":"repeat","background-position":"center center","background-size":"auto","background-attachment":"scroll","background-type":"","background-media":"","overlay-type":"","overlay-color":"","overlay-opacity":"","overlay-gradient":""}},"ast-content-background-meta":{"desktop":{"background-color":"var(--ast-global-color-5)","background-image":"","background-repeat":"repeat","background-position":"center center","background-size":"auto","background-attachment":"scroll","background-type":"","background-media":"","overlay-type":"","overlay-color":"","overlay-opacity":"","overlay-gradient":""},"tablet":{"background-color":"var(--ast-global-color-5)","background-image":"","background-repeat":"repeat","background-position":"center center","background-size":"auto","background-attachment":"scroll","background-type":"","background-media":"","overlay-type":"","overlay-color":"","overlay-opacity":"","overlay-gradient":""},"mobile":{"background-color":"var(--ast-global-color-5)","background-image":"","background-repeat":"repeat","background-position":"center center","background-size":"auto","background-attachment":"scroll","background-type":"","background-media":"","overlay-type":"","overlay-color":"","overlay-opacity":"","overlay-gradient":""}}},"product_brand":[],"product_cat":[41],"product_tag":[65],"class_list":{"0":"post-3992","1":"product","2":"type-product","3":"status-publish","4":"has-post-thumbnail","6":"product_cat-grandstream","7":"product_tag-grandstream","8":"desktop-align-left","9":"tablet-align-left","10":"mobile-align-left","12":"first","13":"instock","14":"shipping-taxable","15":"product-type-simple"},"yoast_head":"<!-- This site is optimized with the Yoast SEO plugin v24.6 - https:\/\/yoast.com\/wordpress\/plugins\/seo\/ -->\n<title>GHP610\/GHP611 -<\/title>\n<meta name=\"robots\" content=\"index, follow, max-snippet:-1, max-image-preview:large, max-video-preview:-1\" \/>\n<link rel=\"canonical\" href=\"https:\/\/tecplan.com.gt\/en\/product\/ghp610-ghp611\/\" \/>\n<meta property=\"og:locale\" content=\"en_US\" \/>\n<meta property=\"og:type\" content=\"article\" \/>\n<meta property=\"og:title\" content=\"GHP610\/GHP611 -\" \/>\n<meta property=\"og:description\" content=\"Los GHP610\/GHP610W y GHP611\/GHP611W son tel\u00e9fonos IP compactos que proporcionan un altavoz HD en el auricular, 2 cuentas\/l\u00edneas SIP, 10 teclas de marcaci\u00f3n r\u00e1pida y 3 teclas programables, ideales para implementaciones en hoteles y muchos otros entornos similares.  Ver ficha t\u00e9cnica\" \/>\n<meta property=\"og:url\" content=\"https:\/\/tecplan.com.gt\/en\/product\/ghp610-ghp611\/\" \/>\n<meta property=\"article:modified_time\" content=\"2024-01-23T20:14:49+00:00\" \/>\n<meta property=\"og:image\" content=\"https:\/\/tecplan.com.gt\/wp-content\/uploads\/2023\/08\/GHP610-11-01.jpg\" \/>\n\t<meta property=\"og:image:width\" content=\"2000\" \/>\n\t<meta property=\"og:image:height\" content=\"2000\" \/>\n\t<meta property=\"og:image:type\" content=\"image\/jpeg\" \/>\n<meta name=\"twitter:card\" content=\"summary_large_image\" \/>\n<meta name=\"twitter:label1\" content=\"Est. reading time\" \/>\n\t<meta name=\"twitter:data1\" content=\"1 minute\" \/>\n<script type=\"application\/ld+json\" class=\"yoast-schema-graph\">{\"@context\":\"https:\/\/schema.org\",\"@graph\":[{\"@type\":\"WebPage\",\"@id\":\"https:\/\/tecplan.com.gt\/producto\/ghp610-ghp611\/\",\"url\":\"https:\/\/tecplan.com.gt\/producto\/ghp610-ghp611\/\",\"name\":\"GHP610\/GHP611 -\",\"isPartOf\":{\"@id\":\"https:\/\/tecplan.com.gt\/#website\"},\"primaryImageOfPage\":{\"@id\":\"https:\/\/tecplan.com.gt\/producto\/ghp610-ghp611\/#primaryimage\"},\"image\":{\"@id\":\"https:\/\/tecplan.com.gt\/producto\/ghp610-ghp611\/#primaryimage\"},\"thumbnailUrl\":\"\/wp-content\/uploads\/2023\/08\/GHP610-11-01.jpg\",\"datePublished\":\"2023-08-29T20:12:26+00:00\",\"dateModified\":\"2024-01-23T20:14:49+00:00\",\"breadcrumb\":{\"@id\":\"https:\/\/tecplan.com.gt\/producto\/ghp610-ghp611\/#breadcrumb\"},\"inLanguage\":\"en-US\",\"potentialAction\":[{\"@type\":\"ReadAction\",\"target\":[\"https:\/\/tecplan.com.gt\/producto\/ghp610-ghp611\/\"]}]},{\"@type\":\"ImageObject\",\"inLanguage\":\"en-US\",\"@id\":\"https:\/\/tecplan.com.gt\/producto\/ghp610-ghp611\/#primaryimage\",\"url\":\"\/wp-content\/uploads\/2023\/08\/GHP610-11-01.jpg\",\"contentUrl\":\"\/wp-content\/uploads\/2023\/08\/GHP610-11-01.jpg\",\"width\":2000,\"height\":2000},{\"@type\":\"BreadcrumbList\",\"@id\":\"https:\/\/tecplan.com.gt\/producto\/ghp610-ghp611\/#breadcrumb\",\"itemListElement\":[{\"@type\":\"ListItem\",\"position\":1,\"name\":\"Portada\",\"item\":\"https:\/\/tecplan.com.gt\/\"},{\"@type\":\"ListItem\",\"position\":2,\"name\":\"Productos\",\"item\":\"https:\/\/tecplan.com.gt\/shop\/\"},{\"@type\":\"ListItem\",\"position\":3,\"name\":\"GHP610\/GHP611\"}]},{\"@type\":\"WebSite\",\"@id\":\"https:\/\/tecplan.com.gt\/#website\",\"url\":\"https:\/\/tecplan.com.gt\/\",\"name\":\"Tecplan Argentina\",\"description\":\"Tecnolog\u00edas y equipos de telecomunicaciones\",\"publisher\":{\"@id\":\"https:\/\/tecplan.com.gt\/#organization\"},\"potentialAction\":[{\"@type\":\"SearchAction\",\"target\":{\"@type\":\"EntryPoint\",\"urlTemplate\":\"https:\/\/tecplan.com.gt\/?s={search_term_string}\"},\"query-input\":{\"@type\":\"PropertyValueSpecification\",\"valueRequired\":true,\"valueName\":\"search_term_string\"}}],\"inLanguage\":\"en-US\"},{\"@type\":\"Organization\",\"@id\":\"https:\/\/tecplan.com.gt\/#organization\",\"name\":\"Tecplan Argentina\",\"url\":\"https:\/\/tecplan.com.gt\/\",\"logo\":{\"@type\":\"ImageObject\",\"inLanguage\":\"en-US\",\"@id\":\"https:\/\/tecplan.com.gt\/#\/schema\/logo\/image\/\",\"url\":\"\/wp-content\/uploads\/2023\/03\/logo-tecplan.gif\",\"contentUrl\":\"\/wp-content\/uploads\/2023\/03\/logo-tecplan.gif\",\"width\":1920,\"height\":486,\"caption\":\"Tecplan Argentina\"},\"image\":{\"@id\":\"https:\/\/tecplan.com.gt\/#\/schema\/logo\/image\/\"}}]}<\/script>\n<!-- \/ Yoast SEO plugin. -->","yoast_head_json":{"title":"GHP610\/GHP611 -","robots":{"index":"index","follow":"follow","max-snippet":"max-snippet:-1","max-image-preview":"max-image-preview:large","max-video-preview":"max-video-preview:-1"},"canonical":"https:\/\/tecplan.com.gt\/en\/product\/ghp610-ghp611\/","og_locale":"en_US","og_type":"article","og_title":"GHP610\/GHP611 -","og_description":"Los GHP610\/GHP610W y GHP611\/GHP611W son tel\u00e9fonos IP compactos que proporcionan un altavoz HD en el auricular, 2 cuentas\/l\u00edneas SIP, 10 teclas de marcaci\u00f3n r\u00e1pida y 3 teclas programables, ideales para implementaciones en hoteles y muchos otros entornos similares.  Ver ficha t\u00e9cnica","og_url":"https:\/\/tecplan.com.gt\/en\/product\/ghp610-ghp611\/","article_modified_time":"2024-01-23T20:14:49+00:00","og_image":[{"width":2000,"height":2000,"url":"https:\/\/tecplan.com.gt\/wp-content\/uploads\/2023\/08\/GHP610-11-01.jpg","type":"image\/jpeg"}],"twitter_card":"summary_large_image","twitter_misc":{"Est. reading time":"1 minute"},"schema":{"@context":"https:\/\/schema.org","@graph":[{"@type":"WebPage","@id":"https:\/\/tecplan.com.gt\/producto\/ghp610-ghp611\/","url":"https:\/\/tecplan.com.gt\/producto\/ghp610-ghp611\/","name":"GHP610\/GHP611 -","isPartOf":{"@id":"https:\/\/tecplan.com.gt\/#website"},"primaryImageOfPage":{"@id":"https:\/\/tecplan.com.gt\/producto\/ghp610-ghp611\/#primaryimage"},"image":{"@id":"https:\/\/tecplan.com.gt\/producto\/ghp610-ghp611\/#primaryimage"},"thumbnailUrl":"\/wp-content\/uploads\/2023\/08\/GHP610-11-01.jpg","datePublished":"2023-08-29T20:12:26+00:00","dateModified":"2024-01-23T20:14:49+00:00","breadcrumb":{"@id":"https:\/\/tecplan.com.gt\/producto\/ghp610-ghp611\/#breadcrumb"},"inLanguage":"en-US","potentialAction":[{"@type":"ReadAction","target":["https:\/\/tecplan.com.gt\/producto\/ghp610-ghp611\/"]}]},{"@type":"ImageObject","inLanguage":"en-US","@id":"https:\/\/tecplan.com.gt\/producto\/ghp610-ghp611\/#primaryimage","url":"\/wp-content\/uploads\/2023\/08\/GHP610-11-01.jpg","contentUrl":"\/wp-content\/uploads\/2023\/08\/GHP610-11-01.jpg","width":2000,"height":2000},{"@type":"BreadcrumbList","@id":"https:\/\/tecplan.com.gt\/producto\/ghp610-ghp611\/#breadcrumb","itemListElement":[{"@type":"ListItem","position":1,"name":"Portada","item":"https:\/\/tecplan.com.gt\/"},{"@type":"ListItem","position":2,"name":"Productos","item":"https:\/\/tecplan.com.gt\/shop\/"},{"@type":"ListItem","position":3,"name":"GHP610\/GHP611"}]},{"@type":"WebSite","@id":"https:\/\/tecplan.com.gt\/#website","url":"https:\/\/tecplan.com.gt\/","name":"Tecplan Argentina","description":"Tecnolog\u00edas y equipos de telecomunicaciones","publisher":{"@id":"https:\/\/tecplan.com.gt\/#organization"},"potentialAction":[{"@type":"SearchAction","target":{"@type":"EntryPoint","urlTemplate":"https:\/\/tecplan.com.gt\/?s={search_term_string}"},"query-input":{"@type":"PropertyValueSpecification","valueRequired":true,"valueName":"search_term_string"}}],"inLanguage":"en-US"},{"@type":"Organization","@id":"https:\/\/tecplan.com.gt\/#organization","name":"Tecplan Argentina","url":"https:\/\/tecplan.com.gt\/","logo":{"@type":"ImageObject","inLanguage":"en-US","@id":"https:\/\/tecplan.com.gt\/#\/schema\/logo\/image\/","url":"\/wp-content\/uploads\/2023\/03\/logo-tecplan.gif","contentUrl":"\/wp-content\/uploads\/2023\/03\/logo-tecplan.gif","width":1920,"height":486,"caption":"Tecplan Argentina"},"image":{"@id":"https:\/\/tecplan.com.gt\/#\/schema\/logo\/image\/"}}]}},"_links":{"self":[{"href":"https:\/\/tecplan.com.gt\/en\/wp-json\/wp\/v2\/product\/3992"}],"collection":[{"href":"https:\/\/tecplan.com.gt\/en\/wp-json\/wp\/v2\/product"}],"about":[{"href":"https:\/\/tecplan.com.gt\/en\/wp-json\/wp\/v2\/types\/product"}],"replies":[{"embeddable":true,"href":"https:\/\/tecplan.com.gt\/en\/wp-json\/wp\/v2\/comments?post=3992"}],"version-history":[{"count":0,"href":"https:\/\/tecplan.com.gt\/en\/wp-json\/wp\/v2\/product\/3992\/revisions"}],"wp:featuredmedia":[{"embeddable":true,"href":"https:\/\/tecplan.com.gt\/en\/wp-json\/wp\/v2\/media\/6241"}],"wp:attachment":[{"href":"https:\/\/tecplan.com.gt\/en\/wp-json\/wp\/v2\/media?parent=3992"}],"wp:term":[{"taxonomy":"product_brand","embeddable":true,"href":"https:\/\/tecplan.com.gt\/en\/wp-json\/wp\/v2\/product_brand?post=3992"},{"taxonomy":"product_cat","embeddable":true,"href":"https:\/\/tecplan.com.gt\/en\/wp-json\/wp\/v2\/product_cat?post=3992"},{"taxonomy":"product_tag","embeddable":true,"href":"https:\/\/tecplan.com.gt\/en\/wp-json\/wp\/v2\/product_tag?post=3992"}],"curies":[{"name":"wp","href":"https:\/\/api.w.org\/{rel}","templated":true}]}}