{"id":3999,"date":"2023-08-29T16:25:47","date_gmt":"2023-08-29T20:25:47","guid":{"rendered":"https:\/\/tecplan.com.gt\/?post_type=product&#038;p=3999"},"modified":"2024-01-23T18:20:17","modified_gmt":"2024-01-23T21:20:17","slug":"mototrbo-r7-radio-digital-portable-de-dos-vias","status":"publish","type":"product","link":"https:\/\/tecplan.com.gt\/en\/product\/mototrbo-r7-radio-digital-portable-de-dos-vias\/","title":{"rendered":"MOTOTRBO\u2122 R7 Portable Digital Two-Way Radio"},"content":{"rendered":"<p>The MOTOTRBO R7\u2019s advanced audio processing ensures your communications are loud and clear, while its rugged design is ready for the toughest environments, and advanced connectivity options prepare your workforce for the future.<\/p>\n<h3 class=\"col-12 col-md-4 col-lg-3 offset-lg-1 text-center text-md-left title\">Loud and clear<\/h3>\n<div class=\"col-12 col-md-8 col-lg-6 text-center text-md-left desc\">\n<p>Delivering superior levels of noise cancellation, volume and clarity, the MOTOTRBO R7 excels where audio communications are challenging, so your team can hear and be heard anywhere they operate, even in the noisiest environments.<\/p>\n<div class=\"col-12 col-md-4 col-lg-3 offset-lg-1 text-center text-md-left title\">\n<h3>Suitable for business<\/h3>\n<\/div>\n<div class=\"col-12 col-md-8 col-lg-6 text-center text-md-left desc\">\n<p>Built rugged, ready to keep your team connected with personalized voice coverage, and equipped with forward-thinking service coverage and security features to minimize device downtime, the MOTOTRBO R7 has been designed for business and tested to withstand the toughest environments.<\/p>\n<div class=\"col-12 col-md-4 col-lg-3 offset-lg-1 text-center text-md-left title\">\n<h3>Ready for tomorrow<\/h3>\n<\/div>\n<div class=\"col-12 col-md-8 col-lg-6 text-center text-md-left desc\">\n<p>Future-proof your team's communications needs today and tomorrow, with modern, forward-thinking design upgrades and connectivity options to keep your team connected now and in the future.<\/p>\n<\/div>\n<\/div>\n<\/div>","protected":false},"excerpt":{"rendered":"<p>The MOTOTRBO R7 delivers revolutionary audio capabilities in a feature-rich device. Its advanced audio processing ensures loud, clear communications, its rugged design is ready for tough environments, and advanced connectivity options prepare your workforce for the future.<\/p>\n<p><a href=\"http:\/\/tecplan.com.gt\/wp-content\/uploads\/2023\/08\/DataSheet_MototrboR7_ES.pdf\" target=\"_blank\" rel=\"noopener\">See technical sheet<\/a><\/p>","protected":false},"featured_media":6249,"comment_status":"open","ping_status":"closed","template":"","meta":{"site-sidebar-layout":"default","site-content-layout":"","ast-site-content-layout":"default","site-content-style":"default","site-sidebar-style":"default","ast-global-header-display":"","ast-banner-title-visibility":"","ast-main-header-display":"","ast-hfb-above-header-display":"","ast-hfb-below-header-display":"","ast-hfb-mobile-header-display":"","site-post-title":"","ast-breadcrumbs-content":"","ast-featured-img":"","footer-sml-layout":"","theme-transparent-header-meta":"default","adv-header-id-meta":"","stick-header-meta":"","header-above-stick-meta":"","header-main-stick-meta":"","header-below-stick-meta":"","astra-migrate-meta-layouts":"set","ast-page-background-enabled":"default","ast-page-background-meta":{"desktop":{"background-color":"var(--ast-global-color-4)","background-image":"","background-repeat":"repeat","background-position":"center center","background-size":"auto","background-attachment":"scroll","background-type":"","background-media":"","overlay-type":"","overlay-color":"","overlay-opacity":"","overlay-gradient":""},"tablet":{"background-color":"","background-image":"","background-repeat":"repeat","background-position":"center center","background-size":"auto","background-attachment":"scroll","background-type":"","background-media":"","overlay-type":"","overlay-color":"","overlay-opacity":"","overlay-gradient":""},"mobile":{"background-color":"","background-image":"","background-repeat":"repeat","background-position":"center center","background-size":"auto","background-attachment":"scroll","background-type":"","background-media":"","overlay-type":"","overlay-color":"","overlay-opacity":"","overlay-gradient":""}},"ast-content-background-meta":{"desktop":{"background-color":"var(--ast-global-color-5)","background-image":"","background-repeat":"repeat","background-position":"center center","background-size":"auto","background-attachment":"scroll","background-type":"","background-media":"","overlay-type":"","overlay-color":"","overlay-opacity":"","overlay-gradient":""},"tablet":{"background-color":"var(--ast-global-color-5)","background-image":"","background-repeat":"repeat","background-position":"center center","background-size":"auto","background-attachment":"scroll","background-type":"","background-media":"","overlay-type":"","overlay-color":"","overlay-opacity":"","overlay-gradient":""},"mobile":{"background-color":"var(--ast-global-color-5)","background-image":"","background-repeat":"repeat","background-position":"center center","background-size":"auto","background-attachment":"scroll","background-type":"","background-media":"","overlay-type":"","overlay-color":"","overlay-opacity":"","overlay-gradient":""}}},"product_brand":[],"product_cat":[32],"product_tag":[33],"class_list":{"0":"post-3999","1":"product","2":"type-product","3":"status-publish","4":"has-post-thumbnail","6":"product_cat-motorola","7":"product_tag-motorola","8":"desktop-align-left","9":"tablet-align-left","10":"mobile-align-left","12":"first","13":"instock","14":"shipping-taxable","15":"product-type-simple"},"yoast_head":"<!-- This site is optimized with the Yoast SEO plugin v24.6 - https:\/\/yoast.com\/wordpress\/plugins\/seo\/ -->\n<title>MOTOTRBO\u2122 R7 Radio Digital Portable de Dos V\u00edas -<\/title>\n<meta name=\"robots\" content=\"index, follow, max-snippet:-1, max-image-preview:large, max-video-preview:-1\" \/>\n<link rel=\"canonical\" href=\"https:\/\/tecplan.com.gt\/en\/product\/mototrbo-r7-radio-digital-portable-de-dos-vias\/\" \/>\n<meta property=\"og:locale\" content=\"en_US\" \/>\n<meta property=\"og:type\" content=\"article\" \/>\n<meta property=\"og:title\" content=\"MOTOTRBO\u2122 R7 Radio Digital Portable de Dos V\u00edas -\" \/>\n<meta property=\"og:description\" content=\"MOTOTRBO R7 ofrece capacidades de audio revolucionarias en un dispositivo con grandes caracter\u00edsticas. Su procesamiento de audio avanzado garantiza comunicaciones fuertes y claras, su dise\u00f1o robusto est\u00e1 preparado para entornos dif\u00edciles, y las opciones avanzadas de conectividad preparan a su personal al futuro.  Ver ficha t\u00e9cnica\" \/>\n<meta property=\"og:url\" content=\"https:\/\/tecplan.com.gt\/en\/product\/mototrbo-r7-radio-digital-portable-de-dos-vias\/\" \/>\n<meta property=\"article:modified_time\" content=\"2024-01-23T21:20:17+00:00\" \/>\n<meta property=\"og:image\" content=\"https:\/\/tecplan.com.gt\/wp-content\/uploads\/2023\/08\/MOTOTRBO\u2122-R7-01.jpg\" \/>\n\t<meta property=\"og:image:width\" content=\"2000\" \/>\n\t<meta property=\"og:image:height\" content=\"2000\" \/>\n\t<meta property=\"og:image:type\" content=\"image\/jpeg\" \/>\n<meta name=\"twitter:card\" content=\"summary_large_image\" \/>\n<meta name=\"twitter:label1\" content=\"Est. reading time\" \/>\n\t<meta name=\"twitter:data1\" content=\"2 minutes\" \/>\n<script type=\"application\/ld+json\" class=\"yoast-schema-graph\">{\"@context\":\"https:\/\/schema.org\",\"@graph\":[{\"@type\":\"WebPage\",\"@id\":\"https:\/\/tecplan.com.gt\/producto\/mototrbo-r7-radio-digital-portable-de-dos-vias\/\",\"url\":\"https:\/\/tecplan.com.gt\/producto\/mototrbo-r7-radio-digital-portable-de-dos-vias\/\",\"name\":\"MOTOTRBO\u2122 R7 Radio Digital Portable de Dos V\u00edas -\",\"isPartOf\":{\"@id\":\"https:\/\/tecplan.com.gt\/#website\"},\"primaryImageOfPage\":{\"@id\":\"https:\/\/tecplan.com.gt\/producto\/mototrbo-r7-radio-digital-portable-de-dos-vias\/#primaryimage\"},\"image\":{\"@id\":\"https:\/\/tecplan.com.gt\/producto\/mototrbo-r7-radio-digital-portable-de-dos-vias\/#primaryimage\"},\"thumbnailUrl\":\"\/wp-content\/uploads\/2023\/08\/MOTOTRBO\u2122-R7-01.jpg\",\"datePublished\":\"2023-08-29T20:25:47+00:00\",\"dateModified\":\"2024-01-23T21:20:17+00:00\",\"breadcrumb\":{\"@id\":\"https:\/\/tecplan.com.gt\/producto\/mototrbo-r7-radio-digital-portable-de-dos-vias\/#breadcrumb\"},\"inLanguage\":\"en-US\",\"potentialAction\":[{\"@type\":\"ReadAction\",\"target\":[\"https:\/\/tecplan.com.gt\/producto\/mototrbo-r7-radio-digital-portable-de-dos-vias\/\"]}]},{\"@type\":\"ImageObject\",\"inLanguage\":\"en-US\",\"@id\":\"https:\/\/tecplan.com.gt\/producto\/mototrbo-r7-radio-digital-portable-de-dos-vias\/#primaryimage\",\"url\":\"\/wp-content\/uploads\/2023\/08\/MOTOTRBO\u2122-R7-01.jpg\",\"contentUrl\":\"\/wp-content\/uploads\/2023\/08\/MOTOTRBO\u2122-R7-01.jpg\",\"width\":2000,\"height\":2000},{\"@type\":\"BreadcrumbList\",\"@id\":\"https:\/\/tecplan.com.gt\/producto\/mototrbo-r7-radio-digital-portable-de-dos-vias\/#breadcrumb\",\"itemListElement\":[{\"@type\":\"ListItem\",\"position\":1,\"name\":\"Portada\",\"item\":\"https:\/\/tecplan.com.gt\/\"},{\"@type\":\"ListItem\",\"position\":2,\"name\":\"Productos\",\"item\":\"https:\/\/tecplan.com.gt\/shop\/\"},{\"@type\":\"ListItem\",\"position\":3,\"name\":\"MOTOTRBO\u2122 R7 Radio Digital Portable de Dos V\u00edas\"}]},{\"@type\":\"WebSite\",\"@id\":\"https:\/\/tecplan.com.gt\/#website\",\"url\":\"https:\/\/tecplan.com.gt\/\",\"name\":\"Tecplan Argentina\",\"description\":\"Tecnolog\u00edas y equipos de telecomunicaciones\",\"publisher\":{\"@id\":\"https:\/\/tecplan.com.gt\/#organization\"},\"potentialAction\":[{\"@type\":\"SearchAction\",\"target\":{\"@type\":\"EntryPoint\",\"urlTemplate\":\"https:\/\/tecplan.com.gt\/?s={search_term_string}\"},\"query-input\":{\"@type\":\"PropertyValueSpecification\",\"valueRequired\":true,\"valueName\":\"search_term_string\"}}],\"inLanguage\":\"en-US\"},{\"@type\":\"Organization\",\"@id\":\"https:\/\/tecplan.com.gt\/#organization\",\"name\":\"Tecplan Argentina\",\"url\":\"https:\/\/tecplan.com.gt\/\",\"logo\":{\"@type\":\"ImageObject\",\"inLanguage\":\"en-US\",\"@id\":\"https:\/\/tecplan.com.gt\/#\/schema\/logo\/image\/\",\"url\":\"\/wp-content\/uploads\/2023\/03\/logo-tecplan.gif\",\"contentUrl\":\"\/wp-content\/uploads\/2023\/03\/logo-tecplan.gif\",\"width\":1920,\"height\":486,\"caption\":\"Tecplan Argentina\"},\"image\":{\"@id\":\"https:\/\/tecplan.com.gt\/#\/schema\/logo\/image\/\"}}]}<\/script>\n<!-- \/ Yoast SEO plugin. -->","yoast_head_json":{"title":"MOTOTRBO\u2122 R7 Radio Digital Portable de Dos V\u00edas -","robots":{"index":"index","follow":"follow","max-snippet":"max-snippet:-1","max-image-preview":"max-image-preview:large","max-video-preview":"max-video-preview:-1"},"canonical":"https:\/\/tecplan.com.gt\/en\/product\/mototrbo-r7-radio-digital-portable-de-dos-vias\/","og_locale":"en_US","og_type":"article","og_title":"MOTOTRBO\u2122 R7 Radio Digital Portable de Dos V\u00edas -","og_description":"MOTOTRBO R7 ofrece capacidades de audio revolucionarias en un dispositivo con grandes caracter\u00edsticas. Su procesamiento de audio avanzado garantiza comunicaciones fuertes y claras, su dise\u00f1o robusto est\u00e1 preparado para entornos dif\u00edciles, y las opciones avanzadas de conectividad preparan a su personal al futuro.  Ver ficha t\u00e9cnica","og_url":"https:\/\/tecplan.com.gt\/en\/product\/mototrbo-r7-radio-digital-portable-de-dos-vias\/","article_modified_time":"2024-01-23T21:20:17+00:00","og_image":[{"width":2000,"height":2000,"url":"https:\/\/tecplan.com.gt\/wp-content\/uploads\/2023\/08\/MOTOTRBO\u2122-R7-01.jpg","type":"image\/jpeg"}],"twitter_card":"summary_large_image","twitter_misc":{"Est. reading time":"2 minutes"},"schema":{"@context":"https:\/\/schema.org","@graph":[{"@type":"WebPage","@id":"https:\/\/tecplan.com.gt\/producto\/mototrbo-r7-radio-digital-portable-de-dos-vias\/","url":"https:\/\/tecplan.com.gt\/producto\/mototrbo-r7-radio-digital-portable-de-dos-vias\/","name":"MOTOTRBO\u2122 R7 Radio Digital Portable de Dos V\u00edas -","isPartOf":{"@id":"https:\/\/tecplan.com.gt\/#website"},"primaryImageOfPage":{"@id":"https:\/\/tecplan.com.gt\/producto\/mototrbo-r7-radio-digital-portable-de-dos-vias\/#primaryimage"},"image":{"@id":"https:\/\/tecplan.com.gt\/producto\/mototrbo-r7-radio-digital-portable-de-dos-vias\/#primaryimage"},"thumbnailUrl":"\/wp-content\/uploads\/2023\/08\/MOTOTRBO\u2122-R7-01.jpg","datePublished":"2023-08-29T20:25:47+00:00","dateModified":"2024-01-23T21:20:17+00:00","breadcrumb":{"@id":"https:\/\/tecplan.com.gt\/producto\/mototrbo-r7-radio-digital-portable-de-dos-vias\/#breadcrumb"},"inLanguage":"en-US","potentialAction":[{"@type":"ReadAction","target":["https:\/\/tecplan.com.gt\/producto\/mototrbo-r7-radio-digital-portable-de-dos-vias\/"]}]},{"@type":"ImageObject","inLanguage":"en-US","@id":"https:\/\/tecplan.com.gt\/producto\/mototrbo-r7-radio-digital-portable-de-dos-vias\/#primaryimage","url":"\/wp-content\/uploads\/2023\/08\/MOTOTRBO\u2122-R7-01.jpg","contentUrl":"\/wp-content\/uploads\/2023\/08\/MOTOTRBO\u2122-R7-01.jpg","width":2000,"height":2000},{"@type":"BreadcrumbList","@id":"https:\/\/tecplan.com.gt\/producto\/mototrbo-r7-radio-digital-portable-de-dos-vias\/#breadcrumb","itemListElement":[{"@type":"ListItem","position":1,"name":"Portada","item":"https:\/\/tecplan.com.gt\/"},{"@type":"ListItem","position":2,"name":"Productos","item":"https:\/\/tecplan.com.gt\/shop\/"},{"@type":"ListItem","position":3,"name":"MOTOTRBO\u2122 R7 Radio Digital Portable de Dos V\u00edas"}]},{"@type":"WebSite","@id":"https:\/\/tecplan.com.gt\/#website","url":"https:\/\/tecplan.com.gt\/","name":"Tecplan Argentina","description":"Tecnolog\u00edas y equipos de telecomunicaciones","publisher":{"@id":"https:\/\/tecplan.com.gt\/#organization"},"potentialAction":[{"@type":"SearchAction","target":{"@type":"EntryPoint","urlTemplate":"https:\/\/tecplan.com.gt\/?s={search_term_string}"},"query-input":{"@type":"PropertyValueSpecification","valueRequired":true,"valueName":"search_term_string"}}],"inLanguage":"en-US"},{"@type":"Organization","@id":"https:\/\/tecplan.com.gt\/#organization","name":"Tecplan Argentina","url":"https:\/\/tecplan.com.gt\/","logo":{"@type":"ImageObject","inLanguage":"en-US","@id":"https:\/\/tecplan.com.gt\/#\/schema\/logo\/image\/","url":"\/wp-content\/uploads\/2023\/03\/logo-tecplan.gif","contentUrl":"\/wp-content\/uploads\/2023\/03\/logo-tecplan.gif","width":1920,"height":486,"caption":"Tecplan Argentina"},"image":{"@id":"https:\/\/tecplan.com.gt\/#\/schema\/logo\/image\/"}}]}},"_links":{"self":[{"href":"https:\/\/tecplan.com.gt\/en\/wp-json\/wp\/v2\/product\/3999"}],"collection":[{"href":"https:\/\/tecplan.com.gt\/en\/wp-json\/wp\/v2\/product"}],"about":[{"href":"https:\/\/tecplan.com.gt\/en\/wp-json\/wp\/v2\/types\/product"}],"replies":[{"embeddable":true,"href":"https:\/\/tecplan.com.gt\/en\/wp-json\/wp\/v2\/comments?post=3999"}],"version-history":[{"count":0,"href":"https:\/\/tecplan.com.gt\/en\/wp-json\/wp\/v2\/product\/3999\/revisions"}],"wp:featuredmedia":[{"embeddable":true,"href":"https:\/\/tecplan.com.gt\/en\/wp-json\/wp\/v2\/media\/6249"}],"wp:attachment":[{"href":"https:\/\/tecplan.com.gt\/en\/wp-json\/wp\/v2\/media?parent=3999"}],"wp:term":[{"taxonomy":"product_brand","embeddable":true,"href":"https:\/\/tecplan.com.gt\/en\/wp-json\/wp\/v2\/product_brand?post=3999"},{"taxonomy":"product_cat","embeddable":true,"href":"https:\/\/tecplan.com.gt\/en\/wp-json\/wp\/v2\/product_cat?post=3999"},{"taxonomy":"product_tag","embeddable":true,"href":"https:\/\/tecplan.com.gt\/en\/wp-json\/wp\/v2\/product_tag?post=3999"}],"curies":[{"name":"wp","href":"https:\/\/api.w.org\/{rel}","templated":true}]}}