{"id":4035,"date":"2023-10-15T12:20:25","date_gmt":"2023-10-15T15:20:25","guid":{"rendered":"https:\/\/tecplan.com.gt\/?post_type=product&#038;p=4035"},"modified":"2024-04-23T18:08:03","modified_gmt":"2024-04-23T22:08:03","slug":"din-7-16-male-for-cable-1-2r","status":"publish","type":"product","link":"https:\/\/tecplan.com.gt\/en\/product\/din-7-16-male-for-cable-1-2r\/","title":{"rendered":"DIN 7\/16 MALE FOR 1\/2\u2033R CABLE"},"content":{"rendered":"<div data-elementor-type=\"product-post\" data-elementor-id=\"4035\" class=\"elementor elementor-4035\" data-elementor-post-type=\"product\">\n\t\t\t\t<div class=\"elementor-element elementor-element-1a72ce91 e-flex e-con-boxed e-con e-parent\" data-id=\"1a72ce91\" data-element_type=\"container\">\n\t\t\t\t\t<div class=\"e-con-inner\">\n\t\t\t\t<div class=\"elementor-element elementor-element-2d539c12 elementor-widget elementor-widget-text-editor\" data-id=\"2d539c12\" data-element_type=\"widget\" data-widget_type=\"text-editor.default\">\n\t\t\t\t<div class=\"elementor-widget-container\">\n\t\t\t\t\t\t\t\t\t<p><strong><br \/>7\/16 DIN Male Connector for 1\/2 Inch Flexible Cable<\/strong><\/p><p style=\"text-align: justify;\">High power screw coupling RF coaxial connector, with 50\u03a9 impedance characteristic. These connectors have the feature of low power loss, low PIM, high power handling, low VSWR and waterproof.<\/p>\t\t\t\t\t\t\t\t<\/div>\n\t\t\t\t<\/div>\n\t\t\t\t<div class=\"elementor-element elementor-element-00e54d8 elementor-widget elementor-widget-button\" data-id=\"00e54d8\" data-element_type=\"widget\" data-widget_type=\"button.default\">\n\t\t\t\t<div class=\"elementor-widget-container\">\n\t\t\t\t\t\t\t\t\t<div class=\"elementor-button-wrapper\">\n\t\t\t\t\t<a class=\"elementor-button elementor-button-link elementor-size-sm\" href=\"https:\/\/drive.google.com\/file\/d\/16OXcLLbS_ckUZtx13UDz1SAEnuz5jjAw\/view?usp=sharing\">\n\t\t\t\t\t\t<span class=\"elementor-button-content-wrapper\">\n\t\t\t\t\t\t\t\t\t<span class=\"elementor-button-text\">Download Technical Sheet<\/span>\n\t\t\t\t\t<\/span>\n\t\t\t\t\t<\/a>\n\t\t\t\t<\/div>\n\t\t\t\t\t\t\t\t<\/div>\n\t\t\t\t<\/div>\n\t\t\t\t\t<\/div>\n\t\t\t\t<\/div>\n\t\t\t\t<\/div>","protected":false},"excerpt":{"rendered":"<p><strong><br \/>7\/16 DIN Male Connector for 1\/2 Inch Flexible Cable<\/strong><\/br><\/p>\n<p style=\"text-align: justify;\"> SummIT Connector DIN-M-1\/2\u2033R RF connector complies with IEC60169-16:1982. Male thread standard interface 5\/8-24UNEF-2B<\/p>\n<p style=\"text-align: justify;\"> This type of connector is used to connect feeder cables that transmit high power RF signals in television and broadcast systems, base stations, telecommunications network projects, antenna feeders and microwave systems.<\/p>","protected":false},"featured_media":7511,"comment_status":"open","ping_status":"closed","template":"","meta":{"site-sidebar-layout":"default","site-content-layout":"","ast-site-content-layout":"default","site-content-style":"default","site-sidebar-style":"default","ast-global-header-display":"","ast-banner-title-visibility":"","ast-main-header-display":"disabled","ast-hfb-above-header-display":"","ast-hfb-below-header-display":"","ast-hfb-mobile-header-display":"disabled","site-post-title":"disabled","ast-breadcrumbs-content":"","ast-featured-img":"","footer-sml-layout":"","theme-transparent-header-meta":"disabled","adv-header-id-meta":"","stick-header-meta":"","header-above-stick-meta":"","header-main-stick-meta":"","header-below-stick-meta":"","astra-migrate-meta-layouts":"set","ast-page-background-enabled":"default","ast-page-background-meta":{"desktop":{"background-color":"var(--ast-global-color-4)","background-image":"","background-repeat":"repeat","background-position":"center center","background-size":"auto","background-attachment":"scroll","background-type":"","background-media":"","overlay-type":"","overlay-color":"","overlay-opacity":"","overlay-gradient":""},"tablet":{"background-color":"","background-image":"","background-repeat":"repeat","background-position":"center center","background-size":"auto","background-attachment":"scroll","background-type":"","background-media":"","overlay-type":"","overlay-color":"","overlay-opacity":"","overlay-gradient":""},"mobile":{"background-color":"","background-image":"","background-repeat":"repeat","background-position":"center center","background-size":"auto","background-attachment":"scroll","background-type":"","background-media":"","overlay-type":"","overlay-color":"","overlay-opacity":"","overlay-gradient":""}},"ast-content-background-meta":{"desktop":{"background-color":"var(--ast-global-color-5)","background-image":"","background-repeat":"repeat","background-position":"center center","background-size":"auto","background-attachment":"scroll","background-type":"","background-media":"","overlay-type":"","overlay-color":"","overlay-opacity":"","overlay-gradient":""},"tablet":{"background-color":"var(--ast-global-color-5)","background-image":"","background-repeat":"repeat","background-position":"center center","background-size":"auto","background-attachment":"scroll","background-type":"","background-media":"","overlay-type":"","overlay-color":"","overlay-opacity":"","overlay-gradient":""},"mobile":{"background-color":"var(--ast-global-color-5)","background-image":"","background-repeat":"repeat","background-position":"center center","background-size":"auto","background-attachment":"scroll","background-type":"","background-media":"","overlay-type":"","overlay-color":"","overlay-opacity":"","overlay-gradient":""}}},"product_brand":[],"product_cat":[23],"product_tag":[58],"class_list":{"0":"post-4035","1":"product","2":"type-product","3":"status-publish","4":"has-post-thumbnail","6":"product_cat-conectores","7":"product_tag-summit","8":"desktop-align-left","9":"tablet-align-left","10":"mobile-align-left","12":"first","13":"instock","14":"shipping-taxable","15":"product-type-simple"},"yoast_head":"<!-- This site is optimized with the Yoast SEO plugin v24.6 - https:\/\/yoast.com\/wordpress\/plugins\/seo\/ -->\n<title>DIN 7\/16 MACHO PARA CABLE 1\/2\u2033R -<\/title>\n<meta name=\"robots\" content=\"index, follow, max-snippet:-1, max-image-preview:large, max-video-preview:-1\" \/>\n<link rel=\"canonical\" href=\"https:\/\/tecplan.com.gt\/en\/product\/din-7-16-male-for-cable-1-2r\/\" \/>\n<meta property=\"og:locale\" content=\"en_US\" \/>\n<meta property=\"og:type\" content=\"article\" \/>\n<meta property=\"og:title\" content=\"DIN 7\/16 MACHO PARA CABLE 1\/2\u2033R -\" \/>\n<meta property=\"og:description\" content=\"Conector DIN Macho De 7\/16 Para Cable Flexible De 1\/2 Pulgada   Conector SummIT El conector RF DIN-M-1\/2 \u2033 R cumple con IEC60169-16: 1982. Rosca macho interfaz est\u00e1ndar 5\/8-24UNEF-2B   Este tipo de conector se utilizan para conectar cables de alimentaci\u00f3n que transmiten se\u00f1ales de RF de alta potencia en sistemas de televisi\u00f3n y transmisi\u00f3n, estaciones base, proyectos de redes de telecomunicaciones, alimentadores de antena y sistemas de microondas.\" \/>\n<meta property=\"og:url\" content=\"https:\/\/tecplan.com.gt\/en\/product\/din-7-16-male-for-cable-1-2r\/\" \/>\n<meta property=\"article:modified_time\" content=\"2024-04-23T22:08:03+00:00\" \/>\n<meta property=\"og:image\" content=\"https:\/\/tecplan.com.gt\/wp-content\/uploads\/2023\/10\/Conector-DIN-Macho-De-716.jpg\" \/>\n\t<meta property=\"og:image:width\" content=\"1250\" \/>\n\t<meta property=\"og:image:height\" content=\"1250\" \/>\n\t<meta property=\"og:image:type\" content=\"image\/jpeg\" \/>\n<meta name=\"twitter:card\" content=\"summary_large_image\" \/>\n<meta name=\"twitter:label1\" content=\"Est. reading time\" \/>\n\t<meta name=\"twitter:data1\" content=\"1 minute\" \/>\n<script type=\"application\/ld+json\" class=\"yoast-schema-graph\">{\"@context\":\"https:\/\/schema.org\",\"@graph\":[{\"@type\":\"WebPage\",\"@id\":\"https:\/\/tecplan.com.gt\/producto\/din-7-16-male-for-cable-1-2r\/\",\"url\":\"https:\/\/tecplan.com.gt\/producto\/din-7-16-male-for-cable-1-2r\/\",\"name\":\"DIN 7\/16 MACHO PARA CABLE 1\/2\u2033R -\",\"isPartOf\":{\"@id\":\"https:\/\/tecplan.com.gt\/#website\"},\"primaryImageOfPage\":{\"@id\":\"https:\/\/tecplan.com.gt\/producto\/din-7-16-male-for-cable-1-2r\/#primaryimage\"},\"image\":{\"@id\":\"https:\/\/tecplan.com.gt\/producto\/din-7-16-male-for-cable-1-2r\/#primaryimage\"},\"thumbnailUrl\":\"\/wp-content\/uploads\/2023\/10\/Conector-DIN-Macho-De-716.jpg\",\"datePublished\":\"2023-10-15T15:20:25+00:00\",\"dateModified\":\"2024-04-23T22:08:03+00:00\",\"breadcrumb\":{\"@id\":\"https:\/\/tecplan.com.gt\/producto\/din-7-16-male-for-cable-1-2r\/#breadcrumb\"},\"inLanguage\":\"en-US\",\"potentialAction\":[{\"@type\":\"ReadAction\",\"target\":[\"https:\/\/tecplan.com.gt\/producto\/din-7-16-male-for-cable-1-2r\/\"]}]},{\"@type\":\"ImageObject\",\"inLanguage\":\"en-US\",\"@id\":\"https:\/\/tecplan.com.gt\/producto\/din-7-16-male-for-cable-1-2r\/#primaryimage\",\"url\":\"\/wp-content\/uploads\/2023\/10\/Conector-DIN-Macho-De-716.jpg\",\"contentUrl\":\"\/wp-content\/uploads\/2023\/10\/Conector-DIN-Macho-De-716.jpg\",\"width\":1250,\"height\":1250},{\"@type\":\"BreadcrumbList\",\"@id\":\"https:\/\/tecplan.com.gt\/producto\/din-7-16-male-for-cable-1-2r\/#breadcrumb\",\"itemListElement\":[{\"@type\":\"ListItem\",\"position\":1,\"name\":\"Portada\",\"item\":\"https:\/\/tecplan.com.gt\/\"},{\"@type\":\"ListItem\",\"position\":2,\"name\":\"Productos\",\"item\":\"https:\/\/tecplan.com.gt\/shop\/\"},{\"@type\":\"ListItem\",\"position\":3,\"name\":\"DIN 7\/16 MACHO PARA CABLE 1\/2\u2033R\"}]},{\"@type\":\"WebSite\",\"@id\":\"https:\/\/tecplan.com.gt\/#website\",\"url\":\"https:\/\/tecplan.com.gt\/\",\"name\":\"Tecplan Argentina\",\"description\":\"Tecnolog\u00edas y equipos de telecomunicaciones\",\"publisher\":{\"@id\":\"https:\/\/tecplan.com.gt\/#organization\"},\"potentialAction\":[{\"@type\":\"SearchAction\",\"target\":{\"@type\":\"EntryPoint\",\"urlTemplate\":\"https:\/\/tecplan.com.gt\/?s={search_term_string}\"},\"query-input\":{\"@type\":\"PropertyValueSpecification\",\"valueRequired\":true,\"valueName\":\"search_term_string\"}}],\"inLanguage\":\"en-US\"},{\"@type\":\"Organization\",\"@id\":\"https:\/\/tecplan.com.gt\/#organization\",\"name\":\"Tecplan Argentina\",\"url\":\"https:\/\/tecplan.com.gt\/\",\"logo\":{\"@type\":\"ImageObject\",\"inLanguage\":\"en-US\",\"@id\":\"https:\/\/tecplan.com.gt\/#\/schema\/logo\/image\/\",\"url\":\"\/wp-content\/uploads\/2023\/03\/logo-tecplan.gif\",\"contentUrl\":\"\/wp-content\/uploads\/2023\/03\/logo-tecplan.gif\",\"width\":1920,\"height\":486,\"caption\":\"Tecplan Argentina\"},\"image\":{\"@id\":\"https:\/\/tecplan.com.gt\/#\/schema\/logo\/image\/\"}}]}<\/script>\n<!-- \/ Yoast SEO plugin. -->","yoast_head_json":{"title":"DIN 7\/16 MACHO PARA CABLE 1\/2\u2033R -","robots":{"index":"index","follow":"follow","max-snippet":"max-snippet:-1","max-image-preview":"max-image-preview:large","max-video-preview":"max-video-preview:-1"},"canonical":"https:\/\/tecplan.com.gt\/en\/product\/din-7-16-male-for-cable-1-2r\/","og_locale":"en_US","og_type":"article","og_title":"DIN 7\/16 MACHO PARA CABLE 1\/2\u2033R -","og_description":"Conector DIN Macho De 7\/16 Para Cable Flexible De 1\/2 Pulgada   Conector SummIT El conector RF DIN-M-1\/2 \u2033 R cumple con IEC60169-16: 1982. Rosca macho interfaz est\u00e1ndar 5\/8-24UNEF-2B   Este tipo de conector se utilizan para conectar cables de alimentaci\u00f3n que transmiten se\u00f1ales de RF de alta potencia en sistemas de televisi\u00f3n y transmisi\u00f3n, estaciones base, proyectos de redes de telecomunicaciones, alimentadores de antena y sistemas de microondas.","og_url":"https:\/\/tecplan.com.gt\/en\/product\/din-7-16-male-for-cable-1-2r\/","article_modified_time":"2024-04-23T22:08:03+00:00","og_image":[{"width":1250,"height":1250,"url":"https:\/\/tecplan.com.gt\/wp-content\/uploads\/2023\/10\/Conector-DIN-Macho-De-716.jpg","type":"image\/jpeg"}],"twitter_card":"summary_large_image","twitter_misc":{"Est. reading time":"1 minute"},"schema":{"@context":"https:\/\/schema.org","@graph":[{"@type":"WebPage","@id":"https:\/\/tecplan.com.gt\/producto\/din-7-16-male-for-cable-1-2r\/","url":"https:\/\/tecplan.com.gt\/producto\/din-7-16-male-for-cable-1-2r\/","name":"DIN 7\/16 MACHO PARA CABLE 1\/2\u2033R -","isPartOf":{"@id":"https:\/\/tecplan.com.gt\/#website"},"primaryImageOfPage":{"@id":"https:\/\/tecplan.com.gt\/producto\/din-7-16-male-for-cable-1-2r\/#primaryimage"},"image":{"@id":"https:\/\/tecplan.com.gt\/producto\/din-7-16-male-for-cable-1-2r\/#primaryimage"},"thumbnailUrl":"\/wp-content\/uploads\/2023\/10\/Conector-DIN-Macho-De-716.jpg","datePublished":"2023-10-15T15:20:25+00:00","dateModified":"2024-04-23T22:08:03+00:00","breadcrumb":{"@id":"https:\/\/tecplan.com.gt\/producto\/din-7-16-male-for-cable-1-2r\/#breadcrumb"},"inLanguage":"en-US","potentialAction":[{"@type":"ReadAction","target":["https:\/\/tecplan.com.gt\/producto\/din-7-16-male-for-cable-1-2r\/"]}]},{"@type":"ImageObject","inLanguage":"en-US","@id":"https:\/\/tecplan.com.gt\/producto\/din-7-16-male-for-cable-1-2r\/#primaryimage","url":"\/wp-content\/uploads\/2023\/10\/Conector-DIN-Macho-De-716.jpg","contentUrl":"\/wp-content\/uploads\/2023\/10\/Conector-DIN-Macho-De-716.jpg","width":1250,"height":1250},{"@type":"BreadcrumbList","@id":"https:\/\/tecplan.com.gt\/producto\/din-7-16-male-for-cable-1-2r\/#breadcrumb","itemListElement":[{"@type":"ListItem","position":1,"name":"Portada","item":"https:\/\/tecplan.com.gt\/"},{"@type":"ListItem","position":2,"name":"Productos","item":"https:\/\/tecplan.com.gt\/shop\/"},{"@type":"ListItem","position":3,"name":"DIN 7\/16 MACHO PARA CABLE 1\/2\u2033R"}]},{"@type":"WebSite","@id":"https:\/\/tecplan.com.gt\/#website","url":"https:\/\/tecplan.com.gt\/","name":"Tecplan Argentina","description":"Tecnolog\u00edas y equipos de telecomunicaciones","publisher":{"@id":"https:\/\/tecplan.com.gt\/#organization"},"potentialAction":[{"@type":"SearchAction","target":{"@type":"EntryPoint","urlTemplate":"https:\/\/tecplan.com.gt\/?s={search_term_string}"},"query-input":{"@type":"PropertyValueSpecification","valueRequired":true,"valueName":"search_term_string"}}],"inLanguage":"en-US"},{"@type":"Organization","@id":"https:\/\/tecplan.com.gt\/#organization","name":"Tecplan Argentina","url":"https:\/\/tecplan.com.gt\/","logo":{"@type":"ImageObject","inLanguage":"en-US","@id":"https:\/\/tecplan.com.gt\/#\/schema\/logo\/image\/","url":"\/wp-content\/uploads\/2023\/03\/logo-tecplan.gif","contentUrl":"\/wp-content\/uploads\/2023\/03\/logo-tecplan.gif","width":1920,"height":486,"caption":"Tecplan Argentina"},"image":{"@id":"https:\/\/tecplan.com.gt\/#\/schema\/logo\/image\/"}}]}},"_links":{"self":[{"href":"https:\/\/tecplan.com.gt\/en\/wp-json\/wp\/v2\/product\/4035"}],"collection":[{"href":"https:\/\/tecplan.com.gt\/en\/wp-json\/wp\/v2\/product"}],"about":[{"href":"https:\/\/tecplan.com.gt\/en\/wp-json\/wp\/v2\/types\/product"}],"replies":[{"embeddable":true,"href":"https:\/\/tecplan.com.gt\/en\/wp-json\/wp\/v2\/comments?post=4035"}],"version-history":[{"count":14,"href":"https:\/\/tecplan.com.gt\/en\/wp-json\/wp\/v2\/product\/4035\/revisions"}],"predecessor-version":[{"id":8296,"href":"https:\/\/tecplan.com.gt\/en\/wp-json\/wp\/v2\/product\/4035\/revisions\/8296"}],"wp:featuredmedia":[{"embeddable":true,"href":"https:\/\/tecplan.com.gt\/en\/wp-json\/wp\/v2\/media\/7511"}],"wp:attachment":[{"href":"https:\/\/tecplan.com.gt\/en\/wp-json\/wp\/v2\/media?parent=4035"}],"wp:term":[{"taxonomy":"product_brand","embeddable":true,"href":"https:\/\/tecplan.com.gt\/en\/wp-json\/wp\/v2\/product_brand?post=4035"},{"taxonomy":"product_cat","embeddable":true,"href":"https:\/\/tecplan.com.gt\/en\/wp-json\/wp\/v2\/product_cat?post=4035"},{"taxonomy":"product_tag","embeddable":true,"href":"https:\/\/tecplan.com.gt\/en\/wp-json\/wp\/v2\/product_tag?post=4035"}],"curies":[{"name":"wp","href":"https:\/\/api.w.org\/{rel}","templated":true}]}}