{"id":8288,"date":"2024-07-14T22:15:29","date_gmt":"2024-07-15T04:15:29","guid":{"rendered":"https:\/\/tecplan.com.gt\/?post_type=product&#038;p=8288"},"modified":"2024-07-15T00:44:16","modified_gmt":"2024-07-15T06:44:16","slug":"fuente-de-poder-astron-modelo-rs-12abb","status":"publish","type":"product","link":"https:\/\/tecplan.com.gt\/en\/product\/fuente-de-poder-astron-modelo-rs-12abb\/","title":{"rendered":"Astron Power Supply Model RS-12ABB"},"content":{"rendered":"<div data-elementor-type=\"product-post\" data-elementor-id=\"8288\" class=\"elementor elementor-8288\" data-elementor-post-type=\"product\">\n\t\t\t\t<div class=\"elementor-element elementor-element-4b8deb0e e-flex e-con-boxed e-con e-parent\" data-id=\"4b8deb0e\" data-element_type=\"container\">\n\t\t\t\t\t<div class=\"e-con-inner\">\n\t\t\t\t<div class=\"elementor-element elementor-element-2f89528c elementor-widget elementor-widget-text-editor\" data-id=\"2f89528c\" data-element_type=\"widget\" data-widget_type=\"text-editor.default\">\n\t\t\t\t<div class=\"elementor-widget-container\">\n\t\t\t\t\t\t\t\t\tAstron Power Supply | Outputs: 13.8Vdc, 12A | Linear Regulated with Battery Charger Circuit.\t\t\t\t\t\t\t\t<\/div>\n\t\t\t\t<\/div>\n\t\t\t\t<div class=\"elementor-element elementor-element-e389170 elementor-widget-divider--view-line elementor-widget elementor-widget-divider\" data-id=\"e389170\" data-element_type=\"widget\" data-widget_type=\"divider.default\">\n\t\t\t\t<div class=\"elementor-widget-container\">\n\t\t\t\t\t\t\t<div class=\"elementor-divider\">\n\t\t\t<span class=\"elementor-divider-separator\">\n\t\t\t\t\t\t<\/span>\n\t\t<\/div>\n\t\t\t\t\t\t<\/div>\n\t\t\t\t<\/div>\n\t\t\t\t\t<\/div>\n\t\t\t\t<\/div>\n\t\t<div class=\"elementor-element elementor-element-4264b54 e-flex e-con-boxed e-con e-parent\" data-id=\"4264b54\" data-element_type=\"container\">\n\t\t\t\t\t<div class=\"e-con-inner\">\n\t\t<div class=\"elementor-element elementor-element-2e5c6b8 e-con-full e-flex e-con e-child\" data-id=\"2e5c6b8\" data-element_type=\"container\">\n\t\t\t\t<div class=\"elementor-element elementor-element-8b1e67d elementor-widget__width-initial elementor-widget elementor-widget-text-editor\" data-id=\"8b1e67d\" data-element_type=\"widget\" data-widget_type=\"text-editor.default\">\n\t\t\t\t<div class=\"elementor-widget-container\">\n\t\t\t\t\t\t\t\t\t<p><strong>Download Technical Sheet<\/strong><\/p>\t\t\t\t\t\t\t\t<\/div>\n\t\t\t\t<\/div>\n\t\t\t\t<\/div>\n\t\t<div class=\"elementor-element elementor-element-90b8d3f e-con-full e-flex e-con e-child\" data-id=\"90b8d3f\" data-element_type=\"container\">\n\t\t\t\t<\/div>\n\t\t<div class=\"elementor-element elementor-element-b55cb61 e-con-full e-flex e-con e-child\" data-id=\"b55cb61\" data-element_type=\"container\">\n\t\t\t\t<div class=\"elementor-element elementor-element-1b0e996 elementor-widget__width-initial elementor-widget elementor-widget-button\" data-id=\"1b0e996\" data-element_type=\"widget\" data-widget_type=\"button.default\">\n\t\t\t\t<div class=\"elementor-widget-container\">\n\t\t\t\t\t\t\t\t\t<div class=\"elementor-button-wrapper\">\n\t\t\t\t\t<a class=\"elementor-button elementor-button-link elementor-size-sm\" href=\"https:\/\/drive.google.com\/file\/d\/1zSSWlqSLR7LStUIf0gOKNdnyAc5B8Ik8\/view?usp=sharing\">\n\t\t\t\t\t\t<span class=\"elementor-button-content-wrapper\">\n\t\t\t\t\t\t\t\t\t<span class=\"elementor-button-text\">In Spanish<\/span>\n\t\t\t\t\t<\/span>\n\t\t\t\t\t<\/a>\n\t\t\t\t<\/div>\n\t\t\t\t\t\t\t\t<\/div>\n\t\t\t\t<\/div>\n\t\t\t\t<\/div>\n\t\t<div class=\"elementor-element elementor-element-f3c0c7a e-con-full e-flex e-con e-child\" data-id=\"f3c0c7a\" data-element_type=\"container\">\n\t\t\t\t<div class=\"elementor-element elementor-element-b20c8a6 elementor-widget__width-initial elementor-widget elementor-widget-button\" data-id=\"b20c8a6\" data-element_type=\"widget\" data-widget_type=\"button.default\">\n\t\t\t\t<div class=\"elementor-widget-container\">\n\t\t\t\t\t\t\t\t\t<div class=\"elementor-button-wrapper\">\n\t\t\t\t\t<a class=\"elementor-button elementor-button-link elementor-size-sm\" href=\"https:\/\/drive.google.com\/file\/d\/1fvvVFaQ1VupBAyZVX0MGd07-kQQYbzZy\/view?usp=sharing\">\n\t\t\t\t\t\t<span class=\"elementor-button-content-wrapper\">\n\t\t\t\t\t\t\t\t\t<span class=\"elementor-button-text\">In English<\/span>\n\t\t\t\t\t<\/span>\n\t\t\t\t\t<\/a>\n\t\t\t\t<\/div>\n\t\t\t\t\t\t\t\t<\/div>\n\t\t\t\t<\/div>\n\t\t\t\t<\/div>\n\t\t\t\t\t<\/div>\n\t\t\t\t<\/div>\n\t\t\t\t<\/div>","protected":false},"excerpt":{"rendered":"<p>&nbsp;<\/p>\n<p style=\"text-align: justify;\">Astron brand power supply ideal for heavy duty work. Equipment for rack installation and battery charger circuit.<\/p>\n<ul>\n<li>Solid state electronic regulation.<\/li>\n<li>Current limiter (protects the source from excess current).<\/li>\n<li>Heavy duty heat sink.<\/li>\n<li>Maintains regulation at low voltage inputs.<\/li>\n<li>Ideal for rack installation.<\/li>\n<\/ul>","protected":false},"featured_media":8289,"comment_status":"open","ping_status":"closed","template":"","meta":{"site-sidebar-layout":"default","site-content-layout":"","ast-site-content-layout":"default","site-content-style":"default","site-sidebar-style":"default","ast-global-header-display":"","ast-banner-title-visibility":"","ast-main-header-display":"","ast-hfb-above-header-display":"","ast-hfb-below-header-display":"","ast-hfb-mobile-header-display":"","site-post-title":"","ast-breadcrumbs-content":"","ast-featured-img":"","footer-sml-layout":"","theme-transparent-header-meta":"default","adv-header-id-meta":"","stick-header-meta":"","header-above-stick-meta":"","header-main-stick-meta":"","header-below-stick-meta":"","astra-migrate-meta-layouts":"set","ast-page-background-enabled":"default","ast-page-background-meta":{"desktop":{"background-color":"var(--ast-global-color-4)","background-image":"","background-repeat":"repeat","background-position":"center center","background-size":"auto","background-attachment":"scroll","background-type":"","background-media":"","overlay-type":"","overlay-color":"","overlay-opacity":"","overlay-gradient":""},"tablet":{"background-color":"","background-image":"","background-repeat":"repeat","background-position":"center center","background-size":"auto","background-attachment":"scroll","background-type":"","background-media":"","overlay-type":"","overlay-color":"","overlay-opacity":"","overlay-gradient":""},"mobile":{"background-color":"","background-image":"","background-repeat":"repeat","background-position":"center center","background-size":"auto","background-attachment":"scroll","background-type":"","background-media":"","overlay-type":"","overlay-color":"","overlay-opacity":"","overlay-gradient":""}},"ast-content-background-meta":{"desktop":{"background-color":"var(--ast-global-color-5)","background-image":"","background-repeat":"repeat","background-position":"center center","background-size":"auto","background-attachment":"scroll","background-type":"","background-media":"","overlay-type":"","overlay-color":"","overlay-opacity":"","overlay-gradient":""},"tablet":{"background-color":"var(--ast-global-color-5)","background-image":"","background-repeat":"repeat","background-position":"center center","background-size":"auto","background-attachment":"scroll","background-type":"","background-media":"","overlay-type":"","overlay-color":"","overlay-opacity":"","overlay-gradient":""},"mobile":{"background-color":"var(--ast-global-color-5)","background-image":"","background-repeat":"repeat","background-position":"center center","background-size":"auto","background-attachment":"scroll","background-type":"","background-media":"","overlay-type":"","overlay-color":"","overlay-opacity":"","overlay-gradient":""}}},"product_brand":[],"product_cat":[100,83,31],"product_tag":[101],"class_list":{"0":"post-8288","1":"product","2":"type-product","3":"status-publish","4":"has-post-thumbnail","6":"product_cat-astron","7":"product_cat-radio-comuniacion","8":"product_cat-radiocomunicacion","9":"product_tag-astron","10":"desktop-align-left","11":"tablet-align-left","12":"mobile-align-left","14":"first","15":"instock","16":"shipping-taxable","17":"product-type-simple"},"yoast_head":"<!-- This site is optimized with the Yoast SEO plugin v24.6 - https:\/\/yoast.com\/wordpress\/plugins\/seo\/ -->\n<title>Fuente de poder Astron Modelo RS-12ABB -<\/title>\n<meta name=\"robots\" content=\"index, follow, max-snippet:-1, max-image-preview:large, max-video-preview:-1\" \/>\n<link rel=\"canonical\" href=\"https:\/\/tecplan.com.gt\/en\/product\/fuente-de-poder-astron-modelo-rs-12abb\/\" \/>\n<meta property=\"og:locale\" content=\"en_US\" \/>\n<meta property=\"og:type\" content=\"article\" \/>\n<meta property=\"og:title\" content=\"Fuente de poder Astron Modelo RS-12ABB -\" \/>\n<meta property=\"og:description\" content=\"&nbsp; Fuente de Poder de la marca Astron ideal para trabajos pesados. Equipo para instalaci\u00f3n en rack y circuito cargador de bater\u00edas    Regulaci\u00f3n electr\u00f3nica de estado s\u00f3lido.  Delimitador de corriente (protege la fuente por exceso de corriente).  Disipador de calor para trabajo pesado.  Mantiene regulaci\u00f3n a bajas entradas de voltaje.  Ideal para instalar en Rack\" \/>\n<meta property=\"og:url\" content=\"https:\/\/tecplan.com.gt\/en\/product\/fuente-de-poder-astron-modelo-rs-12abb\/\" \/>\n<meta property=\"article:modified_time\" content=\"2024-07-15T06:44:16+00:00\" \/>\n<meta property=\"og:image\" content=\"https:\/\/tecplan.com.gt\/wp-content\/uploads\/2024\/07\/RS12ABB-p.webp\" \/>\n\t<meta property=\"og:image:width\" content=\"400\" \/>\n\t<meta property=\"og:image:height\" content=\"400\" \/>\n\t<meta property=\"og:image:type\" content=\"image\/webp\" \/>\n<meta name=\"twitter:card\" content=\"summary_large_image\" \/>\n<meta name=\"twitter:label1\" content=\"Est. reading time\" \/>\n\t<meta name=\"twitter:data1\" content=\"1 minute\" \/>\n<script type=\"application\/ld+json\" class=\"yoast-schema-graph\">{\"@context\":\"https:\/\/schema.org\",\"@graph\":[{\"@type\":\"WebPage\",\"@id\":\"https:\/\/tecplan.com.gt\/producto\/fuente-de-poder-astron-modelo-rs-12abb\/\",\"url\":\"https:\/\/tecplan.com.gt\/producto\/fuente-de-poder-astron-modelo-rs-12abb\/\",\"name\":\"Fuente de poder Astron Modelo RS-12ABB -\",\"isPartOf\":{\"@id\":\"https:\/\/tecplan.com.gt\/#website\"},\"primaryImageOfPage\":{\"@id\":\"https:\/\/tecplan.com.gt\/producto\/fuente-de-poder-astron-modelo-rs-12abb\/#primaryimage\"},\"image\":{\"@id\":\"https:\/\/tecplan.com.gt\/producto\/fuente-de-poder-astron-modelo-rs-12abb\/#primaryimage\"},\"thumbnailUrl\":\"\/wp-content\/uploads\/2024\/07\/RS12ABB-p.webp\",\"datePublished\":\"2024-07-15T04:15:29+00:00\",\"dateModified\":\"2024-07-15T06:44:16+00:00\",\"breadcrumb\":{\"@id\":\"https:\/\/tecplan.com.gt\/producto\/fuente-de-poder-astron-modelo-rs-12abb\/#breadcrumb\"},\"inLanguage\":\"en-US\",\"potentialAction\":[{\"@type\":\"ReadAction\",\"target\":[\"https:\/\/tecplan.com.gt\/producto\/fuente-de-poder-astron-modelo-rs-12abb\/\"]}]},{\"@type\":\"ImageObject\",\"inLanguage\":\"en-US\",\"@id\":\"https:\/\/tecplan.com.gt\/producto\/fuente-de-poder-astron-modelo-rs-12abb\/#primaryimage\",\"url\":\"\/wp-content\/uploads\/2024\/07\/RS12ABB-p.webp\",\"contentUrl\":\"\/wp-content\/uploads\/2024\/07\/RS12ABB-p.webp\",\"width\":400,\"height\":400},{\"@type\":\"BreadcrumbList\",\"@id\":\"https:\/\/tecplan.com.gt\/producto\/fuente-de-poder-astron-modelo-rs-12abb\/#breadcrumb\",\"itemListElement\":[{\"@type\":\"ListItem\",\"position\":1,\"name\":\"Portada\",\"item\":\"https:\/\/tecplan.com.gt\/\"},{\"@type\":\"ListItem\",\"position\":2,\"name\":\"Productos\",\"item\":\"https:\/\/tecplan.com.gt\/shop\/\"},{\"@type\":\"ListItem\",\"position\":3,\"name\":\"Fuente de poder Astron Modelo RS-12ABB\"}]},{\"@type\":\"WebSite\",\"@id\":\"https:\/\/tecplan.com.gt\/#website\",\"url\":\"https:\/\/tecplan.com.gt\/\",\"name\":\"Tecplan Argentina\",\"description\":\"Tecnolog\u00edas y equipos de telecomunicaciones\",\"publisher\":{\"@id\":\"https:\/\/tecplan.com.gt\/#organization\"},\"potentialAction\":[{\"@type\":\"SearchAction\",\"target\":{\"@type\":\"EntryPoint\",\"urlTemplate\":\"https:\/\/tecplan.com.gt\/?s={search_term_string}\"},\"query-input\":{\"@type\":\"PropertyValueSpecification\",\"valueRequired\":true,\"valueName\":\"search_term_string\"}}],\"inLanguage\":\"en-US\"},{\"@type\":\"Organization\",\"@id\":\"https:\/\/tecplan.com.gt\/#organization\",\"name\":\"Tecplan Argentina\",\"url\":\"https:\/\/tecplan.com.gt\/\",\"logo\":{\"@type\":\"ImageObject\",\"inLanguage\":\"en-US\",\"@id\":\"https:\/\/tecplan.com.gt\/#\/schema\/logo\/image\/\",\"url\":\"\/wp-content\/uploads\/2023\/03\/logo-tecplan.gif\",\"contentUrl\":\"\/wp-content\/uploads\/2023\/03\/logo-tecplan.gif\",\"width\":1920,\"height\":486,\"caption\":\"Tecplan Argentina\"},\"image\":{\"@id\":\"https:\/\/tecplan.com.gt\/#\/schema\/logo\/image\/\"}}]}<\/script>\n<!-- \/ Yoast SEO plugin. -->","yoast_head_json":{"title":"Fuente de poder Astron Modelo RS-12ABB -","robots":{"index":"index","follow":"follow","max-snippet":"max-snippet:-1","max-image-preview":"max-image-preview:large","max-video-preview":"max-video-preview:-1"},"canonical":"https:\/\/tecplan.com.gt\/en\/product\/fuente-de-poder-astron-modelo-rs-12abb\/","og_locale":"en_US","og_type":"article","og_title":"Fuente de poder Astron Modelo RS-12ABB -","og_description":"&nbsp; Fuente de Poder de la marca Astron ideal para trabajos pesados. Equipo para instalaci\u00f3n en rack y circuito cargador de bater\u00edas    Regulaci\u00f3n electr\u00f3nica de estado s\u00f3lido.  Delimitador de corriente (protege la fuente por exceso de corriente).  Disipador de calor para trabajo pesado.  Mantiene regulaci\u00f3n a bajas entradas de voltaje.  Ideal para instalar en Rack","og_url":"https:\/\/tecplan.com.gt\/en\/product\/fuente-de-poder-astron-modelo-rs-12abb\/","article_modified_time":"2024-07-15T06:44:16+00:00","og_image":[{"width":400,"height":400,"url":"https:\/\/tecplan.com.gt\/wp-content\/uploads\/2024\/07\/RS12ABB-p.webp","type":"image\/webp"}],"twitter_card":"summary_large_image","twitter_misc":{"Est. reading time":"1 minute"},"schema":{"@context":"https:\/\/schema.org","@graph":[{"@type":"WebPage","@id":"https:\/\/tecplan.com.gt\/producto\/fuente-de-poder-astron-modelo-rs-12abb\/","url":"https:\/\/tecplan.com.gt\/producto\/fuente-de-poder-astron-modelo-rs-12abb\/","name":"Fuente de poder Astron Modelo RS-12ABB -","isPartOf":{"@id":"https:\/\/tecplan.com.gt\/#website"},"primaryImageOfPage":{"@id":"https:\/\/tecplan.com.gt\/producto\/fuente-de-poder-astron-modelo-rs-12abb\/#primaryimage"},"image":{"@id":"https:\/\/tecplan.com.gt\/producto\/fuente-de-poder-astron-modelo-rs-12abb\/#primaryimage"},"thumbnailUrl":"\/wp-content\/uploads\/2024\/07\/RS12ABB-p.webp","datePublished":"2024-07-15T04:15:29+00:00","dateModified":"2024-07-15T06:44:16+00:00","breadcrumb":{"@id":"https:\/\/tecplan.com.gt\/producto\/fuente-de-poder-astron-modelo-rs-12abb\/#breadcrumb"},"inLanguage":"en-US","potentialAction":[{"@type":"ReadAction","target":["https:\/\/tecplan.com.gt\/producto\/fuente-de-poder-astron-modelo-rs-12abb\/"]}]},{"@type":"ImageObject","inLanguage":"en-US","@id":"https:\/\/tecplan.com.gt\/producto\/fuente-de-poder-astron-modelo-rs-12abb\/#primaryimage","url":"\/wp-content\/uploads\/2024\/07\/RS12ABB-p.webp","contentUrl":"\/wp-content\/uploads\/2024\/07\/RS12ABB-p.webp","width":400,"height":400},{"@type":"BreadcrumbList","@id":"https:\/\/tecplan.com.gt\/producto\/fuente-de-poder-astron-modelo-rs-12abb\/#breadcrumb","itemListElement":[{"@type":"ListItem","position":1,"name":"Portada","item":"https:\/\/tecplan.com.gt\/"},{"@type":"ListItem","position":2,"name":"Productos","item":"https:\/\/tecplan.com.gt\/shop\/"},{"@type":"ListItem","position":3,"name":"Fuente de poder Astron Modelo RS-12ABB"}]},{"@type":"WebSite","@id":"https:\/\/tecplan.com.gt\/#website","url":"https:\/\/tecplan.com.gt\/","name":"Tecplan Argentina","description":"Tecnolog\u00edas y equipos de telecomunicaciones","publisher":{"@id":"https:\/\/tecplan.com.gt\/#organization"},"potentialAction":[{"@type":"SearchAction","target":{"@type":"EntryPoint","urlTemplate":"https:\/\/tecplan.com.gt\/?s={search_term_string}"},"query-input":{"@type":"PropertyValueSpecification","valueRequired":true,"valueName":"search_term_string"}}],"inLanguage":"en-US"},{"@type":"Organization","@id":"https:\/\/tecplan.com.gt\/#organization","name":"Tecplan Argentina","url":"https:\/\/tecplan.com.gt\/","logo":{"@type":"ImageObject","inLanguage":"en-US","@id":"https:\/\/tecplan.com.gt\/#\/schema\/logo\/image\/","url":"\/wp-content\/uploads\/2023\/03\/logo-tecplan.gif","contentUrl":"\/wp-content\/uploads\/2023\/03\/logo-tecplan.gif","width":1920,"height":486,"caption":"Tecplan Argentina"},"image":{"@id":"https:\/\/tecplan.com.gt\/#\/schema\/logo\/image\/"}}]}},"_links":{"self":[{"href":"https:\/\/tecplan.com.gt\/en\/wp-json\/wp\/v2\/product\/8288"}],"collection":[{"href":"https:\/\/tecplan.com.gt\/en\/wp-json\/wp\/v2\/product"}],"about":[{"href":"https:\/\/tecplan.com.gt\/en\/wp-json\/wp\/v2\/types\/product"}],"replies":[{"embeddable":true,"href":"https:\/\/tecplan.com.gt\/en\/wp-json\/wp\/v2\/comments?post=8288"}],"version-history":[{"count":22,"href":"https:\/\/tecplan.com.gt\/en\/wp-json\/wp\/v2\/product\/8288\/revisions"}],"predecessor-version":[{"id":8421,"href":"https:\/\/tecplan.com.gt\/en\/wp-json\/wp\/v2\/product\/8288\/revisions\/8421"}],"wp:featuredmedia":[{"embeddable":true,"href":"https:\/\/tecplan.com.gt\/en\/wp-json\/wp\/v2\/media\/8289"}],"wp:attachment":[{"href":"https:\/\/tecplan.com.gt\/en\/wp-json\/wp\/v2\/media?parent=8288"}],"wp:term":[{"taxonomy":"product_brand","embeddable":true,"href":"https:\/\/tecplan.com.gt\/en\/wp-json\/wp\/v2\/product_brand?post=8288"},{"taxonomy":"product_cat","embeddable":true,"href":"https:\/\/tecplan.com.gt\/en\/wp-json\/wp\/v2\/product_cat?post=8288"},{"taxonomy":"product_tag","embeddable":true,"href":"https:\/\/tecplan.com.gt\/en\/wp-json\/wp\/v2\/product_tag?post=8288"}],"curies":[{"name":"wp","href":"https:\/\/api.w.org\/{rel}","templated":true}]}}