{"id":8309,"date":"2024-07-14T23:02:09","date_gmt":"2024-07-15T05:02:09","guid":{"rendered":"https:\/\/tecplan.com.gt\/?post_type=product&#038;p=8309"},"modified":"2024-07-15T15:25:39","modified_gmt":"2024-07-15T21:25:39","slug":"fuente-de-poder-conmutada-astron-modelo-ss-12","status":"publish","type":"product","link":"https:\/\/tecplan.com.gt\/en\/product\/fuente-de-poder-conmutada-astron-modelo-ss-12\/","title":{"rendered":"ASTRON Switching Power Supply Model SS-12"},"content":{"rendered":"<div data-elementor-type=\"product-post\" data-elementor-id=\"8309\" class=\"elementor elementor-8309\" data-elementor-post-type=\"product\">\n\t\t\t\t<div class=\"elementor-element elementor-element-2b59a448 e-flex e-con-boxed e-con e-parent\" data-id=\"2b59a448\" data-element_type=\"container\">\n\t\t\t\t\t<div class=\"e-con-inner\">\n\t\t\t\t<div class=\"elementor-element elementor-element-5cf4b9ca elementor-widget elementor-widget-text-editor\" data-id=\"5cf4b9ca\" data-element_type=\"widget\" data-widget_type=\"text-editor.default\">\n\t\t\t\t<div class=\"elementor-widget-container\">\n\t\t\t\t\t\t\t\t\tSwitching Power Supply | Outputs: 13.8Vdc 12A\t\t\t\t\t\t\t\t<\/div>\n\t\t\t\t<\/div>\n\t\t\t\t<div class=\"elementor-element elementor-element-79a7b56 elementor-widget-divider--view-line elementor-widget elementor-widget-divider\" data-id=\"79a7b56\" data-element_type=\"widget\" data-widget_type=\"divider.default\">\n\t\t\t\t<div class=\"elementor-widget-container\">\n\t\t\t\t\t\t\t<div class=\"elementor-divider\">\n\t\t\t<span class=\"elementor-divider-separator\">\n\t\t\t\t\t\t<\/span>\n\t\t<\/div>\n\t\t\t\t\t\t<\/div>\n\t\t\t\t<\/div>\n\t\t<div class=\"elementor-element elementor-element-c908355 e-con-full e-flex e-con e-child\" data-id=\"c908355\" data-element_type=\"container\">\n\t\t<div class=\"elementor-element elementor-element-be614b6 e-con-full e-flex e-con e-child\" data-id=\"be614b6\" data-element_type=\"container\">\n\t\t\t\t<div class=\"elementor-element elementor-element-80c037e elementor-widget__width-initial elementor-widget elementor-widget-text-editor\" data-id=\"80c037e\" data-element_type=\"widget\" data-widget_type=\"text-editor.default\">\n\t\t\t\t<div class=\"elementor-widget-container\">\n\t\t\t\t\t\t\t\t\t<p><strong>Download Technical Sheet<\/strong><\/p>\t\t\t\t\t\t\t\t<\/div>\n\t\t\t\t<\/div>\n\t\t\t\t<\/div>\n\t\t<div class=\"elementor-element elementor-element-a5f2873 e-con-full e-flex e-con e-child\" data-id=\"a5f2873\" data-element_type=\"container\">\n\t\t\t\t<\/div>\n\t\t<div class=\"elementor-element elementor-element-1ba27e7 e-con-full e-flex e-con e-child\" data-id=\"1ba27e7\" data-element_type=\"container\">\n\t\t\t\t<div class=\"elementor-element elementor-element-a1c1883 elementor-widget__width-initial elementor-widget elementor-widget-button\" data-id=\"a1c1883\" data-element_type=\"widget\" data-widget_type=\"button.default\">\n\t\t\t\t<div class=\"elementor-widget-container\">\n\t\t\t\t\t\t\t\t\t<div class=\"elementor-button-wrapper\">\n\t\t\t\t\t<a class=\"elementor-button elementor-button-link elementor-size-sm\" href=\"https:\/\/drive.google.com\/file\/d\/1CbrzjGceU-Y1Bt_T1BE4W5QHFjWQJ_QX\/view?usp=sharing\">\n\t\t\t\t\t\t<span class=\"elementor-button-content-wrapper\">\n\t\t\t\t\t\t\t\t\t<span class=\"elementor-button-text\">In Spanish<\/span>\n\t\t\t\t\t<\/span>\n\t\t\t\t\t<\/a>\n\t\t\t\t<\/div>\n\t\t\t\t\t\t\t\t<\/div>\n\t\t\t\t<\/div>\n\t\t\t\t<\/div>\n\t\t<div class=\"elementor-element elementor-element-c7f4bef e-con-full e-flex e-con e-child\" data-id=\"c7f4bef\" data-element_type=\"container\">\n\t\t\t\t<div class=\"elementor-element elementor-element-6d00121 elementor-widget__width-initial elementor-widget elementor-widget-button\" data-id=\"6d00121\" data-element_type=\"widget\" data-widget_type=\"button.default\">\n\t\t\t\t<div class=\"elementor-widget-container\">\n\t\t\t\t\t\t\t\t\t<div class=\"elementor-button-wrapper\">\n\t\t\t\t\t<a class=\"elementor-button elementor-button-link elementor-size-sm\" href=\"https:\/\/drive.google.com\/file\/d\/1b5NYLeE6JwmgFJVhS2dITO6pgRw8Im_0\/view?usp=sharing\">\n\t\t\t\t\t\t<span class=\"elementor-button-content-wrapper\">\n\t\t\t\t\t\t\t\t\t<span class=\"elementor-button-text\">In English<\/span>\n\t\t\t\t\t<\/span>\n\t\t\t\t\t<\/a>\n\t\t\t\t<\/div>\n\t\t\t\t\t\t\t\t<\/div>\n\t\t\t\t<\/div>\n\t\t\t\t<\/div>\n\t\t\t\t<\/div>\n\t\t\t\t\t<\/div>\n\t\t\t\t<\/div>\n\t\t\t\t<\/div>","protected":false},"excerpt":{"rendered":"<p><strong><br \/>\nCharacteristics<\/strong><\/p>\n<ul>\n<li>High efficiency switching technology.<\/li>\n<li>Built-in protections: current limiting, fuse protection, over voltage protection, over temperature shutdown.<\/li>\n<li>Low profile, lightweight design.<\/li>\n<li>Heavy duty industrial design with quality metal construction.<\/li>\n<li>Certified with CE Safety Standards.<\/li>\n<li>Certified with Energy Star, CEC RoHS Environmental Standards.<\/li>\n<\/ul>","protected":false},"featured_media":8310,"comment_status":"open","ping_status":"closed","template":"","meta":{"site-sidebar-layout":"default","site-content-layout":"","ast-site-content-layout":"default","site-content-style":"default","site-sidebar-style":"default","ast-global-header-display":"","ast-banner-title-visibility":"","ast-main-header-display":"","ast-hfb-above-header-display":"","ast-hfb-below-header-display":"","ast-hfb-mobile-header-display":"","site-post-title":"","ast-breadcrumbs-content":"","ast-featured-img":"","footer-sml-layout":"","theme-transparent-header-meta":"default","adv-header-id-meta":"","stick-header-meta":"","header-above-stick-meta":"","header-main-stick-meta":"","header-below-stick-meta":"","astra-migrate-meta-layouts":"set","ast-page-background-enabled":"default","ast-page-background-meta":{"desktop":{"background-color":"var(--ast-global-color-4)","background-image":"","background-repeat":"repeat","background-position":"center center","background-size":"auto","background-attachment":"scroll","background-type":"","background-media":"","overlay-type":"","overlay-color":"","overlay-opacity":"","overlay-gradient":""},"tablet":{"background-color":"","background-image":"","background-repeat":"repeat","background-position":"center center","background-size":"auto","background-attachment":"scroll","background-type":"","background-media":"","overlay-type":"","overlay-color":"","overlay-opacity":"","overlay-gradient":""},"mobile":{"background-color":"","background-image":"","background-repeat":"repeat","background-position":"center center","background-size":"auto","background-attachment":"scroll","background-type":"","background-media":"","overlay-type":"","overlay-color":"","overlay-opacity":"","overlay-gradient":""}},"ast-content-background-meta":{"desktop":{"background-color":"var(--ast-global-color-5)","background-image":"","background-repeat":"repeat","background-position":"center center","background-size":"auto","background-attachment":"scroll","background-type":"","background-media":"","overlay-type":"","overlay-color":"","overlay-opacity":"","overlay-gradient":""},"tablet":{"background-color":"var(--ast-global-color-5)","background-image":"","background-repeat":"repeat","background-position":"center center","background-size":"auto","background-attachment":"scroll","background-type":"","background-media":"","overlay-type":"","overlay-color":"","overlay-opacity":"","overlay-gradient":""},"mobile":{"background-color":"var(--ast-global-color-5)","background-image":"","background-repeat":"repeat","background-position":"center center","background-size":"auto","background-attachment":"scroll","background-type":"","background-media":"","overlay-type":"","overlay-color":"","overlay-opacity":"","overlay-gradient":""}}},"product_brand":[],"product_cat":[100,83,31],"product_tag":[101],"class_list":{"0":"post-8309","1":"product","2":"type-product","3":"status-publish","4":"has-post-thumbnail","6":"product_cat-astron","7":"product_cat-radio-comuniacion","8":"product_cat-radiocomunicacion","9":"product_tag-astron","10":"desktop-align-left","11":"tablet-align-left","12":"mobile-align-left","14":"first","15":"instock","16":"shipping-taxable","17":"product-type-simple"},"yoast_head":"<!-- This site is optimized with the Yoast SEO plugin v24.6 - https:\/\/yoast.com\/wordpress\/plugins\/seo\/ -->\n<title>Fuente de Poder Conmutada ASTRON Modelo SS-12 -<\/title>\n<meta name=\"robots\" content=\"index, follow, max-snippet:-1, max-image-preview:large, max-video-preview:-1\" \/>\n<link rel=\"canonical\" href=\"https:\/\/tecplan.com.gt\/en\/product\/fuente-de-poder-conmutada-astron-modelo-ss-12\/\" \/>\n<meta property=\"og:locale\" content=\"en_US\" \/>\n<meta property=\"og:type\" content=\"article\" \/>\n<meta property=\"og:title\" content=\"Fuente de Poder Conmutada ASTRON Modelo SS-12 -\" \/>\n<meta property=\"og:description\" content=\"Caracter\u00edsticas   Tecnolog\u00eda de conmutaci\u00f3n de alta eficiencia.  Protecciones incorporadas: limitaci\u00f3n de corriente, protecci\u00f3n con fusible, protecci\u00f3n contra sobretensi\u00f3n, apagado por sobre temperatura.  Dise\u00f1o de bajo perfil y peso ligero.  Dise\u00f1o industrial de alta resistencia con calidad de construcci\u00f3n met\u00e1lica.  Certificado con las Normas de Seguridad CE.  Certificado con las Normas Ambientales Energy Star, CEC RoHS.\" \/>\n<meta property=\"og:url\" content=\"https:\/\/tecplan.com.gt\/en\/product\/fuente-de-poder-conmutada-astron-modelo-ss-12\/\" \/>\n<meta property=\"article:modified_time\" content=\"2024-07-15T21:25:39+00:00\" \/>\n<meta property=\"og:image\" content=\"https:\/\/tecplan.com.gt\/wp-content\/uploads\/2024\/07\/SS12-p.png\" \/>\n\t<meta property=\"og:image:width\" content=\"400\" \/>\n\t<meta property=\"og:image:height\" content=\"400\" \/>\n\t<meta property=\"og:image:type\" content=\"image\/png\" \/>\n<meta name=\"twitter:card\" content=\"summary_large_image\" \/>\n<script type=\"application\/ld+json\" class=\"yoast-schema-graph\">{\"@context\":\"https:\/\/schema.org\",\"@graph\":[{\"@type\":\"WebPage\",\"@id\":\"https:\/\/tecplan.com.gt\/producto\/fuente-de-poder-conmutada-astron-modelo-ss-12\/\",\"url\":\"https:\/\/tecplan.com.gt\/producto\/fuente-de-poder-conmutada-astron-modelo-ss-12\/\",\"name\":\"Fuente de Poder Conmutada ASTRON Modelo SS-12 -\",\"isPartOf\":{\"@id\":\"https:\/\/tecplan.com.gt\/#website\"},\"primaryImageOfPage\":{\"@id\":\"https:\/\/tecplan.com.gt\/producto\/fuente-de-poder-conmutada-astron-modelo-ss-12\/#primaryimage\"},\"image\":{\"@id\":\"https:\/\/tecplan.com.gt\/producto\/fuente-de-poder-conmutada-astron-modelo-ss-12\/#primaryimage\"},\"thumbnailUrl\":\"\/wp-content\/uploads\/2024\/07\/SS12-p.png\",\"datePublished\":\"2024-07-15T05:02:09+00:00\",\"dateModified\":\"2024-07-15T21:25:39+00:00\",\"breadcrumb\":{\"@id\":\"https:\/\/tecplan.com.gt\/producto\/fuente-de-poder-conmutada-astron-modelo-ss-12\/#breadcrumb\"},\"inLanguage\":\"en-US\",\"potentialAction\":[{\"@type\":\"ReadAction\",\"target\":[\"https:\/\/tecplan.com.gt\/producto\/fuente-de-poder-conmutada-astron-modelo-ss-12\/\"]}]},{\"@type\":\"ImageObject\",\"inLanguage\":\"en-US\",\"@id\":\"https:\/\/tecplan.com.gt\/producto\/fuente-de-poder-conmutada-astron-modelo-ss-12\/#primaryimage\",\"url\":\"\/wp-content\/uploads\/2024\/07\/SS12-p.png\",\"contentUrl\":\"\/wp-content\/uploads\/2024\/07\/SS12-p.png\",\"width\":400,\"height\":400},{\"@type\":\"BreadcrumbList\",\"@id\":\"https:\/\/tecplan.com.gt\/producto\/fuente-de-poder-conmutada-astron-modelo-ss-12\/#breadcrumb\",\"itemListElement\":[{\"@type\":\"ListItem\",\"position\":1,\"name\":\"Portada\",\"item\":\"https:\/\/tecplan.com.gt\/\"},{\"@type\":\"ListItem\",\"position\":2,\"name\":\"Productos\",\"item\":\"https:\/\/tecplan.com.gt\/shop\/\"},{\"@type\":\"ListItem\",\"position\":3,\"name\":\"Fuente de Poder Conmutada ASTRON Modelo SS-12\"}]},{\"@type\":\"WebSite\",\"@id\":\"https:\/\/tecplan.com.gt\/#website\",\"url\":\"https:\/\/tecplan.com.gt\/\",\"name\":\"Tecplan Argentina\",\"description\":\"Tecnolog\u00edas y equipos de telecomunicaciones\",\"publisher\":{\"@id\":\"https:\/\/tecplan.com.gt\/#organization\"},\"potentialAction\":[{\"@type\":\"SearchAction\",\"target\":{\"@type\":\"EntryPoint\",\"urlTemplate\":\"https:\/\/tecplan.com.gt\/?s={search_term_string}\"},\"query-input\":{\"@type\":\"PropertyValueSpecification\",\"valueRequired\":true,\"valueName\":\"search_term_string\"}}],\"inLanguage\":\"en-US\"},{\"@type\":\"Organization\",\"@id\":\"https:\/\/tecplan.com.gt\/#organization\",\"name\":\"Tecplan Argentina\",\"url\":\"https:\/\/tecplan.com.gt\/\",\"logo\":{\"@type\":\"ImageObject\",\"inLanguage\":\"en-US\",\"@id\":\"https:\/\/tecplan.com.gt\/#\/schema\/logo\/image\/\",\"url\":\"\/wp-content\/uploads\/2023\/03\/logo-tecplan.gif\",\"contentUrl\":\"\/wp-content\/uploads\/2023\/03\/logo-tecplan.gif\",\"width\":1920,\"height\":486,\"caption\":\"Tecplan Argentina\"},\"image\":{\"@id\":\"https:\/\/tecplan.com.gt\/#\/schema\/logo\/image\/\"}}]}<\/script>\n<!-- \/ Yoast SEO plugin. -->","yoast_head_json":{"title":"Fuente de Poder Conmutada ASTRON Modelo SS-12 -","robots":{"index":"index","follow":"follow","max-snippet":"max-snippet:-1","max-image-preview":"max-image-preview:large","max-video-preview":"max-video-preview:-1"},"canonical":"https:\/\/tecplan.com.gt\/en\/product\/fuente-de-poder-conmutada-astron-modelo-ss-12\/","og_locale":"en_US","og_type":"article","og_title":"Fuente de Poder Conmutada ASTRON Modelo SS-12 -","og_description":"Caracter\u00edsticas   Tecnolog\u00eda de conmutaci\u00f3n de alta eficiencia.  Protecciones incorporadas: limitaci\u00f3n de corriente, protecci\u00f3n con fusible, protecci\u00f3n contra sobretensi\u00f3n, apagado por sobre temperatura.  Dise\u00f1o de bajo perfil y peso ligero.  Dise\u00f1o industrial de alta resistencia con calidad de construcci\u00f3n met\u00e1lica.  Certificado con las Normas de Seguridad CE.  Certificado con las Normas Ambientales Energy Star, CEC RoHS.","og_url":"https:\/\/tecplan.com.gt\/en\/product\/fuente-de-poder-conmutada-astron-modelo-ss-12\/","article_modified_time":"2024-07-15T21:25:39+00:00","og_image":[{"width":400,"height":400,"url":"https:\/\/tecplan.com.gt\/wp-content\/uploads\/2024\/07\/SS12-p.png","type":"image\/png"}],"twitter_card":"summary_large_image","schema":{"@context":"https:\/\/schema.org","@graph":[{"@type":"WebPage","@id":"https:\/\/tecplan.com.gt\/producto\/fuente-de-poder-conmutada-astron-modelo-ss-12\/","url":"https:\/\/tecplan.com.gt\/producto\/fuente-de-poder-conmutada-astron-modelo-ss-12\/","name":"Fuente de Poder Conmutada ASTRON Modelo SS-12 -","isPartOf":{"@id":"https:\/\/tecplan.com.gt\/#website"},"primaryImageOfPage":{"@id":"https:\/\/tecplan.com.gt\/producto\/fuente-de-poder-conmutada-astron-modelo-ss-12\/#primaryimage"},"image":{"@id":"https:\/\/tecplan.com.gt\/producto\/fuente-de-poder-conmutada-astron-modelo-ss-12\/#primaryimage"},"thumbnailUrl":"\/wp-content\/uploads\/2024\/07\/SS12-p.png","datePublished":"2024-07-15T05:02:09+00:00","dateModified":"2024-07-15T21:25:39+00:00","breadcrumb":{"@id":"https:\/\/tecplan.com.gt\/producto\/fuente-de-poder-conmutada-astron-modelo-ss-12\/#breadcrumb"},"inLanguage":"en-US","potentialAction":[{"@type":"ReadAction","target":["https:\/\/tecplan.com.gt\/producto\/fuente-de-poder-conmutada-astron-modelo-ss-12\/"]}]},{"@type":"ImageObject","inLanguage":"en-US","@id":"https:\/\/tecplan.com.gt\/producto\/fuente-de-poder-conmutada-astron-modelo-ss-12\/#primaryimage","url":"\/wp-content\/uploads\/2024\/07\/SS12-p.png","contentUrl":"\/wp-content\/uploads\/2024\/07\/SS12-p.png","width":400,"height":400},{"@type":"BreadcrumbList","@id":"https:\/\/tecplan.com.gt\/producto\/fuente-de-poder-conmutada-astron-modelo-ss-12\/#breadcrumb","itemListElement":[{"@type":"ListItem","position":1,"name":"Portada","item":"https:\/\/tecplan.com.gt\/"},{"@type":"ListItem","position":2,"name":"Productos","item":"https:\/\/tecplan.com.gt\/shop\/"},{"@type":"ListItem","position":3,"name":"Fuente de Poder Conmutada ASTRON Modelo SS-12"}]},{"@type":"WebSite","@id":"https:\/\/tecplan.com.gt\/#website","url":"https:\/\/tecplan.com.gt\/","name":"Tecplan Argentina","description":"Tecnolog\u00edas y equipos de telecomunicaciones","publisher":{"@id":"https:\/\/tecplan.com.gt\/#organization"},"potentialAction":[{"@type":"SearchAction","target":{"@type":"EntryPoint","urlTemplate":"https:\/\/tecplan.com.gt\/?s={search_term_string}"},"query-input":{"@type":"PropertyValueSpecification","valueRequired":true,"valueName":"search_term_string"}}],"inLanguage":"en-US"},{"@type":"Organization","@id":"https:\/\/tecplan.com.gt\/#organization","name":"Tecplan Argentina","url":"https:\/\/tecplan.com.gt\/","logo":{"@type":"ImageObject","inLanguage":"en-US","@id":"https:\/\/tecplan.com.gt\/#\/schema\/logo\/image\/","url":"\/wp-content\/uploads\/2023\/03\/logo-tecplan.gif","contentUrl":"\/wp-content\/uploads\/2023\/03\/logo-tecplan.gif","width":1920,"height":486,"caption":"Tecplan Argentina"},"image":{"@id":"https:\/\/tecplan.com.gt\/#\/schema\/logo\/image\/"}}]}},"_links":{"self":[{"href":"https:\/\/tecplan.com.gt\/en\/wp-json\/wp\/v2\/product\/8309"}],"collection":[{"href":"https:\/\/tecplan.com.gt\/en\/wp-json\/wp\/v2\/product"}],"about":[{"href":"https:\/\/tecplan.com.gt\/en\/wp-json\/wp\/v2\/types\/product"}],"replies":[{"embeddable":true,"href":"https:\/\/tecplan.com.gt\/en\/wp-json\/wp\/v2\/comments?post=8309"}],"version-history":[{"count":26,"href":"https:\/\/tecplan.com.gt\/en\/wp-json\/wp\/v2\/product\/8309\/revisions"}],"predecessor-version":[{"id":8512,"href":"https:\/\/tecplan.com.gt\/en\/wp-json\/wp\/v2\/product\/8309\/revisions\/8512"}],"wp:featuredmedia":[{"embeddable":true,"href":"https:\/\/tecplan.com.gt\/en\/wp-json\/wp\/v2\/media\/8310"}],"wp:attachment":[{"href":"https:\/\/tecplan.com.gt\/en\/wp-json\/wp\/v2\/media?parent=8309"}],"wp:term":[{"taxonomy":"product_brand","embeddable":true,"href":"https:\/\/tecplan.com.gt\/en\/wp-json\/wp\/v2\/product_brand?post=8309"},{"taxonomy":"product_cat","embeddable":true,"href":"https:\/\/tecplan.com.gt\/en\/wp-json\/wp\/v2\/product_cat?post=8309"},{"taxonomy":"product_tag","embeddable":true,"href":"https:\/\/tecplan.com.gt\/en\/wp-json\/wp\/v2\/product_tag?post=8309"}],"curies":[{"name":"wp","href":"https:\/\/api.w.org\/{rel}","templated":true}]}}