{"id":8361,"date":"2024-07-14T23:42:28","date_gmt":"2024-07-15T05:42:28","guid":{"rendered":"https:\/\/tecplan.com.gt\/?post_type=product&#038;p=8361"},"modified":"2024-07-15T00:42:27","modified_gmt":"2024-07-15T06:42:27","slug":"fuente-de-poder-astron-modelo-rs-20abb","status":"publish","type":"product","link":"https:\/\/tecplan.com.gt\/en\/product\/fuente-de-poder-astron-modelo-rs-20abb\/","title":{"rendered":"Astron power supply model RS-20ABB"},"content":{"rendered":"<div data-elementor-type=\"product-post\" data-elementor-id=\"8361\" class=\"elementor elementor-8361\" data-elementor-post-type=\"product\">\n\t\t\t\t<div class=\"elementor-element elementor-element-4b5e2cc e-flex e-con-boxed e-con e-parent\" data-id=\"4b5e2cc\" data-element_type=\"container\">\n\t\t\t\t\t<div class=\"e-con-inner\">\n\t\t\t\t<div class=\"elementor-element elementor-element-7a4e68b3 elementor-widget elementor-widget-text-editor\" data-id=\"7a4e68b3\" data-element_type=\"widget\" data-widget_type=\"text-editor.default\">\n\t\t\t\t<div class=\"elementor-widget-container\">\n\t\t\t\t\t\t\t\t\tAstron Power Supply | 13.8Vdc, 20A Outputs | Linear Regulated with Battery Charger Circuit.\t\t\t\t\t\t\t\t<\/div>\n\t\t\t\t<\/div>\n\t\t\t\t<div class=\"elementor-element elementor-element-1c3f192 elementor-widget-divider--view-line elementor-widget elementor-widget-divider\" data-id=\"1c3f192\" data-element_type=\"widget\" data-widget_type=\"divider.default\">\n\t\t\t\t<div class=\"elementor-widget-container\">\n\t\t\t\t\t\t\t<div class=\"elementor-divider\">\n\t\t\t<span class=\"elementor-divider-separator\">\n\t\t\t\t\t\t<\/span>\n\t\t<\/div>\n\t\t\t\t\t\t<\/div>\n\t\t\t\t<\/div>\n\t\t<div class=\"elementor-element elementor-element-89089f2 e-con-full e-flex e-con e-child\" data-id=\"89089f2\" data-element_type=\"container\">\n\t\t<div class=\"elementor-element elementor-element-b780827 e-con-full e-flex e-con e-child\" data-id=\"b780827\" data-element_type=\"container\">\n\t\t\t\t<div class=\"elementor-element elementor-element-2486cc3 elementor-widget__width-initial elementor-widget elementor-widget-text-editor\" data-id=\"2486cc3\" data-element_type=\"widget\" data-widget_type=\"text-editor.default\">\n\t\t\t\t<div class=\"elementor-widget-container\">\n\t\t\t\t\t\t\t\t\t<p><strong>Download Technical Sheet<\/strong><\/p>\t\t\t\t\t\t\t\t<\/div>\n\t\t\t\t<\/div>\n\t\t\t\t<\/div>\n\t\t<div class=\"elementor-element elementor-element-7a9a45d e-con-full e-flex e-con e-child\" data-id=\"7a9a45d\" data-element_type=\"container\">\n\t\t\t\t<\/div>\n\t\t<div class=\"elementor-element elementor-element-89c3dfa e-con-full e-flex e-con e-child\" data-id=\"89c3dfa\" data-element_type=\"container\">\n\t\t\t\t<div class=\"elementor-element elementor-element-1222dfc elementor-widget__width-initial elementor-widget elementor-widget-button\" data-id=\"1222dfc\" data-element_type=\"widget\" data-widget_type=\"button.default\">\n\t\t\t\t<div class=\"elementor-widget-container\">\n\t\t\t\t\t\t\t\t\t<div class=\"elementor-button-wrapper\">\n\t\t\t\t\t<a class=\"elementor-button elementor-button-link elementor-size-sm\" href=\"https:\/\/drive.google.com\/file\/d\/1iGSl2e2qeHnXnOGMIeqJG-WyOnD2LQj1\/view?usp=sharing\">\n\t\t\t\t\t\t<span class=\"elementor-button-content-wrapper\">\n\t\t\t\t\t\t\t\t\t<span class=\"elementor-button-text\">In Spanish<\/span>\n\t\t\t\t\t<\/span>\n\t\t\t\t\t<\/a>\n\t\t\t\t<\/div>\n\t\t\t\t\t\t\t\t<\/div>\n\t\t\t\t<\/div>\n\t\t\t\t<\/div>\n\t\t<div class=\"elementor-element elementor-element-33ecf55 e-con-full e-flex e-con e-child\" data-id=\"33ecf55\" data-element_type=\"container\">\n\t\t\t\t<div class=\"elementor-element elementor-element-15ed7e6 elementor-widget__width-initial elementor-widget elementor-widget-button\" data-id=\"15ed7e6\" data-element_type=\"widget\" data-widget_type=\"button.default\">\n\t\t\t\t<div class=\"elementor-widget-container\">\n\t\t\t\t\t\t\t\t\t<div class=\"elementor-button-wrapper\">\n\t\t\t\t\t<a class=\"elementor-button elementor-button-link elementor-size-sm\" href=\"https:\/\/drive.google.com\/file\/d\/1HwtaKaIm8BvzRvY1h43OUXzesMh7lmKM\/view?usp=sharing\">\n\t\t\t\t\t\t<span class=\"elementor-button-content-wrapper\">\n\t\t\t\t\t\t\t\t\t<span class=\"elementor-button-text\">In English<\/span>\n\t\t\t\t\t<\/span>\n\t\t\t\t\t<\/a>\n\t\t\t\t<\/div>\n\t\t\t\t\t\t\t\t<\/div>\n\t\t\t\t<\/div>\n\t\t\t\t<\/div>\n\t\t\t\t<\/div>\n\t\t\t\t\t<\/div>\n\t\t\t\t<\/div>\n\t\t\t\t<\/div>","protected":false},"excerpt":{"rendered":"<p><strong><br \/>\nCharacteristics<\/strong><\/p>\n<ul>\n<li>Solid state electronic regulation.<\/li>\n<li>Current limiter (protects the source from excess current).<\/li>\n<li>Heavy duty heat sink.<\/li>\n<li>Maintains regulation at low voltage inputs.<\/li>\n<li>Battery Charger Circuit.<\/li>\n<\/ul>","protected":false},"featured_media":8365,"comment_status":"open","ping_status":"closed","template":"","meta":{"site-sidebar-layout":"default","site-content-layout":"","ast-site-content-layout":"default","site-content-style":"default","site-sidebar-style":"default","ast-global-header-display":"","ast-banner-title-visibility":"","ast-main-header-display":"","ast-hfb-above-header-display":"","ast-hfb-below-header-display":"","ast-hfb-mobile-header-display":"","site-post-title":"","ast-breadcrumbs-content":"","ast-featured-img":"","footer-sml-layout":"","theme-transparent-header-meta":"default","adv-header-id-meta":"","stick-header-meta":"","header-above-stick-meta":"","header-main-stick-meta":"","header-below-stick-meta":"","astra-migrate-meta-layouts":"set","ast-page-background-enabled":"default","ast-page-background-meta":{"desktop":{"background-color":"var(--ast-global-color-4)","background-image":"","background-repeat":"repeat","background-position":"center center","background-size":"auto","background-attachment":"scroll","background-type":"","background-media":"","overlay-type":"","overlay-color":"","overlay-opacity":"","overlay-gradient":""},"tablet":{"background-color":"","background-image":"","background-repeat":"repeat","background-position":"center center","background-size":"auto","background-attachment":"scroll","background-type":"","background-media":"","overlay-type":"","overlay-color":"","overlay-opacity":"","overlay-gradient":""},"mobile":{"background-color":"","background-image":"","background-repeat":"repeat","background-position":"center center","background-size":"auto","background-attachment":"scroll","background-type":"","background-media":"","overlay-type":"","overlay-color":"","overlay-opacity":"","overlay-gradient":""}},"ast-content-background-meta":{"desktop":{"background-color":"var(--ast-global-color-5)","background-image":"","background-repeat":"repeat","background-position":"center center","background-size":"auto","background-attachment":"scroll","background-type":"","background-media":"","overlay-type":"","overlay-color":"","overlay-opacity":"","overlay-gradient":""},"tablet":{"background-color":"var(--ast-global-color-5)","background-image":"","background-repeat":"repeat","background-position":"center center","background-size":"auto","background-attachment":"scroll","background-type":"","background-media":"","overlay-type":"","overlay-color":"","overlay-opacity":"","overlay-gradient":""},"mobile":{"background-color":"var(--ast-global-color-5)","background-image":"","background-repeat":"repeat","background-position":"center center","background-size":"auto","background-attachment":"scroll","background-type":"","background-media":"","overlay-type":"","overlay-color":"","overlay-opacity":"","overlay-gradient":""}}},"product_brand":[],"product_cat":[100,83,31],"product_tag":[101],"class_list":{"0":"post-8361","1":"product","2":"type-product","3":"status-publish","4":"has-post-thumbnail","6":"product_cat-astron","7":"product_cat-radio-comuniacion","8":"product_cat-radiocomunicacion","9":"product_tag-astron","10":"desktop-align-left","11":"tablet-align-left","12":"mobile-align-left","14":"first","15":"instock","16":"shipping-taxable","17":"product-type-simple"},"yoast_head":"<!-- This site is optimized with the Yoast SEO plugin v24.6 - https:\/\/yoast.com\/wordpress\/plugins\/seo\/ -->\n<title>Fuente de poder Astron modelo RS-20ABB -<\/title>\n<meta name=\"robots\" content=\"index, follow, max-snippet:-1, max-image-preview:large, max-video-preview:-1\" \/>\n<link rel=\"canonical\" href=\"https:\/\/tecplan.com.gt\/en\/product\/fuente-de-poder-astron-modelo-rs-20abb\/\" \/>\n<meta property=\"og:locale\" content=\"en_US\" \/>\n<meta property=\"og:type\" content=\"article\" \/>\n<meta property=\"og:title\" content=\"Fuente de poder Astron modelo RS-20ABB -\" \/>\n<meta property=\"og:description\" content=\"Caracter\u00edsticas   Regulaci\u00f3n electr\u00f3nica de estado s\u00f3lido.  Delimitador de corriente (protege la fuente por exceso de corriente).  Disipador de calor para trabajo pesado.  Mantiene regulaci\u00f3n a bajas entradas de voltaje.  Circuito Cargador de Bater\u00edas.\" \/>\n<meta property=\"og:url\" content=\"https:\/\/tecplan.com.gt\/en\/product\/fuente-de-poder-astron-modelo-rs-20abb\/\" \/>\n<meta property=\"article:modified_time\" content=\"2024-07-15T06:42:27+00:00\" \/>\n<meta property=\"og:image\" content=\"https:\/\/tecplan.com.gt\/wp-content\/uploads\/2024\/07\/RS20ABB-FRENTE-p.png\" \/>\n\t<meta property=\"og:image:width\" content=\"400\" \/>\n\t<meta property=\"og:image:height\" content=\"400\" \/>\n\t<meta property=\"og:image:type\" content=\"image\/png\" \/>\n<meta name=\"twitter:card\" content=\"summary_large_image\" \/>\n<meta name=\"twitter:label1\" content=\"Est. reading time\" \/>\n\t<meta name=\"twitter:data1\" content=\"1 minute\" \/>\n<script type=\"application\/ld+json\" class=\"yoast-schema-graph\">{\"@context\":\"https:\/\/schema.org\",\"@graph\":[{\"@type\":\"WebPage\",\"@id\":\"https:\/\/tecplan.com.gt\/producto\/fuente-de-poder-astron-modelo-rs-20abb\/\",\"url\":\"https:\/\/tecplan.com.gt\/producto\/fuente-de-poder-astron-modelo-rs-20abb\/\",\"name\":\"Fuente de poder Astron modelo RS-20ABB -\",\"isPartOf\":{\"@id\":\"https:\/\/tecplan.com.gt\/#website\"},\"primaryImageOfPage\":{\"@id\":\"https:\/\/tecplan.com.gt\/producto\/fuente-de-poder-astron-modelo-rs-20abb\/#primaryimage\"},\"image\":{\"@id\":\"https:\/\/tecplan.com.gt\/producto\/fuente-de-poder-astron-modelo-rs-20abb\/#primaryimage\"},\"thumbnailUrl\":\"\/wp-content\/uploads\/2024\/07\/RS20ABB-FRENTE-p.png\",\"datePublished\":\"2024-07-15T05:42:28+00:00\",\"dateModified\":\"2024-07-15T06:42:27+00:00\",\"breadcrumb\":{\"@id\":\"https:\/\/tecplan.com.gt\/producto\/fuente-de-poder-astron-modelo-rs-20abb\/#breadcrumb\"},\"inLanguage\":\"en-US\",\"potentialAction\":[{\"@type\":\"ReadAction\",\"target\":[\"https:\/\/tecplan.com.gt\/producto\/fuente-de-poder-astron-modelo-rs-20abb\/\"]}]},{\"@type\":\"ImageObject\",\"inLanguage\":\"en-US\",\"@id\":\"https:\/\/tecplan.com.gt\/producto\/fuente-de-poder-astron-modelo-rs-20abb\/#primaryimage\",\"url\":\"\/wp-content\/uploads\/2024\/07\/RS20ABB-FRENTE-p.png\",\"contentUrl\":\"\/wp-content\/uploads\/2024\/07\/RS20ABB-FRENTE-p.png\",\"width\":400,\"height\":400},{\"@type\":\"BreadcrumbList\",\"@id\":\"https:\/\/tecplan.com.gt\/producto\/fuente-de-poder-astron-modelo-rs-20abb\/#breadcrumb\",\"itemListElement\":[{\"@type\":\"ListItem\",\"position\":1,\"name\":\"Portada\",\"item\":\"https:\/\/tecplan.com.gt\/\"},{\"@type\":\"ListItem\",\"position\":2,\"name\":\"Productos\",\"item\":\"https:\/\/tecplan.com.gt\/shop\/\"},{\"@type\":\"ListItem\",\"position\":3,\"name\":\"Fuente de poder Astron modelo RS-20ABB\"}]},{\"@type\":\"WebSite\",\"@id\":\"https:\/\/tecplan.com.gt\/#website\",\"url\":\"https:\/\/tecplan.com.gt\/\",\"name\":\"Tecplan Argentina\",\"description\":\"Tecnolog\u00edas y equipos de telecomunicaciones\",\"publisher\":{\"@id\":\"https:\/\/tecplan.com.gt\/#organization\"},\"potentialAction\":[{\"@type\":\"SearchAction\",\"target\":{\"@type\":\"EntryPoint\",\"urlTemplate\":\"https:\/\/tecplan.com.gt\/?s={search_term_string}\"},\"query-input\":{\"@type\":\"PropertyValueSpecification\",\"valueRequired\":true,\"valueName\":\"search_term_string\"}}],\"inLanguage\":\"en-US\"},{\"@type\":\"Organization\",\"@id\":\"https:\/\/tecplan.com.gt\/#organization\",\"name\":\"Tecplan Argentina\",\"url\":\"https:\/\/tecplan.com.gt\/\",\"logo\":{\"@type\":\"ImageObject\",\"inLanguage\":\"en-US\",\"@id\":\"https:\/\/tecplan.com.gt\/#\/schema\/logo\/image\/\",\"url\":\"\/wp-content\/uploads\/2023\/03\/logo-tecplan.gif\",\"contentUrl\":\"\/wp-content\/uploads\/2023\/03\/logo-tecplan.gif\",\"width\":1920,\"height\":486,\"caption\":\"Tecplan Argentina\"},\"image\":{\"@id\":\"https:\/\/tecplan.com.gt\/#\/schema\/logo\/image\/\"}}]}<\/script>\n<!-- \/ Yoast SEO plugin. -->","yoast_head_json":{"title":"Fuente de poder Astron modelo RS-20ABB -","robots":{"index":"index","follow":"follow","max-snippet":"max-snippet:-1","max-image-preview":"max-image-preview:large","max-video-preview":"max-video-preview:-1"},"canonical":"https:\/\/tecplan.com.gt\/en\/product\/fuente-de-poder-astron-modelo-rs-20abb\/","og_locale":"en_US","og_type":"article","og_title":"Fuente de poder Astron modelo RS-20ABB -","og_description":"Caracter\u00edsticas   Regulaci\u00f3n electr\u00f3nica de estado s\u00f3lido.  Delimitador de corriente (protege la fuente por exceso de corriente).  Disipador de calor para trabajo pesado.  Mantiene regulaci\u00f3n a bajas entradas de voltaje.  Circuito Cargador de Bater\u00edas.","og_url":"https:\/\/tecplan.com.gt\/en\/product\/fuente-de-poder-astron-modelo-rs-20abb\/","article_modified_time":"2024-07-15T06:42:27+00:00","og_image":[{"width":400,"height":400,"url":"https:\/\/tecplan.com.gt\/wp-content\/uploads\/2024\/07\/RS20ABB-FRENTE-p.png","type":"image\/png"}],"twitter_card":"summary_large_image","twitter_misc":{"Est. reading time":"1 minute"},"schema":{"@context":"https:\/\/schema.org","@graph":[{"@type":"WebPage","@id":"https:\/\/tecplan.com.gt\/producto\/fuente-de-poder-astron-modelo-rs-20abb\/","url":"https:\/\/tecplan.com.gt\/producto\/fuente-de-poder-astron-modelo-rs-20abb\/","name":"Fuente de poder Astron modelo RS-20ABB -","isPartOf":{"@id":"https:\/\/tecplan.com.gt\/#website"},"primaryImageOfPage":{"@id":"https:\/\/tecplan.com.gt\/producto\/fuente-de-poder-astron-modelo-rs-20abb\/#primaryimage"},"image":{"@id":"https:\/\/tecplan.com.gt\/producto\/fuente-de-poder-astron-modelo-rs-20abb\/#primaryimage"},"thumbnailUrl":"\/wp-content\/uploads\/2024\/07\/RS20ABB-FRENTE-p.png","datePublished":"2024-07-15T05:42:28+00:00","dateModified":"2024-07-15T06:42:27+00:00","breadcrumb":{"@id":"https:\/\/tecplan.com.gt\/producto\/fuente-de-poder-astron-modelo-rs-20abb\/#breadcrumb"},"inLanguage":"en-US","potentialAction":[{"@type":"ReadAction","target":["https:\/\/tecplan.com.gt\/producto\/fuente-de-poder-astron-modelo-rs-20abb\/"]}]},{"@type":"ImageObject","inLanguage":"en-US","@id":"https:\/\/tecplan.com.gt\/producto\/fuente-de-poder-astron-modelo-rs-20abb\/#primaryimage","url":"\/wp-content\/uploads\/2024\/07\/RS20ABB-FRENTE-p.png","contentUrl":"\/wp-content\/uploads\/2024\/07\/RS20ABB-FRENTE-p.png","width":400,"height":400},{"@type":"BreadcrumbList","@id":"https:\/\/tecplan.com.gt\/producto\/fuente-de-poder-astron-modelo-rs-20abb\/#breadcrumb","itemListElement":[{"@type":"ListItem","position":1,"name":"Portada","item":"https:\/\/tecplan.com.gt\/"},{"@type":"ListItem","position":2,"name":"Productos","item":"https:\/\/tecplan.com.gt\/shop\/"},{"@type":"ListItem","position":3,"name":"Fuente de poder Astron modelo RS-20ABB"}]},{"@type":"WebSite","@id":"https:\/\/tecplan.com.gt\/#website","url":"https:\/\/tecplan.com.gt\/","name":"Tecplan Argentina","description":"Tecnolog\u00edas y equipos de telecomunicaciones","publisher":{"@id":"https:\/\/tecplan.com.gt\/#organization"},"potentialAction":[{"@type":"SearchAction","target":{"@type":"EntryPoint","urlTemplate":"https:\/\/tecplan.com.gt\/?s={search_term_string}"},"query-input":{"@type":"PropertyValueSpecification","valueRequired":true,"valueName":"search_term_string"}}],"inLanguage":"en-US"},{"@type":"Organization","@id":"https:\/\/tecplan.com.gt\/#organization","name":"Tecplan Argentina","url":"https:\/\/tecplan.com.gt\/","logo":{"@type":"ImageObject","inLanguage":"en-US","@id":"https:\/\/tecplan.com.gt\/#\/schema\/logo\/image\/","url":"\/wp-content\/uploads\/2023\/03\/logo-tecplan.gif","contentUrl":"\/wp-content\/uploads\/2023\/03\/logo-tecplan.gif","width":1920,"height":486,"caption":"Tecplan Argentina"},"image":{"@id":"https:\/\/tecplan.com.gt\/#\/schema\/logo\/image\/"}}]}},"_links":{"self":[{"href":"https:\/\/tecplan.com.gt\/en\/wp-json\/wp\/v2\/product\/8361"}],"collection":[{"href":"https:\/\/tecplan.com.gt\/en\/wp-json\/wp\/v2\/product"}],"about":[{"href":"https:\/\/tecplan.com.gt\/en\/wp-json\/wp\/v2\/types\/product"}],"replies":[{"embeddable":true,"href":"https:\/\/tecplan.com.gt\/en\/wp-json\/wp\/v2\/comments?post=8361"}],"version-history":[{"count":5,"href":"https:\/\/tecplan.com.gt\/en\/wp-json\/wp\/v2\/product\/8361\/revisions"}],"predecessor-version":[{"id":8417,"href":"https:\/\/tecplan.com.gt\/en\/wp-json\/wp\/v2\/product\/8361\/revisions\/8417"}],"wp:featuredmedia":[{"embeddable":true,"href":"https:\/\/tecplan.com.gt\/en\/wp-json\/wp\/v2\/media\/8365"}],"wp:attachment":[{"href":"https:\/\/tecplan.com.gt\/en\/wp-json\/wp\/v2\/media?parent=8361"}],"wp:term":[{"taxonomy":"product_brand","embeddable":true,"href":"https:\/\/tecplan.com.gt\/en\/wp-json\/wp\/v2\/product_brand?post=8361"},{"taxonomy":"product_cat","embeddable":true,"href":"https:\/\/tecplan.com.gt\/en\/wp-json\/wp\/v2\/product_cat?post=8361"},{"taxonomy":"product_tag","embeddable":true,"href":"https:\/\/tecplan.com.gt\/en\/wp-json\/wp\/v2\/product_tag?post=8361"}],"curies":[{"name":"wp","href":"https:\/\/api.w.org\/{rel}","templated":true}]}}