{"id":8371,"date":"2024-07-14T23:51:04","date_gmt":"2024-07-15T05:51:04","guid":{"rendered":"https:\/\/tecplan.com.gt\/?post_type=product&#038;p=8371"},"modified":"2024-07-15T00:41:32","modified_gmt":"2024-07-15T06:41:32","slug":"fuente-de-poder-astrom-modelo-rm-50mbb","status":"publish","type":"product","link":"https:\/\/tecplan.com.gt\/en\/product\/fuente-de-poder-astrom-modelo-rm-50mbb\/","title":{"rendered":"ASTROM power supply model RM-50MBB"},"content":{"rendered":"<div data-elementor-type=\"product-post\" data-elementor-id=\"8371\" class=\"elementor elementor-8371\" data-elementor-post-type=\"product\">\n\t\t\t\t<div class=\"elementor-element elementor-element-2578709c e-flex e-con-boxed e-con e-parent\" data-id=\"2578709c\" data-element_type=\"container\">\n\t\t\t\t\t<div class=\"e-con-inner\">\n\t\t\t\t<div class=\"elementor-element elementor-element-223bd7d3 elementor-widget elementor-widget-text-editor\" data-id=\"223bd7d3\" data-element_type=\"widget\" data-widget_type=\"text-editor.default\">\n\t\t\t\t<div class=\"elementor-widget-container\">\n\t\t\t\t\t\t\t\t\t13.8Vdc, 50A, linear regulated power supply with battery charger circuit, meters, for rack installation.\t\t\t\t\t\t\t\t<\/div>\n\t\t\t\t<\/div>\n\t\t\t\t<div class=\"elementor-element elementor-element-4ebd1d7 elementor-widget-divider--view-line elementor-widget elementor-widget-divider\" data-id=\"4ebd1d7\" data-element_type=\"widget\" data-widget_type=\"divider.default\">\n\t\t\t\t<div class=\"elementor-widget-container\">\n\t\t\t\t\t\t\t<div class=\"elementor-divider\">\n\t\t\t<span class=\"elementor-divider-separator\">\n\t\t\t\t\t\t<\/span>\n\t\t<\/div>\n\t\t\t\t\t\t<\/div>\n\t\t\t\t<\/div>\n\t\t<div class=\"elementor-element elementor-element-707a379 e-con-full e-flex e-con e-child\" data-id=\"707a379\" data-element_type=\"container\">\n\t\t<div class=\"elementor-element elementor-element-87b87e0 e-con-full e-flex e-con e-child\" data-id=\"87b87e0\" data-element_type=\"container\">\n\t\t\t\t<div class=\"elementor-element elementor-element-7a1f551 elementor-widget__width-initial elementor-widget elementor-widget-text-editor\" data-id=\"7a1f551\" data-element_type=\"widget\" data-widget_type=\"text-editor.default\">\n\t\t\t\t<div class=\"elementor-widget-container\">\n\t\t\t\t\t\t\t\t\t<p><strong>Download Technical Sheet<\/strong><\/p>\t\t\t\t\t\t\t\t<\/div>\n\t\t\t\t<\/div>\n\t\t\t\t<\/div>\n\t\t<div class=\"elementor-element elementor-element-582ff94 e-con-full e-flex e-con e-child\" data-id=\"582ff94\" data-element_type=\"container\">\n\t\t\t\t<\/div>\n\t\t<div class=\"elementor-element elementor-element-2a5cde1 e-con-full e-flex e-con e-child\" data-id=\"2a5cde1\" data-element_type=\"container\">\n\t\t\t\t<div class=\"elementor-element elementor-element-52ef904 elementor-widget__width-initial elementor-widget elementor-widget-button\" data-id=\"52ef904\" data-element_type=\"widget\" data-widget_type=\"button.default\">\n\t\t\t\t<div class=\"elementor-widget-container\">\n\t\t\t\t\t\t\t\t\t<div class=\"elementor-button-wrapper\">\n\t\t\t\t\t<a class=\"elementor-button elementor-button-link elementor-size-sm\" href=\"https:\/\/drive.google.com\/file\/d\/1te9Lpx1uZUNvfR2QpdBakL3g1gwxx3_f\/view?usp=sharing\">\n\t\t\t\t\t\t<span class=\"elementor-button-content-wrapper\">\n\t\t\t\t\t\t\t\t\t<span class=\"elementor-button-text\">In Spanish<\/span>\n\t\t\t\t\t<\/span>\n\t\t\t\t\t<\/a>\n\t\t\t\t<\/div>\n\t\t\t\t\t\t\t\t<\/div>\n\t\t\t\t<\/div>\n\t\t\t\t<\/div>\n\t\t<div class=\"elementor-element elementor-element-5d502a4 e-con-full e-flex e-con e-child\" data-id=\"5d502a4\" data-element_type=\"container\">\n\t\t\t\t<div class=\"elementor-element elementor-element-3bf71e6 elementor-widget__width-initial elementor-widget elementor-widget-button\" data-id=\"3bf71e6\" data-element_type=\"widget\" data-widget_type=\"button.default\">\n\t\t\t\t<div class=\"elementor-widget-container\">\n\t\t\t\t\t\t\t\t\t<div class=\"elementor-button-wrapper\">\n\t\t\t\t\t<a class=\"elementor-button elementor-button-link elementor-size-sm\" href=\"https:\/\/drive.google.com\/file\/d\/1UF3y63ni488qK1dshNrW1vqdF6xQ_Pql\/view?usp=sharing\">\n\t\t\t\t\t\t<span class=\"elementor-button-content-wrapper\">\n\t\t\t\t\t\t\t\t\t<span class=\"elementor-button-text\">In English<\/span>\n\t\t\t\t\t<\/span>\n\t\t\t\t\t<\/a>\n\t\t\t\t<\/div>\n\t\t\t\t\t\t\t\t<\/div>\n\t\t\t\t<\/div>\n\t\t\t\t<\/div>\n\t\t\t\t<\/div>\n\t\t\t\t\t<\/div>\n\t\t\t\t<\/div>\n\t\t\t\t<\/div>","protected":false},"excerpt":{"rendered":"<p><strong><br \/>\nCharacteristics<\/strong><\/p>\n<ul>\n<li>Solid state electronic regulation.<\/li>\n<li>Current limiter (protects the source from excess current).<\/li>\n<li>Heavy duty heat sink.<\/li>\n<li>Maintains regulation at low voltage inputs.<\/li>\n<li>Ideal for rack installation.<\/li>\n<\/ul>","protected":false},"featured_media":8376,"comment_status":"open","ping_status":"closed","template":"","meta":{"site-sidebar-layout":"default","site-content-layout":"","ast-site-content-layout":"default","site-content-style":"default","site-sidebar-style":"default","ast-global-header-display":"","ast-banner-title-visibility":"","ast-main-header-display":"","ast-hfb-above-header-display":"","ast-hfb-below-header-display":"","ast-hfb-mobile-header-display":"","site-post-title":"","ast-breadcrumbs-content":"","ast-featured-img":"","footer-sml-layout":"","theme-transparent-header-meta":"default","adv-header-id-meta":"","stick-header-meta":"","header-above-stick-meta":"","header-main-stick-meta":"","header-below-stick-meta":"","astra-migrate-meta-layouts":"set","ast-page-background-enabled":"default","ast-page-background-meta":{"desktop":{"background-color":"var(--ast-global-color-4)","background-image":"","background-repeat":"repeat","background-position":"center center","background-size":"auto","background-attachment":"scroll","background-type":"","background-media":"","overlay-type":"","overlay-color":"","overlay-opacity":"","overlay-gradient":""},"tablet":{"background-color":"","background-image":"","background-repeat":"repeat","background-position":"center center","background-size":"auto","background-attachment":"scroll","background-type":"","background-media":"","overlay-type":"","overlay-color":"","overlay-opacity":"","overlay-gradient":""},"mobile":{"background-color":"","background-image":"","background-repeat":"repeat","background-position":"center center","background-size":"auto","background-attachment":"scroll","background-type":"","background-media":"","overlay-type":"","overlay-color":"","overlay-opacity":"","overlay-gradient":""}},"ast-content-background-meta":{"desktop":{"background-color":"var(--ast-global-color-5)","background-image":"","background-repeat":"repeat","background-position":"center center","background-size":"auto","background-attachment":"scroll","background-type":"","background-media":"","overlay-type":"","overlay-color":"","overlay-opacity":"","overlay-gradient":""},"tablet":{"background-color":"var(--ast-global-color-5)","background-image":"","background-repeat":"repeat","background-position":"center center","background-size":"auto","background-attachment":"scroll","background-type":"","background-media":"","overlay-type":"","overlay-color":"","overlay-opacity":"","overlay-gradient":""},"mobile":{"background-color":"var(--ast-global-color-5)","background-image":"","background-repeat":"repeat","background-position":"center center","background-size":"auto","background-attachment":"scroll","background-type":"","background-media":"","overlay-type":"","overlay-color":"","overlay-opacity":"","overlay-gradient":""}}},"product_brand":[],"product_cat":[100,83,31],"product_tag":[101],"class_list":{"0":"post-8371","1":"product","2":"type-product","3":"status-publish","4":"has-post-thumbnail","6":"product_cat-astron","7":"product_cat-radio-comuniacion","8":"product_cat-radiocomunicacion","9":"product_tag-astron","10":"desktop-align-left","11":"tablet-align-left","12":"mobile-align-left","14":"first","15":"instock","16":"shipping-taxable","17":"product-type-simple"},"yoast_head":"<!-- This site is optimized with the Yoast SEO plugin v24.6 - https:\/\/yoast.com\/wordpress\/plugins\/seo\/ -->\n<title>Fuente de poder ASTROM modelo RM-50MBB -<\/title>\n<meta name=\"robots\" content=\"index, follow, max-snippet:-1, max-image-preview:large, max-video-preview:-1\" \/>\n<link rel=\"canonical\" href=\"https:\/\/tecplan.com.gt\/en\/product\/fuente-de-poder-astrom-modelo-rm-50mbb\/\" \/>\n<meta property=\"og:locale\" content=\"en_US\" \/>\n<meta property=\"og:type\" content=\"article\" \/>\n<meta property=\"og:title\" content=\"Fuente de poder ASTROM modelo RM-50MBB -\" \/>\n<meta property=\"og:description\" content=\"Caracter\u00edsticas   Regulaci\u00f3n electr\u00f3nica de estado s\u00f3lido.  Delimitador de corriente (protege la fuente por exceso de corriente).  Disipador de calor para trabajo pesado.  Mantiene regulaci\u00f3n a bajas entradas de voltaje.  Ideal para instalar en Rack.\" \/>\n<meta property=\"og:url\" content=\"https:\/\/tecplan.com.gt\/en\/product\/fuente-de-poder-astrom-modelo-rm-50mbb\/\" \/>\n<meta property=\"article:modified_time\" content=\"2024-07-15T06:41:32+00:00\" \/>\n<meta property=\"og:image\" content=\"https:\/\/tecplan.com.gt\/wp-content\/uploads\/2024\/07\/RM50MBB-AD-1-p.png\" \/>\n\t<meta property=\"og:image:width\" content=\"400\" \/>\n\t<meta property=\"og:image:height\" content=\"400\" \/>\n\t<meta property=\"og:image:type\" content=\"image\/png\" \/>\n<meta name=\"twitter:card\" content=\"summary_large_image\" \/>\n<meta name=\"twitter:label1\" content=\"Est. reading time\" \/>\n\t<meta name=\"twitter:data1\" content=\"1 minute\" \/>\n<script type=\"application\/ld+json\" class=\"yoast-schema-graph\">{\"@context\":\"https:\/\/schema.org\",\"@graph\":[{\"@type\":\"WebPage\",\"@id\":\"https:\/\/tecplan.com.gt\/producto\/fuente-de-poder-astrom-modelo-rm-50mbb\/\",\"url\":\"https:\/\/tecplan.com.gt\/producto\/fuente-de-poder-astrom-modelo-rm-50mbb\/\",\"name\":\"Fuente de poder ASTROM modelo RM-50MBB -\",\"isPartOf\":{\"@id\":\"https:\/\/tecplan.com.gt\/#website\"},\"primaryImageOfPage\":{\"@id\":\"https:\/\/tecplan.com.gt\/producto\/fuente-de-poder-astrom-modelo-rm-50mbb\/#primaryimage\"},\"image\":{\"@id\":\"https:\/\/tecplan.com.gt\/producto\/fuente-de-poder-astrom-modelo-rm-50mbb\/#primaryimage\"},\"thumbnailUrl\":\"\/wp-content\/uploads\/2024\/07\/RM50MBB-AD-1-p.png\",\"datePublished\":\"2024-07-15T05:51:04+00:00\",\"dateModified\":\"2024-07-15T06:41:32+00:00\",\"breadcrumb\":{\"@id\":\"https:\/\/tecplan.com.gt\/producto\/fuente-de-poder-astrom-modelo-rm-50mbb\/#breadcrumb\"},\"inLanguage\":\"en-US\",\"potentialAction\":[{\"@type\":\"ReadAction\",\"target\":[\"https:\/\/tecplan.com.gt\/producto\/fuente-de-poder-astrom-modelo-rm-50mbb\/\"]}]},{\"@type\":\"ImageObject\",\"inLanguage\":\"en-US\",\"@id\":\"https:\/\/tecplan.com.gt\/producto\/fuente-de-poder-astrom-modelo-rm-50mbb\/#primaryimage\",\"url\":\"\/wp-content\/uploads\/2024\/07\/RM50MBB-AD-1-p.png\",\"contentUrl\":\"\/wp-content\/uploads\/2024\/07\/RM50MBB-AD-1-p.png\",\"width\":400,\"height\":400},{\"@type\":\"BreadcrumbList\",\"@id\":\"https:\/\/tecplan.com.gt\/producto\/fuente-de-poder-astrom-modelo-rm-50mbb\/#breadcrumb\",\"itemListElement\":[{\"@type\":\"ListItem\",\"position\":1,\"name\":\"Portada\",\"item\":\"https:\/\/tecplan.com.gt\/\"},{\"@type\":\"ListItem\",\"position\":2,\"name\":\"Productos\",\"item\":\"https:\/\/tecplan.com.gt\/shop\/\"},{\"@type\":\"ListItem\",\"position\":3,\"name\":\"Fuente de poder ASTROM modelo RM-50MBB\"}]},{\"@type\":\"WebSite\",\"@id\":\"https:\/\/tecplan.com.gt\/#website\",\"url\":\"https:\/\/tecplan.com.gt\/\",\"name\":\"Tecplan Argentina\",\"description\":\"Tecnolog\u00edas y equipos de telecomunicaciones\",\"publisher\":{\"@id\":\"https:\/\/tecplan.com.gt\/#organization\"},\"potentialAction\":[{\"@type\":\"SearchAction\",\"target\":{\"@type\":\"EntryPoint\",\"urlTemplate\":\"https:\/\/tecplan.com.gt\/?s={search_term_string}\"},\"query-input\":{\"@type\":\"PropertyValueSpecification\",\"valueRequired\":true,\"valueName\":\"search_term_string\"}}],\"inLanguage\":\"en-US\"},{\"@type\":\"Organization\",\"@id\":\"https:\/\/tecplan.com.gt\/#organization\",\"name\":\"Tecplan Argentina\",\"url\":\"https:\/\/tecplan.com.gt\/\",\"logo\":{\"@type\":\"ImageObject\",\"inLanguage\":\"en-US\",\"@id\":\"https:\/\/tecplan.com.gt\/#\/schema\/logo\/image\/\",\"url\":\"\/wp-content\/uploads\/2023\/03\/logo-tecplan.gif\",\"contentUrl\":\"\/wp-content\/uploads\/2023\/03\/logo-tecplan.gif\",\"width\":1920,\"height\":486,\"caption\":\"Tecplan Argentina\"},\"image\":{\"@id\":\"https:\/\/tecplan.com.gt\/#\/schema\/logo\/image\/\"}}]}<\/script>\n<!-- \/ Yoast SEO plugin. -->","yoast_head_json":{"title":"Fuente de poder ASTROM modelo RM-50MBB -","robots":{"index":"index","follow":"follow","max-snippet":"max-snippet:-1","max-image-preview":"max-image-preview:large","max-video-preview":"max-video-preview:-1"},"canonical":"https:\/\/tecplan.com.gt\/en\/product\/fuente-de-poder-astrom-modelo-rm-50mbb\/","og_locale":"en_US","og_type":"article","og_title":"Fuente de poder ASTROM modelo RM-50MBB -","og_description":"Caracter\u00edsticas   Regulaci\u00f3n electr\u00f3nica de estado s\u00f3lido.  Delimitador de corriente (protege la fuente por exceso de corriente).  Disipador de calor para trabajo pesado.  Mantiene regulaci\u00f3n a bajas entradas de voltaje.  Ideal para instalar en Rack.","og_url":"https:\/\/tecplan.com.gt\/en\/product\/fuente-de-poder-astrom-modelo-rm-50mbb\/","article_modified_time":"2024-07-15T06:41:32+00:00","og_image":[{"width":400,"height":400,"url":"https:\/\/tecplan.com.gt\/wp-content\/uploads\/2024\/07\/RM50MBB-AD-1-p.png","type":"image\/png"}],"twitter_card":"summary_large_image","twitter_misc":{"Est. reading time":"1 minute"},"schema":{"@context":"https:\/\/schema.org","@graph":[{"@type":"WebPage","@id":"https:\/\/tecplan.com.gt\/producto\/fuente-de-poder-astrom-modelo-rm-50mbb\/","url":"https:\/\/tecplan.com.gt\/producto\/fuente-de-poder-astrom-modelo-rm-50mbb\/","name":"Fuente de poder ASTROM modelo RM-50MBB -","isPartOf":{"@id":"https:\/\/tecplan.com.gt\/#website"},"primaryImageOfPage":{"@id":"https:\/\/tecplan.com.gt\/producto\/fuente-de-poder-astrom-modelo-rm-50mbb\/#primaryimage"},"image":{"@id":"https:\/\/tecplan.com.gt\/producto\/fuente-de-poder-astrom-modelo-rm-50mbb\/#primaryimage"},"thumbnailUrl":"\/wp-content\/uploads\/2024\/07\/RM50MBB-AD-1-p.png","datePublished":"2024-07-15T05:51:04+00:00","dateModified":"2024-07-15T06:41:32+00:00","breadcrumb":{"@id":"https:\/\/tecplan.com.gt\/producto\/fuente-de-poder-astrom-modelo-rm-50mbb\/#breadcrumb"},"inLanguage":"en-US","potentialAction":[{"@type":"ReadAction","target":["https:\/\/tecplan.com.gt\/producto\/fuente-de-poder-astrom-modelo-rm-50mbb\/"]}]},{"@type":"ImageObject","inLanguage":"en-US","@id":"https:\/\/tecplan.com.gt\/producto\/fuente-de-poder-astrom-modelo-rm-50mbb\/#primaryimage","url":"\/wp-content\/uploads\/2024\/07\/RM50MBB-AD-1-p.png","contentUrl":"\/wp-content\/uploads\/2024\/07\/RM50MBB-AD-1-p.png","width":400,"height":400},{"@type":"BreadcrumbList","@id":"https:\/\/tecplan.com.gt\/producto\/fuente-de-poder-astrom-modelo-rm-50mbb\/#breadcrumb","itemListElement":[{"@type":"ListItem","position":1,"name":"Portada","item":"https:\/\/tecplan.com.gt\/"},{"@type":"ListItem","position":2,"name":"Productos","item":"https:\/\/tecplan.com.gt\/shop\/"},{"@type":"ListItem","position":3,"name":"Fuente de poder ASTROM modelo RM-50MBB"}]},{"@type":"WebSite","@id":"https:\/\/tecplan.com.gt\/#website","url":"https:\/\/tecplan.com.gt\/","name":"Tecplan Argentina","description":"Tecnolog\u00edas y equipos de telecomunicaciones","publisher":{"@id":"https:\/\/tecplan.com.gt\/#organization"},"potentialAction":[{"@type":"SearchAction","target":{"@type":"EntryPoint","urlTemplate":"https:\/\/tecplan.com.gt\/?s={search_term_string}"},"query-input":{"@type":"PropertyValueSpecification","valueRequired":true,"valueName":"search_term_string"}}],"inLanguage":"en-US"},{"@type":"Organization","@id":"https:\/\/tecplan.com.gt\/#organization","name":"Tecplan Argentina","url":"https:\/\/tecplan.com.gt\/","logo":{"@type":"ImageObject","inLanguage":"en-US","@id":"https:\/\/tecplan.com.gt\/#\/schema\/logo\/image\/","url":"\/wp-content\/uploads\/2023\/03\/logo-tecplan.gif","contentUrl":"\/wp-content\/uploads\/2023\/03\/logo-tecplan.gif","width":1920,"height":486,"caption":"Tecplan Argentina"},"image":{"@id":"https:\/\/tecplan.com.gt\/#\/schema\/logo\/image\/"}}]}},"_links":{"self":[{"href":"https:\/\/tecplan.com.gt\/en\/wp-json\/wp\/v2\/product\/8371"}],"collection":[{"href":"https:\/\/tecplan.com.gt\/en\/wp-json\/wp\/v2\/product"}],"about":[{"href":"https:\/\/tecplan.com.gt\/en\/wp-json\/wp\/v2\/types\/product"}],"replies":[{"embeddable":true,"href":"https:\/\/tecplan.com.gt\/en\/wp-json\/wp\/v2\/comments?post=8371"}],"version-history":[{"count":6,"href":"https:\/\/tecplan.com.gt\/en\/wp-json\/wp\/v2\/product\/8371\/revisions"}],"predecessor-version":[{"id":8416,"href":"https:\/\/tecplan.com.gt\/en\/wp-json\/wp\/v2\/product\/8371\/revisions\/8416"}],"wp:featuredmedia":[{"embeddable":true,"href":"https:\/\/tecplan.com.gt\/en\/wp-json\/wp\/v2\/media\/8376"}],"wp:attachment":[{"href":"https:\/\/tecplan.com.gt\/en\/wp-json\/wp\/v2\/media?parent=8371"}],"wp:term":[{"taxonomy":"product_brand","embeddable":true,"href":"https:\/\/tecplan.com.gt\/en\/wp-json\/wp\/v2\/product_brand?post=8371"},{"taxonomy":"product_cat","embeddable":true,"href":"https:\/\/tecplan.com.gt\/en\/wp-json\/wp\/v2\/product_cat?post=8371"},{"taxonomy":"product_tag","embeddable":true,"href":"https:\/\/tecplan.com.gt\/en\/wp-json\/wp\/v2\/product_tag?post=8371"}],"curies":[{"name":"wp","href":"https:\/\/api.w.org\/{rel}","templated":true}]}}