{"id":8422,"date":"2024-07-15T11:12:05","date_gmt":"2024-07-15T17:12:05","guid":{"rendered":"https:\/\/tecplan.com.gt\/?post_type=product&#038;p=8422"},"modified":"2024-07-15T11:17:54","modified_gmt":"2024-07-15T17:17:54","slug":"duplexer-sinclair-modelo-q2330-e","status":"publish","type":"product","link":"https:\/\/tecplan.com.gt\/en\/product\/duplexer-sinclair-modelo-q2330-e\/","title":{"rendered":"SINCLAIR duplexer model Q2330-E"},"content":{"rendered":"<div data-elementor-type=\"product-post\" data-elementor-id=\"8422\" class=\"elementor elementor-8422\" data-elementor-post-type=\"product\">\n\t\t\t\t<div class=\"elementor-element elementor-element-32e8eca4 e-flex e-con-boxed e-con e-parent\" data-id=\"32e8eca4\" data-element_type=\"container\">\n\t\t\t\t\t<div class=\"e-con-inner\">\n\t\t\t\t<div class=\"elementor-element elementor-element-60dc3c83 elementor-widget elementor-widget-text-editor\" data-id=\"60dc3c83\" data-element_type=\"widget\" data-widget_type=\"text-editor.default\">\n\t\t\t\t<div class=\"elementor-widget-container\">\n\t\t\t\t\t\t\t\t\tSINCLAIR Duplexer, 6 Cavities, 138-174 MHz, 85 dB Isolation @ 500 kHz Tx-Rx Separation, Rack-Mount, 350 Watt, N Female.\t\t\t\t\t\t\t\t<\/div>\n\t\t\t\t<\/div>\n\t\t\t\t<div class=\"elementor-element elementor-element-fe5b954 elementor-widget-divider--view-line elementor-widget elementor-widget-divider\" data-id=\"fe5b954\" data-element_type=\"widget\" data-widget_type=\"divider.default\">\n\t\t\t\t<div class=\"elementor-widget-container\">\n\t\t\t\t\t\t\t<div class=\"elementor-divider\">\n\t\t\t<span class=\"elementor-divider-separator\">\n\t\t\t\t\t\t<\/span>\n\t\t<\/div>\n\t\t\t\t\t\t<\/div>\n\t\t\t\t<\/div>\n\t\t<div class=\"elementor-element elementor-element-5397694 e-con-full e-flex e-con e-child\" data-id=\"5397694\" data-element_type=\"container\">\n\t\t<div class=\"elementor-element elementor-element-924bfe5 e-con-full e-flex e-con e-child\" data-id=\"924bfe5\" data-element_type=\"container\">\n\t\t\t\t<div class=\"elementor-element elementor-element-47ce5b0 elementor-widget__width-initial elementor-widget elementor-widget-text-editor\" data-id=\"47ce5b0\" data-element_type=\"widget\" data-widget_type=\"text-editor.default\">\n\t\t\t\t<div class=\"elementor-widget-container\">\n\t\t\t\t\t\t\t\t\t<p><strong>Download Technical Sheet<\/strong><\/p>\t\t\t\t\t\t\t\t<\/div>\n\t\t\t\t<\/div>\n\t\t\t\t<\/div>\n\t\t<div class=\"elementor-element elementor-element-a9c320f e-con-full e-flex e-con e-child\" data-id=\"a9c320f\" data-element_type=\"container\">\n\t\t\t\t<\/div>\n\t\t<div class=\"elementor-element elementor-element-50fadd7 e-con-full e-flex e-con e-child\" data-id=\"50fadd7\" data-element_type=\"container\">\n\t\t\t\t<div class=\"elementor-element elementor-element-75a5271 elementor-widget__width-initial elementor-widget elementor-widget-button\" data-id=\"75a5271\" data-element_type=\"widget\" data-widget_type=\"button.default\">\n\t\t\t\t<div class=\"elementor-widget-container\">\n\t\t\t\t\t\t\t\t\t<div class=\"elementor-button-wrapper\">\n\t\t\t\t\t<a class=\"elementor-button elementor-button-link elementor-size-sm\" href=\"https:\/\/drive.google.com\/file\/d\/1RUXrzOrT6iqHCqoojmuCkp9Vokpkzook\/view?usp=sharing\">\n\t\t\t\t\t\t<span class=\"elementor-button-content-wrapper\">\n\t\t\t\t\t\t\t\t\t<span class=\"elementor-button-text\">In Spanish<\/span>\n\t\t\t\t\t<\/span>\n\t\t\t\t\t<\/a>\n\t\t\t\t<\/div>\n\t\t\t\t\t\t\t\t<\/div>\n\t\t\t\t<\/div>\n\t\t\t\t<\/div>\n\t\t<div class=\"elementor-element elementor-element-b680e23 e-con-full e-flex e-con e-child\" data-id=\"b680e23\" data-element_type=\"container\">\n\t\t\t\t<div class=\"elementor-element elementor-element-3a8cc44 elementor-widget__width-initial elementor-widget elementor-widget-button\" data-id=\"3a8cc44\" data-element_type=\"widget\" data-widget_type=\"button.default\">\n\t\t\t\t<div class=\"elementor-widget-container\">\n\t\t\t\t\t\t\t\t\t<div class=\"elementor-button-wrapper\">\n\t\t\t\t\t<a class=\"elementor-button elementor-button-link elementor-size-sm\" href=\"https:\/\/drive.google.com\/file\/d\/1wvEMqDNQTcEbVJKQ_K2hr8WHgw7KxwX8\/view?usp=sharing\">\n\t\t\t\t\t\t<span class=\"elementor-button-content-wrapper\">\n\t\t\t\t\t\t\t\t\t<span class=\"elementor-button-text\">In English<\/span>\n\t\t\t\t\t<\/span>\n\t\t\t\t\t<\/a>\n\t\t\t\t<\/div>\n\t\t\t\t\t\t\t\t<\/div>\n\t\t\t\t<\/div>\n\t\t\t\t<\/div>\n\t\t\t\t<\/div>\n\t\t\t\t\t<\/div>\n\t\t\t\t<\/div>\n\t\t\t\t<\/div>","protected":false},"excerpt":{"rendered":"<p><strong><br \/>SINCLAIR Duplexer, 138-174 MHz, 6 Cavities, 500 kHz Sep. 350 Watt, N Female.<\/strong><\/br><\/p>\n<ul>\n<li>1\/4 wave band pass filters.<\/li>\n<li>Reduces interference, intermodulation and desensitization.<\/li>\n<li>Eliminates spurious radiation.<\/li>\n<li>Silver plated copper\/bronze inner conductors to eliminate corrosion and improve performance.<\/li>\n<li>Recommended in areas of high interference.<\/li>\n<\/ul>","protected":false},"featured_media":8423,"comment_status":"open","ping_status":"closed","template":"","meta":{"site-sidebar-layout":"default","site-content-layout":"","ast-site-content-layout":"default","site-content-style":"default","site-sidebar-style":"default","ast-global-header-display":"","ast-banner-title-visibility":"","ast-main-header-display":"","ast-hfb-above-header-display":"","ast-hfb-below-header-display":"","ast-hfb-mobile-header-display":"","site-post-title":"","ast-breadcrumbs-content":"","ast-featured-img":"","footer-sml-layout":"","theme-transparent-header-meta":"default","adv-header-id-meta":"","stick-header-meta":"","header-above-stick-meta":"","header-main-stick-meta":"","header-below-stick-meta":"","astra-migrate-meta-layouts":"set","ast-page-background-enabled":"default","ast-page-background-meta":{"desktop":{"background-color":"var(--ast-global-color-4)","background-image":"","background-repeat":"repeat","background-position":"center center","background-size":"auto","background-attachment":"scroll","background-type":"","background-media":"","overlay-type":"","overlay-color":"","overlay-opacity":"","overlay-gradient":""},"tablet":{"background-color":"","background-image":"","background-repeat":"repeat","background-position":"center center","background-size":"auto","background-attachment":"scroll","background-type":"","background-media":"","overlay-type":"","overlay-color":"","overlay-opacity":"","overlay-gradient":""},"mobile":{"background-color":"","background-image":"","background-repeat":"repeat","background-position":"center center","background-size":"auto","background-attachment":"scroll","background-type":"","background-media":"","overlay-type":"","overlay-color":"","overlay-opacity":"","overlay-gradient":""}},"ast-content-background-meta":{"desktop":{"background-color":"var(--ast-global-color-5)","background-image":"","background-repeat":"repeat","background-position":"center center","background-size":"auto","background-attachment":"scroll","background-type":"","background-media":"","overlay-type":"","overlay-color":"","overlay-opacity":"","overlay-gradient":""},"tablet":{"background-color":"var(--ast-global-color-5)","background-image":"","background-repeat":"repeat","background-position":"center center","background-size":"auto","background-attachment":"scroll","background-type":"","background-media":"","overlay-type":"","overlay-color":"","overlay-opacity":"","overlay-gradient":""},"mobile":{"background-color":"var(--ast-global-color-5)","background-image":"","background-repeat":"repeat","background-position":"center center","background-size":"auto","background-attachment":"scroll","background-type":"","background-media":"","overlay-type":"","overlay-color":"","overlay-opacity":"","overlay-gradient":""}}},"product_brand":[],"product_cat":[83,31,104],"product_tag":[102],"class_list":{"0":"post-8422","1":"product","2":"type-product","3":"status-publish","4":"has-post-thumbnail","6":"product_cat-radio-comuniacion","7":"product_cat-radiocomunicacion","8":"product_cat-sinclair","9":"product_tag-sinclair","10":"desktop-align-left","11":"tablet-align-left","12":"mobile-align-left","14":"first","15":"instock","16":"shipping-taxable","17":"product-type-simple"},"yoast_head":"<!-- This site is optimized with the Yoast SEO plugin v24.6 - https:\/\/yoast.com\/wordpress\/plugins\/seo\/ -->\n<title>Duplexer SINCLAIR modelo Q2330-E -<\/title>\n<meta name=\"robots\" content=\"index, follow, max-snippet:-1, max-image-preview:large, max-video-preview:-1\" \/>\n<link rel=\"canonical\" href=\"https:\/\/tecplan.com.gt\/en\/product\/duplexer-sinclair-modelo-q2330-e\/\" \/>\n<meta property=\"og:locale\" content=\"en_US\" \/>\n<meta property=\"og:type\" content=\"article\" \/>\n<meta property=\"og:title\" content=\"Duplexer SINCLAIR modelo Q2330-E -\" \/>\n<meta property=\"og:description\" content=\"Duplexer SINCLAIR, 138-174 MHz, 6 Cavidades, 500 kHz Sep. 350 Watt, N Hembra.   Filtros Pasa Banda de 1\/4 de onda.  Reduce interferencias, intermodulaci\u00f3n y desensibilizaci\u00f3n.  Elimina la radiaci\u00f3n de espurias.  Conductores internos de cobre\/bronce con ba\u00f1o de plata para eliminar la corrosi\u00f3n y mejorar el desempe\u00f1o.  Recomendado en \u00e1reas de mucha interferencia\" \/>\n<meta property=\"og:url\" content=\"https:\/\/tecplan.com.gt\/en\/product\/duplexer-sinclair-modelo-q2330-e\/\" \/>\n<meta property=\"article:modified_time\" content=\"2024-07-15T17:17:54+00:00\" \/>\n<meta property=\"og:image\" content=\"https:\/\/tecplan.com.gt\/wp-content\/uploads\/2024\/07\/Q2330E-p.webp\" \/>\n\t<meta property=\"og:image:width\" content=\"400\" \/>\n\t<meta property=\"og:image:height\" content=\"400\" \/>\n\t<meta property=\"og:image:type\" content=\"image\/webp\" \/>\n<meta name=\"twitter:card\" content=\"summary_large_image\" \/>\n<script type=\"application\/ld+json\" class=\"yoast-schema-graph\">{\"@context\":\"https:\/\/schema.org\",\"@graph\":[{\"@type\":\"WebPage\",\"@id\":\"https:\/\/tecplan.com.gt\/producto\/duplexer-sinclair-modelo-q2330-e\/\",\"url\":\"https:\/\/tecplan.com.gt\/producto\/duplexer-sinclair-modelo-q2330-e\/\",\"name\":\"Duplexer SINCLAIR modelo Q2330-E -\",\"isPartOf\":{\"@id\":\"https:\/\/tecplan.com.gt\/#website\"},\"primaryImageOfPage\":{\"@id\":\"https:\/\/tecplan.com.gt\/producto\/duplexer-sinclair-modelo-q2330-e\/#primaryimage\"},\"image\":{\"@id\":\"https:\/\/tecplan.com.gt\/producto\/duplexer-sinclair-modelo-q2330-e\/#primaryimage\"},\"thumbnailUrl\":\"\/wp-content\/uploads\/2024\/07\/Q2330E-p.webp\",\"datePublished\":\"2024-07-15T17:12:05+00:00\",\"dateModified\":\"2024-07-15T17:17:54+00:00\",\"breadcrumb\":{\"@id\":\"https:\/\/tecplan.com.gt\/producto\/duplexer-sinclair-modelo-q2330-e\/#breadcrumb\"},\"inLanguage\":\"en-US\",\"potentialAction\":[{\"@type\":\"ReadAction\",\"target\":[\"https:\/\/tecplan.com.gt\/producto\/duplexer-sinclair-modelo-q2330-e\/\"]}]},{\"@type\":\"ImageObject\",\"inLanguage\":\"en-US\",\"@id\":\"https:\/\/tecplan.com.gt\/producto\/duplexer-sinclair-modelo-q2330-e\/#primaryimage\",\"url\":\"\/wp-content\/uploads\/2024\/07\/Q2330E-p.webp\",\"contentUrl\":\"\/wp-content\/uploads\/2024\/07\/Q2330E-p.webp\",\"width\":400,\"height\":400},{\"@type\":\"BreadcrumbList\",\"@id\":\"https:\/\/tecplan.com.gt\/producto\/duplexer-sinclair-modelo-q2330-e\/#breadcrumb\",\"itemListElement\":[{\"@type\":\"ListItem\",\"position\":1,\"name\":\"Portada\",\"item\":\"https:\/\/tecplan.com.gt\/\"},{\"@type\":\"ListItem\",\"position\":2,\"name\":\"Productos\",\"item\":\"https:\/\/tecplan.com.gt\/shop\/\"},{\"@type\":\"ListItem\",\"position\":3,\"name\":\"Duplexer SINCLAIR modelo Q2330-E\"}]},{\"@type\":\"WebSite\",\"@id\":\"https:\/\/tecplan.com.gt\/#website\",\"url\":\"https:\/\/tecplan.com.gt\/\",\"name\":\"Tecplan Argentina\",\"description\":\"Tecnolog\u00edas y equipos de telecomunicaciones\",\"publisher\":{\"@id\":\"https:\/\/tecplan.com.gt\/#organization\"},\"potentialAction\":[{\"@type\":\"SearchAction\",\"target\":{\"@type\":\"EntryPoint\",\"urlTemplate\":\"https:\/\/tecplan.com.gt\/?s={search_term_string}\"},\"query-input\":{\"@type\":\"PropertyValueSpecification\",\"valueRequired\":true,\"valueName\":\"search_term_string\"}}],\"inLanguage\":\"en-US\"},{\"@type\":\"Organization\",\"@id\":\"https:\/\/tecplan.com.gt\/#organization\",\"name\":\"Tecplan Argentina\",\"url\":\"https:\/\/tecplan.com.gt\/\",\"logo\":{\"@type\":\"ImageObject\",\"inLanguage\":\"en-US\",\"@id\":\"https:\/\/tecplan.com.gt\/#\/schema\/logo\/image\/\",\"url\":\"\/wp-content\/uploads\/2023\/03\/logo-tecplan.gif\",\"contentUrl\":\"\/wp-content\/uploads\/2023\/03\/logo-tecplan.gif\",\"width\":1920,\"height\":486,\"caption\":\"Tecplan Argentina\"},\"image\":{\"@id\":\"https:\/\/tecplan.com.gt\/#\/schema\/logo\/image\/\"}}]}<\/script>\n<!-- \/ Yoast SEO plugin. -->","yoast_head_json":{"title":"Duplexer SINCLAIR modelo Q2330-E -","robots":{"index":"index","follow":"follow","max-snippet":"max-snippet:-1","max-image-preview":"max-image-preview:large","max-video-preview":"max-video-preview:-1"},"canonical":"https:\/\/tecplan.com.gt\/en\/product\/duplexer-sinclair-modelo-q2330-e\/","og_locale":"en_US","og_type":"article","og_title":"Duplexer SINCLAIR modelo Q2330-E -","og_description":"Duplexer SINCLAIR, 138-174 MHz, 6 Cavidades, 500 kHz Sep. 350 Watt, N Hembra.   Filtros Pasa Banda de 1\/4 de onda.  Reduce interferencias, intermodulaci\u00f3n y desensibilizaci\u00f3n.  Elimina la radiaci\u00f3n de espurias.  Conductores internos de cobre\/bronce con ba\u00f1o de plata para eliminar la corrosi\u00f3n y mejorar el desempe\u00f1o.  Recomendado en \u00e1reas de mucha interferencia","og_url":"https:\/\/tecplan.com.gt\/en\/product\/duplexer-sinclair-modelo-q2330-e\/","article_modified_time":"2024-07-15T17:17:54+00:00","og_image":[{"width":400,"height":400,"url":"https:\/\/tecplan.com.gt\/wp-content\/uploads\/2024\/07\/Q2330E-p.webp","type":"image\/webp"}],"twitter_card":"summary_large_image","schema":{"@context":"https:\/\/schema.org","@graph":[{"@type":"WebPage","@id":"https:\/\/tecplan.com.gt\/producto\/duplexer-sinclair-modelo-q2330-e\/","url":"https:\/\/tecplan.com.gt\/producto\/duplexer-sinclair-modelo-q2330-e\/","name":"Duplexer SINCLAIR modelo Q2330-E -","isPartOf":{"@id":"https:\/\/tecplan.com.gt\/#website"},"primaryImageOfPage":{"@id":"https:\/\/tecplan.com.gt\/producto\/duplexer-sinclair-modelo-q2330-e\/#primaryimage"},"image":{"@id":"https:\/\/tecplan.com.gt\/producto\/duplexer-sinclair-modelo-q2330-e\/#primaryimage"},"thumbnailUrl":"\/wp-content\/uploads\/2024\/07\/Q2330E-p.webp","datePublished":"2024-07-15T17:12:05+00:00","dateModified":"2024-07-15T17:17:54+00:00","breadcrumb":{"@id":"https:\/\/tecplan.com.gt\/producto\/duplexer-sinclair-modelo-q2330-e\/#breadcrumb"},"inLanguage":"en-US","potentialAction":[{"@type":"ReadAction","target":["https:\/\/tecplan.com.gt\/producto\/duplexer-sinclair-modelo-q2330-e\/"]}]},{"@type":"ImageObject","inLanguage":"en-US","@id":"https:\/\/tecplan.com.gt\/producto\/duplexer-sinclair-modelo-q2330-e\/#primaryimage","url":"\/wp-content\/uploads\/2024\/07\/Q2330E-p.webp","contentUrl":"\/wp-content\/uploads\/2024\/07\/Q2330E-p.webp","width":400,"height":400},{"@type":"BreadcrumbList","@id":"https:\/\/tecplan.com.gt\/producto\/duplexer-sinclair-modelo-q2330-e\/#breadcrumb","itemListElement":[{"@type":"ListItem","position":1,"name":"Portada","item":"https:\/\/tecplan.com.gt\/"},{"@type":"ListItem","position":2,"name":"Productos","item":"https:\/\/tecplan.com.gt\/shop\/"},{"@type":"ListItem","position":3,"name":"Duplexer SINCLAIR modelo Q2330-E"}]},{"@type":"WebSite","@id":"https:\/\/tecplan.com.gt\/#website","url":"https:\/\/tecplan.com.gt\/","name":"Tecplan Argentina","description":"Tecnolog\u00edas y equipos de telecomunicaciones","publisher":{"@id":"https:\/\/tecplan.com.gt\/#organization"},"potentialAction":[{"@type":"SearchAction","target":{"@type":"EntryPoint","urlTemplate":"https:\/\/tecplan.com.gt\/?s={search_term_string}"},"query-input":{"@type":"PropertyValueSpecification","valueRequired":true,"valueName":"search_term_string"}}],"inLanguage":"en-US"},{"@type":"Organization","@id":"https:\/\/tecplan.com.gt\/#organization","name":"Tecplan Argentina","url":"https:\/\/tecplan.com.gt\/","logo":{"@type":"ImageObject","inLanguage":"en-US","@id":"https:\/\/tecplan.com.gt\/#\/schema\/logo\/image\/","url":"\/wp-content\/uploads\/2023\/03\/logo-tecplan.gif","contentUrl":"\/wp-content\/uploads\/2023\/03\/logo-tecplan.gif","width":1920,"height":486,"caption":"Tecplan Argentina"},"image":{"@id":"https:\/\/tecplan.com.gt\/#\/schema\/logo\/image\/"}}]}},"_links":{"self":[{"href":"https:\/\/tecplan.com.gt\/en\/wp-json\/wp\/v2\/product\/8422"}],"collection":[{"href":"https:\/\/tecplan.com.gt\/en\/wp-json\/wp\/v2\/product"}],"about":[{"href":"https:\/\/tecplan.com.gt\/en\/wp-json\/wp\/v2\/types\/product"}],"replies":[{"embeddable":true,"href":"https:\/\/tecplan.com.gt\/en\/wp-json\/wp\/v2\/comments?post=8422"}],"version-history":[{"count":4,"href":"https:\/\/tecplan.com.gt\/en\/wp-json\/wp\/v2\/product\/8422\/revisions"}],"predecessor-version":[{"id":8428,"href":"https:\/\/tecplan.com.gt\/en\/wp-json\/wp\/v2\/product\/8422\/revisions\/8428"}],"wp:featuredmedia":[{"embeddable":true,"href":"https:\/\/tecplan.com.gt\/en\/wp-json\/wp\/v2\/media\/8423"}],"wp:attachment":[{"href":"https:\/\/tecplan.com.gt\/en\/wp-json\/wp\/v2\/media?parent=8422"}],"wp:term":[{"taxonomy":"product_brand","embeddable":true,"href":"https:\/\/tecplan.com.gt\/en\/wp-json\/wp\/v2\/product_brand?post=8422"},{"taxonomy":"product_cat","embeddable":true,"href":"https:\/\/tecplan.com.gt\/en\/wp-json\/wp\/v2\/product_cat?post=8422"},{"taxonomy":"product_tag","embeddable":true,"href":"https:\/\/tecplan.com.gt\/en\/wp-json\/wp\/v2\/product_tag?post=8422"}],"curies":[{"name":"wp","href":"https:\/\/api.w.org\/{rel}","templated":true}]}}