{"id":8440,"date":"2024-07-15T13:57:43","date_gmt":"2024-07-15T19:57:43","guid":{"rendered":"https:\/\/tecplan.com.gt\/?post_type=product&#038;p=8440"},"modified":"2024-07-15T13:59:33","modified_gmt":"2024-07-15T19:59:33","slug":"duplexer-sinclair-modelo-q2222-e1","status":"publish","type":"product","link":"https:\/\/tecplan.com.gt\/en\/product\/duplexer-sinclair-modelo-q2222-e1\/","title":{"rendered":"SINCLAIR duplexer model Q2222-E1"},"content":{"rendered":"<div data-elementor-type=\"product-post\" data-elementor-id=\"8440\" class=\"elementor elementor-8440\" data-elementor-post-type=\"product\">\n\t\t\t\t<div class=\"elementor-element elementor-element-a6458cd e-flex e-con-boxed e-con e-parent\" data-id=\"a6458cd\" data-element_type=\"container\">\n\t\t\t\t\t<div class=\"e-con-inner\">\n\t\t\t\t<div class=\"elementor-element elementor-element-5f8b5019 elementor-widget elementor-widget-text-editor\" data-id=\"5f8b5019\" data-element_type=\"widget\" data-widget_type=\"text-editor.default\">\n\t\t\t\t<div class=\"elementor-widget-container\">\n\t\t\t\t\t\t\t\t\tVHF Duplexer, 139-165 MHz, Band Pass-Band Reject, 3 MHz Sep. 120 W. N Female Connectors.\t\t\t\t\t\t\t\t<\/div>\n\t\t\t\t<\/div>\n\t\t\t\t<div class=\"elementor-element elementor-element-6c2f06e elementor-widget-divider--view-line elementor-widget elementor-widget-divider\" data-id=\"6c2f06e\" data-element_type=\"widget\" data-widget_type=\"divider.default\">\n\t\t\t\t<div class=\"elementor-widget-container\">\n\t\t\t\t\t\t\t<div class=\"elementor-divider\">\n\t\t\t<span class=\"elementor-divider-separator\">\n\t\t\t\t\t\t<\/span>\n\t\t<\/div>\n\t\t\t\t\t\t<\/div>\n\t\t\t\t<\/div>\n\t\t<div class=\"elementor-element elementor-element-2705e55 e-con-full e-flex e-con e-child\" data-id=\"2705e55\" data-element_type=\"container\">\n\t\t<div class=\"elementor-element elementor-element-5b961e8 e-con-full e-flex e-con e-child\" data-id=\"5b961e8\" data-element_type=\"container\">\n\t\t\t\t<div class=\"elementor-element elementor-element-d71a1b5 elementor-widget__width-initial elementor-widget elementor-widget-text-editor\" data-id=\"d71a1b5\" data-element_type=\"widget\" data-widget_type=\"text-editor.default\">\n\t\t\t\t<div class=\"elementor-widget-container\">\n\t\t\t\t\t\t\t\t\t<p><strong>Download Technical Sheet<\/strong><\/p>\t\t\t\t\t\t\t\t<\/div>\n\t\t\t\t<\/div>\n\t\t\t\t<\/div>\n\t\t<div class=\"elementor-element elementor-element-11598d3 e-con-full e-flex e-con e-child\" data-id=\"11598d3\" data-element_type=\"container\">\n\t\t\t\t<\/div>\n\t\t<div class=\"elementor-element elementor-element-b6f406e e-con-full e-flex e-con e-child\" data-id=\"b6f406e\" data-element_type=\"container\">\n\t\t\t\t<div class=\"elementor-element elementor-element-7076ada elementor-widget__width-initial elementor-widget elementor-widget-button\" data-id=\"7076ada\" data-element_type=\"widget\" data-widget_type=\"button.default\">\n\t\t\t\t<div class=\"elementor-widget-container\">\n\t\t\t\t\t\t\t\t\t<div class=\"elementor-button-wrapper\">\n\t\t\t\t\t<a class=\"elementor-button elementor-button-link elementor-size-sm\" href=\"https:\/\/drive.google.com\/file\/d\/1BxlCC7xPx3LvnuekkBIj4CyvPNdZun9W\/view?usp=sharing\">\n\t\t\t\t\t\t<span class=\"elementor-button-content-wrapper\">\n\t\t\t\t\t\t\t\t\t<span class=\"elementor-button-text\">In Spanish<\/span>\n\t\t\t\t\t<\/span>\n\t\t\t\t\t<\/a>\n\t\t\t\t<\/div>\n\t\t\t\t\t\t\t\t<\/div>\n\t\t\t\t<\/div>\n\t\t\t\t<\/div>\n\t\t<div class=\"elementor-element elementor-element-72905f6 e-con-full e-flex e-con e-child\" data-id=\"72905f6\" data-element_type=\"container\">\n\t\t\t\t<div class=\"elementor-element elementor-element-535070a elementor-widget__width-initial elementor-widget elementor-widget-button\" data-id=\"535070a\" data-element_type=\"widget\" data-widget_type=\"button.default\">\n\t\t\t\t<div class=\"elementor-widget-container\">\n\t\t\t\t\t\t\t\t\t<div class=\"elementor-button-wrapper\">\n\t\t\t\t\t<a class=\"elementor-button elementor-button-link elementor-size-sm\" href=\"https:\/\/drive.google.com\/file\/d\/1o10f2gZf1BAfWPSJ6jMm45qNThzj28oM\/view?usp=sharing\">\n\t\t\t\t\t\t<span class=\"elementor-button-content-wrapper\">\n\t\t\t\t\t\t\t\t\t<span class=\"elementor-button-text\">In English<\/span>\n\t\t\t\t\t<\/span>\n\t\t\t\t\t<\/a>\n\t\t\t\t<\/div>\n\t\t\t\t\t\t\t\t<\/div>\n\t\t\t\t<\/div>\n\t\t\t\t<\/div>\n\t\t\t\t<\/div>\n\t\t\t\t\t<\/div>\n\t\t\t\t<\/div>\n\t\t\t\t<\/div>","protected":false},"excerpt":{"rendered":"<p><strong><br \/>VHF Duplexer, Band Pass\/Band Reject 139-165 MHz, 3 MHz, 120 Watt, N Female.<\/strong><\/br><\/p>\n<p>characteristics:<\/p>\n<ul>\n<li>1\/4 wave band pass filters.<\/li>\n<li>Reduces interference, intermodulation and desensitization.<\/li>\n<li>Eliminates spurious radiation.<\/li>\n<li>Silver plated copper\/bronze inner conductors to eliminate corrosion and improve performance.<\/li>\n<li>Recommended in areas of high interference.<\/li>\n<\/ul>","protected":false},"featured_media":8441,"comment_status":"open","ping_status":"closed","template":"","meta":{"site-sidebar-layout":"default","site-content-layout":"","ast-site-content-layout":"default","site-content-style":"default","site-sidebar-style":"default","ast-global-header-display":"","ast-banner-title-visibility":"","ast-main-header-display":"","ast-hfb-above-header-display":"","ast-hfb-below-header-display":"","ast-hfb-mobile-header-display":"","site-post-title":"","ast-breadcrumbs-content":"","ast-featured-img":"","footer-sml-layout":"","theme-transparent-header-meta":"default","adv-header-id-meta":"","stick-header-meta":"","header-above-stick-meta":"","header-main-stick-meta":"","header-below-stick-meta":"","astra-migrate-meta-layouts":"set","ast-page-background-enabled":"default","ast-page-background-meta":{"desktop":{"background-color":"var(--ast-global-color-4)","background-image":"","background-repeat":"repeat","background-position":"center center","background-size":"auto","background-attachment":"scroll","background-type":"","background-media":"","overlay-type":"","overlay-color":"","overlay-opacity":"","overlay-gradient":""},"tablet":{"background-color":"","background-image":"","background-repeat":"repeat","background-position":"center center","background-size":"auto","background-attachment":"scroll","background-type":"","background-media":"","overlay-type":"","overlay-color":"","overlay-opacity":"","overlay-gradient":""},"mobile":{"background-color":"","background-image":"","background-repeat":"repeat","background-position":"center center","background-size":"auto","background-attachment":"scroll","background-type":"","background-media":"","overlay-type":"","overlay-color":"","overlay-opacity":"","overlay-gradient":""}},"ast-content-background-meta":{"desktop":{"background-color":"var(--ast-global-color-5)","background-image":"","background-repeat":"repeat","background-position":"center center","background-size":"auto","background-attachment":"scroll","background-type":"","background-media":"","overlay-type":"","overlay-color":"","overlay-opacity":"","overlay-gradient":""},"tablet":{"background-color":"var(--ast-global-color-5)","background-image":"","background-repeat":"repeat","background-position":"center center","background-size":"auto","background-attachment":"scroll","background-type":"","background-media":"","overlay-type":"","overlay-color":"","overlay-opacity":"","overlay-gradient":""},"mobile":{"background-color":"var(--ast-global-color-5)","background-image":"","background-repeat":"repeat","background-position":"center center","background-size":"auto","background-attachment":"scroll","background-type":"","background-media":"","overlay-type":"","overlay-color":"","overlay-opacity":"","overlay-gradient":""}}},"product_brand":[],"product_cat":[20,31,104],"product_tag":[102],"class_list":{"0":"post-8440","1":"product","2":"type-product","3":"status-publish","4":"has-post-thumbnail","6":"product_cat-radio-frecuencia","7":"product_cat-radiocomunicacion","8":"product_cat-sinclair","9":"product_tag-sinclair","10":"desktop-align-left","11":"tablet-align-left","12":"mobile-align-left","14":"first","15":"instock","16":"shipping-taxable","17":"product-type-simple"},"yoast_head":"<!-- This site is optimized with the Yoast SEO plugin v24.6 - https:\/\/yoast.com\/wordpress\/plugins\/seo\/ -->\n<title>Duplexer SINCLAIR modelo Q2222-E1 -<\/title>\n<meta name=\"robots\" content=\"index, follow, max-snippet:-1, max-image-preview:large, max-video-preview:-1\" \/>\n<link rel=\"canonical\" href=\"https:\/\/tecplan.com.gt\/en\/product\/duplexer-sinclair-modelo-q2222-e1\/\" \/>\n<meta property=\"og:locale\" content=\"en_US\" \/>\n<meta property=\"og:type\" content=\"article\" \/>\n<meta property=\"og:title\" content=\"Duplexer SINCLAIR modelo Q2222-E1 -\" \/>\n<meta property=\"og:description\" content=\"Duplexer VHF, Pasa Banda \/ Rechazo de Banda en 139-165 MHz, 3 MHz, 120 Watt, N Hembra.  Caracter\u00edsticas:   Filtros Pasa Banda de 1\/4 de onda.  Reduce interferencias, intermodulaci\u00f3n y desensibilizaci\u00f3n.  Elimina la radiaci\u00f3n de espurias.  Conductores internos de cobre\/bronce con ba\u00f1o de plata para eliminar la corrosi\u00f3n y mejorar el desempe\u00f1o.  Recomendado en \u00e1reas de mucha interferencia\" \/>\n<meta property=\"og:url\" content=\"https:\/\/tecplan.com.gt\/en\/product\/duplexer-sinclair-modelo-q2222-e1\/\" \/>\n<meta property=\"article:modified_time\" content=\"2024-07-15T19:59:33+00:00\" \/>\n<meta property=\"og:image\" content=\"https:\/\/tecplan.com.gt\/wp-content\/uploads\/2024\/07\/Q2222E1-p.webp\" \/>\n\t<meta property=\"og:image:width\" content=\"400\" \/>\n\t<meta property=\"og:image:height\" content=\"400\" \/>\n\t<meta property=\"og:image:type\" content=\"image\/webp\" \/>\n<meta name=\"twitter:card\" content=\"summary_large_image\" \/>\n<script type=\"application\/ld+json\" class=\"yoast-schema-graph\">{\"@context\":\"https:\/\/schema.org\",\"@graph\":[{\"@type\":\"WebPage\",\"@id\":\"https:\/\/tecplan.com.gt\/producto\/duplexer-sinclair-modelo-q2222-e1\/\",\"url\":\"https:\/\/tecplan.com.gt\/producto\/duplexer-sinclair-modelo-q2222-e1\/\",\"name\":\"Duplexer SINCLAIR modelo Q2222-E1 -\",\"isPartOf\":{\"@id\":\"https:\/\/tecplan.com.gt\/#website\"},\"primaryImageOfPage\":{\"@id\":\"https:\/\/tecplan.com.gt\/producto\/duplexer-sinclair-modelo-q2222-e1\/#primaryimage\"},\"image\":{\"@id\":\"https:\/\/tecplan.com.gt\/producto\/duplexer-sinclair-modelo-q2222-e1\/#primaryimage\"},\"thumbnailUrl\":\"\/wp-content\/uploads\/2024\/07\/Q2222E1-p.webp\",\"datePublished\":\"2024-07-15T19:57:43+00:00\",\"dateModified\":\"2024-07-15T19:59:33+00:00\",\"breadcrumb\":{\"@id\":\"https:\/\/tecplan.com.gt\/producto\/duplexer-sinclair-modelo-q2222-e1\/#breadcrumb\"},\"inLanguage\":\"en-US\",\"potentialAction\":[{\"@type\":\"ReadAction\",\"target\":[\"https:\/\/tecplan.com.gt\/producto\/duplexer-sinclair-modelo-q2222-e1\/\"]}]},{\"@type\":\"ImageObject\",\"inLanguage\":\"en-US\",\"@id\":\"https:\/\/tecplan.com.gt\/producto\/duplexer-sinclair-modelo-q2222-e1\/#primaryimage\",\"url\":\"\/wp-content\/uploads\/2024\/07\/Q2222E1-p.webp\",\"contentUrl\":\"\/wp-content\/uploads\/2024\/07\/Q2222E1-p.webp\",\"width\":400,\"height\":400},{\"@type\":\"BreadcrumbList\",\"@id\":\"https:\/\/tecplan.com.gt\/producto\/duplexer-sinclair-modelo-q2222-e1\/#breadcrumb\",\"itemListElement\":[{\"@type\":\"ListItem\",\"position\":1,\"name\":\"Portada\",\"item\":\"https:\/\/tecplan.com.gt\/\"},{\"@type\":\"ListItem\",\"position\":2,\"name\":\"Productos\",\"item\":\"https:\/\/tecplan.com.gt\/shop\/\"},{\"@type\":\"ListItem\",\"position\":3,\"name\":\"Duplexer SINCLAIR modelo Q2222-E1\"}]},{\"@type\":\"WebSite\",\"@id\":\"https:\/\/tecplan.com.gt\/#website\",\"url\":\"https:\/\/tecplan.com.gt\/\",\"name\":\"Tecplan Argentina\",\"description\":\"Tecnolog\u00edas y equipos de telecomunicaciones\",\"publisher\":{\"@id\":\"https:\/\/tecplan.com.gt\/#organization\"},\"potentialAction\":[{\"@type\":\"SearchAction\",\"target\":{\"@type\":\"EntryPoint\",\"urlTemplate\":\"https:\/\/tecplan.com.gt\/?s={search_term_string}\"},\"query-input\":{\"@type\":\"PropertyValueSpecification\",\"valueRequired\":true,\"valueName\":\"search_term_string\"}}],\"inLanguage\":\"en-US\"},{\"@type\":\"Organization\",\"@id\":\"https:\/\/tecplan.com.gt\/#organization\",\"name\":\"Tecplan Argentina\",\"url\":\"https:\/\/tecplan.com.gt\/\",\"logo\":{\"@type\":\"ImageObject\",\"inLanguage\":\"en-US\",\"@id\":\"https:\/\/tecplan.com.gt\/#\/schema\/logo\/image\/\",\"url\":\"\/wp-content\/uploads\/2023\/03\/logo-tecplan.gif\",\"contentUrl\":\"\/wp-content\/uploads\/2023\/03\/logo-tecplan.gif\",\"width\":1920,\"height\":486,\"caption\":\"Tecplan Argentina\"},\"image\":{\"@id\":\"https:\/\/tecplan.com.gt\/#\/schema\/logo\/image\/\"}}]}<\/script>\n<!-- \/ Yoast SEO plugin. -->","yoast_head_json":{"title":"Duplexer SINCLAIR modelo Q2222-E1 -","robots":{"index":"index","follow":"follow","max-snippet":"max-snippet:-1","max-image-preview":"max-image-preview:large","max-video-preview":"max-video-preview:-1"},"canonical":"https:\/\/tecplan.com.gt\/en\/product\/duplexer-sinclair-modelo-q2222-e1\/","og_locale":"en_US","og_type":"article","og_title":"Duplexer SINCLAIR modelo Q2222-E1 -","og_description":"Duplexer VHF, Pasa Banda \/ Rechazo de Banda en 139-165 MHz, 3 MHz, 120 Watt, N Hembra.  Caracter\u00edsticas:   Filtros Pasa Banda de 1\/4 de onda.  Reduce interferencias, intermodulaci\u00f3n y desensibilizaci\u00f3n.  Elimina la radiaci\u00f3n de espurias.  Conductores internos de cobre\/bronce con ba\u00f1o de plata para eliminar la corrosi\u00f3n y mejorar el desempe\u00f1o.  Recomendado en \u00e1reas de mucha interferencia","og_url":"https:\/\/tecplan.com.gt\/en\/product\/duplexer-sinclair-modelo-q2222-e1\/","article_modified_time":"2024-07-15T19:59:33+00:00","og_image":[{"width":400,"height":400,"url":"https:\/\/tecplan.com.gt\/wp-content\/uploads\/2024\/07\/Q2222E1-p.webp","type":"image\/webp"}],"twitter_card":"summary_large_image","schema":{"@context":"https:\/\/schema.org","@graph":[{"@type":"WebPage","@id":"https:\/\/tecplan.com.gt\/producto\/duplexer-sinclair-modelo-q2222-e1\/","url":"https:\/\/tecplan.com.gt\/producto\/duplexer-sinclair-modelo-q2222-e1\/","name":"Duplexer SINCLAIR modelo Q2222-E1 -","isPartOf":{"@id":"https:\/\/tecplan.com.gt\/#website"},"primaryImageOfPage":{"@id":"https:\/\/tecplan.com.gt\/producto\/duplexer-sinclair-modelo-q2222-e1\/#primaryimage"},"image":{"@id":"https:\/\/tecplan.com.gt\/producto\/duplexer-sinclair-modelo-q2222-e1\/#primaryimage"},"thumbnailUrl":"\/wp-content\/uploads\/2024\/07\/Q2222E1-p.webp","datePublished":"2024-07-15T19:57:43+00:00","dateModified":"2024-07-15T19:59:33+00:00","breadcrumb":{"@id":"https:\/\/tecplan.com.gt\/producto\/duplexer-sinclair-modelo-q2222-e1\/#breadcrumb"},"inLanguage":"en-US","potentialAction":[{"@type":"ReadAction","target":["https:\/\/tecplan.com.gt\/producto\/duplexer-sinclair-modelo-q2222-e1\/"]}]},{"@type":"ImageObject","inLanguage":"en-US","@id":"https:\/\/tecplan.com.gt\/producto\/duplexer-sinclair-modelo-q2222-e1\/#primaryimage","url":"\/wp-content\/uploads\/2024\/07\/Q2222E1-p.webp","contentUrl":"\/wp-content\/uploads\/2024\/07\/Q2222E1-p.webp","width":400,"height":400},{"@type":"BreadcrumbList","@id":"https:\/\/tecplan.com.gt\/producto\/duplexer-sinclair-modelo-q2222-e1\/#breadcrumb","itemListElement":[{"@type":"ListItem","position":1,"name":"Portada","item":"https:\/\/tecplan.com.gt\/"},{"@type":"ListItem","position":2,"name":"Productos","item":"https:\/\/tecplan.com.gt\/shop\/"},{"@type":"ListItem","position":3,"name":"Duplexer SINCLAIR modelo Q2222-E1"}]},{"@type":"WebSite","@id":"https:\/\/tecplan.com.gt\/#website","url":"https:\/\/tecplan.com.gt\/","name":"Tecplan Argentina","description":"Tecnolog\u00edas y equipos de telecomunicaciones","publisher":{"@id":"https:\/\/tecplan.com.gt\/#organization"},"potentialAction":[{"@type":"SearchAction","target":{"@type":"EntryPoint","urlTemplate":"https:\/\/tecplan.com.gt\/?s={search_term_string}"},"query-input":{"@type":"PropertyValueSpecification","valueRequired":true,"valueName":"search_term_string"}}],"inLanguage":"en-US"},{"@type":"Organization","@id":"https:\/\/tecplan.com.gt\/#organization","name":"Tecplan Argentina","url":"https:\/\/tecplan.com.gt\/","logo":{"@type":"ImageObject","inLanguage":"en-US","@id":"https:\/\/tecplan.com.gt\/#\/schema\/logo\/image\/","url":"\/wp-content\/uploads\/2023\/03\/logo-tecplan.gif","contentUrl":"\/wp-content\/uploads\/2023\/03\/logo-tecplan.gif","width":1920,"height":486,"caption":"Tecplan Argentina"},"image":{"@id":"https:\/\/tecplan.com.gt\/#\/schema\/logo\/image\/"}}]}},"_links":{"self":[{"href":"https:\/\/tecplan.com.gt\/en\/wp-json\/wp\/v2\/product\/8440"}],"collection":[{"href":"https:\/\/tecplan.com.gt\/en\/wp-json\/wp\/v2\/product"}],"about":[{"href":"https:\/\/tecplan.com.gt\/en\/wp-json\/wp\/v2\/types\/product"}],"replies":[{"embeddable":true,"href":"https:\/\/tecplan.com.gt\/en\/wp-json\/wp\/v2\/comments?post=8440"}],"version-history":[{"count":4,"href":"https:\/\/tecplan.com.gt\/en\/wp-json\/wp\/v2\/product\/8440\/revisions"}],"predecessor-version":[{"id":8445,"href":"https:\/\/tecplan.com.gt\/en\/wp-json\/wp\/v2\/product\/8440\/revisions\/8445"}],"wp:featuredmedia":[{"embeddable":true,"href":"https:\/\/tecplan.com.gt\/en\/wp-json\/wp\/v2\/media\/8441"}],"wp:attachment":[{"href":"https:\/\/tecplan.com.gt\/en\/wp-json\/wp\/v2\/media?parent=8440"}],"wp:term":[{"taxonomy":"product_brand","embeddable":true,"href":"https:\/\/tecplan.com.gt\/en\/wp-json\/wp\/v2\/product_brand?post=8440"},{"taxonomy":"product_cat","embeddable":true,"href":"https:\/\/tecplan.com.gt\/en\/wp-json\/wp\/v2\/product_cat?post=8440"},{"taxonomy":"product_tag","embeddable":true,"href":"https:\/\/tecplan.com.gt\/en\/wp-json\/wp\/v2\/product_tag?post=8440"}],"curies":[{"name":"wp","href":"https:\/\/api.w.org\/{rel}","templated":true}]}}