{"id":8453,"date":"2024-07-15T14:27:12","date_gmt":"2024-07-15T20:27:12","guid":{"rendered":"https:\/\/tecplan.com.gt\/?post_type=product&#038;p=8453"},"modified":"2024-07-15T15:26:57","modified_gmt":"2024-07-15T21:26:57","slug":"duplexer-movil-sinclair-modelo-mr356b-3","status":"publish","type":"product","link":"https:\/\/tecplan.com.gt\/en\/product\/duplexer-movil-sinclair-modelo-mr356b-3\/","title":{"rendered":"SINCLAIR Mobile Duplexer model MR356B-3"},"content":{"rendered":"<div data-elementor-type=\"product-post\" data-elementor-id=\"8453\" class=\"elementor elementor-8453\" data-elementor-post-type=\"product\">\n\t\t\t\t<div class=\"elementor-element elementor-element-348bc73 e-flex e-con-boxed e-con e-parent\" data-id=\"348bc73\" data-element_type=\"container\">\n\t\t\t\t\t<div class=\"e-con-inner\">\n\t\t\t\t<div class=\"elementor-element elementor-element-3b691a9b elementor-widget elementor-widget-text-editor\" data-id=\"3b691a9b\" data-element_type=\"widget\" data-widget_type=\"text-editor.default\">\n\t\t\t\t<div class=\"elementor-widget-container\">\n\t\t\t\t\t\t\t\t\tMobile Duplexer for 480-512 MHz, 6 Cavities, 5 to 10 MHz Sep., 50 Watt, Female BNC Connectors.\t\t\t\t\t\t\t\t<\/div>\n\t\t\t\t<\/div>\n\t\t\t\t<div class=\"elementor-element elementor-element-d56c6ca elementor-widget elementor-widget-text-editor\" data-id=\"d56c6ca\" data-element_type=\"widget\" data-widget_type=\"text-editor.default\">\n\t\t\t\t<div class=\"elementor-widget-container\">\n\t\t\t\t\t\t\t\t\t<p style=\"text-align: justify;\">The Sinclair MR356 Series of mobile duplexers are compact units, manufactured from rugged, lightweight aluminum extrusion, providing maximum structural integrity. The resonators are temperature compensated and designed to minimize variations in changing operating environments. These duplexers provide superior performance for conventional and trunking applications, and can also be used as low power base station duplexers.\u00a0<\/p>\t\t\t\t\t\t\t\t<\/div>\n\t\t\t\t<\/div>\n\t\t\t\t<div class=\"elementor-element elementor-element-adb2940 elementor-widget-divider--view-line elementor-widget elementor-widget-divider\" data-id=\"adb2940\" data-element_type=\"widget\" data-widget_type=\"divider.default\">\n\t\t\t\t<div class=\"elementor-widget-container\">\n\t\t\t\t\t\t\t<div class=\"elementor-divider\">\n\t\t\t<span class=\"elementor-divider-separator\">\n\t\t\t\t\t\t<\/span>\n\t\t<\/div>\n\t\t\t\t\t\t<\/div>\n\t\t\t\t<\/div>\n\t\t<div class=\"elementor-element elementor-element-75f2d12 e-con-full e-flex e-con e-child\" data-id=\"75f2d12\" data-element_type=\"container\">\n\t\t<div class=\"elementor-element elementor-element-57b1667 e-con-full e-flex e-con e-child\" data-id=\"57b1667\" data-element_type=\"container\">\n\t\t\t\t<div class=\"elementor-element elementor-element-3b89be3 elementor-widget__width-initial elementor-widget elementor-widget-text-editor\" data-id=\"3b89be3\" data-element_type=\"widget\" data-widget_type=\"text-editor.default\">\n\t\t\t\t<div class=\"elementor-widget-container\">\n\t\t\t\t\t\t\t\t\t<p><strong>Download Technical Sheet<\/strong><\/p>\t\t\t\t\t\t\t\t<\/div>\n\t\t\t\t<\/div>\n\t\t\t\t<\/div>\n\t\t<div class=\"elementor-element elementor-element-c53c695 e-con-full e-flex e-con e-child\" data-id=\"c53c695\" data-element_type=\"container\">\n\t\t\t\t<\/div>\n\t\t<div class=\"elementor-element elementor-element-844338f e-con-full e-flex e-con e-child\" data-id=\"844338f\" data-element_type=\"container\">\n\t\t\t\t<div class=\"elementor-element elementor-element-82f7cf8 elementor-widget__width-initial elementor-widget elementor-widget-button\" data-id=\"82f7cf8\" data-element_type=\"widget\" data-widget_type=\"button.default\">\n\t\t\t\t<div class=\"elementor-widget-container\">\n\t\t\t\t\t\t\t\t\t<div class=\"elementor-button-wrapper\">\n\t\t\t\t\t<a class=\"elementor-button elementor-button-link elementor-size-sm\" href=\"https:\/\/drive.google.com\/file\/d\/1YZx0ObrQluHNRVukUasFFyoq531iqdCS\/view?usp=sharing\">\n\t\t\t\t\t\t<span class=\"elementor-button-content-wrapper\">\n\t\t\t\t\t\t\t\t\t<span class=\"elementor-button-text\">In Spanish<\/span>\n\t\t\t\t\t<\/span>\n\t\t\t\t\t<\/a>\n\t\t\t\t<\/div>\n\t\t\t\t\t\t\t\t<\/div>\n\t\t\t\t<\/div>\n\t\t\t\t<\/div>\n\t\t<div class=\"elementor-element elementor-element-dd7661b e-con-full e-flex e-con e-child\" data-id=\"dd7661b\" data-element_type=\"container\">\n\t\t\t\t<div class=\"elementor-element elementor-element-c6a9173 elementor-widget__width-initial elementor-widget elementor-widget-button\" data-id=\"c6a9173\" data-element_type=\"widget\" data-widget_type=\"button.default\">\n\t\t\t\t<div class=\"elementor-widget-container\">\n\t\t\t\t\t\t\t\t\t<div class=\"elementor-button-wrapper\">\n\t\t\t\t\t<a class=\"elementor-button elementor-button-link elementor-size-sm\" href=\"https:\/\/drive.google.com\/file\/d\/13RhDAn9Wt2cwtwP0boLf3Mnnb9XDCYBW\/view?usp=sharing\">\n\t\t\t\t\t\t<span class=\"elementor-button-content-wrapper\">\n\t\t\t\t\t\t\t\t\t<span class=\"elementor-button-text\">In English<\/span>\n\t\t\t\t\t<\/span>\n\t\t\t\t\t<\/a>\n\t\t\t\t<\/div>\n\t\t\t\t\t\t\t\t<\/div>\n\t\t\t\t<\/div>\n\t\t\t\t<\/div>\n\t\t\t\t<\/div>\n\t\t\t\t\t<\/div>\n\t\t\t\t<\/div>\n\t\t\t\t<\/div>","protected":false},"excerpt":{"rendered":"<p><strong><br \/>\nMobile Duplexer for 480-512 MHz, 6 Cavities, 5 to 10 MHz Sep., 50 Watt, Female BNC Connectors.<\/strong><\/p>\n<p>characteristics:<\/p>\n<ul>\n<li>1\/4 wave band pass filters.<\/li>\n<li>Reduces interference, intermodulation and desensitization.<\/li>\n<li>Eliminates spurious radiation.<\/li>\n<li>Silver plated copper\/bronze inner conductors to eliminate corrosion and improve performance.<\/li>\n<li>Recommended in areas of high interference.<\/li>\n<\/ul>","protected":false},"featured_media":8505,"comment_status":"open","ping_status":"closed","template":"","meta":{"site-sidebar-layout":"default","site-content-layout":"","ast-site-content-layout":"default","site-content-style":"default","site-sidebar-style":"default","ast-global-header-display":"","ast-banner-title-visibility":"","ast-main-header-display":"","ast-hfb-above-header-display":"","ast-hfb-below-header-display":"","ast-hfb-mobile-header-display":"","site-post-title":"","ast-breadcrumbs-content":"","ast-featured-img":"","footer-sml-layout":"","theme-transparent-header-meta":"default","adv-header-id-meta":"","stick-header-meta":"","header-above-stick-meta":"","header-main-stick-meta":"","header-below-stick-meta":"","astra-migrate-meta-layouts":"set","ast-page-background-enabled":"default","ast-page-background-meta":{"desktop":{"background-color":"var(--ast-global-color-4)","background-image":"","background-repeat":"repeat","background-position":"center center","background-size":"auto","background-attachment":"scroll","background-type":"","background-media":"","overlay-type":"","overlay-color":"","overlay-opacity":"","overlay-gradient":""},"tablet":{"background-color":"","background-image":"","background-repeat":"repeat","background-position":"center center","background-size":"auto","background-attachment":"scroll","background-type":"","background-media":"","overlay-type":"","overlay-color":"","overlay-opacity":"","overlay-gradient":""},"mobile":{"background-color":"","background-image":"","background-repeat":"repeat","background-position":"center center","background-size":"auto","background-attachment":"scroll","background-type":"","background-media":"","overlay-type":"","overlay-color":"","overlay-opacity":"","overlay-gradient":""}},"ast-content-background-meta":{"desktop":{"background-color":"var(--ast-global-color-5)","background-image":"","background-repeat":"repeat","background-position":"center center","background-size":"auto","background-attachment":"scroll","background-type":"","background-media":"","overlay-type":"","overlay-color":"","overlay-opacity":"","overlay-gradient":""},"tablet":{"background-color":"var(--ast-global-color-5)","background-image":"","background-repeat":"repeat","background-position":"center center","background-size":"auto","background-attachment":"scroll","background-type":"","background-media":"","overlay-type":"","overlay-color":"","overlay-opacity":"","overlay-gradient":""},"mobile":{"background-color":"var(--ast-global-color-5)","background-image":"","background-repeat":"repeat","background-position":"center center","background-size":"auto","background-attachment":"scroll","background-type":"","background-media":"","overlay-type":"","overlay-color":"","overlay-opacity":"","overlay-gradient":""}}},"product_brand":[],"product_cat":[83,31,104],"product_tag":[102],"class_list":{"0":"post-8453","1":"product","2":"type-product","3":"status-publish","4":"has-post-thumbnail","6":"product_cat-radio-comuniacion","7":"product_cat-radiocomunicacion","8":"product_cat-sinclair","9":"product_tag-sinclair","10":"desktop-align-left","11":"tablet-align-left","12":"mobile-align-left","14":"first","15":"instock","16":"shipping-taxable","17":"product-type-simple"},"yoast_head":"<!-- This site is optimized with the Yoast SEO plugin v24.6 - https:\/\/yoast.com\/wordpress\/plugins\/seo\/ -->\n<title>Duplexer M\u00f3vil SINCLAIR modelo MR356B-3 -<\/title>\n<meta name=\"robots\" content=\"index, follow, max-snippet:-1, max-image-preview:large, max-video-preview:-1\" \/>\n<link rel=\"canonical\" href=\"https:\/\/tecplan.com.gt\/en\/product\/duplexer-movil-sinclair-modelo-mr356b-3\/\" \/>\n<meta property=\"og:locale\" content=\"en_US\" \/>\n<meta property=\"og:type\" content=\"article\" \/>\n<meta property=\"og:title\" content=\"Duplexer M\u00f3vil SINCLAIR modelo MR356B-3 -\" \/>\n<meta property=\"og:description\" content=\"Duplexer M\u00f3vil para 480-512 MHz, 6 Cavidades, 5 a 10 MHz de Sep., 50 Watt, Conectores BNC Hembra.  Caracter\u00edsticas:   Filtros Pasa Banda de 1\/4 de onda.  Reduce interferencias, intermodulaci\u00f3n y desensibilizaci\u00f3n.  Elimina la radiaci\u00f3n de espurias.  Conductores internos de cobre\/bronce con ba\u00f1o de plata para eliminar la corrosi\u00f3n y mejorar el desempe\u00f1o.  Recomendado en \u00e1reas de mucha interferencia\" \/>\n<meta property=\"og:url\" content=\"https:\/\/tecplan.com.gt\/en\/product\/duplexer-movil-sinclair-modelo-mr356b-3\/\" \/>\n<meta property=\"article:modified_time\" content=\"2024-07-15T21:26:57+00:00\" \/>\n<meta property=\"og:image\" content=\"https:\/\/tecplan.com.gt\/wp-content\/uploads\/2024\/07\/MR356B3-p.png\" \/>\n\t<meta property=\"og:image:width\" content=\"400\" \/>\n\t<meta property=\"og:image:height\" content=\"400\" \/>\n\t<meta property=\"og:image:type\" content=\"image\/png\" \/>\n<meta name=\"twitter:card\" content=\"summary_large_image\" \/>\n<script type=\"application\/ld+json\" class=\"yoast-schema-graph\">{\"@context\":\"https:\/\/schema.org\",\"@graph\":[{\"@type\":\"WebPage\",\"@id\":\"https:\/\/tecplan.com.gt\/producto\/duplexer-movil-sinclair-modelo-mr356b-3\/\",\"url\":\"https:\/\/tecplan.com.gt\/producto\/duplexer-movil-sinclair-modelo-mr356b-3\/\",\"name\":\"Duplexer M\u00f3vil SINCLAIR modelo MR356B-3 -\",\"isPartOf\":{\"@id\":\"https:\/\/tecplan.com.gt\/#website\"},\"primaryImageOfPage\":{\"@id\":\"https:\/\/tecplan.com.gt\/producto\/duplexer-movil-sinclair-modelo-mr356b-3\/#primaryimage\"},\"image\":{\"@id\":\"https:\/\/tecplan.com.gt\/producto\/duplexer-movil-sinclair-modelo-mr356b-3\/#primaryimage\"},\"thumbnailUrl\":\"\/wp-content\/uploads\/2024\/07\/MR356B3-p.png\",\"datePublished\":\"2024-07-15T20:27:12+00:00\",\"dateModified\":\"2024-07-15T21:26:57+00:00\",\"breadcrumb\":{\"@id\":\"https:\/\/tecplan.com.gt\/producto\/duplexer-movil-sinclair-modelo-mr356b-3\/#breadcrumb\"},\"inLanguage\":\"en-US\",\"potentialAction\":[{\"@type\":\"ReadAction\",\"target\":[\"https:\/\/tecplan.com.gt\/producto\/duplexer-movil-sinclair-modelo-mr356b-3\/\"]}]},{\"@type\":\"ImageObject\",\"inLanguage\":\"en-US\",\"@id\":\"https:\/\/tecplan.com.gt\/producto\/duplexer-movil-sinclair-modelo-mr356b-3\/#primaryimage\",\"url\":\"\/wp-content\/uploads\/2024\/07\/MR356B3-p.png\",\"contentUrl\":\"\/wp-content\/uploads\/2024\/07\/MR356B3-p.png\",\"width\":400,\"height\":400},{\"@type\":\"BreadcrumbList\",\"@id\":\"https:\/\/tecplan.com.gt\/producto\/duplexer-movil-sinclair-modelo-mr356b-3\/#breadcrumb\",\"itemListElement\":[{\"@type\":\"ListItem\",\"position\":1,\"name\":\"Portada\",\"item\":\"https:\/\/tecplan.com.gt\/\"},{\"@type\":\"ListItem\",\"position\":2,\"name\":\"Productos\",\"item\":\"https:\/\/tecplan.com.gt\/shop\/\"},{\"@type\":\"ListItem\",\"position\":3,\"name\":\"Duplexer M\u00f3vil SINCLAIR modelo MR356B-3\"}]},{\"@type\":\"WebSite\",\"@id\":\"https:\/\/tecplan.com.gt\/#website\",\"url\":\"https:\/\/tecplan.com.gt\/\",\"name\":\"Tecplan Argentina\",\"description\":\"Tecnolog\u00edas y equipos de telecomunicaciones\",\"publisher\":{\"@id\":\"https:\/\/tecplan.com.gt\/#organization\"},\"potentialAction\":[{\"@type\":\"SearchAction\",\"target\":{\"@type\":\"EntryPoint\",\"urlTemplate\":\"https:\/\/tecplan.com.gt\/?s={search_term_string}\"},\"query-input\":{\"@type\":\"PropertyValueSpecification\",\"valueRequired\":true,\"valueName\":\"search_term_string\"}}],\"inLanguage\":\"en-US\"},{\"@type\":\"Organization\",\"@id\":\"https:\/\/tecplan.com.gt\/#organization\",\"name\":\"Tecplan Argentina\",\"url\":\"https:\/\/tecplan.com.gt\/\",\"logo\":{\"@type\":\"ImageObject\",\"inLanguage\":\"en-US\",\"@id\":\"https:\/\/tecplan.com.gt\/#\/schema\/logo\/image\/\",\"url\":\"\/wp-content\/uploads\/2023\/03\/logo-tecplan.gif\",\"contentUrl\":\"\/wp-content\/uploads\/2023\/03\/logo-tecplan.gif\",\"width\":1920,\"height\":486,\"caption\":\"Tecplan Argentina\"},\"image\":{\"@id\":\"https:\/\/tecplan.com.gt\/#\/schema\/logo\/image\/\"}}]}<\/script>\n<!-- \/ Yoast SEO plugin. -->","yoast_head_json":{"title":"Duplexer M\u00f3vil SINCLAIR modelo MR356B-3 -","robots":{"index":"index","follow":"follow","max-snippet":"max-snippet:-1","max-image-preview":"max-image-preview:large","max-video-preview":"max-video-preview:-1"},"canonical":"https:\/\/tecplan.com.gt\/en\/product\/duplexer-movil-sinclair-modelo-mr356b-3\/","og_locale":"en_US","og_type":"article","og_title":"Duplexer M\u00f3vil SINCLAIR modelo MR356B-3 -","og_description":"Duplexer M\u00f3vil para 480-512 MHz, 6 Cavidades, 5 a 10 MHz de Sep., 50 Watt, Conectores BNC Hembra.  Caracter\u00edsticas:   Filtros Pasa Banda de 1\/4 de onda.  Reduce interferencias, intermodulaci\u00f3n y desensibilizaci\u00f3n.  Elimina la radiaci\u00f3n de espurias.  Conductores internos de cobre\/bronce con ba\u00f1o de plata para eliminar la corrosi\u00f3n y mejorar el desempe\u00f1o.  Recomendado en \u00e1reas de mucha interferencia","og_url":"https:\/\/tecplan.com.gt\/en\/product\/duplexer-movil-sinclair-modelo-mr356b-3\/","article_modified_time":"2024-07-15T21:26:57+00:00","og_image":[{"width":400,"height":400,"url":"https:\/\/tecplan.com.gt\/wp-content\/uploads\/2024\/07\/MR356B3-p.png","type":"image\/png"}],"twitter_card":"summary_large_image","schema":{"@context":"https:\/\/schema.org","@graph":[{"@type":"WebPage","@id":"https:\/\/tecplan.com.gt\/producto\/duplexer-movil-sinclair-modelo-mr356b-3\/","url":"https:\/\/tecplan.com.gt\/producto\/duplexer-movil-sinclair-modelo-mr356b-3\/","name":"Duplexer M\u00f3vil SINCLAIR modelo MR356B-3 -","isPartOf":{"@id":"https:\/\/tecplan.com.gt\/#website"},"primaryImageOfPage":{"@id":"https:\/\/tecplan.com.gt\/producto\/duplexer-movil-sinclair-modelo-mr356b-3\/#primaryimage"},"image":{"@id":"https:\/\/tecplan.com.gt\/producto\/duplexer-movil-sinclair-modelo-mr356b-3\/#primaryimage"},"thumbnailUrl":"\/wp-content\/uploads\/2024\/07\/MR356B3-p.png","datePublished":"2024-07-15T20:27:12+00:00","dateModified":"2024-07-15T21:26:57+00:00","breadcrumb":{"@id":"https:\/\/tecplan.com.gt\/producto\/duplexer-movil-sinclair-modelo-mr356b-3\/#breadcrumb"},"inLanguage":"en-US","potentialAction":[{"@type":"ReadAction","target":["https:\/\/tecplan.com.gt\/producto\/duplexer-movil-sinclair-modelo-mr356b-3\/"]}]},{"@type":"ImageObject","inLanguage":"en-US","@id":"https:\/\/tecplan.com.gt\/producto\/duplexer-movil-sinclair-modelo-mr356b-3\/#primaryimage","url":"\/wp-content\/uploads\/2024\/07\/MR356B3-p.png","contentUrl":"\/wp-content\/uploads\/2024\/07\/MR356B3-p.png","width":400,"height":400},{"@type":"BreadcrumbList","@id":"https:\/\/tecplan.com.gt\/producto\/duplexer-movil-sinclair-modelo-mr356b-3\/#breadcrumb","itemListElement":[{"@type":"ListItem","position":1,"name":"Portada","item":"https:\/\/tecplan.com.gt\/"},{"@type":"ListItem","position":2,"name":"Productos","item":"https:\/\/tecplan.com.gt\/shop\/"},{"@type":"ListItem","position":3,"name":"Duplexer M\u00f3vil SINCLAIR modelo MR356B-3"}]},{"@type":"WebSite","@id":"https:\/\/tecplan.com.gt\/#website","url":"https:\/\/tecplan.com.gt\/","name":"Tecplan Argentina","description":"Tecnolog\u00edas y equipos de telecomunicaciones","publisher":{"@id":"https:\/\/tecplan.com.gt\/#organization"},"potentialAction":[{"@type":"SearchAction","target":{"@type":"EntryPoint","urlTemplate":"https:\/\/tecplan.com.gt\/?s={search_term_string}"},"query-input":{"@type":"PropertyValueSpecification","valueRequired":true,"valueName":"search_term_string"}}],"inLanguage":"en-US"},{"@type":"Organization","@id":"https:\/\/tecplan.com.gt\/#organization","name":"Tecplan Argentina","url":"https:\/\/tecplan.com.gt\/","logo":{"@type":"ImageObject","inLanguage":"en-US","@id":"https:\/\/tecplan.com.gt\/#\/schema\/logo\/image\/","url":"\/wp-content\/uploads\/2023\/03\/logo-tecplan.gif","contentUrl":"\/wp-content\/uploads\/2023\/03\/logo-tecplan.gif","width":1920,"height":486,"caption":"Tecplan Argentina"},"image":{"@id":"https:\/\/tecplan.com.gt\/#\/schema\/logo\/image\/"}}]}},"_links":{"self":[{"href":"https:\/\/tecplan.com.gt\/en\/wp-json\/wp\/v2\/product\/8453"}],"collection":[{"href":"https:\/\/tecplan.com.gt\/en\/wp-json\/wp\/v2\/product"}],"about":[{"href":"https:\/\/tecplan.com.gt\/en\/wp-json\/wp\/v2\/types\/product"}],"replies":[{"embeddable":true,"href":"https:\/\/tecplan.com.gt\/en\/wp-json\/wp\/v2\/comments?post=8453"}],"version-history":[{"count":15,"href":"https:\/\/tecplan.com.gt\/en\/wp-json\/wp\/v2\/product\/8453\/revisions"}],"predecessor-version":[{"id":8515,"href":"https:\/\/tecplan.com.gt\/en\/wp-json\/wp\/v2\/product\/8453\/revisions\/8515"}],"wp:featuredmedia":[{"embeddable":true,"href":"https:\/\/tecplan.com.gt\/en\/wp-json\/wp\/v2\/media\/8505"}],"wp:attachment":[{"href":"https:\/\/tecplan.com.gt\/en\/wp-json\/wp\/v2\/media?parent=8453"}],"wp:term":[{"taxonomy":"product_brand","embeddable":true,"href":"https:\/\/tecplan.com.gt\/en\/wp-json\/wp\/v2\/product_brand?post=8453"},{"taxonomy":"product_cat","embeddable":true,"href":"https:\/\/tecplan.com.gt\/en\/wp-json\/wp\/v2\/product_cat?post=8453"},{"taxonomy":"product_tag","embeddable":true,"href":"https:\/\/tecplan.com.gt\/en\/wp-json\/wp\/v2\/product_tag?post=8453"}],"curies":[{"name":"wp","href":"https:\/\/api.w.org\/{rel}","templated":true}]}}