{"id":8466,"date":"2024-07-15T14:42:50","date_gmt":"2024-07-15T20:42:50","guid":{"rendered":"https:\/\/tecplan.com.gt\/?post_type=product&#038;p=8466"},"modified":"2024-07-15T15:20:08","modified_gmt":"2024-07-15T21:20:08","slug":"duplexer-movil-sinclair-modelo-mr456b-1-2","status":"publish","type":"product","link":"https:\/\/tecplan.com.gt\/en\/product\/duplexer-movil-sinclair-modelo-mr456b-1-2\/","title":{"rendered":"SINCLAIR Mobile Duplexer model MR456B-1-2"},"content":{"rendered":"<div data-elementor-type=\"product-post\" data-elementor-id=\"8466\" class=\"elementor elementor-8466\" data-elementor-post-type=\"product\">\n\t\t\t\t<div class=\"elementor-element elementor-element-732ee81b e-flex e-con-boxed e-con e-parent\" data-id=\"732ee81b\" data-element_type=\"container\">\n\t\t\t\t\t<div class=\"e-con-inner\">\n\t\t\t\t<div class=\"elementor-element elementor-element-402aeaf0 elementor-widget elementor-widget-text-editor\" data-id=\"402aeaf0\" data-element_type=\"widget\" data-widget_type=\"text-editor.default\">\n\t\t\t\t<div class=\"elementor-widget-container\">\n\t\t\t\t\t\t\t\t\tMobile Duplexer, 806-960 MHz, 6 Cavities, 24 MHz Separation, 50 Watt, BNC Female.\r\n<ul>\r\n \t<li>Six temperature-compensated helical resonators with high stability.<\/li>\r\n \t<li>Housing made of lightweight and resistant extruded aluminum.<\/li>\r\n \t<li>50 watt power handling capability with 60 dB transmit to receive isolation.<\/li>\r\n<\/ul>\t\t\t\t\t\t\t\t<\/div>\n\t\t\t\t<\/div>\n\t\t\t\t<div class=\"elementor-element elementor-element-3b56d97 elementor-widget-divider--view-line elementor-widget elementor-widget-divider\" data-id=\"3b56d97\" data-element_type=\"widget\" data-widget_type=\"divider.default\">\n\t\t\t\t<div class=\"elementor-widget-container\">\n\t\t\t\t\t\t\t<div class=\"elementor-divider\">\n\t\t\t<span class=\"elementor-divider-separator\">\n\t\t\t\t\t\t<\/span>\n\t\t<\/div>\n\t\t\t\t\t\t<\/div>\n\t\t\t\t<\/div>\n\t\t<div class=\"elementor-element elementor-element-9a6b8c4 e-con-full e-flex e-con e-child\" data-id=\"9a6b8c4\" data-element_type=\"container\">\n\t\t<div class=\"elementor-element elementor-element-6f83211 e-con-full e-flex e-con e-child\" data-id=\"6f83211\" data-element_type=\"container\">\n\t\t\t\t<div class=\"elementor-element elementor-element-b4badc8 elementor-widget__width-initial elementor-widget elementor-widget-text-editor\" data-id=\"b4badc8\" data-element_type=\"widget\" data-widget_type=\"text-editor.default\">\n\t\t\t\t<div class=\"elementor-widget-container\">\n\t\t\t\t\t\t\t\t\t<p><strong>Download Technical Sheet<\/strong><\/p>\t\t\t\t\t\t\t\t<\/div>\n\t\t\t\t<\/div>\n\t\t\t\t<\/div>\n\t\t<div class=\"elementor-element elementor-element-ab8aeee e-con-full e-flex e-con e-child\" data-id=\"ab8aeee\" data-element_type=\"container\">\n\t\t\t\t<\/div>\n\t\t<div class=\"elementor-element elementor-element-c64961b e-con-full e-flex e-con e-child\" data-id=\"c64961b\" data-element_type=\"container\">\n\t\t\t\t<div class=\"elementor-element elementor-element-9ea197e elementor-widget__width-initial elementor-widget elementor-widget-button\" data-id=\"9ea197e\" data-element_type=\"widget\" data-widget_type=\"button.default\">\n\t\t\t\t<div class=\"elementor-widget-container\">\n\t\t\t\t\t\t\t\t\t<div class=\"elementor-button-wrapper\">\n\t\t\t\t\t<a class=\"elementor-button elementor-button-link elementor-size-sm\" href=\"https:\/\/drive.google.com\/file\/d\/1UKUvxj034m8cyb1O7nEsl6AAIQ1SCXyJ\/view?usp=sharing\">\n\t\t\t\t\t\t<span class=\"elementor-button-content-wrapper\">\n\t\t\t\t\t\t\t\t\t<span class=\"elementor-button-text\">In Spanish<\/span>\n\t\t\t\t\t<\/span>\n\t\t\t\t\t<\/a>\n\t\t\t\t<\/div>\n\t\t\t\t\t\t\t\t<\/div>\n\t\t\t\t<\/div>\n\t\t\t\t<\/div>\n\t\t<div class=\"elementor-element elementor-element-d8645b0 e-con-full e-flex e-con e-child\" data-id=\"d8645b0\" data-element_type=\"container\">\n\t\t\t\t<div class=\"elementor-element elementor-element-f8c5a77 elementor-widget__width-initial elementor-widget elementor-widget-button\" data-id=\"f8c5a77\" data-element_type=\"widget\" data-widget_type=\"button.default\">\n\t\t\t\t<div class=\"elementor-widget-container\">\n\t\t\t\t\t\t\t\t\t<div class=\"elementor-button-wrapper\">\n\t\t\t\t\t<a class=\"elementor-button elementor-button-link elementor-size-sm\" href=\"https:\/\/drive.google.com\/file\/d\/1UKUvxj034m8cyb1O7nEsl6AAIQ1SCXyJ\/view?usp=sharing\">\n\t\t\t\t\t\t<span class=\"elementor-button-content-wrapper\">\n\t\t\t\t\t\t\t\t\t<span class=\"elementor-button-text\">In English<\/span>\n\t\t\t\t\t<\/span>\n\t\t\t\t\t<\/a>\n\t\t\t\t<\/div>\n\t\t\t\t\t\t\t\t<\/div>\n\t\t\t\t<\/div>\n\t\t\t\t<\/div>\n\t\t\t\t<\/div>\n\t\t\t\t\t<\/div>\n\t\t\t\t<\/div>\n\t\t\t\t<\/div>","protected":false},"excerpt":{"rendered":"<p><strong><br \/>\nThe Sinclair MR456 Series of Mobile Duplexers<\/strong><\/p>\n<p style=\"text-align: justify;\">They are compact units, manufactured from strong, lightweight aluminum extrusion, which provides maximum structural integrity. The resonators are temperature compensated and designed to minimize variations in changing operating environments. These duplexers provide superior performance for conventional and trunking applications, and can also be used as low-power base station duplexers.<\/p>","protected":false},"featured_media":8467,"comment_status":"open","ping_status":"closed","template":"","meta":{"site-sidebar-layout":"default","site-content-layout":"","ast-site-content-layout":"default","site-content-style":"default","site-sidebar-style":"default","ast-global-header-display":"","ast-banner-title-visibility":"","ast-main-header-display":"","ast-hfb-above-header-display":"","ast-hfb-below-header-display":"","ast-hfb-mobile-header-display":"","site-post-title":"","ast-breadcrumbs-content":"","ast-featured-img":"","footer-sml-layout":"","theme-transparent-header-meta":"default","adv-header-id-meta":"","stick-header-meta":"","header-above-stick-meta":"","header-main-stick-meta":"","header-below-stick-meta":"","astra-migrate-meta-layouts":"set","ast-page-background-enabled":"default","ast-page-background-meta":{"desktop":{"background-color":"var(--ast-global-color-4)","background-image":"","background-repeat":"repeat","background-position":"center center","background-size":"auto","background-attachment":"scroll","background-type":"","background-media":"","overlay-type":"","overlay-color":"","overlay-opacity":"","overlay-gradient":""},"tablet":{"background-color":"","background-image":"","background-repeat":"repeat","background-position":"center center","background-size":"auto","background-attachment":"scroll","background-type":"","background-media":"","overlay-type":"","overlay-color":"","overlay-opacity":"","overlay-gradient":""},"mobile":{"background-color":"","background-image":"","background-repeat":"repeat","background-position":"center center","background-size":"auto","background-attachment":"scroll","background-type":"","background-media":"","overlay-type":"","overlay-color":"","overlay-opacity":"","overlay-gradient":""}},"ast-content-background-meta":{"desktop":{"background-color":"var(--ast-global-color-5)","background-image":"","background-repeat":"repeat","background-position":"center center","background-size":"auto","background-attachment":"scroll","background-type":"","background-media":"","overlay-type":"","overlay-color":"","overlay-opacity":"","overlay-gradient":""},"tablet":{"background-color":"var(--ast-global-color-5)","background-image":"","background-repeat":"repeat","background-position":"center center","background-size":"auto","background-attachment":"scroll","background-type":"","background-media":"","overlay-type":"","overlay-color":"","overlay-opacity":"","overlay-gradient":""},"mobile":{"background-color":"var(--ast-global-color-5)","background-image":"","background-repeat":"repeat","background-position":"center center","background-size":"auto","background-attachment":"scroll","background-type":"","background-media":"","overlay-type":"","overlay-color":"","overlay-opacity":"","overlay-gradient":""}}},"product_brand":[],"product_cat":[83,31,104],"product_tag":[102],"class_list":{"0":"post-8466","1":"product","2":"type-product","3":"status-publish","4":"has-post-thumbnail","6":"product_cat-radio-comuniacion","7":"product_cat-radiocomunicacion","8":"product_cat-sinclair","9":"product_tag-sinclair","10":"desktop-align-left","11":"tablet-align-left","12":"mobile-align-left","14":"first","15":"instock","16":"shipping-taxable","17":"product-type-simple"},"yoast_head":"<!-- This site is optimized with the Yoast SEO plugin v24.6 - https:\/\/yoast.com\/wordpress\/plugins\/seo\/ -->\n<title>Duplexer M\u00f3vil SINCLAIR modelo MR456B-1-2 -<\/title>\n<meta name=\"robots\" content=\"index, follow, max-snippet:-1, max-image-preview:large, max-video-preview:-1\" \/>\n<link rel=\"canonical\" href=\"https:\/\/tecplan.com.gt\/en\/product\/duplexer-movil-sinclair-modelo-mr456b-1-2\/\" \/>\n<meta property=\"og:locale\" content=\"en_US\" \/>\n<meta property=\"og:type\" content=\"article\" \/>\n<meta property=\"og:title\" content=\"Duplexer M\u00f3vil SINCLAIR modelo MR456B-1-2 -\" \/>\n<meta property=\"og:description\" content=\"La serie MR456 de duplexores m\u00f3viles Sinclair Son unidades compactas, fabricadas con extrusi\u00f3n de aluminio resistente y liviano, que brinda m\u00e1xima integridad estructural. Los resonadores compensan la temperatura y est\u00e1n dise\u00f1ados para minimizar las variaciones en entornos operativos cambiantes. Estos duplexores brindan un rendimiento superior para aplicaciones convencionales y de trunking, y tambi\u00e9n pueden usarse como duplexores de estaci\u00f3n base de bajo consumo.\" \/>\n<meta property=\"og:url\" content=\"https:\/\/tecplan.com.gt\/en\/product\/duplexer-movil-sinclair-modelo-mr456b-1-2\/\" \/>\n<meta property=\"article:modified_time\" content=\"2024-07-15T21:20:08+00:00\" \/>\n<meta property=\"og:image\" content=\"https:\/\/tecplan.com.gt\/wp-content\/uploads\/2024\/07\/MR456B12-p.png\" \/>\n\t<meta property=\"og:image:width\" content=\"400\" \/>\n\t<meta property=\"og:image:height\" content=\"400\" \/>\n\t<meta property=\"og:image:type\" content=\"image\/png\" \/>\n<meta name=\"twitter:card\" content=\"summary_large_image\" \/>\n<meta name=\"twitter:label1\" content=\"Est. reading time\" \/>\n\t<meta name=\"twitter:data1\" content=\"1 minute\" \/>\n<script type=\"application\/ld+json\" class=\"yoast-schema-graph\">{\"@context\":\"https:\/\/schema.org\",\"@graph\":[{\"@type\":\"WebPage\",\"@id\":\"https:\/\/tecplan.com.gt\/producto\/duplexer-movil-sinclair-modelo-mr456b-1-2\/\",\"url\":\"https:\/\/tecplan.com.gt\/producto\/duplexer-movil-sinclair-modelo-mr456b-1-2\/\",\"name\":\"Duplexer M\u00f3vil SINCLAIR modelo MR456B-1-2 -\",\"isPartOf\":{\"@id\":\"https:\/\/tecplan.com.gt\/#website\"},\"primaryImageOfPage\":{\"@id\":\"https:\/\/tecplan.com.gt\/producto\/duplexer-movil-sinclair-modelo-mr456b-1-2\/#primaryimage\"},\"image\":{\"@id\":\"https:\/\/tecplan.com.gt\/producto\/duplexer-movil-sinclair-modelo-mr456b-1-2\/#primaryimage\"},\"thumbnailUrl\":\"\/wp-content\/uploads\/2024\/07\/MR456B12-p.png\",\"datePublished\":\"2024-07-15T20:42:50+00:00\",\"dateModified\":\"2024-07-15T21:20:08+00:00\",\"breadcrumb\":{\"@id\":\"https:\/\/tecplan.com.gt\/producto\/duplexer-movil-sinclair-modelo-mr456b-1-2\/#breadcrumb\"},\"inLanguage\":\"en-US\",\"potentialAction\":[{\"@type\":\"ReadAction\",\"target\":[\"https:\/\/tecplan.com.gt\/producto\/duplexer-movil-sinclair-modelo-mr456b-1-2\/\"]}]},{\"@type\":\"ImageObject\",\"inLanguage\":\"en-US\",\"@id\":\"https:\/\/tecplan.com.gt\/producto\/duplexer-movil-sinclair-modelo-mr456b-1-2\/#primaryimage\",\"url\":\"\/wp-content\/uploads\/2024\/07\/MR456B12-p.png\",\"contentUrl\":\"\/wp-content\/uploads\/2024\/07\/MR456B12-p.png\",\"width\":400,\"height\":400},{\"@type\":\"BreadcrumbList\",\"@id\":\"https:\/\/tecplan.com.gt\/producto\/duplexer-movil-sinclair-modelo-mr456b-1-2\/#breadcrumb\",\"itemListElement\":[{\"@type\":\"ListItem\",\"position\":1,\"name\":\"Portada\",\"item\":\"https:\/\/tecplan.com.gt\/\"},{\"@type\":\"ListItem\",\"position\":2,\"name\":\"Productos\",\"item\":\"https:\/\/tecplan.com.gt\/shop\/\"},{\"@type\":\"ListItem\",\"position\":3,\"name\":\"Duplexer M\u00f3vil SINCLAIR modelo MR456B-1-2\"}]},{\"@type\":\"WebSite\",\"@id\":\"https:\/\/tecplan.com.gt\/#website\",\"url\":\"https:\/\/tecplan.com.gt\/\",\"name\":\"Tecplan Argentina\",\"description\":\"Tecnolog\u00edas y equipos de telecomunicaciones\",\"publisher\":{\"@id\":\"https:\/\/tecplan.com.gt\/#organization\"},\"potentialAction\":[{\"@type\":\"SearchAction\",\"target\":{\"@type\":\"EntryPoint\",\"urlTemplate\":\"https:\/\/tecplan.com.gt\/?s={search_term_string}\"},\"query-input\":{\"@type\":\"PropertyValueSpecification\",\"valueRequired\":true,\"valueName\":\"search_term_string\"}}],\"inLanguage\":\"en-US\"},{\"@type\":\"Organization\",\"@id\":\"https:\/\/tecplan.com.gt\/#organization\",\"name\":\"Tecplan Argentina\",\"url\":\"https:\/\/tecplan.com.gt\/\",\"logo\":{\"@type\":\"ImageObject\",\"inLanguage\":\"en-US\",\"@id\":\"https:\/\/tecplan.com.gt\/#\/schema\/logo\/image\/\",\"url\":\"\/wp-content\/uploads\/2023\/03\/logo-tecplan.gif\",\"contentUrl\":\"\/wp-content\/uploads\/2023\/03\/logo-tecplan.gif\",\"width\":1920,\"height\":486,\"caption\":\"Tecplan Argentina\"},\"image\":{\"@id\":\"https:\/\/tecplan.com.gt\/#\/schema\/logo\/image\/\"}}]}<\/script>\n<!-- \/ Yoast SEO plugin. -->","yoast_head_json":{"title":"Duplexer M\u00f3vil SINCLAIR modelo MR456B-1-2 -","robots":{"index":"index","follow":"follow","max-snippet":"max-snippet:-1","max-image-preview":"max-image-preview:large","max-video-preview":"max-video-preview:-1"},"canonical":"https:\/\/tecplan.com.gt\/en\/product\/duplexer-movil-sinclair-modelo-mr456b-1-2\/","og_locale":"en_US","og_type":"article","og_title":"Duplexer M\u00f3vil SINCLAIR modelo MR456B-1-2 -","og_description":"La serie MR456 de duplexores m\u00f3viles Sinclair Son unidades compactas, fabricadas con extrusi\u00f3n de aluminio resistente y liviano, que brinda m\u00e1xima integridad estructural. Los resonadores compensan la temperatura y est\u00e1n dise\u00f1ados para minimizar las variaciones en entornos operativos cambiantes. Estos duplexores brindan un rendimiento superior para aplicaciones convencionales y de trunking, y tambi\u00e9n pueden usarse como duplexores de estaci\u00f3n base de bajo consumo.","og_url":"https:\/\/tecplan.com.gt\/en\/product\/duplexer-movil-sinclair-modelo-mr456b-1-2\/","article_modified_time":"2024-07-15T21:20:08+00:00","og_image":[{"width":400,"height":400,"url":"https:\/\/tecplan.com.gt\/wp-content\/uploads\/2024\/07\/MR456B12-p.png","type":"image\/png"}],"twitter_card":"summary_large_image","twitter_misc":{"Est. reading time":"1 minute"},"schema":{"@context":"https:\/\/schema.org","@graph":[{"@type":"WebPage","@id":"https:\/\/tecplan.com.gt\/producto\/duplexer-movil-sinclair-modelo-mr456b-1-2\/","url":"https:\/\/tecplan.com.gt\/producto\/duplexer-movil-sinclair-modelo-mr456b-1-2\/","name":"Duplexer M\u00f3vil SINCLAIR modelo MR456B-1-2 -","isPartOf":{"@id":"https:\/\/tecplan.com.gt\/#website"},"primaryImageOfPage":{"@id":"https:\/\/tecplan.com.gt\/producto\/duplexer-movil-sinclair-modelo-mr456b-1-2\/#primaryimage"},"image":{"@id":"https:\/\/tecplan.com.gt\/producto\/duplexer-movil-sinclair-modelo-mr456b-1-2\/#primaryimage"},"thumbnailUrl":"\/wp-content\/uploads\/2024\/07\/MR456B12-p.png","datePublished":"2024-07-15T20:42:50+00:00","dateModified":"2024-07-15T21:20:08+00:00","breadcrumb":{"@id":"https:\/\/tecplan.com.gt\/producto\/duplexer-movil-sinclair-modelo-mr456b-1-2\/#breadcrumb"},"inLanguage":"en-US","potentialAction":[{"@type":"ReadAction","target":["https:\/\/tecplan.com.gt\/producto\/duplexer-movil-sinclair-modelo-mr456b-1-2\/"]}]},{"@type":"ImageObject","inLanguage":"en-US","@id":"https:\/\/tecplan.com.gt\/producto\/duplexer-movil-sinclair-modelo-mr456b-1-2\/#primaryimage","url":"\/wp-content\/uploads\/2024\/07\/MR456B12-p.png","contentUrl":"\/wp-content\/uploads\/2024\/07\/MR456B12-p.png","width":400,"height":400},{"@type":"BreadcrumbList","@id":"https:\/\/tecplan.com.gt\/producto\/duplexer-movil-sinclair-modelo-mr456b-1-2\/#breadcrumb","itemListElement":[{"@type":"ListItem","position":1,"name":"Portada","item":"https:\/\/tecplan.com.gt\/"},{"@type":"ListItem","position":2,"name":"Productos","item":"https:\/\/tecplan.com.gt\/shop\/"},{"@type":"ListItem","position":3,"name":"Duplexer M\u00f3vil SINCLAIR modelo MR456B-1-2"}]},{"@type":"WebSite","@id":"https:\/\/tecplan.com.gt\/#website","url":"https:\/\/tecplan.com.gt\/","name":"Tecplan Argentina","description":"Tecnolog\u00edas y equipos de telecomunicaciones","publisher":{"@id":"https:\/\/tecplan.com.gt\/#organization"},"potentialAction":[{"@type":"SearchAction","target":{"@type":"EntryPoint","urlTemplate":"https:\/\/tecplan.com.gt\/?s={search_term_string}"},"query-input":{"@type":"PropertyValueSpecification","valueRequired":true,"valueName":"search_term_string"}}],"inLanguage":"en-US"},{"@type":"Organization","@id":"https:\/\/tecplan.com.gt\/#organization","name":"Tecplan Argentina","url":"https:\/\/tecplan.com.gt\/","logo":{"@type":"ImageObject","inLanguage":"en-US","@id":"https:\/\/tecplan.com.gt\/#\/schema\/logo\/image\/","url":"\/wp-content\/uploads\/2023\/03\/logo-tecplan.gif","contentUrl":"\/wp-content\/uploads\/2023\/03\/logo-tecplan.gif","width":1920,"height":486,"caption":"Tecplan Argentina"},"image":{"@id":"https:\/\/tecplan.com.gt\/#\/schema\/logo\/image\/"}}]}},"_links":{"self":[{"href":"https:\/\/tecplan.com.gt\/en\/wp-json\/wp\/v2\/product\/8466"}],"collection":[{"href":"https:\/\/tecplan.com.gt\/en\/wp-json\/wp\/v2\/product"}],"about":[{"href":"https:\/\/tecplan.com.gt\/en\/wp-json\/wp\/v2\/types\/product"}],"replies":[{"embeddable":true,"href":"https:\/\/tecplan.com.gt\/en\/wp-json\/wp\/v2\/comments?post=8466"}],"version-history":[{"count":6,"href":"https:\/\/tecplan.com.gt\/en\/wp-json\/wp\/v2\/product\/8466\/revisions"}],"predecessor-version":[{"id":8502,"href":"https:\/\/tecplan.com.gt\/en\/wp-json\/wp\/v2\/product\/8466\/revisions\/8502"}],"wp:featuredmedia":[{"embeddable":true,"href":"https:\/\/tecplan.com.gt\/en\/wp-json\/wp\/v2\/media\/8467"}],"wp:attachment":[{"href":"https:\/\/tecplan.com.gt\/en\/wp-json\/wp\/v2\/media?parent=8466"}],"wp:term":[{"taxonomy":"product_brand","embeddable":true,"href":"https:\/\/tecplan.com.gt\/en\/wp-json\/wp\/v2\/product_brand?post=8466"},{"taxonomy":"product_cat","embeddable":true,"href":"https:\/\/tecplan.com.gt\/en\/wp-json\/wp\/v2\/product_cat?post=8466"},{"taxonomy":"product_tag","embeddable":true,"href":"https:\/\/tecplan.com.gt\/en\/wp-json\/wp\/v2\/product_tag?post=8466"}],"curies":[{"name":"wp","href":"https:\/\/api.w.org\/{rel}","templated":true}]}}