{"id":8491,"date":"2024-07-15T15:04:51","date_gmt":"2024-07-15T21:04:51","guid":{"rendered":"https:\/\/tecplan.com.gt\/?post_type=product&#038;p=8491"},"modified":"2024-07-15T15:18:41","modified_gmt":"2024-07-15T21:18:41","slug":"combinador-sinclair-modelo-tn3214-r4","status":"publish","type":"product","link":"https:\/\/tecplan.com.gt\/en\/product\/combinador-sinclair-modelo-tn3214-r4\/","title":{"rendered":"SINCLAIR combiner model TN3214-R4"},"content":{"rendered":"<div data-elementor-type=\"product-post\" data-elementor-id=\"8491\" class=\"elementor elementor-8491\" data-elementor-post-type=\"product\">\n\t\t\t\t<div class=\"elementor-element elementor-element-3702db3b e-flex e-con-boxed e-con e-parent\" data-id=\"3702db3b\" data-element_type=\"container\">\n\t\t\t\t\t<div class=\"e-con-inner\">\n\t\t\t\t<div class=\"elementor-element elementor-element-555e59f7 elementor-widget elementor-widget-text-editor\" data-id=\"555e59f7\" data-element_type=\"widget\" data-widget_type=\"text-editor.default\">\n\t\t\t\t<div class=\"elementor-widget-container\">\n\t\t\t\t\t\t\t\t\t<p><strong><br>SINCLAIR Combiner, 4 Channels, 430-470 MHz, 19\u2033 Rack Mount, 100 kHz, 125 Watt, N Females.<\/strong><br><\/p>\n<p style=\"text-align: justify;\"> Sinclair\u2019s \u2018TN321x-R-y\u2019 series transmitter combiners are available in 2 to 5 channel configurations for use in 406 to 512 MHz systems. Each channel of these combiners includes a single or dual stage, low loss, wideband isolator and a high \u2018Q\u2019 1\/4 wave bandpass cavity filter suitable for close channel separations, typically 100 KHz.<\/p>\t\t\t\t\t\t\t\t<\/div>\n\t\t\t\t<\/div>\n\t\t\t\t<div class=\"elementor-element elementor-element-9e6fd80 elementor-widget-divider--view-line elementor-widget elementor-widget-divider\" data-id=\"9e6fd80\" data-element_type=\"widget\" data-widget_type=\"divider.default\">\n\t\t\t\t<div class=\"elementor-widget-container\">\n\t\t\t\t\t\t\t<div class=\"elementor-divider\">\n\t\t\t<span class=\"elementor-divider-separator\">\n\t\t\t\t\t\t<\/span>\n\t\t<\/div>\n\t\t\t\t\t\t<\/div>\n\t\t\t\t<\/div>\n\t\t<div class=\"elementor-element elementor-element-4756755 e-con-full e-flex e-con e-child\" data-id=\"4756755\" data-element_type=\"container\">\n\t\t<div class=\"elementor-element elementor-element-d983b23 e-con-full e-flex e-con e-child\" data-id=\"d983b23\" data-element_type=\"container\">\n\t\t\t\t<div class=\"elementor-element elementor-element-81091c3 elementor-widget__width-initial elementor-widget elementor-widget-text-editor\" data-id=\"81091c3\" data-element_type=\"widget\" data-widget_type=\"text-editor.default\">\n\t\t\t\t<div class=\"elementor-widget-container\">\n\t\t\t\t\t\t\t\t\t<p><strong>Download Technical Sheet<\/strong><\/p>\t\t\t\t\t\t\t\t<\/div>\n\t\t\t\t<\/div>\n\t\t\t\t<\/div>\n\t\t<div class=\"elementor-element elementor-element-27c8aaf e-con-full e-flex e-con e-child\" data-id=\"27c8aaf\" data-element_type=\"container\">\n\t\t\t\t<\/div>\n\t\t<div class=\"elementor-element elementor-element-96c5266 e-con-full e-flex e-con e-child\" data-id=\"96c5266\" data-element_type=\"container\">\n\t\t\t\t<div class=\"elementor-element elementor-element-d8e9d4d elementor-widget__width-initial elementor-widget elementor-widget-button\" data-id=\"d8e9d4d\" data-element_type=\"widget\" data-widget_type=\"button.default\">\n\t\t\t\t<div class=\"elementor-widget-container\">\n\t\t\t\t\t\t\t\t\t<div class=\"elementor-button-wrapper\">\n\t\t\t\t\t<a class=\"elementor-button elementor-button-link elementor-size-sm\" href=\"https:\/\/drive.google.com\/file\/d\/1gu5dt2MhTe7gnvrUghEUooGaqo8OLWGr\/view?usp=sharing\">\n\t\t\t\t\t\t<span class=\"elementor-button-content-wrapper\">\n\t\t\t\t\t\t\t\t\t<span class=\"elementor-button-text\">In Spanish<\/span>\n\t\t\t\t\t<\/span>\n\t\t\t\t\t<\/a>\n\t\t\t\t<\/div>\n\t\t\t\t\t\t\t\t<\/div>\n\t\t\t\t<\/div>\n\t\t\t\t<\/div>\n\t\t<div class=\"elementor-element elementor-element-2beac8c e-con-full e-flex e-con e-child\" data-id=\"2beac8c\" data-element_type=\"container\">\n\t\t\t\t<div class=\"elementor-element elementor-element-0cb445f elementor-widget__width-initial elementor-widget elementor-widget-button\" data-id=\"0cb445f\" data-element_type=\"widget\" data-widget_type=\"button.default\">\n\t\t\t\t<div class=\"elementor-widget-container\">\n\t\t\t\t\t\t\t\t\t<div class=\"elementor-button-wrapper\">\n\t\t\t\t\t<a class=\"elementor-button elementor-button-link elementor-size-sm\" href=\"https:\/\/drive.google.com\/file\/d\/1S0YaX7EXL8SlX9jb7cz0su_aPxkbQDmI\/view?usp=sharing\">\n\t\t\t\t\t\t<span class=\"elementor-button-content-wrapper\">\n\t\t\t\t\t\t\t\t\t<span class=\"elementor-button-text\">In English<\/span>\n\t\t\t\t\t<\/span>\n\t\t\t\t\t<\/a>\n\t\t\t\t<\/div>\n\t\t\t\t\t\t\t\t<\/div>\n\t\t\t\t<\/div>\n\t\t\t\t<\/div>\n\t\t\t\t<\/div>\n\t\t\t\t\t<\/div>\n\t\t\t\t<\/div>\n\t\t\t\t<\/div>","protected":false},"excerpt":{"rendered":"<p><strong><br \/>\nSINCLAIR Combiner, 4 Channels, 430-470 MHz, 125 Watt, N Females.<\/strong><\/p>\n<p>Electrical Specifications<\/p>\n<ul>\n<li>Frequency Range: 430-470 MHz.<\/li>\n<li>Number of Channels: 4<\/li>\n<li>Input VSWR (max): 1.25:1<\/li>\n<li>Output VSWR: 2:1<\/li>\n<li>connectors: N-Female.<\/li>\n<li>Power (per Channel): 125 Watt.<\/li>\n<li>Frequency Separation (min): 0.1 MHz.<\/li>\n<li>Tx to Tx isolation: 60 dB.<br \/>\nAntenna to Tx Isolation: 50 dB.<\/li>\n<\/ul>","protected":false},"featured_media":8492,"comment_status":"open","ping_status":"closed","template":"","meta":{"site-sidebar-layout":"default","site-content-layout":"","ast-site-content-layout":"default","site-content-style":"default","site-sidebar-style":"default","ast-global-header-display":"","ast-banner-title-visibility":"","ast-main-header-display":"","ast-hfb-above-header-display":"","ast-hfb-below-header-display":"","ast-hfb-mobile-header-display":"","site-post-title":"","ast-breadcrumbs-content":"","ast-featured-img":"","footer-sml-layout":"","theme-transparent-header-meta":"default","adv-header-id-meta":"","stick-header-meta":"","header-above-stick-meta":"","header-main-stick-meta":"","header-below-stick-meta":"","astra-migrate-meta-layouts":"set","ast-page-background-enabled":"default","ast-page-background-meta":{"desktop":{"background-color":"var(--ast-global-color-4)","background-image":"","background-repeat":"repeat","background-position":"center center","background-size":"auto","background-attachment":"scroll","background-type":"","background-media":"","overlay-type":"","overlay-color":"","overlay-opacity":"","overlay-gradient":""},"tablet":{"background-color":"","background-image":"","background-repeat":"repeat","background-position":"center center","background-size":"auto","background-attachment":"scroll","background-type":"","background-media":"","overlay-type":"","overlay-color":"","overlay-opacity":"","overlay-gradient":""},"mobile":{"background-color":"","background-image":"","background-repeat":"repeat","background-position":"center center","background-size":"auto","background-attachment":"scroll","background-type":"","background-media":"","overlay-type":"","overlay-color":"","overlay-opacity":"","overlay-gradient":""}},"ast-content-background-meta":{"desktop":{"background-color":"var(--ast-global-color-5)","background-image":"","background-repeat":"repeat","background-position":"center center","background-size":"auto","background-attachment":"scroll","background-type":"","background-media":"","overlay-type":"","overlay-color":"","overlay-opacity":"","overlay-gradient":""},"tablet":{"background-color":"var(--ast-global-color-5)","background-image":"","background-repeat":"repeat","background-position":"center center","background-size":"auto","background-attachment":"scroll","background-type":"","background-media":"","overlay-type":"","overlay-color":"","overlay-opacity":"","overlay-gradient":""},"mobile":{"background-color":"var(--ast-global-color-5)","background-image":"","background-repeat":"repeat","background-position":"center center","background-size":"auto","background-attachment":"scroll","background-type":"","background-media":"","overlay-type":"","overlay-color":"","overlay-opacity":"","overlay-gradient":""}}},"product_brand":[],"product_cat":[83,31,104],"product_tag":[102],"class_list":{"0":"post-8491","1":"product","2":"type-product","3":"status-publish","4":"has-post-thumbnail","6":"product_cat-radio-comuniacion","7":"product_cat-radiocomunicacion","8":"product_cat-sinclair","9":"product_tag-sinclair","10":"desktop-align-left","11":"tablet-align-left","12":"mobile-align-left","14":"first","15":"instock","16":"shipping-taxable","17":"product-type-simple"},"yoast_head":"<!-- This site is optimized with the Yoast SEO plugin v24.6 - https:\/\/yoast.com\/wordpress\/plugins\/seo\/ -->\n<title>Combinador SINCLAIR modelo TN3214-R4 -<\/title>\n<meta name=\"robots\" content=\"index, follow, max-snippet:-1, max-image-preview:large, max-video-preview:-1\" \/>\n<link rel=\"canonical\" href=\"https:\/\/tecplan.com.gt\/en\/product\/combinador-sinclair-modelo-tn3214-r4\/\" \/>\n<meta property=\"og:locale\" content=\"en_US\" \/>\n<meta property=\"og:type\" content=\"article\" \/>\n<meta property=\"og:title\" content=\"Combinador SINCLAIR modelo TN3214-R4 -\" \/>\n<meta property=\"og:description\" content=\"Combinador SINCLAIR, 4 Canales, 430-470 MHz, 125 Watt, N Hembras.  Especificaciones El\u00e9ctricas   Rango de Frecuencia: 430-470 MHz.  N\u00famero de Canales: 4  VSWR de Entrada (m\u00e1x.): 1.25: 1  VSWR de Salida: 2: 1  Conectores: N-Hembras.  Potencia (por Canal): 125 Watt.  Separaci\u00f3n de Frecuencia (min): 0.1 MHz.  Aislamiento Tx a Tx: 60 dB. Aislamiento de Antena a Tx: 50 dB.\" \/>\n<meta property=\"og:url\" content=\"https:\/\/tecplan.com.gt\/en\/product\/combinador-sinclair-modelo-tn3214-r4\/\" \/>\n<meta property=\"article:modified_time\" content=\"2024-07-15T21:18:41+00:00\" \/>\n<meta property=\"og:image\" content=\"https:\/\/tecplan.com.gt\/wp-content\/uploads\/2024\/07\/TN3214R4-p.png\" \/>\n\t<meta property=\"og:image:width\" content=\"400\" \/>\n\t<meta property=\"og:image:height\" content=\"400\" \/>\n\t<meta property=\"og:image:type\" content=\"image\/png\" \/>\n<meta name=\"twitter:card\" content=\"summary_large_image\" \/>\n<script type=\"application\/ld+json\" class=\"yoast-schema-graph\">{\"@context\":\"https:\/\/schema.org\",\"@graph\":[{\"@type\":\"WebPage\",\"@id\":\"https:\/\/tecplan.com.gt\/producto\/combinador-sinclair-modelo-tn3214-r4\/\",\"url\":\"https:\/\/tecplan.com.gt\/producto\/combinador-sinclair-modelo-tn3214-r4\/\",\"name\":\"Combinador SINCLAIR modelo TN3214-R4 -\",\"isPartOf\":{\"@id\":\"https:\/\/tecplan.com.gt\/#website\"},\"primaryImageOfPage\":{\"@id\":\"https:\/\/tecplan.com.gt\/producto\/combinador-sinclair-modelo-tn3214-r4\/#primaryimage\"},\"image\":{\"@id\":\"https:\/\/tecplan.com.gt\/producto\/combinador-sinclair-modelo-tn3214-r4\/#primaryimage\"},\"thumbnailUrl\":\"\/wp-content\/uploads\/2024\/07\/TN3214R4-p.png\",\"datePublished\":\"2024-07-15T21:04:51+00:00\",\"dateModified\":\"2024-07-15T21:18:41+00:00\",\"breadcrumb\":{\"@id\":\"https:\/\/tecplan.com.gt\/producto\/combinador-sinclair-modelo-tn3214-r4\/#breadcrumb\"},\"inLanguage\":\"en-US\",\"potentialAction\":[{\"@type\":\"ReadAction\",\"target\":[\"https:\/\/tecplan.com.gt\/producto\/combinador-sinclair-modelo-tn3214-r4\/\"]}]},{\"@type\":\"ImageObject\",\"inLanguage\":\"en-US\",\"@id\":\"https:\/\/tecplan.com.gt\/producto\/combinador-sinclair-modelo-tn3214-r4\/#primaryimage\",\"url\":\"\/wp-content\/uploads\/2024\/07\/TN3214R4-p.png\",\"contentUrl\":\"\/wp-content\/uploads\/2024\/07\/TN3214R4-p.png\",\"width\":400,\"height\":400},{\"@type\":\"BreadcrumbList\",\"@id\":\"https:\/\/tecplan.com.gt\/producto\/combinador-sinclair-modelo-tn3214-r4\/#breadcrumb\",\"itemListElement\":[{\"@type\":\"ListItem\",\"position\":1,\"name\":\"Portada\",\"item\":\"https:\/\/tecplan.com.gt\/\"},{\"@type\":\"ListItem\",\"position\":2,\"name\":\"Productos\",\"item\":\"https:\/\/tecplan.com.gt\/shop\/\"},{\"@type\":\"ListItem\",\"position\":3,\"name\":\"Combinador SINCLAIR modelo TN3214-R4\"}]},{\"@type\":\"WebSite\",\"@id\":\"https:\/\/tecplan.com.gt\/#website\",\"url\":\"https:\/\/tecplan.com.gt\/\",\"name\":\"Tecplan Argentina\",\"description\":\"Tecnolog\u00edas y equipos de telecomunicaciones\",\"publisher\":{\"@id\":\"https:\/\/tecplan.com.gt\/#organization\"},\"potentialAction\":[{\"@type\":\"SearchAction\",\"target\":{\"@type\":\"EntryPoint\",\"urlTemplate\":\"https:\/\/tecplan.com.gt\/?s={search_term_string}\"},\"query-input\":{\"@type\":\"PropertyValueSpecification\",\"valueRequired\":true,\"valueName\":\"search_term_string\"}}],\"inLanguage\":\"en-US\"},{\"@type\":\"Organization\",\"@id\":\"https:\/\/tecplan.com.gt\/#organization\",\"name\":\"Tecplan Argentina\",\"url\":\"https:\/\/tecplan.com.gt\/\",\"logo\":{\"@type\":\"ImageObject\",\"inLanguage\":\"en-US\",\"@id\":\"https:\/\/tecplan.com.gt\/#\/schema\/logo\/image\/\",\"url\":\"\/wp-content\/uploads\/2023\/03\/logo-tecplan.gif\",\"contentUrl\":\"\/wp-content\/uploads\/2023\/03\/logo-tecplan.gif\",\"width\":1920,\"height\":486,\"caption\":\"Tecplan Argentina\"},\"image\":{\"@id\":\"https:\/\/tecplan.com.gt\/#\/schema\/logo\/image\/\"}}]}<\/script>\n<!-- \/ Yoast SEO plugin. -->","yoast_head_json":{"title":"Combinador SINCLAIR modelo TN3214-R4 -","robots":{"index":"index","follow":"follow","max-snippet":"max-snippet:-1","max-image-preview":"max-image-preview:large","max-video-preview":"max-video-preview:-1"},"canonical":"https:\/\/tecplan.com.gt\/en\/product\/combinador-sinclair-modelo-tn3214-r4\/","og_locale":"en_US","og_type":"article","og_title":"Combinador SINCLAIR modelo TN3214-R4 -","og_description":"Combinador SINCLAIR, 4 Canales, 430-470 MHz, 125 Watt, N Hembras.  Especificaciones El\u00e9ctricas   Rango de Frecuencia: 430-470 MHz.  N\u00famero de Canales: 4  VSWR de Entrada (m\u00e1x.): 1.25: 1  VSWR de Salida: 2: 1  Conectores: N-Hembras.  Potencia (por Canal): 125 Watt.  Separaci\u00f3n de Frecuencia (min): 0.1 MHz.  Aislamiento Tx a Tx: 60 dB. Aislamiento de Antena a Tx: 50 dB.","og_url":"https:\/\/tecplan.com.gt\/en\/product\/combinador-sinclair-modelo-tn3214-r4\/","article_modified_time":"2024-07-15T21:18:41+00:00","og_image":[{"width":400,"height":400,"url":"https:\/\/tecplan.com.gt\/wp-content\/uploads\/2024\/07\/TN3214R4-p.png","type":"image\/png"}],"twitter_card":"summary_large_image","schema":{"@context":"https:\/\/schema.org","@graph":[{"@type":"WebPage","@id":"https:\/\/tecplan.com.gt\/producto\/combinador-sinclair-modelo-tn3214-r4\/","url":"https:\/\/tecplan.com.gt\/producto\/combinador-sinclair-modelo-tn3214-r4\/","name":"Combinador SINCLAIR modelo TN3214-R4 -","isPartOf":{"@id":"https:\/\/tecplan.com.gt\/#website"},"primaryImageOfPage":{"@id":"https:\/\/tecplan.com.gt\/producto\/combinador-sinclair-modelo-tn3214-r4\/#primaryimage"},"image":{"@id":"https:\/\/tecplan.com.gt\/producto\/combinador-sinclair-modelo-tn3214-r4\/#primaryimage"},"thumbnailUrl":"\/wp-content\/uploads\/2024\/07\/TN3214R4-p.png","datePublished":"2024-07-15T21:04:51+00:00","dateModified":"2024-07-15T21:18:41+00:00","breadcrumb":{"@id":"https:\/\/tecplan.com.gt\/producto\/combinador-sinclair-modelo-tn3214-r4\/#breadcrumb"},"inLanguage":"en-US","potentialAction":[{"@type":"ReadAction","target":["https:\/\/tecplan.com.gt\/producto\/combinador-sinclair-modelo-tn3214-r4\/"]}]},{"@type":"ImageObject","inLanguage":"en-US","@id":"https:\/\/tecplan.com.gt\/producto\/combinador-sinclair-modelo-tn3214-r4\/#primaryimage","url":"\/wp-content\/uploads\/2024\/07\/TN3214R4-p.png","contentUrl":"\/wp-content\/uploads\/2024\/07\/TN3214R4-p.png","width":400,"height":400},{"@type":"BreadcrumbList","@id":"https:\/\/tecplan.com.gt\/producto\/combinador-sinclair-modelo-tn3214-r4\/#breadcrumb","itemListElement":[{"@type":"ListItem","position":1,"name":"Portada","item":"https:\/\/tecplan.com.gt\/"},{"@type":"ListItem","position":2,"name":"Productos","item":"https:\/\/tecplan.com.gt\/shop\/"},{"@type":"ListItem","position":3,"name":"Combinador SINCLAIR modelo TN3214-R4"}]},{"@type":"WebSite","@id":"https:\/\/tecplan.com.gt\/#website","url":"https:\/\/tecplan.com.gt\/","name":"Tecplan Argentina","description":"Tecnolog\u00edas y equipos de telecomunicaciones","publisher":{"@id":"https:\/\/tecplan.com.gt\/#organization"},"potentialAction":[{"@type":"SearchAction","target":{"@type":"EntryPoint","urlTemplate":"https:\/\/tecplan.com.gt\/?s={search_term_string}"},"query-input":{"@type":"PropertyValueSpecification","valueRequired":true,"valueName":"search_term_string"}}],"inLanguage":"en-US"},{"@type":"Organization","@id":"https:\/\/tecplan.com.gt\/#organization","name":"Tecplan Argentina","url":"https:\/\/tecplan.com.gt\/","logo":{"@type":"ImageObject","inLanguage":"en-US","@id":"https:\/\/tecplan.com.gt\/#\/schema\/logo\/image\/","url":"\/wp-content\/uploads\/2023\/03\/logo-tecplan.gif","contentUrl":"\/wp-content\/uploads\/2023\/03\/logo-tecplan.gif","width":1920,"height":486,"caption":"Tecplan Argentina"},"image":{"@id":"https:\/\/tecplan.com.gt\/#\/schema\/logo\/image\/"}}]}},"_links":{"self":[{"href":"https:\/\/tecplan.com.gt\/en\/wp-json\/wp\/v2\/product\/8491"}],"collection":[{"href":"https:\/\/tecplan.com.gt\/en\/wp-json\/wp\/v2\/product"}],"about":[{"href":"https:\/\/tecplan.com.gt\/en\/wp-json\/wp\/v2\/types\/product"}],"replies":[{"embeddable":true,"href":"https:\/\/tecplan.com.gt\/en\/wp-json\/wp\/v2\/comments?post=8491"}],"version-history":[{"count":8,"href":"https:\/\/tecplan.com.gt\/en\/wp-json\/wp\/v2\/product\/8491\/revisions"}],"predecessor-version":[{"id":8501,"href":"https:\/\/tecplan.com.gt\/en\/wp-json\/wp\/v2\/product\/8491\/revisions\/8501"}],"wp:featuredmedia":[{"embeddable":true,"href":"https:\/\/tecplan.com.gt\/en\/wp-json\/wp\/v2\/media\/8492"}],"wp:attachment":[{"href":"https:\/\/tecplan.com.gt\/en\/wp-json\/wp\/v2\/media?parent=8491"}],"wp:term":[{"taxonomy":"product_brand","embeddable":true,"href":"https:\/\/tecplan.com.gt\/en\/wp-json\/wp\/v2\/product_brand?post=8491"},{"taxonomy":"product_cat","embeddable":true,"href":"https:\/\/tecplan.com.gt\/en\/wp-json\/wp\/v2\/product_cat?post=8491"},{"taxonomy":"product_tag","embeddable":true,"href":"https:\/\/tecplan.com.gt\/en\/wp-json\/wp\/v2\/product_tag?post=8491"}],"curies":[{"name":"wp","href":"https:\/\/api.w.org\/{rel}","templated":true}]}}