{"id":8526,"date":"2024-07-15T15:44:53","date_gmt":"2024-07-15T21:44:53","guid":{"rendered":"https:\/\/tecplan.com.gt\/?post_type=product&#038;p=8526"},"modified":"2024-07-15T15:48:44","modified_gmt":"2024-07-15T21:48:44","slug":"multiacoplador-sinclair-modelo-rm301-204g11n","status":"publish","type":"product","link":"https:\/\/tecplan.com.gt\/en\/product\/multiacoplador-sinclair-modelo-rm301-204g11n\/","title":{"rendered":"SINCLAIR Multicoupler Model RM301-204G11N"},"content":{"rendered":"<div data-elementor-type=\"product-post\" data-elementor-id=\"8526\" class=\"elementor elementor-8526\" data-elementor-post-type=\"product\">\n\t\t\t\t<div class=\"elementor-element elementor-element-78e48a3b e-flex e-con-boxed e-con e-parent\" data-id=\"78e48a3b\" data-element_type=\"container\">\n\t\t\t\t\t<div class=\"e-con-inner\">\n\t\t\t\t<div class=\"elementor-element elementor-element-3a5b1ca8 elementor-widget elementor-widget-text-editor\" data-id=\"3a5b1ca8\" data-element_type=\"widget\" data-widget_type=\"text-editor.default\">\n\t\t\t\t<div class=\"elementor-widget-container\">\n\t\t\t\t\t\t\t\t\t4 Channel Multicoupler with Preselector, 440-470 MHz, 1 MHz Bandwidth, 115 Vac, N Female Connectors.\t\t\t\t\t\t\t\t<\/div>\n\t\t\t\t<\/div>\n\t\t\t\t<div class=\"elementor-element elementor-element-e5fd91c elementor-widget-divider--view-line elementor-widget elementor-widget-divider\" data-id=\"e5fd91c\" data-element_type=\"widget\" data-widget_type=\"divider.default\">\n\t\t\t\t<div class=\"elementor-widget-container\">\n\t\t\t\t\t\t\t<div class=\"elementor-divider\">\n\t\t\t<span class=\"elementor-divider-separator\">\n\t\t\t\t\t\t<\/span>\n\t\t<\/div>\n\t\t\t\t\t\t<\/div>\n\t\t\t\t<\/div>\n\t\t<div class=\"elementor-element elementor-element-89a533e e-con-full e-flex e-con e-child\" data-id=\"89a533e\" data-element_type=\"container\">\n\t\t<div class=\"elementor-element elementor-element-edbc5c2 e-con-full e-flex e-con e-child\" data-id=\"edbc5c2\" data-element_type=\"container\">\n\t\t\t\t<div class=\"elementor-element elementor-element-d2f0e56 elementor-widget__width-initial elementor-widget elementor-widget-text-editor\" data-id=\"d2f0e56\" data-element_type=\"widget\" data-widget_type=\"text-editor.default\">\n\t\t\t\t<div class=\"elementor-widget-container\">\n\t\t\t\t\t\t\t\t\t<p><strong>Download Technical Sheet<\/strong><\/p>\t\t\t\t\t\t\t\t<\/div>\n\t\t\t\t<\/div>\n\t\t\t\t<\/div>\n\t\t<div class=\"elementor-element elementor-element-fe93118 e-con-full e-flex e-con e-child\" data-id=\"fe93118\" data-element_type=\"container\">\n\t\t\t\t<\/div>\n\t\t<div class=\"elementor-element elementor-element-a1ef371 e-con-full e-flex e-con e-child\" data-id=\"a1ef371\" data-element_type=\"container\">\n\t\t\t\t<div class=\"elementor-element elementor-element-21adcef elementor-widget__width-initial elementor-widget elementor-widget-button\" data-id=\"21adcef\" data-element_type=\"widget\" data-widget_type=\"button.default\">\n\t\t\t\t<div class=\"elementor-widget-container\">\n\t\t\t\t\t\t\t\t\t<div class=\"elementor-button-wrapper\">\n\t\t\t\t\t<a class=\"elementor-button elementor-button-link elementor-size-sm\" href=\"https:\/\/drive.google.com\/file\/d\/1hwzO4J5K_GSdYwoga20HKHJYAc7ZMJuh\/view?usp=sharing\">\n\t\t\t\t\t\t<span class=\"elementor-button-content-wrapper\">\n\t\t\t\t\t\t\t\t\t<span class=\"elementor-button-text\">In Spanish<\/span>\n\t\t\t\t\t<\/span>\n\t\t\t\t\t<\/a>\n\t\t\t\t<\/div>\n\t\t\t\t\t\t\t\t<\/div>\n\t\t\t\t<\/div>\n\t\t\t\t<\/div>\n\t\t<div class=\"elementor-element elementor-element-7dc561f e-con-full e-flex e-con e-child\" data-id=\"7dc561f\" data-element_type=\"container\">\n\t\t\t\t<div class=\"elementor-element elementor-element-8554b9b elementor-widget__width-initial elementor-widget elementor-widget-button\" data-id=\"8554b9b\" data-element_type=\"widget\" data-widget_type=\"button.default\">\n\t\t\t\t<div class=\"elementor-widget-container\">\n\t\t\t\t\t\t\t\t\t<div class=\"elementor-button-wrapper\">\n\t\t\t\t\t<a class=\"elementor-button elementor-button-link elementor-size-sm\" href=\"https:\/\/drive.google.com\/file\/d\/1UMVEPUC7yuJL7J29Qti6uN4QE33dnzQT\/view?usp=sharing\">\n\t\t\t\t\t\t<span class=\"elementor-button-content-wrapper\">\n\t\t\t\t\t\t\t\t\t<span class=\"elementor-button-text\">In English<\/span>\n\t\t\t\t\t<\/span>\n\t\t\t\t\t<\/a>\n\t\t\t\t<\/div>\n\t\t\t\t\t\t\t\t<\/div>\n\t\t\t\t<\/div>\n\t\t\t\t<\/div>\n\t\t\t\t<\/div>\n\t\t\t\t\t<\/div>\n\t\t\t\t<\/div>\n\t\t\t\t<\/div>","protected":false},"excerpt":{"rendered":"<p><strong><br \/> 4 Channel Preselector Multicoupler, 440-470 MHz, 1MHz.<\/strong><\/br> <\/p>\n<p>Electrical Specifications<\/p>\n<ul>\n<li>Frequency Range: 440-470 MHz.<\/li>\n<li>Number of Channels: 4<\/li>\n<li>bandwidth: 1 MHz.<\/li>\n<li>System Gain: 2 dB.<\/li>\n<li>Connectors (Ant.\/Outputs): N Female.<\/li>\n<li>Input\/Output VSWR (max): 1.5:1<\/li>\n<li>impedance: 50 Ohm.<\/li>\n<li>Power Consumption (Typical): 4 Watt.<\/li>\n<li>Compression Point at 1 dB: 24 dB.<\/li>\n<li>Rx-Rx isolation: 20 dB.<\/li>\n<li>Supply Voltage: 115-220 Vac.<\/li>\n<\/ul>","protected":false},"featured_media":8527,"comment_status":"open","ping_status":"closed","template":"","meta":{"site-sidebar-layout":"default","site-content-layout":"","ast-site-content-layout":"default","site-content-style":"default","site-sidebar-style":"default","ast-global-header-display":"","ast-banner-title-visibility":"","ast-main-header-display":"","ast-hfb-above-header-display":"","ast-hfb-below-header-display":"","ast-hfb-mobile-header-display":"","site-post-title":"","ast-breadcrumbs-content":"","ast-featured-img":"","footer-sml-layout":"","theme-transparent-header-meta":"default","adv-header-id-meta":"","stick-header-meta":"","header-above-stick-meta":"","header-main-stick-meta":"","header-below-stick-meta":"","astra-migrate-meta-layouts":"set","ast-page-background-enabled":"default","ast-page-background-meta":{"desktop":{"background-color":"var(--ast-global-color-4)","background-image":"","background-repeat":"repeat","background-position":"center center","background-size":"auto","background-attachment":"scroll","background-type":"","background-media":"","overlay-type":"","overlay-color":"","overlay-opacity":"","overlay-gradient":""},"tablet":{"background-color":"","background-image":"","background-repeat":"repeat","background-position":"center center","background-size":"auto","background-attachment":"scroll","background-type":"","background-media":"","overlay-type":"","overlay-color":"","overlay-opacity":"","overlay-gradient":""},"mobile":{"background-color":"","background-image":"","background-repeat":"repeat","background-position":"center center","background-size":"auto","background-attachment":"scroll","background-type":"","background-media":"","overlay-type":"","overlay-color":"","overlay-opacity":"","overlay-gradient":""}},"ast-content-background-meta":{"desktop":{"background-color":"var(--ast-global-color-5)","background-image":"","background-repeat":"repeat","background-position":"center center","background-size":"auto","background-attachment":"scroll","background-type":"","background-media":"","overlay-type":"","overlay-color":"","overlay-opacity":"","overlay-gradient":""},"tablet":{"background-color":"var(--ast-global-color-5)","background-image":"","background-repeat":"repeat","background-position":"center center","background-size":"auto","background-attachment":"scroll","background-type":"","background-media":"","overlay-type":"","overlay-color":"","overlay-opacity":"","overlay-gradient":""},"mobile":{"background-color":"var(--ast-global-color-5)","background-image":"","background-repeat":"repeat","background-position":"center center","background-size":"auto","background-attachment":"scroll","background-type":"","background-media":"","overlay-type":"","overlay-color":"","overlay-opacity":"","overlay-gradient":""}}},"product_brand":[],"product_cat":[83,31,104],"product_tag":[102],"class_list":{"0":"post-8526","1":"product","2":"type-product","3":"status-publish","4":"has-post-thumbnail","6":"product_cat-radio-comuniacion","7":"product_cat-radiocomunicacion","8":"product_cat-sinclair","9":"product_tag-sinclair","10":"desktop-align-left","11":"tablet-align-left","12":"mobile-align-left","14":"first","15":"instock","16":"shipping-taxable","17":"product-type-simple"},"yoast_head":"<!-- This site is optimized with the Yoast SEO plugin v24.6 - https:\/\/yoast.com\/wordpress\/plugins\/seo\/ -->\n<title>Multiacoplador SINCLAIR modelo RM301-204G11N -<\/title>\n<meta name=\"robots\" content=\"index, follow, max-snippet:-1, max-image-preview:large, max-video-preview:-1\" \/>\n<link rel=\"canonical\" href=\"https:\/\/tecplan.com.gt\/en\/product\/multiacoplador-sinclair-modelo-rm301-204g11n\/\" \/>\n<meta property=\"og:locale\" content=\"en_US\" \/>\n<meta property=\"og:type\" content=\"article\" \/>\n<meta property=\"og:title\" content=\"Multiacoplador SINCLAIR modelo RM301-204G11N -\" \/>\n<meta property=\"og:description\" content=\"Multiacoplador con Preselector de 4 Canales, 440-470 MHz, 1MHz.   Especificaciones El\u00e9ctricas   Rango de Frecuencia: 440-470 MHz.  N\u00famero de Canales: 4  Ancho de Banda: 1 MHz.  Ganancia del Sistema: 2 dB.  Conectores (Ant.\/Salidas): N Hembras.  VSWR de Entrada \/ Salids (m\u00e1x.): 1.5: 1  Impedancia: 50 Ohm.  Consumo de Potencia (T\u00edpica): 4 Watt.  Punto de Compresi\u00f3n a 1 dB: 24 dB.  Aislamiento de Rx-Rx: 20 dB.  Voltaje de Alimentaci\u00f3n: 115-220 Vca.\" \/>\n<meta property=\"og:url\" content=\"https:\/\/tecplan.com.gt\/en\/product\/multiacoplador-sinclair-modelo-rm301-204g11n\/\" \/>\n<meta property=\"article:modified_time\" content=\"2024-07-15T21:48:44+00:00\" \/>\n<meta property=\"og:image\" content=\"https:\/\/tecplan.com.gt\/wp-content\/uploads\/2024\/07\/RM301204G11N-p.png\" \/>\n\t<meta property=\"og:image:width\" content=\"400\" \/>\n\t<meta property=\"og:image:height\" content=\"400\" \/>\n\t<meta property=\"og:image:type\" content=\"image\/png\" \/>\n<meta name=\"twitter:card\" content=\"summary_large_image\" \/>\n<script type=\"application\/ld+json\" class=\"yoast-schema-graph\">{\"@context\":\"https:\/\/schema.org\",\"@graph\":[{\"@type\":\"WebPage\",\"@id\":\"https:\/\/tecplan.com.gt\/producto\/multiacoplador-sinclair-modelo-rm301-204g11n\/\",\"url\":\"https:\/\/tecplan.com.gt\/producto\/multiacoplador-sinclair-modelo-rm301-204g11n\/\",\"name\":\"Multiacoplador SINCLAIR modelo RM301-204G11N -\",\"isPartOf\":{\"@id\":\"https:\/\/tecplan.com.gt\/#website\"},\"primaryImageOfPage\":{\"@id\":\"https:\/\/tecplan.com.gt\/producto\/multiacoplador-sinclair-modelo-rm301-204g11n\/#primaryimage\"},\"image\":{\"@id\":\"https:\/\/tecplan.com.gt\/producto\/multiacoplador-sinclair-modelo-rm301-204g11n\/#primaryimage\"},\"thumbnailUrl\":\"\/wp-content\/uploads\/2024\/07\/RM301204G11N-p.png\",\"datePublished\":\"2024-07-15T21:44:53+00:00\",\"dateModified\":\"2024-07-15T21:48:44+00:00\",\"breadcrumb\":{\"@id\":\"https:\/\/tecplan.com.gt\/producto\/multiacoplador-sinclair-modelo-rm301-204g11n\/#breadcrumb\"},\"inLanguage\":\"en-US\",\"potentialAction\":[{\"@type\":\"ReadAction\",\"target\":[\"https:\/\/tecplan.com.gt\/producto\/multiacoplador-sinclair-modelo-rm301-204g11n\/\"]}]},{\"@type\":\"ImageObject\",\"inLanguage\":\"en-US\",\"@id\":\"https:\/\/tecplan.com.gt\/producto\/multiacoplador-sinclair-modelo-rm301-204g11n\/#primaryimage\",\"url\":\"\/wp-content\/uploads\/2024\/07\/RM301204G11N-p.png\",\"contentUrl\":\"\/wp-content\/uploads\/2024\/07\/RM301204G11N-p.png\",\"width\":400,\"height\":400},{\"@type\":\"BreadcrumbList\",\"@id\":\"https:\/\/tecplan.com.gt\/producto\/multiacoplador-sinclair-modelo-rm301-204g11n\/#breadcrumb\",\"itemListElement\":[{\"@type\":\"ListItem\",\"position\":1,\"name\":\"Portada\",\"item\":\"https:\/\/tecplan.com.gt\/\"},{\"@type\":\"ListItem\",\"position\":2,\"name\":\"Productos\",\"item\":\"https:\/\/tecplan.com.gt\/shop\/\"},{\"@type\":\"ListItem\",\"position\":3,\"name\":\"Multiacoplador SINCLAIR modelo RM301-204G11N\"}]},{\"@type\":\"WebSite\",\"@id\":\"https:\/\/tecplan.com.gt\/#website\",\"url\":\"https:\/\/tecplan.com.gt\/\",\"name\":\"Tecplan Argentina\",\"description\":\"Tecnolog\u00edas y equipos de telecomunicaciones\",\"publisher\":{\"@id\":\"https:\/\/tecplan.com.gt\/#organization\"},\"potentialAction\":[{\"@type\":\"SearchAction\",\"target\":{\"@type\":\"EntryPoint\",\"urlTemplate\":\"https:\/\/tecplan.com.gt\/?s={search_term_string}\"},\"query-input\":{\"@type\":\"PropertyValueSpecification\",\"valueRequired\":true,\"valueName\":\"search_term_string\"}}],\"inLanguage\":\"en-US\"},{\"@type\":\"Organization\",\"@id\":\"https:\/\/tecplan.com.gt\/#organization\",\"name\":\"Tecplan Argentina\",\"url\":\"https:\/\/tecplan.com.gt\/\",\"logo\":{\"@type\":\"ImageObject\",\"inLanguage\":\"en-US\",\"@id\":\"https:\/\/tecplan.com.gt\/#\/schema\/logo\/image\/\",\"url\":\"\/wp-content\/uploads\/2023\/03\/logo-tecplan.gif\",\"contentUrl\":\"\/wp-content\/uploads\/2023\/03\/logo-tecplan.gif\",\"width\":1920,\"height\":486,\"caption\":\"Tecplan Argentina\"},\"image\":{\"@id\":\"https:\/\/tecplan.com.gt\/#\/schema\/logo\/image\/\"}}]}<\/script>\n<!-- \/ Yoast SEO plugin. -->","yoast_head_json":{"title":"Multiacoplador SINCLAIR modelo RM301-204G11N -","robots":{"index":"index","follow":"follow","max-snippet":"max-snippet:-1","max-image-preview":"max-image-preview:large","max-video-preview":"max-video-preview:-1"},"canonical":"https:\/\/tecplan.com.gt\/en\/product\/multiacoplador-sinclair-modelo-rm301-204g11n\/","og_locale":"en_US","og_type":"article","og_title":"Multiacoplador SINCLAIR modelo RM301-204G11N -","og_description":"Multiacoplador con Preselector de 4 Canales, 440-470 MHz, 1MHz.   Especificaciones El\u00e9ctricas   Rango de Frecuencia: 440-470 MHz.  N\u00famero de Canales: 4  Ancho de Banda: 1 MHz.  Ganancia del Sistema: 2 dB.  Conectores (Ant.\/Salidas): N Hembras.  VSWR de Entrada \/ Salids (m\u00e1x.): 1.5: 1  Impedancia: 50 Ohm.  Consumo de Potencia (T\u00edpica): 4 Watt.  Punto de Compresi\u00f3n a 1 dB: 24 dB.  Aislamiento de Rx-Rx: 20 dB.  Voltaje de Alimentaci\u00f3n: 115-220 Vca.","og_url":"https:\/\/tecplan.com.gt\/en\/product\/multiacoplador-sinclair-modelo-rm301-204g11n\/","article_modified_time":"2024-07-15T21:48:44+00:00","og_image":[{"width":400,"height":400,"url":"https:\/\/tecplan.com.gt\/wp-content\/uploads\/2024\/07\/RM301204G11N-p.png","type":"image\/png"}],"twitter_card":"summary_large_image","schema":{"@context":"https:\/\/schema.org","@graph":[{"@type":"WebPage","@id":"https:\/\/tecplan.com.gt\/producto\/multiacoplador-sinclair-modelo-rm301-204g11n\/","url":"https:\/\/tecplan.com.gt\/producto\/multiacoplador-sinclair-modelo-rm301-204g11n\/","name":"Multiacoplador SINCLAIR modelo RM301-204G11N -","isPartOf":{"@id":"https:\/\/tecplan.com.gt\/#website"},"primaryImageOfPage":{"@id":"https:\/\/tecplan.com.gt\/producto\/multiacoplador-sinclair-modelo-rm301-204g11n\/#primaryimage"},"image":{"@id":"https:\/\/tecplan.com.gt\/producto\/multiacoplador-sinclair-modelo-rm301-204g11n\/#primaryimage"},"thumbnailUrl":"\/wp-content\/uploads\/2024\/07\/RM301204G11N-p.png","datePublished":"2024-07-15T21:44:53+00:00","dateModified":"2024-07-15T21:48:44+00:00","breadcrumb":{"@id":"https:\/\/tecplan.com.gt\/producto\/multiacoplador-sinclair-modelo-rm301-204g11n\/#breadcrumb"},"inLanguage":"en-US","potentialAction":[{"@type":"ReadAction","target":["https:\/\/tecplan.com.gt\/producto\/multiacoplador-sinclair-modelo-rm301-204g11n\/"]}]},{"@type":"ImageObject","inLanguage":"en-US","@id":"https:\/\/tecplan.com.gt\/producto\/multiacoplador-sinclair-modelo-rm301-204g11n\/#primaryimage","url":"\/wp-content\/uploads\/2024\/07\/RM301204G11N-p.png","contentUrl":"\/wp-content\/uploads\/2024\/07\/RM301204G11N-p.png","width":400,"height":400},{"@type":"BreadcrumbList","@id":"https:\/\/tecplan.com.gt\/producto\/multiacoplador-sinclair-modelo-rm301-204g11n\/#breadcrumb","itemListElement":[{"@type":"ListItem","position":1,"name":"Portada","item":"https:\/\/tecplan.com.gt\/"},{"@type":"ListItem","position":2,"name":"Productos","item":"https:\/\/tecplan.com.gt\/shop\/"},{"@type":"ListItem","position":3,"name":"Multiacoplador SINCLAIR modelo RM301-204G11N"}]},{"@type":"WebSite","@id":"https:\/\/tecplan.com.gt\/#website","url":"https:\/\/tecplan.com.gt\/","name":"Tecplan Argentina","description":"Tecnolog\u00edas y equipos de telecomunicaciones","publisher":{"@id":"https:\/\/tecplan.com.gt\/#organization"},"potentialAction":[{"@type":"SearchAction","target":{"@type":"EntryPoint","urlTemplate":"https:\/\/tecplan.com.gt\/?s={search_term_string}"},"query-input":{"@type":"PropertyValueSpecification","valueRequired":true,"valueName":"search_term_string"}}],"inLanguage":"en-US"},{"@type":"Organization","@id":"https:\/\/tecplan.com.gt\/#organization","name":"Tecplan Argentina","url":"https:\/\/tecplan.com.gt\/","logo":{"@type":"ImageObject","inLanguage":"en-US","@id":"https:\/\/tecplan.com.gt\/#\/schema\/logo\/image\/","url":"\/wp-content\/uploads\/2023\/03\/logo-tecplan.gif","contentUrl":"\/wp-content\/uploads\/2023\/03\/logo-tecplan.gif","width":1920,"height":486,"caption":"Tecplan Argentina"},"image":{"@id":"https:\/\/tecplan.com.gt\/#\/schema\/logo\/image\/"}}]}},"_links":{"self":[{"href":"https:\/\/tecplan.com.gt\/en\/wp-json\/wp\/v2\/product\/8526"}],"collection":[{"href":"https:\/\/tecplan.com.gt\/en\/wp-json\/wp\/v2\/product"}],"about":[{"href":"https:\/\/tecplan.com.gt\/en\/wp-json\/wp\/v2\/types\/product"}],"replies":[{"embeddable":true,"href":"https:\/\/tecplan.com.gt\/en\/wp-json\/wp\/v2\/comments?post=8526"}],"version-history":[{"count":4,"href":"https:\/\/tecplan.com.gt\/en\/wp-json\/wp\/v2\/product\/8526\/revisions"}],"predecessor-version":[{"id":8532,"href":"https:\/\/tecplan.com.gt\/en\/wp-json\/wp\/v2\/product\/8526\/revisions\/8532"}],"wp:featuredmedia":[{"embeddable":true,"href":"https:\/\/tecplan.com.gt\/en\/wp-json\/wp\/v2\/media\/8527"}],"wp:attachment":[{"href":"https:\/\/tecplan.com.gt\/en\/wp-json\/wp\/v2\/media?parent=8526"}],"wp:term":[{"taxonomy":"product_brand","embeddable":true,"href":"https:\/\/tecplan.com.gt\/en\/wp-json\/wp\/v2\/product_brand?post=8526"},{"taxonomy":"product_cat","embeddable":true,"href":"https:\/\/tecplan.com.gt\/en\/wp-json\/wp\/v2\/product_cat?post=8526"},{"taxonomy":"product_tag","embeddable":true,"href":"https:\/\/tecplan.com.gt\/en\/wp-json\/wp\/v2\/product_tag?post=8526"}],"curies":[{"name":"wp","href":"https:\/\/api.w.org\/{rel}","templated":true}]}}