{"id":8533,"date":"2024-07-15T16:01:35","date_gmt":"2024-07-15T22:01:35","guid":{"rendered":"https:\/\/tecplan.com.gt\/?post_type=product&#038;p=8533"},"modified":"2024-07-15T16:13:01","modified_gmt":"2024-07-15T22:13:01","slug":"filtro-sinclair-modelo-fp20107-3","status":"publish","type":"product","link":"https:\/\/tecplan.com.gt\/en\/product\/filtro-sinclair-modelo-fp20107-3\/","title":{"rendered":"SINCLAIR filter model FP20107-3"},"content":{"rendered":"<div data-elementor-type=\"product-post\" data-elementor-id=\"8533\" class=\"elementor elementor-8533\" data-elementor-post-type=\"product\">\n\t\t\t\t<div class=\"elementor-element elementor-element-2b598727 e-flex e-con-boxed e-con e-parent\" data-id=\"2b598727\" data-element_type=\"container\">\n\t\t\t\t\t<div class=\"e-con-inner\">\n\t\t\t\t<div class=\"elementor-element elementor-element-6720dbc6 elementor-widget elementor-widget-text-editor\" data-id=\"6720dbc6\" data-element_type=\"widget\" data-widget_type=\"text-editor.default\">\n\t\t\t\t<div class=\"elementor-widget-container\">\n\t\t\t\t\t\t\t\t\tBand Pass Cavity Filter for 148-174 MHz, Maximum Average Power of 400 Watt, N Females.\t\t\t\t\t\t\t\t<\/div>\n\t\t\t\t<\/div>\n\t\t\t\t<div class=\"elementor-element elementor-element-b524ab8 elementor-widget elementor-widget-text-editor\" data-id=\"b524ab8\" data-element_type=\"widget\" data-widget_type=\"text-editor.default\">\n\t\t\t\t<div class=\"elementor-widget-container\">\n\t\t\t\t\t\t\t\t\t\n<p style=\"text-align: justify;\"> Sinclair FP20107-3 Series filters are the ultimate in antenna systems. These filters pass a band of frequencies while attenuating frequencies on both sides of the desired frequency band. The amount of attenuation (selectivity) can be extended by increasing the insertion loss or by using multiple cavities in series. Sinclair has carefully tailored the FP20107-3 Series filter for a variety of applications in the VHF range.<\/p>\t\t\t\t\t\t\t\t<\/div>\n\t\t\t\t<\/div>\n\t\t\t\t<div class=\"elementor-element elementor-element-2524dc3 elementor-widget-divider--view-line elementor-widget elementor-widget-divider\" data-id=\"2524dc3\" data-element_type=\"widget\" data-widget_type=\"divider.default\">\n\t\t\t\t<div class=\"elementor-widget-container\">\n\t\t\t\t\t\t\t<div class=\"elementor-divider\">\n\t\t\t<span class=\"elementor-divider-separator\">\n\t\t\t\t\t\t<\/span>\n\t\t<\/div>\n\t\t\t\t\t\t<\/div>\n\t\t\t\t<\/div>\n\t\t<div class=\"elementor-element elementor-element-4e0c610 e-con-full e-flex e-con e-child\" data-id=\"4e0c610\" data-element_type=\"container\">\n\t\t<div class=\"elementor-element elementor-element-939bca7 e-con-full e-flex e-con e-child\" data-id=\"939bca7\" data-element_type=\"container\">\n\t\t\t\t<div class=\"elementor-element elementor-element-de6dd60 elementor-widget__width-initial elementor-widget elementor-widget-text-editor\" data-id=\"de6dd60\" data-element_type=\"widget\" data-widget_type=\"text-editor.default\">\n\t\t\t\t<div class=\"elementor-widget-container\">\n\t\t\t\t\t\t\t\t\t<p><strong>Download Technical Sheet<\/strong><\/p>\t\t\t\t\t\t\t\t<\/div>\n\t\t\t\t<\/div>\n\t\t\t\t<\/div>\n\t\t<div class=\"elementor-element elementor-element-1814eaa e-con-full e-flex e-con e-child\" data-id=\"1814eaa\" data-element_type=\"container\">\n\t\t\t\t<\/div>\n\t\t<div class=\"elementor-element elementor-element-b0e264e e-con-full e-flex e-con e-child\" data-id=\"b0e264e\" data-element_type=\"container\">\n\t\t\t\t<div class=\"elementor-element elementor-element-6aac398 elementor-widget__width-initial elementor-widget elementor-widget-button\" data-id=\"6aac398\" data-element_type=\"widget\" data-widget_type=\"button.default\">\n\t\t\t\t<div class=\"elementor-widget-container\">\n\t\t\t\t\t\t\t\t\t<div class=\"elementor-button-wrapper\">\n\t\t\t\t\t<a class=\"elementor-button elementor-button-link elementor-size-sm\" href=\"https:\/\/drive.google.com\/file\/d\/1FnWwQTtBmSVdxLi7InbOtxT_eSxBD_F9\/view?usp=sharing\">\n\t\t\t\t\t\t<span class=\"elementor-button-content-wrapper\">\n\t\t\t\t\t\t\t\t\t<span class=\"elementor-button-text\">In Spanish<\/span>\n\t\t\t\t\t<\/span>\n\t\t\t\t\t<\/a>\n\t\t\t\t<\/div>\n\t\t\t\t\t\t\t\t<\/div>\n\t\t\t\t<\/div>\n\t\t\t\t<\/div>\n\t\t<div class=\"elementor-element elementor-element-9950fa8 e-con-full e-flex e-con e-child\" data-id=\"9950fa8\" data-element_type=\"container\">\n\t\t\t\t<div class=\"elementor-element elementor-element-c570ba6 elementor-widget__width-initial elementor-widget elementor-widget-button\" data-id=\"c570ba6\" data-element_type=\"widget\" data-widget_type=\"button.default\">\n\t\t\t\t<div class=\"elementor-widget-container\">\n\t\t\t\t\t\t\t\t\t<div class=\"elementor-button-wrapper\">\n\t\t\t\t\t<a class=\"elementor-button elementor-button-link elementor-size-sm\" href=\"https:\/\/drive.google.com\/file\/d\/177rsGI-8B8WcvRgzNWaoh-1ZaE7XiMFQ\/view?usp=sharing\">\n\t\t\t\t\t\t<span class=\"elementor-button-content-wrapper\">\n\t\t\t\t\t\t\t\t\t<span class=\"elementor-button-text\">In English<\/span>\n\t\t\t\t\t<\/span>\n\t\t\t\t\t<\/a>\n\t\t\t\t<\/div>\n\t\t\t\t\t\t\t\t<\/div>\n\t\t\t\t<\/div>\n\t\t\t\t<\/div>\n\t\t\t\t<\/div>\n\t\t\t\t\t<\/div>\n\t\t\t\t<\/div>\n\t\t\t\t<\/div>","protected":false},"excerpt":{"rendered":"<p><strong><br \/>\n148-174 MHz Band-Pass Cavity, 400 Watts Maximum Average Power.<\/strong><\/p>\n<p>characteristics:<\/p>\n<ul>\n<li>1\/4 wave band pass filters.<\/li>\n<li>Reduces interference, intermodulation and desensitization.<\/li>\n<li>Eliminates spurious radiation.<\/li>\n<li>Silver plated copper\/bronze inner conductors to limit corrosion and improve performance.<\/li>\n<li>connectors: N Female.<\/li>\n<\/ul>","protected":false},"featured_media":8534,"comment_status":"open","ping_status":"closed","template":"","meta":{"site-sidebar-layout":"default","site-content-layout":"","ast-site-content-layout":"default","site-content-style":"default","site-sidebar-style":"default","ast-global-header-display":"","ast-banner-title-visibility":"","ast-main-header-display":"","ast-hfb-above-header-display":"","ast-hfb-below-header-display":"","ast-hfb-mobile-header-display":"","site-post-title":"","ast-breadcrumbs-content":"","ast-featured-img":"","footer-sml-layout":"","theme-transparent-header-meta":"default","adv-header-id-meta":"","stick-header-meta":"","header-above-stick-meta":"","header-main-stick-meta":"","header-below-stick-meta":"","astra-migrate-meta-layouts":"set","ast-page-background-enabled":"default","ast-page-background-meta":{"desktop":{"background-color":"var(--ast-global-color-4)","background-image":"","background-repeat":"repeat","background-position":"center center","background-size":"auto","background-attachment":"scroll","background-type":"","background-media":"","overlay-type":"","overlay-color":"","overlay-opacity":"","overlay-gradient":""},"tablet":{"background-color":"","background-image":"","background-repeat":"repeat","background-position":"center center","background-size":"auto","background-attachment":"scroll","background-type":"","background-media":"","overlay-type":"","overlay-color":"","overlay-opacity":"","overlay-gradient":""},"mobile":{"background-color":"","background-image":"","background-repeat":"repeat","background-position":"center center","background-size":"auto","background-attachment":"scroll","background-type":"","background-media":"","overlay-type":"","overlay-color":"","overlay-opacity":"","overlay-gradient":""}},"ast-content-background-meta":{"desktop":{"background-color":"var(--ast-global-color-5)","background-image":"","background-repeat":"repeat","background-position":"center center","background-size":"auto","background-attachment":"scroll","background-type":"","background-media":"","overlay-type":"","overlay-color":"","overlay-opacity":"","overlay-gradient":""},"tablet":{"background-color":"var(--ast-global-color-5)","background-image":"","background-repeat":"repeat","background-position":"center center","background-size":"auto","background-attachment":"scroll","background-type":"","background-media":"","overlay-type":"","overlay-color":"","overlay-opacity":"","overlay-gradient":""},"mobile":{"background-color":"var(--ast-global-color-5)","background-image":"","background-repeat":"repeat","background-position":"center center","background-size":"auto","background-attachment":"scroll","background-type":"","background-media":"","overlay-type":"","overlay-color":"","overlay-opacity":"","overlay-gradient":""}}},"product_brand":[],"product_cat":[83,31,104],"product_tag":[102],"class_list":{"0":"post-8533","1":"product","2":"type-product","3":"status-publish","4":"has-post-thumbnail","6":"product_cat-radio-comuniacion","7":"product_cat-radiocomunicacion","8":"product_cat-sinclair","9":"product_tag-sinclair","10":"desktop-align-left","11":"tablet-align-left","12":"mobile-align-left","14":"first","15":"instock","16":"shipping-taxable","17":"product-type-simple"},"yoast_head":"<!-- This site is optimized with the Yoast SEO plugin v24.6 - https:\/\/yoast.com\/wordpress\/plugins\/seo\/ -->\n<title>Filtro SINCLAIR modelo FP20107-3 -<\/title>\n<meta name=\"robots\" content=\"index, follow, max-snippet:-1, max-image-preview:large, max-video-preview:-1\" \/>\n<link rel=\"canonical\" href=\"https:\/\/tecplan.com.gt\/en\/product\/filtro-sinclair-modelo-fp20107-3\/\" \/>\n<meta property=\"og:locale\" content=\"en_US\" \/>\n<meta property=\"og:type\" content=\"article\" \/>\n<meta property=\"og:title\" content=\"Filtro SINCLAIR modelo FP20107-3 -\" \/>\n<meta property=\"og:description\" content=\"Cavidad Pasa-Banda de 148-174 MHz, Potencia Promedio M\u00e1xima de 400 Watts.  Caracter\u00edsticas:   Filtros pasa Banda de 1\/4 de onda.  Reduce interferencias, intermodulaci\u00f3n y desensibilizaci\u00f3n.  Elimina la radiaci\u00f3n de espurias.  Conductores internos de cobre\/bronce con ba\u00f1o de plata para limitar la corrosi\u00f3n y mejorar el desempe\u00f1o.  Conectores: N Hembra.\" \/>\n<meta property=\"og:url\" content=\"https:\/\/tecplan.com.gt\/en\/product\/filtro-sinclair-modelo-fp20107-3\/\" \/>\n<meta property=\"article:modified_time\" content=\"2024-07-15T22:13:01+00:00\" \/>\n<meta property=\"og:image\" content=\"https:\/\/tecplan.com.gt\/wp-content\/uploads\/2024\/07\/9019572det-e1721081389735.jpg\" \/>\n\t<meta property=\"og:image:width\" content=\"342\" \/>\n\t<meta property=\"og:image:height\" content=\"339\" \/>\n\t<meta property=\"og:image:type\" content=\"image\/jpeg\" \/>\n<meta name=\"twitter:card\" content=\"summary_large_image\" \/>\n<script type=\"application\/ld+json\" class=\"yoast-schema-graph\">{\"@context\":\"https:\/\/schema.org\",\"@graph\":[{\"@type\":\"WebPage\",\"@id\":\"https:\/\/tecplan.com.gt\/producto\/filtro-sinclair-modelo-fp20107-3\/\",\"url\":\"https:\/\/tecplan.com.gt\/producto\/filtro-sinclair-modelo-fp20107-3\/\",\"name\":\"Filtro SINCLAIR modelo FP20107-3 -\",\"isPartOf\":{\"@id\":\"https:\/\/tecplan.com.gt\/#website\"},\"primaryImageOfPage\":{\"@id\":\"https:\/\/tecplan.com.gt\/producto\/filtro-sinclair-modelo-fp20107-3\/#primaryimage\"},\"image\":{\"@id\":\"https:\/\/tecplan.com.gt\/producto\/filtro-sinclair-modelo-fp20107-3\/#primaryimage\"},\"thumbnailUrl\":\"\/wp-content\/uploads\/2024\/07\/9019572det-e1721081389735.jpg\",\"datePublished\":\"2024-07-15T22:01:35+00:00\",\"dateModified\":\"2024-07-15T22:13:01+00:00\",\"breadcrumb\":{\"@id\":\"https:\/\/tecplan.com.gt\/producto\/filtro-sinclair-modelo-fp20107-3\/#breadcrumb\"},\"inLanguage\":\"en-US\",\"potentialAction\":[{\"@type\":\"ReadAction\",\"target\":[\"https:\/\/tecplan.com.gt\/producto\/filtro-sinclair-modelo-fp20107-3\/\"]}]},{\"@type\":\"ImageObject\",\"inLanguage\":\"en-US\",\"@id\":\"https:\/\/tecplan.com.gt\/producto\/filtro-sinclair-modelo-fp20107-3\/#primaryimage\",\"url\":\"\/wp-content\/uploads\/2024\/07\/9019572det-e1721081389735.jpg\",\"contentUrl\":\"\/wp-content\/uploads\/2024\/07\/9019572det-e1721081389735.jpg\",\"width\":342,\"height\":339},{\"@type\":\"BreadcrumbList\",\"@id\":\"https:\/\/tecplan.com.gt\/producto\/filtro-sinclair-modelo-fp20107-3\/#breadcrumb\",\"itemListElement\":[{\"@type\":\"ListItem\",\"position\":1,\"name\":\"Portada\",\"item\":\"https:\/\/tecplan.com.gt\/\"},{\"@type\":\"ListItem\",\"position\":2,\"name\":\"Productos\",\"item\":\"https:\/\/tecplan.com.gt\/shop\/\"},{\"@type\":\"ListItem\",\"position\":3,\"name\":\"Filtro SINCLAIR modelo FP20107-3\"}]},{\"@type\":\"WebSite\",\"@id\":\"https:\/\/tecplan.com.gt\/#website\",\"url\":\"https:\/\/tecplan.com.gt\/\",\"name\":\"Tecplan Argentina\",\"description\":\"Tecnolog\u00edas y equipos de telecomunicaciones\",\"publisher\":{\"@id\":\"https:\/\/tecplan.com.gt\/#organization\"},\"potentialAction\":[{\"@type\":\"SearchAction\",\"target\":{\"@type\":\"EntryPoint\",\"urlTemplate\":\"https:\/\/tecplan.com.gt\/?s={search_term_string}\"},\"query-input\":{\"@type\":\"PropertyValueSpecification\",\"valueRequired\":true,\"valueName\":\"search_term_string\"}}],\"inLanguage\":\"en-US\"},{\"@type\":\"Organization\",\"@id\":\"https:\/\/tecplan.com.gt\/#organization\",\"name\":\"Tecplan Argentina\",\"url\":\"https:\/\/tecplan.com.gt\/\",\"logo\":{\"@type\":\"ImageObject\",\"inLanguage\":\"en-US\",\"@id\":\"https:\/\/tecplan.com.gt\/#\/schema\/logo\/image\/\",\"url\":\"\/wp-content\/uploads\/2023\/03\/logo-tecplan.gif\",\"contentUrl\":\"\/wp-content\/uploads\/2023\/03\/logo-tecplan.gif\",\"width\":1920,\"height\":486,\"caption\":\"Tecplan Argentina\"},\"image\":{\"@id\":\"https:\/\/tecplan.com.gt\/#\/schema\/logo\/image\/\"}}]}<\/script>\n<!-- \/ Yoast SEO plugin. -->","yoast_head_json":{"title":"Filtro SINCLAIR modelo FP20107-3 -","robots":{"index":"index","follow":"follow","max-snippet":"max-snippet:-1","max-image-preview":"max-image-preview:large","max-video-preview":"max-video-preview:-1"},"canonical":"https:\/\/tecplan.com.gt\/en\/product\/filtro-sinclair-modelo-fp20107-3\/","og_locale":"en_US","og_type":"article","og_title":"Filtro SINCLAIR modelo FP20107-3 -","og_description":"Cavidad Pasa-Banda de 148-174 MHz, Potencia Promedio M\u00e1xima de 400 Watts.  Caracter\u00edsticas:   Filtros pasa Banda de 1\/4 de onda.  Reduce interferencias, intermodulaci\u00f3n y desensibilizaci\u00f3n.  Elimina la radiaci\u00f3n de espurias.  Conductores internos de cobre\/bronce con ba\u00f1o de plata para limitar la corrosi\u00f3n y mejorar el desempe\u00f1o.  Conectores: N Hembra.","og_url":"https:\/\/tecplan.com.gt\/en\/product\/filtro-sinclair-modelo-fp20107-3\/","article_modified_time":"2024-07-15T22:13:01+00:00","og_image":[{"width":342,"height":339,"url":"https:\/\/tecplan.com.gt\/wp-content\/uploads\/2024\/07\/9019572det-e1721081389735.jpg","type":"image\/jpeg"}],"twitter_card":"summary_large_image","schema":{"@context":"https:\/\/schema.org","@graph":[{"@type":"WebPage","@id":"https:\/\/tecplan.com.gt\/producto\/filtro-sinclair-modelo-fp20107-3\/","url":"https:\/\/tecplan.com.gt\/producto\/filtro-sinclair-modelo-fp20107-3\/","name":"Filtro SINCLAIR modelo FP20107-3 -","isPartOf":{"@id":"https:\/\/tecplan.com.gt\/#website"},"primaryImageOfPage":{"@id":"https:\/\/tecplan.com.gt\/producto\/filtro-sinclair-modelo-fp20107-3\/#primaryimage"},"image":{"@id":"https:\/\/tecplan.com.gt\/producto\/filtro-sinclair-modelo-fp20107-3\/#primaryimage"},"thumbnailUrl":"\/wp-content\/uploads\/2024\/07\/9019572det-e1721081389735.jpg","datePublished":"2024-07-15T22:01:35+00:00","dateModified":"2024-07-15T22:13:01+00:00","breadcrumb":{"@id":"https:\/\/tecplan.com.gt\/producto\/filtro-sinclair-modelo-fp20107-3\/#breadcrumb"},"inLanguage":"en-US","potentialAction":[{"@type":"ReadAction","target":["https:\/\/tecplan.com.gt\/producto\/filtro-sinclair-modelo-fp20107-3\/"]}]},{"@type":"ImageObject","inLanguage":"en-US","@id":"https:\/\/tecplan.com.gt\/producto\/filtro-sinclair-modelo-fp20107-3\/#primaryimage","url":"\/wp-content\/uploads\/2024\/07\/9019572det-e1721081389735.jpg","contentUrl":"\/wp-content\/uploads\/2024\/07\/9019572det-e1721081389735.jpg","width":342,"height":339},{"@type":"BreadcrumbList","@id":"https:\/\/tecplan.com.gt\/producto\/filtro-sinclair-modelo-fp20107-3\/#breadcrumb","itemListElement":[{"@type":"ListItem","position":1,"name":"Portada","item":"https:\/\/tecplan.com.gt\/"},{"@type":"ListItem","position":2,"name":"Productos","item":"https:\/\/tecplan.com.gt\/shop\/"},{"@type":"ListItem","position":3,"name":"Filtro SINCLAIR modelo FP20107-3"}]},{"@type":"WebSite","@id":"https:\/\/tecplan.com.gt\/#website","url":"https:\/\/tecplan.com.gt\/","name":"Tecplan Argentina","description":"Tecnolog\u00edas y equipos de telecomunicaciones","publisher":{"@id":"https:\/\/tecplan.com.gt\/#organization"},"potentialAction":[{"@type":"SearchAction","target":{"@type":"EntryPoint","urlTemplate":"https:\/\/tecplan.com.gt\/?s={search_term_string}"},"query-input":{"@type":"PropertyValueSpecification","valueRequired":true,"valueName":"search_term_string"}}],"inLanguage":"en-US"},{"@type":"Organization","@id":"https:\/\/tecplan.com.gt\/#organization","name":"Tecplan Argentina","url":"https:\/\/tecplan.com.gt\/","logo":{"@type":"ImageObject","inLanguage":"en-US","@id":"https:\/\/tecplan.com.gt\/#\/schema\/logo\/image\/","url":"\/wp-content\/uploads\/2023\/03\/logo-tecplan.gif","contentUrl":"\/wp-content\/uploads\/2023\/03\/logo-tecplan.gif","width":1920,"height":486,"caption":"Tecplan Argentina"},"image":{"@id":"https:\/\/tecplan.com.gt\/#\/schema\/logo\/image\/"}}]}},"_links":{"self":[{"href":"https:\/\/tecplan.com.gt\/en\/wp-json\/wp\/v2\/product\/8533"}],"collection":[{"href":"https:\/\/tecplan.com.gt\/en\/wp-json\/wp\/v2\/product"}],"about":[{"href":"https:\/\/tecplan.com.gt\/en\/wp-json\/wp\/v2\/types\/product"}],"replies":[{"embeddable":true,"href":"https:\/\/tecplan.com.gt\/en\/wp-json\/wp\/v2\/comments?post=8533"}],"version-history":[{"count":16,"href":"https:\/\/tecplan.com.gt\/en\/wp-json\/wp\/v2\/product\/8533\/revisions"}],"predecessor-version":[{"id":8552,"href":"https:\/\/tecplan.com.gt\/en\/wp-json\/wp\/v2\/product\/8533\/revisions\/8552"}],"wp:featuredmedia":[{"embeddable":true,"href":"https:\/\/tecplan.com.gt\/en\/wp-json\/wp\/v2\/media\/8534"}],"wp:attachment":[{"href":"https:\/\/tecplan.com.gt\/en\/wp-json\/wp\/v2\/media?parent=8533"}],"wp:term":[{"taxonomy":"product_brand","embeddable":true,"href":"https:\/\/tecplan.com.gt\/en\/wp-json\/wp\/v2\/product_brand?post=8533"},{"taxonomy":"product_cat","embeddable":true,"href":"https:\/\/tecplan.com.gt\/en\/wp-json\/wp\/v2\/product_cat?post=8533"},{"taxonomy":"product_tag","embeddable":true,"href":"https:\/\/tecplan.com.gt\/en\/wp-json\/wp\/v2\/product_tag?post=8533"}],"curies":[{"name":"wp","href":"https:\/\/api.w.org\/{rel}","templated":true}]}}