{"id":8929,"date":"2024-10-10T11:56:17","date_gmt":"2024-10-10T17:56:17","guid":{"rendered":"https:\/\/tecplan.com.gt\/?post_type=product&#038;p=8929"},"modified":"2024-10-10T12:22:43","modified_gmt":"2024-10-10T18:22:43","slug":"grandstream-grp2624-telefono-ip-con-wifi-y-bluethooth-2","status":"publish","type":"product","link":"https:\/\/tecplan.com.gt\/en\/product\/grandstream-grp2624-telefono-ip-con-wifi-y-bluethooth-2\/","title":{"rendered":"Grandstream GRP2624 \u2013 IP Phone with Wifi and Bluetooth"},"content":{"rendered":"<p><strong>characteristics:<\/strong><\/p>\n<ul>\n<li>8 lines, 4 SIP accounts.<\/li>\n<\/ul>\n<ul>\n<li>Compatible with GDMS, which provides a centralized interface to configure, provision, manage and monitor Grandstream devices.<\/li>\n<\/ul>\n<ul>\n<li>Built-in Bluetooth for connecting headphones, syncing contacts, calendars and more.<\/li>\n<\/ul>\n<ul>\n<li>Full-duplex speakerphone with HD audio to maximize audio quality and clarity.<\/li>\n<\/ul>\n<ul>\n<li>Equipped with noise shielding technology to minimize background noise.<\/li>\n<\/ul>\n<ul>\n<li>10\/100\/1000Mbps auto-sensing, dual-switched Gigabit Ethernet ports with integrated PoE.<\/li>\n<\/ul>\n<ul>\n<li>Supports 5-way audio conferencing for easy conference calls.<\/li>\n<\/ul>\n<ul>\n<li>Enterprise-grade protection including secure boot, dual firmware images, and encryption.<\/li>\n<\/ul>\n<ul>\n<li>Interchangeable faceplate to allow easy storage of logo customization data.<\/li>\n<\/ul>\n<p>&nbsp;<\/p>\n<p>&nbsp;<\/p>","protected":false},"excerpt":{"rendered":"<p><strong>Grandstream GRP2624 \u2013 IP Phone with Wifi and Bluetooth<\/strong><\/p>\n<p style=\"text-align: justify;\">The GRP2624 is a professional 8-line carrier-grade IP phone with built-in PoE and Wi-Fi, designed to deliver zero-touch provisioning, a sleek design, and next-generation features for enterprises, service providers, and high-volume markets. Part of the GRP Series of carrier-grade IP phones, the GRP2624 is a professional 8-line model designed with zero-touch provisioning for mass deployment and easy management. It features a sleek design and a next-generation feature set including: 5-way voice conferencing to maximize productivity, built-in Wi-Fi, Bluetooth support, Full HD audio on both the speakerphone and handset for ultimate clarity, EHS support for Plantronics Headsets, and USB support for Grandstream\u2019s GUV Series headsets.<\/p>","protected":false},"featured_media":2286,"comment_status":"open","ping_status":"closed","template":"","meta":{"site-sidebar-layout":"default","site-content-layout":"","ast-site-content-layout":"default","site-content-style":"default","site-sidebar-style":"default","ast-global-header-display":"","ast-banner-title-visibility":"","ast-main-header-display":"","ast-hfb-above-header-display":"","ast-hfb-below-header-display":"","ast-hfb-mobile-header-display":"","site-post-title":"disabled","ast-breadcrumbs-content":"","ast-featured-img":"disabled","footer-sml-layout":"","theme-transparent-header-meta":"default","adv-header-id-meta":"","stick-header-meta":"","header-above-stick-meta":"","header-main-stick-meta":"","header-below-stick-meta":"","astra-migrate-meta-layouts":"set","ast-page-background-enabled":"default","ast-page-background-meta":{"desktop":{"background-color":"var(--ast-global-color-4)","background-image":"","background-repeat":"repeat","background-position":"center center","background-size":"auto","background-attachment":"scroll","background-type":"","background-media":"","overlay-type":"","overlay-color":"","overlay-opacity":"","overlay-gradient":""},"tablet":{"background-color":"","background-image":"","background-repeat":"repeat","background-position":"center center","background-size":"auto","background-attachment":"scroll","background-type":"","background-media":"","overlay-type":"","overlay-color":"","overlay-opacity":"","overlay-gradient":""},"mobile":{"background-color":"","background-image":"","background-repeat":"repeat","background-position":"center center","background-size":"auto","background-attachment":"scroll","background-type":"","background-media":"","overlay-type":"","overlay-color":"","overlay-opacity":"","overlay-gradient":""}},"ast-content-background-meta":{"desktop":{"background-color":"var(--ast-global-color-5)","background-image":"","background-repeat":"repeat","background-position":"center center","background-size":"auto","background-attachment":"scroll","background-type":"","background-media":"","overlay-type":"","overlay-color":"","overlay-opacity":"","overlay-gradient":""},"tablet":{"background-color":"var(--ast-global-color-5)","background-image":"","background-repeat":"repeat","background-position":"center center","background-size":"auto","background-attachment":"scroll","background-type":"","background-media":"","overlay-type":"","overlay-color":"","overlay-opacity":"","overlay-gradient":""},"mobile":{"background-color":"var(--ast-global-color-5)","background-image":"","background-repeat":"repeat","background-position":"center center","background-size":"auto","background-attachment":"scroll","background-type":"","background-media":"","overlay-type":"","overlay-color":"","overlay-opacity":"","overlay-gradient":""}}},"product_brand":[],"product_cat":[81,41],"product_tag":[65],"class_list":{"0":"post-8929","1":"product","2":"type-product","3":"status-publish","4":"has-post-thumbnail","6":"product_cat-comunicacion","7":"product_cat-grandstream","8":"product_tag-grandstream","9":"desktop-align-left","10":"tablet-align-left","11":"mobile-align-left","13":"first","14":"instock","15":"shipping-taxable","16":"product-type-simple"},"yoast_head":"<!-- This site is optimized with the Yoast SEO plugin v24.6 - https:\/\/yoast.com\/wordpress\/plugins\/seo\/ -->\n<title>Grandstream GRP2624 - Tel\u00e9fono IP con Wifi y Bluethooth -<\/title>\n<meta name=\"robots\" content=\"index, follow, max-snippet:-1, max-image-preview:large, max-video-preview:-1\" \/>\n<link rel=\"canonical\" href=\"https:\/\/tecplan.com.gt\/en\/product\/grandstream-grp2624-telefono-ip-con-wifi-y-bluethooth-2\/\" \/>\n<meta property=\"og:locale\" content=\"en_US\" \/>\n<meta property=\"og:type\" content=\"article\" \/>\n<meta property=\"og:title\" content=\"Grandstream GRP2624 - Tel\u00e9fono IP con Wifi y Bluethooth -\" \/>\n<meta property=\"og:description\" content=\"Grandstream GRP2624 - Tel\u00e9fono IP con Wifi y Bluethooth El GRP2624 es un tel\u00e9fono IP profesional de nivel de operador de 8 l\u00edneas con PoE y Wi-Fi integrado, dise\u00f1ado para ofrecer aprovisionamiento sin intervenci\u00f3n, un dise\u00f1o elegante y funciones de pr\u00f3xima generaci\u00f3n para empresas, proveedores de servicios y mercados de gran volumen. Como parte de la serie GRP de tel\u00e9fonos IP de nivel de operador, el GRP2624 es un modelo profesional de 8 l\u00edneas dise\u00f1ado con aprovisionamiento sin intervenci\u00f3n para una implementaci\u00f3n masiva y una gesti\u00f3n sencilla. Cuenta con un dise\u00f1o elegante y un conjunto de caracter\u00edsticas de pr\u00f3xima generaci\u00f3n que incluyen: conferencias de voz de 5 v\u00edas para maximizar la productividad, Wi-Fi integrado, compatibilidad con Bluetooth, audio Full HD tanto en el altavoz como en el tel\u00e9fono para brindar la m\u00e1xima claridad, compatibilidad con EHS para Auriculares Plantronics y USB compatibles con los auriculares de la serie GUV de Grandstream. .\" \/>\n<meta property=\"og:url\" content=\"https:\/\/tecplan.com.gt\/en\/product\/grandstream-grp2624-telefono-ip-con-wifi-y-bluethooth-2\/\" \/>\n<meta property=\"article:modified_time\" content=\"2024-10-10T18:22:43+00:00\" \/>\n<meta property=\"og:image\" content=\"https:\/\/tecplan.com.gt\/wp-content\/uploads\/2023\/03\/grandstream-grp2624-telefono-ip-con-wifi-y-bluethooth.jpg\" \/>\n\t<meta property=\"og:image:width\" content=\"910\" \/>\n\t<meta property=\"og:image:height\" content=\"1080\" \/>\n\t<meta property=\"og:image:type\" content=\"image\/jpeg\" \/>\n<meta name=\"twitter:card\" content=\"summary_large_image\" \/>\n<meta name=\"twitter:label1\" content=\"Est. reading time\" \/>\n\t<meta name=\"twitter:data1\" content=\"1 minute\" \/>\n<script type=\"application\/ld+json\" class=\"yoast-schema-graph\">{\"@context\":\"https:\/\/schema.org\",\"@graph\":[{\"@type\":\"WebPage\",\"@id\":\"https:\/\/tecplan.com.gt\/producto\/grandstream-grp2624-telefono-ip-con-wifi-y-bluethooth-2\/\",\"url\":\"https:\/\/tecplan.com.gt\/producto\/grandstream-grp2624-telefono-ip-con-wifi-y-bluethooth-2\/\",\"name\":\"Grandstream GRP2624 - Tel\u00e9fono IP con Wifi y Bluethooth -\",\"isPartOf\":{\"@id\":\"https:\/\/tecplan.com.gt\/#website\"},\"primaryImageOfPage\":{\"@id\":\"https:\/\/tecplan.com.gt\/producto\/grandstream-grp2624-telefono-ip-con-wifi-y-bluethooth-2\/#primaryimage\"},\"image\":{\"@id\":\"https:\/\/tecplan.com.gt\/producto\/grandstream-grp2624-telefono-ip-con-wifi-y-bluethooth-2\/#primaryimage\"},\"thumbnailUrl\":\"\/wp-content\/uploads\/2023\/03\/grandstream-grp2624-telefono-ip-con-wifi-y-bluethooth.jpg\",\"datePublished\":\"2024-10-10T17:56:17+00:00\",\"dateModified\":\"2024-10-10T18:22:43+00:00\",\"breadcrumb\":{\"@id\":\"https:\/\/tecplan.com.gt\/producto\/grandstream-grp2624-telefono-ip-con-wifi-y-bluethooth-2\/#breadcrumb\"},\"inLanguage\":\"en-US\",\"potentialAction\":[{\"@type\":\"ReadAction\",\"target\":[\"https:\/\/tecplan.com.gt\/producto\/grandstream-grp2624-telefono-ip-con-wifi-y-bluethooth-2\/\"]}]},{\"@type\":\"ImageObject\",\"inLanguage\":\"en-US\",\"@id\":\"https:\/\/tecplan.com.gt\/producto\/grandstream-grp2624-telefono-ip-con-wifi-y-bluethooth-2\/#primaryimage\",\"url\":\"\/wp-content\/uploads\/2023\/03\/grandstream-grp2624-telefono-ip-con-wifi-y-bluethooth.jpg\",\"contentUrl\":\"\/wp-content\/uploads\/2023\/03\/grandstream-grp2624-telefono-ip-con-wifi-y-bluethooth.jpg\",\"width\":910,\"height\":1080},{\"@type\":\"BreadcrumbList\",\"@id\":\"https:\/\/tecplan.com.gt\/producto\/grandstream-grp2624-telefono-ip-con-wifi-y-bluethooth-2\/#breadcrumb\",\"itemListElement\":[{\"@type\":\"ListItem\",\"position\":1,\"name\":\"Portada\",\"item\":\"https:\/\/tecplan.com.gt\/\"},{\"@type\":\"ListItem\",\"position\":2,\"name\":\"Productos\",\"item\":\"https:\/\/tecplan.com.gt\/shop\/\"},{\"@type\":\"ListItem\",\"position\":3,\"name\":\"Grandstream GRP2624 &#8211; Tel\u00e9fono IP con Wifi y Bluethooth\"}]},{\"@type\":\"WebSite\",\"@id\":\"https:\/\/tecplan.com.gt\/#website\",\"url\":\"https:\/\/tecplan.com.gt\/\",\"name\":\"Tecplan Argentina\",\"description\":\"Tecnolog\u00edas y equipos de telecomunicaciones\",\"publisher\":{\"@id\":\"https:\/\/tecplan.com.gt\/#organization\"},\"potentialAction\":[{\"@type\":\"SearchAction\",\"target\":{\"@type\":\"EntryPoint\",\"urlTemplate\":\"https:\/\/tecplan.com.gt\/?s={search_term_string}\"},\"query-input\":{\"@type\":\"PropertyValueSpecification\",\"valueRequired\":true,\"valueName\":\"search_term_string\"}}],\"inLanguage\":\"en-US\"},{\"@type\":\"Organization\",\"@id\":\"https:\/\/tecplan.com.gt\/#organization\",\"name\":\"Tecplan Argentina\",\"url\":\"https:\/\/tecplan.com.gt\/\",\"logo\":{\"@type\":\"ImageObject\",\"inLanguage\":\"en-US\",\"@id\":\"https:\/\/tecplan.com.gt\/#\/schema\/logo\/image\/\",\"url\":\"\/wp-content\/uploads\/2023\/03\/logo-tecplan.gif\",\"contentUrl\":\"\/wp-content\/uploads\/2023\/03\/logo-tecplan.gif\",\"width\":1920,\"height\":486,\"caption\":\"Tecplan Argentina\"},\"image\":{\"@id\":\"https:\/\/tecplan.com.gt\/#\/schema\/logo\/image\/\"}}]}<\/script>\n<!-- \/ Yoast SEO plugin. -->","yoast_head_json":{"title":"Grandstream GRP2624 - Tel\u00e9fono IP con Wifi y Bluethooth -","robots":{"index":"index","follow":"follow","max-snippet":"max-snippet:-1","max-image-preview":"max-image-preview:large","max-video-preview":"max-video-preview:-1"},"canonical":"https:\/\/tecplan.com.gt\/en\/product\/grandstream-grp2624-telefono-ip-con-wifi-y-bluethooth-2\/","og_locale":"en_US","og_type":"article","og_title":"Grandstream GRP2624 - Tel\u00e9fono IP con Wifi y Bluethooth -","og_description":"Grandstream GRP2624 - Tel\u00e9fono IP con Wifi y Bluethooth El GRP2624 es un tel\u00e9fono IP profesional de nivel de operador de 8 l\u00edneas con PoE y Wi-Fi integrado, dise\u00f1ado para ofrecer aprovisionamiento sin intervenci\u00f3n, un dise\u00f1o elegante y funciones de pr\u00f3xima generaci\u00f3n para empresas, proveedores de servicios y mercados de gran volumen. Como parte de la serie GRP de tel\u00e9fonos IP de nivel de operador, el GRP2624 es un modelo profesional de 8 l\u00edneas dise\u00f1ado con aprovisionamiento sin intervenci\u00f3n para una implementaci\u00f3n masiva y una gesti\u00f3n sencilla. Cuenta con un dise\u00f1o elegante y un conjunto de caracter\u00edsticas de pr\u00f3xima generaci\u00f3n que incluyen: conferencias de voz de 5 v\u00edas para maximizar la productividad, Wi-Fi integrado, compatibilidad con Bluetooth, audio Full HD tanto en el altavoz como en el tel\u00e9fono para brindar la m\u00e1xima claridad, compatibilidad con EHS para Auriculares Plantronics y USB compatibles con los auriculares de la serie GUV de Grandstream. .","og_url":"https:\/\/tecplan.com.gt\/en\/product\/grandstream-grp2624-telefono-ip-con-wifi-y-bluethooth-2\/","article_modified_time":"2024-10-10T18:22:43+00:00","og_image":[{"width":910,"height":1080,"url":"https:\/\/tecplan.com.gt\/wp-content\/uploads\/2023\/03\/grandstream-grp2624-telefono-ip-con-wifi-y-bluethooth.jpg","type":"image\/jpeg"}],"twitter_card":"summary_large_image","twitter_misc":{"Est. reading time":"1 minute"},"schema":{"@context":"https:\/\/schema.org","@graph":[{"@type":"WebPage","@id":"https:\/\/tecplan.com.gt\/producto\/grandstream-grp2624-telefono-ip-con-wifi-y-bluethooth-2\/","url":"https:\/\/tecplan.com.gt\/producto\/grandstream-grp2624-telefono-ip-con-wifi-y-bluethooth-2\/","name":"Grandstream GRP2624 - Tel\u00e9fono IP con Wifi y Bluethooth -","isPartOf":{"@id":"https:\/\/tecplan.com.gt\/#website"},"primaryImageOfPage":{"@id":"https:\/\/tecplan.com.gt\/producto\/grandstream-grp2624-telefono-ip-con-wifi-y-bluethooth-2\/#primaryimage"},"image":{"@id":"https:\/\/tecplan.com.gt\/producto\/grandstream-grp2624-telefono-ip-con-wifi-y-bluethooth-2\/#primaryimage"},"thumbnailUrl":"\/wp-content\/uploads\/2023\/03\/grandstream-grp2624-telefono-ip-con-wifi-y-bluethooth.jpg","datePublished":"2024-10-10T17:56:17+00:00","dateModified":"2024-10-10T18:22:43+00:00","breadcrumb":{"@id":"https:\/\/tecplan.com.gt\/producto\/grandstream-grp2624-telefono-ip-con-wifi-y-bluethooth-2\/#breadcrumb"},"inLanguage":"en-US","potentialAction":[{"@type":"ReadAction","target":["https:\/\/tecplan.com.gt\/producto\/grandstream-grp2624-telefono-ip-con-wifi-y-bluethooth-2\/"]}]},{"@type":"ImageObject","inLanguage":"en-US","@id":"https:\/\/tecplan.com.gt\/producto\/grandstream-grp2624-telefono-ip-con-wifi-y-bluethooth-2\/#primaryimage","url":"\/wp-content\/uploads\/2023\/03\/grandstream-grp2624-telefono-ip-con-wifi-y-bluethooth.jpg","contentUrl":"\/wp-content\/uploads\/2023\/03\/grandstream-grp2624-telefono-ip-con-wifi-y-bluethooth.jpg","width":910,"height":1080},{"@type":"BreadcrumbList","@id":"https:\/\/tecplan.com.gt\/producto\/grandstream-grp2624-telefono-ip-con-wifi-y-bluethooth-2\/#breadcrumb","itemListElement":[{"@type":"ListItem","position":1,"name":"Portada","item":"https:\/\/tecplan.com.gt\/"},{"@type":"ListItem","position":2,"name":"Productos","item":"https:\/\/tecplan.com.gt\/shop\/"},{"@type":"ListItem","position":3,"name":"Grandstream GRP2624 &#8211; Tel\u00e9fono IP con Wifi y Bluethooth"}]},{"@type":"WebSite","@id":"https:\/\/tecplan.com.gt\/#website","url":"https:\/\/tecplan.com.gt\/","name":"Tecplan Argentina","description":"Tecnolog\u00edas y equipos de telecomunicaciones","publisher":{"@id":"https:\/\/tecplan.com.gt\/#organization"},"potentialAction":[{"@type":"SearchAction","target":{"@type":"EntryPoint","urlTemplate":"https:\/\/tecplan.com.gt\/?s={search_term_string}"},"query-input":{"@type":"PropertyValueSpecification","valueRequired":true,"valueName":"search_term_string"}}],"inLanguage":"en-US"},{"@type":"Organization","@id":"https:\/\/tecplan.com.gt\/#organization","name":"Tecplan Argentina","url":"https:\/\/tecplan.com.gt\/","logo":{"@type":"ImageObject","inLanguage":"en-US","@id":"https:\/\/tecplan.com.gt\/#\/schema\/logo\/image\/","url":"\/wp-content\/uploads\/2023\/03\/logo-tecplan.gif","contentUrl":"\/wp-content\/uploads\/2023\/03\/logo-tecplan.gif","width":1920,"height":486,"caption":"Tecplan Argentina"},"image":{"@id":"https:\/\/tecplan.com.gt\/#\/schema\/logo\/image\/"}}]}},"_links":{"self":[{"href":"https:\/\/tecplan.com.gt\/en\/wp-json\/wp\/v2\/product\/8929"}],"collection":[{"href":"https:\/\/tecplan.com.gt\/en\/wp-json\/wp\/v2\/product"}],"about":[{"href":"https:\/\/tecplan.com.gt\/en\/wp-json\/wp\/v2\/types\/product"}],"replies":[{"embeddable":true,"href":"https:\/\/tecplan.com.gt\/en\/wp-json\/wp\/v2\/comments?post=8929"}],"version-history":[{"count":13,"href":"https:\/\/tecplan.com.gt\/en\/wp-json\/wp\/v2\/product\/8929\/revisions"}],"predecessor-version":[{"id":8931,"href":"https:\/\/tecplan.com.gt\/en\/wp-json\/wp\/v2\/product\/8929\/revisions\/8931"}],"wp:featuredmedia":[{"embeddable":true,"href":"https:\/\/tecplan.com.gt\/en\/wp-json\/wp\/v2\/media\/2286"}],"wp:attachment":[{"href":"https:\/\/tecplan.com.gt\/en\/wp-json\/wp\/v2\/media?parent=8929"}],"wp:term":[{"taxonomy":"product_brand","embeddable":true,"href":"https:\/\/tecplan.com.gt\/en\/wp-json\/wp\/v2\/product_brand?post=8929"},{"taxonomy":"product_cat","embeddable":true,"href":"https:\/\/tecplan.com.gt\/en\/wp-json\/wp\/v2\/product_cat?post=8929"},{"taxonomy":"product_tag","embeddable":true,"href":"https:\/\/tecplan.com.gt\/en\/wp-json\/wp\/v2\/product_tag?post=8929"}],"curies":[{"name":"wp","href":"https:\/\/api.w.org\/{rel}","templated":true}]}}